{"id":1878,"date":"2017-01-26T11:22:29","date_gmt":"2017-01-26T17:22:29","guid":{"rendered":"http:\/\/nebraskadem.wpenginepowered.com\/?page_id=1878"},"modified":"2020-09-29T09:28:54","modified_gmt":"2020-09-29T14:28:54","slug":"elected-officers","status":"publish","type":"page","link":"http:\/\/nebraskademocrats.org\/es\/elected-officers\/","title":{"rendered":"Oficiales electos"},"content":{"rendered":"<p>Los oficiales electos de nuestro partido representan a nuestro estado en las reuniones del Comit\u00e9 Nacional Dem\u00f3crata, llevan el mensaje de los dem\u00f3cratas a todo el estado y son los l\u00edderes del partido.<\/p>\n<p>Los oficiales se eligen cada dos a\u00f1os en la Convenci\u00f3n Estatal.<\/p>\n<p>Jane Kleeb, presidenta y miembro del DNC<br \/>\nEmail: <a href=\"mailto:Jane@NebraskaDemocrats.org\">Jane@NebraskaDemocrats.org<\/a><br \/>\nAcerca de Jane:\u00a0<a href=\"https:\/\/nebraskadem.wpenginepowered.com\/janekleeb\/\">https:\/\/nebraskadem.wpenginepowered.com\/janekleeb\/<\/a><\/p>\n<p>Richard Register, primer presidente asociado y miembro del DNC<br \/>\nEmail: <a href=\"mailto:Richard@NebraskaDemocrats.org\">Richard@NebraskaDemocrats.org<\/a><\/p>\n<p>Preston Love, Jr., segundo presidente asociado<br \/>\nEmail:\u00a0<a href=\"mailto:prestonlovejr@gmail.com\">prestonlovejr@gmail.com<\/a><\/p>\n<p>Charlene Ligon, CommitteeWoman y miembro del DNC<br \/>\nEmail: <a href=\"mailto:Patty@NebraskaDemocrats.org\">charlene.ligon@NebraskaDemocrats.org<\/a><\/p>\n<p>Ron Kaminski, CommitteeMan y miembro del DNC<br \/>\nEmail:\u00a0<a href=\"mailto:Ron@NebraskaDemocrats.org\">Ron@NebraskaDemocrats.org<\/a><\/p>\n<p>&nbsp;<\/p>","protected":false},"excerpt":{"rendered":"<p>The elected officers of our party represent our state at the Democratic National Committee meetings, carry the message of Democrats across our state and are the leaders of the party. Officers are elected every two years at the State Convention. Jane Kleeb, Chair and DNC Member Email: Jane@NebraskaDemocrats.org About Jane:\u00a0https:\/\/nebraskadem.wpenginepowered.com\/janekleeb\/ Richard Register, First Associate Chair &#8230; <a title=\"Oficiales electos\" class=\"read-more\" href=\"http:\/\/nebraskademocrats.org\/es\/elected-officers\/\" aria-label=\"More on Elected Officers\">Lee mas<\/a><\/p>","protected":false},"author":7,"featured_media":0,"parent":0,"menu_order":0,"comment_status":"closed","ping_status":"closed","template":"","meta":{"_acf_changed":false,"_exactmetrics_skip_tracking":false,"_exactmetrics_sitenote_active":false,"_exactmetrics_sitenote_note":"","_exactmetrics_sitenote_category":0,"footnotes":""},"class_list":["post-1878","page","type-page","status-publish"],"acf":[],"yoast_head":"<!-- This site is optimized with the Yoast SEO plugin v27.3 - https:\/\/yoast.com\/product\/yoast-seo-wordpress\/ -->\n<title>Elected Officers &#8211; Nebraska Democratic Party<\/title>\n<meta name=\"robots\" content=\"index, follow, max-snippet:-1, max-image-preview:large, max-video-preview:-1\" \/>\n<link rel=\"canonical\" href=\"https:\/\/nebraskademocrats.org\/es\/elected-officers\/\" \/>\n<meta property=\"og:locale\" content=\"es_MX\" \/>\n<meta property=\"og:type\" content=\"article\" \/>\n<meta property=\"og:title\" content=\"Elected Officers &#8211; Nebraska Democratic Party\" \/>\n<meta property=\"og:description\" content=\"The elected officers of our party represent our state at the Democratic National Committee meetings, carry the message of Democrats across our state and are the leaders of the party. Officers are elected every two years at the State Convention. Jane Kleeb, Chair and DNC Member Email: Jane@NebraskaDemocrats.org About Jane:\u00a0https:\/\/nebraskadem.wpenginepowered.com\/janekleeb\/ Richard Register, First Associate Chair ... Read more\" \/>\n<meta property=\"og:url\" content=\"https:\/\/nebraskademocrats.org\/es\/elected-officers\/\" \/>\n<meta property=\"og:site_name\" content=\"Nebraska Democratic Party\" \/>\n<meta property=\"article:publisher\" content=\"https:\/\/www.facebook.com\/NebraskaDemocraticParty\/\" \/>\n<meta property=\"article:modified_time\" content=\"2020-09-29T14:28:54+00:00\" \/>\n<meta property=\"og:image\" content=\"https:\/\/nebraskademocrats.org\/wp-content\/uploads\/2018\/09\/ne-dems-fb.jpg\" \/>\n\t<meta property=\"og:image:width\" content=\"1200\" \/>\n\t<meta property=\"og:image:height\" content=\"630\" \/>\n\t<meta property=\"og:image:type\" content=\"image\/jpeg\" \/>\n<meta name=\"twitter:card\" content=\"summary_large_image\" \/>\n<meta name=\"twitter:site\" content=\"@nebraskadems\" \/>\n<meta name=\"twitter:label1\" content=\"Tiempo de lectura\" \/>\n\t<meta name=\"twitter:data1\" content=\"1 minuto\" \/>\n<script type=\"application\/ld+json\" class=\"yoast-schema-graph\">{\"@context\":\"https:\\\/\\\/schema.org\",\"@graph\":[{\"@type\":\"WebPage\",\"@id\":\"https:\\\/\\\/nebraskademocrats.org\\\/elected-officers\\\/\",\"url\":\"https:\\\/\\\/nebraskademocrats.org\\\/elected-officers\\\/\",\"name\":\"Elected Officers &#8211; Nebraska Democratic Party\",\"isPartOf\":{\"@id\":\"https:\\\/\\\/nebraskademocrats.org\\\/#website\"},\"datePublished\":\"2017-01-26T17:22:29+00:00\",\"dateModified\":\"2020-09-29T14:28:54+00:00\",\"breadcrumb\":{\"@id\":\"https:\\\/\\\/nebraskademocrats.org\\\/elected-officers\\\/#breadcrumb\"},\"inLanguage\":\"es\",\"potentialAction\":[{\"@type\":\"ReadAction\",\"target\":[\"https:\\\/\\\/nebraskademocrats.org\\\/elected-officers\\\/\"]}]},{\"@type\":\"BreadcrumbList\",\"@id\":\"https:\\\/\\\/nebraskademocrats.org\\\/elected-officers\\\/#breadcrumb\",\"itemListElement\":[{\"@type\":\"ListItem\",\"position\":1,\"name\":\"Home\",\"item\":\"https:\\\/\\\/nebraskademocrats.org\\\/\"},{\"@type\":\"ListItem\",\"position\":2,\"name\":\"Elected Officers\"}]},{\"@type\":\"WebSite\",\"@id\":\"https:\\\/\\\/nebraskademocrats.org\\\/#website\",\"url\":\"https:\\\/\\\/nebraskademocrats.org\\\/\",\"name\":\"Nebraska Democratic Party\",\"description\":\"Growing the Good Life for All Nebraskans\",\"publisher\":{\"@id\":\"https:\\\/\\\/nebraskademocrats.org\\\/#organization\"},\"potentialAction\":[{\"@type\":\"SearchAction\",\"target\":{\"@type\":\"EntryPoint\",\"urlTemplate\":\"https:\\\/\\\/nebraskademocrats.org\\\/?s={search_term_string}\"},\"query-input\":{\"@type\":\"PropertyValueSpecification\",\"valueRequired\":true,\"valueName\":\"search_term_string\"}}],\"inLanguage\":\"es\"},{\"@type\":\"Organization\",\"@id\":\"https:\\\/\\\/nebraskademocrats.org\\\/#organization\",\"name\":\"Nebraska Democratic Party\",\"url\":\"https:\\\/\\\/nebraskademocrats.org\\\/\",\"logo\":{\"@type\":\"ImageObject\",\"inLanguage\":\"es\",\"@id\":\"https:\\\/\\\/nebraskademocrats.org\\\/#\\\/schema\\\/logo\\\/image\\\/\",\"url\":\"https:\\\/\\\/nebraskadem.wpenginepowered.com\\\/wp-content\\\/uploads\\\/2016\\\/05\\\/NDP2.jpg\",\"contentUrl\":\"https:\\\/\\\/nebraskadem.wpenginepowered.com\\\/wp-content\\\/uploads\\\/2016\\\/05\\\/NDP2.jpg\",\"width\":1000,\"height\":396,\"caption\":\"Nebraska Democratic Party\"},\"image\":{\"@id\":\"https:\\\/\\\/nebraskademocrats.org\\\/#\\\/schema\\\/logo\\\/image\\\/\"},\"sameAs\":[\"https:\\\/\\\/www.facebook.com\\\/NebraskaDemocraticParty\\\/\",\"https:\\\/\\\/x.com\\\/nebraskadems\"]}]}<\/script>\n<!-- \/ Yoast SEO plugin. -->","yoast_head_json":{"title":"Elected Officers &#8211; Nebraska Democratic Party","robots":{"index":"index","follow":"follow","max-snippet":"max-snippet:-1","max-image-preview":"max-image-preview:large","max-video-preview":"max-video-preview:-1"},"canonical":"https:\/\/nebraskademocrats.org\/es\/elected-officers\/","og_locale":"es_MX","og_type":"article","og_title":"Elected Officers &#8211; Nebraska Democratic Party","og_description":"The elected officers of our party represent our state at the Democratic National Committee meetings, carry the message of Democrats across our state and are the leaders of the party. Officers are elected every two years at the State Convention. Jane Kleeb, Chair and DNC Member Email: Jane@NebraskaDemocrats.org About Jane:\u00a0https:\/\/nebraskadem.wpenginepowered.com\/janekleeb\/ Richard Register, First Associate Chair ... Read more","og_url":"https:\/\/nebraskademocrats.org\/es\/elected-officers\/","og_site_name":"Nebraska Democratic Party","article_publisher":"https:\/\/www.facebook.com\/NebraskaDemocraticParty\/","article_modified_time":"2020-09-29T14:28:54+00:00","og_image":[{"width":1200,"height":630,"url":"https:\/\/nebraskademocrats.org\/wp-content\/uploads\/2018\/09\/ne-dems-fb.jpg","type":"image\/jpeg"}],"twitter_card":"summary_large_image","twitter_site":"@nebraskadems","twitter_misc":{"Tiempo de lectura":"1 minuto"},"schema":{"@context":"https:\/\/schema.org","@graph":[{"@type":"WebPage","@id":"https:\/\/nebraskademocrats.org\/elected-officers\/","url":"https:\/\/nebraskademocrats.org\/elected-officers\/","name":"Elected Officers &#8211; Nebraska Democratic Party","isPartOf":{"@id":"https:\/\/nebraskademocrats.org\/#website"},"datePublished":"2017-01-26T17:22:29+00:00","dateModified":"2020-09-29T14:28:54+00:00","breadcrumb":{"@id":"https:\/\/nebraskademocrats.org\/elected-officers\/#breadcrumb"},"inLanguage":"es","potentialAction":[{"@type":"ReadAction","target":["https:\/\/nebraskademocrats.org\/elected-officers\/"]}]},{"@type":"BreadcrumbList","@id":"https:\/\/nebraskademocrats.org\/elected-officers\/#breadcrumb","itemListElement":[{"@type":"ListItem","position":1,"name":"Home","item":"https:\/\/nebraskademocrats.org\/"},{"@type":"ListItem","position":2,"name":"Elected Officers"}]},{"@type":"WebSite","@id":"https:\/\/nebraskademocrats.org\/#website","url":"https:\/\/nebraskademocrats.org\/","name":"Partido Dem\u00f3crata de Nebraska","description":"Cultivando la buena vida para todos los nebraskenses","publisher":{"@id":"https:\/\/nebraskademocrats.org\/#organization"},"potentialAction":[{"@type":"SearchAction","target":{"@type":"EntryPoint","urlTemplate":"https:\/\/nebraskademocrats.org\/?s={search_term_string}"},"query-input":{"@type":"PropertyValueSpecification","valueRequired":true,"valueName":"search_term_string"}}],"inLanguage":"es"},{"@type":"Organization","@id":"https:\/\/nebraskademocrats.org\/#organization","name":"Partido Dem\u00f3crata de Nebraska","url":"https:\/\/nebraskademocrats.org\/","logo":{"@type":"ImageObject","inLanguage":"es","@id":"https:\/\/nebraskademocrats.org\/#\/schema\/logo\/image\/","url":"https:\/\/nebraskadem.wpenginepowered.com\/wp-content\/uploads\/2016\/05\/NDP2.jpg","contentUrl":"https:\/\/nebraskadem.wpenginepowered.com\/wp-content\/uploads\/2016\/05\/NDP2.jpg","width":1000,"height":396,"caption":"Nebraska Democratic Party"},"image":{"@id":"https:\/\/nebraskademocrats.org\/#\/schema\/logo\/image\/"},"sameAs":["https:\/\/www.facebook.com\/NebraskaDemocraticParty\/","https:\/\/x.com\/nebraskadems"]}]}},"_links":{"self":[{"href":"http:\/\/nebraskademocrats.org\/es\/wp-json\/wp\/v2\/pages\/1878","targetHints":{"allow":["GET"]}}],"collection":[{"href":"http:\/\/nebraskademocrats.org\/es\/wp-json\/wp\/v2\/pages"}],"about":[{"href":"http:\/\/nebraskademocrats.org\/es\/wp-json\/wp\/v2\/types\/page"}],"author":[{"embeddable":true,"href":"http:\/\/nebraskademocrats.org\/es\/wp-json\/wp\/v2\/users\/7"}],"replies":[{"embeddable":true,"href":"http:\/\/nebraskademocrats.org\/es\/wp-json\/wp\/v2\/comments?post=1878"}],"version-history":[{"count":0,"href":"http:\/\/nebraskademocrats.org\/es\/wp-json\/wp\/v2\/pages\/1878\/revisions"}],"wp:attachment":[{"href":"http:\/\/nebraskademocrats.org\/es\/wp-json\/wp\/v2\/media?parent=1878"}],"curies":[{"name":"wp","href":"https:\/\/api.w.org\/{rel}","templated":true}]}}