{"id":38,"date":"2016-05-20T19:05:42","date_gmt":"2016-05-20T19:05:42","guid":{"rendered":"http:\/\/nebraska.precisionnewmedia.com\/?page_id=38"},"modified":"2023-02-25T14:54:21","modified_gmt":"2023-02-25T20:54:21","slug":"letter-to-the-editor","status":"publish","type":"page","link":"http:\/\/nebraskademocrats.org\/es\/letter-to-the-editor\/","title":{"rendered":"Carta al editor"},"content":{"rendered":"<div data-elementor-type=\"wp-page\" data-elementor-id=\"38\" class=\"elementor elementor-38\" data-elementor-post-type=\"page\">\n\t\t\t\t\t\t<section class=\"elementor-section elementor-top-section elementor-element elementor-element-21f8bcd8 elementor-section-boxed elementor-section-height-default elementor-section-height-default\" data-id=\"21f8bcd8\" data-element_type=\"section\" data-e-type=\"section\">\n\t\t\t\t\t\t<div class=\"elementor-container elementor-column-gap-default\">\n\t\t\t\t\t<div class=\"elementor-column elementor-col-100 elementor-top-column elementor-element elementor-element-3e7bc72d\" data-id=\"3e7bc72d\" data-element_type=\"column\" data-e-type=\"column\">\n\t\t\t<div class=\"elementor-widget-wrap elementor-element-populated\">\n\t\t\t\t\t\t<div class=\"elementor-element elementor-element-2144bc6a elementor-widget elementor-widget-text-editor\" data-id=\"2144bc6a\" data-element_type=\"widget\" data-e-type=\"widget\" data-widget_type=\"text-editor.default\">\n\t\t\t\t<div class=\"elementor-widget-container\">\n\t\t\t\t\t\t\t\t\t<p>Escribir una carta al editor es una excelente manera de expresar su opini\u00f3n y apoyo a nuestros candidatos, temas y al Partido Dem\u00f3crata en todo Nebraska.<\/p>\n<p>Enviar una carta al editor es f\u00e1cil.<\/p>\n<p>Al hacer clic en los enlaces a continuaci\u00f3n, puede enviar una carta al editor de algunas de las publicaciones de mayor circulaci\u00f3n en Nebraska.<\/p>\n<p><a href=\"https:\/\/beatricedailysun.com\/forms\/contact\/letter_to_the_editor\/\"><strong>segundo<\/strong><strong>come arroz<\/strong><\/a><\/p>\n<p><strong><a href=\"https:\/\/www.hastingstribune.com\/site\/forms\/online_services\/letter_editor\/\">Hastings<\/a><\/strong><\/p>\n<p><strong><a href=\"https:\/\/www.theindependent.com\/site\/forms\/online_services\/letter\/\">Grand Island<\/a><\/strong><\/p>\n<p><strong><a href=\"https:\/\/www.yorknewstimes.com\/site\/forms\/online_services\/letter\/letter_editor\/\">York<\/a><\/strong><\/p>\n<p><strong><a href=\"https:\/\/www.kearneyhub.com\/submission_forms\/letter_to_editor\/\">Kearney<\/a><\/strong><\/p>\n<p><strong><a href=\"https:\/\/www.nptelegraph.com\/site\/forms\/online_services\/letter_editor\">North Platte<\/a><\/strong><\/p>\n<p><strong><a href=\"https:\/\/www.mccookgazette.com\/story\/1671987.html\">McCook<\/a><\/strong><\/p>\n<p><strong><a href=\"https:\/\/www.starherald.com\/site\/forms\/online_services\/letter_editor\/\">Scottsbluff<\/a><\/strong><\/p>\n<p><strong><a href=\"https:\/\/norfolkdailynews.com\/site\/forms\/online_services\/letter\/letter_editor\/\">Norfolk<\/a><\/strong><\/p>\n<p><strong><a href=\"https:\/\/www.omaha.com\/site\/forms\/public_pulse\/\">Omaha<\/a><\/strong><\/p>\n<p><strong><a href=\"http:\/\/www.suntelegraph.com\/contact\">Sidney<\/a><\/strong><\/p>\n<p><strong><a href=\"https:\/\/www.alliancetimes.com\/site\/forms\/online_services\/letter_editor\/\">Alianza<\/a><\/strong><\/p>\n<p><strong><a href=\"https:\/\/journalstar.com\/forms\/online_services\/letter\/\">Lincoln<\/a><\/strong><\/p>\n<p>\u00bfNo encuentra el peri\u00f3dico que busca?<\/p>\n<p>Para obtener una lista completa de la informaci\u00f3n de contacto de otros <a href=\"http:\/\/www.usnpl.com\/nenews.php\">Publicaciones diarias y semanales en Nebraska visitan este enlace.<\/a><\/p>\n<p><strong>Consejos b\u00e1sicos para LTE<\/strong><\/p>\n<p>Empiece con un comienzo pegadizo y exprese claramente su punto en el primer p\u00e1rrafo.<\/p>\n<p>Los art\u00edculos tienen diferentes pautas, que se publican en sus sitios web. La mayor\u00eda requiere que guardes<strong><em> tu carta a 200-300 palabras<\/em><\/strong><strong><strong><em>.<\/em><\/strong><\/strong><\/p>\n<p>Exprese los hechos, pero no abuse de los n\u00fameros. Las cartas que explican por qu\u00e9 usted personalmente se opone a un proyecto de ley o aboga por un problema ayudan al lector a conectarse con usted m\u00e1s que si solo cita n\u00fameros.<\/p>\n<p><a href=\"http:\/\/www.nea.org\/home\/19683.htm\">M\u00e1s consejos del grupo aliado NEA.<\/a><\/p><p>Estos consejos del&nbsp;<a href=\"https:\/\/www.aclu.org\/other\/tips-writing-letter-editor\">ACLU<\/a>&nbsp;son una gran gu\u00eda para escribir cartas al editor.<\/p><ul><li>Sea breve y sobre un tema. Muchos peri\u00f3dicos tienen l\u00edmites estrictos en cuanto a la longitud de las cartas y tienen un espacio limitado para publicarlas. Mantener su carta breve ayudar\u00e1 a garantizar que el peri\u00f3dico no elimine los puntos importantes. Utilizar el&nbsp;<a href=\"https:\/\/www.aclu.org\/other\/tips-writing-your-elected-officials\">\u201cConsejos para escribir a sus funcionarios electos\u201d<\/a>&nbsp;como gu\u00eda.<\/li><li>Hazlo legible. No es necesario que tu carta sea elegante, pero debes usar una computadora si tu letra es dif\u00edcil de leer.<\/li><li>Env\u00ede tambi\u00e9n cartas a los peri\u00f3dicos comunitarios semanales. Cuanto menor sea la circulaci\u00f3n del peri\u00f3dico, m\u00e1s f\u00e1cil ser\u00e1 imprimir su carta.<\/li><li style=\"text-align: left;\">Asegurese de incluir su informaci\u00f3n de contacto. Muchos peri\u00f3dicos solo imprimir\u00e1n una carta al editor despu\u00e9s de llamar al autor para verificar su identidad y direcci\u00f3n. Los peri\u00f3dicos no dar\u00e1n esa informaci\u00f3n y, por lo general, solo imprimir\u00e1n su nombre y ciudad si se publica su carta.<\/li><\/ul><h3 style=\"font-style: normal;\"><span style=\"font-weight: 700;\">Modelo de carta n. \u00b0 1<\/span><\/h3><p>Estimado editor:<\/p><p>Me preocupa, y usted tambi\u00e9n deber\u00eda estarlo, que el Partido Republicano proponga nuevamente que Nebraska vuelva al m\u00e9todo en el que el ganador se lo lleva todo para asignar los votos del Colegio Electoral.<\/p><p>S\u00f3lo Nebraska y Maine dividieron sus votos electorales: el ganador de la carrera por la presidencia obtuvo el voto en cada uno de nuestros tres distritos electorales, y los otros dos fueron para el ganador a nivel estatal.&nbsp;<\/p><div class=\"lee-article-text\">El modelo de Nebraska de otorgar votos electorales honra los principios de los padres fundadores.<\/div><div id=\"tncms-region-article_instory_middle\" class=\"tncms-region hidden-print\"><div id=\"tncms-block-1727966\" class=\"tncms-block\"><p>El Partido Republicano de Nebraska ha intentado cambiar este sistema durante los \u00faltimos ocho a\u00f1os y ha fracasado debido a los esfuerzos de legisladores sensatos y grupos c\u00edvicos como la ACLU y Civic Nebraska.<\/p><p>El esfuerzo actual del Partido Republicano y la senadora Julie Slama debe fracasar nuevamente.<\/p><p>Sinceramente,<\/p><\/div><\/div><div>Tu nombre<\/div><div>Habla a<br>N\u00famero de tel\u00e9fono<\/div><div><\/div><div><h3><span style=\"font-weight: 700;\">Modelo de carta n. \u00b0 2<\/span><\/h3><\/div><p>Estimado editor:<\/p><p>Bien bien bien. Al igual que un reloj, el Partido Republicano de Nebraska est\u00e1 una vez m\u00e1s tratando de meternos una medida de identificaci\u00f3n de votantes.<\/p><p>La senadora estatal Julie Slama present\u00f3 una propuesta de enmienda constitucional en la Legislatura que, si es aprobada por los votantes, requerir\u00eda una identificaci\u00f3n con fotograf\u00eda para votar.<\/p><p>Este esfuerzo no surgi\u00f3 por casualidad. Estas medidas de identificaci\u00f3n de votantes son parte de un esfuerzo incesante del Partido Republicano en todo el pa\u00eds para socavar d\u00e9cadas de progreso en materia de derechos de voto.<\/p><p>Las leyes de identificaci\u00f3n de votantes privan a muchos votantes de su derecho al voto, reducen la participaci\u00f3n y se oponen directamente a la tendencia de nuestro pa\u00eds de incluir a m\u00e1s estadounidenses en el proceso democr\u00e1tico.<\/p><div id=\"tncms-region-article_instory_middle\" class=\"tncms-region hidden-print\"><div id=\"tncms-block-1727966\" class=\"tncms-block\">Eso es justo lo que quiere el Partido Republicano.<\/div><\/div><div>Sinceramente,<\/div><div><p>Tu nombre<br>Habla a<br>N\u00famero de tel\u00e9fono<\/p><\/div>\n<p><img fetchpriority=\"high\" decoding=\"async\" class=\"aligncenter wp-image-2570 size-large\" src=\"https:\/\/nebraskademocrats.org\/wp-content\/uploads\/2016\/05\/NEDEMS_TownhallPosters-13x19-701x1024.png\" alt=\"\" width=\"701\" height=\"1024\" srcset=\"https:\/\/nebraskademocrats.org\/wp-content\/uploads\/2016\/05\/NEDEMS_TownhallPosters-13x19-701x1024.png 701w, https:\/\/nebraskademocrats.org\/wp-content\/uploads\/2016\/05\/NEDEMS_TownhallPosters-13x19-205x300.png 205w, https:\/\/nebraskademocrats.org\/wp-content\/uploads\/2016\/05\/NEDEMS_TownhallPosters-13x19-768x1122.png 768w, https:\/\/nebraskademocrats.org\/wp-content\/uploads\/2016\/05\/NEDEMS_TownhallPosters-13x19.png 1872w\" sizes=\"(max-width: 701px) 100vw, 701px\" \/><\/p>\n<p><\/p>\t\t\t\t\t\t\t\t<\/div>\n\t\t\t\t<\/div>\n\t\t\t\t\t<\/div>\n\t\t<\/div>\n\t\t\t\t\t<\/div>\n\t\t<\/section>\n\t\t\t\t<\/div>","protected":false},"excerpt":{"rendered":"<p>Writing a letter to the editor is a great way to voice your opinion and support for our candidates, issues, and the Democratic Party throughout Nebraska. Submitting a Letter to the Editor is easy. By clicking the links below you can submit a letter to the editor to some of the most widely circulated publications &#8230; <a title=\"Carta al editor\" class=\"read-more\" href=\"http:\/\/nebraskademocrats.org\/es\/letter-to-the-editor\/\" aria-label=\"More on Letter to the Editor\">Lee mas<\/a><\/p>","protected":false},"author":19,"featured_media":0,"parent":0,"menu_order":0,"comment_status":"closed","ping_status":"closed","template":"","meta":{"_acf_changed":false,"_exactmetrics_skip_tracking":false,"_exactmetrics_sitenote_active":false,"_exactmetrics_sitenote_note":"","_exactmetrics_sitenote_category":0,"footnotes":""},"class_list":["post-38","page","type-page","status-publish"],"acf":[],"yoast_head":"<!-- This site is optimized with the Yoast SEO plugin v27.5 - https:\/\/yoast.com\/product\/yoast-seo-wordpress\/ -->\n<title>Letter to the Editor &#8211; Nebraska Democratic Party<\/title>\n<meta name=\"robots\" content=\"index, follow, max-snippet:-1, max-image-preview:large, max-video-preview:-1\" \/>\n<link rel=\"canonical\" href=\"https:\/\/nebraskademocrats.org\/es\/letter-to-the-editor\/\" \/>\n<meta property=\"og:locale\" content=\"es_MX\" \/>\n<meta property=\"og:type\" content=\"article\" \/>\n<meta property=\"og:title\" content=\"Letter to the Editor &#8211; Nebraska Democratic Party\" \/>\n<meta property=\"og:description\" content=\"Writing a letter to the editor is a great way to voice your opinion and support for our candidates, issues, and the Democratic Party throughout Nebraska. Submitting a Letter to the Editor is easy. By clicking the links below you can submit a letter to the editor to some of the most widely circulated publications ... Read more\" \/>\n<meta property=\"og:url\" content=\"https:\/\/nebraskademocrats.org\/es\/letter-to-the-editor\/\" \/>\n<meta property=\"og:site_name\" content=\"Nebraska Democratic Party\" \/>\n<meta property=\"article:publisher\" content=\"https:\/\/www.facebook.com\/NebraskaDemocraticParty\/\" \/>\n<meta property=\"article:modified_time\" content=\"2023-02-25T20:54:21+00:00\" \/>\n<meta property=\"og:image\" content=\"https:\/\/nebraskadem.wpenginepowered.com\/wp-content\/uploads\/2016\/05\/NEDEMS_TownhallPosters-13x19-701x1024.png\" \/>\n<meta name=\"twitter:card\" content=\"summary_large_image\" \/>\n<meta name=\"twitter:site\" content=\"@nebraskadems\" \/>\n<meta name=\"twitter:label1\" content=\"Tiempo de lectura\" \/>\n\t<meta name=\"twitter:data1\" content=\"3 minutos\" \/>\n<script type=\"application\/ld+json\" class=\"yoast-schema-graph\">{\"@context\":\"https:\\\/\\\/schema.org\",\"@graph\":[{\"@type\":\"WebPage\",\"@id\":\"https:\\\/\\\/nebraskademocrats.org\\\/letter-to-the-editor\\\/\",\"url\":\"https:\\\/\\\/nebraskademocrats.org\\\/letter-to-the-editor\\\/\",\"name\":\"Letter to the Editor &#8211; Nebraska Democratic Party\",\"isPartOf\":{\"@id\":\"https:\\\/\\\/nebraskademocrats.org\\\/#website\"},\"primaryImageOfPage\":{\"@id\":\"https:\\\/\\\/nebraskademocrats.org\\\/letter-to-the-editor\\\/#primaryimage\"},\"image\":{\"@id\":\"https:\\\/\\\/nebraskademocrats.org\\\/letter-to-the-editor\\\/#primaryimage\"},\"thumbnailUrl\":\"https:\\\/\\\/nebraskadem.wpenginepowered.com\\\/wp-content\\\/uploads\\\/2016\\\/05\\\/NEDEMS_TownhallPosters-13x19-701x1024.png\",\"datePublished\":\"2016-05-20T19:05:42+00:00\",\"dateModified\":\"2023-02-25T20:54:21+00:00\",\"breadcrumb\":{\"@id\":\"https:\\\/\\\/nebraskademocrats.org\\\/letter-to-the-editor\\\/#breadcrumb\"},\"inLanguage\":\"es\",\"potentialAction\":[{\"@type\":\"ReadAction\",\"target\":[\"https:\\\/\\\/nebraskademocrats.org\\\/letter-to-the-editor\\\/\"]}]},{\"@type\":\"ImageObject\",\"inLanguage\":\"es\",\"@id\":\"https:\\\/\\\/nebraskademocrats.org\\\/letter-to-the-editor\\\/#primaryimage\",\"url\":\"https:\\\/\\\/nebraskadem.wpenginepowered.com\\\/wp-content\\\/uploads\\\/2016\\\/05\\\/NEDEMS_TownhallPosters-13x19-701x1024.png\",\"contentUrl\":\"https:\\\/\\\/nebraskadem.wpenginepowered.com\\\/wp-content\\\/uploads\\\/2016\\\/05\\\/NEDEMS_TownhallPosters-13x19-701x1024.png\"},{\"@type\":\"BreadcrumbList\",\"@id\":\"https:\\\/\\\/nebraskademocrats.org\\\/letter-to-the-editor\\\/#breadcrumb\",\"itemListElement\":[{\"@type\":\"ListItem\",\"position\":1,\"name\":\"Home\",\"item\":\"https:\\\/\\\/nebraskademocrats.org\\\/\"},{\"@type\":\"ListItem\",\"position\":2,\"name\":\"Letter to the Editor\"}]},{\"@type\":\"WebSite\",\"@id\":\"https:\\\/\\\/nebraskademocrats.org\\\/#website\",\"url\":\"https:\\\/\\\/nebraskademocrats.org\\\/\",\"name\":\"Nebraska Democratic Party\",\"description\":\"Growing the Good Life for All Nebraskans\",\"publisher\":{\"@id\":\"https:\\\/\\\/nebraskademocrats.org\\\/#organization\"},\"potentialAction\":[{\"@type\":\"SearchAction\",\"target\":{\"@type\":\"EntryPoint\",\"urlTemplate\":\"https:\\\/\\\/nebraskademocrats.org\\\/?s={search_term_string}\"},\"query-input\":{\"@type\":\"PropertyValueSpecification\",\"valueRequired\":true,\"valueName\":\"search_term_string\"}}],\"inLanguage\":\"es\"},{\"@type\":\"Organization\",\"@id\":\"https:\\\/\\\/nebraskademocrats.org\\\/#organization\",\"name\":\"Nebraska Democratic Party\",\"url\":\"https:\\\/\\\/nebraskademocrats.org\\\/\",\"logo\":{\"@type\":\"ImageObject\",\"inLanguage\":\"es\",\"@id\":\"https:\\\/\\\/nebraskademocrats.org\\\/#\\\/schema\\\/logo\\\/image\\\/\",\"url\":\"https:\\\/\\\/nebraskadem.wpenginepowered.com\\\/wp-content\\\/uploads\\\/2016\\\/05\\\/NDP2.jpg\",\"contentUrl\":\"https:\\\/\\\/nebraskadem.wpenginepowered.com\\\/wp-content\\\/uploads\\\/2016\\\/05\\\/NDP2.jpg\",\"width\":1000,\"height\":396,\"caption\":\"Nebraska Democratic Party\"},\"image\":{\"@id\":\"https:\\\/\\\/nebraskademocrats.org\\\/#\\\/schema\\\/logo\\\/image\\\/\"},\"sameAs\":[\"https:\\\/\\\/www.facebook.com\\\/NebraskaDemocraticParty\\\/\",\"https:\\\/\\\/x.com\\\/nebraskadems\"]}]}<\/script>\n<!-- \/ Yoast SEO plugin. -->","yoast_head_json":{"title":"Letter to the Editor &#8211; Nebraska Democratic Party","robots":{"index":"index","follow":"follow","max-snippet":"max-snippet:-1","max-image-preview":"max-image-preview:large","max-video-preview":"max-video-preview:-1"},"canonical":"https:\/\/nebraskademocrats.org\/es\/letter-to-the-editor\/","og_locale":"es_MX","og_type":"article","og_title":"Letter to the Editor &#8211; Nebraska Democratic Party","og_description":"Writing a letter to the editor is a great way to voice your opinion and support for our candidates, issues, and the Democratic Party throughout Nebraska. Submitting a Letter to the Editor is easy. By clicking the links below you can submit a letter to the editor to some of the most widely circulated publications ... Read more","og_url":"https:\/\/nebraskademocrats.org\/es\/letter-to-the-editor\/","og_site_name":"Nebraska Democratic Party","article_publisher":"https:\/\/www.facebook.com\/NebraskaDemocraticParty\/","article_modified_time":"2023-02-25T20:54:21+00:00","og_image":[{"url":"https:\/\/nebraskadem.wpenginepowered.com\/wp-content\/uploads\/2016\/05\/NEDEMS_TownhallPosters-13x19-701x1024.png","type":"","width":"","height":""}],"twitter_card":"summary_large_image","twitter_site":"@nebraskadems","twitter_misc":{"Tiempo de lectura":"3 minutos"},"schema":{"@context":"https:\/\/schema.org","@graph":[{"@type":"WebPage","@id":"https:\/\/nebraskademocrats.org\/letter-to-the-editor\/","url":"https:\/\/nebraskademocrats.org\/letter-to-the-editor\/","name":"Letter to the Editor &#8211; Nebraska Democratic Party","isPartOf":{"@id":"https:\/\/nebraskademocrats.org\/#website"},"primaryImageOfPage":{"@id":"https:\/\/nebraskademocrats.org\/letter-to-the-editor\/#primaryimage"},"image":{"@id":"https:\/\/nebraskademocrats.org\/letter-to-the-editor\/#primaryimage"},"thumbnailUrl":"https:\/\/nebraskadem.wpenginepowered.com\/wp-content\/uploads\/2016\/05\/NEDEMS_TownhallPosters-13x19-701x1024.png","datePublished":"2016-05-20T19:05:42+00:00","dateModified":"2023-02-25T20:54:21+00:00","breadcrumb":{"@id":"https:\/\/nebraskademocrats.org\/letter-to-the-editor\/#breadcrumb"},"inLanguage":"es","potentialAction":[{"@type":"ReadAction","target":["https:\/\/nebraskademocrats.org\/letter-to-the-editor\/"]}]},{"@type":"ImageObject","inLanguage":"es","@id":"https:\/\/nebraskademocrats.org\/letter-to-the-editor\/#primaryimage","url":"https:\/\/nebraskadem.wpenginepowered.com\/wp-content\/uploads\/2016\/05\/NEDEMS_TownhallPosters-13x19-701x1024.png","contentUrl":"https:\/\/nebraskadem.wpenginepowered.com\/wp-content\/uploads\/2016\/05\/NEDEMS_TownhallPosters-13x19-701x1024.png"},{"@type":"BreadcrumbList","@id":"https:\/\/nebraskademocrats.org\/letter-to-the-editor\/#breadcrumb","itemListElement":[{"@type":"ListItem","position":1,"name":"Home","item":"https:\/\/nebraskademocrats.org\/"},{"@type":"ListItem","position":2,"name":"Letter to the Editor"}]},{"@type":"WebSite","@id":"https:\/\/nebraskademocrats.org\/#website","url":"https:\/\/nebraskademocrats.org\/","name":"Partido Dem\u00f3crata de Nebraska","description":"Cultivando la buena vida para todos los nebraskenses","publisher":{"@id":"https:\/\/nebraskademocrats.org\/#organization"},"potentialAction":[{"@type":"SearchAction","target":{"@type":"EntryPoint","urlTemplate":"https:\/\/nebraskademocrats.org\/?s={search_term_string}"},"query-input":{"@type":"PropertyValueSpecification","valueRequired":true,"valueName":"search_term_string"}}],"inLanguage":"es"},{"@type":"Organization","@id":"https:\/\/nebraskademocrats.org\/#organization","name":"Partido Dem\u00f3crata de Nebraska","url":"https:\/\/nebraskademocrats.org\/","logo":{"@type":"ImageObject","inLanguage":"es","@id":"https:\/\/nebraskademocrats.org\/#\/schema\/logo\/image\/","url":"https:\/\/nebraskadem.wpenginepowered.com\/wp-content\/uploads\/2016\/05\/NDP2.jpg","contentUrl":"https:\/\/nebraskadem.wpenginepowered.com\/wp-content\/uploads\/2016\/05\/NDP2.jpg","width":1000,"height":396,"caption":"Nebraska Democratic Party"},"image":{"@id":"https:\/\/nebraskademocrats.org\/#\/schema\/logo\/image\/"},"sameAs":["https:\/\/www.facebook.com\/NebraskaDemocraticParty\/","https:\/\/x.com\/nebraskadems"]}]}},"_links":{"self":[{"href":"http:\/\/nebraskademocrats.org\/es\/wp-json\/wp\/v2\/pages\/38","targetHints":{"allow":["GET"]}}],"collection":[{"href":"http:\/\/nebraskademocrats.org\/es\/wp-json\/wp\/v2\/pages"}],"about":[{"href":"http:\/\/nebraskademocrats.org\/es\/wp-json\/wp\/v2\/types\/page"}],"author":[{"embeddable":true,"href":"http:\/\/nebraskademocrats.org\/es\/wp-json\/wp\/v2\/users\/19"}],"replies":[{"embeddable":true,"href":"http:\/\/nebraskademocrats.org\/es\/wp-json\/wp\/v2\/comments?post=38"}],"version-history":[{"count":0,"href":"http:\/\/nebraskademocrats.org\/es\/wp-json\/wp\/v2\/pages\/38\/revisions"}],"wp:attachment":[{"href":"http:\/\/nebraskademocrats.org\/es\/wp-json\/wp\/v2\/media?parent=38"}],"curies":[{"name":"wp","href":"https:\/\/api.w.org\/{rel}","templated":true}]}}