{"id":46421,"date":"2024-04-25T22:29:48","date_gmt":"2024-04-26T03:29:48","guid":{"rendered":"https:\/\/nebraskademocrats.org\/?page_id=46421"},"modified":"2025-12-12T11:08:18","modified_gmt":"2025-12-12T17:08:18","slug":"boonecounty","status":"publish","type":"page","link":"http:\/\/nebraskademocrats.org\/es\/boonecounty\/","title":{"rendered":"Boone County Party"},"content":{"rendered":"<div data-elementor-type=\"wp-page\" data-elementor-id=\"46421\" class=\"elementor elementor-46421\" data-elementor-post-type=\"page\">\n\t\t\t\t\t\t<section class=\"elementor-section elementor-top-section elementor-element elementor-element-f236363 elementor-section-boxed elementor-section-height-default elementor-section-height-default\" data-id=\"f236363\" data-element_type=\"section\" data-e-type=\"section\">\n\t\t\t\t\t\t<div class=\"elementor-container elementor-column-gap-default\">\n\t\t\t\t\t<div class=\"elementor-column elementor-col-100 elementor-top-column elementor-element elementor-element-0f322fe\" data-id=\"0f322fe\" data-element_type=\"column\" data-e-type=\"column\">\n\t\t\t<div class=\"elementor-widget-wrap elementor-element-populated\">\n\t\t\t\t\t\t<section class=\"elementor-section elementor-inner-section elementor-element elementor-element-4b0109c elementor-section-boxed elementor-section-height-default elementor-section-height-default\" data-id=\"4b0109c\" data-element_type=\"section\" data-e-type=\"section\">\n\t\t\t\t\t\t<div class=\"elementor-container elementor-column-gap-default\">\n\t\t\t\t\t<div class=\"elementor-column elementor-col-50 elementor-inner-column elementor-element elementor-element-2df0fb8\" data-id=\"2df0fb8\" data-element_type=\"column\" data-e-type=\"column\">\n\t\t\t<div class=\"elementor-widget-wrap elementor-element-populated\">\n\t\t\t\t\t\t<div class=\"elementor-element elementor-element-4a44aee elementor-widget__width-initial elementor-widget elementor-widget-image\" data-id=\"4a44aee\" data-element_type=\"widget\" data-e-type=\"widget\" data-widget_type=\"image.default\">\n\t\t\t\t<div class=\"elementor-widget-container\">\n\t\t\t\t\t\t\t\t\t\t\t\t<figure class=\"wp-caption\">\n\t\t\t\t\t\t\t\t\t\t<img fetchpriority=\"high\" decoding=\"async\" width=\"768\" height=\"768\" src=\"https:\/\/nebraskademocrats.org\/wp-content\/uploads\/2022\/03\/NEBDEMS-SiteGraphics-Donkey-1-768x768.png\" class=\"attachment-medium_large size-medium_large wp-image-36715\" alt=\"\" srcset=\"https:\/\/nebraskademocrats.org\/wp-content\/uploads\/2022\/03\/NEBDEMS-SiteGraphics-Donkey-1-768x768.png 768w, https:\/\/nebraskademocrats.org\/wp-content\/uploads\/2022\/03\/NEBDEMS-SiteGraphics-Donkey-1-300x300.png 300w, https:\/\/nebraskademocrats.org\/wp-content\/uploads\/2022\/03\/NEBDEMS-SiteGraphics-Donkey-1-1024x1024.png 1024w, https:\/\/nebraskademocrats.org\/wp-content\/uploads\/2022\/03\/NEBDEMS-SiteGraphics-Donkey-1-150x150.png 150w, https:\/\/nebraskademocrats.org\/wp-content\/uploads\/2022\/03\/NEBDEMS-SiteGraphics-Donkey-1-12x12.png 12w, https:\/\/nebraskademocrats.org\/wp-content\/uploads\/2022\/03\/NEBDEMS-SiteGraphics-Donkey-1.png 1049w\" sizes=\"(max-width: 768px) 100vw, 768px\" \/>\t\t\t\t\t\t\t\t\t\t\t<figcaption class=\"widget-image-caption wp-caption-text\"><\/figcaption>\n\t\t\t\t\t\t\t\t\t\t<\/figure>\n\t\t\t\t\t\t\t\t\t<\/div>\n\t\t\t\t<\/div>\n\t\t\t\t\t<\/div>\n\t\t<\/div>\n\t\t\t\t<div class=\"elementor-column elementor-col-50 elementor-inner-column elementor-element elementor-element-8bf3f40\" data-id=\"8bf3f40\" data-element_type=\"column\" data-e-type=\"column\">\n\t\t\t<div class=\"elementor-widget-wrap elementor-element-populated\">\n\t\t\t\t\t\t<div class=\"elementor-element elementor-element-305e95e elementor-widget elementor-widget-heading\" data-id=\"305e95e\" data-element_type=\"widget\" data-e-type=\"widget\" data-widget_type=\"heading.default\">\n\t\t\t\t<div class=\"elementor-widget-container\">\n\t\t\t\t\t<h2 class=\"elementor-heading-title elementor-size-default\">Boone County Leadership<\/h2>\t\t\t\t<\/div>\n\t\t\t\t<\/div>\n\t\t\t\t<div class=\"elementor-element elementor-element-c2c4398 elementor-widget elementor-widget-text-editor\" data-id=\"c2c4398\" data-element_type=\"widget\" data-e-type=\"widget\" data-widget_type=\"text-editor.default\">\n\t\t\t\t<div class=\"elementor-widget-container\">\n\t\t\t\t\t\t\t\t\t<ul><li>Connie Dobson &#8211; Chair<\/li><\/ul>\t\t\t\t\t\t\t\t<\/div>\n\t\t\t\t<\/div>\n\t\t\t\t<div class=\"elementor-element elementor-element-1fe9dda elementor-widget elementor-widget-heading\" data-id=\"1fe9dda\" data-element_type=\"widget\" data-e-type=\"widget\" data-widget_type=\"heading.default\">\n\t\t\t\t<div class=\"elementor-widget-container\">\n\t\t\t\t\t<h2 class=\"elementor-heading-title elementor-size-default\">Contact Boone County<\/h2>\t\t\t\t<\/div>\n\t\t\t\t<\/div>\n\t\t\t\t<div class=\"elementor-element elementor-element-225b959 elementor-shape-circle elementor-grid-0 e-grid-align-center elementor-widget elementor-widget-social-icons\" data-id=\"225b959\" data-element_type=\"widget\" data-e-type=\"widget\" data-widget_type=\"social-icons.default\">\n\t\t\t\t<div class=\"elementor-widget-container\">\n\t\t\t\t\t\t\t<div class=\"elementor-social-icons-wrapper elementor-grid\">\n\t\t\t\t\t\t\t<span class=\"elementor-grid-item\">\n\t\t\t\t\t<a class=\"elementor-icon elementor-social-icon elementor-social-icon-envelope elementor-repeater-item-f7a5ac3\" href=\"mailto:%20boonecounty@nebraskademocrats.org\" target=\"_blank\">\n\t\t\t\t\t\t<span class=\"elementor-screen-only\">Sobre<\/span>\n\t\t\t\t\t\t<i aria-hidden=\"true\" class=\"fas fa-envelope\"><\/i>\t\t\t\t\t<\/a>\n\t\t\t\t<\/span>\n\t\t\t\t\t<\/div>\n\t\t\t\t\t\t<\/div>\n\t\t\t\t<\/div>\n\t\t\t\t\t<\/div>\n\t\t<\/div>\n\t\t\t\t\t<\/div>\n\t\t<\/section>\n\t\t\t\t<div class=\"elementor-element elementor-element-09b56a7 elementor-widget-divider--view-line elementor-widget elementor-widget-divider\" data-id=\"09b56a7\" data-element_type=\"widget\" data-e-type=\"widget\" data-widget_type=\"divider.default\">\n\t\t\t\t<div class=\"elementor-widget-container\">\n\t\t\t\t\t\t\t<div class=\"elementor-divider\">\n\t\t\t<span class=\"elementor-divider-separator\">\n\t\t\t\t\t\t<\/span>\n\t\t<\/div>\n\t\t\t\t\t\t<\/div>\n\t\t\t\t<\/div>\n\t\t\t\t<div class=\"elementor-element elementor-element-0733a78 elementor-widget elementor-widget-heading\" data-id=\"0733a78\" data-element_type=\"widget\" data-e-type=\"widget\" data-widget_type=\"heading.default\">\n\t\t\t\t<div class=\"elementor-widget-container\">\n\t\t\t\t\t<h2 class=\"elementor-heading-title elementor-size-default\">Reuniones<\/h2>\t\t\t\t<\/div>\n\t\t\t\t<\/div>\n\t\t\t\t<div class=\"elementor-element elementor-element-39e837c elementor-widget elementor-widget-text-editor\" data-id=\"39e837c\" data-element_type=\"widget\" data-e-type=\"widget\" data-widget_type=\"text-editor.default\">\n\t\t\t\t<div class=\"elementor-widget-container\">\n\t\t\t\t\t\t\t\t\t<p>Las reuniones del condado se realizan en distintos horarios y lugares.\u00a0<\/p>\t\t\t\t\t\t\t\t<\/div>\n\t\t\t\t<\/div>\n\t\t\t\t<div class=\"elementor-element elementor-element-d254937 elementor-widget-divider--view-line elementor-widget elementor-widget-divider\" data-id=\"d254937\" data-element_type=\"widget\" data-e-type=\"widget\" data-widget_type=\"divider.default\">\n\t\t\t\t<div class=\"elementor-widget-container\">\n\t\t\t\t\t\t\t<div class=\"elementor-divider\">\n\t\t\t<span class=\"elementor-divider-separator\">\n\t\t\t\t\t\t<\/span>\n\t\t<\/div>\n\t\t\t\t\t\t<\/div>\n\t\t\t\t<\/div>\n\t\t\t\t<section class=\"elementor-section elementor-inner-section elementor-element elementor-element-75eb6ec elementor-section-boxed elementor-section-height-default elementor-section-height-default\" data-id=\"75eb6ec\" data-element_type=\"section\" data-e-type=\"section\">\n\t\t\t\t\t\t<div class=\"elementor-container elementor-column-gap-default\">\n\t\t\t\t\t<div class=\"elementor-column elementor-col-50 elementor-inner-column elementor-element elementor-element-8d2df38\" data-id=\"8d2df38\" data-element_type=\"column\" data-e-type=\"column\">\n\t\t\t<div class=\"elementor-widget-wrap elementor-element-populated\">\n\t\t\t\t\t\t<div class=\"elementor-element elementor-element-4b79336 elementor-widget elementor-widget-heading\" data-id=\"4b79336\" data-element_type=\"widget\" data-e-type=\"widget\" data-widget_type=\"heading.default\">\n\t\t\t\t<div class=\"elementor-widget-container\">\n\t\t\t\t\t<h2 class=\"elementor-heading-title elementor-size-default\">Become a Boone County Block Captain<\/h2>\t\t\t\t<\/div>\n\t\t\t\t<\/div>\n\t\t\t\t<div class=\"elementor-element elementor-element-f7f35e6 elementor-widget elementor-widget-text-editor\" data-id=\"f7f35e6\" data-element_type=\"widget\" data-e-type=\"widget\" data-widget_type=\"text-editor.default\">\n\t\t\t\t<div class=\"elementor-widget-container\">\n\t\t\t\t\t\t\t\t\t<p>Los capitanes de bloque obtienen una lista de vecinos (dem\u00f3cratas y no partidarios de tendencia moderada a izquierda) para contactar tres veces al a\u00f1o. Se necesitan conversaciones uno a uno para cambiar de opini\u00f3n, y eso es lo que hacen los Block Captains.\u00a0<\/p>\t\t\t\t\t\t\t\t<\/div>\n\t\t\t\t<\/div>\n\t\t\t\t<div class=\"elementor-element elementor-element-9585e85 elementor-button-info elementor-align-center elementor-widget elementor-widget-button\" data-id=\"9585e85\" data-element_type=\"widget\" data-e-type=\"widget\" data-widget_type=\"button.default\">\n\t\t\t\t<div class=\"elementor-widget-container\">\n\t\t\t\t\t\t\t\t\t<div class=\"elementor-button-wrapper\">\n\t\t\t\t\t<a class=\"elementor-button elementor-button-link elementor-size-lg\" href=\"https:\/\/nebraskademocrats.org\/es\/become-a-block-captain\/\">\n\t\t\t\t\t\t<span class=\"elementor-button-content-wrapper\">\n\t\t\t\t\t\t\t\t\t<span class=\"elementor-button-text\">Inf\u00f3rmate y reg\u00edstrate<\/span>\n\t\t\t\t\t<\/span>\n\t\t\t\t\t<\/a>\n\t\t\t\t<\/div>\n\t\t\t\t\t\t\t\t<\/div>\n\t\t\t\t<\/div>\n\t\t\t\t\t<\/div>\n\t\t<\/div>\n\t\t\t\t<div class=\"elementor-column elementor-col-50 elementor-inner-column elementor-element elementor-element-d6dd576\" data-id=\"d6dd576\" data-element_type=\"column\" data-e-type=\"column\">\n\t\t\t<div class=\"elementor-widget-wrap elementor-element-populated\">\n\t\t\t\t\t\t<div class=\"elementor-element elementor-element-86e0578 elementor-widget elementor-widget-image\" data-id=\"86e0578\" data-element_type=\"widget\" data-e-type=\"widget\" data-widget_type=\"image.default\">\n\t\t\t\t<div class=\"elementor-widget-container\">\n\t\t\t\t\t\t\t\t\t\t\t\t\t\t\t<img decoding=\"async\" width=\"1024\" height=\"1024\" src=\"https:\/\/nebraskademocrats.org\/wp-content\/uploads\/2021\/08\/NEBDEMS-SiteGraphics-Country-SQ-1024x1024.png\" class=\"attachment-large size-large wp-image-33994\" alt=\"\" srcset=\"https:\/\/nebraskademocrats.org\/wp-content\/uploads\/2021\/08\/NEBDEMS-SiteGraphics-Country-SQ-1024x1024.png 1024w, https:\/\/nebraskademocrats.org\/wp-content\/uploads\/2021\/08\/NEBDEMS-SiteGraphics-Country-SQ-300x300.png 300w, https:\/\/nebraskademocrats.org\/wp-content\/uploads\/2021\/08\/NEBDEMS-SiteGraphics-Country-SQ-150x150.png 150w, https:\/\/nebraskademocrats.org\/wp-content\/uploads\/2021\/08\/NEBDEMS-SiteGraphics-Country-SQ-768x768.png 768w, https:\/\/nebraskademocrats.org\/wp-content\/uploads\/2021\/08\/NEBDEMS-SiteGraphics-Country-SQ-12x12.png 12w, https:\/\/nebraskademocrats.org\/wp-content\/uploads\/2021\/08\/NEBDEMS-SiteGraphics-Country-SQ.png 1080w\" sizes=\"(max-width: 1024px) 100vw, 1024px\" \/>\t\t\t\t\t\t\t\t\t\t\t\t\t\t\t<\/div>\n\t\t\t\t<\/div>\n\t\t\t\t\t<\/div>\n\t\t<\/div>\n\t\t\t\t\t<\/div>\n\t\t<\/section>\n\t\t\t\t<div class=\"elementor-element elementor-element-d80b024 elementor-widget-divider--view-line elementor-widget elementor-widget-divider\" data-id=\"d80b024\" data-element_type=\"widget\" data-e-type=\"widget\" data-widget_type=\"divider.default\">\n\t\t\t\t<div class=\"elementor-widget-container\">\n\t\t\t\t\t\t\t<div class=\"elementor-divider\">\n\t\t\t<span class=\"elementor-divider-separator\">\n\t\t\t\t\t\t<\/span>\n\t\t<\/div>\n\t\t\t\t\t\t<\/div>\n\t\t\t\t<\/div>\n\t\t\t\t<div class=\"elementor-element elementor-element-6234ee2 elementor-button-info elementor-align-center elementor-widget elementor-widget-button\" data-id=\"6234ee2\" data-element_type=\"widget\" data-e-type=\"widget\" data-widget_type=\"button.default\">\n\t\t\t\t<div class=\"elementor-widget-container\">\n\t\t\t\t\t\t\t\t\t<div class=\"elementor-button-wrapper\">\n\t\t\t\t\t<a class=\"elementor-button elementor-button-link elementor-size-xl\" href=\"https:\/\/nebraskademocrats.org\/es\/democratic-officeholders\/\">\n\t\t\t\t\t\t<span class=\"elementor-button-content-wrapper\">\n\t\t\t\t\t\t\t\t\t<span class=\"elementor-button-text\">Ver todos los dem\u00f3cratas elegidos en todo el estado<\/span>\n\t\t\t\t\t<\/span>\n\t\t\t\t\t<\/a>\n\t\t\t\t<\/div>\n\t\t\t\t\t\t\t\t<\/div>\n\t\t\t\t<\/div>\n\t\t\t\t<div class=\"elementor-element elementor-element-d8ea889 elementor-widget-divider--view-line elementor-widget elementor-widget-divider\" data-id=\"d8ea889\" data-element_type=\"widget\" data-e-type=\"widget\" data-widget_type=\"divider.default\">\n\t\t\t\t<div class=\"elementor-widget-container\">\n\t\t\t\t\t\t\t<div class=\"elementor-divider\">\n\t\t\t<span class=\"elementor-divider-separator\">\n\t\t\t\t\t\t<\/span>\n\t\t<\/div>\n\t\t\t\t\t\t<\/div>\n\t\t\t\t<\/div>\n\t\t\t\t\t<\/div>\n\t\t<\/div>\n\t\t\t\t\t<\/div>\n\t\t<\/section>\n\t\t\t\t<\/div>","protected":false},"excerpt":{"rendered":"<p>Boone County Leadership Connie Dobson &#8211; Chair Contact Boone County Envelope Meetings County meetings are at various times and locations. Become a Boone County Block Captain Block Captains get a list of neighbors (Democrats and moderate to left-leaning nonpartisans) to contact three times each year. It takes one-on-one conversations to change minds, and that&#8217;s what &#8230; <a title=\"Boone County Party\" class=\"read-more\" href=\"http:\/\/nebraskademocrats.org\/es\/boonecounty\/\" aria-label=\"More on Boone County Party\">Lee mas<\/a><\/p>","protected":false},"author":25,"featured_media":0,"parent":0,"menu_order":0,"comment_status":"closed","ping_status":"closed","template":"","meta":{"_acf_changed":false,"_exactmetrics_skip_tracking":false,"_exactmetrics_sitenote_active":false,"_exactmetrics_sitenote_note":"","_exactmetrics_sitenote_category":0,"footnotes":""},"class_list":["post-46421","page","type-page","status-publish"],"acf":[],"yoast_head":"<!-- This site is optimized with the Yoast SEO plugin v27.1.1 - https:\/\/yoast.com\/product\/yoast-seo-wordpress\/ -->\n<title>Boone County Party &#8211; Nebraska Democratic Party<\/title>\n<meta name=\"robots\" content=\"index, follow, max-snippet:-1, max-image-preview:large, max-video-preview:-1\" \/>\n<link rel=\"canonical\" href=\"https:\/\/nebraskademocrats.org\/es\/boonecounty\/\" \/>\n<meta property=\"og:locale\" content=\"es_MX\" \/>\n<meta property=\"og:type\" content=\"article\" \/>\n<meta property=\"og:title\" content=\"Boone County Party &#8211; Nebraska Democratic Party\" \/>\n<meta property=\"og:description\" content=\"Boone County Leadership Connie Dobson &#8211; Chair Contact Boone County Envelope Meetings County meetings are at various times and locations. Become a Boone County Block Captain Block Captains get a list of neighbors (Democrats and moderate to left-leaning nonpartisans) to contact three times each year. It takes one-on-one conversations to change minds, and that&#8217;s what ... Read more\" \/>\n<meta property=\"og:url\" content=\"https:\/\/nebraskademocrats.org\/es\/boonecounty\/\" \/>\n<meta property=\"og:site_name\" content=\"Nebraska Democratic Party\" \/>\n<meta property=\"article:publisher\" content=\"https:\/\/www.facebook.com\/NebraskaDemocraticParty\/\" \/>\n<meta property=\"article:modified_time\" content=\"2025-12-12T17:08:18+00:00\" \/>\n<meta property=\"og:image\" content=\"https:\/\/nebraskademocrats.org\/wp-content\/uploads\/2022\/03\/NEBDEMS-SiteGraphics-Donkey-1-768x768.png\" \/>\n<meta name=\"twitter:card\" content=\"summary_large_image\" \/>\n<meta name=\"twitter:site\" content=\"@nebraskadems\" \/>\n<meta name=\"twitter:label1\" content=\"Tiempo de lectura\" \/>\n\t<meta name=\"twitter:data1\" content=\"1 minuto\" \/>\n<script type=\"application\/ld+json\" class=\"yoast-schema-graph\">{\"@context\":\"https:\/\/schema.org\",\"@graph\":[{\"@type\":\"WebPage\",\"@id\":\"https:\/\/nebraskademocrats.org\/boonecounty\/\",\"url\":\"https:\/\/nebraskademocrats.org\/boonecounty\/\",\"name\":\"Boone County Party &#8211; Nebraska Democratic Party\",\"isPartOf\":{\"@id\":\"https:\/\/nebraskademocrats.org\/#website\"},\"primaryImageOfPage\":{\"@id\":\"https:\/\/nebraskademocrats.org\/boonecounty\/#primaryimage\"},\"image\":{\"@id\":\"https:\/\/nebraskademocrats.org\/boonecounty\/#primaryimage\"},\"thumbnailUrl\":\"https:\/\/nebraskademocrats.org\/wp-content\/uploads\/2022\/03\/NEBDEMS-SiteGraphics-Donkey-1-768x768.png\",\"datePublished\":\"2024-04-26T03:29:48+00:00\",\"dateModified\":\"2025-12-12T17:08:18+00:00\",\"breadcrumb\":{\"@id\":\"https:\/\/nebraskademocrats.org\/boonecounty\/#breadcrumb\"},\"inLanguage\":\"es\",\"potentialAction\":[{\"@type\":\"ReadAction\",\"target\":[\"https:\/\/nebraskademocrats.org\/boonecounty\/\"]}]},{\"@type\":\"ImageObject\",\"inLanguage\":\"es\",\"@id\":\"https:\/\/nebraskademocrats.org\/boonecounty\/#primaryimage\",\"url\":\"https:\/\/nebraskademocrats.org\/wp-content\/uploads\/2022\/03\/NEBDEMS-SiteGraphics-Donkey-1-768x768.png\",\"contentUrl\":\"https:\/\/nebraskademocrats.org\/wp-content\/uploads\/2022\/03\/NEBDEMS-SiteGraphics-Donkey-1-768x768.png\"},{\"@type\":\"BreadcrumbList\",\"@id\":\"https:\/\/nebraskademocrats.org\/boonecounty\/#breadcrumb\",\"itemListElement\":[{\"@type\":\"ListItem\",\"position\":1,\"name\":\"Home\",\"item\":\"https:\/\/nebraskademocrats.org\/\"},{\"@type\":\"ListItem\",\"position\":2,\"name\":\"Boone County Party\"}]},{\"@type\":\"WebSite\",\"@id\":\"https:\/\/nebraskademocrats.org\/#website\",\"url\":\"https:\/\/nebraskademocrats.org\/\",\"name\":\"Nebraska Democratic Party\",\"description\":\"Growing the Good Life for All Nebraskans\",\"publisher\":{\"@id\":\"https:\/\/nebraskademocrats.org\/#organization\"},\"potentialAction\":[{\"@type\":\"SearchAction\",\"target\":{\"@type\":\"EntryPoint\",\"urlTemplate\":\"https:\/\/nebraskademocrats.org\/?s={search_term_string}\"},\"query-input\":{\"@type\":\"PropertyValueSpecification\",\"valueRequired\":true,\"valueName\":\"search_term_string\"}}],\"inLanguage\":\"es\"},{\"@type\":\"Organization\",\"@id\":\"https:\/\/nebraskademocrats.org\/#organization\",\"name\":\"Nebraska Democratic Party\",\"url\":\"https:\/\/nebraskademocrats.org\/\",\"logo\":{\"@type\":\"ImageObject\",\"inLanguage\":\"es\",\"@id\":\"https:\/\/nebraskademocrats.org\/#\/schema\/logo\/image\/\",\"url\":\"https:\/\/nebraskadem.wpenginepowered.com\/wp-content\/uploads\/2016\/05\/NDP2.jpg\",\"contentUrl\":\"https:\/\/nebraskadem.wpenginepowered.com\/wp-content\/uploads\/2016\/05\/NDP2.jpg\",\"width\":1000,\"height\":396,\"caption\":\"Nebraska Democratic Party\"},\"image\":{\"@id\":\"https:\/\/nebraskademocrats.org\/#\/schema\/logo\/image\/\"},\"sameAs\":[\"https:\/\/www.facebook.com\/NebraskaDemocraticParty\/\",\"https:\/\/x.com\/nebraskadems\"]}]}<\/script>\n<!-- \/ Yoast SEO plugin. -->","yoast_head_json":{"title":"Boone County Party &#8211; Nebraska Democratic Party","robots":{"index":"index","follow":"follow","max-snippet":"max-snippet:-1","max-image-preview":"max-image-preview:large","max-video-preview":"max-video-preview:-1"},"canonical":"https:\/\/nebraskademocrats.org\/es\/boonecounty\/","og_locale":"es_MX","og_type":"article","og_title":"Boone County Party &#8211; Nebraska Democratic Party","og_description":"Boone County Leadership Connie Dobson &#8211; Chair Contact Boone County Envelope Meetings County meetings are at various times and locations. Become a Boone County Block Captain Block Captains get a list of neighbors (Democrats and moderate to left-leaning nonpartisans) to contact three times each year. It takes one-on-one conversations to change minds, and that&#8217;s what ... Read more","og_url":"https:\/\/nebraskademocrats.org\/es\/boonecounty\/","og_site_name":"Nebraska Democratic Party","article_publisher":"https:\/\/www.facebook.com\/NebraskaDemocraticParty\/","article_modified_time":"2025-12-12T17:08:18+00:00","og_image":[{"url":"https:\/\/nebraskademocrats.org\/wp-content\/uploads\/2022\/03\/NEBDEMS-SiteGraphics-Donkey-1-768x768.png","type":"","width":"","height":""}],"twitter_card":"summary_large_image","twitter_site":"@nebraskadems","twitter_misc":{"Tiempo de lectura":"1 minuto"},"schema":{"@context":"https:\/\/schema.org","@graph":[{"@type":"WebPage","@id":"https:\/\/nebraskademocrats.org\/boonecounty\/","url":"https:\/\/nebraskademocrats.org\/boonecounty\/","name":"Boone County Party &#8211; Nebraska Democratic Party","isPartOf":{"@id":"https:\/\/nebraskademocrats.org\/#website"},"primaryImageOfPage":{"@id":"https:\/\/nebraskademocrats.org\/boonecounty\/#primaryimage"},"image":{"@id":"https:\/\/nebraskademocrats.org\/boonecounty\/#primaryimage"},"thumbnailUrl":"https:\/\/nebraskademocrats.org\/wp-content\/uploads\/2022\/03\/NEBDEMS-SiteGraphics-Donkey-1-768x768.png","datePublished":"2024-04-26T03:29:48+00:00","dateModified":"2025-12-12T17:08:18+00:00","breadcrumb":{"@id":"https:\/\/nebraskademocrats.org\/boonecounty\/#breadcrumb"},"inLanguage":"es","potentialAction":[{"@type":"ReadAction","target":["https:\/\/nebraskademocrats.org\/boonecounty\/"]}]},{"@type":"ImageObject","inLanguage":"es","@id":"https:\/\/nebraskademocrats.org\/boonecounty\/#primaryimage","url":"https:\/\/nebraskademocrats.org\/wp-content\/uploads\/2022\/03\/NEBDEMS-SiteGraphics-Donkey-1-768x768.png","contentUrl":"https:\/\/nebraskademocrats.org\/wp-content\/uploads\/2022\/03\/NEBDEMS-SiteGraphics-Donkey-1-768x768.png"},{"@type":"BreadcrumbList","@id":"https:\/\/nebraskademocrats.org\/boonecounty\/#breadcrumb","itemListElement":[{"@type":"ListItem","position":1,"name":"Home","item":"https:\/\/nebraskademocrats.org\/"},{"@type":"ListItem","position":2,"name":"Boone County Party"}]},{"@type":"WebSite","@id":"https:\/\/nebraskademocrats.org\/#website","url":"https:\/\/nebraskademocrats.org\/","name":"Partido Dem\u00f3crata de Nebraska","description":"Cultivando la buena vida para todos los nebraskenses","publisher":{"@id":"https:\/\/nebraskademocrats.org\/#organization"},"potentialAction":[{"@type":"SearchAction","target":{"@type":"EntryPoint","urlTemplate":"https:\/\/nebraskademocrats.org\/?s={search_term_string}"},"query-input":{"@type":"PropertyValueSpecification","valueRequired":true,"valueName":"search_term_string"}}],"inLanguage":"es"},{"@type":"Organization","@id":"https:\/\/nebraskademocrats.org\/#organization","name":"Partido Dem\u00f3crata de Nebraska","url":"https:\/\/nebraskademocrats.org\/","logo":{"@type":"ImageObject","inLanguage":"es","@id":"https:\/\/nebraskademocrats.org\/#\/schema\/logo\/image\/","url":"https:\/\/nebraskadem.wpenginepowered.com\/wp-content\/uploads\/2016\/05\/NDP2.jpg","contentUrl":"https:\/\/nebraskadem.wpenginepowered.com\/wp-content\/uploads\/2016\/05\/NDP2.jpg","width":1000,"height":396,"caption":"Nebraska Democratic Party"},"image":{"@id":"https:\/\/nebraskademocrats.org\/#\/schema\/logo\/image\/"},"sameAs":["https:\/\/www.facebook.com\/NebraskaDemocraticParty\/","https:\/\/x.com\/nebraskadems"]}]}},"_links":{"self":[{"href":"http:\/\/nebraskademocrats.org\/es\/wp-json\/wp\/v2\/pages\/46421","targetHints":{"allow":["GET"]}}],"collection":[{"href":"http:\/\/nebraskademocrats.org\/es\/wp-json\/wp\/v2\/pages"}],"about":[{"href":"http:\/\/nebraskademocrats.org\/es\/wp-json\/wp\/v2\/types\/page"}],"author":[{"embeddable":true,"href":"http:\/\/nebraskademocrats.org\/es\/wp-json\/wp\/v2\/users\/25"}],"replies":[{"embeddable":true,"href":"http:\/\/nebraskademocrats.org\/es\/wp-json\/wp\/v2\/comments?post=46421"}],"version-history":[{"count":0,"href":"http:\/\/nebraskademocrats.org\/es\/wp-json\/wp\/v2\/pages\/46421\/revisions"}],"wp:attachment":[{"href":"http:\/\/nebraskademocrats.org\/es\/wp-json\/wp\/v2\/media?parent=46421"}],"curies":[{"name":"wp","href":"https:\/\/api.w.org\/{rel}","templated":true}]}}