{"id":38,"date":"2016-05-20T19:05:42","date_gmt":"2016-05-20T19:05:42","guid":{"rendered":"http:\/\/nebraska.precisionnewmedia.com\/?page_id=38"},"modified":"2023-02-25T14:54:21","modified_gmt":"2023-02-25T20:54:21","slug":"letter-to-the-editor","status":"publish","type":"page","link":"http:\/\/nebraskademocrats.org\/vi\/letter-to-the-editor\/","title":{"rendered":"Th\u01b0 g\u1eedi t\u00f2a so\u1ea1n"},"content":{"rendered":"<div data-elementor-type=\"wp-page\" data-elementor-id=\"38\" class=\"elementor elementor-38\" data-elementor-post-type=\"page\">\n\t\t\t\t\t\t<section class=\"elementor-section elementor-top-section elementor-element elementor-element-21f8bcd8 elementor-section-boxed elementor-section-height-default elementor-section-height-default\" data-id=\"21f8bcd8\" data-element_type=\"section\" data-e-type=\"section\">\n\t\t\t\t\t\t<div class=\"elementor-container elementor-column-gap-default\">\n\t\t\t\t\t<div class=\"elementor-column elementor-col-100 elementor-top-column elementor-element elementor-element-3e7bc72d\" data-id=\"3e7bc72d\" data-element_type=\"column\" data-e-type=\"column\">\n\t\t\t<div class=\"elementor-widget-wrap elementor-element-populated\">\n\t\t\t\t\t\t<div class=\"elementor-element elementor-element-2144bc6a elementor-widget elementor-widget-text-editor\" data-id=\"2144bc6a\" data-element_type=\"widget\" data-e-type=\"widget\" data-widget_type=\"text-editor.default\">\n\t\t\t\t<div class=\"elementor-widget-container\">\n\t\t\t\t\t\t\t\t\t<p>Vi\u1ebft th\u01b0 cho ng\u01b0\u1eddi bi\u00ean t\u1eadp l\u00e0 m\u1ed9t c\u00e1ch tuy\u1ec7t v\u1eddi \u0111\u1ec3 n\u00f3i l\u00ean \u00fd ki\u1ebfn v\u00e0 s\u1ef1 \u1ee7ng h\u1ed9 c\u1ee7a b\u1ea1n \u0111\u1ed1i v\u1edbi c\u00e1c \u1ee9ng c\u1eed vi\u00ean, c\u00e1c v\u1ea5n \u0111\u1ec1 c\u1ee7a ch\u00fang t\u00f4i v\u00e0 \u0110\u1ea3ng D\u00e2n ch\u1ee7 tr\u00ean to\u00e0n Nebraska.<\/p>\n<p>G\u1eedi m\u1ed9t l\u00e1 th\u01b0 cho ng\u01b0\u1eddi bi\u00ean t\u1eadp th\u1eadt d\u1ec5 d\u00e0ng.<\/p>\n<p>B\u1eb1ng c\u00e1ch nh\u1ea5p v\u00e0o c\u00e1c li\u00ean k\u1ebft b\u00ean d\u01b0\u1edbi, b\u1ea1n c\u00f3 th\u1ec3 g\u1eedi th\u01b0 cho ng\u01b0\u1eddi bi\u00ean t\u1eadp cho m\u1ed9t s\u1ed1 \u1ea5n ph\u1ea9m \u0111\u01b0\u1ee3c l\u01b0u h\u00e0nh r\u1ed9ng r\u00e3i nh\u1ea5t \u1edf Nebraska.<\/p>\n<p><a href=\"https:\/\/beatricedailysun.com\/forms\/contact\/letter_to_the_editor\/\"><strong>B<\/strong><strong>\u0103n c\u01a1m<\/strong><\/a><\/p>\n<p><strong><a href=\"https:\/\/www.hastingstribune.com\/site\/forms\/online_services\/letter_editor\/\">Hastings<\/a><\/strong><\/p>\n<p><strong><a href=\"https:\/\/www.theindependent.com\/site\/forms\/online_services\/letter\/\">\u0110\u1ea3o Grand<\/a><\/strong><\/p>\n<p><strong><a href=\"https:\/\/www.yorknewstimes.com\/site\/forms\/online_services\/letter\/letter_editor\/\">York<\/a><\/strong><\/p>\n<p><strong><a href=\"https:\/\/www.kearneyhub.com\/submission_forms\/letter_to_editor\/\">Kearney<\/a><\/strong><\/p>\n<p><strong><a href=\"https:\/\/www.nptelegraph.com\/site\/forms\/online_services\/letter_editor\">North Platte<\/a><\/strong><\/p>\n<p><strong><a href=\"https:\/\/www.mccookgazette.com\/story\/1671987.html\">McCook<\/a><\/strong><\/p>\n<p><strong><a href=\"https:\/\/www.starherald.com\/site\/forms\/online_services\/letter_editor\/\">Scottsbluff<\/a><\/strong><\/p>\n<p><strong><a href=\"https:\/\/norfolkdailynews.com\/site\/forms\/online_services\/letter\/letter_editor\/\">Norfolk<\/a><\/strong><\/p>\n<p><strong><a href=\"https:\/\/www.omaha.com\/site\/forms\/public_pulse\/\">Omaha<\/a><\/strong><\/p>\n<p><strong><a href=\"http:\/\/www.suntelegraph.com\/contact\">Sidney<\/a><\/strong><\/p>\n<p><strong><a href=\"https:\/\/www.alliancetimes.com\/site\/forms\/online_services\/letter_editor\/\">Li\u00ean minh<\/a><\/strong><\/p>\n<p><strong><a href=\"https:\/\/journalstar.com\/forms\/online_services\/letter\/\">Lincoln<\/a><\/strong><\/p>\n<p>Kh\u00f4ng th\u1ec3 t\u00ecm th\u1ea5y t\u1edd b\u00e1o b\u1ea1n \u0111ang t\u00ecm ki\u1ebfm?<\/p>\n<p>\u0110\u1ec3 c\u00f3 danh s\u00e1ch \u0111\u1ea7y \u0111\u1ee7 c\u00e1c th\u00f4ng tin li\u00ean h\u1ec7 kh\u00e1c <a href=\"http:\/\/www.usnpl.com\/nenews.php\">c\u00e1c \u1ea5n ph\u1ea9m h\u00e0ng ng\u00e0y v\u00e0 h\u00e0ng tu\u1ea7n \u1edf Nebraska, h\u00e3y truy c\u1eadp li\u00ean k\u1ebft n\u00e0y.<\/a><\/p>\n<p><strong>M\u1eb9o c\u01a1 b\u1ea3n cho LTE<\/strong><\/p>\n<p>B\u1eaft \u0111\u1ea7u v\u1edbi m\u1ed9t m\u1edf \u0111\u1ea7u h\u1ea5p d\u1eabn v\u00e0 tr\u00ecnh b\u00e0y r\u00f5 r\u00e0ng quan \u0111i\u1ec3m c\u1ee7a b\u1ea1n trong \u0111o\u1ea1n \u0111\u1ea7u ti\u00ean.<\/p>\n<p>C\u00e1c gi\u1ea5y t\u1edd c\u00f3 c\u00e1c h\u01b0\u1edbng d\u1eabn kh\u00e1c nhau, \u0111\u01b0\u1ee3c \u0111\u0103ng tr\u00ean trang web c\u1ee7a h\u1ecd. H\u1ea7u h\u1ebft y\u00eau c\u1ea7u b\u1ea1n ph\u1ea3i gi\u1eef<strong><em> th\u01b0 c\u1ee7a b\u1ea1n 200-300 t\u1eeb<\/em><\/strong><strong><strong><em>.<\/em><\/strong><\/strong><\/p>\n<p>N\u00eau c\u00e1c d\u1eef ki\u1ec7n, nh\u01b0ng \u0111\u1eebng l\u1ea1m d\u1ee5ng c\u00e1c con s\u1ed1. Nh\u1eefng l\u00e1 th\u01b0 gi\u1ea3i th\u00edch l\u00fd do t\u1ea1i sao c\u00e1 nh\u00e2n b\u1ea1n ph\u1ea3n \u0111\u1ed1i d\u1ef1 lu\u1eadt ho\u1eb7c \u1ee7ng h\u1ed9 m\u1ed9t v\u1ea5n \u0111\u1ec1 n\u00e0o \u0111\u00f3 gi\u00fap ng\u01b0\u1eddi \u0111\u1ecdc k\u1ebft n\u1ed1i v\u1edbi b\u1ea1n nhi\u1ec1u h\u01a1n l\u00e0 n\u1ebfu b\u1ea1n ch\u1ec9 tr\u00edch d\u1eabn nh\u1eefng con s\u1ed1.<\/p>\n<p><a href=\"http:\/\/www.nea.org\/home\/19683.htm\">Th\u00eam l\u1eddi khuy\u00ean t\u1eeb nh\u00f3m \u0111\u1ed3ng minh NEA.<\/a><\/p><p>Nh\u1eefng l\u1eddi khuy\u00ean n\u00e0y t\u1eeb&nbsp;<a href=\"https:\/\/www.aclu.org\/other\/tips-writing-letter-editor\">ACLU<\/a>&nbsp;l\u00e0 h\u01b0\u1edbng d\u1eabn tuy\u1ec7t v\u1eddi \u0111\u1ec3 vi\u1ebft th\u01b0 cho ng\u01b0\u1eddi bi\u00ean t\u1eadp.<\/p><ul><li>Gi\u1eef n\u00f3 ng\u1eafn v\u00e0 v\u1ec1 m\u1ed9t ch\u1ee7 \u0111\u1ec1. Nhi\u1ec1u t\u1edd b\u00e1o c\u00f3 gi\u1edbi h\u1ea1n nghi\u00eam ng\u1eb7t v\u1ec1 \u0111\u1ed9 d\u00e0i c\u1ee7a c\u00e1c ch\u1eef c\u00e1i v\u00e0 c\u00f3 kh\u00f4ng gian h\u1ea1n ch\u1ebf \u0111\u1ec3 xu\u1ea5t b\u1ea3n ch\u00fang. Gi\u1eef cho b\u1ee9c th\u01b0 c\u1ee7a b\u1ea1n ng\u1eafn g\u1ecdn s\u1ebd gi\u00fap \u0111\u1ea3m b\u1ea3o r\u1eb1ng nh\u1eefng \u0111i\u1ec3m quan tr\u1ecdng c\u1ee7a b\u1ea1n kh\u00f4ng b\u1ecb t\u1edd b\u00e1o c\u1eaft b\u1ecf. S\u1eed d\u1ee5ng&nbsp;<a href=\"https:\/\/www.aclu.org\/other\/tips-writing-your-elected-officials\">\u201cM\u1eb9o vi\u1ebft th\u01b0 cho c\u00e1c quan ch\u1ee9c \u0111\u1eafc c\u1eed c\u1ee7a b\u1ea1n\u201d<\/a>&nbsp;nh\u01b0 m\u1ed9t h\u01b0\u1edbng d\u1eabn.<\/li><li>L\u00e0m cho n\u00f3 d\u1ec5 \u0111\u1ecdc. Th\u01b0 c\u1ee7a b\u1ea1n kh\u00f4ng c\u1ea7n ph\u1ea3i c\u1ea7u k\u1ef3, nh\u01b0ng b\u1ea1n n\u00ean s\u1eed d\u1ee5ng m\u00e1y t\u00ednh n\u1ebfu ch\u1eef vi\u1ebft tay c\u1ee7a b\u1ea1n kh\u00f3 \u0111\u1ecdc.<\/li><li>G\u1eedi th\u01b0 cho c\u00e1c t\u1edd b\u00e1o c\u1ed9ng \u0111\u1ed3ng h\u00e0ng tu\u1ea7n. S\u1ed1 l\u01b0\u1ee3ng ph\u00e1t h\u00e0nh c\u1ee7a t\u1edd b\u00e1o c\u00e0ng \u00edt th\u00ec th\u01b0 c\u1ee7a b\u1ea1n c\u00e0ng d\u1ec5 \u0111\u01b0\u1ee3c in.<\/li><li style=\"text-align: left;\">H\u00e3y ch\u1eafc ch\u1eafn bao g\u1ed3m th\u00f4ng tin li\u00ean h\u1ec7 c\u1ee7a b\u1ea1n. Nhi\u1ec1u t\u1edd b\u00e1o s\u1ebd ch\u1ec9 in m\u1ed9t l\u00e1 th\u01b0 cho t\u00f2a so\u1ea1n sau khi g\u1ecdi \u0111i\u1ec7n cho t\u00e1c gi\u1ea3 \u0111\u1ec3 x\u00e1c minh danh t\u00ednh v\u00e0 \u0111\u1ecba ch\u1ec9 c\u1ee7a h\u1ecd. B\u00e1o ch\u00ed s\u1ebd kh\u00f4ng \u0111\u01b0a ra th\u00f4ng tin \u0111\u00f3, v\u00e0 th\u01b0\u1eddng s\u1ebd ch\u1ec9 in t\u00ean v\u00e0 th\u00e0nh ph\u1ed1 c\u1ee7a b\u1ea1n n\u1ebfu l\u00e1 th\u01b0 c\u1ee7a b\u1ea1n \u0111\u01b0\u1ee3c xu\u1ea5t b\u1ea3n.<\/li><\/ul><h3 style=\"font-style: normal;\"><span style=\"font-weight: 700;\">M\u1eabu th\u01b0 s\u1ed1 1<\/span><\/h3><p>K\u00ednh g\u1eedi Ban bi\u00ean t\u1eadp:<\/p><p>T\u00f4i b\u0103n kho\u0103n \u2014 v\u00e0 b\u1ea1n c\u0169ng n\u00ean nh\u01b0 v\u1eady \u2014 r\u1eb1ng GOP m\u1ed9t l\u1ea7n n\u1eefa \u0111ang \u0111\u1ec1 xu\u1ea5t s\u1ebd \u0111\u01b0a Nebraska tr\u1edf l\u1ea1i ph\u01b0\u01a1ng ph\u00e1p ph\u00e2n b\u1ed5 phi\u1ebfu b\u1ea7u c\u1ee7a \u0110\u1ea1i c\u1eed tri \u0111o\u00e0n ng\u01b0\u1eddi chi\u1ebfn th\u1eafng \u0111\u01b0\u1ee3c t\u1ea5t c\u1ea3.<\/p><p>Ch\u1ec9 c\u00f3 Nebraska v\u00e0 Maine chia phi\u1ebfu \u0111\u1ea1i c\u1eed tri c\u1ee7a h\u1ecd \u2014 v\u1edbi ng\u01b0\u1eddi chi\u1ebfn th\u1eafng trong cu\u1ed9c \u0111ua t\u1ed5ng th\u1ed1ng nh\u1eadn \u0111\u01b0\u1ee3c phi\u1ebfu b\u1ea7u \u1edf m\u1ed7i ho\u1eb7c ba khu v\u1ef1c qu\u1ed1c h\u1ed9i c\u1ee7a ch\u00fang t\u00f4i v\u00e0 hai khu v\u1ef1c c\u00f2n l\u1ea1i s\u1ebd thu\u1ed9c v\u1ec1 ng\u01b0\u1eddi chi\u1ebfn th\u1eafng tr\u00ean to\u00e0n ti\u1ec3u bang.&nbsp;<\/p><div class=\"lee-article-text\">M\u00f4 h\u00ecnh Nebraska trao phi\u1ebfu \u0111\u1ea1i c\u1eed tri t\u00f4n vinh c\u00e1c nguy\u00ean t\u1eafc c\u1ee7a nh\u1eefng ng\u01b0\u1eddi cha s\u00e1ng l\u1eadp.<\/div><div id=\"tncms-region-article_instory_middle\" class=\"tncms-region hidden-print\"><div id=\"tncms-block-1727966\" class=\"tncms-block\"><p>\u0110\u1ea3ng C\u1ed9ng h\u00f2a Nebraska \u0111\u00e3 c\u1ed1 g\u1eafng thay \u0111\u1ed5i h\u1ec7 th\u1ed1ng n\u00e0y trong t\u00e1m n\u0103m qua v\u00e0 \u0111\u00e3 th\u1ea5t b\u1ea1i v\u00ec n\u1ed7 l\u1ef1c c\u1ee7a c\u00e1c nh\u00e0 l\u1eadp ph\u00e1p v\u00e0 nh\u00f3m c\u00f4ng d\u00e2n \u0111\u1ee9ng \u0111\u1ea7u nh\u01b0 ACLU v\u00e0 Civic Nebraska.<\/p><p>N\u1ed7 l\u1ef1c hi\u1ec7n t\u1ea1i c\u1ee7a GOP v\u00e0 Th\u01b0\u1ee3ng ngh\u1ecb s\u0129 Julie Slama c\u1ea7n ph\u1ea3i th\u1ea5t b\u1ea1i m\u1ed9t l\u1ea7n n\u1eefa.<\/p><p>Tr\u00e2n tr\u1ecdng,<\/p><\/div><\/div><div>T\u00ean c\u1ee7a b\u1ea1n<\/div><div>\u0110\u1ecba ch\u1ec9<br>S\u1ed1 \u0111i\u1ec7n tho\u1ea1i<\/div><div><\/div><div><h3><span style=\"font-weight: 700;\">M\u1eabu th\u01b0 s\u1ed1 2<\/span><\/h3><\/div><p>K\u00ednh g\u1eedi Ban bi\u00ean t\u1eadp:<\/p><p>T\u1ed1t t\u1ed1t t\u1ed1t. C\u0169ng gi\u1ed1ng nh\u01b0 kim \u0111\u1ed3ng h\u1ed3, Nebraska GOP m\u1ed9t l\u1ea7n n\u1eefa c\u1ed1 g\u1eafng \u0111\u1ea9y s\u1ed1 \u0111o ID c\u1eed tri xu\u1ed1ng c\u1ed5 h\u1ecdng c\u1ee7a ch\u00fang t\u00f4i.<\/p><p>Th\u01b0\u1ee3ng ngh\u1ecb s\u0129 bang Julie Slama \u0111\u00e3 \u0111\u01b0a ra \u0111\u1ec1 xu\u1ea5t s\u1eeda \u0111\u1ed5i hi\u1ebfn ph\u00e1p trong C\u01a1 quan l\u1eadp ph\u00e1p, n\u1ebfu \u0111\u01b0\u1ee3c c\u1eed tri th\u00f4ng qua, s\u1ebd y\u00eau c\u1ea7u gi\u1ea5y t\u1edd t\u00f9y th\u00e2n c\u00f3 \u1ea3nh \u0111\u1ec3 b\u1ecf phi\u1ebfu.<\/p><p>N\u1ed7 l\u1ef1c n\u00e0y kh\u00f4ng ch\u1ec9 x\u1ea3y ra. C\u00e1c bi\u1ec7n ph\u00e1p ID c\u1eed tri n\u00e0y l\u00e0 m\u1ed9t ph\u1ea7n trong n\u1ed7 l\u1ef1c kh\u00f4ng ng\u1eebng c\u1ee7a GOP tr\u00ean to\u00e0n qu\u1ed1c nh\u1eb1m l\u00e0m suy y\u1ebfu ti\u1ebfn b\u1ed9 h\u00e0ng th\u1eadp k\u1ef7 v\u1ec1 quy\u1ec1n b\u1ea7u c\u1eed.<\/p><p>Lu\u1eadt ID c\u1eed tri t\u01b0\u1edbc quy\u1ec1n b\u1ea7u c\u1eed c\u1ee7a nhi\u1ec1u c\u1eed tri, gi\u1ea3m b\u1edbt s\u1ef1 tham gia v\u00e0 \u0111\u1ed1i l\u1eadp tr\u1ef1c ti\u1ebfp v\u1edbi xu h\u01b0\u1edbng thu h\u00fat nhi\u1ec1u ng\u01b0\u1eddi M\u1ef9 h\u01a1n trong ti\u1ebfn tr\u00ecnh d\u00e2n ch\u1ee7 c\u1ee7a \u0111\u1ea5t n\u01b0\u1edbc ch\u00fang ta.<\/p><div id=\"tncms-region-article_instory_middle\" class=\"tncms-region hidden-print\"><div id=\"tncms-block-1727966\" class=\"tncms-block\">\u0110\u00f3 ch\u1ec9 l\u00e0 nh\u1eefng g\u00ec GOP mu\u1ed1n.<\/div><\/div><div>Tr\u00e2n tr\u1ecdng,<\/div><div><p>T\u00ean c\u1ee7a b\u1ea1n<br>\u0110\u1ecba ch\u1ec9<br>S\u1ed1 \u0111i\u1ec7n tho\u1ea1i<\/p><\/div>\n<p><img fetchpriority=\"high\" decoding=\"async\" class=\"aligncenter wp-image-2570 size-large\" src=\"https:\/\/nebraskademocrats.org\/wp-content\/uploads\/2016\/05\/NEDEMS_TownhallPosters-13x19-701x1024.png\" alt=\"\" width=\"701\" height=\"1024\" srcset=\"https:\/\/nebraskademocrats.org\/wp-content\/uploads\/2016\/05\/NEDEMS_TownhallPosters-13x19-701x1024.png 701w, https:\/\/nebraskademocrats.org\/wp-content\/uploads\/2016\/05\/NEDEMS_TownhallPosters-13x19-205x300.png 205w, https:\/\/nebraskademocrats.org\/wp-content\/uploads\/2016\/05\/NEDEMS_TownhallPosters-13x19-768x1122.png 768w, https:\/\/nebraskademocrats.org\/wp-content\/uploads\/2016\/05\/NEDEMS_TownhallPosters-13x19.png 1872w\" sizes=\"(max-width: 701px) 100vw, 701px\" \/><\/p>\n<p><\/p>\t\t\t\t\t\t\t\t<\/div>\n\t\t\t\t<\/div>\n\t\t\t\t\t<\/div>\n\t\t<\/div>\n\t\t\t\t\t<\/div>\n\t\t<\/section>\n\t\t\t\t<\/div>","protected":false},"excerpt":{"rendered":"<p>Writing a letter to the editor is a great way to voice your opinion and support for our candidates, issues, and the Democratic Party throughout Nebraska. Submitting a Letter to the Editor is easy. By clicking the links below you can submit a letter to the editor to some of the most widely circulated publications &#8230; <a title=\"Th\u01b0 g\u1eedi t\u00f2a so\u1ea1n\" class=\"read-more\" href=\"http:\/\/nebraskademocrats.org\/vi\/letter-to-the-editor\/\" aria-label=\"More on Letter to the Editor\">\u0110\u1ecdc th\u00eam<\/a><\/p>","protected":false},"author":19,"featured_media":0,"parent":0,"menu_order":0,"comment_status":"closed","ping_status":"closed","template":"","meta":{"_acf_changed":false,"_exactmetrics_skip_tracking":false,"_exactmetrics_sitenote_active":false,"_exactmetrics_sitenote_note":"","_exactmetrics_sitenote_category":0,"footnotes":""},"class_list":["post-38","page","type-page","status-publish"],"acf":[],"yoast_head":"<!-- This site is optimized with the Yoast SEO plugin v27.5 - https:\/\/yoast.com\/product\/yoast-seo-wordpress\/ -->\n<title>Letter to the Editor &#8211; Nebraska Democratic Party<\/title>\n<meta name=\"robots\" content=\"index, follow, max-snippet:-1, max-image-preview:large, max-video-preview:-1\" \/>\n<link rel=\"canonical\" href=\"https:\/\/nebraskademocrats.org\/vi\/letter-to-the-editor\/\" \/>\n<meta property=\"og:locale\" content=\"vi_VN\" \/>\n<meta property=\"og:type\" content=\"article\" \/>\n<meta property=\"og:title\" content=\"Letter to the Editor &#8211; Nebraska Democratic Party\" \/>\n<meta property=\"og:description\" content=\"Writing a letter to the editor is a great way to voice your opinion and support for our candidates, issues, and the Democratic Party throughout Nebraska. Submitting a Letter to the Editor is easy. By clicking the links below you can submit a letter to the editor to some of the most widely circulated publications ... Read more\" \/>\n<meta property=\"og:url\" content=\"https:\/\/nebraskademocrats.org\/vi\/letter-to-the-editor\/\" \/>\n<meta property=\"og:site_name\" content=\"Nebraska Democratic Party\" \/>\n<meta property=\"article:publisher\" content=\"https:\/\/www.facebook.com\/NebraskaDemocraticParty\/\" \/>\n<meta property=\"article:modified_time\" content=\"2023-02-25T20:54:21+00:00\" \/>\n<meta property=\"og:image\" content=\"https:\/\/nebraskadem.wpenginepowered.com\/wp-content\/uploads\/2016\/05\/NEDEMS_TownhallPosters-13x19-701x1024.png\" \/>\n<meta name=\"twitter:card\" content=\"summary_large_image\" \/>\n<meta name=\"twitter:site\" content=\"@nebraskadems\" \/>\n<meta name=\"twitter:label1\" content=\"\u01af\u1edbc t\u00ednh th\u1eddi gian \u0111\u1ecdc\" \/>\n\t<meta name=\"twitter:data1\" content=\"3 ph\u00fat\" \/>\n<script type=\"application\/ld+json\" class=\"yoast-schema-graph\">{\"@context\":\"https:\\\/\\\/schema.org\",\"@graph\":[{\"@type\":\"WebPage\",\"@id\":\"https:\\\/\\\/nebraskademocrats.org\\\/letter-to-the-editor\\\/\",\"url\":\"https:\\\/\\\/nebraskademocrats.org\\\/letter-to-the-editor\\\/\",\"name\":\"Letter to the Editor &#8211; Nebraska Democratic Party\",\"isPartOf\":{\"@id\":\"https:\\\/\\\/nebraskademocrats.org\\\/#website\"},\"primaryImageOfPage\":{\"@id\":\"https:\\\/\\\/nebraskademocrats.org\\\/letter-to-the-editor\\\/#primaryimage\"},\"image\":{\"@id\":\"https:\\\/\\\/nebraskademocrats.org\\\/letter-to-the-editor\\\/#primaryimage\"},\"thumbnailUrl\":\"https:\\\/\\\/nebraskadem.wpenginepowered.com\\\/wp-content\\\/uploads\\\/2016\\\/05\\\/NEDEMS_TownhallPosters-13x19-701x1024.png\",\"datePublished\":\"2016-05-20T19:05:42+00:00\",\"dateModified\":\"2023-02-25T20:54:21+00:00\",\"breadcrumb\":{\"@id\":\"https:\\\/\\\/nebraskademocrats.org\\\/letter-to-the-editor\\\/#breadcrumb\"},\"inLanguage\":\"vi\",\"potentialAction\":[{\"@type\":\"ReadAction\",\"target\":[\"https:\\\/\\\/nebraskademocrats.org\\\/letter-to-the-editor\\\/\"]}]},{\"@type\":\"ImageObject\",\"inLanguage\":\"vi\",\"@id\":\"https:\\\/\\\/nebraskademocrats.org\\\/letter-to-the-editor\\\/#primaryimage\",\"url\":\"https:\\\/\\\/nebraskadem.wpenginepowered.com\\\/wp-content\\\/uploads\\\/2016\\\/05\\\/NEDEMS_TownhallPosters-13x19-701x1024.png\",\"contentUrl\":\"https:\\\/\\\/nebraskadem.wpenginepowered.com\\\/wp-content\\\/uploads\\\/2016\\\/05\\\/NEDEMS_TownhallPosters-13x19-701x1024.png\"},{\"@type\":\"BreadcrumbList\",\"@id\":\"https:\\\/\\\/nebraskademocrats.org\\\/letter-to-the-editor\\\/#breadcrumb\",\"itemListElement\":[{\"@type\":\"ListItem\",\"position\":1,\"name\":\"Home\",\"item\":\"https:\\\/\\\/nebraskademocrats.org\\\/\"},{\"@type\":\"ListItem\",\"position\":2,\"name\":\"Letter to the Editor\"}]},{\"@type\":\"WebSite\",\"@id\":\"https:\\\/\\\/nebraskademocrats.org\\\/#website\",\"url\":\"https:\\\/\\\/nebraskademocrats.org\\\/\",\"name\":\"Nebraska Democratic Party\",\"description\":\"Growing the Good Life for All Nebraskans\",\"publisher\":{\"@id\":\"https:\\\/\\\/nebraskademocrats.org\\\/#organization\"},\"potentialAction\":[{\"@type\":\"SearchAction\",\"target\":{\"@type\":\"EntryPoint\",\"urlTemplate\":\"https:\\\/\\\/nebraskademocrats.org\\\/?s={search_term_string}\"},\"query-input\":{\"@type\":\"PropertyValueSpecification\",\"valueRequired\":true,\"valueName\":\"search_term_string\"}}],\"inLanguage\":\"vi\"},{\"@type\":\"Organization\",\"@id\":\"https:\\\/\\\/nebraskademocrats.org\\\/#organization\",\"name\":\"Nebraska Democratic Party\",\"url\":\"https:\\\/\\\/nebraskademocrats.org\\\/\",\"logo\":{\"@type\":\"ImageObject\",\"inLanguage\":\"vi\",\"@id\":\"https:\\\/\\\/nebraskademocrats.org\\\/#\\\/schema\\\/logo\\\/image\\\/\",\"url\":\"https:\\\/\\\/nebraskadem.wpenginepowered.com\\\/wp-content\\\/uploads\\\/2016\\\/05\\\/NDP2.jpg\",\"contentUrl\":\"https:\\\/\\\/nebraskadem.wpenginepowered.com\\\/wp-content\\\/uploads\\\/2016\\\/05\\\/NDP2.jpg\",\"width\":1000,\"height\":396,\"caption\":\"Nebraska Democratic Party\"},\"image\":{\"@id\":\"https:\\\/\\\/nebraskademocrats.org\\\/#\\\/schema\\\/logo\\\/image\\\/\"},\"sameAs\":[\"https:\\\/\\\/www.facebook.com\\\/NebraskaDemocraticParty\\\/\",\"https:\\\/\\\/x.com\\\/nebraskadems\"]}]}<\/script>\n<!-- \/ Yoast SEO plugin. -->","yoast_head_json":{"title":"Letter to the Editor &#8211; Nebraska Democratic Party","robots":{"index":"index","follow":"follow","max-snippet":"max-snippet:-1","max-image-preview":"max-image-preview:large","max-video-preview":"max-video-preview:-1"},"canonical":"https:\/\/nebraskademocrats.org\/vi\/letter-to-the-editor\/","og_locale":"vi_VN","og_type":"article","og_title":"Letter to the Editor &#8211; Nebraska Democratic Party","og_description":"Writing a letter to the editor is a great way to voice your opinion and support for our candidates, issues, and the Democratic Party throughout Nebraska. Submitting a Letter to the Editor is easy. By clicking the links below you can submit a letter to the editor to some of the most widely circulated publications ... Read more","og_url":"https:\/\/nebraskademocrats.org\/vi\/letter-to-the-editor\/","og_site_name":"Nebraska Democratic Party","article_publisher":"https:\/\/www.facebook.com\/NebraskaDemocraticParty\/","article_modified_time":"2023-02-25T20:54:21+00:00","og_image":[{"url":"https:\/\/nebraskadem.wpenginepowered.com\/wp-content\/uploads\/2016\/05\/NEDEMS_TownhallPosters-13x19-701x1024.png","type":"","width":"","height":""}],"twitter_card":"summary_large_image","twitter_site":"@nebraskadems","twitter_misc":{"\u01af\u1edbc t\u00ednh th\u1eddi gian \u0111\u1ecdc":"3 ph\u00fat"},"schema":{"@context":"https:\/\/schema.org","@graph":[{"@type":"WebPage","@id":"https:\/\/nebraskademocrats.org\/letter-to-the-editor\/","url":"https:\/\/nebraskademocrats.org\/letter-to-the-editor\/","name":"Letter to the Editor &#8211; Nebraska Democratic Party","isPartOf":{"@id":"https:\/\/nebraskademocrats.org\/#website"},"primaryImageOfPage":{"@id":"https:\/\/nebraskademocrats.org\/letter-to-the-editor\/#primaryimage"},"image":{"@id":"https:\/\/nebraskademocrats.org\/letter-to-the-editor\/#primaryimage"},"thumbnailUrl":"https:\/\/nebraskadem.wpenginepowered.com\/wp-content\/uploads\/2016\/05\/NEDEMS_TownhallPosters-13x19-701x1024.png","datePublished":"2016-05-20T19:05:42+00:00","dateModified":"2023-02-25T20:54:21+00:00","breadcrumb":{"@id":"https:\/\/nebraskademocrats.org\/letter-to-the-editor\/#breadcrumb"},"inLanguage":"vi","potentialAction":[{"@type":"ReadAction","target":["https:\/\/nebraskademocrats.org\/letter-to-the-editor\/"]}]},{"@type":"ImageObject","inLanguage":"vi","@id":"https:\/\/nebraskademocrats.org\/letter-to-the-editor\/#primaryimage","url":"https:\/\/nebraskadem.wpenginepowered.com\/wp-content\/uploads\/2016\/05\/NEDEMS_TownhallPosters-13x19-701x1024.png","contentUrl":"https:\/\/nebraskadem.wpenginepowered.com\/wp-content\/uploads\/2016\/05\/NEDEMS_TownhallPosters-13x19-701x1024.png"},{"@type":"BreadcrumbList","@id":"https:\/\/nebraskademocrats.org\/letter-to-the-editor\/#breadcrumb","itemListElement":[{"@type":"ListItem","position":1,"name":"Home","item":"https:\/\/nebraskademocrats.org\/"},{"@type":"ListItem","position":2,"name":"Letter to the Editor"}]},{"@type":"WebSite","@id":"https:\/\/nebraskademocrats.org\/#website","url":"https:\/\/nebraskademocrats.org\/","name":"Nebraska Democratic Party","description":"Ph\u00e1t tri\u1ec3n cu\u1ed9c s\u1ed1ng t\u1ed1t \u0111\u1eb9p cho t\u1ea5t c\u1ea3 Nebraskans","publisher":{"@id":"https:\/\/nebraskademocrats.org\/#organization"},"potentialAction":[{"@type":"SearchAction","target":{"@type":"EntryPoint","urlTemplate":"https:\/\/nebraskademocrats.org\/?s={search_term_string}"},"query-input":{"@type":"PropertyValueSpecification","valueRequired":true,"valueName":"search_term_string"}}],"inLanguage":"vi"},{"@type":"Organization","@id":"https:\/\/nebraskademocrats.org\/#organization","name":"Nebraska Democratic Party","url":"https:\/\/nebraskademocrats.org\/","logo":{"@type":"ImageObject","inLanguage":"vi","@id":"https:\/\/nebraskademocrats.org\/#\/schema\/logo\/image\/","url":"https:\/\/nebraskadem.wpenginepowered.com\/wp-content\/uploads\/2016\/05\/NDP2.jpg","contentUrl":"https:\/\/nebraskadem.wpenginepowered.com\/wp-content\/uploads\/2016\/05\/NDP2.jpg","width":1000,"height":396,"caption":"Nebraska Democratic Party"},"image":{"@id":"https:\/\/nebraskademocrats.org\/#\/schema\/logo\/image\/"},"sameAs":["https:\/\/www.facebook.com\/NebraskaDemocraticParty\/","https:\/\/x.com\/nebraskadems"]}]}},"_links":{"self":[{"href":"http:\/\/nebraskademocrats.org\/vi\/wp-json\/wp\/v2\/pages\/38","targetHints":{"allow":["GET"]}}],"collection":[{"href":"http:\/\/nebraskademocrats.org\/vi\/wp-json\/wp\/v2\/pages"}],"about":[{"href":"http:\/\/nebraskademocrats.org\/vi\/wp-json\/wp\/v2\/types\/page"}],"author":[{"embeddable":true,"href":"http:\/\/nebraskademocrats.org\/vi\/wp-json\/wp\/v2\/users\/19"}],"replies":[{"embeddable":true,"href":"http:\/\/nebraskademocrats.org\/vi\/wp-json\/wp\/v2\/comments?post=38"}],"version-history":[{"count":0,"href":"http:\/\/nebraskademocrats.org\/vi\/wp-json\/wp\/v2\/pages\/38\/revisions"}],"wp:attachment":[{"href":"http:\/\/nebraskademocrats.org\/vi\/wp-json\/wp\/v2\/media?parent=38"}],"curies":[{"name":"wp","href":"https:\/\/api.w.org\/{rel}","templated":true}]}}