{"id":12,"date":"2016-05-20T19:02:07","date_gmt":"2016-05-20T19:02:07","guid":{"rendered":"http:\/\/nebraska.precisionnewmedia.com\/?page_id=12"},"modified":"2020-09-07T14:19:02","modified_gmt":"2020-09-07T19:19:02","slug":"central-committee","status":"publish","type":"page","link":"https:\/\/nebraskademocrats.org\/es\/central-committee\/","title":{"rendered":"Comit\u00e9 central del estado"},"content":{"rendered":"<p><strong><a href=\"https:\/\/nebraskadem.wpenginepowered.com\/blog\/state-central-committee-june-meeting-and-trainings\/\">Vea informaci\u00f3n sobre la pr\u00f3xima reuni\u00f3n del SCC, entrenamientos y adenda aqu\u00ed.<\/a><\/strong><\/p>\n<p style=\"text-align: left;\">los<em><strong> Comit\u00e9 Central del Estado (SCC)<\/strong><\/em> es el \u00f3rgano de formulaci\u00f3n de pol\u00edticas del Partido Dem\u00f3crata de Nebraska durante el per\u00edodo intermedio entre las convenciones estatales y es responsable de construir y fortalecer el PND.<\/p>\n<p style=\"text-align: left;\">El SCC promueve la implementaci\u00f3n de la plataforma del partido y la elecci\u00f3n de candidatos dem\u00f3cratas. El SCC es la autoridad gobernante en la interpretaci\u00f3n y defensa de la Constituci\u00f3n y los Estatutos del Partido Dem\u00f3crata de Nebraska.<\/p>\n<p style=\"text-align: center;\"><em><strong>Composici\u00f3n\u00a0<\/strong><\/em><\/p>\n<p style=\"text-align: left;\">El Comit\u00e9 Central del Estado se compone de todos los miembros con derecho a voto del Comit\u00e9 Ejecutivo del Estado y un hombre y una mujer designados por los tres comit\u00e9s legislativos de distrito aqu\u00ed previstos y elegidos por el voto mayoritario de la Convenci\u00f3n del Estado antes de la clausura. Cada miembro tendr\u00e1 un solo voto en cualquier reuni\u00f3n del SCC. Adem\u00e1s, cada caucus de distrito legislativo nominar\u00e1 a un hombre y una mujer para que sean miembros suplentes del comit\u00e9, quienes ser\u00e1n elegidos por el voto mayoritario de la Convenci\u00f3n del Estado y que solo tendr\u00e1n poder para votar en ausencia del miembro elegido del SCC de su distrito.<\/p>\n<p style=\"text-align: center;\"><em><strong>Miembros con derecho a voto<\/strong><\/em><\/p>\n<p style=\"text-align: left;\">Antes de la convocatoria de un grupo de distrito del Congreso, el Secretario del SCC puede certificar al presidente del distrito los nombres de todos los miembros y suplentes del Comit\u00e9 Central del Estado que reside en el distrito con derecho a representaci\u00f3n en dicho grupo de distrito del Congreso. La lista as\u00ed certificada al presidente del distrito determinar\u00e1 aquellas personas con derecho a votar sobre cualquier pregunta que pueda presentarse ante dicho comit\u00e9.<\/p>\n<p style=\"text-align: center;\"><em><strong>Convertirse en miembro de SCC<\/strong><\/em><\/p>\n<p>\u00a0Los miembros de SCC son seleccionados en la convenci\u00f3n estatal cada dos a\u00f1os. Debe ser elegido a nivel de condado para asistir a la convenci\u00f3n estatal. Mira tu <a href=\"https:\/\/nebraskadem.wpenginepowered.com\/officers\/\">fiesta del condado<\/a> involucrarse a nivel local y preguntarle al presidente de su condado cu\u00e1ndo es la pr\u00f3xima reuni\u00f3n para que pueda saber cu\u00e1ndo tienen lugar las elecciones para la convenci\u00f3n estatal.<\/p>\n<p style=\"text-align: center;\"><em><strong>Vacantes en el SCC, partido del condado y comit\u00e9s permanentes<\/strong><\/em><\/p>\n<p>Para informaci\u00f3n, correo electr\u00f3nico <a href=\"mailto:info@nebraskademocrats.org\">info@nebraskademocrats.org<\/a>.<\/p>\n<p style=\"text-align: center;\"><em><strong>Reuniones de SCC<\/strong><\/em><\/p>\n<p>El SCC se re\u00fane cuatro veces al a\u00f1o. Todos los miembros del SCC y los presidentes de los condados reciben un paquete de 30 d\u00edas con una agenda detallada y otra informaci\u00f3n de la presidenta del NDP, Jane Kleeb. Las reuniones de SCC est\u00e1n abiertas a la participaci\u00f3n de los dem\u00f3cratas de base, sin embargo, solo los miembros de SCC pueden votar sobre cualquier propuesta o art\u00edculo presentado ante el organismo. Si es miembro de SCC y no est\u00e1 en el servidor de listas o no recibi\u00f3 un paquete de 30 d\u00edas, env\u00ede un correo electr\u00f3nico <a href=\"mailto:info@nebraskademocrats.org\">info@nebraskademocrats.org<\/a><\/p>\n<p>&nbsp;<\/p>\n<p style=\"padding-left: 30px;\">","protected":false},"excerpt":{"rendered":"<p>See information on the next SCC meeting, trainings and adenda here. The State Central Committee (SCC) is the policy-making body of the Nebraska Democratic Party during the interim between state conventions and is responsible for building and strengthening the NDP. The SCC promotes the implementation of the party platform and the election of Democratic candidates. &#8230; <a title=\"Comit\u00e9 central del estado\" class=\"read-more\" href=\"https:\/\/nebraskademocrats.org\/es\/central-committee\/\" aria-label=\"M\u00e1s sobre el Comit\u00e9 Central del Estado\">Lee mas<\/a><\/p>","protected":false},"author":19,"featured_media":1604,"parent":0,"menu_order":0,"comment_status":"closed","ping_status":"closed","template":"","meta":{"_acf_changed":false,"_exactmetrics_skip_tracking":false,"_exactmetrics_sitenote_active":false,"_exactmetrics_sitenote_note":"","_exactmetrics_sitenote_category":0,"footnotes":""},"class_list":["post-12","page","type-page","status-publish","has-post-thumbnail"],"acf":[],"yoast_head":"<!-- This site is optimized with the Yoast SEO plugin v27.5 - https:\/\/yoast.com\/product\/yoast-seo-wordpress\/ -->\n<title>State Central Committee &#8211; Nebraska Democratic Party<\/title>\n<meta name=\"robots\" content=\"index, follow, max-snippet:-1, max-image-preview:large, max-video-preview:-1\" \/>\n<link rel=\"canonical\" href=\"https:\/\/nebraskademocrats.org\/es\/central-committee\/\" \/>\n<meta property=\"og:locale\" content=\"es_MX\" \/>\n<meta property=\"og:type\" content=\"article\" \/>\n<meta property=\"og:title\" content=\"State Central Committee &#8211; Nebraska Democratic Party\" \/>\n<meta property=\"og:description\" content=\"See information on the next SCC meeting, trainings and adenda here. The State Central Committee (SCC) is the policy-making body of the Nebraska Democratic Party during the interim between state conventions and is responsible for building and strengthening the NDP. The SCC promotes the implementation of the party platform and the election of Democratic candidates. ... Read more\" \/>\n<meta property=\"og:url\" content=\"https:\/\/nebraskademocrats.org\/es\/central-committee\/\" \/>\n<meta property=\"og:site_name\" content=\"Nebraska Democratic Party\" \/>\n<meta property=\"article:publisher\" content=\"https:\/\/www.facebook.com\/NebraskaDemocraticParty\/\" \/>\n<meta property=\"article:modified_time\" content=\"2020-09-07T19:19:02+00:00\" \/>\n<meta property=\"og:image\" content=\"https:\/\/nebraskademocrats.org\/wp-content\/uploads\/2016\/05\/NDP2.jpg\" \/>\n\t<meta property=\"og:image:width\" content=\"1000\" \/>\n\t<meta property=\"og:image:height\" content=\"396\" \/>\n\t<meta property=\"og:image:type\" content=\"image\/jpeg\" \/>\n<meta name=\"twitter:card\" content=\"summary_large_image\" \/>\n<meta name=\"twitter:site\" content=\"@nebraskadems\" \/>\n<meta name=\"twitter:label1\" content=\"Tiempo de lectura\" \/>\n\t<meta name=\"twitter:data1\" content=\"2 minutos\" \/>\n<script type=\"application\/ld+json\" class=\"yoast-schema-graph\">{\"@context\":\"https:\\\/\\\/schema.org\",\"@graph\":[{\"@type\":\"WebPage\",\"@id\":\"https:\\\/\\\/nebraskademocrats.org\\\/central-committee\\\/\",\"url\":\"https:\\\/\\\/nebraskademocrats.org\\\/central-committee\\\/\",\"name\":\"State Central Committee &#8211; Nebraska Democratic Party\",\"isPartOf\":{\"@id\":\"https:\\\/\\\/nebraskademocrats.org\\\/#website\"},\"primaryImageOfPage\":{\"@id\":\"https:\\\/\\\/nebraskademocrats.org\\\/central-committee\\\/#primaryimage\"},\"image\":{\"@id\":\"https:\\\/\\\/nebraskademocrats.org\\\/central-committee\\\/#primaryimage\"},\"thumbnailUrl\":\"https:\\\/\\\/nebraskademocrats.org\\\/wp-content\\\/uploads\\\/2016\\\/05\\\/NDP2.jpg\",\"datePublished\":\"2016-05-20T19:02:07+00:00\",\"dateModified\":\"2020-09-07T19:19:02+00:00\",\"breadcrumb\":{\"@id\":\"https:\\\/\\\/nebraskademocrats.org\\\/central-committee\\\/#breadcrumb\"},\"inLanguage\":\"es\",\"potentialAction\":[{\"@type\":\"ReadAction\",\"target\":[\"https:\\\/\\\/nebraskademocrats.org\\\/central-committee\\\/\"]}]},{\"@type\":\"ImageObject\",\"inLanguage\":\"es\",\"@id\":\"https:\\\/\\\/nebraskademocrats.org\\\/central-committee\\\/#primaryimage\",\"url\":\"https:\\\/\\\/nebraskademocrats.org\\\/wp-content\\\/uploads\\\/2016\\\/05\\\/NDP2.jpg\",\"contentUrl\":\"https:\\\/\\\/nebraskademocrats.org\\\/wp-content\\\/uploads\\\/2016\\\/05\\\/NDP2.jpg\",\"width\":913,\"height\":304},{\"@type\":\"BreadcrumbList\",\"@id\":\"https:\\\/\\\/nebraskademocrats.org\\\/central-committee\\\/#breadcrumb\",\"itemListElement\":[{\"@type\":\"ListItem\",\"position\":1,\"name\":\"Home\",\"item\":\"https:\\\/\\\/nebraskademocrats.org\\\/\"},{\"@type\":\"ListItem\",\"position\":2,\"name\":\"State Central Committee\"}]},{\"@type\":\"WebSite\",\"@id\":\"https:\\\/\\\/nebraskademocrats.org\\\/#website\",\"url\":\"https:\\\/\\\/nebraskademocrats.org\\\/\",\"name\":\"Nebraska Democratic Party\",\"description\":\"Growing the Good Life for All Nebraskans\",\"publisher\":{\"@id\":\"https:\\\/\\\/nebraskademocrats.org\\\/#organization\"},\"potentialAction\":[{\"@type\":\"SearchAction\",\"target\":{\"@type\":\"EntryPoint\",\"urlTemplate\":\"https:\\\/\\\/nebraskademocrats.org\\\/?s={search_term_string}\"},\"query-input\":{\"@type\":\"PropertyValueSpecification\",\"valueRequired\":true,\"valueName\":\"search_term_string\"}}],\"inLanguage\":\"es\"},{\"@type\":\"Organization\",\"@id\":\"https:\\\/\\\/nebraskademocrats.org\\\/#organization\",\"name\":\"Nebraska Democratic Party\",\"url\":\"https:\\\/\\\/nebraskademocrats.org\\\/\",\"logo\":{\"@type\":\"ImageObject\",\"inLanguage\":\"es\",\"@id\":\"https:\\\/\\\/nebraskademocrats.org\\\/#\\\/schema\\\/logo\\\/image\\\/\",\"url\":\"https:\\\/\\\/nebraskadem.wpenginepowered.com\\\/wp-content\\\/uploads\\\/2016\\\/05\\\/NDP2.jpg\",\"contentUrl\":\"https:\\\/\\\/nebraskadem.wpenginepowered.com\\\/wp-content\\\/uploads\\\/2016\\\/05\\\/NDP2.jpg\",\"width\":1000,\"height\":396,\"caption\":\"Nebraska Democratic Party\"},\"image\":{\"@id\":\"https:\\\/\\\/nebraskademocrats.org\\\/#\\\/schema\\\/logo\\\/image\\\/\"},\"sameAs\":[\"https:\\\/\\\/www.facebook.com\\\/NebraskaDemocraticParty\\\/\",\"https:\\\/\\\/x.com\\\/nebraskadems\"]}]}<\/script>\n<!-- \/ Yoast SEO plugin. -->","yoast_head_json":{"title":"State Central Committee &#8211; Nebraska Democratic Party","robots":{"index":"index","follow":"follow","max-snippet":"max-snippet:-1","max-image-preview":"max-image-preview:large","max-video-preview":"max-video-preview:-1"},"canonical":"https:\/\/nebraskademocrats.org\/es\/central-committee\/","og_locale":"es_MX","og_type":"article","og_title":"State Central Committee &#8211; Nebraska Democratic Party","og_description":"See information on the next SCC meeting, trainings and adenda here. The State Central Committee (SCC) is the policy-making body of the Nebraska Democratic Party during the interim between state conventions and is responsible for building and strengthening the NDP. The SCC promotes the implementation of the party platform and the election of Democratic candidates. ... Read more","og_url":"https:\/\/nebraskademocrats.org\/es\/central-committee\/","og_site_name":"Nebraska Democratic Party","article_publisher":"https:\/\/www.facebook.com\/NebraskaDemocraticParty\/","article_modified_time":"2020-09-07T19:19:02+00:00","og_image":[{"width":1000,"height":396,"url":"https:\/\/nebraskademocrats.org\/wp-content\/uploads\/2016\/05\/NDP2.jpg","type":"image\/jpeg"}],"twitter_card":"summary_large_image","twitter_site":"@nebraskadems","twitter_misc":{"Tiempo de lectura":"2 minutos"},"schema":{"@context":"https:\/\/schema.org","@graph":[{"@type":"WebPage","@id":"https:\/\/nebraskademocrats.org\/central-committee\/","url":"https:\/\/nebraskademocrats.org\/central-committee\/","name":"State Central Committee &#8211; Nebraska Democratic Party","isPartOf":{"@id":"https:\/\/nebraskademocrats.org\/#website"},"primaryImageOfPage":{"@id":"https:\/\/nebraskademocrats.org\/central-committee\/#primaryimage"},"image":{"@id":"https:\/\/nebraskademocrats.org\/central-committee\/#primaryimage"},"thumbnailUrl":"https:\/\/nebraskademocrats.org\/wp-content\/uploads\/2016\/05\/NDP2.jpg","datePublished":"2016-05-20T19:02:07+00:00","dateModified":"2020-09-07T19:19:02+00:00","breadcrumb":{"@id":"https:\/\/nebraskademocrats.org\/central-committee\/#breadcrumb"},"inLanguage":"es","potentialAction":[{"@type":"ReadAction","target":["https:\/\/nebraskademocrats.org\/central-committee\/"]}]},{"@type":"ImageObject","inLanguage":"es","@id":"https:\/\/nebraskademocrats.org\/central-committee\/#primaryimage","url":"https:\/\/nebraskademocrats.org\/wp-content\/uploads\/2016\/05\/NDP2.jpg","contentUrl":"https:\/\/nebraskademocrats.org\/wp-content\/uploads\/2016\/05\/NDP2.jpg","width":913,"height":304},{"@type":"BreadcrumbList","@id":"https:\/\/nebraskademocrats.org\/central-committee\/#breadcrumb","itemListElement":[{"@type":"ListItem","position":1,"name":"Home","item":"https:\/\/nebraskademocrats.org\/"},{"@type":"ListItem","position":2,"name":"State Central Committee"}]},{"@type":"WebSite","@id":"https:\/\/nebraskademocrats.org\/#website","url":"https:\/\/nebraskademocrats.org\/","name":"Partido Dem\u00f3crata de Nebraska","description":"Cultivando la buena vida para todos los nebraskenses","publisher":{"@id":"https:\/\/nebraskademocrats.org\/#organization"},"potentialAction":[{"@type":"SearchAction","target":{"@type":"EntryPoint","urlTemplate":"https:\/\/nebraskademocrats.org\/?s={search_term_string}"},"query-input":{"@type":"PropertyValueSpecification","valueRequired":true,"valueName":"search_term_string"}}],"inLanguage":"es"},{"@type":"Organization","@id":"https:\/\/nebraskademocrats.org\/#organization","name":"Partido Dem\u00f3crata de Nebraska","url":"https:\/\/nebraskademocrats.org\/","logo":{"@type":"ImageObject","inLanguage":"es","@id":"https:\/\/nebraskademocrats.org\/#\/schema\/logo\/image\/","url":"https:\/\/nebraskadem.wpenginepowered.com\/wp-content\/uploads\/2016\/05\/NDP2.jpg","contentUrl":"https:\/\/nebraskadem.wpenginepowered.com\/wp-content\/uploads\/2016\/05\/NDP2.jpg","width":1000,"height":396,"caption":"Nebraska Democratic Party"},"image":{"@id":"https:\/\/nebraskademocrats.org\/#\/schema\/logo\/image\/"},"sameAs":["https:\/\/www.facebook.com\/NebraskaDemocraticParty\/","https:\/\/x.com\/nebraskadems"]}]}},"_links":{"self":[{"href":"https:\/\/nebraskademocrats.org\/es\/wp-json\/wp\/v2\/pages\/12","targetHints":{"allow":["GET"]}}],"collection":[{"href":"https:\/\/nebraskademocrats.org\/es\/wp-json\/wp\/v2\/pages"}],"about":[{"href":"https:\/\/nebraskademocrats.org\/es\/wp-json\/wp\/v2\/types\/page"}],"author":[{"embeddable":true,"href":"https:\/\/nebraskademocrats.org\/es\/wp-json\/wp\/v2\/users\/19"}],"replies":[{"embeddable":true,"href":"https:\/\/nebraskademocrats.org\/es\/wp-json\/wp\/v2\/comments?post=12"}],"version-history":[{"count":0,"href":"https:\/\/nebraskademocrats.org\/es\/wp-json\/wp\/v2\/pages\/12\/revisions"}],"wp:featuredmedia":[{"embeddable":true,"href":"https:\/\/nebraskademocrats.org\/es\/wp-json\/wp\/v2\/media\/1604"}],"wp:attachment":[{"href":"https:\/\/nebraskademocrats.org\/es\/wp-json\/wp\/v2\/media?parent=12"}],"curies":[{"name":"wp","href":"https:\/\/api.w.org\/{rel}","templated":true}]}}