{"id":1924,"date":"2017-02-01T14:58:11","date_gmt":"2017-02-01T20:58:11","guid":{"rendered":"http:\/\/nebraskadem.wpenginepowered.com\/?page_id=1924"},"modified":"2023-06-08T14:02:14","modified_gmt":"2023-06-08T19:02:14","slug":"jobs-and-internships","status":"publish","type":"page","link":"https:\/\/nebraskademocrats.org\/es\/jobs-and-internships\/","title":{"rendered":"Empleos y pasant\u00edas"},"content":{"rendered":"<div data-elementor-type=\"wp-page\" data-elementor-id=\"1924\" class=\"elementor elementor-1924\" data-elementor-post-type=\"page\">\n\t\t\t\t\t\t<section class=\"elementor-section elementor-top-section elementor-element elementor-element-1ad23a3a elementor-section-boxed elementor-section-height-default elementor-section-height-default\" data-id=\"1ad23a3a\" data-element_type=\"section\" data-e-type=\"section\">\n\t\t\t\t\t\t<div class=\"elementor-container elementor-column-gap-default\">\n\t\t\t\t\t<div class=\"elementor-column elementor-col-100 elementor-top-column elementor-element elementor-element-2be201bb\" data-id=\"2be201bb\" data-element_type=\"column\" data-e-type=\"column\">\n\t\t\t<div class=\"elementor-widget-wrap elementor-element-populated\">\n\t\t\t\t\t\t<div class=\"elementor-element elementor-element-3b92f6e6 elementor-widget elementor-widget-text-editor\" data-id=\"3b92f6e6\" data-element_type=\"widget\" data-e-type=\"widget\" data-widget_type=\"text-editor.default\">\n\t\t\t\t<div class=\"elementor-widget-container\">\n\t\t\t\t\t\t\t\t\t<p><span class=\"s1\"><b><span style=\"font-weight: 400;\">El personal y los pasantes del Partido Dem\u00f3crata de Nebraska construyen el partido, recaudan recursos, capacitan a las bases, lideran temas importantes para los votantes y eligen candidatos en todo nuestro estado. <\/span><\/b><\/span>Los solicitantes interesados deben enviar por correo electr\u00f3nico una carta de presentaci\u00f3n, un curr\u00edculum vitae y una lista de tres referencias profesionales o educativas al&nbsp;<span class=\"m_1707067622122850743s3\"><span style=\"font-weight: 400;\">Director de Comunicaciones del NDP Jos\u00e9 Flores Jr.: jose<\/span><span style=\"font-weight: 400;\">@ nebraskademocrats.org<\/span><\/span><span class=\"m_1707067622122850743s3\">.&nbsp;<\/span><\/p>\n<h3><span style=\"font-size: 18.6667px;\"><b>Siempre estamos buscando pasantes, aprende m\u00e1s <a href=\"\/es\/internship\/\">aqu\u00ed<\/a>.<\/b><\/span><\/h3>\n<p>&nbsp;<\/p>\t\t\t\t\t\t\t\t<\/div>\n\t\t\t\t<\/div>\n\t\t\t\t\t<\/div>\n\t\t<\/div>\n\t\t\t\t\t<\/div>\n\t\t<\/section>\n\t\t\t\t<\/div>","protected":false},"excerpt":{"rendered":"<p>The Nebraska Democratic Party staff and interns build the party, raise resources, train the grassroots, lead on issues important to voters and elect candidates across our state. Interested applicants should email a cover letter, resume, and a list of three professional or educational references to the&nbsp;NDP Communications Director Jose Flores Jr.: jose@nebraskademocrats.org.&nbsp; We are always &#8230; <a title=\"Empleos y pasant\u00edas\" class=\"read-more\" href=\"https:\/\/nebraskademocrats.org\/es\/jobs-and-internships\/\" aria-label=\"More on Jobs and Internships\">Lee mas<\/a><\/p>","protected":false},"author":19,"featured_media":0,"parent":0,"menu_order":0,"comment_status":"closed","ping_status":"closed","template":"","meta":{"_acf_changed":false,"_exactmetrics_skip_tracking":false,"_exactmetrics_sitenote_active":false,"_exactmetrics_sitenote_note":"","_exactmetrics_sitenote_category":0,"footnotes":""},"class_list":["post-1924","page","type-page","status-publish"],"acf":[],"yoast_head":"<!-- This site is optimized with the Yoast SEO plugin v27.1.1 - https:\/\/yoast.com\/product\/yoast-seo-wordpress\/ -->\n<title>Jobs and Internships &#8211; Nebraska Democratic Party<\/title>\n<meta name=\"robots\" content=\"index, follow, max-snippet:-1, max-image-preview:large, max-video-preview:-1\" \/>\n<link rel=\"canonical\" href=\"https:\/\/nebraskademocrats.org\/es\/jobs-and-internships\/\" \/>\n<meta property=\"og:locale\" content=\"es_MX\" \/>\n<meta property=\"og:type\" content=\"article\" \/>\n<meta property=\"og:title\" content=\"Jobs and Internships &#8211; Nebraska Democratic Party\" \/>\n<meta property=\"og:description\" content=\"The Nebraska Democratic Party staff and interns build the party, raise resources, train the grassroots, lead on issues important to voters and elect candidates across our state. Interested applicants should email a cover letter, resume, and a list of three professional or educational references to the&nbsp;NDP Communications Director Jose Flores Jr.: jose@nebraskademocrats.org.&nbsp; We are always ... Read more\" \/>\n<meta property=\"og:url\" content=\"https:\/\/nebraskademocrats.org\/es\/jobs-and-internships\/\" \/>\n<meta property=\"og:site_name\" content=\"Nebraska Democratic Party\" \/>\n<meta property=\"article:publisher\" content=\"https:\/\/www.facebook.com\/NebraskaDemocraticParty\/\" \/>\n<meta property=\"article:modified_time\" content=\"2023-06-08T19:02:14+00:00\" \/>\n<meta property=\"og:image\" content=\"https:\/\/nebraskademocrats.org\/wp-content\/uploads\/2018\/09\/ne-dems-fb.jpg\" \/>\n\t<meta property=\"og:image:width\" content=\"1200\" \/>\n\t<meta property=\"og:image:height\" content=\"630\" \/>\n\t<meta property=\"og:image:type\" content=\"image\/jpeg\" \/>\n<meta name=\"twitter:card\" content=\"summary_large_image\" \/>\n<meta name=\"twitter:site\" content=\"@nebraskadems\" \/>\n<meta name=\"twitter:label1\" content=\"Tiempo de lectura\" \/>\n\t<meta name=\"twitter:data1\" content=\"1 minuto\" \/>\n<script type=\"application\/ld+json\" class=\"yoast-schema-graph\">{\"@context\":\"https:\/\/schema.org\",\"@graph\":[{\"@type\":\"WebPage\",\"@id\":\"https:\/\/nebraskademocrats.org\/jobs-and-internships\/\",\"url\":\"https:\/\/nebraskademocrats.org\/jobs-and-internships\/\",\"name\":\"Jobs and Internships &#8211; Nebraska Democratic Party\",\"isPartOf\":{\"@id\":\"https:\/\/nebraskademocrats.org\/#website\"},\"datePublished\":\"2017-02-01T20:58:11+00:00\",\"dateModified\":\"2023-06-08T19:02:14+00:00\",\"breadcrumb\":{\"@id\":\"https:\/\/nebraskademocrats.org\/jobs-and-internships\/#breadcrumb\"},\"inLanguage\":\"es\",\"potentialAction\":[{\"@type\":\"ReadAction\",\"target\":[\"https:\/\/nebraskademocrats.org\/jobs-and-internships\/\"]}]},{\"@type\":\"BreadcrumbList\",\"@id\":\"https:\/\/nebraskademocrats.org\/jobs-and-internships\/#breadcrumb\",\"itemListElement\":[{\"@type\":\"ListItem\",\"position\":1,\"name\":\"Home\",\"item\":\"https:\/\/nebraskademocrats.org\/\"},{\"@type\":\"ListItem\",\"position\":2,\"name\":\"Jobs and Internships\"}]},{\"@type\":\"WebSite\",\"@id\":\"https:\/\/nebraskademocrats.org\/#website\",\"url\":\"https:\/\/nebraskademocrats.org\/\",\"name\":\"Nebraska Democratic Party\",\"description\":\"Growing the Good Life for All Nebraskans\",\"publisher\":{\"@id\":\"https:\/\/nebraskademocrats.org\/#organization\"},\"potentialAction\":[{\"@type\":\"SearchAction\",\"target\":{\"@type\":\"EntryPoint\",\"urlTemplate\":\"https:\/\/nebraskademocrats.org\/?s={search_term_string}\"},\"query-input\":{\"@type\":\"PropertyValueSpecification\",\"valueRequired\":true,\"valueName\":\"search_term_string\"}}],\"inLanguage\":\"es\"},{\"@type\":\"Organization\",\"@id\":\"https:\/\/nebraskademocrats.org\/#organization\",\"name\":\"Nebraska Democratic Party\",\"url\":\"https:\/\/nebraskademocrats.org\/\",\"logo\":{\"@type\":\"ImageObject\",\"inLanguage\":\"es\",\"@id\":\"https:\/\/nebraskademocrats.org\/#\/schema\/logo\/image\/\",\"url\":\"https:\/\/nebraskadem.wpenginepowered.com\/wp-content\/uploads\/2016\/05\/NDP2.jpg\",\"contentUrl\":\"https:\/\/nebraskadem.wpenginepowered.com\/wp-content\/uploads\/2016\/05\/NDP2.jpg\",\"width\":1000,\"height\":396,\"caption\":\"Nebraska Democratic Party\"},\"image\":{\"@id\":\"https:\/\/nebraskademocrats.org\/#\/schema\/logo\/image\/\"},\"sameAs\":[\"https:\/\/www.facebook.com\/NebraskaDemocraticParty\/\",\"https:\/\/x.com\/nebraskadems\"]}]}<\/script>\n<!-- \/ Yoast SEO plugin. -->","yoast_head_json":{"title":"Jobs and Internships &#8211; Nebraska Democratic Party","robots":{"index":"index","follow":"follow","max-snippet":"max-snippet:-1","max-image-preview":"max-image-preview:large","max-video-preview":"max-video-preview:-1"},"canonical":"https:\/\/nebraskademocrats.org\/es\/jobs-and-internships\/","og_locale":"es_MX","og_type":"article","og_title":"Jobs and Internships &#8211; Nebraska Democratic Party","og_description":"The Nebraska Democratic Party staff and interns build the party, raise resources, train the grassroots, lead on issues important to voters and elect candidates across our state. Interested applicants should email a cover letter, resume, and a list of three professional or educational references to the&nbsp;NDP Communications Director Jose Flores Jr.: jose@nebraskademocrats.org.&nbsp; We are always ... Read more","og_url":"https:\/\/nebraskademocrats.org\/es\/jobs-and-internships\/","og_site_name":"Nebraska Democratic Party","article_publisher":"https:\/\/www.facebook.com\/NebraskaDemocraticParty\/","article_modified_time":"2023-06-08T19:02:14+00:00","og_image":[{"width":1200,"height":630,"url":"https:\/\/nebraskademocrats.org\/wp-content\/uploads\/2018\/09\/ne-dems-fb.jpg","type":"image\/jpeg"}],"twitter_card":"summary_large_image","twitter_site":"@nebraskadems","twitter_misc":{"Tiempo de lectura":"1 minuto"},"schema":{"@context":"https:\/\/schema.org","@graph":[{"@type":"WebPage","@id":"https:\/\/nebraskademocrats.org\/jobs-and-internships\/","url":"https:\/\/nebraskademocrats.org\/jobs-and-internships\/","name":"Jobs and Internships &#8211; Nebraska Democratic Party","isPartOf":{"@id":"https:\/\/nebraskademocrats.org\/#website"},"datePublished":"2017-02-01T20:58:11+00:00","dateModified":"2023-06-08T19:02:14+00:00","breadcrumb":{"@id":"https:\/\/nebraskademocrats.org\/jobs-and-internships\/#breadcrumb"},"inLanguage":"es","potentialAction":[{"@type":"ReadAction","target":["https:\/\/nebraskademocrats.org\/jobs-and-internships\/"]}]},{"@type":"BreadcrumbList","@id":"https:\/\/nebraskademocrats.org\/jobs-and-internships\/#breadcrumb","itemListElement":[{"@type":"ListItem","position":1,"name":"Home","item":"https:\/\/nebraskademocrats.org\/"},{"@type":"ListItem","position":2,"name":"Jobs and Internships"}]},{"@type":"WebSite","@id":"https:\/\/nebraskademocrats.org\/#website","url":"https:\/\/nebraskademocrats.org\/","name":"Partido Dem\u00f3crata de Nebraska","description":"Cultivando la buena vida para todos los nebraskenses","publisher":{"@id":"https:\/\/nebraskademocrats.org\/#organization"},"potentialAction":[{"@type":"SearchAction","target":{"@type":"EntryPoint","urlTemplate":"https:\/\/nebraskademocrats.org\/?s={search_term_string}"},"query-input":{"@type":"PropertyValueSpecification","valueRequired":true,"valueName":"search_term_string"}}],"inLanguage":"es"},{"@type":"Organization","@id":"https:\/\/nebraskademocrats.org\/#organization","name":"Partido Dem\u00f3crata de Nebraska","url":"https:\/\/nebraskademocrats.org\/","logo":{"@type":"ImageObject","inLanguage":"es","@id":"https:\/\/nebraskademocrats.org\/#\/schema\/logo\/image\/","url":"https:\/\/nebraskadem.wpenginepowered.com\/wp-content\/uploads\/2016\/05\/NDP2.jpg","contentUrl":"https:\/\/nebraskadem.wpenginepowered.com\/wp-content\/uploads\/2016\/05\/NDP2.jpg","width":1000,"height":396,"caption":"Nebraska Democratic Party"},"image":{"@id":"https:\/\/nebraskademocrats.org\/#\/schema\/logo\/image\/"},"sameAs":["https:\/\/www.facebook.com\/NebraskaDemocraticParty\/","https:\/\/x.com\/nebraskadems"]}]}},"_links":{"self":[{"href":"https:\/\/nebraskademocrats.org\/es\/wp-json\/wp\/v2\/pages\/1924","targetHints":{"allow":["GET"]}}],"collection":[{"href":"https:\/\/nebraskademocrats.org\/es\/wp-json\/wp\/v2\/pages"}],"about":[{"href":"https:\/\/nebraskademocrats.org\/es\/wp-json\/wp\/v2\/types\/page"}],"author":[{"embeddable":true,"href":"https:\/\/nebraskademocrats.org\/es\/wp-json\/wp\/v2\/users\/19"}],"replies":[{"embeddable":true,"href":"https:\/\/nebraskademocrats.org\/es\/wp-json\/wp\/v2\/comments?post=1924"}],"version-history":[{"count":0,"href":"https:\/\/nebraskademocrats.org\/es\/wp-json\/wp\/v2\/pages\/1924\/revisions"}],"wp:attachment":[{"href":"https:\/\/nebraskademocrats.org\/es\/wp-json\/wp\/v2\/media?parent=1924"}],"curies":[{"name":"wp","href":"https:\/\/api.w.org\/{rel}","templated":true}]}}