{"id":22409,"date":"2020-08-05T15:16:59","date_gmt":"2020-08-05T20:16:59","guid":{"rendered":"https:\/\/nebraskadem.wpenginepowered.com\/?page_id=22409"},"modified":"2020-09-26T11:10:38","modified_gmt":"2020-09-26T16:10:38","slug":"athome","status":"publish","type":"page","link":"https:\/\/nebraskademocrats.org\/es\/athome\/","title":{"rendered":"Recaudaci\u00f3n de fondos Morrison Exon: En casa con los dem\u00f3cratas de Nebraska"},"content":{"rendered":"<p><img fetchpriority=\"high\" decoding=\"async\" class=\"alignnone wp-image-24788 size-large\" src=\"https:\/\/nebraskadem.wpenginepowered.com\/wp-content\/uploads\/2020\/09\/NEBDEMS-2020-ME-Women-FB_Event-1024x576.png\" alt=\"\" width=\"1024\" height=\"576\" srcset=\"https:\/\/nebraskademocrats.org\/wp-content\/uploads\/2020\/09\/NEBDEMS-2020-ME-Women-FB_Event-1024x576.png 1024w, https:\/\/nebraskademocrats.org\/wp-content\/uploads\/2020\/09\/NEBDEMS-2020-ME-Women-FB_Event-300x169.png 300w, https:\/\/nebraskademocrats.org\/wp-content\/uploads\/2020\/09\/NEBDEMS-2020-ME-Women-FB_Event-768x432.png 768w, https:\/\/nebraskademocrats.org\/wp-content\/uploads\/2020\/09\/NEBDEMS-2020-ME-Women-FB_Event-1536x864.png 1536w, https:\/\/nebraskademocrats.org\/wp-content\/uploads\/2020\/09\/NEBDEMS-2020-ME-Women-FB_Event.png 1920w\" sizes=\"(max-width: 1024px) 100vw, 1024px\" \/><\/p>\n<h2><strong>Informaci\u00f3n del evento para titulares de entradas<\/strong><\/h2>\n<p>Revise su correo electr\u00f3nico para ver el enlace para ingresar al evento el domingo. Siga las instrucciones del correo electr\u00f3nico.<\/p>\n<p><strong><a href=\"https:\/\/nebraskadem.wpenginepowered.com\/wp-content\/uploads\/2020\/09\/NEBDEMS-2020-ME-Program-3.pdf\">Mira el programa<\/a><\/strong>\u00a0para el evento, incluidos los patrocinadores y recetas de bebidas especiales que creamos solo para este evento.<\/p>\n<p>Si tiene problemas para asistir al evento o tiene otras preguntas, llame al (402) 326-5733 o env\u00ede un correo electr\u00f3nico a info@nebraskademocrats.org.<\/p>\n<h2><strong>\u00danase a nosotros para el ex\u00f3n de Morrison\u00a0<\/strong><\/h2>\n<p><span style=\"font-weight: 400;\">Nuestro evento anual de recaudaci\u00f3n de fondos Morrison Exon est\u00e1 sucediendo a la vuelta de la esquina, este domingo 27 de septiembre de hecho, \u00a1y tenemos algunas noticias emocionantes!<\/span><\/p>\n<p><span style=\"font-weight: 400;\">Cori Bush, enfermera, pastora, madre soltera y activista de Ferguson que se postula para representar el primer distrito del Congreso de Missouri <\/span><span style=\"font-weight: 400;\">se unir\u00e1 a nosotros para ayudar a recaudar fondos para el Candidates of Color Fund y los Frank LaMere Grassroots Fellows.<\/span><\/p>\n<p><span style=\"font-weight: 400;\">Conseguir su<\/span><a href=\"https:\/\/secure.actblue.com\/donate\/meathome\"> <b>entradas para este poderoso evento<\/b><\/a> <span style=\"font-weight: 400;\">- Entradas a partir de $20.20.<\/span><\/p>\n<p style=\"text-align: center;\"><b>El evento del ex\u00f3n de Morrison 2020 es el 27 de septiembre de 2020<\/b><br \/>\n<b>Recepciones VIP, 5:30 pm CT<\/b><br \/>\n<b>Evento principal con oradores principales y premios, 6 pm CT<\/b><\/p>\n<p><span style=\"font-weight: 400;\">Como saben, la senadora Elizabeth Warren y la representante Deb Haaland dar\u00e1n un discurso inaugural del evento con una conversaci\u00f3n sobre los temas clave que enfrenta nuestro estado con la senadora estatal Kate Bolz y Kara Eastman, dos din\u00e1micas candidatas al Congreso que har\u00e1n historia juntas cuando se conviertan en las primeras mujeres en representar NE1 y NE2.<\/span><\/p>\n<p><span style=\"font-weight: 400;\">El tema de este a\u00f1o es &quot;En casa con los dem\u00f3cratas de Nebraska&quot;.<\/span><\/p>\n<h2><strong>Mesas VIP y donantes mensuales<\/strong><\/h2>\n<p><strong><a href=\"https:\/\/secure.actblue.com\/donate\/meathome\">Compra de entradas y mesas VIP<\/a><\/strong><\/p>\n<div>\n<p><strong>Donantes mensuales:<\/strong> Si es un donante mensual de m\u00e1s de $50 por mes, hay una opci\u00f3n en la p\u00e1gina del ticket para <a href=\"https:\/\/secure.actblue.com\/donate\/meathome\">reclama tu entrada gratis<\/a>.<\/p>\n<p><strong>Mesas VIP:<\/strong> los <strong><a href=\"https:\/\/secure.actblue.com\/donate\/meathome\">Mesa VIP<\/a><\/strong>, ya que virtual, ser\u00e1 un poco diferente este a\u00f1o. Para una mesa VIP, con una donaci\u00f3n de $1,000, obtienes 10 boletos para el evento principal y obtienes una reuni\u00f3n VIP privada solo para tu mesa con un funcionario o candidato electo de Nebraska. Cuando compra la mesa en ActBlue, tiene la opci\u00f3n de darnos los nombres de los funcionarios o candidatos que prefiera. Los 10 invitados tambi\u00e9n reciben un art\u00edculo exclusivo del evento enviado a su hogar.<\/p>\n<p><strong>Entrada VIP:<\/strong> Un solo <a href=\"https:\/\/secure.actblue.com\/donate\/meathome\"><strong>Entrada VIP<\/strong><\/a> lo llevar\u00e1 a una reuni\u00f3n previa con otros poseedores de boletos VIP que estar\u00e1n con l\u00edderes del partido y varios funcionarios electos. Tambi\u00e9n recibir\u00e1 por correo un elemento de evento exclusivo.<\/p>\n<h2><strong>Paquetes de patrocinio<\/strong><\/h2>\n<p>Si desea ser patrocinador del evento, env\u00ede un correo electr\u00f3nico <a href=\"mailto: jim@nebraskademocrats.org\">Jim Rogers<\/a>. Creamos paquetes para satisfacer las necesidades de los patrocinadores.<\/p>\n<\/div>\n<h2><strong>Premios al voluntario Morrison Exon<\/strong><\/h2>\n<p><span style=\"font-weight: 400;\">Durante el evento Morrison Exon, presentamos premios a voluntarios que trabajan duro, funcionarios electos y l\u00edderes de partidos.<\/span><\/p>\n<p><b><i>Tambi\u00e9n estamos orgullosos de anunciar a nuestros ganadores de premios anuales que ser\u00e1n honrados durante el programa Morrison Exon:<\/i><\/b><\/p>\n<p><span style=\"font-weight: 400;\"><strong>Premio Carrie Howard Sunshine:<\/strong> Yolanda Ch\u00e1vez Nuncio<\/span><\/p>\n<p><span style=\"font-weight: 400;\"><strong>Premio Anne Boyle Young Dem\u00f3crata:<\/strong> El concejal de la ciudad de Lincoln James Michael Bowers<\/span><\/p>\n<p><span style=\"font-weight: 400;\"><strong>Premio Voluntario Bob Kerrey, 1er Distrito del Congreso:<\/strong> La presidenta de los J\u00f3venes Dem\u00f3cratas de Nebraska, Emma Craig<\/span><\/p>\n<p><span style=\"font-weight: 400;\"><strong>Premio Voluntario Bob Kerrey, Segundo Distrito del Congreso:<\/strong> Denise Blaya Powell y Leanne Prewitt, fundadoras de Women Who Run Nebraska<br \/>\n<\/span><span style=\"font-weight: 400;\"><br \/>\n<\/span><span style=\"font-weight: 400;\"><strong>Premio Voluntario Bob Kerrey, 3er Distrito del Congreso:<\/strong> Presidente del condado de Wayne, Kris Kinzie<\/span><\/p>\n<p><span style=\"font-weight: 400;\"><strong>Premio al valor del senador estatal:<\/strong> Senadora Carol Blood<\/span><\/p>\n<p><span style=\"font-weight: 400;\"><strong>Premio al voluntario del partido del condado de Ben Nelson:<\/strong> Presidenta del condado de Lancaster, Janet Chung<\/span><\/p>\n<p><span style=\"font-weight: 400;\"><strong>Premio Presidente del Partido de Estado:<\/strong> Senador Justin Wayne, miembro de la junta de OPS Kimara Snipe, presidente del comit\u00e9 negro Precious McKesson, Jasmine Harris y Alisha Shelton<\/span><\/p>\n<p><span style=\"font-weight: 400;\">Premio Frank LaMere Hall of Fame: presidente de reglas Trevor Fitzgerald<\/span><span style=\"font-weight: 400;\"><br \/>\n<\/span><\/p>\n<h3 style=\"text-align: center;\"><strong>ACERCA DE LOS PREMIOS ME<\/strong><\/h3>\n<p><b>Premio Presidente del Estado Parte<br \/>\n<\/b><span style=\"font-weight: 400;\">No se aceptan nominaciones para este premio. El Presidente del Estado Parte designa a una persona en el Partido para este premio anual.<\/span><\/p>\n<p><b>Premio Carrie Howard Sunshine<br \/>\n<\/b><span style=\"font-weight: 400;\">Los nominados deben ser personas dedicadas a mejorar tanto Nebraska Democratic Party como su comunidad como aliados de nuestros valores dem\u00f3cratas. El premio est\u00e1 abierto a cualquier aliado que trabaje o sea voluntario en la comunidad y no tiene que estar sirviendo en un papel de parte. Este premio se otorga en honor a Carrie Howard, hermana del senador Sara Howard e hija del senador Gwen Howard.<\/span><\/p>\n<p><b>Premio Anne Boyle Young Democrat<br \/>\n<\/b><span style=\"font-weight: 400;\">Los nominados para este premio deben ser una persona joven (usando los criterios de edad de los J\u00f3venes Dem\u00f3cratas menores de 35 a\u00f1os) honrados por sus excepcionales actividades voluntarias y su participaci\u00f3n dentro de la organizaci\u00f3n Nebraska Young Democrats y el Estado Parte. La comisionada Anne Boyle fue la primera mujer en servir en la Comisi\u00f3n de Servicio P\u00fablico y sirvi\u00f3 tres per\u00edodos de seis a\u00f1os a partir de 1996. Boyle fue nuestro Presidente del Partido del Estado de 1998 a 2001. Boyle se comprometi\u00f3 a levantar a los j\u00f3venes y asesorar a otros dem\u00f3cratas.<\/span><\/p>\n<p><b>Premio al voluntario Bob Kerrey<br \/>\n<\/b><span style=\"font-weight: 400;\">Los nominados para este premio deben ser voluntarios que personifiquen el esp\u00edritu del Nebraska Democratic Party. El premio se otorga a una persona que es incansable en apoyar las campa\u00f1as de Nebraska Democratic Party, partidos del condado y candidatos dentro del Distrito 1, 2 y 3, respectivamente. Se otorga un premio a un voluntario por distrito del Congreso. Se otorga un premio a un voluntario por distrito del Congreso. Bob Kerrey sirvi\u00f3 a nuestro estado como Gobernador de 1983 a 1987, como Senador de los Estados Unidos de 1989 a 2001 y fue candidato a la nominaci\u00f3n presidencial dem\u00f3crata en 1992. Kerrey sirvi\u00f3 a nuestra naci\u00f3n en la Comisi\u00f3n del 11 de septiembre y recibi\u00f3 la Medalla de Honor por su servicio durante Vietnam como Navy SEAL.<\/span><\/p>\n<p><b>Premio al voluntario del partido del condado de Ben Nelson<br \/>\n<\/b><span style=\"font-weight: 400;\">Los nominados deben ser voluntarios del Partido del Condado que hayan trabajado incansablemente para promover las actividades y los valores del Partido Dem\u00f3crata en su condado. Los nominados deben demostrar una dedicaci\u00f3n al servicio, la integridad, la organizaci\u00f3n de la infraestructura del partido de su condado y el apoyo a los candidatos dem\u00f3cratas locales. El senador Ben Nelson sirvi\u00f3 a nuestro estado como gobernador de 1991 a 1999 y como senador de los Estados Unidos de 2001 a 2013. Nelson fund\u00f3 el programa CHIP para garantizar que los ni\u00f1os de nuestro estado tuvieran acceso a un seguro de salud. Defensor del medio ambiente y los derechos de propiedad, Nelson neg\u00f3 la construcci\u00f3n de un vertedero de desechos nucleares en Sandhills.<\/span><\/p>\n<p><b>Premio al Sal\u00f3n de la Fama Frank LaMere<br \/>\n<\/b><span style=\"font-weight: 400;\">Los nominados deben ser un funcionario del Partido del Condado electo anterior o actual, un funcionario del Partido del Estado o un funcionario electo que est\u00e9 dedicado a los principios del Nebraska Democratic Party y que haya contribuido m\u00e1s all\u00e1 del llamado del deber al Nebraska Democratic Party junto con los problemas locales que afectan al estado y nivel nacional. Este es el premio m\u00e1s alto otorgado por el Nebraska Democratic Party. <\/span><a href=\"https:\/\/nebraskadem.wpenginepowered.com\/press-releases\/ndp-first-associate-chair-frank-lamere-passes-away\/\"><span style=\"font-weight: 400;\">Frank LaMere<\/span><\/a><span style=\"font-weight: 400;\"> fue el primer nativo americano en servir como miembro del DNC y fund\u00f3 el Caucus nacional e ind\u00edgena del estado. LaMere fue el nativo americano m\u00e1s antiguo en el DNC. Fue delegado a la Convenci\u00f3n Nacional Dem\u00f3crata siete veces consecutivas entre 1988 y 2012. LaMere tambi\u00e9n se desempe\u00f1\u00f3 como primer presidente asociado del PND. LaMere dedic\u00f3 su vida a la justicia social y ayud\u00f3 a cerrar las ventas ilegales de cerveza en Whiteclay, NE, justo al otro lado de la frontera de la reserva india de Pine Ridge.<\/span><\/p>\n<p><a href=\"https:\/\/nebraskadem.wpenginepowered.com\/about\/morrison-exon-annual-awards\/\"><span style=\"font-weight: 400;\">Lea m\u00e1s sobre ganadores de premios anteriores.<\/span><\/a><\/p>","protected":false},"excerpt":{"rendered":"<p>Event Info for Ticket Holders Check your email for the link to get into the event on Sunday. Please follow the instructions in the email. Check out the program\u00a0for the event, including sponsors and special drink recipes we created just for this event! If you have trouble getting into the event or have other questions, &#8230; <a title=\"Recaudaci\u00f3n de fondos Morrison Exon: En casa con los dem\u00f3cratas de Nebraska\" class=\"read-more\" href=\"https:\/\/nebraskademocrats.org\/es\/athome\/\" aria-label=\"More on Morrison Exon Fundraiser: At Home with Nebraska Democrats\">Lee mas<\/a><\/p>","protected":false},"author":19,"featured_media":0,"parent":0,"menu_order":0,"comment_status":"closed","ping_status":"closed","template":"","meta":{"_acf_changed":false,"_exactmetrics_skip_tracking":false,"_exactmetrics_sitenote_active":false,"_exactmetrics_sitenote_note":"","_exactmetrics_sitenote_category":0,"footnotes":""},"class_list":["post-22409","page","type-page","status-publish"],"acf":[],"yoast_head":"<!-- This site is optimized with the Yoast SEO plugin v27.1.1 - https:\/\/yoast.com\/product\/yoast-seo-wordpress\/ -->\n<title>Morrison Exon Fundraiser: At Home with Nebraska Democrats &#8211; Nebraska Democratic Party<\/title>\n<meta name=\"robots\" content=\"index, follow, max-snippet:-1, max-image-preview:large, max-video-preview:-1\" \/>\n<link rel=\"canonical\" href=\"https:\/\/nebraskademocrats.org\/es\/athome\/\" \/>\n<meta property=\"og:locale\" content=\"es_MX\" \/>\n<meta property=\"og:type\" content=\"article\" \/>\n<meta property=\"og:title\" content=\"Morrison Exon Fundraiser: At Home with Nebraska Democrats &#8211; Nebraska Democratic Party\" \/>\n<meta property=\"og:description\" content=\"Event Info for Ticket Holders Check your email for the link to get into the event on Sunday. Please follow the instructions in the email. Check out the program\u00a0for the event, including sponsors and special drink recipes we created just for this event! If you have trouble getting into the event or have other questions, ... Read more\" \/>\n<meta property=\"og:url\" content=\"https:\/\/nebraskademocrats.org\/es\/athome\/\" \/>\n<meta property=\"og:site_name\" content=\"Nebraska Democratic Party\" \/>\n<meta property=\"article:publisher\" content=\"https:\/\/www.facebook.com\/NebraskaDemocraticParty\/\" \/>\n<meta property=\"article:modified_time\" content=\"2020-09-26T16:10:38+00:00\" \/>\n<meta property=\"og:image\" content=\"https:\/\/nebraskadem.wpenginepowered.com\/wp-content\/uploads\/2020\/09\/NEBDEMS-2020-ME-Women-FB_Event-1024x576.png\" \/>\n<meta name=\"twitter:card\" content=\"summary_large_image\" \/>\n<meta name=\"twitter:site\" content=\"@nebraskadems\" \/>\n<meta name=\"twitter:label1\" content=\"Tiempo de lectura\" \/>\n\t<meta name=\"twitter:data1\" content=\"6 minutos\" \/>\n<script type=\"application\/ld+json\" class=\"yoast-schema-graph\">{\"@context\":\"https:\/\/schema.org\",\"@graph\":[{\"@type\":\"WebPage\",\"@id\":\"https:\/\/nebraskademocrats.org\/athome\/\",\"url\":\"https:\/\/nebraskademocrats.org\/athome\/\",\"name\":\"Morrison Exon Fundraiser: At Home with Nebraska Democrats &#8211; Nebraska Democratic Party\",\"isPartOf\":{\"@id\":\"https:\/\/nebraskademocrats.org\/#website\"},\"primaryImageOfPage\":{\"@id\":\"https:\/\/nebraskademocrats.org\/athome\/#primaryimage\"},\"image\":{\"@id\":\"https:\/\/nebraskademocrats.org\/athome\/#primaryimage\"},\"thumbnailUrl\":\"https:\/\/nebraskadem.wpenginepowered.com\/wp-content\/uploads\/2020\/09\/NEBDEMS-2020-ME-Women-FB_Event-1024x576.png\",\"datePublished\":\"2020-08-05T20:16:59+00:00\",\"dateModified\":\"2020-09-26T16:10:38+00:00\",\"breadcrumb\":{\"@id\":\"https:\/\/nebraskademocrats.org\/athome\/#breadcrumb\"},\"inLanguage\":\"es\",\"potentialAction\":[{\"@type\":\"ReadAction\",\"target\":[\"https:\/\/nebraskademocrats.org\/athome\/\"]}]},{\"@type\":\"ImageObject\",\"inLanguage\":\"es\",\"@id\":\"https:\/\/nebraskademocrats.org\/athome\/#primaryimage\",\"url\":\"https:\/\/nebraskadem.wpenginepowered.com\/wp-content\/uploads\/2020\/09\/NEBDEMS-2020-ME-Women-FB_Event-1024x576.png\",\"contentUrl\":\"https:\/\/nebraskadem.wpenginepowered.com\/wp-content\/uploads\/2020\/09\/NEBDEMS-2020-ME-Women-FB_Event-1024x576.png\"},{\"@type\":\"BreadcrumbList\",\"@id\":\"https:\/\/nebraskademocrats.org\/athome\/#breadcrumb\",\"itemListElement\":[{\"@type\":\"ListItem\",\"position\":1,\"name\":\"Home\",\"item\":\"https:\/\/nebraskademocrats.org\/\"},{\"@type\":\"ListItem\",\"position\":2,\"name\":\"Morrison Exon Fundraiser: At Home with Nebraska Democrats\"}]},{\"@type\":\"WebSite\",\"@id\":\"https:\/\/nebraskademocrats.org\/#website\",\"url\":\"https:\/\/nebraskademocrats.org\/\",\"name\":\"Nebraska Democratic Party\",\"description\":\"Growing the Good Life for All Nebraskans\",\"publisher\":{\"@id\":\"https:\/\/nebraskademocrats.org\/#organization\"},\"potentialAction\":[{\"@type\":\"SearchAction\",\"target\":{\"@type\":\"EntryPoint\",\"urlTemplate\":\"https:\/\/nebraskademocrats.org\/?s={search_term_string}\"},\"query-input\":{\"@type\":\"PropertyValueSpecification\",\"valueRequired\":true,\"valueName\":\"search_term_string\"}}],\"inLanguage\":\"es\"},{\"@type\":\"Organization\",\"@id\":\"https:\/\/nebraskademocrats.org\/#organization\",\"name\":\"Nebraska Democratic Party\",\"url\":\"https:\/\/nebraskademocrats.org\/\",\"logo\":{\"@type\":\"ImageObject\",\"inLanguage\":\"es\",\"@id\":\"https:\/\/nebraskademocrats.org\/#\/schema\/logo\/image\/\",\"url\":\"https:\/\/nebraskadem.wpenginepowered.com\/wp-content\/uploads\/2016\/05\/NDP2.jpg\",\"contentUrl\":\"https:\/\/nebraskadem.wpenginepowered.com\/wp-content\/uploads\/2016\/05\/NDP2.jpg\",\"width\":1000,\"height\":396,\"caption\":\"Nebraska Democratic Party\"},\"image\":{\"@id\":\"https:\/\/nebraskademocrats.org\/#\/schema\/logo\/image\/\"},\"sameAs\":[\"https:\/\/www.facebook.com\/NebraskaDemocraticParty\/\",\"https:\/\/x.com\/nebraskadems\"]}]}<\/script>\n<!-- \/ Yoast SEO plugin. -->","yoast_head_json":{"title":"Morrison Exon Fundraiser: At Home with Nebraska Democrats &#8211; Nebraska Democratic Party","robots":{"index":"index","follow":"follow","max-snippet":"max-snippet:-1","max-image-preview":"max-image-preview:large","max-video-preview":"max-video-preview:-1"},"canonical":"https:\/\/nebraskademocrats.org\/es\/athome\/","og_locale":"es_MX","og_type":"article","og_title":"Morrison Exon Fundraiser: At Home with Nebraska Democrats &#8211; Nebraska Democratic Party","og_description":"Event Info for Ticket Holders Check your email for the link to get into the event on Sunday. Please follow the instructions in the email. Check out the program\u00a0for the event, including sponsors and special drink recipes we created just for this event! If you have trouble getting into the event or have other questions, ... Read more","og_url":"https:\/\/nebraskademocrats.org\/es\/athome\/","og_site_name":"Nebraska Democratic Party","article_publisher":"https:\/\/www.facebook.com\/NebraskaDemocraticParty\/","article_modified_time":"2020-09-26T16:10:38+00:00","og_image":[{"url":"https:\/\/nebraskadem.wpenginepowered.com\/wp-content\/uploads\/2020\/09\/NEBDEMS-2020-ME-Women-FB_Event-1024x576.png","type":"","width":"","height":""}],"twitter_card":"summary_large_image","twitter_site":"@nebraskadems","twitter_misc":{"Tiempo de lectura":"6 minutos"},"schema":{"@context":"https:\/\/schema.org","@graph":[{"@type":"WebPage","@id":"https:\/\/nebraskademocrats.org\/athome\/","url":"https:\/\/nebraskademocrats.org\/athome\/","name":"Morrison Exon Fundraiser: At Home with Nebraska Democrats &#8211; Nebraska Democratic Party","isPartOf":{"@id":"https:\/\/nebraskademocrats.org\/#website"},"primaryImageOfPage":{"@id":"https:\/\/nebraskademocrats.org\/athome\/#primaryimage"},"image":{"@id":"https:\/\/nebraskademocrats.org\/athome\/#primaryimage"},"thumbnailUrl":"https:\/\/nebraskadem.wpenginepowered.com\/wp-content\/uploads\/2020\/09\/NEBDEMS-2020-ME-Women-FB_Event-1024x576.png","datePublished":"2020-08-05T20:16:59+00:00","dateModified":"2020-09-26T16:10:38+00:00","breadcrumb":{"@id":"https:\/\/nebraskademocrats.org\/athome\/#breadcrumb"},"inLanguage":"es","potentialAction":[{"@type":"ReadAction","target":["https:\/\/nebraskademocrats.org\/athome\/"]}]},{"@type":"ImageObject","inLanguage":"es","@id":"https:\/\/nebraskademocrats.org\/athome\/#primaryimage","url":"https:\/\/nebraskadem.wpenginepowered.com\/wp-content\/uploads\/2020\/09\/NEBDEMS-2020-ME-Women-FB_Event-1024x576.png","contentUrl":"https:\/\/nebraskadem.wpenginepowered.com\/wp-content\/uploads\/2020\/09\/NEBDEMS-2020-ME-Women-FB_Event-1024x576.png"},{"@type":"BreadcrumbList","@id":"https:\/\/nebraskademocrats.org\/athome\/#breadcrumb","itemListElement":[{"@type":"ListItem","position":1,"name":"Home","item":"https:\/\/nebraskademocrats.org\/"},{"@type":"ListItem","position":2,"name":"Morrison Exon Fundraiser: At Home with Nebraska Democrats"}]},{"@type":"WebSite","@id":"https:\/\/nebraskademocrats.org\/#website","url":"https:\/\/nebraskademocrats.org\/","name":"Partido Dem\u00f3crata de Nebraska","description":"Cultivando la buena vida para todos los nebraskenses","publisher":{"@id":"https:\/\/nebraskademocrats.org\/#organization"},"potentialAction":[{"@type":"SearchAction","target":{"@type":"EntryPoint","urlTemplate":"https:\/\/nebraskademocrats.org\/?s={search_term_string}"},"query-input":{"@type":"PropertyValueSpecification","valueRequired":true,"valueName":"search_term_string"}}],"inLanguage":"es"},{"@type":"Organization","@id":"https:\/\/nebraskademocrats.org\/#organization","name":"Partido Dem\u00f3crata de Nebraska","url":"https:\/\/nebraskademocrats.org\/","logo":{"@type":"ImageObject","inLanguage":"es","@id":"https:\/\/nebraskademocrats.org\/#\/schema\/logo\/image\/","url":"https:\/\/nebraskadem.wpenginepowered.com\/wp-content\/uploads\/2016\/05\/NDP2.jpg","contentUrl":"https:\/\/nebraskadem.wpenginepowered.com\/wp-content\/uploads\/2016\/05\/NDP2.jpg","width":1000,"height":396,"caption":"Nebraska Democratic Party"},"image":{"@id":"https:\/\/nebraskademocrats.org\/#\/schema\/logo\/image\/"},"sameAs":["https:\/\/www.facebook.com\/NebraskaDemocraticParty\/","https:\/\/x.com\/nebraskadems"]}]}},"_links":{"self":[{"href":"https:\/\/nebraskademocrats.org\/es\/wp-json\/wp\/v2\/pages\/22409","targetHints":{"allow":["GET"]}}],"collection":[{"href":"https:\/\/nebraskademocrats.org\/es\/wp-json\/wp\/v2\/pages"}],"about":[{"href":"https:\/\/nebraskademocrats.org\/es\/wp-json\/wp\/v2\/types\/page"}],"author":[{"embeddable":true,"href":"https:\/\/nebraskademocrats.org\/es\/wp-json\/wp\/v2\/users\/19"}],"replies":[{"embeddable":true,"href":"https:\/\/nebraskademocrats.org\/es\/wp-json\/wp\/v2\/comments?post=22409"}],"version-history":[{"count":0,"href":"https:\/\/nebraskademocrats.org\/es\/wp-json\/wp\/v2\/pages\/22409\/revisions"}],"wp:attachment":[{"href":"https:\/\/nebraskademocrats.org\/es\/wp-json\/wp\/v2\/media?parent=22409"}],"curies":[{"name":"wp","href":"https:\/\/api.w.org\/{rel}","templated":true}]}}