{"id":30813,"date":"2021-01-26T10:41:24","date_gmt":"2021-01-26T16:41:24","guid":{"rendered":"https:\/\/nebraskadem.wpenginepowered.com\/?page_id=30813"},"modified":"2021-01-26T10:46:12","modified_gmt":"2021-01-26T16:46:12","slug":"sample-emails-to-state-senators-on-lb76-and-lr3ca","status":"publish","type":"page","link":"https:\/\/nebraskademocrats.org\/es\/sample-emails-to-state-senators-on-lb76-and-lr3ca\/","title":{"rendered":"Sample emails to state senators on LB76 and LR3CA"},"content":{"rendered":"<p><b>Eliminando el sistema de voto electoral dividido<\/b><span style=\"font-weight: 400;\"><br \/>\n<\/span><\/p>\n<p>Asunto: LB76<\/p>\n<p>Cuerpo del correo electr\u00f3nico:<\/p>\n<p>Estimado senador (inserte el nombre):<\/p>\n<p>I am writing to oppose LB76, which would return <span style=\"font-weight: 400;\">Nebraska al m\u00e9todo de &quot;el ganador se lo lleva todo&quot; de asignar los votos del Colegio Electoral.\u00a0<\/span><\/p>\n<div class=\"lee-article-text\">\n<p>El Colegio Electoral se asegura de que todos los estados, grandes y peque\u00f1os, desempe\u00f1en un papel en la elecci\u00f3n del presidente y vicepresidente.<\/p>\n<\/div>\n<div id=\"tncms-region-article_instory_middle\" class=\"tncms-region hidden-print\">\n<div id=\"tncms-block-1727966\" class=\"tncms-block\">\n<p>El modelo de Nebraska de otorgar votos electorales que refleja el voto de la gente por distrito del Congreso y la direcci\u00f3n de los dos electores del estado, designados para la representaci\u00f3n en el Senado, que van al vencedor en todo el estado, honra los principios de los fundadores.<\/p>\n<p>Espero que se unan a m\u00ed para oponerse a LB76.<\/p>\n<\/div>\n<\/div>\n<div><\/div>\n<div>Sinceramente,<br \/>\nTu nombre<\/div>\n<div>Habla a<\/div>\n<div>\n<p>N\u00famero de tel\u00e9fono<\/p>\n<p><b>Requerir identificaci\u00f3n de votante<\/b><b><br \/>\n<\/b><\/p>\n<\/div>\n<p><span style=\"font-weight: 400;\">Asunto: LR3CA<\/span><\/p>\n<p><span style=\"font-weight: 400;\">Cuerpo del correo electr\u00f3nico:<\/span><\/p>\n<p><span style=\"font-weight: 400;\">Estimado Senador (inserte el nombre)<\/span><\/p>\n<p><span style=\"font-weight: 400;\">I am writing to oppose <\/span>Legislative Resolution 3CA,<span style=\"font-weight: 400;\">\u00a0a constitutional amendment that, if passed by voters, would require photo identification for voting.<\/span><\/p>\n<p>Las leyes de identificaci\u00f3n de votantes son parte de una estrategia continua para hacer retroceder d\u00e9cadas de progreso en los derechos de voto.<\/p>\n<p>Las leyes de identificaci\u00f3n de votantes privan a muchos votantes de su derecho al voto, reducen la participaci\u00f3n y se oponen directamente a la tendencia de nuestro pa\u00eds de incluir a m\u00e1s estadounidenses en el proceso democr\u00e1tico.<\/p>\n<div id=\"tncms-region-article_instory_middle\" class=\"tncms-region hidden-print\">\n<div id=\"tncms-block-1727966\" class=\"tncms-block\">Espero que se unan a m\u00ed para oponerse a LR3CA.<\/div>\n<\/div>\n<div><\/div>\n<div>Sinceramente,<br \/>\nTu nombre<\/div>\n<div>Habla a<\/div>\n<div>N\u00famero de tel\u00e9fono<\/div>","protected":false},"excerpt":{"rendered":"<p>Taking Away the Split Electoral Vote System Subject: LB76 Body of email: Dear Sen. (insert name), I am writing to oppose LB76, which would return Nebraska to the winner-take-all method of allocating Electoral College votes.\u00a0 The Electoral College makes certain that every state &#8212; large and small &#8212; plays a role in the election of &#8230; <a title=\"Sample emails to state senators on LB76 and LR3CA\" class=\"read-more\" href=\"https:\/\/nebraskademocrats.org\/es\/sample-emails-to-state-senators-on-lb76-and-lr3ca\/\" aria-label=\"More on Sample emails to state senators on LB76 and LR3CA\">Lee mas<\/a><\/p>","protected":false},"author":19,"featured_media":0,"parent":0,"menu_order":0,"comment_status":"closed","ping_status":"closed","template":"","meta":{"_acf_changed":false,"_exactmetrics_skip_tracking":false,"_exactmetrics_sitenote_active":false,"_exactmetrics_sitenote_note":"","_exactmetrics_sitenote_category":0,"footnotes":""},"class_list":["post-30813","page","type-page","status-publish"],"acf":[],"yoast_head":"<!-- This site is optimized with the Yoast SEO plugin v27.4 - https:\/\/yoast.com\/product\/yoast-seo-wordpress\/ -->\n<title>Sample emails to state senators on LB76 and LR3CA &#8211; Nebraska Democratic Party<\/title>\n<meta name=\"robots\" content=\"index, follow, max-snippet:-1, max-image-preview:large, max-video-preview:-1\" \/>\n<link rel=\"canonical\" href=\"https:\/\/nebraskademocrats.org\/es\/sample-emails-to-state-senators-on-lb76-and-lr3ca\/\" \/>\n<meta property=\"og:locale\" content=\"es_MX\" \/>\n<meta property=\"og:type\" content=\"article\" \/>\n<meta property=\"og:title\" content=\"Sample emails to state senators on LB76 and LR3CA &#8211; Nebraska Democratic Party\" \/>\n<meta property=\"og:description\" content=\"Taking Away the Split Electoral Vote System Subject: LB76 Body of email: Dear Sen. (insert name), I am writing to oppose LB76, which would return Nebraska to the winner-take-all method of allocating Electoral College votes.\u00a0 The Electoral College makes certain that every state &#8212; large and small &#8212; plays a role in the election of ... Read more\" \/>\n<meta property=\"og:url\" content=\"https:\/\/nebraskademocrats.org\/es\/sample-emails-to-state-senators-on-lb76-and-lr3ca\/\" \/>\n<meta property=\"og:site_name\" content=\"Nebraska Democratic Party\" \/>\n<meta property=\"article:publisher\" content=\"https:\/\/www.facebook.com\/NebraskaDemocraticParty\/\" \/>\n<meta property=\"article:modified_time\" content=\"2021-01-26T16:46:12+00:00\" \/>\n<meta property=\"og:image\" content=\"https:\/\/nebraskademocrats.org\/wp-content\/uploads\/2018\/09\/ne-dems-fb.jpg\" \/>\n\t<meta property=\"og:image:width\" content=\"1200\" \/>\n\t<meta property=\"og:image:height\" content=\"630\" \/>\n\t<meta property=\"og:image:type\" content=\"image\/jpeg\" \/>\n<meta name=\"twitter:card\" content=\"summary_large_image\" \/>\n<meta name=\"twitter:site\" content=\"@nebraskadems\" \/>\n<meta name=\"twitter:label1\" content=\"Tiempo de lectura\" \/>\n\t<meta name=\"twitter:data1\" content=\"1 minuto\" \/>\n<script type=\"application\/ld+json\" class=\"yoast-schema-graph\">{\"@context\":\"https:\\\/\\\/schema.org\",\"@graph\":[{\"@type\":\"WebPage\",\"@id\":\"https:\\\/\\\/nebraskademocrats.org\\\/sample-emails-to-state-senators-on-lb76-and-lr3ca\\\/\",\"url\":\"https:\\\/\\\/nebraskademocrats.org\\\/sample-emails-to-state-senators-on-lb76-and-lr3ca\\\/\",\"name\":\"Sample emails to state senators on LB76 and LR3CA &#8211; Nebraska Democratic Party\",\"isPartOf\":{\"@id\":\"https:\\\/\\\/nebraskademocrats.org\\\/#website\"},\"datePublished\":\"2021-01-26T16:41:24+00:00\",\"dateModified\":\"2021-01-26T16:46:12+00:00\",\"breadcrumb\":{\"@id\":\"https:\\\/\\\/nebraskademocrats.org\\\/sample-emails-to-state-senators-on-lb76-and-lr3ca\\\/#breadcrumb\"},\"inLanguage\":\"es\",\"potentialAction\":[{\"@type\":\"ReadAction\",\"target\":[\"https:\\\/\\\/nebraskademocrats.org\\\/sample-emails-to-state-senators-on-lb76-and-lr3ca\\\/\"]}]},{\"@type\":\"BreadcrumbList\",\"@id\":\"https:\\\/\\\/nebraskademocrats.org\\\/sample-emails-to-state-senators-on-lb76-and-lr3ca\\\/#breadcrumb\",\"itemListElement\":[{\"@type\":\"ListItem\",\"position\":1,\"name\":\"Home\",\"item\":\"https:\\\/\\\/nebraskademocrats.org\\\/\"},{\"@type\":\"ListItem\",\"position\":2,\"name\":\"Sample emails to state senators on LB76 and LR3CA\"}]},{\"@type\":\"WebSite\",\"@id\":\"https:\\\/\\\/nebraskademocrats.org\\\/#website\",\"url\":\"https:\\\/\\\/nebraskademocrats.org\\\/\",\"name\":\"Nebraska Democratic Party\",\"description\":\"Growing the Good Life for All Nebraskans\",\"publisher\":{\"@id\":\"https:\\\/\\\/nebraskademocrats.org\\\/#organization\"},\"potentialAction\":[{\"@type\":\"SearchAction\",\"target\":{\"@type\":\"EntryPoint\",\"urlTemplate\":\"https:\\\/\\\/nebraskademocrats.org\\\/?s={search_term_string}\"},\"query-input\":{\"@type\":\"PropertyValueSpecification\",\"valueRequired\":true,\"valueName\":\"search_term_string\"}}],\"inLanguage\":\"es\"},{\"@type\":\"Organization\",\"@id\":\"https:\\\/\\\/nebraskademocrats.org\\\/#organization\",\"name\":\"Nebraska Democratic Party\",\"url\":\"https:\\\/\\\/nebraskademocrats.org\\\/\",\"logo\":{\"@type\":\"ImageObject\",\"inLanguage\":\"es\",\"@id\":\"https:\\\/\\\/nebraskademocrats.org\\\/#\\\/schema\\\/logo\\\/image\\\/\",\"url\":\"https:\\\/\\\/nebraskadem.wpenginepowered.com\\\/wp-content\\\/uploads\\\/2016\\\/05\\\/NDP2.jpg\",\"contentUrl\":\"https:\\\/\\\/nebraskadem.wpenginepowered.com\\\/wp-content\\\/uploads\\\/2016\\\/05\\\/NDP2.jpg\",\"width\":1000,\"height\":396,\"caption\":\"Nebraska Democratic Party\"},\"image\":{\"@id\":\"https:\\\/\\\/nebraskademocrats.org\\\/#\\\/schema\\\/logo\\\/image\\\/\"},\"sameAs\":[\"https:\\\/\\\/www.facebook.com\\\/NebraskaDemocraticParty\\\/\",\"https:\\\/\\\/x.com\\\/nebraskadems\"]}]}<\/script>\n<!-- \/ Yoast SEO plugin. -->","yoast_head_json":{"title":"Sample emails to state senators on LB76 and LR3CA &#8211; Nebraska Democratic Party","robots":{"index":"index","follow":"follow","max-snippet":"max-snippet:-1","max-image-preview":"max-image-preview:large","max-video-preview":"max-video-preview:-1"},"canonical":"https:\/\/nebraskademocrats.org\/es\/sample-emails-to-state-senators-on-lb76-and-lr3ca\/","og_locale":"es_MX","og_type":"article","og_title":"Sample emails to state senators on LB76 and LR3CA &#8211; Nebraska Democratic Party","og_description":"Taking Away the Split Electoral Vote System Subject: LB76 Body of email: Dear Sen. (insert name), I am writing to oppose LB76, which would return Nebraska to the winner-take-all method of allocating Electoral College votes.\u00a0 The Electoral College makes certain that every state &#8212; large and small &#8212; plays a role in the election of ... Read more","og_url":"https:\/\/nebraskademocrats.org\/es\/sample-emails-to-state-senators-on-lb76-and-lr3ca\/","og_site_name":"Nebraska Democratic Party","article_publisher":"https:\/\/www.facebook.com\/NebraskaDemocraticParty\/","article_modified_time":"2021-01-26T16:46:12+00:00","og_image":[{"width":1200,"height":630,"url":"https:\/\/nebraskademocrats.org\/wp-content\/uploads\/2018\/09\/ne-dems-fb.jpg","type":"image\/jpeg"}],"twitter_card":"summary_large_image","twitter_site":"@nebraskadems","twitter_misc":{"Tiempo de lectura":"1 minuto"},"schema":{"@context":"https:\/\/schema.org","@graph":[{"@type":"WebPage","@id":"https:\/\/nebraskademocrats.org\/sample-emails-to-state-senators-on-lb76-and-lr3ca\/","url":"https:\/\/nebraskademocrats.org\/sample-emails-to-state-senators-on-lb76-and-lr3ca\/","name":"Sample emails to state senators on LB76 and LR3CA &#8211; Nebraska Democratic Party","isPartOf":{"@id":"https:\/\/nebraskademocrats.org\/#website"},"datePublished":"2021-01-26T16:41:24+00:00","dateModified":"2021-01-26T16:46:12+00:00","breadcrumb":{"@id":"https:\/\/nebraskademocrats.org\/sample-emails-to-state-senators-on-lb76-and-lr3ca\/#breadcrumb"},"inLanguage":"es","potentialAction":[{"@type":"ReadAction","target":["https:\/\/nebraskademocrats.org\/sample-emails-to-state-senators-on-lb76-and-lr3ca\/"]}]},{"@type":"BreadcrumbList","@id":"https:\/\/nebraskademocrats.org\/sample-emails-to-state-senators-on-lb76-and-lr3ca\/#breadcrumb","itemListElement":[{"@type":"ListItem","position":1,"name":"Home","item":"https:\/\/nebraskademocrats.org\/"},{"@type":"ListItem","position":2,"name":"Sample emails to state senators on LB76 and LR3CA"}]},{"@type":"WebSite","@id":"https:\/\/nebraskademocrats.org\/#website","url":"https:\/\/nebraskademocrats.org\/","name":"Partido Dem\u00f3crata de Nebraska","description":"Cultivando la buena vida para todos los nebraskenses","publisher":{"@id":"https:\/\/nebraskademocrats.org\/#organization"},"potentialAction":[{"@type":"SearchAction","target":{"@type":"EntryPoint","urlTemplate":"https:\/\/nebraskademocrats.org\/?s={search_term_string}"},"query-input":{"@type":"PropertyValueSpecification","valueRequired":true,"valueName":"search_term_string"}}],"inLanguage":"es"},{"@type":"Organization","@id":"https:\/\/nebraskademocrats.org\/#organization","name":"Partido Dem\u00f3crata de Nebraska","url":"https:\/\/nebraskademocrats.org\/","logo":{"@type":"ImageObject","inLanguage":"es","@id":"https:\/\/nebraskademocrats.org\/#\/schema\/logo\/image\/","url":"https:\/\/nebraskadem.wpenginepowered.com\/wp-content\/uploads\/2016\/05\/NDP2.jpg","contentUrl":"https:\/\/nebraskadem.wpenginepowered.com\/wp-content\/uploads\/2016\/05\/NDP2.jpg","width":1000,"height":396,"caption":"Nebraska Democratic Party"},"image":{"@id":"https:\/\/nebraskademocrats.org\/#\/schema\/logo\/image\/"},"sameAs":["https:\/\/www.facebook.com\/NebraskaDemocraticParty\/","https:\/\/x.com\/nebraskadems"]}]}},"_links":{"self":[{"href":"https:\/\/nebraskademocrats.org\/es\/wp-json\/wp\/v2\/pages\/30813","targetHints":{"allow":["GET"]}}],"collection":[{"href":"https:\/\/nebraskademocrats.org\/es\/wp-json\/wp\/v2\/pages"}],"about":[{"href":"https:\/\/nebraskademocrats.org\/es\/wp-json\/wp\/v2\/types\/page"}],"author":[{"embeddable":true,"href":"https:\/\/nebraskademocrats.org\/es\/wp-json\/wp\/v2\/users\/19"}],"replies":[{"embeddable":true,"href":"https:\/\/nebraskademocrats.org\/es\/wp-json\/wp\/v2\/comments?post=30813"}],"version-history":[{"count":0,"href":"https:\/\/nebraskademocrats.org\/es\/wp-json\/wp\/v2\/pages\/30813\/revisions"}],"wp:attachment":[{"href":"https:\/\/nebraskademocrats.org\/es\/wp-json\/wp\/v2\/media?parent=30813"}],"curies":[{"name":"wp","href":"https:\/\/api.w.org\/{rel}","templated":true}]}}