{"id":34334,"date":"2021-09-02T22:11:07","date_gmt":"2021-09-03T03:11:07","guid":{"rendered":"https:\/\/nebraskadem.wpenginepowered.com\/?page_id=34334"},"modified":"2021-09-03T11:15:42","modified_gmt":"2021-09-03T16:15:42","slug":"2021-midwest-rural-conference","status":"publish","type":"page","link":"https:\/\/nebraskademocrats.org\/es\/2021-midwest-rural-conference\/","title":{"rendered":"Conferencia Rural del Medio Oeste de 2021"},"content":{"rendered":"<h2><img fetchpriority=\"high\" decoding=\"async\" class=\"wp-image-34342 aligncenter\" src=\"https:\/\/nebraskadem.wpenginepowered.com\/wp-content\/uploads\/2021\/09\/REGIONAL-Mobilize-Headers-81_20210902180923419085.png\" alt=\"\" width=\"417\" height=\"218\" srcset=\"https:\/\/nebraskademocrats.org\/wp-content\/uploads\/2021\/09\/REGIONAL-Mobilize-Headers-81_20210902180923419085.png 944w, https:\/\/nebraskademocrats.org\/wp-content\/uploads\/2021\/09\/REGIONAL-Mobilize-Headers-81_20210902180923419085-300x157.png 300w, https:\/\/nebraskademocrats.org\/wp-content\/uploads\/2021\/09\/REGIONAL-Mobilize-Headers-81_20210902180923419085-768x402.png 768w, https:\/\/nebraskademocrats.org\/wp-content\/uploads\/2021\/09\/REGIONAL-Mobilize-Headers-81_20210902180923419085-18x9.png 18w\" sizes=\"(max-width: 417px) 100vw, 417px\" \/><\/h2>\n<h2 style=\"text-align: center;\">2 de octubre de 2021<br \/>\n9 am al mediod\u00eda CT<br \/>\nVirtual (mediante zoom)<br \/>\n<strong><a href=\"https:\/\/www.mobilize.us\/nebdems\/event\/411698\/\">\u00a1Registrate aqu\u00ed!<\/a><\/strong><\/h2>\n<p>Maestro de ceremonias: Consejo Agr\u00edcola y Rural del PND <strong>Presidente Roger<\/strong> Morgan con la silla NDP <strong>Jane Kleeb<\/strong><\/p>\n<h2 style=\"text-align: center;\">Tres sesiones de conferencias<\/h2>\n<ul>\n<li>La pol\u00edtica, los mitos y las realidades de la consolidaci\u00f3n de las escuelas rurales: Paul Theoabald<\/li>\n<li>Rompiendo barreras: Rural Healthcare y ACA: Cynthia Nunley<\/li>\n<li>30 x 30, El plan real frente a la m\u00e1quina de desinformaci\u00f3n republicana: John Hansen<\/li>\n<\/ul>\n<h2 style=\"text-align: center;\">Acerca de nuestros ponentes<\/h2>\n<p style=\"text-align: left;\"><strong>Paul Theobald<\/strong> Recientemente se retir\u00f3 de una carrera de 42 a\u00f1os como educador, 35 de esos a\u00f1os en la educaci\u00f3n superior.<\/p>\n<p style=\"text-align: left;\">Durante ocho a\u00f1os ocup\u00f3 la c\u00e1tedra Woods-Beals Endowed for Urban and Rural Education en Buffalo State-SUNY. Ha publicado m\u00e1s de 50 art\u00edculos y cap\u00edtulos de revistas, adem\u00e1s de tres libros.<\/p>\n<p style=\"text-align: left;\">Theobald se ha desempe\u00f1ado como testigo experto en casos de consolidaci\u00f3n escolar y en casos relacionados con las intenciones de los autores de la constituci\u00f3n estatal con respecto a proporcionar sistemas de educaci\u00f3n p\u00fablica gratuita.<\/p>\n<p style=\"text-align: left;\">En 2018 se postul\u00f3 sin \u00e9xito para el esca\u00f1o del Congreso del Tercer Distrito de Nebraska. Actualmente es presidente del Distrito 7 del Sindicato de Agricultores de Nebraska.<\/p>\n<p style=\"text-align: left;\"><strong>Cynthia Nunley<\/strong> es dem\u00f3crata de toda la vida, actualmente se encuentra en Casper, WY, y es un navegador de Enroll Wyoming.<\/p>\n<p style=\"text-align: left;\">Su puesto la lleva por todo el estado educando, defendiendo y ayudando a los consumidores que buscan un seguro m\u00e9dico asequible.<\/p>\n<p style=\"text-align: left;\">Cynthia tambi\u00e9n es ex miembro del Comit\u00e9 Nacional Dem\u00f3crata de Wyoming, miembro del Comit\u00e9 Estatal de los dem\u00f3cratas del condado de Fremont y se postul\u00f3 dos veces para<br \/>\noficina en la Legislatura de Wyoming.<\/p>\n<p style=\"text-align: left;\">Antes de mudarse a la atenci\u00f3n m\u00e9dica, fue educadora en Fremont<br \/>\nCondado desde hace m\u00e1s de 30 a\u00f1os. Ella es una wyomingita de cuarta generaci\u00f3n, con m\u00faltiples t\u00edtulos de la Universidad de Wyoming.<\/p>\n<p style=\"text-align: left;\"><strong>John Hansen<\/strong> se desempe\u00f1a como presidente electo de la Uni\u00f3n de Agricultores de Nebraska (NFU) y ha ocupado ese cargo desde 1990.<\/p>\n<p>Tambi\u00e9n se desempe\u00f1a como Secretario de la Fundaci\u00f3n NFU y Nebraska Farm.<br \/>\nPAC.<\/p>\n<p style=\"text-align: left;\">A nivel nacional, Hansen es miembro del Comit\u00e9 de Presupuesto y Auditor\u00eda; Vicepresidente del Comit\u00e9 Legislativo de la NFU; y el Comit\u00e9 de Alimentos Locales \/ Agricultura Regenerativa de NeFU; y preside el Comit\u00e9 de Servicio Meritorio de NFU.<\/p>\n<p style=\"text-align: left;\">Es el presidente de Nebraska Farmers Union y el<br \/>\nmiembro m\u00e1s antiguo de la Junta Directiva de la NFU.<\/p>\n<p style=\"text-align: left;\">Hansen tambi\u00e9n es un incansable defensor de las energ\u00edas alternativas, y se desempe\u00f1a como presidente del Grupo de trabajo de energ\u00eda e\u00f3lica de Nebraska que ha organizado y patrocinado la Conferencia anual de energ\u00eda e\u00f3lica y solar desde 2008.<\/p>","protected":false},"excerpt":{"rendered":"<p>October 2, 2021 9 a.m. to noon CT Virtual (via zoom) Sign up here! Master of Ceremonies: NDP Agricultural and Rural Council Chair Roger Morgan with NDP Chair Jane Kleeb Three Conference Sessions The Politics, Myths, and Realities of Rural School Consolidation: Paul Theoabald Breaking Through: Rural Healthcare and the ACA: Cynthia Nunley 30 x &#8230; <a title=\"Conferencia Rural del Medio Oeste de 2021\" class=\"read-more\" href=\"https:\/\/nebraskademocrats.org\/es\/2021-midwest-rural-conference\/\" aria-label=\"More on 2021 Midwest Rural Conference\">Lee mas<\/a><\/p>","protected":false},"author":19,"featured_media":0,"parent":0,"menu_order":0,"comment_status":"closed","ping_status":"closed","template":"","meta":{"_acf_changed":false,"_exactmetrics_skip_tracking":false,"_exactmetrics_sitenote_active":false,"_exactmetrics_sitenote_note":"","_exactmetrics_sitenote_category":0,"footnotes":""},"class_list":["post-34334","page","type-page","status-publish"],"acf":[],"yoast_head":"<!-- This site is optimized with the Yoast SEO plugin v27.3 - https:\/\/yoast.com\/product\/yoast-seo-wordpress\/ -->\n<title>2021 Midwest Rural Conference &#8211; Nebraska Democratic Party<\/title>\n<meta name=\"robots\" content=\"index, follow, max-snippet:-1, max-image-preview:large, max-video-preview:-1\" \/>\n<link rel=\"canonical\" href=\"https:\/\/nebraskademocrats.org\/es\/2021-midwest-rural-conference\/\" \/>\n<meta property=\"og:locale\" content=\"es_MX\" \/>\n<meta property=\"og:type\" content=\"article\" \/>\n<meta property=\"og:title\" content=\"2021 Midwest Rural Conference &#8211; Nebraska Democratic Party\" \/>\n<meta property=\"og:description\" content=\"October 2, 2021 9 a.m. to noon CT Virtual (via zoom) Sign up here! Master of Ceremonies: NDP Agricultural and Rural Council Chair Roger Morgan with NDP Chair Jane Kleeb Three Conference Sessions The Politics, Myths, and Realities of Rural School Consolidation: Paul Theoabald Breaking Through: Rural Healthcare and the ACA: Cynthia Nunley 30 x ... Read more\" \/>\n<meta property=\"og:url\" content=\"https:\/\/nebraskademocrats.org\/es\/2021-midwest-rural-conference\/\" \/>\n<meta property=\"og:site_name\" content=\"Nebraska Democratic Party\" \/>\n<meta property=\"article:publisher\" content=\"https:\/\/www.facebook.com\/NebraskaDemocraticParty\/\" \/>\n<meta property=\"article:modified_time\" content=\"2021-09-03T16:15:42+00:00\" \/>\n<meta property=\"og:image\" content=\"https:\/\/nebraskadem.wpenginepowered.com\/wp-content\/uploads\/2021\/09\/REGIONAL-Mobilize-Headers-81_20210902180923419085.png\" \/>\n<meta name=\"twitter:card\" content=\"summary_large_image\" \/>\n<meta name=\"twitter:site\" content=\"@nebraskadems\" \/>\n<meta name=\"twitter:label1\" content=\"Tiempo de lectura\" \/>\n\t<meta name=\"twitter:data1\" content=\"2 minutos\" \/>\n<script type=\"application\/ld+json\" class=\"yoast-schema-graph\">{\"@context\":\"https:\\\/\\\/schema.org\",\"@graph\":[{\"@type\":\"WebPage\",\"@id\":\"https:\\\/\\\/nebraskademocrats.org\\\/2021-midwest-rural-conference\\\/\",\"url\":\"https:\\\/\\\/nebraskademocrats.org\\\/2021-midwest-rural-conference\\\/\",\"name\":\"2021 Midwest Rural Conference &#8211; Nebraska Democratic Party\",\"isPartOf\":{\"@id\":\"https:\\\/\\\/nebraskademocrats.org\\\/#website\"},\"primaryImageOfPage\":{\"@id\":\"https:\\\/\\\/nebraskademocrats.org\\\/2021-midwest-rural-conference\\\/#primaryimage\"},\"image\":{\"@id\":\"https:\\\/\\\/nebraskademocrats.org\\\/2021-midwest-rural-conference\\\/#primaryimage\"},\"thumbnailUrl\":\"https:\\\/\\\/nebraskadem.wpenginepowered.com\\\/wp-content\\\/uploads\\\/2021\\\/09\\\/REGIONAL-Mobilize-Headers-81_20210902180923419085.png\",\"datePublished\":\"2021-09-03T03:11:07+00:00\",\"dateModified\":\"2021-09-03T16:15:42+00:00\",\"breadcrumb\":{\"@id\":\"https:\\\/\\\/nebraskademocrats.org\\\/2021-midwest-rural-conference\\\/#breadcrumb\"},\"inLanguage\":\"es\",\"potentialAction\":[{\"@type\":\"ReadAction\",\"target\":[\"https:\\\/\\\/nebraskademocrats.org\\\/2021-midwest-rural-conference\\\/\"]}]},{\"@type\":\"ImageObject\",\"inLanguage\":\"es\",\"@id\":\"https:\\\/\\\/nebraskademocrats.org\\\/2021-midwest-rural-conference\\\/#primaryimage\",\"url\":\"https:\\\/\\\/nebraskadem.wpenginepowered.com\\\/wp-content\\\/uploads\\\/2021\\\/09\\\/REGIONAL-Mobilize-Headers-81_20210902180923419085.png\",\"contentUrl\":\"https:\\\/\\\/nebraskadem.wpenginepowered.com\\\/wp-content\\\/uploads\\\/2021\\\/09\\\/REGIONAL-Mobilize-Headers-81_20210902180923419085.png\"},{\"@type\":\"BreadcrumbList\",\"@id\":\"https:\\\/\\\/nebraskademocrats.org\\\/2021-midwest-rural-conference\\\/#breadcrumb\",\"itemListElement\":[{\"@type\":\"ListItem\",\"position\":1,\"name\":\"Home\",\"item\":\"https:\\\/\\\/nebraskademocrats.org\\\/\"},{\"@type\":\"ListItem\",\"position\":2,\"name\":\"2021 Midwest Rural Conference\"}]},{\"@type\":\"WebSite\",\"@id\":\"https:\\\/\\\/nebraskademocrats.org\\\/#website\",\"url\":\"https:\\\/\\\/nebraskademocrats.org\\\/\",\"name\":\"Nebraska Democratic Party\",\"description\":\"Growing the Good Life for All Nebraskans\",\"publisher\":{\"@id\":\"https:\\\/\\\/nebraskademocrats.org\\\/#organization\"},\"potentialAction\":[{\"@type\":\"SearchAction\",\"target\":{\"@type\":\"EntryPoint\",\"urlTemplate\":\"https:\\\/\\\/nebraskademocrats.org\\\/?s={search_term_string}\"},\"query-input\":{\"@type\":\"PropertyValueSpecification\",\"valueRequired\":true,\"valueName\":\"search_term_string\"}}],\"inLanguage\":\"es\"},{\"@type\":\"Organization\",\"@id\":\"https:\\\/\\\/nebraskademocrats.org\\\/#organization\",\"name\":\"Nebraska Democratic Party\",\"url\":\"https:\\\/\\\/nebraskademocrats.org\\\/\",\"logo\":{\"@type\":\"ImageObject\",\"inLanguage\":\"es\",\"@id\":\"https:\\\/\\\/nebraskademocrats.org\\\/#\\\/schema\\\/logo\\\/image\\\/\",\"url\":\"https:\\\/\\\/nebraskadem.wpenginepowered.com\\\/wp-content\\\/uploads\\\/2016\\\/05\\\/NDP2.jpg\",\"contentUrl\":\"https:\\\/\\\/nebraskadem.wpenginepowered.com\\\/wp-content\\\/uploads\\\/2016\\\/05\\\/NDP2.jpg\",\"width\":1000,\"height\":396,\"caption\":\"Nebraska Democratic Party\"},\"image\":{\"@id\":\"https:\\\/\\\/nebraskademocrats.org\\\/#\\\/schema\\\/logo\\\/image\\\/\"},\"sameAs\":[\"https:\\\/\\\/www.facebook.com\\\/NebraskaDemocraticParty\\\/\",\"https:\\\/\\\/x.com\\\/nebraskadems\"]}]}<\/script>\n<!-- \/ Yoast SEO plugin. -->","yoast_head_json":{"title":"2021 Midwest Rural Conference &#8211; Nebraska Democratic Party","robots":{"index":"index","follow":"follow","max-snippet":"max-snippet:-1","max-image-preview":"max-image-preview:large","max-video-preview":"max-video-preview:-1"},"canonical":"https:\/\/nebraskademocrats.org\/es\/2021-midwest-rural-conference\/","og_locale":"es_MX","og_type":"article","og_title":"2021 Midwest Rural Conference &#8211; Nebraska Democratic Party","og_description":"October 2, 2021 9 a.m. to noon CT Virtual (via zoom) Sign up here! Master of Ceremonies: NDP Agricultural and Rural Council Chair Roger Morgan with NDP Chair Jane Kleeb Three Conference Sessions The Politics, Myths, and Realities of Rural School Consolidation: Paul Theoabald Breaking Through: Rural Healthcare and the ACA: Cynthia Nunley 30 x ... Read more","og_url":"https:\/\/nebraskademocrats.org\/es\/2021-midwest-rural-conference\/","og_site_name":"Nebraska Democratic Party","article_publisher":"https:\/\/www.facebook.com\/NebraskaDemocraticParty\/","article_modified_time":"2021-09-03T16:15:42+00:00","og_image":[{"url":"https:\/\/nebraskadem.wpenginepowered.com\/wp-content\/uploads\/2021\/09\/REGIONAL-Mobilize-Headers-81_20210902180923419085.png","type":"","width":"","height":""}],"twitter_card":"summary_large_image","twitter_site":"@nebraskadems","twitter_misc":{"Tiempo de lectura":"2 minutos"},"schema":{"@context":"https:\/\/schema.org","@graph":[{"@type":"WebPage","@id":"https:\/\/nebraskademocrats.org\/2021-midwest-rural-conference\/","url":"https:\/\/nebraskademocrats.org\/2021-midwest-rural-conference\/","name":"2021 Midwest Rural Conference &#8211; Nebraska Democratic Party","isPartOf":{"@id":"https:\/\/nebraskademocrats.org\/#website"},"primaryImageOfPage":{"@id":"https:\/\/nebraskademocrats.org\/2021-midwest-rural-conference\/#primaryimage"},"image":{"@id":"https:\/\/nebraskademocrats.org\/2021-midwest-rural-conference\/#primaryimage"},"thumbnailUrl":"https:\/\/nebraskadem.wpenginepowered.com\/wp-content\/uploads\/2021\/09\/REGIONAL-Mobilize-Headers-81_20210902180923419085.png","datePublished":"2021-09-03T03:11:07+00:00","dateModified":"2021-09-03T16:15:42+00:00","breadcrumb":{"@id":"https:\/\/nebraskademocrats.org\/2021-midwest-rural-conference\/#breadcrumb"},"inLanguage":"es","potentialAction":[{"@type":"ReadAction","target":["https:\/\/nebraskademocrats.org\/2021-midwest-rural-conference\/"]}]},{"@type":"ImageObject","inLanguage":"es","@id":"https:\/\/nebraskademocrats.org\/2021-midwest-rural-conference\/#primaryimage","url":"https:\/\/nebraskadem.wpenginepowered.com\/wp-content\/uploads\/2021\/09\/REGIONAL-Mobilize-Headers-81_20210902180923419085.png","contentUrl":"https:\/\/nebraskadem.wpenginepowered.com\/wp-content\/uploads\/2021\/09\/REGIONAL-Mobilize-Headers-81_20210902180923419085.png"},{"@type":"BreadcrumbList","@id":"https:\/\/nebraskademocrats.org\/2021-midwest-rural-conference\/#breadcrumb","itemListElement":[{"@type":"ListItem","position":1,"name":"Home","item":"https:\/\/nebraskademocrats.org\/"},{"@type":"ListItem","position":2,"name":"2021 Midwest Rural Conference"}]},{"@type":"WebSite","@id":"https:\/\/nebraskademocrats.org\/#website","url":"https:\/\/nebraskademocrats.org\/","name":"Partido Dem\u00f3crata de Nebraska","description":"Cultivando la buena vida para todos los nebraskenses","publisher":{"@id":"https:\/\/nebraskademocrats.org\/#organization"},"potentialAction":[{"@type":"SearchAction","target":{"@type":"EntryPoint","urlTemplate":"https:\/\/nebraskademocrats.org\/?s={search_term_string}"},"query-input":{"@type":"PropertyValueSpecification","valueRequired":true,"valueName":"search_term_string"}}],"inLanguage":"es"},{"@type":"Organization","@id":"https:\/\/nebraskademocrats.org\/#organization","name":"Partido Dem\u00f3crata de Nebraska","url":"https:\/\/nebraskademocrats.org\/","logo":{"@type":"ImageObject","inLanguage":"es","@id":"https:\/\/nebraskademocrats.org\/#\/schema\/logo\/image\/","url":"https:\/\/nebraskadem.wpenginepowered.com\/wp-content\/uploads\/2016\/05\/NDP2.jpg","contentUrl":"https:\/\/nebraskadem.wpenginepowered.com\/wp-content\/uploads\/2016\/05\/NDP2.jpg","width":1000,"height":396,"caption":"Nebraska Democratic Party"},"image":{"@id":"https:\/\/nebraskademocrats.org\/#\/schema\/logo\/image\/"},"sameAs":["https:\/\/www.facebook.com\/NebraskaDemocraticParty\/","https:\/\/x.com\/nebraskadems"]}]}},"_links":{"self":[{"href":"https:\/\/nebraskademocrats.org\/es\/wp-json\/wp\/v2\/pages\/34334","targetHints":{"allow":["GET"]}}],"collection":[{"href":"https:\/\/nebraskademocrats.org\/es\/wp-json\/wp\/v2\/pages"}],"about":[{"href":"https:\/\/nebraskademocrats.org\/es\/wp-json\/wp\/v2\/types\/page"}],"author":[{"embeddable":true,"href":"https:\/\/nebraskademocrats.org\/es\/wp-json\/wp\/v2\/users\/19"}],"replies":[{"embeddable":true,"href":"https:\/\/nebraskademocrats.org\/es\/wp-json\/wp\/v2\/comments?post=34334"}],"version-history":[{"count":0,"href":"https:\/\/nebraskademocrats.org\/es\/wp-json\/wp\/v2\/pages\/34334\/revisions"}],"wp:attachment":[{"href":"https:\/\/nebraskademocrats.org\/es\/wp-json\/wp\/v2\/media?parent=34334"}],"curies":[{"name":"wp","href":"https:\/\/api.w.org\/{rel}","templated":true}]}}