{"id":35447,"date":"2021-12-03T12:10:40","date_gmt":"2021-12-03T18:10:40","guid":{"rendered":"https:\/\/nebraskadem.wpenginepowered.com\/?page_id=35447"},"modified":"2022-04-06T16:25:34","modified_gmt":"2022-04-06T21:25:34","slug":"gop-lies","status":"publish","type":"page","link":"https:\/\/nebraskademocrats.org\/es\/gop-lies\/","title":{"rendered":"MENTIRAS DEL GOP"},"content":{"rendered":"<p><span style=\"font-weight: 400;\"><img fetchpriority=\"high\" decoding=\"async\" class=\"alignnone size-large wp-image-35448\" src=\"https:\/\/nebraskadem.wpenginepowered.com\/wp-content\/uploads\/2021\/12\/ezgif-2-7e99f8328975-1024x289.jpg\" alt=\"\" width=\"1024\" height=\"289\" srcset=\"https:\/\/nebraskademocrats.org\/wp-content\/uploads\/2021\/12\/ezgif-2-7e99f8328975-1024x289.jpg 1024w, https:\/\/nebraskademocrats.org\/wp-content\/uploads\/2021\/12\/ezgif-2-7e99f8328975-300x85.jpg 300w, https:\/\/nebraskademocrats.org\/wp-content\/uploads\/2021\/12\/ezgif-2-7e99f8328975-768x217.jpg 768w, https:\/\/nebraskademocrats.org\/wp-content\/uploads\/2021\/12\/ezgif-2-7e99f8328975-18x5.jpg 18w, https:\/\/nebraskademocrats.org\/wp-content\/uploads\/2021\/12\/ezgif-2-7e99f8328975.jpg 1052w\" sizes=\"(max-width: 1024px) 100vw, 1024px\" \/><\/span><\/p>\n<p><span style=\"font-weight: 400;\">Siguiendo la tradici\u00f3n de los cuatro Pinochos dada por el verificador de hechos del Washington Post, queremos saber si ha detectado mentiras, mentiras o falsedades de los pol\u00edticos republicanos de Nebraska en los medios de comunicaci\u00f3n o en anuncios de campa\u00f1a.<\/span><span style=\"font-weight: 400;\"><br \/>\n<\/span><span style=\"font-weight: 400;\"><br \/>\n<\/span><span style=\"font-weight: 400;\">Si sabe de una mentira republicana en Nebraska, <\/span><a href=\"https:\/\/docs.google.com\/forms\/d\/e\/1FAIpQLScGqoAnjdbFxlllLV5HmuECkmQ34rgi59xT2_f3tb0Eywuh5A\/viewform?usp=sf_link\"><b>Complete \u00e9ste formulario<\/b><\/a><span style=\"font-weight: 400;\"> y lo agregaremos a la lista creciente.<\/span><b><br \/>\n<\/b><b><br \/>\n<\/b><b>NTV:<\/b> <a href=\"https:\/\/nebraska.tv\/news\/local\/jane-kleeb-calls-out-governor-reaction-to-pipeline-news\"><b>\u00a0Jane Kleeb de NDP llama al gobernador, reacci\u00f3n a las noticias del oleoducto<\/b><span style=\"font-weight: 400;\"><br \/>\n<\/span><\/a><span style=\"font-weight: 400;\">Kleeb adopt\u00f3 una postura contra el gobernador Ricketts y dijo: \u201cVoy a debatir contigo en cualquier lugar y en cualquier momento sobre los derechos de propiedad. Est\u00e1s recorriendo el estado minti\u00e9ndole a los habitantes de Nebraska sobre el programa de conservaci\u00f3n voluntario 30 \u00d7 30, cuando tuviste una apropiaci\u00f3n real de tierras de una corporaci\u00f3n extranjera en tu patio trasero. As\u00ed que disc\u00falpeme con su comunicado de prensa de l\u00e1grimas de cocodrilo, es hora de que realmente defienda los derechos de propiedad y enmiende las leyes de dominio eminente en nuestro estado &quot;.<\/span><span style=\"font-weight: 400;\"><br \/>\n<\/span><span style=\"font-weight: 400;\"><br \/>\n<\/span><b>Politico: <\/b><a href=\"https:\/\/www.politico.com\/news\/2021\/10\/19\/nebraska-gop-rep-fortenberry-indicted-516259\"><b>El representante republicano de Nebraska, Fortenberry, acusado<\/b><span style=\"font-weight: 400;\"><br \/>\n<\/span><\/a><span style=\"font-weight: 400;\">Un gran jurado federal acus\u00f3 al representante Jeff Fortenberry el martes, alegando que el congresista republicano de Nebraska ocult\u00f3 informaci\u00f3n e hizo declaraciones falsas a las autoridades. El Departamento de Justicia dijo que Fortenberry minti\u00f3 y enga\u00f1\u00f3 repetidamente a las autoridades durante una investigaci\u00f3n sobre las contribuciones ilegales a su campa\u00f1a de reelecci\u00f3n realizadas por un multimillonario nacido en Nigeria, Gilbert Chagoury.<\/span><\/p>\n<p><b>KMTV:<\/b> <a href=\"https:\/\/www.3newsnow.com\/news\/investigations\/most-crossing-border-want-to-destroy-the-country-says-herbster-with-trump-adviser-stephen-miller\"><b>La mayor\u00eda de los que cruzan la frontera &#039;quieren destruir el pa\u00eds&#039;, dice Herbster, con el asesor de Trump, Stephen Miller<\/b><span style=\"font-weight: 400;\"><br \/>\n<\/span><\/a><span style=\"font-weight: 400;\">\u2026 Dijo Herbster: \u201cA esta gente que est\u00e1 cruzando la frontera, no les importa un carajo Estados Unidos. Voy a ser directo. Esa es la forma en que hablan los agricultores. Pero puedo decirles que la \u00fanica raz\u00f3n por la que vienen a este pa\u00eds es que la mayor\u00eda quiere destruir el pa\u00eds &quot;.<\/span><\/p>\n<p><strong>KLKN:<\/strong> <a href=\"https:\/\/www.klkntv.com\/gov-ricketts-issues-statement-on-omicron-variant\/?fbclid=IwAR3Czcgee2vUGbgDDqtEuXEquRriga6hziGUhQ_HF5zhmDFnWQfKsIngLgw\">El gobernador Ricketts emite una declaraci\u00f3n sobre la variante de omicron<\/a><br \/>\n\u2026 Nebraska ha mantenido una de las tasas de muerte por coronavirus m\u00e1s bajas y ha protegido la capacidad de nuestro hospital, todo sin bloqueos, sin mandatos de m\u00e1scaras y sin mandatos de vacunas. No vamos a seguir las pol\u00edticas draconianas de la Administraci\u00f3n Biden o del Dr. Fauci &quot;.<\/p>\n<p style=\"text-align: center;\">SIN EMBARGO:<br \/>\n<img decoding=\"async\" class=\"wp-image-35469 aligncenter\" src=\"https:\/\/nebraskadem.wpenginepowered.com\/wp-content\/uploads\/2021\/12\/Map-1024x576.jpg\" alt=\"\" width=\"350\" height=\"197\" srcset=\"https:\/\/nebraskademocrats.org\/wp-content\/uploads\/2021\/12\/Map-1024x576.jpg 1024w, https:\/\/nebraskademocrats.org\/wp-content\/uploads\/2021\/12\/Map-300x169.jpg 300w, https:\/\/nebraskademocrats.org\/wp-content\/uploads\/2021\/12\/Map-768x432.jpg 768w, https:\/\/nebraskademocrats.org\/wp-content\/uploads\/2021\/12\/Map-18x10.jpg 18w, https:\/\/nebraskademocrats.org\/wp-content\/uploads\/2021\/12\/Map.jpg 1200w\" sizes=\"(max-width: 350px) 100vw, 350px\" \/><\/p>\n<p><strong>Canal de noticias Nebraska:<\/strong> <a href=\"https:\/\/www.newschannelnebraska.com\/story\/45374880\/pillen-nebraska-roads-not-that-bad\"><strong>Pillen: las carreteras de Nebraska &#039;No est\u00e1n tan mal&#039;<\/strong><span style=\"font-weight: 400;\"><br \/>\n<\/span><\/a><span style=\"font-weight: 400;\">Sin embargo, un <\/span><a href=\"https:\/\/www.usatoday.com\/story\/money\/2020\/07\/16\/infrastructure-states-bridges-roads-falling-apart\/112127156\/\"><span style=\"font-weight: 400;\">Estudio de USA Today <\/span><\/a><span style=\"font-weight: 400;\">el uso de datos federales mostr\u00f3 que casi el 22 por ciento de <\/span><span style=\"font-weight: 400;\">Las carreteras de Nebraska est\u00e1n en malas condiciones: (24 \u00b0 m\u00e1s alto)<\/span><\/p>\n<p><strong>Omaha World-Herald: <\/strong><a href=\"https:\/\/journalstar.com\/news\/state-and-regional\/govt-and-politics\/records-show-state-employees-knew-nebraska-wouldnt-be-reimbursed-for-border-deployment\/article_69067d10-b478-59e2-bc6a-17f8785521aa.html\">Los registros muestran que Ricketts, los empleados estatales sab\u00edan que Nebraska no recibir\u00eda un reembolso por el despliegue fronterizo<\/a><br \/>\nCuando Nebraska envi\u00f3 polic\u00edas estatales a la frontera entre Texas y M\u00e9xico durante el verano, los portavoces dijeron que el estado podr\u00eda recibir un reembolso por el costo. Pero detr\u00e1s de escena, hubo un entendimiento entre los empleados estatales de que Nebraska pagar\u00eda por el despliegue, seg\u00fan los correos electr\u00f3nicos y mensajes de texto obtenidos por The World-Herald.<\/p>\n<p><strong>El Correo de Washington:<\/strong> <a href=\"https:\/\/www.washingtonpost.com\/nation\/2022\/03\/29\/furries-litter-box-nebraska-bostelman\/\"><span data-qa=\"headline-text\">El legislador republicano se retracta de las afirmaciones de que los estudiantes ma\u00fallan, ladran y usan cajas de arena<\/span><\/a><br \/>\nDurante un debate televisado sobre un proyecto de ley de financiaci\u00f3n escolar de Nebraska el lunes, el senador estatal republicano Bruce Bostelman plante\u00f3 un tema que encontr\u00f3 particularmente preocupante: los furries. \u201cLos escolares se disfrazan de animales \u2014gatos o perros\u2014 durante la jornada escolar; ma\u00fallan y ladran\u201d, dijo. \u201cY ahora las escuelas quieren poner cajas de arena en las escuelas para que las usen estos ni\u00f1os. \u00bfC\u00f3mo es esto sanitario? Pero pocas horas despu\u00e9s del debate, Bostelman se retract\u00f3 y admiti\u00f3 que las acusaciones eran inexactas.<\/p>","protected":false},"excerpt":{"rendered":"<p>In the tradition of the four Pinocchios given out by the Washington Post&#8217;s fact-checker, we want to know if you have spotted any fibs, lies or untruths from Nebraska\u2019s GOP politicians in the media or in campaign ads. If you know of a GOP lie in Nebraska, fill out this form and we\u2019ll add it &#8230; <a title=\"MENTIRAS DEL GOP\" class=\"read-more\" href=\"https:\/\/nebraskademocrats.org\/es\/gop-lies\/\" aria-label=\"More on GOP LIES\">Lee mas<\/a><\/p>","protected":false},"author":19,"featured_media":0,"parent":0,"menu_order":0,"comment_status":"closed","ping_status":"closed","template":"","meta":{"_acf_changed":false,"_exactmetrics_skip_tracking":false,"_exactmetrics_sitenote_active":false,"_exactmetrics_sitenote_note":"","_exactmetrics_sitenote_category":0,"footnotes":""},"class_list":["post-35447","page","type-page","status-publish"],"acf":[],"yoast_head":"<!-- This site is optimized with the Yoast SEO plugin v27.4 - https:\/\/yoast.com\/product\/yoast-seo-wordpress\/ -->\n<title>GOP LIES &#8211; Nebraska Democratic Party<\/title>\n<meta name=\"robots\" content=\"index, follow, max-snippet:-1, max-image-preview:large, max-video-preview:-1\" \/>\n<link rel=\"canonical\" href=\"https:\/\/nebraskademocrats.org\/es\/gop-lies\/\" \/>\n<meta property=\"og:locale\" content=\"es_MX\" \/>\n<meta property=\"og:type\" content=\"article\" \/>\n<meta property=\"og:title\" content=\"GOP LIES &#8211; Nebraska Democratic Party\" \/>\n<meta property=\"og:description\" content=\"In the tradition of the four Pinocchios given out by the Washington Post&#8217;s fact-checker, we want to know if you have spotted any fibs, lies or untruths from Nebraska\u2019s GOP politicians in the media or in campaign ads. If you know of a GOP lie in Nebraska, fill out this form and we\u2019ll add it ... Read more\" \/>\n<meta property=\"og:url\" content=\"https:\/\/nebraskademocrats.org\/es\/gop-lies\/\" \/>\n<meta property=\"og:site_name\" content=\"Nebraska Democratic Party\" \/>\n<meta property=\"article:publisher\" content=\"https:\/\/www.facebook.com\/NebraskaDemocraticParty\/\" \/>\n<meta property=\"article:modified_time\" content=\"2022-04-06T21:25:34+00:00\" \/>\n<meta property=\"og:image\" content=\"https:\/\/nebraskadem.wpenginepowered.com\/wp-content\/uploads\/2021\/12\/ezgif-2-7e99f8328975-1024x289.jpg\" \/>\n<meta name=\"twitter:card\" content=\"summary_large_image\" \/>\n<meta name=\"twitter:site\" content=\"@nebraskadems\" \/>\n<meta name=\"twitter:label1\" content=\"Tiempo de lectura\" \/>\n\t<meta name=\"twitter:data1\" content=\"3 minutos\" \/>\n<script type=\"application\/ld+json\" class=\"yoast-schema-graph\">{\"@context\":\"https:\\\/\\\/schema.org\",\"@graph\":[{\"@type\":\"WebPage\",\"@id\":\"https:\\\/\\\/nebraskademocrats.org\\\/gop-lies\\\/\",\"url\":\"https:\\\/\\\/nebraskademocrats.org\\\/gop-lies\\\/\",\"name\":\"GOP LIES &#8211; Nebraska Democratic Party\",\"isPartOf\":{\"@id\":\"https:\\\/\\\/nebraskademocrats.org\\\/#website\"},\"primaryImageOfPage\":{\"@id\":\"https:\\\/\\\/nebraskademocrats.org\\\/gop-lies\\\/#primaryimage\"},\"image\":{\"@id\":\"https:\\\/\\\/nebraskademocrats.org\\\/gop-lies\\\/#primaryimage\"},\"thumbnailUrl\":\"https:\\\/\\\/nebraskadem.wpenginepowered.com\\\/wp-content\\\/uploads\\\/2021\\\/12\\\/ezgif-2-7e99f8328975-1024x289.jpg\",\"datePublished\":\"2021-12-03T18:10:40+00:00\",\"dateModified\":\"2022-04-06T21:25:34+00:00\",\"breadcrumb\":{\"@id\":\"https:\\\/\\\/nebraskademocrats.org\\\/gop-lies\\\/#breadcrumb\"},\"inLanguage\":\"es\",\"potentialAction\":[{\"@type\":\"ReadAction\",\"target\":[\"https:\\\/\\\/nebraskademocrats.org\\\/gop-lies\\\/\"]}]},{\"@type\":\"ImageObject\",\"inLanguage\":\"es\",\"@id\":\"https:\\\/\\\/nebraskademocrats.org\\\/gop-lies\\\/#primaryimage\",\"url\":\"https:\\\/\\\/nebraskadem.wpenginepowered.com\\\/wp-content\\\/uploads\\\/2021\\\/12\\\/ezgif-2-7e99f8328975-1024x289.jpg\",\"contentUrl\":\"https:\\\/\\\/nebraskadem.wpenginepowered.com\\\/wp-content\\\/uploads\\\/2021\\\/12\\\/ezgif-2-7e99f8328975-1024x289.jpg\"},{\"@type\":\"BreadcrumbList\",\"@id\":\"https:\\\/\\\/nebraskademocrats.org\\\/gop-lies\\\/#breadcrumb\",\"itemListElement\":[{\"@type\":\"ListItem\",\"position\":1,\"name\":\"Home\",\"item\":\"https:\\\/\\\/nebraskademocrats.org\\\/\"},{\"@type\":\"ListItem\",\"position\":2,\"name\":\"GOP LIES\"}]},{\"@type\":\"WebSite\",\"@id\":\"https:\\\/\\\/nebraskademocrats.org\\\/#website\",\"url\":\"https:\\\/\\\/nebraskademocrats.org\\\/\",\"name\":\"Nebraska Democratic Party\",\"description\":\"Growing the Good Life for All Nebraskans\",\"publisher\":{\"@id\":\"https:\\\/\\\/nebraskademocrats.org\\\/#organization\"},\"potentialAction\":[{\"@type\":\"SearchAction\",\"target\":{\"@type\":\"EntryPoint\",\"urlTemplate\":\"https:\\\/\\\/nebraskademocrats.org\\\/?s={search_term_string}\"},\"query-input\":{\"@type\":\"PropertyValueSpecification\",\"valueRequired\":true,\"valueName\":\"search_term_string\"}}],\"inLanguage\":\"es\"},{\"@type\":\"Organization\",\"@id\":\"https:\\\/\\\/nebraskademocrats.org\\\/#organization\",\"name\":\"Nebraska Democratic Party\",\"url\":\"https:\\\/\\\/nebraskademocrats.org\\\/\",\"logo\":{\"@type\":\"ImageObject\",\"inLanguage\":\"es\",\"@id\":\"https:\\\/\\\/nebraskademocrats.org\\\/#\\\/schema\\\/logo\\\/image\\\/\",\"url\":\"https:\\\/\\\/nebraskadem.wpenginepowered.com\\\/wp-content\\\/uploads\\\/2016\\\/05\\\/NDP2.jpg\",\"contentUrl\":\"https:\\\/\\\/nebraskadem.wpenginepowered.com\\\/wp-content\\\/uploads\\\/2016\\\/05\\\/NDP2.jpg\",\"width\":1000,\"height\":396,\"caption\":\"Nebraska Democratic Party\"},\"image\":{\"@id\":\"https:\\\/\\\/nebraskademocrats.org\\\/#\\\/schema\\\/logo\\\/image\\\/\"},\"sameAs\":[\"https:\\\/\\\/www.facebook.com\\\/NebraskaDemocraticParty\\\/\",\"https:\\\/\\\/x.com\\\/nebraskadems\"]}]}<\/script>\n<!-- \/ Yoast SEO plugin. -->","yoast_head_json":{"title":"GOP LIES &#8211; Nebraska Democratic Party","robots":{"index":"index","follow":"follow","max-snippet":"max-snippet:-1","max-image-preview":"max-image-preview:large","max-video-preview":"max-video-preview:-1"},"canonical":"https:\/\/nebraskademocrats.org\/es\/gop-lies\/","og_locale":"es_MX","og_type":"article","og_title":"GOP LIES &#8211; Nebraska Democratic Party","og_description":"In the tradition of the four Pinocchios given out by the Washington Post&#8217;s fact-checker, we want to know if you have spotted any fibs, lies or untruths from Nebraska\u2019s GOP politicians in the media or in campaign ads. If you know of a GOP lie in Nebraska, fill out this form and we\u2019ll add it ... Read more","og_url":"https:\/\/nebraskademocrats.org\/es\/gop-lies\/","og_site_name":"Nebraska Democratic Party","article_publisher":"https:\/\/www.facebook.com\/NebraskaDemocraticParty\/","article_modified_time":"2022-04-06T21:25:34+00:00","og_image":[{"url":"https:\/\/nebraskadem.wpenginepowered.com\/wp-content\/uploads\/2021\/12\/ezgif-2-7e99f8328975-1024x289.jpg","type":"","width":"","height":""}],"twitter_card":"summary_large_image","twitter_site":"@nebraskadems","twitter_misc":{"Tiempo de lectura":"3 minutos"},"schema":{"@context":"https:\/\/schema.org","@graph":[{"@type":"WebPage","@id":"https:\/\/nebraskademocrats.org\/gop-lies\/","url":"https:\/\/nebraskademocrats.org\/gop-lies\/","name":"GOP LIES &#8211; Nebraska Democratic Party","isPartOf":{"@id":"https:\/\/nebraskademocrats.org\/#website"},"primaryImageOfPage":{"@id":"https:\/\/nebraskademocrats.org\/gop-lies\/#primaryimage"},"image":{"@id":"https:\/\/nebraskademocrats.org\/gop-lies\/#primaryimage"},"thumbnailUrl":"https:\/\/nebraskadem.wpenginepowered.com\/wp-content\/uploads\/2021\/12\/ezgif-2-7e99f8328975-1024x289.jpg","datePublished":"2021-12-03T18:10:40+00:00","dateModified":"2022-04-06T21:25:34+00:00","breadcrumb":{"@id":"https:\/\/nebraskademocrats.org\/gop-lies\/#breadcrumb"},"inLanguage":"es","potentialAction":[{"@type":"ReadAction","target":["https:\/\/nebraskademocrats.org\/gop-lies\/"]}]},{"@type":"ImageObject","inLanguage":"es","@id":"https:\/\/nebraskademocrats.org\/gop-lies\/#primaryimage","url":"https:\/\/nebraskadem.wpenginepowered.com\/wp-content\/uploads\/2021\/12\/ezgif-2-7e99f8328975-1024x289.jpg","contentUrl":"https:\/\/nebraskadem.wpenginepowered.com\/wp-content\/uploads\/2021\/12\/ezgif-2-7e99f8328975-1024x289.jpg"},{"@type":"BreadcrumbList","@id":"https:\/\/nebraskademocrats.org\/gop-lies\/#breadcrumb","itemListElement":[{"@type":"ListItem","position":1,"name":"Home","item":"https:\/\/nebraskademocrats.org\/"},{"@type":"ListItem","position":2,"name":"GOP LIES"}]},{"@type":"WebSite","@id":"https:\/\/nebraskademocrats.org\/#website","url":"https:\/\/nebraskademocrats.org\/","name":"Partido Dem\u00f3crata de Nebraska","description":"Cultivando la buena vida para todos los nebraskenses","publisher":{"@id":"https:\/\/nebraskademocrats.org\/#organization"},"potentialAction":[{"@type":"SearchAction","target":{"@type":"EntryPoint","urlTemplate":"https:\/\/nebraskademocrats.org\/?s={search_term_string}"},"query-input":{"@type":"PropertyValueSpecification","valueRequired":true,"valueName":"search_term_string"}}],"inLanguage":"es"},{"@type":"Organization","@id":"https:\/\/nebraskademocrats.org\/#organization","name":"Partido Dem\u00f3crata de Nebraska","url":"https:\/\/nebraskademocrats.org\/","logo":{"@type":"ImageObject","inLanguage":"es","@id":"https:\/\/nebraskademocrats.org\/#\/schema\/logo\/image\/","url":"https:\/\/nebraskadem.wpenginepowered.com\/wp-content\/uploads\/2016\/05\/NDP2.jpg","contentUrl":"https:\/\/nebraskadem.wpenginepowered.com\/wp-content\/uploads\/2016\/05\/NDP2.jpg","width":1000,"height":396,"caption":"Nebraska Democratic Party"},"image":{"@id":"https:\/\/nebraskademocrats.org\/#\/schema\/logo\/image\/"},"sameAs":["https:\/\/www.facebook.com\/NebraskaDemocraticParty\/","https:\/\/x.com\/nebraskadems"]}]}},"_links":{"self":[{"href":"https:\/\/nebraskademocrats.org\/es\/wp-json\/wp\/v2\/pages\/35447","targetHints":{"allow":["GET"]}}],"collection":[{"href":"https:\/\/nebraskademocrats.org\/es\/wp-json\/wp\/v2\/pages"}],"about":[{"href":"https:\/\/nebraskademocrats.org\/es\/wp-json\/wp\/v2\/types\/page"}],"author":[{"embeddable":true,"href":"https:\/\/nebraskademocrats.org\/es\/wp-json\/wp\/v2\/users\/19"}],"replies":[{"embeddable":true,"href":"https:\/\/nebraskademocrats.org\/es\/wp-json\/wp\/v2\/comments?post=35447"}],"version-history":[{"count":0,"href":"https:\/\/nebraskademocrats.org\/es\/wp-json\/wp\/v2\/pages\/35447\/revisions"}],"wp:attachment":[{"href":"https:\/\/nebraskademocrats.org\/es\/wp-json\/wp\/v2\/media?parent=35447"}],"curies":[{"name":"wp","href":"https:\/\/api.w.org\/{rel}","templated":true}]}}