{"id":36111,"date":"2022-02-03T15:13:11","date_gmt":"2022-02-03T21:13:11","guid":{"rendered":"https:\/\/nebraskadem.wpenginepowered.com\/?page_id=36111"},"modified":"2022-04-02T11:56:15","modified_gmt":"2022-04-02T16:56:15","slug":"2022conventions","status":"publish","type":"page","link":"https:\/\/nebraskademocrats.org\/es\/2022conventions\/","title":{"rendered":"Convenciones estatales y del condado de 2022"},"content":{"rendered":"<p><span style=\"font-weight: 400;\">Cada dos a\u00f1os, los partidos del condado y el partido estatal Dem\u00f3crata de Nebraska celebran convenciones para llevar a cabo los asuntos del partido y elegir funcionarios y delegados para el Comit\u00e9 Central del Estado. Si tiene alguna pregunta sobre la informaci\u00f3n en esta p\u00e1gina, llame al <span style=\"font-size: 12pt;\"><span style=\"color: #000000;\">402-434-2180 o <\/span><\/span>Email <span style=\"font-size: 12pt;\"><a href=\"mailto:delegates@nebraskademocrats.org\" target=\"_blank\" rel=\"noopener\">delegate@nebraskademocrats.org<\/a>.<\/span><\/span><\/p>\n<p><strong>Las convenciones del partido del condado fueron del 1 al 20 de marzo y se llevaron a cabo virtualmente este a\u00f1o. <\/strong><\/p>\n<p><strong>El fin de semana de la Convenci\u00f3n estatal es el 1 y 2 de abril y tambi\u00e9n ser\u00e1 virtual.\u00a0<\/strong><\/p>\n<ul>\n<li><span style=\"font-weight: 400;\">Los delegados para la Convenci\u00f3n Estatal se eligen en las convenciones del condado.<\/span><\/li>\n<\/ul>\n<div>\n<div>\n<h2><b>INFORMACI\u00d3N PARA DELEGADOS<\/b><\/h2>\n<p><a href=\"https:\/\/www.mobilize.us\/nebdems\/event\/284401\/\"><b>Vea nuestra sesi\u00f3n sobre el proceso de la Convenci\u00f3n<\/b><\/a><\/p>\n<p><a href=\"https:\/\/nebraskadem.wpenginepowered.com\/wp-content\/uploads\/2022\/02\/2022-Amended-County-State-Convention-Rules_Approved-by-SEC-Feb-5.docx.pdf\"><b>Reglas de la Convenci\u00f3n del Condado NDP de 2022 (adoptadas el 29\/1\/22)<\/b><\/a><br \/>\n<b>*<\/b>El estado parte adopta reglas para regir el proceso de convenci\u00f3n estatal y del condado.<\/p>\n<p><strong><a href=\"https:\/\/nebraskadem.wpenginepowered.com\/wp-content\/uploads\/2022\/04\/State-Convention-Agenda_April-2022_FINAL.pdf\">Agenda para la Convenci\u00f3n Estatal 1 y 2 de abril<\/a><br \/>\n<\/strong>*La agenda para las reuniones del Caucus y los Consejos junto con la Convenci\u00f3n Estatal. Los delegados a la convenci\u00f3n estatal son elegidos en la convenci\u00f3n de su condado.<\/p>\n<p><a href=\"https:\/\/nebraskadem.wpenginepowered.com\/wp-content\/uploads\/2022\/04\/2022-REVISED-State-Convention-Rules.pdf\"><strong>Normas de la Convenci\u00f3n Estatal (aprobadas por el Comit\u00e9 de Normas el 1 de abril)\u00a0<\/strong><\/a><\/p>\n<\/div>\n<div>\n<p><a href=\"https:\/\/nebraskadem.wpenginepowered.com\/wp-content\/uploads\/2022\/04\/2022-Rules-Committee-Final-Report.pdf\"><strong>Informe FINAL del Comit\u00e9 de Reglas de 2022 para la Convenci\u00f3n Estatal (publicado el 1\/4\/22)<\/strong><\/a><br \/>\n*Esto ser\u00e1 presentado y discutido en la Convenci\u00f3n Estatal el 2 de abril de 2022.<\/p>\n<p><a href=\"https:\/\/nebraskadem.wpenginepowered.com\/wp-content\/uploads\/2022\/02\/2022-Nebraska-Democratic-Party-Platform.02.28.22.fnl_.pdf\"><b>Informe del Comit\u00e9 de Plataforma de 2022 para la Convenci\u00f3n Estatal (actualizado el 28 de febrero)<\/b><\/a><br \/>\n<span style=\"font-weight: 400;\">*Las audiencias en la plataforma se llevaron a cabo la semana del 21 de febrero en cada distrito del Congreso. El Comit\u00e9 de Plataforma est\u00e1 avanzando en la plataforma propuesta para los ciclos 2022-2024. En la Convenci\u00f3n Estatal se realiza una votaci\u00f3n final sobre la adopci\u00f3n de la plataforma.<\/span><\/p>\n<\/div>\n<\/div>","protected":false},"excerpt":{"rendered":"<p>Every two years, county parties and the Nebraska Democratic state party hold conventions to conduct party business and elect officers and delegates for the State Central Committee. If you have any questions about the information on this page, please call 402-434-2180 or email delegate@nebraskademocrats.org. The County Party Conventions were March 1-20 and held virtually this &#8230; <a title=\"Convenciones estatales y del condado de 2022\" class=\"read-more\" href=\"https:\/\/nebraskademocrats.org\/es\/2022conventions\/\" aria-label=\"More on 2022 State and County Conventions\">Lee mas<\/a><\/p>","protected":false},"author":19,"featured_media":0,"parent":0,"menu_order":0,"comment_status":"closed","ping_status":"closed","template":"","meta":{"_acf_changed":false,"_exactmetrics_skip_tracking":false,"_exactmetrics_sitenote_active":false,"_exactmetrics_sitenote_note":"","_exactmetrics_sitenote_category":0,"footnotes":""},"class_list":["post-36111","page","type-page","status-publish"],"acf":[],"yoast_head":"<!-- This site is optimized with the Yoast SEO plugin v27.3 - https:\/\/yoast.com\/product\/yoast-seo-wordpress\/ -->\n<title>2022 State and County Conventions &#8211; Nebraska Democratic Party<\/title>\n<meta name=\"robots\" content=\"index, follow, max-snippet:-1, max-image-preview:large, max-video-preview:-1\" \/>\n<link rel=\"canonical\" href=\"https:\/\/nebraskademocrats.org\/es\/2022conventions\/\" \/>\n<meta property=\"og:locale\" content=\"es_MX\" \/>\n<meta property=\"og:type\" content=\"article\" \/>\n<meta property=\"og:title\" content=\"2022 State and County Conventions &#8211; Nebraska Democratic Party\" \/>\n<meta property=\"og:description\" content=\"Every two years, county parties and the Nebraska Democratic state party hold conventions to conduct party business and elect officers and delegates for the State Central Committee. If you have any questions about the information on this page, please call 402-434-2180 or email delegate@nebraskademocrats.org. The County Party Conventions were March 1-20 and held virtually this ... Read more\" \/>\n<meta property=\"og:url\" content=\"https:\/\/nebraskademocrats.org\/es\/2022conventions\/\" \/>\n<meta property=\"og:site_name\" content=\"Nebraska Democratic Party\" \/>\n<meta property=\"article:publisher\" content=\"https:\/\/www.facebook.com\/NebraskaDemocraticParty\/\" \/>\n<meta property=\"article:modified_time\" content=\"2022-04-02T16:56:15+00:00\" \/>\n<meta property=\"og:image\" content=\"https:\/\/nebraskademocrats.org\/wp-content\/uploads\/2018\/09\/ne-dems-fb.jpg\" \/>\n\t<meta property=\"og:image:width\" content=\"1200\" \/>\n\t<meta property=\"og:image:height\" content=\"630\" \/>\n\t<meta property=\"og:image:type\" content=\"image\/jpeg\" \/>\n<meta name=\"twitter:card\" content=\"summary_large_image\" \/>\n<meta name=\"twitter:site\" content=\"@nebraskadems\" \/>\n<meta name=\"twitter:label1\" content=\"Tiempo de lectura\" \/>\n\t<meta name=\"twitter:data1\" content=\"1 minuto\" \/>\n<script type=\"application\/ld+json\" class=\"yoast-schema-graph\">{\"@context\":\"https:\\\/\\\/schema.org\",\"@graph\":[{\"@type\":\"WebPage\",\"@id\":\"https:\\\/\\\/nebraskademocrats.org\\\/zh\\\/2022conventions\\\/\",\"url\":\"https:\\\/\\\/nebraskademocrats.org\\\/zh\\\/2022conventions\\\/\",\"name\":\"2022 State and County Conventions &#8211; Nebraska Democratic Party\",\"isPartOf\":{\"@id\":\"https:\\\/\\\/nebraskademocrats.org\\\/#website\"},\"datePublished\":\"2022-02-03T21:13:11+00:00\",\"dateModified\":\"2022-04-02T16:56:15+00:00\",\"breadcrumb\":{\"@id\":\"https:\\\/\\\/nebraskademocrats.org\\\/zh\\\/2022conventions\\\/#breadcrumb\"},\"inLanguage\":\"es\",\"potentialAction\":[{\"@type\":\"ReadAction\",\"target\":[\"https:\\\/\\\/nebraskademocrats.org\\\/zh\\\/2022conventions\\\/\"]}]},{\"@type\":\"BreadcrumbList\",\"@id\":\"https:\\\/\\\/nebraskademocrats.org\\\/zh\\\/2022conventions\\\/#breadcrumb\",\"itemListElement\":[{\"@type\":\"ListItem\",\"position\":1,\"name\":\"Home\",\"item\":\"https:\\\/\\\/nebraskademocrats.org\\\/\"},{\"@type\":\"ListItem\",\"position\":2,\"name\":\"2022 State and County Conventions\"}]},{\"@type\":\"WebSite\",\"@id\":\"https:\\\/\\\/nebraskademocrats.org\\\/#website\",\"url\":\"https:\\\/\\\/nebraskademocrats.org\\\/\",\"name\":\"Nebraska Democratic Party\",\"description\":\"Growing the Good Life for All Nebraskans\",\"publisher\":{\"@id\":\"https:\\\/\\\/nebraskademocrats.org\\\/#organization\"},\"potentialAction\":[{\"@type\":\"SearchAction\",\"target\":{\"@type\":\"EntryPoint\",\"urlTemplate\":\"https:\\\/\\\/nebraskademocrats.org\\\/?s={search_term_string}\"},\"query-input\":{\"@type\":\"PropertyValueSpecification\",\"valueRequired\":true,\"valueName\":\"search_term_string\"}}],\"inLanguage\":\"es\"},{\"@type\":\"Organization\",\"@id\":\"https:\\\/\\\/nebraskademocrats.org\\\/#organization\",\"name\":\"Nebraska Democratic Party\",\"url\":\"https:\\\/\\\/nebraskademocrats.org\\\/\",\"logo\":{\"@type\":\"ImageObject\",\"inLanguage\":\"es\",\"@id\":\"https:\\\/\\\/nebraskademocrats.org\\\/#\\\/schema\\\/logo\\\/image\\\/\",\"url\":\"https:\\\/\\\/nebraskadem.wpenginepowered.com\\\/wp-content\\\/uploads\\\/2016\\\/05\\\/NDP2.jpg\",\"contentUrl\":\"https:\\\/\\\/nebraskadem.wpenginepowered.com\\\/wp-content\\\/uploads\\\/2016\\\/05\\\/NDP2.jpg\",\"width\":1000,\"height\":396,\"caption\":\"Nebraska Democratic Party\"},\"image\":{\"@id\":\"https:\\\/\\\/nebraskademocrats.org\\\/#\\\/schema\\\/logo\\\/image\\\/\"},\"sameAs\":[\"https:\\\/\\\/www.facebook.com\\\/NebraskaDemocraticParty\\\/\",\"https:\\\/\\\/x.com\\\/nebraskadems\"]}]}<\/script>\n<!-- \/ Yoast SEO plugin. -->","yoast_head_json":{"title":"2022 State and County Conventions &#8211; Nebraska Democratic Party","robots":{"index":"index","follow":"follow","max-snippet":"max-snippet:-1","max-image-preview":"max-image-preview:large","max-video-preview":"max-video-preview:-1"},"canonical":"https:\/\/nebraskademocrats.org\/es\/2022conventions\/","og_locale":"es_MX","og_type":"article","og_title":"2022 State and County Conventions &#8211; Nebraska Democratic Party","og_description":"Every two years, county parties and the Nebraska Democratic state party hold conventions to conduct party business and elect officers and delegates for the State Central Committee. If you have any questions about the information on this page, please call 402-434-2180 or email delegate@nebraskademocrats.org. The County Party Conventions were March 1-20 and held virtually this ... Read more","og_url":"https:\/\/nebraskademocrats.org\/es\/2022conventions\/","og_site_name":"Nebraska Democratic Party","article_publisher":"https:\/\/www.facebook.com\/NebraskaDemocraticParty\/","article_modified_time":"2022-04-02T16:56:15+00:00","og_image":[{"width":1200,"height":630,"url":"https:\/\/nebraskademocrats.org\/wp-content\/uploads\/2018\/09\/ne-dems-fb.jpg","type":"image\/jpeg"}],"twitter_card":"summary_large_image","twitter_site":"@nebraskadems","twitter_misc":{"Tiempo de lectura":"1 minuto"},"schema":{"@context":"https:\/\/schema.org","@graph":[{"@type":"WebPage","@id":"https:\/\/nebraskademocrats.org\/zh\/2022conventions\/","url":"https:\/\/nebraskademocrats.org\/zh\/2022conventions\/","name":"2022 State and County Conventions &#8211; Nebraska Democratic Party","isPartOf":{"@id":"https:\/\/nebraskademocrats.org\/#website"},"datePublished":"2022-02-03T21:13:11+00:00","dateModified":"2022-04-02T16:56:15+00:00","breadcrumb":{"@id":"https:\/\/nebraskademocrats.org\/zh\/2022conventions\/#breadcrumb"},"inLanguage":"es","potentialAction":[{"@type":"ReadAction","target":["https:\/\/nebraskademocrats.org\/zh\/2022conventions\/"]}]},{"@type":"BreadcrumbList","@id":"https:\/\/nebraskademocrats.org\/zh\/2022conventions\/#breadcrumb","itemListElement":[{"@type":"ListItem","position":1,"name":"Home","item":"https:\/\/nebraskademocrats.org\/"},{"@type":"ListItem","position":2,"name":"2022 State and County Conventions"}]},{"@type":"WebSite","@id":"https:\/\/nebraskademocrats.org\/#website","url":"https:\/\/nebraskademocrats.org\/","name":"Partido Dem\u00f3crata de Nebraska","description":"Cultivando la buena vida para todos los nebraskenses","publisher":{"@id":"https:\/\/nebraskademocrats.org\/#organization"},"potentialAction":[{"@type":"SearchAction","target":{"@type":"EntryPoint","urlTemplate":"https:\/\/nebraskademocrats.org\/?s={search_term_string}"},"query-input":{"@type":"PropertyValueSpecification","valueRequired":true,"valueName":"search_term_string"}}],"inLanguage":"es"},{"@type":"Organization","@id":"https:\/\/nebraskademocrats.org\/#organization","name":"Partido Dem\u00f3crata de Nebraska","url":"https:\/\/nebraskademocrats.org\/","logo":{"@type":"ImageObject","inLanguage":"es","@id":"https:\/\/nebraskademocrats.org\/#\/schema\/logo\/image\/","url":"https:\/\/nebraskadem.wpenginepowered.com\/wp-content\/uploads\/2016\/05\/NDP2.jpg","contentUrl":"https:\/\/nebraskadem.wpenginepowered.com\/wp-content\/uploads\/2016\/05\/NDP2.jpg","width":1000,"height":396,"caption":"Nebraska Democratic Party"},"image":{"@id":"https:\/\/nebraskademocrats.org\/#\/schema\/logo\/image\/"},"sameAs":["https:\/\/www.facebook.com\/NebraskaDemocraticParty\/","https:\/\/x.com\/nebraskadems"]}]}},"_links":{"self":[{"href":"https:\/\/nebraskademocrats.org\/es\/wp-json\/wp\/v2\/pages\/36111","targetHints":{"allow":["GET"]}}],"collection":[{"href":"https:\/\/nebraskademocrats.org\/es\/wp-json\/wp\/v2\/pages"}],"about":[{"href":"https:\/\/nebraskademocrats.org\/es\/wp-json\/wp\/v2\/types\/page"}],"author":[{"embeddable":true,"href":"https:\/\/nebraskademocrats.org\/es\/wp-json\/wp\/v2\/users\/19"}],"replies":[{"embeddable":true,"href":"https:\/\/nebraskademocrats.org\/es\/wp-json\/wp\/v2\/comments?post=36111"}],"version-history":[{"count":0,"href":"https:\/\/nebraskademocrats.org\/es\/wp-json\/wp\/v2\/pages\/36111\/revisions"}],"wp:attachment":[{"href":"https:\/\/nebraskademocrats.org\/es\/wp-json\/wp\/v2\/media?parent=36111"}],"curies":[{"name":"wp","href":"https:\/\/api.w.org\/{rel}","templated":true}]}}