{"id":37739,"date":"2022-04-21T12:58:28","date_gmt":"2022-04-21T17:58:28","guid":{"rendered":"https:\/\/nebraskadem.wpenginepowered.com\/?page_id=37739"},"modified":"2022-04-21T12:58:28","modified_gmt":"2022-04-21T17:58:28","slug":"get-involved","status":"publish","type":"page","link":"https:\/\/nebraskademocrats.org\/es\/get-involved\/","title":{"rendered":"\u00a1Involucrarse!"},"content":{"rendered":"<p>\u00a1Hay muchas maneras en las que puede involucrarse para ayudar a los dem\u00f3cratas a ganar!<\/p>\n<ul>\n<li><a href=\"https:\/\/www.mobilize.us\/nebdems\/event\/379336\/\"><b>Voluntario\u00a0<\/b><\/a><\/li>\n<li><a href=\"https:\/\/nebraskadem.wpenginepowered.com\/2022-democratic-candidates\/\"><b>Elija un candidato para apoyarlo haciendo campa\u00f1a y colocando letreros en el jard\u00edn<\/b><\/a><\/li>\n<li><a href=\"https:\/\/secure.actblue.com\/donate\/nebdem?refcode=website\"><b>Convi\u00e9rtase en un donante mensual<\/b><\/a><\/li>\n<li><a href=\"https:\/\/actionnetwork.org\/forms\/stay-in-contact-with-nebraska-democrats?source=website\"><b>Reg\u00edstrese para recibir nuestros correos electr\u00f3nicos y el bolet\u00edn semanal<\/b><\/a><\/li>\n<li><a href=\"https:\/\/nebraskadem.wpenginepowered.com\/officers\/\"><b>Invol\u00facrate con la fiesta de tu condado<\/b><\/a><\/li>\n<li><a href=\"https:\/\/iwillvote.com\/?state=NE\"><b>Ayude a su familia y amigos a registrarse para votar<\/b><\/a><\/li>\n<li><b>Reg\u00edstrese para votar por correo<br \/>\n<\/b><\/li>\n<li><a href=\"https:\/\/nebraskadem.wpenginepowered.com\/become-a-block-captain\/\"><b>Convi\u00e9rtete en un capit\u00e1n de bloque<\/b><\/a><\/li>\n<li><a href=\"https:\/\/nebraskadem.wpenginepowered.com\/sccminutes\/\"><b>Venga a nuestro Comit\u00e9 Central Estatal los fines de semana para capacitaciones<\/b><\/a><\/li>\n<\/ul>","protected":false},"excerpt":{"rendered":"<p>\u00a1Hay muchas maneras en las que puede involucrarse para ayudar a los dem\u00f3cratas a ganar! Ofr\u00e9zcase como voluntario Elija un candidato para apoyar haciendo campa\u00f1a y colocando letreros en el jard\u00edn Convi\u00e9rtase en un donante mensual Suscr\u00edbase a nuestros correos electr\u00f3nicos y bolet\u00edn semanal Invol\u00facrese con el partido de su condado Ayude a su familia y amigos a registrarse para votar Inscr\u00edbase para votar... <a title=\"\u00a1Involucrarse!\" class=\"read-more\" href=\"https:\/\/nebraskademocrats.org\/es\/get-involved\/\" aria-label=\"M\u00e1s sobre \u00a1Participa!\">Lee mas<\/a><\/p>","protected":false},"author":19,"featured_media":0,"parent":0,"menu_order":0,"comment_status":"closed","ping_status":"closed","template":"","meta":{"_acf_changed":false,"_exactmetrics_skip_tracking":false,"_exactmetrics_sitenote_active":false,"_exactmetrics_sitenote_note":"","_exactmetrics_sitenote_category":0,"footnotes":""},"class_list":["post-37739","page","type-page","status-publish"],"acf":[],"yoast_head":"<!-- This site is optimized with the Yoast SEO plugin v27.5 - https:\/\/yoast.com\/product\/yoast-seo-wordpress\/ -->\n<title>Get Involved! &#8211; Nebraska Democratic Party<\/title>\n<meta name=\"robots\" content=\"index, follow, max-snippet:-1, max-image-preview:large, max-video-preview:-1\" \/>\n<link rel=\"canonical\" href=\"https:\/\/nebraskademocrats.org\/es\/get-involved\/\" \/>\n<meta property=\"og:locale\" content=\"es_MX\" \/>\n<meta property=\"og:type\" content=\"article\" \/>\n<meta property=\"og:title\" content=\"Get Involved! &#8211; Nebraska Democratic Party\" \/>\n<meta property=\"og:description\" content=\"There are many ways you can get involved to help Democrats win! Volunteer\u00a0 Choose a candidate to support by canvassing and putting up yard signs Become a Monthly Donor Sign up for our emails and weekly newsletter Get involved with you county party Help your family and friends register to vote Sign up to vote ... Read more\" \/>\n<meta property=\"og:url\" content=\"https:\/\/nebraskademocrats.org\/es\/get-involved\/\" \/>\n<meta property=\"og:site_name\" content=\"Nebraska Democratic Party\" \/>\n<meta property=\"article:publisher\" content=\"https:\/\/www.facebook.com\/NebraskaDemocraticParty\/\" \/>\n<meta property=\"og:image\" content=\"https:\/\/nebraskademocrats.org\/wp-content\/uploads\/2018\/09\/ne-dems-fb.jpg\" \/>\n\t<meta property=\"og:image:width\" content=\"1200\" \/>\n\t<meta property=\"og:image:height\" content=\"630\" \/>\n\t<meta property=\"og:image:type\" content=\"image\/jpeg\" \/>\n<meta name=\"twitter:card\" content=\"summary_large_image\" \/>\n<meta name=\"twitter:site\" content=\"@nebraskadems\" \/>\n<meta name=\"twitter:label1\" content=\"Tiempo de lectura\" \/>\n\t<meta name=\"twitter:data1\" content=\"1 minuto\" \/>\n<script type=\"application\/ld+json\" class=\"yoast-schema-graph\">{\"@context\":\"https:\\\/\\\/schema.org\",\"@graph\":[{\"@type\":\"WebPage\",\"@id\":\"https:\\\/\\\/nebraskademocrats.org\\\/get-involved\\\/\",\"url\":\"https:\\\/\\\/nebraskademocrats.org\\\/get-involved\\\/\",\"name\":\"Get Involved! &#8211; Nebraska Democratic Party\",\"isPartOf\":{\"@id\":\"https:\\\/\\\/nebraskademocrats.org\\\/#website\"},\"datePublished\":\"2022-04-21T17:58:28+00:00\",\"breadcrumb\":{\"@id\":\"https:\\\/\\\/nebraskademocrats.org\\\/get-involved\\\/#breadcrumb\"},\"inLanguage\":\"es\",\"potentialAction\":[{\"@type\":\"ReadAction\",\"target\":[\"https:\\\/\\\/nebraskademocrats.org\\\/get-involved\\\/\"]}]},{\"@type\":\"BreadcrumbList\",\"@id\":\"https:\\\/\\\/nebraskademocrats.org\\\/get-involved\\\/#breadcrumb\",\"itemListElement\":[{\"@type\":\"ListItem\",\"position\":1,\"name\":\"Home\",\"item\":\"https:\\\/\\\/nebraskademocrats.org\\\/\"},{\"@type\":\"ListItem\",\"position\":2,\"name\":\"Get Involved!\"}]},{\"@type\":\"WebSite\",\"@id\":\"https:\\\/\\\/nebraskademocrats.org\\\/#website\",\"url\":\"https:\\\/\\\/nebraskademocrats.org\\\/\",\"name\":\"Nebraska Democratic Party\",\"description\":\"Growing the Good Life for All Nebraskans\",\"publisher\":{\"@id\":\"https:\\\/\\\/nebraskademocrats.org\\\/#organization\"},\"potentialAction\":[{\"@type\":\"SearchAction\",\"target\":{\"@type\":\"EntryPoint\",\"urlTemplate\":\"https:\\\/\\\/nebraskademocrats.org\\\/?s={search_term_string}\"},\"query-input\":{\"@type\":\"PropertyValueSpecification\",\"valueRequired\":true,\"valueName\":\"search_term_string\"}}],\"inLanguage\":\"es\"},{\"@type\":\"Organization\",\"@id\":\"https:\\\/\\\/nebraskademocrats.org\\\/#organization\",\"name\":\"Nebraska Democratic Party\",\"url\":\"https:\\\/\\\/nebraskademocrats.org\\\/\",\"logo\":{\"@type\":\"ImageObject\",\"inLanguage\":\"es\",\"@id\":\"https:\\\/\\\/nebraskademocrats.org\\\/#\\\/schema\\\/logo\\\/image\\\/\",\"url\":\"https:\\\/\\\/nebraskadem.wpenginepowered.com\\\/wp-content\\\/uploads\\\/2016\\\/05\\\/NDP2.jpg\",\"contentUrl\":\"https:\\\/\\\/nebraskadem.wpenginepowered.com\\\/wp-content\\\/uploads\\\/2016\\\/05\\\/NDP2.jpg\",\"width\":1000,\"height\":396,\"caption\":\"Nebraska Democratic Party\"},\"image\":{\"@id\":\"https:\\\/\\\/nebraskademocrats.org\\\/#\\\/schema\\\/logo\\\/image\\\/\"},\"sameAs\":[\"https:\\\/\\\/www.facebook.com\\\/NebraskaDemocraticParty\\\/\",\"https:\\\/\\\/x.com\\\/nebraskadems\"]}]}<\/script>\n<!-- \/ Yoast SEO plugin. -->","yoast_head_json":{"title":"Get Involved! &#8211; Nebraska Democratic Party","robots":{"index":"index","follow":"follow","max-snippet":"max-snippet:-1","max-image-preview":"max-image-preview:large","max-video-preview":"max-video-preview:-1"},"canonical":"https:\/\/nebraskademocrats.org\/es\/get-involved\/","og_locale":"es_MX","og_type":"article","og_title":"Get Involved! &#8211; Nebraska Democratic Party","og_description":"There are many ways you can get involved to help Democrats win! Volunteer\u00a0 Choose a candidate to support by canvassing and putting up yard signs Become a Monthly Donor Sign up for our emails and weekly newsletter Get involved with you county party Help your family and friends register to vote Sign up to vote ... Read more","og_url":"https:\/\/nebraskademocrats.org\/es\/get-involved\/","og_site_name":"Nebraska Democratic Party","article_publisher":"https:\/\/www.facebook.com\/NebraskaDemocraticParty\/","og_image":[{"width":1200,"height":630,"url":"https:\/\/nebraskademocrats.org\/wp-content\/uploads\/2018\/09\/ne-dems-fb.jpg","type":"image\/jpeg"}],"twitter_card":"summary_large_image","twitter_site":"@nebraskadems","twitter_misc":{"Tiempo de lectura":"1 minuto"},"schema":{"@context":"https:\/\/schema.org","@graph":[{"@type":"WebPage","@id":"https:\/\/nebraskademocrats.org\/get-involved\/","url":"https:\/\/nebraskademocrats.org\/get-involved\/","name":"Get Involved! &#8211; Nebraska Democratic Party","isPartOf":{"@id":"https:\/\/nebraskademocrats.org\/#website"},"datePublished":"2022-04-21T17:58:28+00:00","breadcrumb":{"@id":"https:\/\/nebraskademocrats.org\/get-involved\/#breadcrumb"},"inLanguage":"es","potentialAction":[{"@type":"ReadAction","target":["https:\/\/nebraskademocrats.org\/get-involved\/"]}]},{"@type":"BreadcrumbList","@id":"https:\/\/nebraskademocrats.org\/get-involved\/#breadcrumb","itemListElement":[{"@type":"ListItem","position":1,"name":"Home","item":"https:\/\/nebraskademocrats.org\/"},{"@type":"ListItem","position":2,"name":"Get Involved!"}]},{"@type":"WebSite","@id":"https:\/\/nebraskademocrats.org\/#website","url":"https:\/\/nebraskademocrats.org\/","name":"Partido Dem\u00f3crata de Nebraska","description":"Cultivando la buena vida para todos los nebraskenses","publisher":{"@id":"https:\/\/nebraskademocrats.org\/#organization"},"potentialAction":[{"@type":"SearchAction","target":{"@type":"EntryPoint","urlTemplate":"https:\/\/nebraskademocrats.org\/?s={search_term_string}"},"query-input":{"@type":"PropertyValueSpecification","valueRequired":true,"valueName":"search_term_string"}}],"inLanguage":"es"},{"@type":"Organization","@id":"https:\/\/nebraskademocrats.org\/#organization","name":"Partido Dem\u00f3crata de Nebraska","url":"https:\/\/nebraskademocrats.org\/","logo":{"@type":"ImageObject","inLanguage":"es","@id":"https:\/\/nebraskademocrats.org\/#\/schema\/logo\/image\/","url":"https:\/\/nebraskadem.wpenginepowered.com\/wp-content\/uploads\/2016\/05\/NDP2.jpg","contentUrl":"https:\/\/nebraskadem.wpenginepowered.com\/wp-content\/uploads\/2016\/05\/NDP2.jpg","width":1000,"height":396,"caption":"Nebraska Democratic Party"},"image":{"@id":"https:\/\/nebraskademocrats.org\/#\/schema\/logo\/image\/"},"sameAs":["https:\/\/www.facebook.com\/NebraskaDemocraticParty\/","https:\/\/x.com\/nebraskadems"]}]}},"_links":{"self":[{"href":"https:\/\/nebraskademocrats.org\/es\/wp-json\/wp\/v2\/pages\/37739","targetHints":{"allow":["GET"]}}],"collection":[{"href":"https:\/\/nebraskademocrats.org\/es\/wp-json\/wp\/v2\/pages"}],"about":[{"href":"https:\/\/nebraskademocrats.org\/es\/wp-json\/wp\/v2\/types\/page"}],"author":[{"embeddable":true,"href":"https:\/\/nebraskademocrats.org\/es\/wp-json\/wp\/v2\/users\/19"}],"replies":[{"embeddable":true,"href":"https:\/\/nebraskademocrats.org\/es\/wp-json\/wp\/v2\/comments?post=37739"}],"version-history":[{"count":0,"href":"https:\/\/nebraskademocrats.org\/es\/wp-json\/wp\/v2\/pages\/37739\/revisions"}],"wp:attachment":[{"href":"https:\/\/nebraskademocrats.org\/es\/wp-json\/wp\/v2\/media?parent=37739"}],"curies":[{"name":"wp","href":"https:\/\/api.w.org\/{rel}","templated":true}]}}