{"id":38220,"date":"2022-06-01T11:08:08","date_gmt":"2022-06-01T16:08:08","guid":{"rendered":"https:\/\/nebraskadem.wpenginepowered.com\/?page_id=38220"},"modified":"2022-06-01T11:12:10","modified_gmt":"2022-06-01T16:12:10","slug":"vote-early-in-person-in-the-cd1-special-election","status":"publish","type":"page","link":"https:\/\/nebraskademocrats.org\/es\/vote-early-in-person-in-the-cd1-special-election\/","title":{"rendered":"Vote temprano en persona en la Elecci\u00f3n Especial CD1"},"content":{"rendered":"<h2><b>Condados CD1:<\/b><\/h2>\n<p>\u00bfEs usted un votante en CD1? Estos son los condados que componen el Primer Distrito del Congreso.<\/p>\n<p>Mayordomo<br \/>\nCass<br \/>\nColfax<br \/>\nCuming<br \/>\nEsquivar<br \/>\nLancaster<br \/>\nMadison<br \/>\nPlatte<br \/>\nPollo*<br \/>\nSarpi*<br \/>\nSeward<br \/>\nStanton<\/p>\n<p>* Solo una parte parcial del condado est\u00e1 dentro del Distrito Congresional 1.\u00a0<a href=\"https:\/\/sos.nebraska.gov\/sites\/sos.nebraska.gov\/files\/doc\/elections\/2022\/Special-Election\/Congressional-District-1-Maps.pdf\"><b>Ver el nuevo mapa de CD1.\u00a0<\/b><\/a><\/p>\n<h2><b>Oficinas electorales del condado CD1:<\/b><\/h2>\n<p><b>A partir del 31 de mayo, puede ingresar a la oficina electoral de su condado y votar anticipadamente.\u00a0<\/b><\/p>\n<p>Si no est\u00e1 registrado para votar o necesita actualizar su direcci\u00f3n o afiliaci\u00f3n partidaria, tambi\u00e9n puede hacerlo en la oficina electoral de su condado.<\/p>\n<p><b>Mayordomo<br \/>\n<\/b>451 N. 5th Ave., Suite 10, Ciudad de David<br \/>\n8:30 am \u2013 5 pm, lunes \u2013 viernes<\/p>\n<p><b>Cass<\/b><b><br \/>\n<\/b>201 calle principal, Plattsmouth<br \/>\n8 am \u2013 5 pm, lunes \u2013 viernes<\/p>\n<p><b>Colfax<br \/>\n<\/b>411 E. 11 S., Schuyler<br \/>\n8:30 a. m. a 4:30 p. m., de lunes a viernes<\/p>\n<p><b>Cuming<br \/>\n<\/b>200 S. Lincoln St., Sala 100, West Point<br \/>\n8:30 a. m. a 4:30 p. m., de lunes a viernes<\/p>\n<p><b>Esquivar<br \/>\n<\/b>435 N. Park, Sal\u00f3n 102, Fremont<br \/>\n8:30 a. m. a 4:30 p. m., de lunes a viernes<\/p>\n<p><b>Lancaster<br \/>\n<\/b>601 N 46th St., Lincoln<br \/>\n8 am \u2013 4:30 pm, de lunes a viernes<\/p>\n<p><b>Madison<br \/>\n<\/b>1313 N. Main St., Madison<br \/>\n8:30 a. m. a 5 p. m., de lunes a viernes<\/p>\n<p><b>Platte<br \/>\n<\/b>Palacio de justicia del condado de Platte, 26th Avenue y 14th Street, Columbus<br \/>\n8 am \u2013 5 pm, lunes \u2013 viernes<\/p>\n<p><b>Polk<br \/>\n<\/b>Calle Ojo de Halc\u00f3n 400<br \/>\n8 am \u2013 5 pm, lunes \u2013 viernes<\/p>\n<p><b>Sarpy<br \/>\n<\/b>1102 E. 1st St., Suite #1, Papillion<br \/>\n8 am \u2013 4:45 pm, lunes \u2013 viernes<\/p>\n<p><b>Seward<br \/>\n<\/b>529 Seward St., Sala 205, Seward<br \/>\n8 am \u2013 5 pm, lunes \u2013 viernes<\/p>\n<p><b>Stanton<\/b><b><br \/>\n<\/b>804 Ivy St., Stanton<br \/>\n8:30 a. m. a 4:30 p. m., de lunes a viernes<\/p>","protected":false},"excerpt":{"rendered":"<p>Condados CD1: \u00bfEres un votante en CD1? Estos son los condados que componen el Primer Distrito del Congreso. Butler Cass Colfax Cuming Dodge Lancaster Madison Platte Polk* Sarpy* Seward Stanton * Solo una parte parcial del condado est\u00e1 dentro del Distrito Congresional 1. Vea el nuevo mapa de CD1. Oficinas electorales del condado CD1: A partir de... <a title=\"Vote temprano en persona en la Elecci\u00f3n Especial CD1\" class=\"read-more\" href=\"https:\/\/nebraskademocrats.org\/es\/vote-early-in-person-in-the-cd1-special-election\/\" aria-label=\"M\u00e1s informaci\u00f3n sobre el voto anticipado en persona en la elecci\u00f3n especial CD1\">Lee mas<\/a><\/p>","protected":false},"author":19,"featured_media":0,"parent":0,"menu_order":0,"comment_status":"closed","ping_status":"closed","template":"","meta":{"_acf_changed":false,"_exactmetrics_skip_tracking":false,"_exactmetrics_sitenote_active":false,"_exactmetrics_sitenote_note":"","_exactmetrics_sitenote_category":0,"footnotes":""},"class_list":["post-38220","page","type-page","status-publish"],"acf":[],"yoast_head":"<!-- This site is optimized with the Yoast SEO plugin v27.3 - https:\/\/yoast.com\/product\/yoast-seo-wordpress\/ -->\n<title>Vote early in person in the CD1 Special Election &#8211; Nebraska Democratic Party<\/title>\n<meta name=\"robots\" content=\"index, follow, max-snippet:-1, max-image-preview:large, max-video-preview:-1\" \/>\n<link rel=\"canonical\" href=\"https:\/\/nebraskademocrats.org\/es\/vote-early-in-person-in-the-cd1-special-election\/\" \/>\n<meta property=\"og:locale\" content=\"es_MX\" \/>\n<meta property=\"og:type\" content=\"article\" \/>\n<meta property=\"og:title\" content=\"Vote early in person in the CD1 Special Election &#8211; Nebraska Democratic Party\" \/>\n<meta property=\"og:description\" content=\"CD1 Counties: Are you a voter in CD1? Here are the counties that make up the First Congressional District. Butler Cass Colfax Cuming Dodge Lancaster Madison Platte Polk* Sarpy* Seward Stanton * Only a partial part of the county is within Congressional District 1.\u00a0View the new map of CD1.\u00a0 CD1 County Election Offices: As of ... Read more\" \/>\n<meta property=\"og:url\" content=\"https:\/\/nebraskademocrats.org\/es\/vote-early-in-person-in-the-cd1-special-election\/\" \/>\n<meta property=\"og:site_name\" content=\"Nebraska Democratic Party\" \/>\n<meta property=\"article:publisher\" content=\"https:\/\/www.facebook.com\/NebraskaDemocraticParty\/\" \/>\n<meta property=\"article:modified_time\" content=\"2022-06-01T16:12:10+00:00\" \/>\n<meta property=\"og:image\" content=\"https:\/\/nebraskademocrats.org\/wp-content\/uploads\/2018\/09\/ne-dems-fb.jpg\" \/>\n\t<meta property=\"og:image:width\" content=\"1200\" \/>\n\t<meta property=\"og:image:height\" content=\"630\" \/>\n\t<meta property=\"og:image:type\" content=\"image\/jpeg\" \/>\n<meta name=\"twitter:card\" content=\"summary_large_image\" \/>\n<meta name=\"twitter:site\" content=\"@nebraskadems\" \/>\n<meta name=\"twitter:label1\" content=\"Tiempo de lectura\" \/>\n\t<meta name=\"twitter:data1\" content=\"2 minutos\" \/>\n<script type=\"application\/ld+json\" class=\"yoast-schema-graph\">{\"@context\":\"https:\\\/\\\/schema.org\",\"@graph\":[{\"@type\":\"WebPage\",\"@id\":\"https:\\\/\\\/nebraskademocrats.org\\\/vote-early-in-person-in-the-cd1-special-election\\\/\",\"url\":\"https:\\\/\\\/nebraskademocrats.org\\\/vote-early-in-person-in-the-cd1-special-election\\\/\",\"name\":\"Vote early in person in the CD1 Special Election &#8211; Nebraska Democratic Party\",\"isPartOf\":{\"@id\":\"https:\\\/\\\/nebraskademocrats.org\\\/#website\"},\"datePublished\":\"2022-06-01T16:08:08+00:00\",\"dateModified\":\"2022-06-01T16:12:10+00:00\",\"breadcrumb\":{\"@id\":\"https:\\\/\\\/nebraskademocrats.org\\\/vote-early-in-person-in-the-cd1-special-election\\\/#breadcrumb\"},\"inLanguage\":\"es\",\"potentialAction\":[{\"@type\":\"ReadAction\",\"target\":[\"https:\\\/\\\/nebraskademocrats.org\\\/vote-early-in-person-in-the-cd1-special-election\\\/\"]}]},{\"@type\":\"BreadcrumbList\",\"@id\":\"https:\\\/\\\/nebraskademocrats.org\\\/vote-early-in-person-in-the-cd1-special-election\\\/#breadcrumb\",\"itemListElement\":[{\"@type\":\"ListItem\",\"position\":1,\"name\":\"Home\",\"item\":\"https:\\\/\\\/nebraskademocrats.org\\\/\"},{\"@type\":\"ListItem\",\"position\":2,\"name\":\"Vote early in person in the CD1 Special Election\"}]},{\"@type\":\"WebSite\",\"@id\":\"https:\\\/\\\/nebraskademocrats.org\\\/#website\",\"url\":\"https:\\\/\\\/nebraskademocrats.org\\\/\",\"name\":\"Nebraska Democratic Party\",\"description\":\"Growing the Good Life for All Nebraskans\",\"publisher\":{\"@id\":\"https:\\\/\\\/nebraskademocrats.org\\\/#organization\"},\"potentialAction\":[{\"@type\":\"SearchAction\",\"target\":{\"@type\":\"EntryPoint\",\"urlTemplate\":\"https:\\\/\\\/nebraskademocrats.org\\\/?s={search_term_string}\"},\"query-input\":{\"@type\":\"PropertyValueSpecification\",\"valueRequired\":true,\"valueName\":\"search_term_string\"}}],\"inLanguage\":\"es\"},{\"@type\":\"Organization\",\"@id\":\"https:\\\/\\\/nebraskademocrats.org\\\/#organization\",\"name\":\"Nebraska Democratic Party\",\"url\":\"https:\\\/\\\/nebraskademocrats.org\\\/\",\"logo\":{\"@type\":\"ImageObject\",\"inLanguage\":\"es\",\"@id\":\"https:\\\/\\\/nebraskademocrats.org\\\/#\\\/schema\\\/logo\\\/image\\\/\",\"url\":\"https:\\\/\\\/nebraskadem.wpenginepowered.com\\\/wp-content\\\/uploads\\\/2016\\\/05\\\/NDP2.jpg\",\"contentUrl\":\"https:\\\/\\\/nebraskadem.wpenginepowered.com\\\/wp-content\\\/uploads\\\/2016\\\/05\\\/NDP2.jpg\",\"width\":1000,\"height\":396,\"caption\":\"Nebraska Democratic Party\"},\"image\":{\"@id\":\"https:\\\/\\\/nebraskademocrats.org\\\/#\\\/schema\\\/logo\\\/image\\\/\"},\"sameAs\":[\"https:\\\/\\\/www.facebook.com\\\/NebraskaDemocraticParty\\\/\",\"https:\\\/\\\/x.com\\\/nebraskadems\"]}]}<\/script>\n<!-- \/ Yoast SEO plugin. -->","yoast_head_json":{"title":"Vote early in person in the CD1 Special Election &#8211; Nebraska Democratic Party","robots":{"index":"index","follow":"follow","max-snippet":"max-snippet:-1","max-image-preview":"max-image-preview:large","max-video-preview":"max-video-preview:-1"},"canonical":"https:\/\/nebraskademocrats.org\/es\/vote-early-in-person-in-the-cd1-special-election\/","og_locale":"es_MX","og_type":"article","og_title":"Vote early in person in the CD1 Special Election &#8211; Nebraska Democratic Party","og_description":"CD1 Counties: Are you a voter in CD1? Here are the counties that make up the First Congressional District. Butler Cass Colfax Cuming Dodge Lancaster Madison Platte Polk* Sarpy* Seward Stanton * Only a partial part of the county is within Congressional District 1.\u00a0View the new map of CD1.\u00a0 CD1 County Election Offices: As of ... Read more","og_url":"https:\/\/nebraskademocrats.org\/es\/vote-early-in-person-in-the-cd1-special-election\/","og_site_name":"Nebraska Democratic Party","article_publisher":"https:\/\/www.facebook.com\/NebraskaDemocraticParty\/","article_modified_time":"2022-06-01T16:12:10+00:00","og_image":[{"width":1200,"height":630,"url":"https:\/\/nebraskademocrats.org\/wp-content\/uploads\/2018\/09\/ne-dems-fb.jpg","type":"image\/jpeg"}],"twitter_card":"summary_large_image","twitter_site":"@nebraskadems","twitter_misc":{"Tiempo de lectura":"2 minutos"},"schema":{"@context":"https:\/\/schema.org","@graph":[{"@type":"WebPage","@id":"https:\/\/nebraskademocrats.org\/vote-early-in-person-in-the-cd1-special-election\/","url":"https:\/\/nebraskademocrats.org\/vote-early-in-person-in-the-cd1-special-election\/","name":"Vote early in person in the CD1 Special Election &#8211; Nebraska Democratic Party","isPartOf":{"@id":"https:\/\/nebraskademocrats.org\/#website"},"datePublished":"2022-06-01T16:08:08+00:00","dateModified":"2022-06-01T16:12:10+00:00","breadcrumb":{"@id":"https:\/\/nebraskademocrats.org\/vote-early-in-person-in-the-cd1-special-election\/#breadcrumb"},"inLanguage":"es","potentialAction":[{"@type":"ReadAction","target":["https:\/\/nebraskademocrats.org\/vote-early-in-person-in-the-cd1-special-election\/"]}]},{"@type":"BreadcrumbList","@id":"https:\/\/nebraskademocrats.org\/vote-early-in-person-in-the-cd1-special-election\/#breadcrumb","itemListElement":[{"@type":"ListItem","position":1,"name":"Home","item":"https:\/\/nebraskademocrats.org\/"},{"@type":"ListItem","position":2,"name":"Vote early in person in the CD1 Special Election"}]},{"@type":"WebSite","@id":"https:\/\/nebraskademocrats.org\/#website","url":"https:\/\/nebraskademocrats.org\/","name":"Partido Dem\u00f3crata de Nebraska","description":"Cultivando la buena vida para todos los nebraskenses","publisher":{"@id":"https:\/\/nebraskademocrats.org\/#organization"},"potentialAction":[{"@type":"SearchAction","target":{"@type":"EntryPoint","urlTemplate":"https:\/\/nebraskademocrats.org\/?s={search_term_string}"},"query-input":{"@type":"PropertyValueSpecification","valueRequired":true,"valueName":"search_term_string"}}],"inLanguage":"es"},{"@type":"Organization","@id":"https:\/\/nebraskademocrats.org\/#organization","name":"Partido Dem\u00f3crata de Nebraska","url":"https:\/\/nebraskademocrats.org\/","logo":{"@type":"ImageObject","inLanguage":"es","@id":"https:\/\/nebraskademocrats.org\/#\/schema\/logo\/image\/","url":"https:\/\/nebraskadem.wpenginepowered.com\/wp-content\/uploads\/2016\/05\/NDP2.jpg","contentUrl":"https:\/\/nebraskadem.wpenginepowered.com\/wp-content\/uploads\/2016\/05\/NDP2.jpg","width":1000,"height":396,"caption":"Nebraska Democratic Party"},"image":{"@id":"https:\/\/nebraskademocrats.org\/#\/schema\/logo\/image\/"},"sameAs":["https:\/\/www.facebook.com\/NebraskaDemocraticParty\/","https:\/\/x.com\/nebraskadems"]}]}},"_links":{"self":[{"href":"https:\/\/nebraskademocrats.org\/es\/wp-json\/wp\/v2\/pages\/38220","targetHints":{"allow":["GET"]}}],"collection":[{"href":"https:\/\/nebraskademocrats.org\/es\/wp-json\/wp\/v2\/pages"}],"about":[{"href":"https:\/\/nebraskademocrats.org\/es\/wp-json\/wp\/v2\/types\/page"}],"author":[{"embeddable":true,"href":"https:\/\/nebraskademocrats.org\/es\/wp-json\/wp\/v2\/users\/19"}],"replies":[{"embeddable":true,"href":"https:\/\/nebraskademocrats.org\/es\/wp-json\/wp\/v2\/comments?post=38220"}],"version-history":[{"count":0,"href":"https:\/\/nebraskademocrats.org\/es\/wp-json\/wp\/v2\/pages\/38220\/revisions"}],"wp:attachment":[{"href":"https:\/\/nebraskademocrats.org\/es\/wp-json\/wp\/v2\/media?parent=38220"}],"curies":[{"name":"wp","href":"https:\/\/api.w.org\/{rel}","templated":true}]}}