{"id":38569,"date":"2022-11-18T12:14:56","date_gmt":"2022-11-18T18:14:56","guid":{"rendered":"https:\/\/nebraskadem.wpenginepowered.com\/?page_id=38569"},"modified":"2022-11-19T08:56:00","modified_gmt":"2022-11-19T14:56:00","slug":"2022-legislature-winners","status":"publish","type":"page","link":"https:\/\/nebraskademocrats.org\/es\/2022-legislature-winners\/","title":{"rendered":"Ganadores de la Legislatura 2022"},"content":{"rendered":"<h3 style=\"text-align: center;\">Felicitaciones a nuestros exitosos candidatos dem\u00f3cratas, quienes nos ayudar\u00e1n a mantener nuestro cortafuegos de 17 esca\u00f1os contra el extremismo republicano en la Legislatura de Nebraska.<\/h3>\n<p><span style=\"font-weight: 400;\">El NDP felicita a este fuerte grupo de dem\u00f3cratas que ganaron sus elecciones de 2022 y nos ayudaron a mantener nuestro cortafuegos de 17 esca\u00f1os contra el extremismo republicano en la Legislatura de Nebraska.<\/span><\/p>\n<p style=\"text-align: left;\"><img fetchpriority=\"high\" decoding=\"async\" class=\"aligncenter wp-image-40925\" src=\"https:\/\/nebraskadem.wpenginepowered.com\/wp-content\/uploads\/2022\/11\/2.png\" alt=\"\" width=\"500\" height=\"500\" srcset=\"https:\/\/nebraskademocrats.org\/wp-content\/uploads\/2022\/11\/2.png 1080w, https:\/\/nebraskademocrats.org\/wp-content\/uploads\/2022\/11\/2-300x300.png 300w, https:\/\/nebraskademocrats.org\/wp-content\/uploads\/2022\/11\/2-1024x1024.png 1024w, https:\/\/nebraskademocrats.org\/wp-content\/uploads\/2022\/11\/2-150x150.png 150w, https:\/\/nebraskademocrats.org\/wp-content\/uploads\/2022\/11\/2-768x768.png 768w, https:\/\/nebraskademocrats.org\/wp-content\/uploads\/2022\/11\/2-12x12.png 12w\" sizes=\"(max-width: 500px) 100vw, 500px\" \/><\/p>\n<p><span style=\"font-weight: 400;\">\u201cAcabamos de vencer la prohibici\u00f3n del aborto en este estado y lo haremos nuevamente. He estado y seguir\u00e9 estando enfocado en los problemas muy reales que enfrentan mis electores, y continuar\u00e9 usando mi poder como senador para levantarlos en lugar de quitarles sus derechos\u201d.<\/span><\/p>\n<p><span style=\"font-weight: 400;\">La Senadora Machaela Cavanaugh, LD6, fue elegida por primera vez para la Legislatura de Nebraska en 2018. Es miembro del Comit\u00e9 de Salud y Servicios Humanos, as\u00ed como del Comit\u00e9 de Transporte y Telecomunicaciones, as\u00ed como del Pacto Interestatal para la Supervisi\u00f3n de Delincuentes Adultos. Fue becaria de salud materna e infantil de la Conferencia Nacional de Legislaturas Estatales de 2020 y becaria de aprendizaje temprano de la Conferencia Nacional de Legislaturas Estatales de 2019. Tiene una licenciatura de la Universidad de St. Thomas y una maestr\u00eda de la Universidad de Nebraska en Omaha.<\/span><\/p>\n<p><img decoding=\"async\" class=\"aligncenter wp-image-40924\" src=\"https:\/\/nebraskadem.wpenginepowered.com\/wp-content\/uploads\/2022\/11\/4.png\" alt=\"\" width=\"500\" height=\"500\" srcset=\"https:\/\/nebraskademocrats.org\/wp-content\/uploads\/2022\/11\/4.png 1080w, https:\/\/nebraskademocrats.org\/wp-content\/uploads\/2022\/11\/4-300x300.png 300w, https:\/\/nebraskademocrats.org\/wp-content\/uploads\/2022\/11\/4-1024x1024.png 1024w, https:\/\/nebraskademocrats.org\/wp-content\/uploads\/2022\/11\/4-150x150.png 150w, https:\/\/nebraskademocrats.org\/wp-content\/uploads\/2022\/11\/4-768x768.png 768w, https:\/\/nebraskademocrats.org\/wp-content\/uploads\/2022\/11\/4-12x12.png 12w\" sizes=\"(max-width: 500px) 100vw, 500px\" \/><\/p>\n<p><span style=\"font-weight: 400;\">\u201cEstoy aqu\u00ed gracias a los votos de los dem\u00f3cratas, republicanos, independientes y todos los dem\u00e1s. En nuestra legislatura no partidista, trabajo con todos para mejorar la calidad de vida aqu\u00ed en Nebraska, y me siento honrado de que me conf\u00eden la oportunidad de hacerlo durante cuatro a\u00f1os m\u00e1s\u201d.<\/span><\/p>\n<p><span style=\"font-weight: 400;\">La senadora Megan Hunt, LD8, fue elegida por primera vez para la Legislatura de Nebraska en 2018. Tiene una licenciatura de Dana College. Es la fundadora de Hello Holiday; fundador y vicepresidente de Safe Space Nebraska; y co-fundador de Majorette. Es miembro de Friends of Planned Parenthood y fideicomisaria de Business Ethics Alliance. Es ex miembro de la junta de las Orquestas Juveniles del \u00c1rea de Omaha, 2013-17. En 2016, gan\u00f3 el premio Omaha Jaycees Ten Outstanding Young Omahans y fue nombrada en 2011 por Midlands Business Journal 40 Under 40 y en 2010 en Shout Magazine&#039;s 30 Under 30.<\/span><\/p>\n<p><img decoding=\"async\" class=\"aligncenter wp-image-40923\" src=\"https:\/\/nebraskadem.wpenginepowered.com\/wp-content\/uploads\/2022\/11\/6.png\" alt=\"\" width=\"500\" height=\"500\" srcset=\"https:\/\/nebraskademocrats.org\/wp-content\/uploads\/2022\/11\/6.png 1080w, https:\/\/nebraskademocrats.org\/wp-content\/uploads\/2022\/11\/6-300x300.png 300w, https:\/\/nebraskademocrats.org\/wp-content\/uploads\/2022\/11\/6-1024x1024.png 1024w, https:\/\/nebraskademocrats.org\/wp-content\/uploads\/2022\/11\/6-150x150.png 150w, https:\/\/nebraskademocrats.org\/wp-content\/uploads\/2022\/11\/6-768x768.png 768w, https:\/\/nebraskademocrats.org\/wp-content\/uploads\/2022\/11\/6-12x12.png 12w\" sizes=\"(max-width: 500px) 100vw, 500px\" \/><\/p>\n<p><span style=\"font-weight: 400;\">\u201cYo\u2026 quiero expresar mi profundo honor y gratitud de que la gente del Distrito 10 haya vuelto a confiar en m\u00ed. Continuar\u00e9 dando todo mi coraz\u00f3n y todo lo que tengo para tratar de ser el mejor senador que pueda ser para todos en nuestro distrito y en todo Nebraska\u201d.<\/span><\/p>\n<p><span style=\"font-weight: 400;\">La Senadora Wendy DeBoer, LD10, fue elegida por primera vez a la Legislatura en 2018. Sirve en el <\/span><span style=\"font-weight: 400;\">las comisiones de Judicatura, Transporte y Telecomunicaciones y de Normas, as\u00ed como la Comisi\u00f3n de Planificaci\u00f3n del Poder Legislativo. Tiene una licenciatura de Hastings College y una licenciatura en derecho de la Facultad de Derecho de la Universidad de Nebraska, y una maestr\u00eda de la Universidad de Nebraska en Omaha, la Escuela Luterana de Teolog\u00eda de Chicago y la Universidad de Syracuse.<\/span><\/p>\n<p style=\"text-align: left;\"><img loading=\"lazy\" decoding=\"async\" class=\"aligncenter wp-image-40930\" src=\"https:\/\/nebraskadem.wpenginepowered.com\/wp-content\/uploads\/2022\/11\/8.png\" alt=\"\" width=\"500\" height=\"500\" srcset=\"https:\/\/nebraskademocrats.org\/wp-content\/uploads\/2022\/11\/8.png 1080w, https:\/\/nebraskademocrats.org\/wp-content\/uploads\/2022\/11\/8-300x300.png 300w, https:\/\/nebraskademocrats.org\/wp-content\/uploads\/2022\/11\/8-1024x1024.png 1024w, https:\/\/nebraskademocrats.org\/wp-content\/uploads\/2022\/11\/8-150x150.png 150w, https:\/\/nebraskademocrats.org\/wp-content\/uploads\/2022\/11\/8-768x768.png 768w, https:\/\/nebraskademocrats.org\/wp-content\/uploads\/2022\/11\/8-12x12.png 12w\" sizes=\"(max-width: 500px) 100vw, 500px\" \/><\/p>\n<p><span style=\"font-weight: 400;\">\u201cMe siento honrado de que los votantes del Distrito 20 conf\u00eden en m\u00ed para representarlos en la Legislatura. Tenemos desaf\u00edos significativos que enfrentar como estado, y espero servir a los habitantes de Nebraska durante los pr\u00f3ximos cuatro a\u00f1os. Garantizar recursos de salud mental asequibles y accesibles, una s\u00f3lida educaci\u00f3n p\u00fablica y garantizar que Good Life sea un lugar para todos seguir\u00e1n siendo mis principales prioridades\u201d.<\/span><\/p>\n<p><span style=\"font-weight: 400;\">El senador electo John Fredrickson, LD20, es un educador y profesional de la salud mental.<\/span><span style=\"font-weight: 400;\">\u00a0Ha pasado los \u00faltimos 10 a\u00f1os ayudando a las personas a superar los desaf\u00edos a trav\u00e9s de su trabajo como proveedor de salud mental y ense\u00f1ando a la pr\u00f3xima generaci\u00f3n de trabajadores sociales como profesor adjunto en la Universidad de Columbia. Comenz\u00f3 su carrera en Callen-Lorde, un Centro de Salud Calificado Federalmente que atiende a la comunidad LGBTQ. M\u00e1s tarde se desempe\u00f1\u00f3 en el Student Health Center de la NYU como m\u00e9dico cl\u00ednico principal y luego abri\u00f3 su propia pr\u00e1ctica privada, donde actualmente trabaja con personas de todos los or\u00edgenes. Obtuvo una licenciatura en trabajo social de la Universidad de Nueva York y una maestr\u00eda de la Universidad de Columbia.\u00a0<\/span><\/p>\n<p style=\"text-align: left;\"><img loading=\"lazy\" decoding=\"async\" class=\"aligncenter wp-image-40929\" src=\"https:\/\/nebraskadem.wpenginepowered.com\/wp-content\/uploads\/2022\/11\/9-1.png\" alt=\"\" width=\"500\" height=\"500\" srcset=\"https:\/\/nebraskademocrats.org\/wp-content\/uploads\/2022\/11\/9-1.png 1080w, https:\/\/nebraskademocrats.org\/wp-content\/uploads\/2022\/11\/9-1-300x300.png 300w, https:\/\/nebraskademocrats.org\/wp-content\/uploads\/2022\/11\/9-1-1024x1024.png 1024w, https:\/\/nebraskademocrats.org\/wp-content\/uploads\/2022\/11\/9-1-150x150.png 150w, https:\/\/nebraskademocrats.org\/wp-content\/uploads\/2022\/11\/9-1-768x768.png 768w, https:\/\/nebraskademocrats.org\/wp-content\/uploads\/2022\/11\/9-1-12x12.png 12w\" sizes=\"(max-width: 500px) 100vw, 500px\" \/><\/p>\n<p><span style=\"font-weight: 400;\">\u201cMe eligieron para representar a todos en el distrito, no solo a los que votaron por m\u00ed, y estoy listo para comenzar a trabajar con mis colegas para mejorar la vida de los habitantes de Nebraska en todas partes\u201d.<\/span><\/p>\n<p><span style=\"font-weight: 400;\">El senador electo George Dungan, LD26, actualmente se desempe\u00f1a como defensor del condado de Lancaster. George tiene una licenciatura en derecho de la American University, donde se desempe\u00f1\u00f3 en la Cl\u00ednica Legal de Violencia Dom\u00e9stica representando los intereses de las personas que escapan de la violencia, especialmente mujeres y ni\u00f1os. Tambi\u00e9n tiene experiencia con el gobierno local, sirviendo en el Comit\u00e9 Asesor de Bicicletas para Peatones de Lincoln y en la Junta de Fideicomisarios de la Asociaci\u00f3n de Abogados de Lincoln. Fue incluido en el Sal\u00f3n de la Fama de los Compa\u00f1eros de Equipo por su trabajo como mentor de j\u00f3venes.\u00a0<\/span><\/p>\n<p><img loading=\"lazy\" decoding=\"async\" class=\"aligncenter wp-image-40928\" src=\"https:\/\/nebraskadem.wpenginepowered.com\/wp-content\/uploads\/2022\/11\/10.png\" sizes=\"(max-width: 500px) 100vw, 500px\" srcset=\"https:\/\/nebraskadem.wpenginepowered.com\/wp-content\/uploads\/2022\/11\/10.png 1080w, https:\/\/nebraskadem.wpenginepowered.com\/wp-content\/uploads\/2022\/11\/10-300x300.png 300w, https:\/\/nebraskadem.wpenginepowered.com\/wp-content\/uploads\/2022\/11\/10-1024x1024.png 1024w, https:\/\/nebraskadem.wpenginepowered.com\/wp-content\/uploads\/2022\/11\/10-150x150.png 150w, https:\/\/nebraskadem.wpenginepowered.com\/wp-content\/uploads\/2022\/11\/10-768x768.png 768w, https:\/\/nebraskadem.wpenginepowered.com\/wp-content\/uploads\/2022\/11\/10-12x12.png 12w\" alt=\"\" width=\"500\" height=\"500\" \/><\/p>\n<p>\u201cEstoy muy agradecido y honrado por el firme apoyo de los votantes de mi distrito. Me siento honrado de continuar con mi servicio p\u00fablico para nuestra comunidad, el condado y ahora nuestro estado\u201d.<\/p>\n<p>La senadora electa Jane Raybould, LD28, actualmente se desempe\u00f1a en el Concejo Municipal de Lincoln, donde fue elegida por primera vez en 2015. Anteriormente se desempe\u00f1\u00f3 como comisionada del condado de Lancaster. Raybould, cuarta generaci\u00f3n de Nebraska, ayuda a administrar el negocio de comestibles que sus padres iniciaron hace m\u00e1s de 58 a\u00f1os. B&amp;R Stores Inc. y sus 22 ubicaciones de Super Saver y Russ&#039;s Markets en todo el estado. Tiene una larga historia de servicio comunitario y se ha desempe\u00f1ado en muchas capacidades voluntarias para organizaciones locales sin fines de lucro, as\u00ed como tambi\u00e9n como miembro de la Junta Directiva de la C\u00e1mara de Comercio de Lincoln.<\/p>\n<p style=\"text-align: left;\"><img loading=\"lazy\" decoding=\"async\" class=\"aligncenter wp-image-40927\" src=\"https:\/\/nebraskadem.wpenginepowered.com\/wp-content\/uploads\/2022\/11\/12.png\" alt=\"\" width=\"500\" height=\"500\" srcset=\"https:\/\/nebraskademocrats.org\/wp-content\/uploads\/2022\/11\/12.png 1080w, https:\/\/nebraskademocrats.org\/wp-content\/uploads\/2022\/11\/12-300x300.png 300w, https:\/\/nebraskademocrats.org\/wp-content\/uploads\/2022\/11\/12-1024x1024.png 1024w, https:\/\/nebraskademocrats.org\/wp-content\/uploads\/2022\/11\/12-150x150.png 150w, https:\/\/nebraskademocrats.org\/wp-content\/uploads\/2022\/11\/12-768x768.png 768w, https:\/\/nebraskademocrats.org\/wp-content\/uploads\/2022\/11\/12-12x12.png 12w\" sizes=\"(max-width: 500px) 100vw, 500px\" \/><\/p>\n<p><span style=\"font-weight: 400;\">\u201cCuando trabajamos juntos, podemos lograr un cambio positivo. Prometo seguir trabajando arduamente todos los d\u00edas para ayudar a las familias de North Lincoln y construir un futuro mejor y m\u00e1s brillante para nuestro estado. Juntos, trabajaremos para garantizar que Nebraska sea un lugar donde todos tengan la oportunidad de tener \u00e9xito y todos sepan que pertenecen.<b>&quot;<\/b><\/span><\/p>\n<p><span style=\"font-weight: 400;\">La senadora electa Danielle Conrad, LD46, fue miembro de la Legislatura de 2007 a 2015, cuando se fue debido a l\u00edmites de mandato. Ha sido directora ejecutiva de ACLU Nebraska y abogada del Nebraska Appleseed Center for Law in the Public Interest. Conrad obtuvo su licenciatura y su doctorado en leyes de la Universidad de Nebraska-Lincoln en 2000 y 2003, respectivamente.\u00a0<\/span><\/p>\n<p><strong>Legisladores dem\u00f3cratas que no se presentaron a las elecciones de 2022 y que forman parte del fuerte cortafuegos de 17 miembros:<\/strong><\/p>\n<ul>\n<li><span style=\"font-weight: 400;\">Villancico <\/span><span style=\"font-weight: 400;\">Sangre, LD3<\/span><\/li>\n<li><span style=\"font-weight: 400;\">Miguel <\/span>McDonnell, DL 5<\/li>\n<li>Tony Vargas, LD7<\/li>\n<li>Juan Cavanaugh, LD9<\/li>\n<li>Terrell McKinney, LD11<\/li>\n<li>Justin Wayne, LD13<\/li>\n<li>Lynne Walz, LD15<\/li>\n<li>Ana Wishart, LD27<\/li>\n<li>Eliot Bostar, LD29<\/li>\n<li>Jen d\u00eda LD49<\/li>\n<\/ul>","protected":false},"excerpt":{"rendered":"<p>Congratulations to our successful Democratic candidates, who will help us maintain our 17-seat firewall against Republican extremism in the Nebraska Legislature. The NDP congratulates this strong group of Democrats who won their 2022 races and helped us hold our 17-seat firewall against Republican extremism in the Nebraska Legislature. \u201cWe just defeated a ban on abortion &#8230; <a title=\"Ganadores de la Legislatura 2022\" class=\"read-more\" href=\"https:\/\/nebraskademocrats.org\/es\/2022-legislature-winners\/\" aria-label=\"More on 2022 Legislature Winners\">Lee mas<\/a><\/p>","protected":false},"author":19,"featured_media":0,"parent":0,"menu_order":0,"comment_status":"closed","ping_status":"closed","template":"","meta":{"_acf_changed":false,"_exactmetrics_skip_tracking":false,"_exactmetrics_sitenote_active":false,"_exactmetrics_sitenote_note":"","_exactmetrics_sitenote_category":0,"footnotes":""},"class_list":["post-38569","page","type-page","status-publish"],"acf":[],"yoast_head":"<!-- This site is optimized with the Yoast SEO plugin v27.6 - https:\/\/yoast.com\/product\/yoast-seo-wordpress\/ -->\n<title>2022 Legislature Winners &#8211; Nebraska Democratic Party<\/title>\n<meta name=\"robots\" content=\"index, follow, max-snippet:-1, max-image-preview:large, max-video-preview:-1\" \/>\n<link rel=\"canonical\" href=\"https:\/\/nebraskademocrats.org\/es\/2022-legislature-winners\/\" \/>\n<meta property=\"og:locale\" content=\"es_MX\" \/>\n<meta property=\"og:type\" content=\"article\" \/>\n<meta property=\"og:title\" content=\"2022 Legislature Winners &#8211; Nebraska Democratic Party\" \/>\n<meta property=\"og:description\" content=\"Congratulations to our successful Democratic candidates, who will help us maintain our 17-seat firewall against Republican extremism in the Nebraska Legislature. The NDP congratulates this strong group of Democrats who won their 2022 races and helped us hold our 17-seat firewall against Republican extremism in the Nebraska Legislature. \u201cWe just defeated a ban on abortion ... Read more\" \/>\n<meta property=\"og:url\" content=\"https:\/\/nebraskademocrats.org\/es\/2022-legislature-winners\/\" \/>\n<meta property=\"og:site_name\" content=\"Nebraska Democratic Party\" \/>\n<meta property=\"article:publisher\" content=\"https:\/\/www.facebook.com\/NebraskaDemocraticParty\/\" \/>\n<meta property=\"article:modified_time\" content=\"2022-11-19T14:56:00+00:00\" \/>\n<meta property=\"og:image\" content=\"https:\/\/nebraskadem.wpenginepowered.com\/wp-content\/uploads\/2022\/11\/2.png\" \/>\n<meta name=\"twitter:card\" content=\"summary_large_image\" \/>\n<meta name=\"twitter:site\" content=\"@nebraskadems\" \/>\n<meta name=\"twitter:label1\" content=\"Tiempo de lectura\" \/>\n\t<meta name=\"twitter:data1\" content=\"6 minutos\" \/>\n<script type=\"application\/ld+json\" class=\"yoast-schema-graph\">{\"@context\":\"https:\\\/\\\/schema.org\",\"@graph\":[{\"@type\":\"WebPage\",\"@id\":\"https:\\\/\\\/nebraskademocrats.org\\\/2022-legislature-winners\\\/\",\"url\":\"https:\\\/\\\/nebraskademocrats.org\\\/2022-legislature-winners\\\/\",\"name\":\"2022 Legislature Winners &#8211; Nebraska Democratic Party\",\"isPartOf\":{\"@id\":\"https:\\\/\\\/nebraskademocrats.org\\\/#website\"},\"primaryImageOfPage\":{\"@id\":\"https:\\\/\\\/nebraskademocrats.org\\\/2022-legislature-winners\\\/#primaryimage\"},\"image\":{\"@id\":\"https:\\\/\\\/nebraskademocrats.org\\\/2022-legislature-winners\\\/#primaryimage\"},\"thumbnailUrl\":\"https:\\\/\\\/nebraskadem.wpenginepowered.com\\\/wp-content\\\/uploads\\\/2022\\\/11\\\/2.png\",\"datePublished\":\"2022-11-18T18:14:56+00:00\",\"dateModified\":\"2022-11-19T14:56:00+00:00\",\"breadcrumb\":{\"@id\":\"https:\\\/\\\/nebraskademocrats.org\\\/2022-legislature-winners\\\/#breadcrumb\"},\"inLanguage\":\"es\",\"potentialAction\":[{\"@type\":\"ReadAction\",\"target\":[\"https:\\\/\\\/nebraskademocrats.org\\\/2022-legislature-winners\\\/\"]}]},{\"@type\":\"ImageObject\",\"inLanguage\":\"es\",\"@id\":\"https:\\\/\\\/nebraskademocrats.org\\\/2022-legislature-winners\\\/#primaryimage\",\"url\":\"https:\\\/\\\/nebraskadem.wpenginepowered.com\\\/wp-content\\\/uploads\\\/2022\\\/11\\\/2.png\",\"contentUrl\":\"https:\\\/\\\/nebraskadem.wpenginepowered.com\\\/wp-content\\\/uploads\\\/2022\\\/11\\\/2.png\"},{\"@type\":\"BreadcrumbList\",\"@id\":\"https:\\\/\\\/nebraskademocrats.org\\\/2022-legislature-winners\\\/#breadcrumb\",\"itemListElement\":[{\"@type\":\"ListItem\",\"position\":1,\"name\":\"Home\",\"item\":\"https:\\\/\\\/nebraskademocrats.org\\\/\"},{\"@type\":\"ListItem\",\"position\":2,\"name\":\"2022 Legislature Winners\"}]},{\"@type\":\"WebSite\",\"@id\":\"https:\\\/\\\/nebraskademocrats.org\\\/#website\",\"url\":\"https:\\\/\\\/nebraskademocrats.org\\\/\",\"name\":\"Nebraska Democratic Party\",\"description\":\"Growing the Good Life for All Nebraskans\",\"publisher\":{\"@id\":\"https:\\\/\\\/nebraskademocrats.org\\\/#organization\"},\"potentialAction\":[{\"@type\":\"SearchAction\",\"target\":{\"@type\":\"EntryPoint\",\"urlTemplate\":\"https:\\\/\\\/nebraskademocrats.org\\\/?s={search_term_string}\"},\"query-input\":{\"@type\":\"PropertyValueSpecification\",\"valueRequired\":true,\"valueName\":\"search_term_string\"}}],\"inLanguage\":\"es\"},{\"@type\":\"Organization\",\"@id\":\"https:\\\/\\\/nebraskademocrats.org\\\/#organization\",\"name\":\"Nebraska Democratic Party\",\"url\":\"https:\\\/\\\/nebraskademocrats.org\\\/\",\"logo\":{\"@type\":\"ImageObject\",\"inLanguage\":\"es\",\"@id\":\"https:\\\/\\\/nebraskademocrats.org\\\/#\\\/schema\\\/logo\\\/image\\\/\",\"url\":\"https:\\\/\\\/nebraskadem.wpenginepowered.com\\\/wp-content\\\/uploads\\\/2016\\\/05\\\/NDP2.jpg\",\"contentUrl\":\"https:\\\/\\\/nebraskadem.wpenginepowered.com\\\/wp-content\\\/uploads\\\/2016\\\/05\\\/NDP2.jpg\",\"width\":1000,\"height\":396,\"caption\":\"Nebraska Democratic Party\"},\"image\":{\"@id\":\"https:\\\/\\\/nebraskademocrats.org\\\/#\\\/schema\\\/logo\\\/image\\\/\"},\"sameAs\":[\"https:\\\/\\\/www.facebook.com\\\/NebraskaDemocraticParty\\\/\",\"https:\\\/\\\/x.com\\\/nebraskadems\"]}]}<\/script>\n<!-- \/ Yoast SEO plugin. -->","yoast_head_json":{"title":"2022 Legislature Winners &#8211; Nebraska Democratic Party","robots":{"index":"index","follow":"follow","max-snippet":"max-snippet:-1","max-image-preview":"max-image-preview:large","max-video-preview":"max-video-preview:-1"},"canonical":"https:\/\/nebraskademocrats.org\/es\/2022-legislature-winners\/","og_locale":"es_MX","og_type":"article","og_title":"2022 Legislature Winners &#8211; Nebraska Democratic Party","og_description":"Congratulations to our successful Democratic candidates, who will help us maintain our 17-seat firewall against Republican extremism in the Nebraska Legislature. The NDP congratulates this strong group of Democrats who won their 2022 races and helped us hold our 17-seat firewall against Republican extremism in the Nebraska Legislature. \u201cWe just defeated a ban on abortion ... Read more","og_url":"https:\/\/nebraskademocrats.org\/es\/2022-legislature-winners\/","og_site_name":"Nebraska Democratic Party","article_publisher":"https:\/\/www.facebook.com\/NebraskaDemocraticParty\/","article_modified_time":"2022-11-19T14:56:00+00:00","og_image":[{"url":"https:\/\/nebraskadem.wpenginepowered.com\/wp-content\/uploads\/2022\/11\/2.png","type":"","width":"","height":""}],"twitter_card":"summary_large_image","twitter_site":"@nebraskadems","twitter_misc":{"Tiempo de lectura":"6 minutos"},"schema":{"@context":"https:\/\/schema.org","@graph":[{"@type":"WebPage","@id":"https:\/\/nebraskademocrats.org\/2022-legislature-winners\/","url":"https:\/\/nebraskademocrats.org\/2022-legislature-winners\/","name":"2022 Legislature Winners &#8211; Nebraska Democratic Party","isPartOf":{"@id":"https:\/\/nebraskademocrats.org\/#website"},"primaryImageOfPage":{"@id":"https:\/\/nebraskademocrats.org\/2022-legislature-winners\/#primaryimage"},"image":{"@id":"https:\/\/nebraskademocrats.org\/2022-legislature-winners\/#primaryimage"},"thumbnailUrl":"https:\/\/nebraskadem.wpenginepowered.com\/wp-content\/uploads\/2022\/11\/2.png","datePublished":"2022-11-18T18:14:56+00:00","dateModified":"2022-11-19T14:56:00+00:00","breadcrumb":{"@id":"https:\/\/nebraskademocrats.org\/2022-legislature-winners\/#breadcrumb"},"inLanguage":"es","potentialAction":[{"@type":"ReadAction","target":["https:\/\/nebraskademocrats.org\/2022-legislature-winners\/"]}]},{"@type":"ImageObject","inLanguage":"es","@id":"https:\/\/nebraskademocrats.org\/2022-legislature-winners\/#primaryimage","url":"https:\/\/nebraskadem.wpenginepowered.com\/wp-content\/uploads\/2022\/11\/2.png","contentUrl":"https:\/\/nebraskadem.wpenginepowered.com\/wp-content\/uploads\/2022\/11\/2.png"},{"@type":"BreadcrumbList","@id":"https:\/\/nebraskademocrats.org\/2022-legislature-winners\/#breadcrumb","itemListElement":[{"@type":"ListItem","position":1,"name":"Home","item":"https:\/\/nebraskademocrats.org\/"},{"@type":"ListItem","position":2,"name":"2022 Legislature Winners"}]},{"@type":"WebSite","@id":"https:\/\/nebraskademocrats.org\/#website","url":"https:\/\/nebraskademocrats.org\/","name":"Partido Dem\u00f3crata de Nebraska","description":"Cultivando la buena vida para todos los nebraskenses","publisher":{"@id":"https:\/\/nebraskademocrats.org\/#organization"},"potentialAction":[{"@type":"SearchAction","target":{"@type":"EntryPoint","urlTemplate":"https:\/\/nebraskademocrats.org\/?s={search_term_string}"},"query-input":{"@type":"PropertyValueSpecification","valueRequired":true,"valueName":"search_term_string"}}],"inLanguage":"es"},{"@type":"Organization","@id":"https:\/\/nebraskademocrats.org\/#organization","name":"Partido Dem\u00f3crata de Nebraska","url":"https:\/\/nebraskademocrats.org\/","logo":{"@type":"ImageObject","inLanguage":"es","@id":"https:\/\/nebraskademocrats.org\/#\/schema\/logo\/image\/","url":"https:\/\/nebraskadem.wpenginepowered.com\/wp-content\/uploads\/2016\/05\/NDP2.jpg","contentUrl":"https:\/\/nebraskadem.wpenginepowered.com\/wp-content\/uploads\/2016\/05\/NDP2.jpg","width":1000,"height":396,"caption":"Nebraska Democratic Party"},"image":{"@id":"https:\/\/nebraskademocrats.org\/#\/schema\/logo\/image\/"},"sameAs":["https:\/\/www.facebook.com\/NebraskaDemocraticParty\/","https:\/\/x.com\/nebraskadems"]}]}},"_links":{"self":[{"href":"https:\/\/nebraskademocrats.org\/es\/wp-json\/wp\/v2\/pages\/38569","targetHints":{"allow":["GET"]}}],"collection":[{"href":"https:\/\/nebraskademocrats.org\/es\/wp-json\/wp\/v2\/pages"}],"about":[{"href":"https:\/\/nebraskademocrats.org\/es\/wp-json\/wp\/v2\/types\/page"}],"author":[{"embeddable":true,"href":"https:\/\/nebraskademocrats.org\/es\/wp-json\/wp\/v2\/users\/19"}],"replies":[{"embeddable":true,"href":"https:\/\/nebraskademocrats.org\/es\/wp-json\/wp\/v2\/comments?post=38569"}],"version-history":[{"count":0,"href":"https:\/\/nebraskademocrats.org\/es\/wp-json\/wp\/v2\/pages\/38569\/revisions"}],"wp:attachment":[{"href":"https:\/\/nebraskademocrats.org\/es\/wp-json\/wp\/v2\/media?parent=38569"}],"curies":[{"name":"wp","href":"https:\/\/api.w.org\/{rel}","templated":true}]}}