{"id":39856,"date":"2022-10-19T08:31:16","date_gmt":"2022-10-19T13:31:16","guid":{"rendered":"https:\/\/nebraskadem.wpenginepowered.com\/?page_id=39856"},"modified":"2022-10-26T09:32:47","modified_gmt":"2022-10-26T14:32:47","slug":"faces","status":"publish","type":"page","link":"https:\/\/nebraskademocrats.org\/es\/faces\/","title":{"rendered":"Recuerda estas caras y VOTA"},"content":{"rendered":"<p><span style=\"font-weight: 400;\">La elecci\u00f3n del 8 de noviembre es una batalla por el control de nuestra Legislatura de Nebraska. Los candidatos republicanos han hecho un juramento a Charles Herbster para que el cuerpo sea m\u00e1s partidista. Todos est\u00e1n siendo financiados por los s\u00faper pacs de Ricketts. No hay independencia.<\/span><\/p>\n<p><span style=\"font-weight: 400;\">Necesitamos mantener y aumentar nuestros 17 esca\u00f1os ocupados por dem\u00f3cratas para defendernos de los extremistas republicanos de MAGA que buscan tomar el control de todo, desde nuestras escuelas p\u00fablicas hasta los derechos reproductivos.<\/span><\/p>\n<h2><span style=\"color: #0000ff;\"><b>Los candidatos dem\u00f3cratas a la Legislatura defender\u00e1n al pueblo y sus derechos. #NebDems<\/b><\/span><\/h2>\n<ul>\n<li style=\"font-weight: 400;\" aria-level=\"1\"><span style=\"font-weight: 400;\">Los dem\u00f3cratas apoyan la financiaci\u00f3n total de nuestras escuelas p\u00fablicas y apoyan a nuestros maestros trabajadores.<\/span><\/li>\n<li style=\"font-weight: 400;\" aria-level=\"1\"><span style=\"font-weight: 400;\">Los dem\u00f3cratas apoyan la marihuana medicinal y el aumento del salario m\u00ednimo.<\/span><\/li>\n<li style=\"font-weight: 400;\" aria-level=\"1\"><span style=\"font-weight: 400;\">Los dem\u00f3cratas protegen los derechos de propiedad del dominio eminente para beneficio privado.<\/span><\/li>\n<li style=\"font-weight: 400;\" aria-level=\"1\"><span style=\"font-weight: 400;\">Los dem\u00f3cratas apoyan la expansi\u00f3n de los derechos de voto y el acceso justo a las elecciones.<\/span><\/li>\n<\/ul>\n<p><span style=\"font-weight: 400;\">Estas son las caras que est\u00e1n con usted, vote temprano o el 8 de noviembre:<\/span><\/p>\n<div>\n<div><img fetchpriority=\"high\" decoding=\"async\" class=\"wp-image-39935 aligncenter\" src=\"https:\/\/nebraskadem.wpenginepowered.com\/wp-content\/uploads\/2022\/10\/NEBDEMS-LEG-Candidates-Updated-1024x1024.png\" alt=\"\" width=\"526\" height=\"526\" srcset=\"https:\/\/nebraskademocrats.org\/wp-content\/uploads\/2022\/10\/NEBDEMS-LEG-Candidates-Updated-1024x1024.png 1024w, https:\/\/nebraskademocrats.org\/wp-content\/uploads\/2022\/10\/NEBDEMS-LEG-Candidates-Updated-300x300.png 300w, https:\/\/nebraskademocrats.org\/wp-content\/uploads\/2022\/10\/NEBDEMS-LEG-Candidates-Updated-150x150.png 150w, https:\/\/nebraskademocrats.org\/wp-content\/uploads\/2022\/10\/NEBDEMS-LEG-Candidates-Updated-768x768.png 768w, https:\/\/nebraskademocrats.org\/wp-content\/uploads\/2022\/10\/NEBDEMS-LEG-Candidates-Updated-12x12.png 12w, https:\/\/nebraskademocrats.org\/wp-content\/uploads\/2022\/10\/NEBDEMS-LEG-Candidates-Updated.png 1080w\" sizes=\"(max-width: 526px) 100vw, 526px\" \/><\/div>\n<div style=\"text-align: center;\"><\/div>\n<\/div>\n<div>\n<div>\n<p style=\"text-align: left;\"><b><a href=\"https:\/\/www.slatteryforlegislature.com\/\">Sara Slattery,<\/a> LD 2<\/b><\/p>\n<p style=\"text-align: left;\"><b><a href=\"https:\/\/cavanaughforlegislature.org\/\">Machaela Cavanaugh<\/a>, LD 6<\/b><\/p>\n<p style=\"text-align: left;\"><b><a href=\"https:\/\/meganfornebraska.com\/\">Megan Hunt<\/a>, DL 8<\/b><\/p>\n<p style=\"text-align: left;\"><b><a href=\"https:\/\/deboerforlegislature.com\/\">Wendy DeBoer<\/a>, DL 10<\/b><\/p>\n<p style=\"text-align: left;\"><b><a href=\"https:\/\/www.richards4ne.com\/\">petirrojo richards<\/a>, DL 12<\/b><\/p>\n<p style=\"text-align: left;\"><b><a href=\"https:\/\/votecorivillegas.com\/\">Cori Villegas<\/a>, DL 14<\/b><\/p>\n<p style=\"text-align: left;\"><b><a href=\"http:\/\/www.youngforne.com\/\">miguel joven<\/a>, DL 18<\/b><\/p>\n<p><a href=\"http:\/\/www.johnfornebraska.com\/\"><strong>John Fredrickson<\/strong><\/a>, <strong>DL 20<\/strong><\/p>\n<p><span style=\"color: #000000;\"><b><a href=\"http:\/\/www.georgefornebraska.com\/\">George Dungan<\/a>, DL 26<\/b><\/span><\/p>\n<p><b><a href=\"http:\/\/raybouldforlegislature.com\/\">Jane Raybould<\/a>, DL 28<\/b><\/p>\n<p><b><a href=\"https:\/\/royersfornebraska.com\/\">Tim Royers<\/a>, DL 31<\/b><\/p>\n<p><b><a href=\"https:\/\/angielauritsenforlegislature.com\/\">Angie Lauritsen<\/a>, DL 36<\/b><\/p>\n<p><b><a href=\"http:\/\/www.bowersfornebraska.com\/\">James Michael Bowers<\/a>,DL 46<\/b><\/p>\n<p><b><a href=\"https:\/\/www.conradforlegislature.net\/\">Danielle Conrad<\/a>, DL 46<\/b><\/p>\n<p><b>(<\/b><span style=\"font-weight: 400;\">Las im\u00e1genes son de izquierda a derecha)<\/span><\/p>\n<\/div>\n<h2><span style=\"color: #ff0000;\"><b>Los candidatos republicanos a la legislatura le quitar\u00e1n sus derechos fundamentales si se les da la oportunidad. #ExtremoGOP<\/b><\/span><\/h2>\n<ul>\n<li style=\"font-weight: 400;\" aria-level=\"1\"><span style=\"font-weight: 400;\">Los republicanos prohibir\u00e1n el aborto y proteger\u00e1n a los violadores.<\/span><\/li>\n<li style=\"font-weight: 400;\" aria-level=\"1\"><span style=\"font-weight: 400;\">Los republicanos eliminar\u00e1n los fondos de las escuelas p\u00fablicas y continuar\u00e1n derribando a los maestros.<\/span><\/li>\n<li style=\"font-weight: 400;\" aria-level=\"1\"><span style=\"font-weight: 400;\">Los republicanos se oponen a la marihuana medicinal y al aumento del salario m\u00ednimo.<\/span><\/li>\n<li style=\"font-weight: 400;\" aria-level=\"1\"><span style=\"font-weight: 400;\">Los republicanos apoyan la apropiaci\u00f3n de tierras y las corporaciones que utilizan el dominio eminente.<\/span><\/li>\n<li style=\"font-weight: 400;\" aria-level=\"1\"><span style=\"font-weight: 400;\">Los republicanos apoyan la supresi\u00f3n de votantes.<\/span><\/li>\n<\/ul>\n<p><span style=\"font-weight: 400;\">Estas son las caras que se preocupan m\u00e1s por la corporaci\u00f3n que t\u00fa:<\/span><\/p>\n<\/div>\n<div>\n<div><img decoding=\"async\" class=\"wp-image-39958 aligncenter\" src=\"https:\/\/nebraskadem.wpenginepowered.com\/wp-content\/uploads\/2022\/10\/NEBDEMS-LEG-CandidatesGOP-Foreboding3-1-1024x1024.png\" alt=\"\" width=\"581\" height=\"581\" srcset=\"https:\/\/nebraskademocrats.org\/wp-content\/uploads\/2022\/10\/NEBDEMS-LEG-CandidatesGOP-Foreboding3-1-1024x1024.png 1024w, https:\/\/nebraskademocrats.org\/wp-content\/uploads\/2022\/10\/NEBDEMS-LEG-CandidatesGOP-Foreboding3-1-300x300.png 300w, https:\/\/nebraskademocrats.org\/wp-content\/uploads\/2022\/10\/NEBDEMS-LEG-CandidatesGOP-Foreboding3-1-150x150.png 150w, https:\/\/nebraskademocrats.org\/wp-content\/uploads\/2022\/10\/NEBDEMS-LEG-CandidatesGOP-Foreboding3-1-768x768.png 768w, https:\/\/nebraskademocrats.org\/wp-content\/uploads\/2022\/10\/NEBDEMS-LEG-CandidatesGOP-Foreboding3-1-12x12.png 12w, https:\/\/nebraskademocrats.org\/wp-content\/uploads\/2022\/10\/NEBDEMS-LEG-CandidatesGOP-Foreboding3-1.png 1080w\" sizes=\"(max-width: 581px) 100vw, 581px\" \/><\/div>\n<\/div>","protected":false},"excerpt":{"rendered":"<p>La elecci\u00f3n del 8 de noviembre es una batalla por el control de nuestra Legislatura de Nebraska. Los candidatos republicanos han hecho un juramento a Charles Herbster para que el cuerpo sea m\u00e1s partidista. Todos est\u00e1n siendo financiados por los s\u00faper pacs de Ricketts. No hay independencia. Necesitamos mantener y aumentar nuestros 17 esca\u00f1os ocupados por dem\u00f3cratas para... <a title=\"Recuerda estas caras y VOTA\" class=\"read-more\" href=\"https:\/\/nebraskademocrats.org\/es\/faces\/\" aria-label=\"M\u00e1s sobre Recuerda estas caras y VOTA\">Lee mas<\/a><\/p>","protected":false},"author":19,"featured_media":0,"parent":0,"menu_order":0,"comment_status":"closed","ping_status":"closed","template":"","meta":{"_acf_changed":false,"_exactmetrics_skip_tracking":false,"_exactmetrics_sitenote_active":false,"_exactmetrics_sitenote_note":"","_exactmetrics_sitenote_category":0,"footnotes":""},"class_list":["post-39856","page","type-page","status-publish"],"acf":[],"yoast_head":"<!-- This site is optimized with the Yoast SEO plugin v27.4 - https:\/\/yoast.com\/product\/yoast-seo-wordpress\/ -->\n<title>Remember these faces and VOTE &#8211; Nebraska Democratic Party<\/title>\n<meta name=\"description\" content=\"Nebraska Democrats protect legal access to abortion, fund our public schools, work to legalize medical marijuana and stand up for property rights.\" \/>\n<meta name=\"robots\" content=\"index, follow, max-snippet:-1, max-image-preview:large, max-video-preview:-1\" \/>\n<link rel=\"canonical\" href=\"https:\/\/nebraskademocrats.org\/es\/faces\/\" \/>\n<meta property=\"og:locale\" content=\"es_MX\" \/>\n<meta property=\"og:type\" content=\"article\" \/>\n<meta property=\"og:title\" content=\"Remember these faces and VOTE &#8211; Nebraska Democratic Party\" \/>\n<meta property=\"og:description\" content=\"Nebraska Democrats protect legal access to abortion, fund our public schools, work to legalize medical marijuana and stand up for property rights.\" \/>\n<meta property=\"og:url\" content=\"https:\/\/nebraskademocrats.org\/es\/faces\/\" \/>\n<meta property=\"og:site_name\" content=\"Nebraska Democratic Party\" \/>\n<meta property=\"article:publisher\" content=\"https:\/\/www.facebook.com\/NebraskaDemocraticParty\/\" \/>\n<meta property=\"article:modified_time\" content=\"2022-10-26T14:32:47+00:00\" \/>\n<meta property=\"og:image\" content=\"https:\/\/nebraskadem.wpenginepowered.com\/wp-content\/uploads\/2022\/10\/NEBDEMS-LEG-Candidates-Updated-1024x1024.png\" \/>\n<meta name=\"twitter:card\" content=\"summary_large_image\" \/>\n<meta name=\"twitter:site\" content=\"@nebraskadems\" \/>\n<meta name=\"twitter:label1\" content=\"Tiempo de lectura\" \/>\n\t<meta name=\"twitter:data1\" content=\"2 minutos\" \/>\n<script type=\"application\/ld+json\" class=\"yoast-schema-graph\">{\"@context\":\"https:\\\/\\\/schema.org\",\"@graph\":[{\"@type\":\"WebPage\",\"@id\":\"https:\\\/\\\/nebraskademocrats.org\\\/faces\\\/\",\"url\":\"https:\\\/\\\/nebraskademocrats.org\\\/faces\\\/\",\"name\":\"Remember these faces and VOTE &#8211; Nebraska Democratic Party\",\"isPartOf\":{\"@id\":\"https:\\\/\\\/nebraskademocrats.org\\\/#website\"},\"primaryImageOfPage\":{\"@id\":\"https:\\\/\\\/nebraskademocrats.org\\\/faces\\\/#primaryimage\"},\"image\":{\"@id\":\"https:\\\/\\\/nebraskademocrats.org\\\/faces\\\/#primaryimage\"},\"thumbnailUrl\":\"https:\\\/\\\/nebraskadem.wpenginepowered.com\\\/wp-content\\\/uploads\\\/2022\\\/10\\\/NEBDEMS-LEG-Candidates-Updated-1024x1024.png\",\"datePublished\":\"2022-10-19T13:31:16+00:00\",\"dateModified\":\"2022-10-26T14:32:47+00:00\",\"description\":\"Nebraska Democrats protect legal access to abortion, fund our public schools, work to legalize medical marijuana and stand up for property rights.\",\"breadcrumb\":{\"@id\":\"https:\\\/\\\/nebraskademocrats.org\\\/faces\\\/#breadcrumb\"},\"inLanguage\":\"es\",\"potentialAction\":[{\"@type\":\"ReadAction\",\"target\":[\"https:\\\/\\\/nebraskademocrats.org\\\/faces\\\/\"]}]},{\"@type\":\"ImageObject\",\"inLanguage\":\"es\",\"@id\":\"https:\\\/\\\/nebraskademocrats.org\\\/faces\\\/#primaryimage\",\"url\":\"https:\\\/\\\/nebraskadem.wpenginepowered.com\\\/wp-content\\\/uploads\\\/2022\\\/10\\\/NEBDEMS-LEG-Candidates-Updated-1024x1024.png\",\"contentUrl\":\"https:\\\/\\\/nebraskadem.wpenginepowered.com\\\/wp-content\\\/uploads\\\/2022\\\/10\\\/NEBDEMS-LEG-Candidates-Updated-1024x1024.png\"},{\"@type\":\"BreadcrumbList\",\"@id\":\"https:\\\/\\\/nebraskademocrats.org\\\/faces\\\/#breadcrumb\",\"itemListElement\":[{\"@type\":\"ListItem\",\"position\":1,\"name\":\"Home\",\"item\":\"https:\\\/\\\/nebraskademocrats.org\\\/\"},{\"@type\":\"ListItem\",\"position\":2,\"name\":\"Remember these faces and VOTE\"}]},{\"@type\":\"WebSite\",\"@id\":\"https:\\\/\\\/nebraskademocrats.org\\\/#website\",\"url\":\"https:\\\/\\\/nebraskademocrats.org\\\/\",\"name\":\"Nebraska Democratic Party\",\"description\":\"Growing the Good Life for All Nebraskans\",\"publisher\":{\"@id\":\"https:\\\/\\\/nebraskademocrats.org\\\/#organization\"},\"potentialAction\":[{\"@type\":\"SearchAction\",\"target\":{\"@type\":\"EntryPoint\",\"urlTemplate\":\"https:\\\/\\\/nebraskademocrats.org\\\/?s={search_term_string}\"},\"query-input\":{\"@type\":\"PropertyValueSpecification\",\"valueRequired\":true,\"valueName\":\"search_term_string\"}}],\"inLanguage\":\"es\"},{\"@type\":\"Organization\",\"@id\":\"https:\\\/\\\/nebraskademocrats.org\\\/#organization\",\"name\":\"Nebraska Democratic Party\",\"url\":\"https:\\\/\\\/nebraskademocrats.org\\\/\",\"logo\":{\"@type\":\"ImageObject\",\"inLanguage\":\"es\",\"@id\":\"https:\\\/\\\/nebraskademocrats.org\\\/#\\\/schema\\\/logo\\\/image\\\/\",\"url\":\"https:\\\/\\\/nebraskadem.wpenginepowered.com\\\/wp-content\\\/uploads\\\/2016\\\/05\\\/NDP2.jpg\",\"contentUrl\":\"https:\\\/\\\/nebraskadem.wpenginepowered.com\\\/wp-content\\\/uploads\\\/2016\\\/05\\\/NDP2.jpg\",\"width\":1000,\"height\":396,\"caption\":\"Nebraska Democratic Party\"},\"image\":{\"@id\":\"https:\\\/\\\/nebraskademocrats.org\\\/#\\\/schema\\\/logo\\\/image\\\/\"},\"sameAs\":[\"https:\\\/\\\/www.facebook.com\\\/NebraskaDemocraticParty\\\/\",\"https:\\\/\\\/x.com\\\/nebraskadems\"]}]}<\/script>\n<!-- \/ Yoast SEO plugin. -->","yoast_head_json":{"title":"Remember these faces and VOTE &#8211; Nebraska Democratic Party","description":"Nebraska Democrats protect legal access to abortion, fund our public schools, work to legalize medical marijuana and stand up for property rights.","robots":{"index":"index","follow":"follow","max-snippet":"max-snippet:-1","max-image-preview":"max-image-preview:large","max-video-preview":"max-video-preview:-1"},"canonical":"https:\/\/nebraskademocrats.org\/es\/faces\/","og_locale":"es_MX","og_type":"article","og_title":"Remember these faces and VOTE &#8211; Nebraska Democratic Party","og_description":"Nebraska Democrats protect legal access to abortion, fund our public schools, work to legalize medical marijuana and stand up for property rights.","og_url":"https:\/\/nebraskademocrats.org\/es\/faces\/","og_site_name":"Nebraska Democratic Party","article_publisher":"https:\/\/www.facebook.com\/NebraskaDemocraticParty\/","article_modified_time":"2022-10-26T14:32:47+00:00","og_image":[{"url":"https:\/\/nebraskadem.wpenginepowered.com\/wp-content\/uploads\/2022\/10\/NEBDEMS-LEG-Candidates-Updated-1024x1024.png","type":"","width":"","height":""}],"twitter_card":"summary_large_image","twitter_site":"@nebraskadems","twitter_misc":{"Tiempo de lectura":"2 minutos"},"schema":{"@context":"https:\/\/schema.org","@graph":[{"@type":"WebPage","@id":"https:\/\/nebraskademocrats.org\/faces\/","url":"https:\/\/nebraskademocrats.org\/faces\/","name":"Remember these faces and VOTE &#8211; Nebraska Democratic Party","isPartOf":{"@id":"https:\/\/nebraskademocrats.org\/#website"},"primaryImageOfPage":{"@id":"https:\/\/nebraskademocrats.org\/faces\/#primaryimage"},"image":{"@id":"https:\/\/nebraskademocrats.org\/faces\/#primaryimage"},"thumbnailUrl":"https:\/\/nebraskadem.wpenginepowered.com\/wp-content\/uploads\/2022\/10\/NEBDEMS-LEG-Candidates-Updated-1024x1024.png","datePublished":"2022-10-19T13:31:16+00:00","dateModified":"2022-10-26T14:32:47+00:00","description":"Nebraska Democrats protect legal access to abortion, fund our public schools, work to legalize medical marijuana and stand up for property rights.","breadcrumb":{"@id":"https:\/\/nebraskademocrats.org\/faces\/#breadcrumb"},"inLanguage":"es","potentialAction":[{"@type":"ReadAction","target":["https:\/\/nebraskademocrats.org\/faces\/"]}]},{"@type":"ImageObject","inLanguage":"es","@id":"https:\/\/nebraskademocrats.org\/faces\/#primaryimage","url":"https:\/\/nebraskadem.wpenginepowered.com\/wp-content\/uploads\/2022\/10\/NEBDEMS-LEG-Candidates-Updated-1024x1024.png","contentUrl":"https:\/\/nebraskadem.wpenginepowered.com\/wp-content\/uploads\/2022\/10\/NEBDEMS-LEG-Candidates-Updated-1024x1024.png"},{"@type":"BreadcrumbList","@id":"https:\/\/nebraskademocrats.org\/faces\/#breadcrumb","itemListElement":[{"@type":"ListItem","position":1,"name":"Home","item":"https:\/\/nebraskademocrats.org\/"},{"@type":"ListItem","position":2,"name":"Remember these faces and VOTE"}]},{"@type":"WebSite","@id":"https:\/\/nebraskademocrats.org\/#website","url":"https:\/\/nebraskademocrats.org\/","name":"Partido Dem\u00f3crata de Nebraska","description":"Cultivando la buena vida para todos los nebraskenses","publisher":{"@id":"https:\/\/nebraskademocrats.org\/#organization"},"potentialAction":[{"@type":"SearchAction","target":{"@type":"EntryPoint","urlTemplate":"https:\/\/nebraskademocrats.org\/?s={search_term_string}"},"query-input":{"@type":"PropertyValueSpecification","valueRequired":true,"valueName":"search_term_string"}}],"inLanguage":"es"},{"@type":"Organization","@id":"https:\/\/nebraskademocrats.org\/#organization","name":"Partido Dem\u00f3crata de Nebraska","url":"https:\/\/nebraskademocrats.org\/","logo":{"@type":"ImageObject","inLanguage":"es","@id":"https:\/\/nebraskademocrats.org\/#\/schema\/logo\/image\/","url":"https:\/\/nebraskadem.wpenginepowered.com\/wp-content\/uploads\/2016\/05\/NDP2.jpg","contentUrl":"https:\/\/nebraskadem.wpenginepowered.com\/wp-content\/uploads\/2016\/05\/NDP2.jpg","width":1000,"height":396,"caption":"Nebraska Democratic Party"},"image":{"@id":"https:\/\/nebraskademocrats.org\/#\/schema\/logo\/image\/"},"sameAs":["https:\/\/www.facebook.com\/NebraskaDemocraticParty\/","https:\/\/x.com\/nebraskadems"]}]}},"_links":{"self":[{"href":"https:\/\/nebraskademocrats.org\/es\/wp-json\/wp\/v2\/pages\/39856","targetHints":{"allow":["GET"]}}],"collection":[{"href":"https:\/\/nebraskademocrats.org\/es\/wp-json\/wp\/v2\/pages"}],"about":[{"href":"https:\/\/nebraskademocrats.org\/es\/wp-json\/wp\/v2\/types\/page"}],"author":[{"embeddable":true,"href":"https:\/\/nebraskademocrats.org\/es\/wp-json\/wp\/v2\/users\/19"}],"replies":[{"embeddable":true,"href":"https:\/\/nebraskademocrats.org\/es\/wp-json\/wp\/v2\/comments?post=39856"}],"version-history":[{"count":0,"href":"https:\/\/nebraskademocrats.org\/es\/wp-json\/wp\/v2\/pages\/39856\/revisions"}],"wp:attachment":[{"href":"https:\/\/nebraskademocrats.org\/es\/wp-json\/wp\/v2\/media?parent=39856"}],"curies":[{"name":"wp","href":"https:\/\/api.w.org\/{rel}","templated":true}]}}