{"id":40013,"date":"2022-10-26T10:28:11","date_gmt":"2022-10-26T15:28:11","guid":{"rendered":"https:\/\/nebraskadem.wpenginepowered.com\/?page_id=40013"},"modified":"2022-10-27T06:50:41","modified_gmt":"2022-10-27T11:50:41","slug":"our-votes","status":"publish","type":"page","link":"https:\/\/nebraskademocrats.org\/es\/our-votes\/","title":{"rendered":"\u00a1Nuestros votos deciden las elecciones!"},"content":{"rendered":"<p><img fetchpriority=\"high\" decoding=\"async\" class=\"alignnone wp-image-40029 size-full\" src=\"https:\/\/nebraskadem.wpenginepowered.com\/wp-content\/uploads\/2022\/10\/North-1-resize.png\" alt=\"\" width=\"1920\" height=\"920\" srcset=\"https:\/\/nebraskademocrats.org\/wp-content\/uploads\/2022\/10\/North-1-resize.png 1920w, https:\/\/nebraskademocrats.org\/wp-content\/uploads\/2022\/10\/North-1-resize-300x144.png 300w, https:\/\/nebraskademocrats.org\/wp-content\/uploads\/2022\/10\/North-1-resize-1024x491.png 1024w, https:\/\/nebraskademocrats.org\/wp-content\/uploads\/2022\/10\/North-1-resize-768x368.png 768w, https:\/\/nebraskademocrats.org\/wp-content\/uploads\/2022\/10\/North-1-resize-1536x736.png 1536w, https:\/\/nebraskademocrats.org\/wp-content\/uploads\/2022\/10\/North-1-resize-18x9.png 18w\" sizes=\"(max-width: 1920px) 100vw, 1920px\" \/><\/p>\n<p>&nbsp;<\/p>\n<p><b>Ellos tienen nuestras espaldas. Tenemos los suyos. Votar. 8 de noviembre de 2022.<\/b><\/p>\n<p><span style=\"font-weight: 400;\">El Nebraska Democratic Party se est\u00e1 asociando con l\u00edderes de la comunidad para ayudar a obtener el voto negro y marr\u00f3n para las elecciones de noviembre. Adem\u00e1s de campa\u00f1as electorales, bancos de tel\u00e9fonos, anuncios en peri\u00f3dicos y mensajes de texto, enviamos este correo a los votantes alent\u00e1ndolos a ejercer su poderoso voto que decidir\u00e1 las elecciones de este a\u00f1o.<\/span><\/p>\n<p><span style=\"font-weight: 400;\">Gracias a los l\u00edderes comunitarios que aparecen en el correo: Senador Terrell McKinney, Preston Love, Senador Justin Wayne, Concejal de Omaha Juanita Johnson, Ron Rivera, Dulce Sherman, Melissa Polendo, Precious McKesson, John Fox, Kimara Snipes y Lilia Franciscony.\u00a0<\/span><\/p>\n<p><strong>Encuentre su lugar de votaci\u00f3n o buz\u00f3n: <\/strong><a href=\"https:\/\/iwillvote.com\/\"><span style=\"font-weight: 400;\">https:\/\/iwillvote.com<\/span><\/a><\/p>\n<p><strong>Obtenga la lista completa de los candidatos dem\u00f3cratas que se presentan en todo el estado:<\/strong> <a href=\"https:\/\/nebraskadem.wpenginepowered.com\/voterguide\">https:\/\/nebraskadem.wpenginepowered.com\/voterguide<\/a><\/p>\n<p><b>Acci\u00f3n: <\/b>Ay\u00fadanos a correr la voz, publica este mensaje en las redes sociales <span style=\"font-weight: 400;\">\u201cEl d\u00eda de las elecciones es el 8 de noviembre. Nuestros votos deciden las elecciones. Encuentre su lugar de votaci\u00f3n y buz\u00f3n <\/span><a href=\"https:\/\/iwillvote.com\/\"><span style=\"font-weight: 400;\">https:\/\/iwillvote.com\/<\/span><\/a><span style=\"font-weight: 400;\"> y obtenga la lista completa de fuertes #NebDems en su boleta <\/span><a href=\"https:\/\/nebraskadem.wpenginepowered.com\/voterguide\/\"><span style=\"font-weight: 400;\">https:\/\/nebraskadem.wpenginepowered.com\/voterguide\/<\/span><\/a><span style=\"font-weight: 400;\">&quot;\u00a0<\/span><\/p>\n<p><img decoding=\"async\" class=\"alignnone wp-image-40030 size-full\" src=\"https:\/\/nebraskadem.wpenginepowered.com\/wp-content\/uploads\/2022\/10\/North-2-resize.png\" alt=\"\" width=\"1920\" height=\"920\" srcset=\"https:\/\/nebraskademocrats.org\/wp-content\/uploads\/2022\/10\/North-2-resize.png 1920w, https:\/\/nebraskademocrats.org\/wp-content\/uploads\/2022\/10\/North-2-resize-300x144.png 300w, https:\/\/nebraskademocrats.org\/wp-content\/uploads\/2022\/10\/North-2-resize-1024x491.png 1024w, https:\/\/nebraskademocrats.org\/wp-content\/uploads\/2022\/10\/North-2-resize-768x368.png 768w, https:\/\/nebraskademocrats.org\/wp-content\/uploads\/2022\/10\/North-2-resize-1536x736.png 1536w, https:\/\/nebraskademocrats.org\/wp-content\/uploads\/2022\/10\/North-2-resize-18x9.png 18w\" sizes=\"(max-width: 1920px) 100vw, 1920px\" \/><\/p>\n<p><span style=\"font-weight: 400;\">Adem\u00e1s del correo, el NDP ha enviado m\u00e1s de 200.000 <a href=\"https:\/\/nebraskadem.wpenginepowered.com\/voterguide\/\">Gu\u00edas electorales<\/a> en todo el estado personalizado para cada uno de los 93 condados.<\/span><\/p>\n<p><img decoding=\"async\" class=\"alignnone wp-image-40031 size-full\" src=\"https:\/\/nebraskadem.wpenginepowered.com\/wp-content\/uploads\/2022\/10\/North-3-resize.jpg\" alt=\"\" width=\"1600\" height=\"1035\" srcset=\"https:\/\/nebraskademocrats.org\/wp-content\/uploads\/2022\/10\/North-3-resize.jpg 1600w, https:\/\/nebraskademocrats.org\/wp-content\/uploads\/2022\/10\/North-3-resize-300x194.jpg 300w, https:\/\/nebraskademocrats.org\/wp-content\/uploads\/2022\/10\/North-3-resize-1024x662.jpg 1024w, https:\/\/nebraskademocrats.org\/wp-content\/uploads\/2022\/10\/North-3-resize-768x497.jpg 768w, https:\/\/nebraskademocrats.org\/wp-content\/uploads\/2022\/10\/North-3-resize-1536x994.jpg 1536w, https:\/\/nebraskademocrats.org\/wp-content\/uploads\/2022\/10\/North-3-resize-18x12.jpg 18w\" sizes=\"(max-width: 1600px) 100vw, 1600px\" \/><\/p>","protected":false},"excerpt":{"rendered":"<p>&nbsp; Ellos tienen nuestras espaldas. Tenemos los suyos. Votar. 8 de noviembre de 2022. El Nebraska Democratic Party se est\u00e1 asociando con l\u00edderes comunitarios para ayudar a obtener el voto negro y marr\u00f3n para las elecciones de noviembre. Adem\u00e1s de campa\u00f1as, bancos de tel\u00e9fonos, anuncios en peri\u00f3dicos y mensajes de texto, enviamos este correo a los votantes alent\u00e1ndolos a hacer ejercicio... <a title=\"\u00a1Nuestros votos deciden las elecciones!\" class=\"read-more\" href=\"https:\/\/nebraskademocrats.org\/es\/our-votes\/\" aria-label=\"M\u00e1s sobre \u00a1Nuestros votos deciden las elecciones!\">Lee mas<\/a><\/p>","protected":false},"author":19,"featured_media":0,"parent":0,"menu_order":0,"comment_status":"closed","ping_status":"closed","template":"","meta":{"_acf_changed":false,"_exactmetrics_skip_tracking":false,"_exactmetrics_sitenote_active":false,"_exactmetrics_sitenote_note":"","_exactmetrics_sitenote_category":0,"footnotes":""},"class_list":["post-40013","page","type-page","status-publish"],"acf":[],"yoast_head":"<!-- This site is optimized with the Yoast SEO plugin v27.5 - https:\/\/yoast.com\/product\/yoast-seo-wordpress\/ -->\n<title>Our Votes Decide the Elections! &#8211; Nebraska Democratic Party<\/title>\n<meta name=\"description\" content=\"The Nebraska Democratic Party teamed up with community leaders to help turn out the black and brown vote for the November elections. In addition to canvassing, phone banks, newspaper ads and texting, we sent this mailer to voters encouraging them to exercise their powerful vote that will decide this year\u2019s elections.\" \/>\n<meta name=\"robots\" content=\"index, follow, max-snippet:-1, max-image-preview:large, max-video-preview:-1\" \/>\n<link rel=\"canonical\" href=\"https:\/\/nebraskademocrats.org\/es\/our-votes\/\" \/>\n<meta property=\"og:locale\" content=\"es_MX\" \/>\n<meta property=\"og:type\" content=\"article\" \/>\n<meta property=\"og:title\" content=\"Our Votes Decide the Elections! &#8211; Nebraska Democratic Party\" \/>\n<meta property=\"og:description\" content=\"The Nebraska Democratic Party teamed up with community leaders to help turn out the black and brown vote for the November elections. In addition to canvassing, phone banks, newspaper ads and texting, we sent this mailer to voters encouraging them to exercise their powerful vote that will decide this year\u2019s elections.\" \/>\n<meta property=\"og:url\" content=\"https:\/\/nebraskademocrats.org\/es\/our-votes\/\" \/>\n<meta property=\"og:site_name\" content=\"Nebraska Democratic Party\" \/>\n<meta property=\"article:publisher\" content=\"https:\/\/www.facebook.com\/NebraskaDemocraticParty\/\" \/>\n<meta property=\"article:modified_time\" content=\"2022-10-27T11:50:41+00:00\" \/>\n<meta property=\"og:image\" content=\"https:\/\/nebraskadem.wpenginepowered.com\/wp-content\/uploads\/2022\/10\/North-1-resize.png\" \/>\n<meta name=\"twitter:card\" content=\"summary_large_image\" \/>\n<meta name=\"twitter:site\" content=\"@nebraskadems\" \/>\n<meta name=\"twitter:label1\" content=\"Tiempo de lectura\" \/>\n\t<meta name=\"twitter:data1\" content=\"2 minutos\" \/>\n<script type=\"application\/ld+json\" class=\"yoast-schema-graph\">{\"@context\":\"https:\\\/\\\/schema.org\",\"@graph\":[{\"@type\":\"WebPage\",\"@id\":\"https:\\\/\\\/nebraskademocrats.org\\\/our-votes\\\/\",\"url\":\"https:\\\/\\\/nebraskademocrats.org\\\/our-votes\\\/\",\"name\":\"Our Votes Decide the Elections! &#8211; Nebraska Democratic Party\",\"isPartOf\":{\"@id\":\"https:\\\/\\\/nebraskademocrats.org\\\/#website\"},\"primaryImageOfPage\":{\"@id\":\"https:\\\/\\\/nebraskademocrats.org\\\/our-votes\\\/#primaryimage\"},\"image\":{\"@id\":\"https:\\\/\\\/nebraskademocrats.org\\\/our-votes\\\/#primaryimage\"},\"thumbnailUrl\":\"https:\\\/\\\/nebraskadem.wpenginepowered.com\\\/wp-content\\\/uploads\\\/2022\\\/10\\\/North-1-resize.png\",\"datePublished\":\"2022-10-26T15:28:11+00:00\",\"dateModified\":\"2022-10-27T11:50:41+00:00\",\"description\":\"The Nebraska Democratic Party teamed up with community leaders to help turn out the black and brown vote for the November elections. In addition to canvassing, phone banks, newspaper ads and texting, we sent this mailer to voters encouraging them to exercise their powerful vote that will decide this year\u2019s elections.\",\"breadcrumb\":{\"@id\":\"https:\\\/\\\/nebraskademocrats.org\\\/our-votes\\\/#breadcrumb\"},\"inLanguage\":\"es\",\"potentialAction\":[{\"@type\":\"ReadAction\",\"target\":[\"https:\\\/\\\/nebraskademocrats.org\\\/our-votes\\\/\"]}]},{\"@type\":\"ImageObject\",\"inLanguage\":\"es\",\"@id\":\"https:\\\/\\\/nebraskademocrats.org\\\/our-votes\\\/#primaryimage\",\"url\":\"https:\\\/\\\/nebraskadem.wpenginepowered.com\\\/wp-content\\\/uploads\\\/2022\\\/10\\\/North-1-resize.png\",\"contentUrl\":\"https:\\\/\\\/nebraskadem.wpenginepowered.com\\\/wp-content\\\/uploads\\\/2022\\\/10\\\/North-1-resize.png\"},{\"@type\":\"BreadcrumbList\",\"@id\":\"https:\\\/\\\/nebraskademocrats.org\\\/our-votes\\\/#breadcrumb\",\"itemListElement\":[{\"@type\":\"ListItem\",\"position\":1,\"name\":\"Home\",\"item\":\"https:\\\/\\\/nebraskademocrats.org\\\/\"},{\"@type\":\"ListItem\",\"position\":2,\"name\":\"Our Votes Decide the Elections!\"}]},{\"@type\":\"WebSite\",\"@id\":\"https:\\\/\\\/nebraskademocrats.org\\\/#website\",\"url\":\"https:\\\/\\\/nebraskademocrats.org\\\/\",\"name\":\"Nebraska Democratic Party\",\"description\":\"Growing the Good Life for All Nebraskans\",\"publisher\":{\"@id\":\"https:\\\/\\\/nebraskademocrats.org\\\/#organization\"},\"potentialAction\":[{\"@type\":\"SearchAction\",\"target\":{\"@type\":\"EntryPoint\",\"urlTemplate\":\"https:\\\/\\\/nebraskademocrats.org\\\/?s={search_term_string}\"},\"query-input\":{\"@type\":\"PropertyValueSpecification\",\"valueRequired\":true,\"valueName\":\"search_term_string\"}}],\"inLanguage\":\"es\"},{\"@type\":\"Organization\",\"@id\":\"https:\\\/\\\/nebraskademocrats.org\\\/#organization\",\"name\":\"Nebraska Democratic Party\",\"url\":\"https:\\\/\\\/nebraskademocrats.org\\\/\",\"logo\":{\"@type\":\"ImageObject\",\"inLanguage\":\"es\",\"@id\":\"https:\\\/\\\/nebraskademocrats.org\\\/#\\\/schema\\\/logo\\\/image\\\/\",\"url\":\"https:\\\/\\\/nebraskadem.wpenginepowered.com\\\/wp-content\\\/uploads\\\/2016\\\/05\\\/NDP2.jpg\",\"contentUrl\":\"https:\\\/\\\/nebraskadem.wpenginepowered.com\\\/wp-content\\\/uploads\\\/2016\\\/05\\\/NDP2.jpg\",\"width\":1000,\"height\":396,\"caption\":\"Nebraska Democratic Party\"},\"image\":{\"@id\":\"https:\\\/\\\/nebraskademocrats.org\\\/#\\\/schema\\\/logo\\\/image\\\/\"},\"sameAs\":[\"https:\\\/\\\/www.facebook.com\\\/NebraskaDemocraticParty\\\/\",\"https:\\\/\\\/x.com\\\/nebraskadems\"]}]}<\/script>\n<!-- \/ Yoast SEO plugin. -->","yoast_head_json":{"title":"Our Votes Decide the Elections! &#8211; Nebraska Democratic Party","description":"The Nebraska Democratic Party teamed up with community leaders to help turn out the black and brown vote for the November elections. In addition to canvassing, phone banks, newspaper ads and texting, we sent this mailer to voters encouraging them to exercise their powerful vote that will decide this year\u2019s elections.","robots":{"index":"index","follow":"follow","max-snippet":"max-snippet:-1","max-image-preview":"max-image-preview:large","max-video-preview":"max-video-preview:-1"},"canonical":"https:\/\/nebraskademocrats.org\/es\/our-votes\/","og_locale":"es_MX","og_type":"article","og_title":"Our Votes Decide the Elections! &#8211; Nebraska Democratic Party","og_description":"The Nebraska Democratic Party teamed up with community leaders to help turn out the black and brown vote for the November elections. In addition to canvassing, phone banks, newspaper ads and texting, we sent this mailer to voters encouraging them to exercise their powerful vote that will decide this year\u2019s elections.","og_url":"https:\/\/nebraskademocrats.org\/es\/our-votes\/","og_site_name":"Nebraska Democratic Party","article_publisher":"https:\/\/www.facebook.com\/NebraskaDemocraticParty\/","article_modified_time":"2022-10-27T11:50:41+00:00","og_image":[{"url":"https:\/\/nebraskadem.wpenginepowered.com\/wp-content\/uploads\/2022\/10\/North-1-resize.png","type":"","width":"","height":""}],"twitter_card":"summary_large_image","twitter_site":"@nebraskadems","twitter_misc":{"Tiempo de lectura":"2 minutos"},"schema":{"@context":"https:\/\/schema.org","@graph":[{"@type":"WebPage","@id":"https:\/\/nebraskademocrats.org\/our-votes\/","url":"https:\/\/nebraskademocrats.org\/our-votes\/","name":"Our Votes Decide the Elections! &#8211; Nebraska Democratic Party","isPartOf":{"@id":"https:\/\/nebraskademocrats.org\/#website"},"primaryImageOfPage":{"@id":"https:\/\/nebraskademocrats.org\/our-votes\/#primaryimage"},"image":{"@id":"https:\/\/nebraskademocrats.org\/our-votes\/#primaryimage"},"thumbnailUrl":"https:\/\/nebraskadem.wpenginepowered.com\/wp-content\/uploads\/2022\/10\/North-1-resize.png","datePublished":"2022-10-26T15:28:11+00:00","dateModified":"2022-10-27T11:50:41+00:00","description":"The Nebraska Democratic Party teamed up with community leaders to help turn out the black and brown vote for the November elections. In addition to canvassing, phone banks, newspaper ads and texting, we sent this mailer to voters encouraging them to exercise their powerful vote that will decide this year\u2019s elections.","breadcrumb":{"@id":"https:\/\/nebraskademocrats.org\/our-votes\/#breadcrumb"},"inLanguage":"es","potentialAction":[{"@type":"ReadAction","target":["https:\/\/nebraskademocrats.org\/our-votes\/"]}]},{"@type":"ImageObject","inLanguage":"es","@id":"https:\/\/nebraskademocrats.org\/our-votes\/#primaryimage","url":"https:\/\/nebraskadem.wpenginepowered.com\/wp-content\/uploads\/2022\/10\/North-1-resize.png","contentUrl":"https:\/\/nebraskadem.wpenginepowered.com\/wp-content\/uploads\/2022\/10\/North-1-resize.png"},{"@type":"BreadcrumbList","@id":"https:\/\/nebraskademocrats.org\/our-votes\/#breadcrumb","itemListElement":[{"@type":"ListItem","position":1,"name":"Home","item":"https:\/\/nebraskademocrats.org\/"},{"@type":"ListItem","position":2,"name":"Our Votes Decide the Elections!"}]},{"@type":"WebSite","@id":"https:\/\/nebraskademocrats.org\/#website","url":"https:\/\/nebraskademocrats.org\/","name":"Partido Dem\u00f3crata de Nebraska","description":"Cultivando la buena vida para todos los nebraskenses","publisher":{"@id":"https:\/\/nebraskademocrats.org\/#organization"},"potentialAction":[{"@type":"SearchAction","target":{"@type":"EntryPoint","urlTemplate":"https:\/\/nebraskademocrats.org\/?s={search_term_string}"},"query-input":{"@type":"PropertyValueSpecification","valueRequired":true,"valueName":"search_term_string"}}],"inLanguage":"es"},{"@type":"Organization","@id":"https:\/\/nebraskademocrats.org\/#organization","name":"Partido Dem\u00f3crata de Nebraska","url":"https:\/\/nebraskademocrats.org\/","logo":{"@type":"ImageObject","inLanguage":"es","@id":"https:\/\/nebraskademocrats.org\/#\/schema\/logo\/image\/","url":"https:\/\/nebraskadem.wpenginepowered.com\/wp-content\/uploads\/2016\/05\/NDP2.jpg","contentUrl":"https:\/\/nebraskadem.wpenginepowered.com\/wp-content\/uploads\/2016\/05\/NDP2.jpg","width":1000,"height":396,"caption":"Nebraska Democratic Party"},"image":{"@id":"https:\/\/nebraskademocrats.org\/#\/schema\/logo\/image\/"},"sameAs":["https:\/\/www.facebook.com\/NebraskaDemocraticParty\/","https:\/\/x.com\/nebraskadems"]}]}},"_links":{"self":[{"href":"https:\/\/nebraskademocrats.org\/es\/wp-json\/wp\/v2\/pages\/40013","targetHints":{"allow":["GET"]}}],"collection":[{"href":"https:\/\/nebraskademocrats.org\/es\/wp-json\/wp\/v2\/pages"}],"about":[{"href":"https:\/\/nebraskademocrats.org\/es\/wp-json\/wp\/v2\/types\/page"}],"author":[{"embeddable":true,"href":"https:\/\/nebraskademocrats.org\/es\/wp-json\/wp\/v2\/users\/19"}],"replies":[{"embeddable":true,"href":"https:\/\/nebraskademocrats.org\/es\/wp-json\/wp\/v2\/comments?post=40013"}],"version-history":[{"count":0,"href":"https:\/\/nebraskademocrats.org\/es\/wp-json\/wp\/v2\/pages\/40013\/revisions"}],"wp:attachment":[{"href":"https:\/\/nebraskademocrats.org\/es\/wp-json\/wp\/v2\/media?parent=40013"}],"curies":[{"name":"wp","href":"https:\/\/api.w.org\/{rel}","templated":true}]}}