{"id":42341,"date":"2023-04-12T10:04:12","date_gmt":"2023-04-12T15:04:12","guid":{"rendered":"https:\/\/nebraskadem.wpenginepowered.com\/?page_id=42341"},"modified":"2023-08-24T12:30:37","modified_gmt":"2023-08-24T17:30:37","slug":"geist-heist","status":"publish","type":"page","link":"https:\/\/nebraskademocrats.org\/es\/geist-heist\/","title":{"rendered":"Geist Heist"},"content":{"rendered":"<div data-elementor-type=\"wp-page\" data-elementor-id=\"42341\" class=\"elementor elementor-42341\" data-elementor-post-type=\"page\">\n\t\t\t\t\t\t<section class=\"elementor-section elementor-top-section elementor-element elementor-element-f7b07c6 elementor-section-boxed elementor-section-height-default elementor-section-height-default\" data-id=\"f7b07c6\" data-element_type=\"section\" data-e-type=\"section\">\n\t\t\t\t\t\t<div class=\"elementor-container elementor-column-gap-default\">\n\t\t\t\t\t<div class=\"elementor-column elementor-col-100 elementor-top-column elementor-element elementor-element-58dd23d\" data-id=\"58dd23d\" data-element_type=\"column\" data-e-type=\"column\">\n\t\t\t<div class=\"elementor-widget-wrap elementor-element-populated\">\n\t\t\t\t\t\t<div class=\"elementor-element elementor-element-50cf1cd elementor-widget elementor-widget-image\" data-id=\"50cf1cd\" data-element_type=\"widget\" data-e-type=\"widget\" data-widget_type=\"image.default\">\n\t\t\t\t<div class=\"elementor-widget-container\">\n\t\t\t\t\t\t\t\t\t\t\t\t\t\t\t<img fetchpriority=\"high\" decoding=\"async\" width=\"1024\" height=\"418\" src=\"https:\/\/nebraskademocrats.org\/wp-content\/uploads\/2023\/04\/f9c5cd43-609f-4b43-8b59-aca1a1eab11d-1024x418.png\" class=\"attachment-large size-large wp-image-42343\" alt=\"\" srcset=\"https:\/\/nebraskademocrats.org\/wp-content\/uploads\/2023\/04\/f9c5cd43-609f-4b43-8b59-aca1a1eab11d-1024x418.png 1024w, https:\/\/nebraskademocrats.org\/wp-content\/uploads\/2023\/04\/f9c5cd43-609f-4b43-8b59-aca1a1eab11d-300x122.png 300w, https:\/\/nebraskademocrats.org\/wp-content\/uploads\/2023\/04\/f9c5cd43-609f-4b43-8b59-aca1a1eab11d-768x313.png 768w, https:\/\/nebraskademocrats.org\/wp-content\/uploads\/2023\/04\/f9c5cd43-609f-4b43-8b59-aca1a1eab11d-18x7.png 18w, https:\/\/nebraskademocrats.org\/wp-content\/uploads\/2023\/04\/f9c5cd43-609f-4b43-8b59-aca1a1eab11d.png 1289w\" sizes=\"(max-width: 1024px) 100vw, 1024px\" \/>\t\t\t\t\t\t\t\t\t\t\t\t\t\t\t<\/div>\n\t\t\t\t<\/div>\n\t\t\t\t<div class=\"elementor-element elementor-element-5b617f0 elementor-widget elementor-widget-text-editor\" data-id=\"5b617f0\" data-element_type=\"widget\" data-e-type=\"widget\" data-widget_type=\"text-editor.default\">\n\t\t\t\t<div class=\"elementor-widget-container\">\n\t\t\t\t\t\t\t\t\t<h1 style=\"text-align: center;\"><span style=\"color: #008000;\">Pete Ricketts y la familia Peed (Sandhills Publishing) est\u00e1n tratando de comprar la sede de la alcald\u00eda y el Concejo Municipal de Lincoln.\u00a0<\/span><\/h1>\t\t\t\t\t\t\t\t<\/div>\n\t\t\t\t<\/div>\n\t\t\t\t\t<\/div>\n\t\t<\/div>\n\t\t\t\t\t<\/div>\n\t\t<\/section>\n\t\t\t\t<section class=\"elementor-section elementor-top-section elementor-element elementor-element-bd8581a elementor-section-boxed elementor-section-height-default elementor-section-height-default\" data-id=\"bd8581a\" data-element_type=\"section\" data-e-type=\"section\">\n\t\t\t\t\t\t<div class=\"elementor-container elementor-column-gap-default\">\n\t\t\t\t\t<div class=\"elementor-column elementor-col-100 elementor-top-column elementor-element elementor-element-ae19cc1\" data-id=\"ae19cc1\" data-element_type=\"column\" data-e-type=\"column\">\n\t\t\t<div class=\"elementor-widget-wrap elementor-element-populated\">\n\t\t\t\t\t\t<div class=\"elementor-element elementor-element-aec286a elementor-widget elementor-widget-heading\" data-id=\"aec286a\" data-element_type=\"widget\" data-e-type=\"widget\" data-widget_type=\"heading.default\">\n\t\t\t\t<div class=\"elementor-widget-container\">\n\t\t\t\t\t<h2 class=\"elementor-heading-title elementor-size-default\">Geist es un republicano extremo del MAGA<\/h2>\t\t\t\t<\/div>\n\t\t\t\t<\/div>\n\t\t\t\t<div class=\"elementor-element elementor-element-ddb7eab elementor--h-position-center elementor--v-position-middle elementor-arrows-position-inside elementor-widget elementor-widget-slides\" data-id=\"ddb7eab\" data-element_type=\"widget\" data-e-type=\"widget\" data-settings=\"{&quot;navigation&quot;:&quot;arrows&quot;,&quot;autoplay&quot;:&quot;yes&quot;,&quot;pause_on_hover&quot;:&quot;yes&quot;,&quot;pause_on_interaction&quot;:&quot;yes&quot;,&quot;autoplay_speed&quot;:5000,&quot;infinite&quot;:&quot;yes&quot;,&quot;transition&quot;:&quot;slide&quot;,&quot;transition_speed&quot;:500}\" data-widget_type=\"slides.default\">\n\t\t\t\t<div class=\"elementor-widget-container\">\n\t\t\t\t\t\t\t\t\t<div class=\"elementor-swiper\">\n\t\t\t\t\t<div class=\"elementor-slides-wrapper elementor-main-swiper swiper\" role=\"region\" aria-roledescription=\"carousel\" aria-label=\"Diapositivas\" dir=\"ltr\" data-animation=\"zoomIn\" data-no-translation-aria-label=\"\">\n\t\t\t\t<div class=\"swiper-wrapper elementor-slides\">\n\t\t\t\t\t\t\t\t\t\t<div class=\"elementor-repeater-item-5289a14 swiper-slide\" role=\"group\" aria-roledescription=\"slide\"><div class=\"swiper-slide-bg\"><\/div><div class=\"swiper-slide-inner\" ><div class=\"swiper-slide-contents\"><div class=\"elementor-slide-heading\">Geist ha votado para prohibir completamente el aborto.<\/div><div class=\"elementor-slide-description\">2022- Prohibici\u00f3n de activaci\u00f3n de 6 semanas: <b> S\u00cd <\/b>\n<br>\n2023- Prohibici\u00f3n extrema del aborto: <b> PATROCINADOR <\/b><\/div><\/div><\/div><\/div><div class=\"elementor-repeater-item-210cf3b swiper-slide\" role=\"group\" aria-roledescription=\"slide\"><div class=\"swiper-slide-bg\"><\/div><div class=\"swiper-slide-inner\" ><div class=\"swiper-slide-contents\"><div class=\"elementor-slide-heading\">Geist vot\u00f3 en contra de alimentar a los ni\u00f1os hambrientos. DOS VECES.<\/div><div class=\"elementor-slide-description\">Ampl\u00eda la elegibilidad de SNAP:\n<b> No <\/b>\n<br>\nAlimentar a los ni\u00f1os en la escuela:<b> No <\/b>\n\n<\/div><\/div><\/div><\/div><div class=\"elementor-repeater-item-5871678 swiper-slide\" role=\"group\" aria-roledescription=\"slide\"><div class=\"swiper-slide-bg\"><\/div><div class=\"swiper-slide-inner\" ><div class=\"swiper-slide-contents\"><div class=\"elementor-slide-heading\">Geist vot\u00f3 en contra de la anticoncepci\u00f3n<\/div><div class=\"elementor-slide-description\">2021- Extiende la cobertura de seguro y el acceso de Medicaid a anticonceptivos recetados:\n<b> No<\/b>\n<\/div><\/div><\/div><\/div><div class=\"elementor-repeater-item-83e6686 swiper-slide\" role=\"group\" aria-roledescription=\"slide\"><div class=\"swiper-slide-bg\"><\/div><div class=\"swiper-slide-inner\" ><div class=\"swiper-slide-contents\"><div class=\"elementor-slide-heading\">Geist vot\u00f3 en contra de los padres adolescentes<\/div><div class=\"elementor-slide-description\">2017- Requiere que las escuelas acomoden a estudiantes embarazadas y con hijos:\n<b> No <\/b><\/div><\/div><\/div><\/div><div class=\"elementor-repeater-item-ad8b304 swiper-slide\" role=\"group\" aria-roledescription=\"slide\"><div class=\"swiper-slide-bg\"><\/div><div class=\"swiper-slide-inner\" ><div class=\"swiper-slide-contents\"><div class=\"elementor-slide-heading\">Geist vot\u00f3 por transporte sin permiso<\/div><div class=\"elementor-slide-description\">Quiere quitarle el control local y la capacidad de Lincoln para aprobar ordenanzas sobre armas.<\/div><\/div><\/div><\/div><div class=\"elementor-repeater-item-27bdb66 swiper-slide\" role=\"group\" aria-roledescription=\"slide\"><div class=\"swiper-slide-bg\"><\/div><div class=\"swiper-slide-inner\" ><div class=\"swiper-slide-contents\"><div class=\"elementor-slide-heading\">Geist votado <br> EN CONTRA de la no discriminaci\u00f3n<\/div><div class=\"elementor-slide-description\">2022 - Enmienda para prohibir la discriminaci\u00f3n en las escuelas que reciben fondos p\u00fablicos: <b> No<\/b> <\/div><\/div><\/div><\/div><div class=\"elementor-repeater-item-f141fe0 swiper-slide\" role=\"group\" aria-roledescription=\"slide\"><div class=\"swiper-slide-bg\"><\/div><div class=\"swiper-slide-inner\" ><div class=\"swiper-slide-contents\"><div class=\"elementor-slide-heading\">Geist vot\u00f3 en contra del derecho al voto<\/div><div class=\"elementor-slide-description\">2017 - Restaura los derechos de voto al completar una sentencia por delito grave: <b>\nNo <\/b>\n<\/div><\/div><\/div><\/div>\t\t\t\t<\/div>\n\t\t\t\t\t\t\t\t\t\t\t\t\t\t\t<div class=\"elementor-swiper-button elementor-swiper-button-prev\" role=\"button\" tabindex=\"0\" aria-label=\"Diapositiva anterior\" data-no-translation-aria-label=\"\">\n\t\t\t\t\t\t\t<i aria-hidden=\"true\" class=\"eicon-chevron-left\"><\/i>\t\t\t\t\t\t<\/div>\n\t\t\t\t\t\t<div class=\"elementor-swiper-button elementor-swiper-button-next\" role=\"button\" tabindex=\"0\" aria-label=\"La siguiente diapositiva\" data-no-translation-aria-label=\"\">\n\t\t\t\t\t\t\t<i aria-hidden=\"true\" class=\"eicon-chevron-right\"><\/i>\t\t\t\t\t\t<\/div>\n\t\t\t\t\t\t\t\t\t\t\t\t\t\t\t\t\t<\/div>\n\t\t\t\t<\/div>\n\t\t\t\t\t\t\t\t<\/div>\n\t\t\t\t<\/div>\n\t\t\t\t<div class=\"elementor-element elementor-element-3634ff3 elementor-align-center elementor-widget elementor-widget-button\" data-id=\"3634ff3\" data-element_type=\"widget\" data-e-type=\"widget\" data-widget_type=\"button.default\">\n\t\t\t\t<div class=\"elementor-widget-container\">\n\t\t\t\t\t\t\t\t\t<div class=\"elementor-button-wrapper\">\n\t\t\t\t\t<a class=\"elementor-button elementor-button-link elementor-size-xl\" href=\"https:\/\/secure.actblue.com\/donate\/ndp-geist-heist\">\n\t\t\t\t\t\t<span class=\"elementor-button-content-wrapper\">\n\t\t\t\t\t\t\t\t\t<span class=\"elementor-button-text\">Donar para detener el atraco de Geist<\/span>\n\t\t\t\t\t<\/span>\n\t\t\t\t\t<\/a>\n\t\t\t\t<\/div>\n\t\t\t\t\t\t\t\t<\/div>\n\t\t\t\t<\/div>\n\t\t\t\t<div class=\"elementor-element elementor-element-4ad8731 elementor-widget elementor-widget-image\" data-id=\"4ad8731\" data-element_type=\"widget\" data-e-type=\"widget\" data-widget_type=\"image.default\">\n\t\t\t\t<div class=\"elementor-widget-container\">\n\t\t\t\t\t\t\t\t\t\t\t\t\t\t\t<img decoding=\"async\" width=\"768\" height=\"593\" src=\"https:\/\/nebraskademocrats.org\/wp-content\/uploads\/2023\/04\/NEDP-2023-1001_hires1-768x593.jpg\" class=\"attachment-medium_large size-medium_large wp-image-42456\" alt=\"\" srcset=\"https:\/\/nebraskademocrats.org\/wp-content\/uploads\/2023\/04\/NEDP-2023-1001_hires1-768x593.jpg 768w, https:\/\/nebraskademocrats.org\/wp-content\/uploads\/2023\/04\/NEDP-2023-1001_hires1-300x232.jpg 300w, https:\/\/nebraskademocrats.org\/wp-content\/uploads\/2023\/04\/NEDP-2023-1001_hires1-1024x791.jpg 1024w, https:\/\/nebraskademocrats.org\/wp-content\/uploads\/2023\/04\/NEDP-2023-1001_hires1-1536x1187.jpg 1536w, https:\/\/nebraskademocrats.org\/wp-content\/uploads\/2023\/04\/NEDP-2023-1001_hires1-2048x1583.jpg 2048w, https:\/\/nebraskademocrats.org\/wp-content\/uploads\/2023\/04\/NEDP-2023-1001_hires1-16x12.jpg 16w\" sizes=\"(max-width: 768px) 100vw, 768px\" \/>\t\t\t\t\t\t\t\t\t\t\t\t\t\t\t<\/div>\n\t\t\t\t<\/div>\n\t\t\t\t<div class=\"elementor-element elementor-element-aae36d0 elementor-widget elementor-widget-image\" data-id=\"aae36d0\" data-element_type=\"widget\" data-e-type=\"widget\" data-widget_type=\"image.default\">\n\t\t\t\t<div class=\"elementor-widget-container\">\n\t\t\t\t\t\t\t\t\t\t\t\t\t\t\t<img decoding=\"async\" width=\"768\" height=\"593\" src=\"https:\/\/nebraskademocrats.org\/wp-content\/uploads\/2023\/04\/NEDP-2023-1001_hires2-768x593.jpg\" class=\"attachment-medium_large size-medium_large wp-image-42453\" alt=\"\" srcset=\"https:\/\/nebraskademocrats.org\/wp-content\/uploads\/2023\/04\/NEDP-2023-1001_hires2-768x593.jpg 768w, https:\/\/nebraskademocrats.org\/wp-content\/uploads\/2023\/04\/NEDP-2023-1001_hires2-300x232.jpg 300w, https:\/\/nebraskademocrats.org\/wp-content\/uploads\/2023\/04\/NEDP-2023-1001_hires2-1024x791.jpg 1024w, https:\/\/nebraskademocrats.org\/wp-content\/uploads\/2023\/04\/NEDP-2023-1001_hires2-1536x1187.jpg 1536w, https:\/\/nebraskademocrats.org\/wp-content\/uploads\/2023\/04\/NEDP-2023-1001_hires2-2048x1583.jpg 2048w, https:\/\/nebraskademocrats.org\/wp-content\/uploads\/2023\/04\/NEDP-2023-1001_hires2-16x12.jpg 16w\" sizes=\"(max-width: 768px) 100vw, 768px\" \/>\t\t\t\t\t\t\t\t\t\t\t\t\t\t\t<\/div>\n\t\t\t\t<\/div>\n\t\t\t\t<div class=\"elementor-element elementor-element-b3b2e75 elementor-widget elementor-widget-image\" data-id=\"b3b2e75\" data-element_type=\"widget\" data-e-type=\"widget\" data-widget_type=\"image.default\">\n\t\t\t\t<div class=\"elementor-widget-container\">\n\t\t\t\t\t\t\t\t\t\t\t\t\t\t\t<img loading=\"lazy\" decoding=\"async\" width=\"768\" height=\"994\" src=\"https:\/\/nebraskademocrats.org\/wp-content\/uploads\/2023\/04\/NEDP-2023-1002_hires1-768x994.jpg\" class=\"attachment-medium_large size-medium_large wp-image-42454\" alt=\"\" srcset=\"https:\/\/nebraskademocrats.org\/wp-content\/uploads\/2023\/04\/NEDP-2023-1002_hires1-768x994.jpg 768w, https:\/\/nebraskademocrats.org\/wp-content\/uploads\/2023\/04\/NEDP-2023-1002_hires1-232x300.jpg 232w, https:\/\/nebraskademocrats.org\/wp-content\/uploads\/2023\/04\/NEDP-2023-1002_hires1-791x1024.jpg 791w, https:\/\/nebraskademocrats.org\/wp-content\/uploads\/2023\/04\/NEDP-2023-1002_hires1-1187x1536.jpg 1187w, https:\/\/nebraskademocrats.org\/wp-content\/uploads\/2023\/04\/NEDP-2023-1002_hires1-1583x2048.jpg 1583w, https:\/\/nebraskademocrats.org\/wp-content\/uploads\/2023\/04\/NEDP-2023-1002_hires1-9x12.jpg 9w, https:\/\/nebraskademocrats.org\/wp-content\/uploads\/2023\/04\/NEDP-2023-1002_hires1-scaled.jpg 1978w\" sizes=\"(max-width: 768px) 100vw, 768px\" \/>\t\t\t\t\t\t\t\t\t\t\t\t\t\t\t<\/div>\n\t\t\t\t<\/div>\n\t\t\t\t<div class=\"elementor-element elementor-element-b90208f elementor-widget elementor-widget-image\" data-id=\"b90208f\" data-element_type=\"widget\" data-e-type=\"widget\" data-widget_type=\"image.default\">\n\t\t\t\t<div class=\"elementor-widget-container\">\n\t\t\t\t\t\t\t\t\t\t\t\t\t\t\t<img loading=\"lazy\" decoding=\"async\" width=\"768\" height=\"994\" src=\"https:\/\/nebraskademocrats.org\/wp-content\/uploads\/2023\/04\/NEDP-2023-1002_hires2-768x994.jpg\" class=\"attachment-medium_large size-medium_large wp-image-42455\" alt=\"\" srcset=\"https:\/\/nebraskademocrats.org\/wp-content\/uploads\/2023\/04\/NEDP-2023-1002_hires2-768x994.jpg 768w, https:\/\/nebraskademocrats.org\/wp-content\/uploads\/2023\/04\/NEDP-2023-1002_hires2-232x300.jpg 232w, https:\/\/nebraskademocrats.org\/wp-content\/uploads\/2023\/04\/NEDP-2023-1002_hires2-791x1024.jpg 791w, https:\/\/nebraskademocrats.org\/wp-content\/uploads\/2023\/04\/NEDP-2023-1002_hires2-1187x1536.jpg 1187w, https:\/\/nebraskademocrats.org\/wp-content\/uploads\/2023\/04\/NEDP-2023-1002_hires2-1583x2048.jpg 1583w, https:\/\/nebraskademocrats.org\/wp-content\/uploads\/2023\/04\/NEDP-2023-1002_hires2-9x12.jpg 9w, https:\/\/nebraskademocrats.org\/wp-content\/uploads\/2023\/04\/NEDP-2023-1002_hires2-scaled.jpg 1978w\" sizes=\"(max-width: 768px) 100vw, 768px\" \/>\t\t\t\t\t\t\t\t\t\t\t\t\t\t\t<\/div>\n\t\t\t\t<\/div>\n\t\t\t\t\t<\/div>\n\t\t<\/div>\n\t\t\t\t\t<\/div>\n\t\t<\/section>\n\t\t\t\t<\/div>","protected":false},"excerpt":{"rendered":"<p>Pete Ricketts and the Peed family (Sandhills Publishing) are trying to buy the Lincoln Mayoral seat and City Council. Geist is an Extreme MAGA Republican Geist has voted to completely ban abortion.2022- 6-week trigger ban: YES 2023- Extreme abortion ban: SPONSOR Geist voted against feeding hungry kids. TWICE.Expands SNAP Eligibility: No Feed kids at school: &#8230; <a title=\"Geist Heist\" class=\"read-more\" href=\"https:\/\/nebraskademocrats.org\/es\/geist-heist\/\" aria-label=\"More on Geist Heist\">Lee mas<\/a><\/p>","protected":false},"author":25,"featured_media":0,"parent":0,"menu_order":0,"comment_status":"closed","ping_status":"closed","template":"","meta":{"_acf_changed":false,"_exactmetrics_skip_tracking":false,"_exactmetrics_sitenote_active":false,"_exactmetrics_sitenote_note":"","_exactmetrics_sitenote_category":0,"footnotes":""},"class_list":["post-42341","page","type-page","status-publish"],"acf":[],"yoast_head":"<!-- This site is optimized with the Yoast SEO plugin v27.4 - https:\/\/yoast.com\/product\/yoast-seo-wordpress\/ -->\n<title>Geist Heist &#8211; Nebraska Democratic Party<\/title>\n<meta name=\"robots\" content=\"index, follow, max-snippet:-1, max-image-preview:large, max-video-preview:-1\" \/>\n<link rel=\"canonical\" href=\"https:\/\/nebraskademocrats.org\/es\/geist-heist\/\" \/>\n<meta property=\"og:locale\" content=\"es_MX\" \/>\n<meta property=\"og:type\" content=\"article\" \/>\n<meta property=\"og:title\" content=\"Geist Heist &#8211; Nebraska Democratic Party\" \/>\n<meta property=\"og:description\" content=\"Pete Ricketts and the Peed family (Sandhills Publishing) are trying to buy the Lincoln Mayoral seat and City Council. Geist is an Extreme MAGA Republican Geist has voted to completely ban abortion.2022- 6-week trigger ban: YES 2023- Extreme abortion ban: SPONSOR Geist voted against feeding hungry kids. TWICE.Expands SNAP Eligibility: No Feed kids at school: ... Read more\" \/>\n<meta property=\"og:url\" content=\"https:\/\/nebraskademocrats.org\/es\/geist-heist\/\" \/>\n<meta property=\"og:site_name\" content=\"Nebraska Democratic Party\" \/>\n<meta property=\"article:publisher\" content=\"https:\/\/www.facebook.com\/NebraskaDemocraticParty\/\" \/>\n<meta property=\"article:modified_time\" content=\"2023-08-24T17:30:37+00:00\" \/>\n<meta property=\"og:image\" content=\"https:\/\/nebraskadem.wpenginepowered.com\/wp-content\/uploads\/2023\/04\/f9c5cd43-609f-4b43-8b59-aca1a1eab11d-1024x418.png\" \/>\n<meta name=\"twitter:card\" content=\"summary_large_image\" \/>\n<meta name=\"twitter:site\" content=\"@nebraskadems\" \/>\n<meta name=\"twitter:label1\" content=\"Tiempo de lectura\" \/>\n\t<meta name=\"twitter:data1\" content=\"2 minutos\" \/>\n<script type=\"application\/ld+json\" class=\"yoast-schema-graph\">{\"@context\":\"https:\\\/\\\/schema.org\",\"@graph\":[{\"@type\":\"WebPage\",\"@id\":\"https:\\\/\\\/nebraskademocrats.org\\\/geist-heist\\\/\",\"url\":\"https:\\\/\\\/nebraskademocrats.org\\\/geist-heist\\\/\",\"name\":\"Geist Heist &#8211; Nebraska Democratic Party\",\"isPartOf\":{\"@id\":\"https:\\\/\\\/nebraskademocrats.org\\\/#website\"},\"primaryImageOfPage\":{\"@id\":\"https:\\\/\\\/nebraskademocrats.org\\\/geist-heist\\\/#primaryimage\"},\"image\":{\"@id\":\"https:\\\/\\\/nebraskademocrats.org\\\/geist-heist\\\/#primaryimage\"},\"thumbnailUrl\":\"https:\\\/\\\/nebraskadem.wpenginepowered.com\\\/wp-content\\\/uploads\\\/2023\\\/04\\\/f9c5cd43-609f-4b43-8b59-aca1a1eab11d-1024x418.png\",\"datePublished\":\"2023-04-12T15:04:12+00:00\",\"dateModified\":\"2023-08-24T17:30:37+00:00\",\"breadcrumb\":{\"@id\":\"https:\\\/\\\/nebraskademocrats.org\\\/geist-heist\\\/#breadcrumb\"},\"inLanguage\":\"es\",\"potentialAction\":[{\"@type\":\"ReadAction\",\"target\":[\"https:\\\/\\\/nebraskademocrats.org\\\/geist-heist\\\/\"]}]},{\"@type\":\"ImageObject\",\"inLanguage\":\"es\",\"@id\":\"https:\\\/\\\/nebraskademocrats.org\\\/geist-heist\\\/#primaryimage\",\"url\":\"https:\\\/\\\/nebraskadem.wpenginepowered.com\\\/wp-content\\\/uploads\\\/2023\\\/04\\\/f9c5cd43-609f-4b43-8b59-aca1a1eab11d-1024x418.png\",\"contentUrl\":\"https:\\\/\\\/nebraskadem.wpenginepowered.com\\\/wp-content\\\/uploads\\\/2023\\\/04\\\/f9c5cd43-609f-4b43-8b59-aca1a1eab11d-1024x418.png\"},{\"@type\":\"BreadcrumbList\",\"@id\":\"https:\\\/\\\/nebraskademocrats.org\\\/geist-heist\\\/#breadcrumb\",\"itemListElement\":[{\"@type\":\"ListItem\",\"position\":1,\"name\":\"Home\",\"item\":\"https:\\\/\\\/nebraskademocrats.org\\\/\"},{\"@type\":\"ListItem\",\"position\":2,\"name\":\"Geist Heist\"}]},{\"@type\":\"WebSite\",\"@id\":\"https:\\\/\\\/nebraskademocrats.org\\\/#website\",\"url\":\"https:\\\/\\\/nebraskademocrats.org\\\/\",\"name\":\"Nebraska Democratic Party\",\"description\":\"Growing the Good Life for All Nebraskans\",\"publisher\":{\"@id\":\"https:\\\/\\\/nebraskademocrats.org\\\/#organization\"},\"potentialAction\":[{\"@type\":\"SearchAction\",\"target\":{\"@type\":\"EntryPoint\",\"urlTemplate\":\"https:\\\/\\\/nebraskademocrats.org\\\/?s={search_term_string}\"},\"query-input\":{\"@type\":\"PropertyValueSpecification\",\"valueRequired\":true,\"valueName\":\"search_term_string\"}}],\"inLanguage\":\"es\"},{\"@type\":\"Organization\",\"@id\":\"https:\\\/\\\/nebraskademocrats.org\\\/#organization\",\"name\":\"Nebraska Democratic Party\",\"url\":\"https:\\\/\\\/nebraskademocrats.org\\\/\",\"logo\":{\"@type\":\"ImageObject\",\"inLanguage\":\"es\",\"@id\":\"https:\\\/\\\/nebraskademocrats.org\\\/#\\\/schema\\\/logo\\\/image\\\/\",\"url\":\"https:\\\/\\\/nebraskadem.wpenginepowered.com\\\/wp-content\\\/uploads\\\/2016\\\/05\\\/NDP2.jpg\",\"contentUrl\":\"https:\\\/\\\/nebraskadem.wpenginepowered.com\\\/wp-content\\\/uploads\\\/2016\\\/05\\\/NDP2.jpg\",\"width\":1000,\"height\":396,\"caption\":\"Nebraska Democratic Party\"},\"image\":{\"@id\":\"https:\\\/\\\/nebraskademocrats.org\\\/#\\\/schema\\\/logo\\\/image\\\/\"},\"sameAs\":[\"https:\\\/\\\/www.facebook.com\\\/NebraskaDemocraticParty\\\/\",\"https:\\\/\\\/x.com\\\/nebraskadems\"]}]}<\/script>\n<!-- \/ Yoast SEO plugin. -->","yoast_head_json":{"title":"Geist Heist &#8211; Nebraska Democratic Party","robots":{"index":"index","follow":"follow","max-snippet":"max-snippet:-1","max-image-preview":"max-image-preview:large","max-video-preview":"max-video-preview:-1"},"canonical":"https:\/\/nebraskademocrats.org\/es\/geist-heist\/","og_locale":"es_MX","og_type":"article","og_title":"Geist Heist &#8211; Nebraska Democratic Party","og_description":"Pete Ricketts and the Peed family (Sandhills Publishing) are trying to buy the Lincoln Mayoral seat and City Council. Geist is an Extreme MAGA Republican Geist has voted to completely ban abortion.2022- 6-week trigger ban: YES 2023- Extreme abortion ban: SPONSOR Geist voted against feeding hungry kids. TWICE.Expands SNAP Eligibility: No Feed kids at school: ... Read more","og_url":"https:\/\/nebraskademocrats.org\/es\/geist-heist\/","og_site_name":"Nebraska Democratic Party","article_publisher":"https:\/\/www.facebook.com\/NebraskaDemocraticParty\/","article_modified_time":"2023-08-24T17:30:37+00:00","og_image":[{"url":"https:\/\/nebraskadem.wpenginepowered.com\/wp-content\/uploads\/2023\/04\/f9c5cd43-609f-4b43-8b59-aca1a1eab11d-1024x418.png","type":"","width":"","height":""}],"twitter_card":"summary_large_image","twitter_site":"@nebraskadems","twitter_misc":{"Tiempo de lectura":"2 minutos"},"schema":{"@context":"https:\/\/schema.org","@graph":[{"@type":"WebPage","@id":"https:\/\/nebraskademocrats.org\/geist-heist\/","url":"https:\/\/nebraskademocrats.org\/geist-heist\/","name":"Geist Heist &#8211; Nebraska Democratic Party","isPartOf":{"@id":"https:\/\/nebraskademocrats.org\/#website"},"primaryImageOfPage":{"@id":"https:\/\/nebraskademocrats.org\/geist-heist\/#primaryimage"},"image":{"@id":"https:\/\/nebraskademocrats.org\/geist-heist\/#primaryimage"},"thumbnailUrl":"https:\/\/nebraskadem.wpenginepowered.com\/wp-content\/uploads\/2023\/04\/f9c5cd43-609f-4b43-8b59-aca1a1eab11d-1024x418.png","datePublished":"2023-04-12T15:04:12+00:00","dateModified":"2023-08-24T17:30:37+00:00","breadcrumb":{"@id":"https:\/\/nebraskademocrats.org\/geist-heist\/#breadcrumb"},"inLanguage":"es","potentialAction":[{"@type":"ReadAction","target":["https:\/\/nebraskademocrats.org\/geist-heist\/"]}]},{"@type":"ImageObject","inLanguage":"es","@id":"https:\/\/nebraskademocrats.org\/geist-heist\/#primaryimage","url":"https:\/\/nebraskadem.wpenginepowered.com\/wp-content\/uploads\/2023\/04\/f9c5cd43-609f-4b43-8b59-aca1a1eab11d-1024x418.png","contentUrl":"https:\/\/nebraskadem.wpenginepowered.com\/wp-content\/uploads\/2023\/04\/f9c5cd43-609f-4b43-8b59-aca1a1eab11d-1024x418.png"},{"@type":"BreadcrumbList","@id":"https:\/\/nebraskademocrats.org\/geist-heist\/#breadcrumb","itemListElement":[{"@type":"ListItem","position":1,"name":"Home","item":"https:\/\/nebraskademocrats.org\/"},{"@type":"ListItem","position":2,"name":"Geist Heist"}]},{"@type":"WebSite","@id":"https:\/\/nebraskademocrats.org\/#website","url":"https:\/\/nebraskademocrats.org\/","name":"Partido Dem\u00f3crata de Nebraska","description":"Cultivando la buena vida para todos los nebraskenses","publisher":{"@id":"https:\/\/nebraskademocrats.org\/#organization"},"potentialAction":[{"@type":"SearchAction","target":{"@type":"EntryPoint","urlTemplate":"https:\/\/nebraskademocrats.org\/?s={search_term_string}"},"query-input":{"@type":"PropertyValueSpecification","valueRequired":true,"valueName":"search_term_string"}}],"inLanguage":"es"},{"@type":"Organization","@id":"https:\/\/nebraskademocrats.org\/#organization","name":"Partido Dem\u00f3crata de Nebraska","url":"https:\/\/nebraskademocrats.org\/","logo":{"@type":"ImageObject","inLanguage":"es","@id":"https:\/\/nebraskademocrats.org\/#\/schema\/logo\/image\/","url":"https:\/\/nebraskadem.wpenginepowered.com\/wp-content\/uploads\/2016\/05\/NDP2.jpg","contentUrl":"https:\/\/nebraskadem.wpenginepowered.com\/wp-content\/uploads\/2016\/05\/NDP2.jpg","width":1000,"height":396,"caption":"Nebraska Democratic Party"},"image":{"@id":"https:\/\/nebraskademocrats.org\/#\/schema\/logo\/image\/"},"sameAs":["https:\/\/www.facebook.com\/NebraskaDemocraticParty\/","https:\/\/x.com\/nebraskadems"]}]}},"_links":{"self":[{"href":"https:\/\/nebraskademocrats.org\/es\/wp-json\/wp\/v2\/pages\/42341","targetHints":{"allow":["GET"]}}],"collection":[{"href":"https:\/\/nebraskademocrats.org\/es\/wp-json\/wp\/v2\/pages"}],"about":[{"href":"https:\/\/nebraskademocrats.org\/es\/wp-json\/wp\/v2\/types\/page"}],"author":[{"embeddable":true,"href":"https:\/\/nebraskademocrats.org\/es\/wp-json\/wp\/v2\/users\/25"}],"replies":[{"embeddable":true,"href":"https:\/\/nebraskademocrats.org\/es\/wp-json\/wp\/v2\/comments?post=42341"}],"version-history":[{"count":0,"href":"https:\/\/nebraskademocrats.org\/es\/wp-json\/wp\/v2\/pages\/42341\/revisions"}],"wp:attachment":[{"href":"https:\/\/nebraskademocrats.org\/es\/wp-json\/wp\/v2\/media?parent=42341"}],"curies":[{"name":"wp","href":"https:\/\/api.w.org\/{rel}","templated":true}]}}