{"id":43669,"date":"2023-07-06T21:10:17","date_gmt":"2023-07-07T02:10:17","guid":{"rendered":"https:\/\/nebraskadem.wpenginepowered.com\/?page_id=43669"},"modified":"2025-12-15T09:32:56","modified_gmt":"2025-12-15T15:32:56","slug":"dawsoncounty","status":"publish","type":"page","link":"https:\/\/nebraskademocrats.org\/es\/dawsoncounty\/","title":{"rendered":"Partido del condado de Dawson"},"content":{"rendered":"<div data-elementor-type=\"wp-page\" data-elementor-id=\"43669\" class=\"elementor elementor-43669\" data-elementor-post-type=\"page\">\n\t\t\t\t\t\t<section class=\"elementor-section elementor-top-section elementor-element elementor-element-f236363 elementor-section-boxed elementor-section-height-default elementor-section-height-default\" data-id=\"f236363\" data-element_type=\"section\" data-e-type=\"section\">\n\t\t\t\t\t\t<div class=\"elementor-container elementor-column-gap-default\">\n\t\t\t\t\t<div class=\"elementor-column elementor-col-100 elementor-top-column elementor-element elementor-element-0f322fe\" data-id=\"0f322fe\" data-element_type=\"column\" data-e-type=\"column\">\n\t\t\t<div class=\"elementor-widget-wrap elementor-element-populated\">\n\t\t\t\t\t\t<section class=\"elementor-section elementor-inner-section elementor-element elementor-element-4b0109c elementor-section-boxed elementor-section-height-default elementor-section-height-default\" data-id=\"4b0109c\" data-element_type=\"section\" data-e-type=\"section\">\n\t\t\t\t\t\t<div class=\"elementor-container elementor-column-gap-default\">\n\t\t\t\t\t<div class=\"elementor-column elementor-col-50 elementor-inner-column elementor-element elementor-element-2df0fb8\" data-id=\"2df0fb8\" data-element_type=\"column\" data-e-type=\"column\">\n\t\t\t<div class=\"elementor-widget-wrap elementor-element-populated\">\n\t\t\t\t\t\t<div class=\"elementor-element elementor-element-d869c2e elementor-widget elementor-widget-image\" data-id=\"d869c2e\" data-element_type=\"widget\" data-e-type=\"widget\" data-widget_type=\"image.default\">\n\t\t\t\t<div class=\"elementor-widget-container\">\n\t\t\t\t\t\t\t\t\t\t\t\t\t\t\t<img fetchpriority=\"high\" decoding=\"async\" width=\"1024\" height=\"525\" src=\"https:\/\/nebraskademocrats.org\/wp-content\/uploads\/2019\/02\/ndp_Dawson-1024x525.png\" class=\"attachment-large size-large wp-image-7598\" alt=\"\" srcset=\"https:\/\/nebraskademocrats.org\/wp-content\/uploads\/2019\/02\/ndp_Dawson-1024x525.png 1024w, https:\/\/nebraskademocrats.org\/wp-content\/uploads\/2019\/02\/ndp_Dawson-300x154.png 300w, https:\/\/nebraskademocrats.org\/wp-content\/uploads\/2019\/02\/ndp_Dawson-768x394.png 768w, https:\/\/nebraskademocrats.org\/wp-content\/uploads\/2019\/02\/ndp_Dawson.png 1600w\" sizes=\"(max-width: 1024px) 100vw, 1024px\" \/>\t\t\t\t\t\t\t\t\t\t\t\t\t\t\t<\/div>\n\t\t\t\t<\/div>\n\t\t\t\t<div class=\"elementor-element elementor-element-075e4ce elementor-widget elementor-widget-heading\" data-id=\"075e4ce\" data-element_type=\"widget\" data-e-type=\"widget\" data-widget_type=\"heading.default\">\n\t\t\t\t<div class=\"elementor-widget-container\">\n\t\t\t\t\t<h2 class=\"elementor-heading-title elementor-size-default\">Equipo de liderazgo<\/h2>\t\t\t\t<\/div>\n\t\t\t\t<\/div>\n\t\t\t\t<div class=\"elementor-element elementor-element-eeae6d8 elementor-widget elementor-widget-text-editor\" data-id=\"eeae6d8\" data-element_type=\"widget\" data-e-type=\"widget\" data-widget_type=\"text-editor.default\">\n\t\t\t\t<div class=\"elementor-widget-container\">\n\t\t\t\t\t\t\t\t\t<ul><li>Ann Trullinger &#8211; Chair<\/li><li>Warren Lynn &#8211; Secretary\/Treasurer<\/li><\/ul>\t\t\t\t\t\t\t\t<\/div>\n\t\t\t\t<\/div>\n\t\t\t\t<div class=\"elementor-element elementor-element-0733a78 elementor-widget elementor-widget-heading\" data-id=\"0733a78\" data-element_type=\"widget\" data-e-type=\"widget\" data-widget_type=\"heading.default\">\n\t\t\t\t<div class=\"elementor-widget-container\">\n\t\t\t\t\t<h2 class=\"elementor-heading-title elementor-size-default\">Reuniones<\/h2>\t\t\t\t<\/div>\n\t\t\t\t<\/div>\n\t\t\t\t<div class=\"elementor-element elementor-element-39e837c elementor-widget elementor-widget-text-editor\" data-id=\"39e837c\" data-element_type=\"widget\" data-e-type=\"widget\" data-widget_type=\"text-editor.default\">\n\t\t\t\t<div class=\"elementor-widget-container\">\n\t\t\t\t\t\t\t\t\t<p>Mission Statement:\u00a0 The Dawson County Democrats of Nebraska is a growing progressive party that believes we are better together than we are alone and its strength is the people of Dawson County.<\/p><p>The party invites people of all perspectives, interests, backgrounds, of faith or non faith, to join. Please email us for the next meeting date.\u00a0<\/p>\t\t\t\t\t\t\t\t<\/div>\n\t\t\t\t<\/div>\n\t\t\t\t\t<\/div>\n\t\t<\/div>\n\t\t\t\t<div class=\"elementor-column elementor-col-50 elementor-inner-column elementor-element elementor-element-8bf3f40\" data-id=\"8bf3f40\" data-element_type=\"column\" data-e-type=\"column\">\n\t\t\t<div class=\"elementor-widget-wrap elementor-element-populated\">\n\t\t\t\t\t\t<div class=\"elementor-element elementor-element-1fe9dda elementor-widget elementor-widget-heading\" data-id=\"1fe9dda\" data-element_type=\"widget\" data-e-type=\"widget\" data-widget_type=\"heading.default\">\n\t\t\t\t<div class=\"elementor-widget-container\">\n\t\t\t\t\t<h2 class=\"elementor-heading-title elementor-size-default\">Condado de Dawson<br>en las redes sociales<\/h2>\t\t\t\t<\/div>\n\t\t\t\t<\/div>\n\t\t\t\t<div class=\"elementor-element elementor-element-225b959 elementor-shape-circle elementor-grid-0 e-grid-align-center elementor-widget elementor-widget-social-icons\" data-id=\"225b959\" data-element_type=\"widget\" data-e-type=\"widget\" data-widget_type=\"social-icons.default\">\n\t\t\t\t<div class=\"elementor-widget-container\">\n\t\t\t\t\t\t\t<div class=\"elementor-social-icons-wrapper elementor-grid\" role=\"list\">\n\t\t\t\t\t\t\t<span class=\"elementor-grid-item\" role=\"listitem\">\n\t\t\t\t\t<a class=\"elementor-icon elementor-social-icon elementor-social-icon-facebook elementor-repeater-item-4c52b3c\" href=\"https:\/\/www.facebook.com\/profile.php?id=100060894541865\" target=\"_blank\">\n\t\t\t\t\t\t<span class=\"elementor-screen-only\">Facebook<\/span>\n\t\t\t\t\t\t<i aria-hidden=\"true\" class=\"fab fa-facebook\"><\/i>\t\t\t\t\t<\/a>\n\t\t\t\t<\/span>\n\t\t\t\t\t\t\t<span class=\"elementor-grid-item\" role=\"listitem\">\n\t\t\t\t\t<a class=\"elementor-icon elementor-social-icon elementor-social-icon-envelope elementor-repeater-item-f7a5ac3\" href=\"mailto:%20dawsoncounty@nebraskademocrats.org\" target=\"_blank\">\n\t\t\t\t\t\t<span class=\"elementor-screen-only\">Sobre<\/span>\n\t\t\t\t\t\t<i aria-hidden=\"true\" class=\"fas fa-envelope\"><\/i>\t\t\t\t\t<\/a>\n\t\t\t\t<\/span>\n\t\t\t\t\t<\/div>\n\t\t\t\t\t\t<\/div>\n\t\t\t\t<\/div>\n\t\t\t\t<div class=\"elementor-element elementor-element-f39b8be elementor-widget-divider--view-line elementor-widget elementor-widget-divider\" data-id=\"f39b8be\" data-element_type=\"widget\" data-e-type=\"widget\" data-widget_type=\"divider.default\">\n\t\t\t\t<div class=\"elementor-widget-container\">\n\t\t\t\t\t\t\t<div class=\"elementor-divider\">\n\t\t\t<span class=\"elementor-divider-separator\">\n\t\t\t\t\t\t<\/span>\n\t\t<\/div>\n\t\t\t\t\t\t<\/div>\n\t\t\t\t<\/div>\n\t\t\t\t<div class=\"elementor-element elementor-element-d374b67 elementor-widget elementor-widget-image\" data-id=\"d374b67\" data-element_type=\"widget\" data-e-type=\"widget\" data-widget_type=\"image.default\">\n\t\t\t\t<div class=\"elementor-widget-container\">\n\t\t\t\t\t\t\t\t\t\t\t\t\t\t\t<img decoding=\"async\" width=\"231\" height=\"300\" src=\"https:\/\/nebraskademocrats.org\/wp-content\/uploads\/2023\/07\/Democratic_Party-logo-3F567EDC5E-seeklogo.com_.png\" class=\"attachment-medium size-medium wp-image-43801\" alt=\"\" srcset=\"https:\/\/nebraskademocrats.org\/wp-content\/uploads\/2023\/07\/Democratic_Party-logo-3F567EDC5E-seeklogo.com_.png 231w, https:\/\/nebraskademocrats.org\/wp-content\/uploads\/2023\/07\/Democratic_Party-logo-3F567EDC5E-seeklogo.com_-9x12.png 9w\" sizes=\"(max-width: 231px) 100vw, 231px\" \/>\t\t\t\t\t\t\t\t\t\t\t\t\t\t\t<\/div>\n\t\t\t\t<\/div>\n\t\t\t\t\t<\/div>\n\t\t<\/div>\n\t\t\t\t\t<\/div>\n\t\t<\/section>\n\t\t\t\t<div class=\"elementor-element elementor-element-d254937 elementor-widget-divider--view-line elementor-widget elementor-widget-divider\" data-id=\"d254937\" data-element_type=\"widget\" data-e-type=\"widget\" data-widget_type=\"divider.default\">\n\t\t\t\t<div class=\"elementor-widget-container\">\n\t\t\t\t\t\t\t<div class=\"elementor-divider\">\n\t\t\t<span class=\"elementor-divider-separator\">\n\t\t\t\t\t\t<\/span>\n\t\t<\/div>\n\t\t\t\t\t\t<\/div>\n\t\t\t\t<\/div>\n\t\t\t\t<section class=\"elementor-section elementor-inner-section elementor-element elementor-element-75eb6ec elementor-section-boxed elementor-section-height-default elementor-section-height-default\" data-id=\"75eb6ec\" data-element_type=\"section\" data-e-type=\"section\">\n\t\t\t\t\t\t<div class=\"elementor-container elementor-column-gap-default\">\n\t\t\t\t\t<div class=\"elementor-column elementor-col-50 elementor-inner-column elementor-element elementor-element-8d2df38\" data-id=\"8d2df38\" data-element_type=\"column\" data-e-type=\"column\">\n\t\t\t<div class=\"elementor-widget-wrap elementor-element-populated\">\n\t\t\t\t\t\t<div class=\"elementor-element elementor-element-4b79336 elementor-widget elementor-widget-heading\" data-id=\"4b79336\" data-element_type=\"widget\" data-e-type=\"widget\" data-widget_type=\"heading.default\">\n\t\t\t\t<div class=\"elementor-widget-container\">\n\t\t\t\t\t<h2 class=\"elementor-heading-title elementor-size-default\">Convi\u00e9rtase en un condado de Dawson<br>Capit\u00e1n de bloque<\/h2>\t\t\t\t<\/div>\n\t\t\t\t<\/div>\n\t\t\t\t<div class=\"elementor-element elementor-element-f7f35e6 elementor-widget elementor-widget-text-editor\" data-id=\"f7f35e6\" data-element_type=\"widget\" data-e-type=\"widget\" data-widget_type=\"text-editor.default\">\n\t\t\t\t<div class=\"elementor-widget-container\">\n\t\t\t\t\t\t\t\t\t<p>Los capitanes de bloque obtienen una lista de vecinos (dem\u00f3cratas y no partidarios de tendencia moderada a izquierda) para contactar tres veces al a\u00f1o. Se necesitan conversaciones uno a uno para cambiar de opini\u00f3n, y eso es lo que hacen los Block Captains.\u00a0<\/p>\t\t\t\t\t\t\t\t<\/div>\n\t\t\t\t<\/div>\n\t\t\t\t<div class=\"elementor-element elementor-element-9585e85 elementor-button-info elementor-align-center elementor-widget elementor-widget-button\" data-id=\"9585e85\" data-element_type=\"widget\" data-e-type=\"widget\" data-widget_type=\"button.default\">\n\t\t\t\t<div class=\"elementor-widget-container\">\n\t\t\t\t\t\t\t\t\t<div class=\"elementor-button-wrapper\">\n\t\t\t\t\t<a class=\"elementor-button elementor-button-link elementor-size-lg\" href=\"https:\/\/nebraskademocrats.org\/es\/become-a-block-captain\/\">\n\t\t\t\t\t\t<span class=\"elementor-button-content-wrapper\">\n\t\t\t\t\t\t\t\t\t<span class=\"elementor-button-text\">Inf\u00f3rmate y reg\u00edstrate<\/span>\n\t\t\t\t\t<\/span>\n\t\t\t\t\t<\/a>\n\t\t\t\t<\/div>\n\t\t\t\t\t\t\t\t<\/div>\n\t\t\t\t<\/div>\n\t\t\t\t\t<\/div>\n\t\t<\/div>\n\t\t\t\t<div class=\"elementor-column elementor-col-50 elementor-inner-column elementor-element elementor-element-d6dd576\" data-id=\"d6dd576\" data-element_type=\"column\" data-e-type=\"column\">\n\t\t\t<div class=\"elementor-widget-wrap elementor-element-populated\">\n\t\t\t\t\t\t<div class=\"elementor-element elementor-element-86e0578 elementor-widget elementor-widget-image\" data-id=\"86e0578\" data-element_type=\"widget\" data-e-type=\"widget\" data-widget_type=\"image.default\">\n\t\t\t\t<div class=\"elementor-widget-container\">\n\t\t\t\t\t\t\t\t\t\t\t\t\t\t\t<img decoding=\"async\" width=\"1024\" height=\"1024\" src=\"https:\/\/nebraskademocrats.org\/wp-content\/uploads\/2021\/08\/NEBDEMS-SiteGraphics-Country-SQ-1024x1024.png\" class=\"attachment-large size-large wp-image-33994\" alt=\"\" srcset=\"https:\/\/nebraskademocrats.org\/wp-content\/uploads\/2021\/08\/NEBDEMS-SiteGraphics-Country-SQ-1024x1024.png 1024w, https:\/\/nebraskademocrats.org\/wp-content\/uploads\/2021\/08\/NEBDEMS-SiteGraphics-Country-SQ-300x300.png 300w, https:\/\/nebraskademocrats.org\/wp-content\/uploads\/2021\/08\/NEBDEMS-SiteGraphics-Country-SQ-150x150.png 150w, https:\/\/nebraskademocrats.org\/wp-content\/uploads\/2021\/08\/NEBDEMS-SiteGraphics-Country-SQ-768x768.png 768w, https:\/\/nebraskademocrats.org\/wp-content\/uploads\/2021\/08\/NEBDEMS-SiteGraphics-Country-SQ-12x12.png 12w, https:\/\/nebraskademocrats.org\/wp-content\/uploads\/2021\/08\/NEBDEMS-SiteGraphics-Country-SQ.png 1080w\" sizes=\"(max-width: 1024px) 100vw, 1024px\" \/>\t\t\t\t\t\t\t\t\t\t\t\t\t\t\t<\/div>\n\t\t\t\t<\/div>\n\t\t\t\t\t<\/div>\n\t\t<\/div>\n\t\t\t\t\t<\/div>\n\t\t<\/section>\n\t\t\t\t<div class=\"elementor-element elementor-element-d80b024 elementor-widget-divider--view-line elementor-widget elementor-widget-divider\" data-id=\"d80b024\" data-element_type=\"widget\" data-e-type=\"widget\" data-widget_type=\"divider.default\">\n\t\t\t\t<div class=\"elementor-widget-container\">\n\t\t\t\t\t\t\t<div class=\"elementor-divider\">\n\t\t\t<span class=\"elementor-divider-separator\">\n\t\t\t\t\t\t<\/span>\n\t\t<\/div>\n\t\t\t\t\t\t<\/div>\n\t\t\t\t<\/div>\n\t\t\t\t<div class=\"elementor-element elementor-element-6234ee2 elementor-button-info elementor-align-center elementor-widget elementor-widget-button\" data-id=\"6234ee2\" data-element_type=\"widget\" data-e-type=\"widget\" data-widget_type=\"button.default\">\n\t\t\t\t<div class=\"elementor-widget-container\">\n\t\t\t\t\t\t\t\t\t<div class=\"elementor-button-wrapper\">\n\t\t\t\t\t<a class=\"elementor-button elementor-button-link elementor-size-xl\" href=\"https:\/\/nebraskademocrats.org\/es\/democratic-officeholders\/\">\n\t\t\t\t\t\t<span class=\"elementor-button-content-wrapper\">\n\t\t\t\t\t\t\t\t\t<span class=\"elementor-button-text\">Ver todos los dem\u00f3cratas elegidos en todo el estado<\/span>\n\t\t\t\t\t<\/span>\n\t\t\t\t\t<\/a>\n\t\t\t\t<\/div>\n\t\t\t\t\t\t\t\t<\/div>\n\t\t\t\t<\/div>\n\t\t\t\t<div class=\"elementor-element elementor-element-d8ea889 elementor-widget-divider--view-line elementor-widget elementor-widget-divider\" data-id=\"d8ea889\" data-element_type=\"widget\" data-e-type=\"widget\" data-widget_type=\"divider.default\">\n\t\t\t\t<div class=\"elementor-widget-container\">\n\t\t\t\t\t\t\t<div class=\"elementor-divider\">\n\t\t\t<span class=\"elementor-divider-separator\">\n\t\t\t\t\t\t<\/span>\n\t\t<\/div>\n\t\t\t\t\t\t<\/div>\n\t\t\t\t<\/div>\n\t\t\t\t<div class=\"elementor-element elementor-element-3319c4d elementor-widget elementor-widget-image\" data-id=\"3319c4d\" data-element_type=\"widget\" data-e-type=\"widget\" data-widget_type=\"image.default\">\n\t\t\t\t<div class=\"elementor-widget-container\">\n\t\t\t\t\t\t\t\t\t\t\t\t\t\t\t<img loading=\"lazy\" decoding=\"async\" width=\"768\" height=\"402\" src=\"https:\/\/nebraskademocrats.org\/wp-content\/uploads\/2023\/07\/292882622_421494703223678_7308208867998585390_n-1-768x402.jpg\" class=\"attachment-medium_large size-medium_large wp-image-43803\" alt=\"\" srcset=\"https:\/\/nebraskademocrats.org\/wp-content\/uploads\/2023\/07\/292882622_421494703223678_7308208867998585390_n-1-768x402.jpg 768w, https:\/\/nebraskademocrats.org\/wp-content\/uploads\/2023\/07\/292882622_421494703223678_7308208867998585390_n-1-300x157.jpg 300w, https:\/\/nebraskademocrats.org\/wp-content\/uploads\/2023\/07\/292882622_421494703223678_7308208867998585390_n-1-18x9.jpg 18w, https:\/\/nebraskademocrats.org\/wp-content\/uploads\/2023\/07\/292882622_421494703223678_7308208867998585390_n-1.jpg 944w\" sizes=\"(max-width: 768px) 100vw, 768px\" \/>\t\t\t\t\t\t\t\t\t\t\t\t\t\t\t<\/div>\n\t\t\t\t<\/div>\n\t\t\t\t\t<\/div>\n\t\t<\/div>\n\t\t\t\t\t<\/div>\n\t\t<\/section>\n\t\t\t\t<\/div>","protected":false},"excerpt":{"rendered":"<p>Leadership Team Ann Trullinger &#8211; Chair Warren Lynn &#8211; Secretary\/Treasurer Meetings Mission Statement:\u00a0 The Dawson County Democrats of Nebraska is a growing progressive party that believes we are better together than we are alone and its strength is the people of Dawson County. The party invites people of all perspectives, interests, backgrounds, of faith or &#8230; <a title=\"Partido del condado de Dawson\" class=\"read-more\" href=\"https:\/\/nebraskademocrats.org\/es\/dawsoncounty\/\" aria-label=\"More on Dawson County Party\">Lee mas<\/a><\/p>","protected":false},"author":25,"featured_media":0,"parent":0,"menu_order":0,"comment_status":"closed","ping_status":"closed","template":"","meta":{"_acf_changed":false,"_exactmetrics_skip_tracking":false,"_exactmetrics_sitenote_active":false,"_exactmetrics_sitenote_note":"","_exactmetrics_sitenote_category":0,"footnotes":""},"class_list":["post-43669","page","type-page","status-publish"],"acf":[],"yoast_head":"<!-- This site is optimized with the Yoast SEO plugin v27.1.1 - https:\/\/yoast.com\/product\/yoast-seo-wordpress\/ -->\n<title>Dawson County Party &#8211; Nebraska Democratic Party<\/title>\n<meta name=\"robots\" content=\"index, follow, max-snippet:-1, max-image-preview:large, max-video-preview:-1\" \/>\n<link rel=\"canonical\" href=\"https:\/\/nebraskademocrats.org\/es\/dawsoncounty\/\" \/>\n<meta property=\"og:locale\" content=\"es_MX\" \/>\n<meta property=\"og:type\" content=\"article\" \/>\n<meta property=\"og:title\" content=\"Dawson County Party &#8211; Nebraska Democratic Party\" \/>\n<meta property=\"og:description\" content=\"Leadership Team Ann Trullinger &#8211; Chair Warren Lynn &#8211; Secretary\/Treasurer Meetings Mission Statement:\u00a0 The Dawson County Democrats of Nebraska is a growing progressive party that believes we are better together than we are alone and its strength is the people of Dawson County. The party invites people of all perspectives, interests, backgrounds, of faith or ... Read more\" \/>\n<meta property=\"og:url\" content=\"https:\/\/nebraskademocrats.org\/es\/dawsoncounty\/\" \/>\n<meta property=\"og:site_name\" content=\"Nebraska Democratic Party\" \/>\n<meta property=\"article:publisher\" content=\"https:\/\/www.facebook.com\/NebraskaDemocraticParty\/\" \/>\n<meta property=\"article:modified_time\" content=\"2025-12-15T15:32:56+00:00\" \/>\n<meta property=\"og:image\" content=\"https:\/\/nebraskademocrats.org\/wp-content\/uploads\/2019\/02\/ndp_Dawson.png\" \/>\n\t<meta property=\"og:image:width\" content=\"1600\" \/>\n\t<meta property=\"og:image:height\" content=\"820\" \/>\n\t<meta property=\"og:image:type\" content=\"image\/png\" \/>\n<meta name=\"twitter:card\" content=\"summary_large_image\" \/>\n<meta name=\"twitter:site\" content=\"@nebraskadems\" \/>\n<meta name=\"twitter:label1\" content=\"Tiempo de lectura\" \/>\n\t<meta name=\"twitter:data1\" content=\"2 minutos\" \/>\n<script type=\"application\/ld+json\" class=\"yoast-schema-graph\">{\"@context\":\"https:\/\/schema.org\",\"@graph\":[{\"@type\":\"WebPage\",\"@id\":\"https:\/\/nebraskademocrats.org\/dawsoncounty\/\",\"url\":\"https:\/\/nebraskademocrats.org\/dawsoncounty\/\",\"name\":\"Dawson County Party &#8211; Nebraska Democratic Party\",\"isPartOf\":{\"@id\":\"https:\/\/nebraskademocrats.org\/#website\"},\"primaryImageOfPage\":{\"@id\":\"https:\/\/nebraskademocrats.org\/dawsoncounty\/#primaryimage\"},\"image\":{\"@id\":\"https:\/\/nebraskademocrats.org\/dawsoncounty\/#primaryimage\"},\"thumbnailUrl\":\"https:\/\/nebraskademocrats.org\/wp-content\/uploads\/2019\/02\/ndp_Dawson-1024x525.png\",\"datePublished\":\"2023-07-07T02:10:17+00:00\",\"dateModified\":\"2025-12-15T15:32:56+00:00\",\"breadcrumb\":{\"@id\":\"https:\/\/nebraskademocrats.org\/dawsoncounty\/#breadcrumb\"},\"inLanguage\":\"es\",\"potentialAction\":[{\"@type\":\"ReadAction\",\"target\":[\"https:\/\/nebraskademocrats.org\/dawsoncounty\/\"]}]},{\"@type\":\"ImageObject\",\"inLanguage\":\"es\",\"@id\":\"https:\/\/nebraskademocrats.org\/dawsoncounty\/#primaryimage\",\"url\":\"https:\/\/nebraskademocrats.org\/wp-content\/uploads\/2019\/02\/ndp_Dawson-1024x525.png\",\"contentUrl\":\"https:\/\/nebraskademocrats.org\/wp-content\/uploads\/2019\/02\/ndp_Dawson-1024x525.png\"},{\"@type\":\"BreadcrumbList\",\"@id\":\"https:\/\/nebraskademocrats.org\/dawsoncounty\/#breadcrumb\",\"itemListElement\":[{\"@type\":\"ListItem\",\"position\":1,\"name\":\"Home\",\"item\":\"https:\/\/nebraskademocrats.org\/\"},{\"@type\":\"ListItem\",\"position\":2,\"name\":\"Dawson County Party\"}]},{\"@type\":\"WebSite\",\"@id\":\"https:\/\/nebraskademocrats.org\/#website\",\"url\":\"https:\/\/nebraskademocrats.org\/\",\"name\":\"Nebraska Democratic Party\",\"description\":\"Growing the Good Life for All Nebraskans\",\"publisher\":{\"@id\":\"https:\/\/nebraskademocrats.org\/#organization\"},\"potentialAction\":[{\"@type\":\"SearchAction\",\"target\":{\"@type\":\"EntryPoint\",\"urlTemplate\":\"https:\/\/nebraskademocrats.org\/?s={search_term_string}\"},\"query-input\":{\"@type\":\"PropertyValueSpecification\",\"valueRequired\":true,\"valueName\":\"search_term_string\"}}],\"inLanguage\":\"es\"},{\"@type\":\"Organization\",\"@id\":\"https:\/\/nebraskademocrats.org\/#organization\",\"name\":\"Nebraska Democratic Party\",\"url\":\"https:\/\/nebraskademocrats.org\/\",\"logo\":{\"@type\":\"ImageObject\",\"inLanguage\":\"es\",\"@id\":\"https:\/\/nebraskademocrats.org\/#\/schema\/logo\/image\/\",\"url\":\"https:\/\/nebraskadem.wpenginepowered.com\/wp-content\/uploads\/2016\/05\/NDP2.jpg\",\"contentUrl\":\"https:\/\/nebraskadem.wpenginepowered.com\/wp-content\/uploads\/2016\/05\/NDP2.jpg\",\"width\":1000,\"height\":396,\"caption\":\"Nebraska Democratic Party\"},\"image\":{\"@id\":\"https:\/\/nebraskademocrats.org\/#\/schema\/logo\/image\/\"},\"sameAs\":[\"https:\/\/www.facebook.com\/NebraskaDemocraticParty\/\",\"https:\/\/x.com\/nebraskadems\"]}]}<\/script>\n<!-- \/ Yoast SEO plugin. -->","yoast_head_json":{"title":"Dawson County Party &#8211; Nebraska Democratic Party","robots":{"index":"index","follow":"follow","max-snippet":"max-snippet:-1","max-image-preview":"max-image-preview:large","max-video-preview":"max-video-preview:-1"},"canonical":"https:\/\/nebraskademocrats.org\/es\/dawsoncounty\/","og_locale":"es_MX","og_type":"article","og_title":"Dawson County Party &#8211; Nebraska Democratic Party","og_description":"Leadership Team Ann Trullinger &#8211; Chair Warren Lynn &#8211; Secretary\/Treasurer Meetings Mission Statement:\u00a0 The Dawson County Democrats of Nebraska is a growing progressive party that believes we are better together than we are alone and its strength is the people of Dawson County. The party invites people of all perspectives, interests, backgrounds, of faith or ... Read more","og_url":"https:\/\/nebraskademocrats.org\/es\/dawsoncounty\/","og_site_name":"Nebraska Democratic Party","article_publisher":"https:\/\/www.facebook.com\/NebraskaDemocraticParty\/","article_modified_time":"2025-12-15T15:32:56+00:00","og_image":[{"width":1600,"height":820,"url":"https:\/\/nebraskademocrats.org\/wp-content\/uploads\/2019\/02\/ndp_Dawson.png","type":"image\/png"}],"twitter_card":"summary_large_image","twitter_site":"@nebraskadems","twitter_misc":{"Tiempo de lectura":"2 minutos"},"schema":{"@context":"https:\/\/schema.org","@graph":[{"@type":"WebPage","@id":"https:\/\/nebraskademocrats.org\/dawsoncounty\/","url":"https:\/\/nebraskademocrats.org\/dawsoncounty\/","name":"Dawson County Party &#8211; Nebraska Democratic Party","isPartOf":{"@id":"https:\/\/nebraskademocrats.org\/#website"},"primaryImageOfPage":{"@id":"https:\/\/nebraskademocrats.org\/dawsoncounty\/#primaryimage"},"image":{"@id":"https:\/\/nebraskademocrats.org\/dawsoncounty\/#primaryimage"},"thumbnailUrl":"https:\/\/nebraskademocrats.org\/wp-content\/uploads\/2019\/02\/ndp_Dawson-1024x525.png","datePublished":"2023-07-07T02:10:17+00:00","dateModified":"2025-12-15T15:32:56+00:00","breadcrumb":{"@id":"https:\/\/nebraskademocrats.org\/dawsoncounty\/#breadcrumb"},"inLanguage":"es","potentialAction":[{"@type":"ReadAction","target":["https:\/\/nebraskademocrats.org\/dawsoncounty\/"]}]},{"@type":"ImageObject","inLanguage":"es","@id":"https:\/\/nebraskademocrats.org\/dawsoncounty\/#primaryimage","url":"https:\/\/nebraskademocrats.org\/wp-content\/uploads\/2019\/02\/ndp_Dawson-1024x525.png","contentUrl":"https:\/\/nebraskademocrats.org\/wp-content\/uploads\/2019\/02\/ndp_Dawson-1024x525.png"},{"@type":"BreadcrumbList","@id":"https:\/\/nebraskademocrats.org\/dawsoncounty\/#breadcrumb","itemListElement":[{"@type":"ListItem","position":1,"name":"Home","item":"https:\/\/nebraskademocrats.org\/"},{"@type":"ListItem","position":2,"name":"Dawson County Party"}]},{"@type":"WebSite","@id":"https:\/\/nebraskademocrats.org\/#website","url":"https:\/\/nebraskademocrats.org\/","name":"Partido Dem\u00f3crata de Nebraska","description":"Cultivando la buena vida para todos los nebraskenses","publisher":{"@id":"https:\/\/nebraskademocrats.org\/#organization"},"potentialAction":[{"@type":"SearchAction","target":{"@type":"EntryPoint","urlTemplate":"https:\/\/nebraskademocrats.org\/?s={search_term_string}"},"query-input":{"@type":"PropertyValueSpecification","valueRequired":true,"valueName":"search_term_string"}}],"inLanguage":"es"},{"@type":"Organization","@id":"https:\/\/nebraskademocrats.org\/#organization","name":"Partido Dem\u00f3crata de Nebraska","url":"https:\/\/nebraskademocrats.org\/","logo":{"@type":"ImageObject","inLanguage":"es","@id":"https:\/\/nebraskademocrats.org\/#\/schema\/logo\/image\/","url":"https:\/\/nebraskadem.wpenginepowered.com\/wp-content\/uploads\/2016\/05\/NDP2.jpg","contentUrl":"https:\/\/nebraskadem.wpenginepowered.com\/wp-content\/uploads\/2016\/05\/NDP2.jpg","width":1000,"height":396,"caption":"Nebraska Democratic Party"},"image":{"@id":"https:\/\/nebraskademocrats.org\/#\/schema\/logo\/image\/"},"sameAs":["https:\/\/www.facebook.com\/NebraskaDemocraticParty\/","https:\/\/x.com\/nebraskadems"]}]}},"_links":{"self":[{"href":"https:\/\/nebraskademocrats.org\/es\/wp-json\/wp\/v2\/pages\/43669","targetHints":{"allow":["GET"]}}],"collection":[{"href":"https:\/\/nebraskademocrats.org\/es\/wp-json\/wp\/v2\/pages"}],"about":[{"href":"https:\/\/nebraskademocrats.org\/es\/wp-json\/wp\/v2\/types\/page"}],"author":[{"embeddable":true,"href":"https:\/\/nebraskademocrats.org\/es\/wp-json\/wp\/v2\/users\/25"}],"replies":[{"embeddable":true,"href":"https:\/\/nebraskademocrats.org\/es\/wp-json\/wp\/v2\/comments?post=43669"}],"version-history":[{"count":0,"href":"https:\/\/nebraskademocrats.org\/es\/wp-json\/wp\/v2\/pages\/43669\/revisions"}],"wp:attachment":[{"href":"https:\/\/nebraskademocrats.org\/es\/wp-json\/wp\/v2\/media?parent=43669"}],"curies":[{"name":"wp","href":"https:\/\/api.w.org\/{rel}","templated":true}]}}