{"id":45256,"date":"2023-12-15T14:20:48","date_gmt":"2023-12-15T20:20:48","guid":{"rendered":"https:\/\/nebraskadem.wpenginepowered.com\/?page_id=45256"},"modified":"2024-01-13T17:09:17","modified_gmt":"2024-01-13T23:09:17","slug":"voting-center-archive","status":"publish","type":"page","link":"https:\/\/nebraskademocrats.org\/es\/voting-center-archive\/","title":{"rendered":"Centro de votaci\u00f3n NDP 2024"},"content":{"rendered":"<div data-elementor-type=\"wp-post\" data-elementor-id=\"45256\" class=\"elementor elementor-45256\" data-elementor-post-type=\"page\">\n\t\t\t\t\t\t<section class=\"elementor-section elementor-top-section elementor-element elementor-element-6b901f82 elementor-section-boxed elementor-section-height-default elementor-section-height-default\" data-id=\"6b901f82\" data-element_type=\"section\" data-e-type=\"section\">\n\t\t\t\t\t\t<div class=\"elementor-container elementor-column-gap-default\">\n\t\t\t\t\t<div class=\"elementor-column elementor-col-100 elementor-top-column elementor-element elementor-element-35ded79b\" data-id=\"35ded79b\" data-element_type=\"column\" data-e-type=\"column\">\n\t\t\t<div class=\"elementor-widget-wrap elementor-element-populated\">\n\t\t\t\t\t\t<div class=\"elementor-element elementor-element-4c49be3 elementor-widget elementor-widget-heading\" data-id=\"4c49be3\" data-element_type=\"widget\" data-e-type=\"widget\" data-widget_type=\"heading.default\">\n\t\t\t\t<div class=\"elementor-widget-container\">\n\t\t\t\t\t<h2 class=\"elementor-heading-title elementor-size-default\">Elecci\u00f3n Primaria - 14 de mayo de 2024<br><br>Elecci\u00f3n General - 5 de noviembre de 2024<\/h2>\t\t\t\t<\/div>\n\t\t\t\t<\/div>\n\t\t\t\t<div class=\"elementor-element elementor-element-db4b289 elementor-widget elementor-widget-text-editor\" data-id=\"db4b289\" data-element_type=\"widget\" data-e-type=\"widget\" data-widget_type=\"text-editor.default\">\n\t\t\t\t<div class=\"elementor-widget-container\">\n\t\t\t\t\t\t\t\t\t<p>Debe ser un votante registrado para poder votar en Nebraska. Puedes registrarte o consultar tu registro aqu\u00ed:<\/p>\t\t\t\t\t\t\t\t<\/div>\n\t\t\t\t<\/div>\n\t\t\t\t<section class=\"elementor-section elementor-inner-section elementor-element elementor-element-79f6c86 elementor-section-boxed elementor-section-height-default elementor-section-height-default\" data-id=\"79f6c86\" data-element_type=\"section\" data-e-type=\"section\">\n\t\t\t\t\t\t<div class=\"elementor-container elementor-column-gap-default\">\n\t\t\t\t\t<div class=\"elementor-column elementor-col-33 elementor-inner-column elementor-element elementor-element-dec290e\" data-id=\"dec290e\" data-element_type=\"column\" data-e-type=\"column\">\n\t\t\t<div class=\"elementor-widget-wrap elementor-element-populated\">\n\t\t\t\t\t\t<div class=\"elementor-element elementor-element-a8870a0 elementor-align-justify elementor-widget elementor-widget-button\" data-id=\"a8870a0\" data-element_type=\"widget\" data-e-type=\"widget\" data-widget_type=\"button.default\">\n\t\t\t\t<div class=\"elementor-widget-container\">\n\t\t\t\t\t\t\t\t\t<div class=\"elementor-button-wrapper\">\n\t\t\t\t\t<a class=\"elementor-button elementor-button-link elementor-size-lg\" href=\"http:\/\/www.iwillvote.com\">\n\t\t\t\t\t\t<span class=\"elementor-button-content-wrapper\">\n\t\t\t\t\t\t\t\t\t<span class=\"elementor-button-text\">Registrarse para votar<\/span>\n\t\t\t\t\t<\/span>\n\t\t\t\t\t<\/a>\n\t\t\t\t<\/div>\n\t\t\t\t\t\t\t\t<\/div>\n\t\t\t\t<\/div>\n\t\t\t\t\t<\/div>\n\t\t<\/div>\n\t\t\t\t<div class=\"elementor-column elementor-col-33 elementor-inner-column elementor-element elementor-element-f86b5f2\" data-id=\"f86b5f2\" data-element_type=\"column\" data-e-type=\"column\">\n\t\t\t<div class=\"elementor-widget-wrap elementor-element-populated\">\n\t\t\t\t\t\t<div class=\"elementor-element elementor-element-5806926 elementor-align-justify elementor-widget elementor-widget-button\" data-id=\"5806926\" data-element_type=\"widget\" data-e-type=\"widget\" data-widget_type=\"button.default\">\n\t\t\t\t<div class=\"elementor-widget-container\">\n\t\t\t\t\t\t\t\t\t<div class=\"elementor-button-wrapper\">\n\t\t\t\t\t<a class=\"elementor-button elementor-button-link elementor-size-lg\" href=\"https:\/\/www.votercheck.necvr.ne.gov\/voterview\">\n\t\t\t\t\t\t<span class=\"elementor-button-content-wrapper\">\n\t\t\t\t\t\t\t\t\t<span class=\"elementor-button-text\">Consulta tu Registro<\/span>\n\t\t\t\t\t<\/span>\n\t\t\t\t\t<\/a>\n\t\t\t\t<\/div>\n\t\t\t\t\t\t\t\t<\/div>\n\t\t\t\t<\/div>\n\t\t\t\t\t<\/div>\n\t\t<\/div>\n\t\t\t\t<div class=\"elementor-column elementor-col-33 elementor-inner-column elementor-element elementor-element-3eda49b\" data-id=\"3eda49b\" data-element_type=\"column\" data-e-type=\"column\">\n\t\t\t<div class=\"elementor-widget-wrap elementor-element-populated\">\n\t\t\t\t\t\t<div class=\"elementor-element elementor-element-c5fbd2d elementor-align-justify elementor-widget elementor-widget-button\" data-id=\"c5fbd2d\" data-element_type=\"widget\" data-e-type=\"widget\" data-widget_type=\"button.default\">\n\t\t\t\t<div class=\"elementor-widget-container\">\n\t\t\t\t\t\t\t\t\t<div class=\"elementor-button-wrapper\">\n\t\t\t\t\t<a class=\"elementor-button elementor-button-link elementor-size-lg\" href=\"https:\/\/forms.gle\/6jUZL7t2Z7e2jmfTA\">\n\t\t\t\t\t\t<span class=\"elementor-button-content-wrapper\">\n\t\t\t\t\t\t\t\t\t<span class=\"elementor-button-text\">Solicite una solicitud de boleta<\/span>\n\t\t\t\t\t<\/span>\n\t\t\t\t\t<\/a>\n\t\t\t\t<\/div>\n\t\t\t\t\t\t\t\t<\/div>\n\t\t\t\t<\/div>\n\t\t\t\t\t<\/div>\n\t\t<\/div>\n\t\t\t\t\t<\/div>\n\t\t<\/section>\n\t\t\t\t<div class=\"elementor-element elementor-element-cfa561d elementor-widget elementor-widget-text-editor\" data-id=\"cfa561d\" data-element_type=\"widget\" data-e-type=\"widget\" data-widget_type=\"text-editor.default\">\n\t\t\t\t<div class=\"elementor-widget-container\">\n\t\t\t\t\t\t\t\t\t<h2 style=\"font-style: normal;\" data-elementor-setting-key=\"title\" data-pen-placeholder=\"Type Here...\">ID de votante<\/h2><h1 style=\"margin-bottom: 15px; font-family: 'Source Serif Pro', serif; font-size: 16px; line-height: 26px; color: #5b5b5b;\"><span style=\"font-family: arial, helvetica, sans-serif; font-weight: 400;\">La primera elecci\u00f3n que requerir\u00e1 una identificaci\u00f3n de votante ser\u00e1 la elecci\u00f3n primaria estatal del 14 de mayo de 2024.<\/span><\/h1><p style=\"margin-bottom: 15px; font-family: 'Source Serif Pro', serif; font-size: 16px; line-height: 26px; color: #5b5b5b;\"><span style=\"font-family: arial, helvetica, sans-serif;\">Todas las elecciones especiales y estatales posteriores a esta fecha requerir\u00e1n una identificaci\u00f3n de votante. Ninguna elecci\u00f3n especial antes del 14 de mayo de 2024 requerir\u00e1 identificaci\u00f3n de votante.<\/span><\/p><p style=\"margin-bottom: 15px; font-family: 'Source Serif Pro', serif; font-size: 16px; line-height: 26px; color: #5b5b5b;\"><span style=\"font-family: arial, helvetica, sans-serif;\"><span style=\"font-size: 17px;\"><span style=\"font-size: 16px;\">Busque actualizaciones adicionales aqu\u00ed:\u00a0<\/span><\/span><span style=\"color: #182a54; font-size: 10pt;\"><a style=\"background-color: #ffffff;\" href=\"https:\/\/sos.nebraska.gov\/elections\/voter-id\" target=\"_blank\" rel=\"noopener\">https:\/\/sos.nebraska.gov\/elections\/voter-id<\/a><\/span><\/span><\/p><p style=\"margin-bottom: 15px; font-family: 'Source Serif Pro', serif; font-size: 16px; line-height: 26px; color: #5b5b5b;\"><span style=\"font-family: arial, helvetica, sans-serif;\">El Secretario de Estado ha publicado un <a href=\"https:\/\/sos.nebraska.gov\/sites\/sos.nebraska.gov\/files\/doc\/Voter%20ID%20Brochure.pdf\">folleto sobre identificaci\u00f3n de votantes<\/a>, este folleto se distribuye en todo el estado.<\/span><\/p>\t\t\t\t\t\t\t\t<\/div>\n\t\t\t\t<\/div>\n\t\t\t\t<section class=\"elementor-section elementor-inner-section elementor-element elementor-element-a4c5472 elementor-section-boxed elementor-section-height-default elementor-section-height-default\" data-id=\"a4c5472\" data-element_type=\"section\" data-e-type=\"section\">\n\t\t\t\t\t\t<div class=\"elementor-container elementor-column-gap-default\">\n\t\t\t\t\t<div class=\"elementor-column elementor-col-50 elementor-inner-column elementor-element elementor-element-4e12782\" data-id=\"4e12782\" data-element_type=\"column\" data-e-type=\"column\">\n\t\t\t<div class=\"elementor-widget-wrap elementor-element-populated\">\n\t\t\t\t\t\t<div class=\"elementor-element elementor-element-2de4092 elementor-widget elementor-widget-image\" data-id=\"2de4092\" data-element_type=\"widget\" data-e-type=\"widget\" data-widget_type=\"image.default\">\n\t\t\t\t<div class=\"elementor-widget-container\">\n\t\t\t\t\t\t\t\t\t\t\t\t\t\t\t<img fetchpriority=\"high\" decoding=\"async\" width=\"1024\" height=\"801\" src=\"https:\/\/nebraskademocrats.org\/wp-content\/uploads\/2023\/08\/Voter-ID-Brochure-1.pdf-1024x801.png\" class=\"attachment-large size-large wp-image-44440\" alt=\"\" srcset=\"https:\/\/nebraskademocrats.org\/wp-content\/uploads\/2023\/08\/Voter-ID-Brochure-1.pdf-1024x801.png 1024w, https:\/\/nebraskademocrats.org\/wp-content\/uploads\/2023\/08\/Voter-ID-Brochure-1.pdf-300x235.png 300w, https:\/\/nebraskademocrats.org\/wp-content\/uploads\/2023\/08\/Voter-ID-Brochure-1.pdf-768x601.png 768w, https:\/\/nebraskademocrats.org\/wp-content\/uploads\/2023\/08\/Voter-ID-Brochure-1.pdf-1536x1201.png 1536w, https:\/\/nebraskademocrats.org\/wp-content\/uploads\/2023\/08\/Voter-ID-Brochure-1.pdf-15x12.png 15w, https:\/\/nebraskademocrats.org\/wp-content\/uploads\/2023\/08\/Voter-ID-Brochure-1.pdf.png 2000w\" sizes=\"(max-width: 1024px) 100vw, 1024px\" \/>\t\t\t\t\t\t\t\t\t\t\t\t\t\t\t<\/div>\n\t\t\t\t<\/div>\n\t\t\t\t\t<\/div>\n\t\t<\/div>\n\t\t\t\t<div class=\"elementor-column elementor-col-50 elementor-inner-column elementor-element elementor-element-aa3a3f0\" data-id=\"aa3a3f0\" data-element_type=\"column\" data-e-type=\"column\">\n\t\t\t<div class=\"elementor-widget-wrap elementor-element-populated\">\n\t\t\t\t\t\t<div class=\"elementor-element elementor-element-48e2424 elementor-widget elementor-widget-image\" data-id=\"48e2424\" data-element_type=\"widget\" data-e-type=\"widget\" data-widget_type=\"image.default\">\n\t\t\t\t<div class=\"elementor-widget-container\">\n\t\t\t\t\t\t\t\t\t\t\t\t\t\t\t<img decoding=\"async\" width=\"1024\" height=\"801\" src=\"https:\/\/nebraskademocrats.org\/wp-content\/uploads\/2023\/08\/Voter-ID-Brochure-1.pdf-1-1024x801.png\" class=\"attachment-large size-large wp-image-44439\" alt=\"\" srcset=\"https:\/\/nebraskademocrats.org\/wp-content\/uploads\/2023\/08\/Voter-ID-Brochure-1.pdf-1-1024x801.png 1024w, https:\/\/nebraskademocrats.org\/wp-content\/uploads\/2023\/08\/Voter-ID-Brochure-1.pdf-1-300x235.png 300w, https:\/\/nebraskademocrats.org\/wp-content\/uploads\/2023\/08\/Voter-ID-Brochure-1.pdf-1-768x601.png 768w, https:\/\/nebraskademocrats.org\/wp-content\/uploads\/2023\/08\/Voter-ID-Brochure-1.pdf-1-1536x1201.png 1536w, https:\/\/nebraskademocrats.org\/wp-content\/uploads\/2023\/08\/Voter-ID-Brochure-1.pdf-1-15x12.png 15w, https:\/\/nebraskademocrats.org\/wp-content\/uploads\/2023\/08\/Voter-ID-Brochure-1.pdf-1.png 2000w\" sizes=\"(max-width: 1024px) 100vw, 1024px\" \/>\t\t\t\t\t\t\t\t\t\t\t\t\t\t\t<\/div>\n\t\t\t\t<\/div>\n\t\t\t\t\t<\/div>\n\t\t<\/div>\n\t\t\t\t\t<\/div>\n\t\t<\/section>\n\t\t\t\t<div class=\"elementor-element elementor-element-303236e elementor-widget elementor-widget-spacer\" data-id=\"303236e\" data-element_type=\"widget\" data-e-type=\"widget\" data-widget_type=\"spacer.default\">\n\t\t\t\t<div class=\"elementor-widget-container\">\n\t\t\t\t\t\t\t<div class=\"elementor-spacer\">\n\t\t\t<div class=\"elementor-spacer-inner\"><\/div>\n\t\t<\/div>\n\t\t\t\t\t\t<\/div>\n\t\t\t\t<\/div>\n\t\t\t\t<div class=\"elementor-element elementor-element-a3cb123 elementor-widget elementor-widget-image\" data-id=\"a3cb123\" data-element_type=\"widget\" data-e-type=\"widget\" data-widget_type=\"image.default\">\n\t\t\t\t<div class=\"elementor-widget-container\">\n\t\t\t\t\t\t\t\t\t\t\t\t\t\t\t<img decoding=\"async\" width=\"300\" height=\"158\" src=\"https:\/\/nebraskademocrats.org\/wp-content\/uploads\/2022\/11\/ndp-OG-300x158.jpg\" class=\"attachment-medium size-medium wp-image-40937\" alt=\"\" srcset=\"https:\/\/nebraskademocrats.org\/wp-content\/uploads\/2022\/11\/ndp-OG-300x158.jpg 300w, https:\/\/nebraskademocrats.org\/wp-content\/uploads\/2022\/11\/ndp-OG-1024x538.jpg 1024w, https:\/\/nebraskademocrats.org\/wp-content\/uploads\/2022\/11\/ndp-OG-768x403.jpg 768w, https:\/\/nebraskademocrats.org\/wp-content\/uploads\/2022\/11\/ndp-OG-1536x806.jpg 1536w, https:\/\/nebraskademocrats.org\/wp-content\/uploads\/2022\/11\/ndp-OG-2048x1075.jpg 2048w, https:\/\/nebraskademocrats.org\/wp-content\/uploads\/2022\/11\/ndp-OG-18x9.jpg 18w\" sizes=\"(max-width: 300px) 100vw, 300px\" \/>\t\t\t\t\t\t\t\t\t\t\t\t\t\t\t<\/div>\n\t\t\t\t<\/div>\n\t\t\t\t\t<\/div>\n\t\t<\/div>\n\t\t\t\t\t<\/div>\n\t\t<\/section>\n\t\t\t\t<section class=\"elementor-section elementor-top-section elementor-element elementor-element-61927bc elementor-section-boxed elementor-section-height-default elementor-section-height-default\" data-id=\"61927bc\" data-element_type=\"section\" data-e-type=\"section\">\n\t\t\t\t\t\t<div class=\"elementor-container elementor-column-gap-default\">\n\t\t\t\t\t<div class=\"elementor-column elementor-col-100 elementor-top-column elementor-element elementor-element-28b7bbd\" data-id=\"28b7bbd\" data-element_type=\"column\" data-e-type=\"column\">\n\t\t\t<div class=\"elementor-widget-wrap elementor-element-populated\">\n\t\t\t\t\t\t\t<\/div>\n\t\t<\/div>\n\t\t\t\t\t<\/div>\n\t\t<\/section>\n\t\t\t\t<\/div>","protected":false},"excerpt":{"rendered":"<p>Primary Election &#8211; May 14, 2024 General Election &#8211; November 5, 2024 You must be a registered voter in order to vote in Nebraska.\u00a0 You can register or check your registration here: Register to Vote Check your Registration Request a Ballot Application Voter ID The first election requiring voter ID will be\u00a0the May 14, 2024 &#8230; <a title=\"Centro de votaci\u00f3n NDP 2024\" class=\"read-more\" href=\"https:\/\/nebraskademocrats.org\/es\/voting-center-archive\/\" aria-label=\"More on 2024 NDP Voting Center\">Lee mas<\/a><\/p>","protected":false},"author":25,"featured_media":10481,"parent":0,"menu_order":0,"comment_status":"closed","ping_status":"closed","template":"","meta":{"_acf_changed":false,"_exactmetrics_skip_tracking":false,"_exactmetrics_sitenote_active":false,"_exactmetrics_sitenote_note":"","_exactmetrics_sitenote_category":0,"footnotes":""},"class_list":["post-45256","page","type-page","status-publish","has-post-thumbnail"],"acf":[],"yoast_head":"<!-- This site is optimized with the Yoast SEO plugin v27.4 - https:\/\/yoast.com\/product\/yoast-seo-wordpress\/ -->\n<title>2024 NDP Voting Center &#8211; Nebraska Democratic Party<\/title>\n<meta name=\"description\" content=\"Get a Democratic voter guide, questions answered on voting and learn how to vote early by mail or at your county election office.\" \/>\n<meta name=\"robots\" content=\"index, follow, max-snippet:-1, max-image-preview:large, max-video-preview:-1\" \/>\n<link rel=\"canonical\" href=\"https:\/\/nebraskademocrats.org\/es\/voting-center-archive\/\" \/>\n<meta property=\"og:locale\" content=\"es_MX\" \/>\n<meta property=\"og:type\" content=\"article\" \/>\n<meta property=\"og:title\" content=\"2024 NDP Voting Center &#8211; Nebraska Democratic Party\" \/>\n<meta property=\"og:description\" content=\"Get a Democratic voter guide, questions answered on voting and learn how to vote early by mail or at your county election office.\" \/>\n<meta property=\"og:url\" content=\"https:\/\/nebraskademocrats.org\/es\/voting-center-archive\/\" \/>\n<meta property=\"og:site_name\" content=\"Nebraska Democratic Party\" \/>\n<meta property=\"article:publisher\" content=\"https:\/\/www.facebook.com\/NebraskaDemocraticParty\/\" \/>\n<meta property=\"article:modified_time\" content=\"2024-01-13T23:09:17+00:00\" \/>\n<meta property=\"og:image\" content=\"https:\/\/nebraskademocrats.org\/wp-content\/uploads\/2019\/11\/NEBDEMS_VOTE_SQ-Share.png\" \/>\n\t<meta property=\"og:image:width\" content=\"1081\" \/>\n\t<meta property=\"og:image:height\" content=\"1080\" \/>\n\t<meta property=\"og:image:type\" content=\"image\/png\" \/>\n<meta name=\"twitter:card\" content=\"summary_large_image\" \/>\n<meta name=\"twitter:site\" content=\"@nebraskadems\" \/>\n<meta name=\"twitter:label1\" content=\"Tiempo de lectura\" \/>\n\t<meta name=\"twitter:data1\" content=\"2 minutos\" \/>\n<script type=\"application\/ld+json\" class=\"yoast-schema-graph\">{\"@context\":\"https:\\\/\\\/schema.org\",\"@graph\":[{\"@type\":\"WebPage\",\"@id\":\"https:\\\/\\\/nebraskademocrats.org\\\/vi\\\/voting-center-archive\\\/\",\"url\":\"https:\\\/\\\/nebraskademocrats.org\\\/vi\\\/voting-center-archive\\\/\",\"name\":\"2024 NDP Voting Center &#8211; Nebraska Democratic Party\",\"isPartOf\":{\"@id\":\"https:\\\/\\\/nebraskademocrats.org\\\/#website\"},\"primaryImageOfPage\":{\"@id\":\"https:\\\/\\\/nebraskademocrats.org\\\/vi\\\/voting-center-archive\\\/#primaryimage\"},\"image\":{\"@id\":\"https:\\\/\\\/nebraskademocrats.org\\\/vi\\\/voting-center-archive\\\/#primaryimage\"},\"thumbnailUrl\":\"https:\\\/\\\/nebraskademocrats.org\\\/wp-content\\\/uploads\\\/2019\\\/11\\\/NEBDEMS_VOTE_SQ-Share.png\",\"datePublished\":\"2023-12-15T20:20:48+00:00\",\"dateModified\":\"2024-01-13T23:09:17+00:00\",\"description\":\"Get a Democratic voter guide, questions answered on voting and learn how to vote early by mail or at your county election office.\",\"breadcrumb\":{\"@id\":\"https:\\\/\\\/nebraskademocrats.org\\\/vi\\\/voting-center-archive\\\/#breadcrumb\"},\"inLanguage\":\"es\",\"potentialAction\":[{\"@type\":\"ReadAction\",\"target\":[\"https:\\\/\\\/nebraskademocrats.org\\\/vi\\\/voting-center-archive\\\/\"]}]},{\"@type\":\"ImageObject\",\"inLanguage\":\"es\",\"@id\":\"https:\\\/\\\/nebraskademocrats.org\\\/vi\\\/voting-center-archive\\\/#primaryimage\",\"url\":\"https:\\\/\\\/nebraskademocrats.org\\\/wp-content\\\/uploads\\\/2019\\\/11\\\/NEBDEMS_VOTE_SQ-Share.png\",\"contentUrl\":\"https:\\\/\\\/nebraskademocrats.org\\\/wp-content\\\/uploads\\\/2019\\\/11\\\/NEBDEMS_VOTE_SQ-Share.png\",\"width\":1081,\"height\":1080},{\"@type\":\"BreadcrumbList\",\"@id\":\"https:\\\/\\\/nebraskademocrats.org\\\/vi\\\/voting-center-archive\\\/#breadcrumb\",\"itemListElement\":[{\"@type\":\"ListItem\",\"position\":1,\"name\":\"Home\",\"item\":\"https:\\\/\\\/nebraskademocrats.org\\\/\"},{\"@type\":\"ListItem\",\"position\":2,\"name\":\"2024 NDP Voting Center\"}]},{\"@type\":\"WebSite\",\"@id\":\"https:\\\/\\\/nebraskademocrats.org\\\/#website\",\"url\":\"https:\\\/\\\/nebraskademocrats.org\\\/\",\"name\":\"Nebraska Democratic Party\",\"description\":\"Growing the Good Life for All Nebraskans\",\"publisher\":{\"@id\":\"https:\\\/\\\/nebraskademocrats.org\\\/#organization\"},\"potentialAction\":[{\"@type\":\"SearchAction\",\"target\":{\"@type\":\"EntryPoint\",\"urlTemplate\":\"https:\\\/\\\/nebraskademocrats.org\\\/?s={search_term_string}\"},\"query-input\":{\"@type\":\"PropertyValueSpecification\",\"valueRequired\":true,\"valueName\":\"search_term_string\"}}],\"inLanguage\":\"es\"},{\"@type\":\"Organization\",\"@id\":\"https:\\\/\\\/nebraskademocrats.org\\\/#organization\",\"name\":\"Nebraska Democratic Party\",\"url\":\"https:\\\/\\\/nebraskademocrats.org\\\/\",\"logo\":{\"@type\":\"ImageObject\",\"inLanguage\":\"es\",\"@id\":\"https:\\\/\\\/nebraskademocrats.org\\\/#\\\/schema\\\/logo\\\/image\\\/\",\"url\":\"https:\\\/\\\/nebraskadem.wpenginepowered.com\\\/wp-content\\\/uploads\\\/2016\\\/05\\\/NDP2.jpg\",\"contentUrl\":\"https:\\\/\\\/nebraskadem.wpenginepowered.com\\\/wp-content\\\/uploads\\\/2016\\\/05\\\/NDP2.jpg\",\"width\":1000,\"height\":396,\"caption\":\"Nebraska Democratic Party\"},\"image\":{\"@id\":\"https:\\\/\\\/nebraskademocrats.org\\\/#\\\/schema\\\/logo\\\/image\\\/\"},\"sameAs\":[\"https:\\\/\\\/www.facebook.com\\\/NebraskaDemocraticParty\\\/\",\"https:\\\/\\\/x.com\\\/nebraskadems\"]}]}<\/script>\n<!-- \/ Yoast SEO plugin. -->","yoast_head_json":{"title":"2024 NDP Voting Center &#8211; Nebraska Democratic Party","description":"Get a Democratic voter guide, questions answered on voting and learn how to vote early by mail or at your county election office.","robots":{"index":"index","follow":"follow","max-snippet":"max-snippet:-1","max-image-preview":"max-image-preview:large","max-video-preview":"max-video-preview:-1"},"canonical":"https:\/\/nebraskademocrats.org\/es\/voting-center-archive\/","og_locale":"es_MX","og_type":"article","og_title":"2024 NDP Voting Center &#8211; Nebraska Democratic Party","og_description":"Get a Democratic voter guide, questions answered on voting and learn how to vote early by mail or at your county election office.","og_url":"https:\/\/nebraskademocrats.org\/es\/voting-center-archive\/","og_site_name":"Nebraska Democratic Party","article_publisher":"https:\/\/www.facebook.com\/NebraskaDemocraticParty\/","article_modified_time":"2024-01-13T23:09:17+00:00","og_image":[{"width":1081,"height":1080,"url":"https:\/\/nebraskademocrats.org\/wp-content\/uploads\/2019\/11\/NEBDEMS_VOTE_SQ-Share.png","type":"image\/png"}],"twitter_card":"summary_large_image","twitter_site":"@nebraskadems","twitter_misc":{"Tiempo de lectura":"2 minutos"},"schema":{"@context":"https:\/\/schema.org","@graph":[{"@type":"WebPage","@id":"https:\/\/nebraskademocrats.org\/vi\/voting-center-archive\/","url":"https:\/\/nebraskademocrats.org\/vi\/voting-center-archive\/","name":"2024 NDP Voting Center &#8211; Nebraska Democratic Party","isPartOf":{"@id":"https:\/\/nebraskademocrats.org\/#website"},"primaryImageOfPage":{"@id":"https:\/\/nebraskademocrats.org\/vi\/voting-center-archive\/#primaryimage"},"image":{"@id":"https:\/\/nebraskademocrats.org\/vi\/voting-center-archive\/#primaryimage"},"thumbnailUrl":"https:\/\/nebraskademocrats.org\/wp-content\/uploads\/2019\/11\/NEBDEMS_VOTE_SQ-Share.png","datePublished":"2023-12-15T20:20:48+00:00","dateModified":"2024-01-13T23:09:17+00:00","description":"Get a Democratic voter guide, questions answered on voting and learn how to vote early by mail or at your county election office.","breadcrumb":{"@id":"https:\/\/nebraskademocrats.org\/vi\/voting-center-archive\/#breadcrumb"},"inLanguage":"es","potentialAction":[{"@type":"ReadAction","target":["https:\/\/nebraskademocrats.org\/vi\/voting-center-archive\/"]}]},{"@type":"ImageObject","inLanguage":"es","@id":"https:\/\/nebraskademocrats.org\/vi\/voting-center-archive\/#primaryimage","url":"https:\/\/nebraskademocrats.org\/wp-content\/uploads\/2019\/11\/NEBDEMS_VOTE_SQ-Share.png","contentUrl":"https:\/\/nebraskademocrats.org\/wp-content\/uploads\/2019\/11\/NEBDEMS_VOTE_SQ-Share.png","width":1081,"height":1080},{"@type":"BreadcrumbList","@id":"https:\/\/nebraskademocrats.org\/vi\/voting-center-archive\/#breadcrumb","itemListElement":[{"@type":"ListItem","position":1,"name":"Home","item":"https:\/\/nebraskademocrats.org\/"},{"@type":"ListItem","position":2,"name":"2024 NDP Voting Center"}]},{"@type":"WebSite","@id":"https:\/\/nebraskademocrats.org\/#website","url":"https:\/\/nebraskademocrats.org\/","name":"Partido Dem\u00f3crata de Nebraska","description":"Cultivando la buena vida para todos los nebraskenses","publisher":{"@id":"https:\/\/nebraskademocrats.org\/#organization"},"potentialAction":[{"@type":"SearchAction","target":{"@type":"EntryPoint","urlTemplate":"https:\/\/nebraskademocrats.org\/?s={search_term_string}"},"query-input":{"@type":"PropertyValueSpecification","valueRequired":true,"valueName":"search_term_string"}}],"inLanguage":"es"},{"@type":"Organization","@id":"https:\/\/nebraskademocrats.org\/#organization","name":"Partido Dem\u00f3crata de Nebraska","url":"https:\/\/nebraskademocrats.org\/","logo":{"@type":"ImageObject","inLanguage":"es","@id":"https:\/\/nebraskademocrats.org\/#\/schema\/logo\/image\/","url":"https:\/\/nebraskadem.wpenginepowered.com\/wp-content\/uploads\/2016\/05\/NDP2.jpg","contentUrl":"https:\/\/nebraskadem.wpenginepowered.com\/wp-content\/uploads\/2016\/05\/NDP2.jpg","width":1000,"height":396,"caption":"Nebraska Democratic Party"},"image":{"@id":"https:\/\/nebraskademocrats.org\/#\/schema\/logo\/image\/"},"sameAs":["https:\/\/www.facebook.com\/NebraskaDemocraticParty\/","https:\/\/x.com\/nebraskadems"]}]}},"_links":{"self":[{"href":"https:\/\/nebraskademocrats.org\/es\/wp-json\/wp\/v2\/pages\/45256","targetHints":{"allow":["GET"]}}],"collection":[{"href":"https:\/\/nebraskademocrats.org\/es\/wp-json\/wp\/v2\/pages"}],"about":[{"href":"https:\/\/nebraskademocrats.org\/es\/wp-json\/wp\/v2\/types\/page"}],"author":[{"embeddable":true,"href":"https:\/\/nebraskademocrats.org\/es\/wp-json\/wp\/v2\/users\/25"}],"replies":[{"embeddable":true,"href":"https:\/\/nebraskademocrats.org\/es\/wp-json\/wp\/v2\/comments?post=45256"}],"version-history":[{"count":0,"href":"https:\/\/nebraskademocrats.org\/es\/wp-json\/wp\/v2\/pages\/45256\/revisions"}],"wp:featuredmedia":[{"embeddable":true,"href":"https:\/\/nebraskademocrats.org\/es\/wp-json\/wp\/v2\/media\/10481"}],"wp:attachment":[{"href":"https:\/\/nebraskademocrats.org\/es\/wp-json\/wp\/v2\/media?parent=45256"}],"curies":[{"name":"wp","href":"https:\/\/api.w.org\/{rel}","templated":true}]}}