{"id":30813,"date":"2021-01-26T10:41:24","date_gmt":"2021-01-26T16:41:24","guid":{"rendered":"https:\/\/nebraskadem.wpenginepowered.com\/?page_id=30813"},"modified":"2021-01-26T10:46:12","modified_gmt":"2021-01-26T16:46:12","slug":"sample-emails-to-state-senators-on-lb76-and-lr3ca","status":"publish","type":"page","link":"https:\/\/nebraskademocrats.org\/su\/sample-emails-to-state-senators-on-lb76-and-lr3ca\/","title":{"rendered":"Sample emails to state senators on LB76 and LR3CA"},"content":{"rendered":"<p><b>Nyandak Sistem Pamilih Sora Pamilih<\/b><span style=\"font-weight: 400;\"><br \/>\n<\/span><\/p>\n<p>Judul: LB76<\/p>\n<p>Awak email:<\/p>\n<p>Dear S\u00e9n. (Lebetkeun nami),<\/p>\n<p>I am writing to oppose LB76, which would return <span style=\"font-weight: 400;\">Nebraska kana metode anu k\u00e9ngingkeun-sadayana pikeun nyayogikeun sora-sora Kampus Pamilihan.\u00a0<\/span><\/p>\n<div class=\"lee-article-text\">\n<p>The Electoral College mastikeun y\u00e9n unggal nagara bagian - ageung atanapi alit - ngagaduhan peran dina pamilihan pr\u00e9sid\u00e9n sareng wakil pr\u00e9sid\u00e9n.<\/p>\n<\/div>\n<div id=\"tncms-region-article_instory_middle\" class=\"tncms-region hidden-print\">\n<div id=\"tncms-block-1727966\" class=\"tncms-block\">\n<p>Mod\u00e9l Nebraska masihan sora pamilihan umum nunjukkeun sora masarakat ku kabupat\u00e9n kongr\u00e9s sareng arah dua pamilih nagara, ditunjuk pikeun perwakilan S\u00e9nat, bad\u00e9 k\u00e9ngingkeun anu menang sacara umum, ngahargaan prinsip-prinsip pendiri.<\/p>\n<p>Kuring miharep anjeun bakal ngiringan ngiringan LB76.<\/p>\n<\/div>\n<\/div>\n<div><\/div>\n<div>Tulus,<br \/>\nNami Anjeun<\/div>\n<div>Alamat<\/div>\n<div>\n<p>Nomer telepon<\/p>\n<p><b>Meryogikeun Pamilih ID<\/b><b><br \/>\n<\/b><\/p>\n<\/div>\n<p><span style=\"font-weight: 400;\">Judul: LR3CA<\/span><\/p>\n<p><span style=\"font-weight: 400;\">Awak email:<\/span><\/p>\n<p><span style=\"font-weight: 400;\">Dear Sen. (lebetkeun nami)<\/span><\/p>\n<p><span style=\"font-weight: 400;\">I am writing to oppose <\/span>Legislative Resolution 3CA,<span style=\"font-weight: 400;\">\u00a0a constitutional amendment that, if passed by voters, would require photo identification for voting.<\/span><\/p>\n<p>Hukum id\u00e9ntifikasi pamilih mangrupikeun bagian tina strat\u00e9gi anu teras-terasan pikeun ngagentos kamajuan hak-hak pamilihan umum puluhan taun.<\/p>\n<p>Hukum ID Pamilih nyabut hak pamilih pikeun milih, ngirangan partisipasi, sareng nangtung nentang langsung kana trend nagara urang kalebet langkung seueur urang Am\u00e9rika dina pros\u00e9s d\u00e9mokrasi.<\/p>\n<div id=\"tncms-region-article_instory_middle\" class=\"tncms-region hidden-print\">\n<div id=\"tncms-block-1727966\" class=\"tncms-block\">Kuring miharep anjeun bakal ngiringan ngiringan LR3CA.<\/div>\n<\/div>\n<div><\/div>\n<div>Tulus,<br \/>\nNami Anjeun<\/div>\n<div>Alamat<\/div>\n<div>Nomer telepon<\/div>","protected":false},"excerpt":{"rendered":"<p>Taking Away the Split Electoral Vote System Subject: LB76 Body of email: Dear Sen. (insert name), I am writing to oppose LB76, which would return Nebraska to the winner-take-all method of allocating Electoral College votes.\u00a0 The Electoral College makes certain that every state &#8212; large and small &#8212; plays a role in the election of &#8230; <a title=\"Sample emails to state senators on LB76 and LR3CA\" class=\"read-more\" href=\"https:\/\/nebraskademocrats.org\/su\/sample-emails-to-state-senators-on-lb76-and-lr3ca\/\" aria-label=\"More on Sample emails to state senators on LB76 and LR3CA\">Maca deui<\/a><\/p>","protected":false},"author":19,"featured_media":0,"parent":0,"menu_order":0,"comment_status":"closed","ping_status":"closed","template":"","meta":{"_acf_changed":false,"_exactmetrics_skip_tracking":false,"_exactmetrics_sitenote_active":false,"_exactmetrics_sitenote_note":"","_exactmetrics_sitenote_category":0,"footnotes":""},"class_list":["post-30813","page","type-page","status-publish"],"acf":[],"yoast_head":"<!-- This site is optimized with the Yoast SEO plugin v27.5 - https:\/\/yoast.com\/product\/yoast-seo-wordpress\/ -->\n<title>Sample emails to state senators on LB76 and LR3CA &#8211; Nebraska Democratic Party<\/title>\n<meta name=\"robots\" content=\"index, follow, max-snippet:-1, max-image-preview:large, max-video-preview:-1\" \/>\n<link rel=\"canonical\" href=\"https:\/\/nebraskademocrats.org\/su\/sample-emails-to-state-senators-on-lb76-and-lr3ca\/\" \/>\n<meta property=\"og:locale\" content=\"en_US\" \/>\n<meta property=\"og:type\" content=\"article\" \/>\n<meta property=\"og:title\" content=\"Sample emails to state senators on LB76 and LR3CA &#8211; Nebraska Democratic Party\" \/>\n<meta property=\"og:description\" content=\"Taking Away the Split Electoral Vote System Subject: LB76 Body of email: Dear Sen. (insert name), I am writing to oppose LB76, which would return Nebraska to the winner-take-all method of allocating Electoral College votes.\u00a0 The Electoral College makes certain that every state &#8212; large and small &#8212; plays a role in the election of ... Read more\" \/>\n<meta property=\"og:url\" content=\"https:\/\/nebraskademocrats.org\/su\/sample-emails-to-state-senators-on-lb76-and-lr3ca\/\" \/>\n<meta property=\"og:site_name\" content=\"Nebraska Democratic Party\" \/>\n<meta property=\"article:publisher\" content=\"https:\/\/www.facebook.com\/NebraskaDemocraticParty\/\" \/>\n<meta property=\"article:modified_time\" content=\"2021-01-26T16:46:12+00:00\" \/>\n<meta property=\"og:image\" content=\"https:\/\/nebraskademocrats.org\/wp-content\/uploads\/2018\/09\/ne-dems-fb.jpg\" \/>\n\t<meta property=\"og:image:width\" content=\"1200\" \/>\n\t<meta property=\"og:image:height\" content=\"630\" \/>\n\t<meta property=\"og:image:type\" content=\"image\/jpeg\" \/>\n<meta name=\"twitter:card\" content=\"summary_large_image\" \/>\n<meta name=\"twitter:site\" content=\"@nebraskadems\" \/>\n<meta name=\"twitter:label1\" content=\"Est. reading time\" \/>\n\t<meta name=\"twitter:data1\" content=\"1 minute\" \/>\n<script type=\"application\/ld+json\" class=\"yoast-schema-graph\">{\"@context\":\"https:\\\/\\\/schema.org\",\"@graph\":[{\"@type\":\"WebPage\",\"@id\":\"https:\\\/\\\/nebraskademocrats.org\\\/sample-emails-to-state-senators-on-lb76-and-lr3ca\\\/\",\"url\":\"https:\\\/\\\/nebraskademocrats.org\\\/sample-emails-to-state-senators-on-lb76-and-lr3ca\\\/\",\"name\":\"Sample emails to state senators on LB76 and LR3CA &#8211; Nebraska Democratic Party\",\"isPartOf\":{\"@id\":\"https:\\\/\\\/nebraskademocrats.org\\\/#website\"},\"datePublished\":\"2021-01-26T16:41:24+00:00\",\"dateModified\":\"2021-01-26T16:46:12+00:00\",\"breadcrumb\":{\"@id\":\"https:\\\/\\\/nebraskademocrats.org\\\/sample-emails-to-state-senators-on-lb76-and-lr3ca\\\/#breadcrumb\"},\"inLanguage\":\"su\",\"potentialAction\":[{\"@type\":\"ReadAction\",\"target\":[\"https:\\\/\\\/nebraskademocrats.org\\\/sample-emails-to-state-senators-on-lb76-and-lr3ca\\\/\"]}]},{\"@type\":\"BreadcrumbList\",\"@id\":\"https:\\\/\\\/nebraskademocrats.org\\\/sample-emails-to-state-senators-on-lb76-and-lr3ca\\\/#breadcrumb\",\"itemListElement\":[{\"@type\":\"ListItem\",\"position\":1,\"name\":\"Home\",\"item\":\"https:\\\/\\\/nebraskademocrats.org\\\/\"},{\"@type\":\"ListItem\",\"position\":2,\"name\":\"Sample emails to state senators on LB76 and LR3CA\"}]},{\"@type\":\"WebSite\",\"@id\":\"https:\\\/\\\/nebraskademocrats.org\\\/#website\",\"url\":\"https:\\\/\\\/nebraskademocrats.org\\\/\",\"name\":\"Nebraska Democratic Party\",\"description\":\"Growing the Good Life for All Nebraskans\",\"publisher\":{\"@id\":\"https:\\\/\\\/nebraskademocrats.org\\\/#organization\"},\"potentialAction\":[{\"@type\":\"SearchAction\",\"target\":{\"@type\":\"EntryPoint\",\"urlTemplate\":\"https:\\\/\\\/nebraskademocrats.org\\\/?s={search_term_string}\"},\"query-input\":{\"@type\":\"PropertyValueSpecification\",\"valueRequired\":true,\"valueName\":\"search_term_string\"}}],\"inLanguage\":\"su\"},{\"@type\":\"Organization\",\"@id\":\"https:\\\/\\\/nebraskademocrats.org\\\/#organization\",\"name\":\"Nebraska Democratic Party\",\"url\":\"https:\\\/\\\/nebraskademocrats.org\\\/\",\"logo\":{\"@type\":\"ImageObject\",\"inLanguage\":\"su\",\"@id\":\"https:\\\/\\\/nebraskademocrats.org\\\/#\\\/schema\\\/logo\\\/image\\\/\",\"url\":\"https:\\\/\\\/nebraskadem.wpenginepowered.com\\\/wp-content\\\/uploads\\\/2016\\\/05\\\/NDP2.jpg\",\"contentUrl\":\"https:\\\/\\\/nebraskadem.wpenginepowered.com\\\/wp-content\\\/uploads\\\/2016\\\/05\\\/NDP2.jpg\",\"width\":1000,\"height\":396,\"caption\":\"Nebraska Democratic Party\"},\"image\":{\"@id\":\"https:\\\/\\\/nebraskademocrats.org\\\/#\\\/schema\\\/logo\\\/image\\\/\"},\"sameAs\":[\"https:\\\/\\\/www.facebook.com\\\/NebraskaDemocraticParty\\\/\",\"https:\\\/\\\/x.com\\\/nebraskadems\"]}]}<\/script>\n<!-- \/ Yoast SEO plugin. -->","yoast_head_json":{"title":"Sample emails to state senators on LB76 and LR3CA &#8211; Nebraska Democratic Party","robots":{"index":"index","follow":"follow","max-snippet":"max-snippet:-1","max-image-preview":"max-image-preview:large","max-video-preview":"max-video-preview:-1"},"canonical":"https:\/\/nebraskademocrats.org\/su\/sample-emails-to-state-senators-on-lb76-and-lr3ca\/","og_locale":"en_US","og_type":"article","og_title":"Sample emails to state senators on LB76 and LR3CA &#8211; Nebraska Democratic Party","og_description":"Taking Away the Split Electoral Vote System Subject: LB76 Body of email: Dear Sen. (insert name), I am writing to oppose LB76, which would return Nebraska to the winner-take-all method of allocating Electoral College votes.\u00a0 The Electoral College makes certain that every state &#8212; large and small &#8212; plays a role in the election of ... Read more","og_url":"https:\/\/nebraskademocrats.org\/su\/sample-emails-to-state-senators-on-lb76-and-lr3ca\/","og_site_name":"Nebraska Democratic Party","article_publisher":"https:\/\/www.facebook.com\/NebraskaDemocraticParty\/","article_modified_time":"2021-01-26T16:46:12+00:00","og_image":[{"width":1200,"height":630,"url":"https:\/\/nebraskademocrats.org\/wp-content\/uploads\/2018\/09\/ne-dems-fb.jpg","type":"image\/jpeg"}],"twitter_card":"summary_large_image","twitter_site":"@nebraskadems","twitter_misc":{"Est. reading time":"1 minute"},"schema":{"@context":"https:\/\/schema.org","@graph":[{"@type":"WebPage","@id":"https:\/\/nebraskademocrats.org\/sample-emails-to-state-senators-on-lb76-and-lr3ca\/","url":"https:\/\/nebraskademocrats.org\/sample-emails-to-state-senators-on-lb76-and-lr3ca\/","name":"Sample emails to state senators on LB76 and LR3CA &#8211; Nebraska Democratic Party","isPartOf":{"@id":"https:\/\/nebraskademocrats.org\/#website"},"datePublished":"2021-01-26T16:41:24+00:00","dateModified":"2021-01-26T16:46:12+00:00","breadcrumb":{"@id":"https:\/\/nebraskademocrats.org\/sample-emails-to-state-senators-on-lb76-and-lr3ca\/#breadcrumb"},"inLanguage":"su","potentialAction":[{"@type":"ReadAction","target":["https:\/\/nebraskademocrats.org\/sample-emails-to-state-senators-on-lb76-and-lr3ca\/"]}]},{"@type":"BreadcrumbList","@id":"https:\/\/nebraskademocrats.org\/sample-emails-to-state-senators-on-lb76-and-lr3ca\/#breadcrumb","itemListElement":[{"@type":"ListItem","position":1,"name":"Home","item":"https:\/\/nebraskademocrats.org\/"},{"@type":"ListItem","position":2,"name":"Sample emails to state senators on LB76 and LR3CA"}]},{"@type":"WebSite","@id":"https:\/\/nebraskademocrats.org\/#website","url":"https:\/\/nebraskademocrats.org\/","name":"Nebraska Democratic Party","description":"Tumuwuh Kahirupan Anu Sa\u00e9 pikeun Sadayana Nebraskan","publisher":{"@id":"https:\/\/nebraskademocrats.org\/#organization"},"potentialAction":[{"@type":"SearchAction","target":{"@type":"EntryPoint","urlTemplate":"https:\/\/nebraskademocrats.org\/?s={search_term_string}"},"query-input":{"@type":"PropertyValueSpecification","valueRequired":true,"valueName":"search_term_string"}}],"inLanguage":"su"},{"@type":"Organization","@id":"https:\/\/nebraskademocrats.org\/#organization","name":"Nebraska Democratic Party","url":"https:\/\/nebraskademocrats.org\/","logo":{"@type":"ImageObject","inLanguage":"su","@id":"https:\/\/nebraskademocrats.org\/#\/schema\/logo\/image\/","url":"https:\/\/nebraskadem.wpenginepowered.com\/wp-content\/uploads\/2016\/05\/NDP2.jpg","contentUrl":"https:\/\/nebraskadem.wpenginepowered.com\/wp-content\/uploads\/2016\/05\/NDP2.jpg","width":1000,"height":396,"caption":"Nebraska Democratic Party"},"image":{"@id":"https:\/\/nebraskademocrats.org\/#\/schema\/logo\/image\/"},"sameAs":["https:\/\/www.facebook.com\/NebraskaDemocraticParty\/","https:\/\/x.com\/nebraskadems"]}]}},"_links":{"self":[{"href":"https:\/\/nebraskademocrats.org\/su\/wp-json\/wp\/v2\/pages\/30813","targetHints":{"allow":["GET"]}}],"collection":[{"href":"https:\/\/nebraskademocrats.org\/su\/wp-json\/wp\/v2\/pages"}],"about":[{"href":"https:\/\/nebraskademocrats.org\/su\/wp-json\/wp\/v2\/types\/page"}],"author":[{"embeddable":true,"href":"https:\/\/nebraskademocrats.org\/su\/wp-json\/wp\/v2\/users\/19"}],"replies":[{"embeddable":true,"href":"https:\/\/nebraskademocrats.org\/su\/wp-json\/wp\/v2\/comments?post=30813"}],"version-history":[{"count":0,"href":"https:\/\/nebraskademocrats.org\/su\/wp-json\/wp\/v2\/pages\/30813\/revisions"}],"wp:attachment":[{"href":"https:\/\/nebraskademocrats.org\/su\/wp-json\/wp\/v2\/media?parent=30813"}],"curies":[{"name":"wp","href":"https:\/\/api.w.org\/{rel}","templated":true}]}}