{"id":34334,"date":"2021-09-02T22:11:07","date_gmt":"2021-09-03T03:11:07","guid":{"rendered":"https:\/\/nebraskadem.wpenginepowered.com\/?page_id=34334"},"modified":"2021-09-03T11:15:42","modified_gmt":"2021-09-03T16:15:42","slug":"2021-midwest-rural-conference","status":"publish","type":"page","link":"https:\/\/nebraskademocrats.org\/su\/2021-midwest-rural-conference\/","title":{"rendered":"2021 Konf\u00e9r\u00e9nsi Pedesaan Tengah"},"content":{"rendered":"<h2><img fetchpriority=\"high\" decoding=\"async\" class=\"wp-image-34342 aligncenter\" src=\"https:\/\/nebraskadem.wpenginepowered.com\/wp-content\/uploads\/2021\/09\/REGIONAL-Mobilize-Headers-81_20210902180923419085.png\" alt=\"\" width=\"417\" height=\"218\" srcset=\"https:\/\/nebraskademocrats.org\/wp-content\/uploads\/2021\/09\/REGIONAL-Mobilize-Headers-81_20210902180923419085.png 944w, https:\/\/nebraskademocrats.org\/wp-content\/uploads\/2021\/09\/REGIONAL-Mobilize-Headers-81_20210902180923419085-300x157.png 300w, https:\/\/nebraskademocrats.org\/wp-content\/uploads\/2021\/09\/REGIONAL-Mobilize-Headers-81_20210902180923419085-768x402.png 768w, https:\/\/nebraskademocrats.org\/wp-content\/uploads\/2021\/09\/REGIONAL-Mobilize-Headers-81_20210902180923419085-18x9.png 18w\" sizes=\"(max-width: 417px) 100vw, 417px\" \/><\/h2>\n<h2 style=\"text-align: center;\">2 Oktober 2021<br \/>\n9 enjing ka siang siang CT<br \/>\nVirtual (ngalangkungan zum)<br \/>\n<strong><a href=\"https:\/\/www.mobilize.us\/nebdems\/event\/411698\/\">Ngadaptarkeun dieu!<\/a><\/strong><\/h2>\n<p>Master of Ceremonies: D\u00e9wan Pertanian sareng Pedesaan NDP <strong>Korsi Roger<\/strong> Morgan sareng Korsi NDP <strong>Jane Kleeb<\/strong><\/p>\n<h2 style=\"text-align: center;\">Tilu Sidang Konper\u00e9nsi<\/h2>\n<ul>\n<li>Politik, Mitos, sareng Realitas Konsolidasi Sakola Pedesaan: Paul Theoabald<\/li>\n<li>Ngabobol: Perawatan Kas\u00e9hatan Padesaan sareng ACA: Cynthia Nunley<\/li>\n<li>30 x 30, Rencana Aktual vs Mesin Disinformasi Republik: John Hansen<\/li>\n<\/ul>\n<h2 style=\"text-align: center;\">Ngeunaan Speaker Kami<\/h2>\n<p style=\"text-align: left;\"><strong>Paul Theobald<\/strong> nemb\u00e9 pensiunan tina karir 42 taun salaku pendidik, 35 taun di paguron luhur.<\/p>\n<p style=\"text-align: left;\">Salila dalapan taun anjeunna ngayakeun Kursi Endog Woods-Beals pikeun Pendidikan Kota sareng Pedesaan di Buffalo State-SUNY. Anjeunna parantos nyebarkeun langkung ti 50 artikel jurnal sareng bab, ditambah tilu buku.<\/p>\n<p style=\"text-align: left;\">Theobald parantos janten saksi ahli dina kasus konsolidasi sakola sareng dina kasus anu aya hubunganana sareng panulis konstitusi nagara anu aya kaitannana pikeun nyayogikeun sistem pendidikan umum gratis.<\/p>\n<p style=\"text-align: left;\">Dina 2018 anjeunna lumpat gagal pikeun korsi Kongr\u00e9s Distrik Katilu Nebraska. Anjeunna ayeuna janten Pr\u00e9sid\u00e9n Kacamatan 7 Serikat Patani Nebraska.<\/p>\n<p style=\"text-align: left;\"><strong>Cynthia Nunley<\/strong> mangrupikeun D\u00e9mokrat salamina, ayeuna aya di Casper, WY, sareng mangrupikeun Navigator sareng Enroll Wyoming.<\/p>\n<p style=\"text-align: left;\">Posisi na nyandak anjeunna sapanjang nagara ngadidik, ngadukung, sareng ngabantosan konsum\u00e9n milari asuransi kasehatan anu terjangkau.<\/p>\n<p style=\"text-align: left;\">Cynthia og\u00e9 tilas Komite Nasional D\u00e9mokratik pikeun Wyoming, saurang Komite Negara pikeun Fr\u00e9mont County Demokrat sareng dua kali lumpat<br \/>\nkantor di Legislatif Wyoming.<\/p>\n<p style=\"text-align: left;\">Sateuacan pindah ka Podomoro, anjeunna saurang pendidik di Fremont<br \/>\nCounty langkung ti 30 taun. Anjeunna mangrupikeun generasi kaopat Wyomingite, sareng sababaraha gelar ti Universitas Wyoming.<\/p>\n<p style=\"text-align: left;\"><strong>John Hansen<\/strong> berperan salaku Pr\u00e9sid\u00e9n terpilih Nebraska Farmers Union (NFU) sareng parantos nyekel jabatan \u00e9ta ti saprak 1990.<\/p>\n<p>Anjeunna og\u00e9 janten Sekretaris Yayasan NFU sareng Ladang Nebraska<br \/>\nPac.<\/p>\n<p style=\"text-align: left;\">Di tingkat nasional, Hansen janten Komite Anggaran sareng Inok; Wakil Ketua Panitia l\u00e9gislatif NFU; sareng Komite Pertanian Regenerasi NeFU \/ Panitia Pangan Lokal; sareng samet NFU Jasa Komite Jasa.<\/p>\n<p style=\"text-align: left;\">Anjeunna mangrupikeun pr\u00e9sid\u00e9n paling lami di Nebraska Farmers Union sareng<br \/>\nanggota D\u00e9wan NFU pangpanjangna anu kantos dianggo.<\/p>\n<p style=\"text-align: left;\">Hansen og\u00e9 mangrupikeun pangacara pikeun tanaga alternatip anu teu lelah, ngajabat salaku ketua Grup Kerja Angin Nebraska anu parantos ngatur sareng sponsor Konper\u00e9nsi Angin sareng Tenaga Surya taunan ti 2008.<\/p>","protected":false},"excerpt":{"rendered":"<p>October 2, 2021 9 a.m. to noon CT Virtual (via zoom) Sign up here! Master of Ceremonies: NDP Agricultural and Rural Council Chair Roger Morgan with NDP Chair Jane Kleeb Three Conference Sessions The Politics, Myths, and Realities of Rural School Consolidation: Paul Theoabald Breaking Through: Rural Healthcare and the ACA: Cynthia Nunley 30 x &#8230; <a title=\"2021 Konf\u00e9r\u00e9nsi Pedesaan Tengah\" class=\"read-more\" href=\"https:\/\/nebraskademocrats.org\/su\/2021-midwest-rural-conference\/\" aria-label=\"More on 2021 Midwest Rural Conference\">Maca deui<\/a><\/p>","protected":false},"author":19,"featured_media":0,"parent":0,"menu_order":0,"comment_status":"closed","ping_status":"closed","template":"","meta":{"_acf_changed":false,"_exactmetrics_skip_tracking":false,"_exactmetrics_sitenote_active":false,"_exactmetrics_sitenote_note":"","_exactmetrics_sitenote_category":0,"footnotes":""},"class_list":["post-34334","page","type-page","status-publish"],"acf":[],"yoast_head":"<!-- This site is optimized with the Yoast SEO plugin v27.3 - https:\/\/yoast.com\/product\/yoast-seo-wordpress\/ -->\n<title>2021 Midwest Rural Conference &#8211; Nebraska Democratic Party<\/title>\n<meta name=\"robots\" content=\"index, follow, max-snippet:-1, max-image-preview:large, max-video-preview:-1\" \/>\n<link rel=\"canonical\" href=\"https:\/\/nebraskademocrats.org\/su\/2021-midwest-rural-conference\/\" \/>\n<meta property=\"og:locale\" content=\"en_US\" \/>\n<meta property=\"og:type\" content=\"article\" \/>\n<meta property=\"og:title\" content=\"2021 Midwest Rural Conference &#8211; Nebraska Democratic Party\" \/>\n<meta property=\"og:description\" content=\"October 2, 2021 9 a.m. to noon CT Virtual (via zoom) Sign up here! Master of Ceremonies: NDP Agricultural and Rural Council Chair Roger Morgan with NDP Chair Jane Kleeb Three Conference Sessions The Politics, Myths, and Realities of Rural School Consolidation: Paul Theoabald Breaking Through: Rural Healthcare and the ACA: Cynthia Nunley 30 x ... Read more\" \/>\n<meta property=\"og:url\" content=\"https:\/\/nebraskademocrats.org\/su\/2021-midwest-rural-conference\/\" \/>\n<meta property=\"og:site_name\" content=\"Nebraska Democratic Party\" \/>\n<meta property=\"article:publisher\" content=\"https:\/\/www.facebook.com\/NebraskaDemocraticParty\/\" \/>\n<meta property=\"article:modified_time\" content=\"2021-09-03T16:15:42+00:00\" \/>\n<meta property=\"og:image\" content=\"https:\/\/nebraskadem.wpenginepowered.com\/wp-content\/uploads\/2021\/09\/REGIONAL-Mobilize-Headers-81_20210902180923419085.png\" \/>\n<meta name=\"twitter:card\" content=\"summary_large_image\" \/>\n<meta name=\"twitter:site\" content=\"@nebraskadems\" \/>\n<meta name=\"twitter:label1\" content=\"Est. reading time\" \/>\n\t<meta name=\"twitter:data1\" content=\"2 minutes\" \/>\n<script type=\"application\/ld+json\" class=\"yoast-schema-graph\">{\"@context\":\"https:\\\/\\\/schema.org\",\"@graph\":[{\"@type\":\"WebPage\",\"@id\":\"https:\\\/\\\/nebraskademocrats.org\\\/2021-midwest-rural-conference\\\/\",\"url\":\"https:\\\/\\\/nebraskademocrats.org\\\/2021-midwest-rural-conference\\\/\",\"name\":\"2021 Midwest Rural Conference &#8211; Nebraska Democratic Party\",\"isPartOf\":{\"@id\":\"https:\\\/\\\/nebraskademocrats.org\\\/#website\"},\"primaryImageOfPage\":{\"@id\":\"https:\\\/\\\/nebraskademocrats.org\\\/2021-midwest-rural-conference\\\/#primaryimage\"},\"image\":{\"@id\":\"https:\\\/\\\/nebraskademocrats.org\\\/2021-midwest-rural-conference\\\/#primaryimage\"},\"thumbnailUrl\":\"https:\\\/\\\/nebraskadem.wpenginepowered.com\\\/wp-content\\\/uploads\\\/2021\\\/09\\\/REGIONAL-Mobilize-Headers-81_20210902180923419085.png\",\"datePublished\":\"2021-09-03T03:11:07+00:00\",\"dateModified\":\"2021-09-03T16:15:42+00:00\",\"breadcrumb\":{\"@id\":\"https:\\\/\\\/nebraskademocrats.org\\\/2021-midwest-rural-conference\\\/#breadcrumb\"},\"inLanguage\":\"su\",\"potentialAction\":[{\"@type\":\"ReadAction\",\"target\":[\"https:\\\/\\\/nebraskademocrats.org\\\/2021-midwest-rural-conference\\\/\"]}]},{\"@type\":\"ImageObject\",\"inLanguage\":\"su\",\"@id\":\"https:\\\/\\\/nebraskademocrats.org\\\/2021-midwest-rural-conference\\\/#primaryimage\",\"url\":\"https:\\\/\\\/nebraskadem.wpenginepowered.com\\\/wp-content\\\/uploads\\\/2021\\\/09\\\/REGIONAL-Mobilize-Headers-81_20210902180923419085.png\",\"contentUrl\":\"https:\\\/\\\/nebraskadem.wpenginepowered.com\\\/wp-content\\\/uploads\\\/2021\\\/09\\\/REGIONAL-Mobilize-Headers-81_20210902180923419085.png\"},{\"@type\":\"BreadcrumbList\",\"@id\":\"https:\\\/\\\/nebraskademocrats.org\\\/2021-midwest-rural-conference\\\/#breadcrumb\",\"itemListElement\":[{\"@type\":\"ListItem\",\"position\":1,\"name\":\"Home\",\"item\":\"https:\\\/\\\/nebraskademocrats.org\\\/\"},{\"@type\":\"ListItem\",\"position\":2,\"name\":\"2021 Midwest Rural Conference\"}]},{\"@type\":\"WebSite\",\"@id\":\"https:\\\/\\\/nebraskademocrats.org\\\/#website\",\"url\":\"https:\\\/\\\/nebraskademocrats.org\\\/\",\"name\":\"Nebraska Democratic Party\",\"description\":\"Growing the Good Life for All Nebraskans\",\"publisher\":{\"@id\":\"https:\\\/\\\/nebraskademocrats.org\\\/#organization\"},\"potentialAction\":[{\"@type\":\"SearchAction\",\"target\":{\"@type\":\"EntryPoint\",\"urlTemplate\":\"https:\\\/\\\/nebraskademocrats.org\\\/?s={search_term_string}\"},\"query-input\":{\"@type\":\"PropertyValueSpecification\",\"valueRequired\":true,\"valueName\":\"search_term_string\"}}],\"inLanguage\":\"su\"},{\"@type\":\"Organization\",\"@id\":\"https:\\\/\\\/nebraskademocrats.org\\\/#organization\",\"name\":\"Nebraska Democratic Party\",\"url\":\"https:\\\/\\\/nebraskademocrats.org\\\/\",\"logo\":{\"@type\":\"ImageObject\",\"inLanguage\":\"su\",\"@id\":\"https:\\\/\\\/nebraskademocrats.org\\\/#\\\/schema\\\/logo\\\/image\\\/\",\"url\":\"https:\\\/\\\/nebraskadem.wpenginepowered.com\\\/wp-content\\\/uploads\\\/2016\\\/05\\\/NDP2.jpg\",\"contentUrl\":\"https:\\\/\\\/nebraskadem.wpenginepowered.com\\\/wp-content\\\/uploads\\\/2016\\\/05\\\/NDP2.jpg\",\"width\":1000,\"height\":396,\"caption\":\"Nebraska Democratic Party\"},\"image\":{\"@id\":\"https:\\\/\\\/nebraskademocrats.org\\\/#\\\/schema\\\/logo\\\/image\\\/\"},\"sameAs\":[\"https:\\\/\\\/www.facebook.com\\\/NebraskaDemocraticParty\\\/\",\"https:\\\/\\\/x.com\\\/nebraskadems\"]}]}<\/script>\n<!-- \/ Yoast SEO plugin. -->","yoast_head_json":{"title":"2021 Midwest Rural Conference &#8211; Nebraska Democratic Party","robots":{"index":"index","follow":"follow","max-snippet":"max-snippet:-1","max-image-preview":"max-image-preview:large","max-video-preview":"max-video-preview:-1"},"canonical":"https:\/\/nebraskademocrats.org\/su\/2021-midwest-rural-conference\/","og_locale":"en_US","og_type":"article","og_title":"2021 Midwest Rural Conference &#8211; Nebraska Democratic Party","og_description":"October 2, 2021 9 a.m. to noon CT Virtual (via zoom) Sign up here! Master of Ceremonies: NDP Agricultural and Rural Council Chair Roger Morgan with NDP Chair Jane Kleeb Three Conference Sessions The Politics, Myths, and Realities of Rural School Consolidation: Paul Theoabald Breaking Through: Rural Healthcare and the ACA: Cynthia Nunley 30 x ... Read more","og_url":"https:\/\/nebraskademocrats.org\/su\/2021-midwest-rural-conference\/","og_site_name":"Nebraska Democratic Party","article_publisher":"https:\/\/www.facebook.com\/NebraskaDemocraticParty\/","article_modified_time":"2021-09-03T16:15:42+00:00","og_image":[{"url":"https:\/\/nebraskadem.wpenginepowered.com\/wp-content\/uploads\/2021\/09\/REGIONAL-Mobilize-Headers-81_20210902180923419085.png","type":"","width":"","height":""}],"twitter_card":"summary_large_image","twitter_site":"@nebraskadems","twitter_misc":{"Est. reading time":"2 minutes"},"schema":{"@context":"https:\/\/schema.org","@graph":[{"@type":"WebPage","@id":"https:\/\/nebraskademocrats.org\/2021-midwest-rural-conference\/","url":"https:\/\/nebraskademocrats.org\/2021-midwest-rural-conference\/","name":"2021 Midwest Rural Conference &#8211; Nebraska Democratic Party","isPartOf":{"@id":"https:\/\/nebraskademocrats.org\/#website"},"primaryImageOfPage":{"@id":"https:\/\/nebraskademocrats.org\/2021-midwest-rural-conference\/#primaryimage"},"image":{"@id":"https:\/\/nebraskademocrats.org\/2021-midwest-rural-conference\/#primaryimage"},"thumbnailUrl":"https:\/\/nebraskadem.wpenginepowered.com\/wp-content\/uploads\/2021\/09\/REGIONAL-Mobilize-Headers-81_20210902180923419085.png","datePublished":"2021-09-03T03:11:07+00:00","dateModified":"2021-09-03T16:15:42+00:00","breadcrumb":{"@id":"https:\/\/nebraskademocrats.org\/2021-midwest-rural-conference\/#breadcrumb"},"inLanguage":"su","potentialAction":[{"@type":"ReadAction","target":["https:\/\/nebraskademocrats.org\/2021-midwest-rural-conference\/"]}]},{"@type":"ImageObject","inLanguage":"su","@id":"https:\/\/nebraskademocrats.org\/2021-midwest-rural-conference\/#primaryimage","url":"https:\/\/nebraskadem.wpenginepowered.com\/wp-content\/uploads\/2021\/09\/REGIONAL-Mobilize-Headers-81_20210902180923419085.png","contentUrl":"https:\/\/nebraskadem.wpenginepowered.com\/wp-content\/uploads\/2021\/09\/REGIONAL-Mobilize-Headers-81_20210902180923419085.png"},{"@type":"BreadcrumbList","@id":"https:\/\/nebraskademocrats.org\/2021-midwest-rural-conference\/#breadcrumb","itemListElement":[{"@type":"ListItem","position":1,"name":"Home","item":"https:\/\/nebraskademocrats.org\/"},{"@type":"ListItem","position":2,"name":"2021 Midwest Rural Conference"}]},{"@type":"WebSite","@id":"https:\/\/nebraskademocrats.org\/#website","url":"https:\/\/nebraskademocrats.org\/","name":"Nebraska Democratic Party","description":"Tumuwuh Kahirupan Anu Sa\u00e9 pikeun Sadayana Nebraskan","publisher":{"@id":"https:\/\/nebraskademocrats.org\/#organization"},"potentialAction":[{"@type":"SearchAction","target":{"@type":"EntryPoint","urlTemplate":"https:\/\/nebraskademocrats.org\/?s={search_term_string}"},"query-input":{"@type":"PropertyValueSpecification","valueRequired":true,"valueName":"search_term_string"}}],"inLanguage":"su"},{"@type":"Organization","@id":"https:\/\/nebraskademocrats.org\/#organization","name":"Nebraska Democratic Party","url":"https:\/\/nebraskademocrats.org\/","logo":{"@type":"ImageObject","inLanguage":"su","@id":"https:\/\/nebraskademocrats.org\/#\/schema\/logo\/image\/","url":"https:\/\/nebraskadem.wpenginepowered.com\/wp-content\/uploads\/2016\/05\/NDP2.jpg","contentUrl":"https:\/\/nebraskadem.wpenginepowered.com\/wp-content\/uploads\/2016\/05\/NDP2.jpg","width":1000,"height":396,"caption":"Nebraska Democratic Party"},"image":{"@id":"https:\/\/nebraskademocrats.org\/#\/schema\/logo\/image\/"},"sameAs":["https:\/\/www.facebook.com\/NebraskaDemocraticParty\/","https:\/\/x.com\/nebraskadems"]}]}},"_links":{"self":[{"href":"https:\/\/nebraskademocrats.org\/su\/wp-json\/wp\/v2\/pages\/34334","targetHints":{"allow":["GET"]}}],"collection":[{"href":"https:\/\/nebraskademocrats.org\/su\/wp-json\/wp\/v2\/pages"}],"about":[{"href":"https:\/\/nebraskademocrats.org\/su\/wp-json\/wp\/v2\/types\/page"}],"author":[{"embeddable":true,"href":"https:\/\/nebraskademocrats.org\/su\/wp-json\/wp\/v2\/users\/19"}],"replies":[{"embeddable":true,"href":"https:\/\/nebraskademocrats.org\/su\/wp-json\/wp\/v2\/comments?post=34334"}],"version-history":[{"count":0,"href":"https:\/\/nebraskademocrats.org\/su\/wp-json\/wp\/v2\/pages\/34334\/revisions"}],"wp:attachment":[{"href":"https:\/\/nebraskademocrats.org\/su\/wp-json\/wp\/v2\/media?parent=34334"}],"curies":[{"name":"wp","href":"https:\/\/api.w.org\/{rel}","templated":true}]}}