{"id":34391,"date":"2021-09-08T12:25:19","date_gmt":"2021-09-08T17:25:19","guid":{"rendered":"https:\/\/nebraskadem.wpenginepowered.com\/?page_id=34391"},"modified":"2021-09-10T11:21:46","modified_gmt":"2021-09-10T16:21:46","slug":"ricketts-steak-fry","status":"publish","type":"page","link":"https:\/\/nebraskademocrats.org\/su\/ricketts-steak-fry\/","title":{"rendered":"Ricketts steak-tumis"},"content":{"rendered":"<p><strong><a href=\"https:\/\/nebraskadem.wpenginepowered.com\/wp-content\/uploads\/2021\/09\/InkedRicketts-Steak-Fry-Protest-area_entry_re-1.jpg\">Tingali peta <\/a><\/strong>tina da\u00e9rah prot\u00e9s anu disayogikeun.<\/p>\n<p>Da\u00e9rah anu disorot Beureum bakal ditingalkeun dina jero pager kai payuneun rungkun lilac. Da\u00e9rah anu disorot ku Kon\u00e9ng ditujukeun pikeun rame teuing.<\/p>\n<p>Lebetkeun da\u00e9rah anu h\u00e9jo X dina peta.<\/p>\n<p>Punten parkir di tempat parkir SMA anu dituduhkeun dina kotak Green dina peta sareng jalan ka da\u00e9rah anjeun. Ukur mobil anu ngagaduhan tik\u00e9t kana acara anu diijinkeun pikeun lebet ka taman, janten anjeun kedah ngan leumpang jarak anu pondok ka tempat \u00e9ta.<\/p>\n<p><strong>PUNTEN CATET:<\/strong> Peraturan Taman Negara 001.03A Operasi atanapi panggunaan alat audio naon wa\u00e9 kalebet radio, set televisi, alat musik, atanapi alat anu ngahasilkeun sora sapertos pabrik pembangkit listrik, kendaraan bermotor, cocooan motor, atanapi alat-alat san\u00e9s anu disetir ku motor atanapi mesin ku cara sapertos kitu atanapi dina waktos anu san\u00e9s pikeun ngaganggu atanapi ngabahayakeun jalma-jalma di tempat kemah, da\u00e9rah piknik atanapi di tempat atanapi gempungan san\u00e9s dilarang.<\/p>","protected":false},"excerpt":{"rendered":"<p>See the map of the protest area being provided. The Red highlighted area will be roped off inside the wooden fence in front of the lilac bushes. The Yellow highlighted area is designated for any overflow crowd. Enter the area at the Green X on the map. Please park in the High School parking lot &#8230; <a title=\"Ricketts steak-tumis\" class=\"read-more\" href=\"https:\/\/nebraskademocrats.org\/su\/ricketts-steak-fry\/\" aria-label=\"More on Ricketts steak-fry\">Maca deui<\/a><\/p>","protected":false},"author":19,"featured_media":0,"parent":0,"menu_order":0,"comment_status":"closed","ping_status":"closed","template":"","meta":{"_acf_changed":false,"_exactmetrics_skip_tracking":false,"_exactmetrics_sitenote_active":false,"_exactmetrics_sitenote_note":"","_exactmetrics_sitenote_category":0,"footnotes":""},"class_list":["post-34391","page","type-page","status-publish"],"acf":[],"yoast_head":"<!-- This site is optimized with the Yoast SEO plugin v27.4 - https:\/\/yoast.com\/product\/yoast-seo-wordpress\/ -->\n<title>Ricketts steak-fry &#8211; Nebraska Democratic Party<\/title>\n<meta name=\"robots\" content=\"index, follow, max-snippet:-1, max-image-preview:large, max-video-preview:-1\" \/>\n<link rel=\"canonical\" href=\"https:\/\/nebraskademocrats.org\/su\/ricketts-steak-fry\/\" \/>\n<meta property=\"og:locale\" content=\"en_US\" \/>\n<meta property=\"og:type\" content=\"article\" \/>\n<meta property=\"og:title\" content=\"Ricketts steak-fry &#8211; Nebraska Democratic Party\" \/>\n<meta property=\"og:description\" content=\"See the map of the protest area being provided. The Red highlighted area will be roped off inside the wooden fence in front of the lilac bushes. The Yellow highlighted area is designated for any overflow crowd. Enter the area at the Green X on the map. Please park in the High School parking lot ... Read more\" \/>\n<meta property=\"og:url\" content=\"https:\/\/nebraskademocrats.org\/su\/ricketts-steak-fry\/\" \/>\n<meta property=\"og:site_name\" content=\"Nebraska Democratic Party\" \/>\n<meta property=\"article:publisher\" content=\"https:\/\/www.facebook.com\/NebraskaDemocraticParty\/\" \/>\n<meta property=\"article:modified_time\" content=\"2021-09-10T16:21:46+00:00\" \/>\n<meta property=\"og:image\" content=\"https:\/\/nebraskademocrats.org\/wp-content\/uploads\/2018\/09\/ne-dems-fb.jpg\" \/>\n\t<meta property=\"og:image:width\" content=\"1200\" \/>\n\t<meta property=\"og:image:height\" content=\"630\" \/>\n\t<meta property=\"og:image:type\" content=\"image\/jpeg\" \/>\n<meta name=\"twitter:card\" content=\"summary_large_image\" \/>\n<meta name=\"twitter:site\" content=\"@nebraskadems\" \/>\n<meta name=\"twitter:label1\" content=\"Est. reading time\" \/>\n\t<meta name=\"twitter:data1\" content=\"1 minute\" \/>\n<script type=\"application\/ld+json\" class=\"yoast-schema-graph\">{\"@context\":\"https:\\\/\\\/schema.org\",\"@graph\":[{\"@type\":\"WebPage\",\"@id\":\"https:\\\/\\\/nebraskademocrats.org\\\/ricketts-steak-fry\\\/\",\"url\":\"https:\\\/\\\/nebraskademocrats.org\\\/ricketts-steak-fry\\\/\",\"name\":\"Ricketts steak-fry &#8211; Nebraska Democratic Party\",\"isPartOf\":{\"@id\":\"https:\\\/\\\/nebraskademocrats.org\\\/#website\"},\"datePublished\":\"2021-09-08T17:25:19+00:00\",\"dateModified\":\"2021-09-10T16:21:46+00:00\",\"breadcrumb\":{\"@id\":\"https:\\\/\\\/nebraskademocrats.org\\\/ricketts-steak-fry\\\/#breadcrumb\"},\"inLanguage\":\"su\",\"potentialAction\":[{\"@type\":\"ReadAction\",\"target\":[\"https:\\\/\\\/nebraskademocrats.org\\\/ricketts-steak-fry\\\/\"]}]},{\"@type\":\"BreadcrumbList\",\"@id\":\"https:\\\/\\\/nebraskademocrats.org\\\/ricketts-steak-fry\\\/#breadcrumb\",\"itemListElement\":[{\"@type\":\"ListItem\",\"position\":1,\"name\":\"Home\",\"item\":\"https:\\\/\\\/nebraskademocrats.org\\\/\"},{\"@type\":\"ListItem\",\"position\":2,\"name\":\"Ricketts steak-fry\"}]},{\"@type\":\"WebSite\",\"@id\":\"https:\\\/\\\/nebraskademocrats.org\\\/#website\",\"url\":\"https:\\\/\\\/nebraskademocrats.org\\\/\",\"name\":\"Nebraska Democratic Party\",\"description\":\"Growing the Good Life for All Nebraskans\",\"publisher\":{\"@id\":\"https:\\\/\\\/nebraskademocrats.org\\\/#organization\"},\"potentialAction\":[{\"@type\":\"SearchAction\",\"target\":{\"@type\":\"EntryPoint\",\"urlTemplate\":\"https:\\\/\\\/nebraskademocrats.org\\\/?s={search_term_string}\"},\"query-input\":{\"@type\":\"PropertyValueSpecification\",\"valueRequired\":true,\"valueName\":\"search_term_string\"}}],\"inLanguage\":\"su\"},{\"@type\":\"Organization\",\"@id\":\"https:\\\/\\\/nebraskademocrats.org\\\/#organization\",\"name\":\"Nebraska Democratic Party\",\"url\":\"https:\\\/\\\/nebraskademocrats.org\\\/\",\"logo\":{\"@type\":\"ImageObject\",\"inLanguage\":\"su\",\"@id\":\"https:\\\/\\\/nebraskademocrats.org\\\/#\\\/schema\\\/logo\\\/image\\\/\",\"url\":\"https:\\\/\\\/nebraskadem.wpenginepowered.com\\\/wp-content\\\/uploads\\\/2016\\\/05\\\/NDP2.jpg\",\"contentUrl\":\"https:\\\/\\\/nebraskadem.wpenginepowered.com\\\/wp-content\\\/uploads\\\/2016\\\/05\\\/NDP2.jpg\",\"width\":1000,\"height\":396,\"caption\":\"Nebraska Democratic Party\"},\"image\":{\"@id\":\"https:\\\/\\\/nebraskademocrats.org\\\/#\\\/schema\\\/logo\\\/image\\\/\"},\"sameAs\":[\"https:\\\/\\\/www.facebook.com\\\/NebraskaDemocraticParty\\\/\",\"https:\\\/\\\/x.com\\\/nebraskadems\"]}]}<\/script>\n<!-- \/ Yoast SEO plugin. -->","yoast_head_json":{"title":"Ricketts steak-fry &#8211; Nebraska Democratic Party","robots":{"index":"index","follow":"follow","max-snippet":"max-snippet:-1","max-image-preview":"max-image-preview:large","max-video-preview":"max-video-preview:-1"},"canonical":"https:\/\/nebraskademocrats.org\/su\/ricketts-steak-fry\/","og_locale":"en_US","og_type":"article","og_title":"Ricketts steak-fry &#8211; Nebraska Democratic Party","og_description":"See the map of the protest area being provided. The Red highlighted area will be roped off inside the wooden fence in front of the lilac bushes. The Yellow highlighted area is designated for any overflow crowd. Enter the area at the Green X on the map. Please park in the High School parking lot ... Read more","og_url":"https:\/\/nebraskademocrats.org\/su\/ricketts-steak-fry\/","og_site_name":"Nebraska Democratic Party","article_publisher":"https:\/\/www.facebook.com\/NebraskaDemocraticParty\/","article_modified_time":"2021-09-10T16:21:46+00:00","og_image":[{"width":1200,"height":630,"url":"https:\/\/nebraskademocrats.org\/wp-content\/uploads\/2018\/09\/ne-dems-fb.jpg","type":"image\/jpeg"}],"twitter_card":"summary_large_image","twitter_site":"@nebraskadems","twitter_misc":{"Est. reading time":"1 minute"},"schema":{"@context":"https:\/\/schema.org","@graph":[{"@type":"WebPage","@id":"https:\/\/nebraskademocrats.org\/ricketts-steak-fry\/","url":"https:\/\/nebraskademocrats.org\/ricketts-steak-fry\/","name":"Ricketts steak-fry &#8211; Nebraska Democratic Party","isPartOf":{"@id":"https:\/\/nebraskademocrats.org\/#website"},"datePublished":"2021-09-08T17:25:19+00:00","dateModified":"2021-09-10T16:21:46+00:00","breadcrumb":{"@id":"https:\/\/nebraskademocrats.org\/ricketts-steak-fry\/#breadcrumb"},"inLanguage":"su","potentialAction":[{"@type":"ReadAction","target":["https:\/\/nebraskademocrats.org\/ricketts-steak-fry\/"]}]},{"@type":"BreadcrumbList","@id":"https:\/\/nebraskademocrats.org\/ricketts-steak-fry\/#breadcrumb","itemListElement":[{"@type":"ListItem","position":1,"name":"Home","item":"https:\/\/nebraskademocrats.org\/"},{"@type":"ListItem","position":2,"name":"Ricketts steak-fry"}]},{"@type":"WebSite","@id":"https:\/\/nebraskademocrats.org\/#website","url":"https:\/\/nebraskademocrats.org\/","name":"Nebraska Democratic Party","description":"Tumuwuh Kahirupan Anu Sa\u00e9 pikeun Sadayana Nebraskan","publisher":{"@id":"https:\/\/nebraskademocrats.org\/#organization"},"potentialAction":[{"@type":"SearchAction","target":{"@type":"EntryPoint","urlTemplate":"https:\/\/nebraskademocrats.org\/?s={search_term_string}"},"query-input":{"@type":"PropertyValueSpecification","valueRequired":true,"valueName":"search_term_string"}}],"inLanguage":"su"},{"@type":"Organization","@id":"https:\/\/nebraskademocrats.org\/#organization","name":"Nebraska Democratic Party","url":"https:\/\/nebraskademocrats.org\/","logo":{"@type":"ImageObject","inLanguage":"su","@id":"https:\/\/nebraskademocrats.org\/#\/schema\/logo\/image\/","url":"https:\/\/nebraskadem.wpenginepowered.com\/wp-content\/uploads\/2016\/05\/NDP2.jpg","contentUrl":"https:\/\/nebraskadem.wpenginepowered.com\/wp-content\/uploads\/2016\/05\/NDP2.jpg","width":1000,"height":396,"caption":"Nebraska Democratic Party"},"image":{"@id":"https:\/\/nebraskademocrats.org\/#\/schema\/logo\/image\/"},"sameAs":["https:\/\/www.facebook.com\/NebraskaDemocraticParty\/","https:\/\/x.com\/nebraskadems"]}]}},"_links":{"self":[{"href":"https:\/\/nebraskademocrats.org\/su\/wp-json\/wp\/v2\/pages\/34391","targetHints":{"allow":["GET"]}}],"collection":[{"href":"https:\/\/nebraskademocrats.org\/su\/wp-json\/wp\/v2\/pages"}],"about":[{"href":"https:\/\/nebraskademocrats.org\/su\/wp-json\/wp\/v2\/types\/page"}],"author":[{"embeddable":true,"href":"https:\/\/nebraskademocrats.org\/su\/wp-json\/wp\/v2\/users\/19"}],"replies":[{"embeddable":true,"href":"https:\/\/nebraskademocrats.org\/su\/wp-json\/wp\/v2\/comments?post=34391"}],"version-history":[{"count":0,"href":"https:\/\/nebraskademocrats.org\/su\/wp-json\/wp\/v2\/pages\/34391\/revisions"}],"wp:attachment":[{"href":"https:\/\/nebraskademocrats.org\/su\/wp-json\/wp\/v2\/media?parent=34391"}],"curies":[{"name":"wp","href":"https:\/\/api.w.org\/{rel}","templated":true}]}}