{"id":34883,"date":"2021-10-15T13:06:58","date_gmt":"2021-10-15T18:06:58","guid":{"rendered":"https:\/\/nebraskadem.wpenginepowered.com\/?page_id=34883"},"modified":"2022-02-25T14:30:19","modified_gmt":"2022-02-25T20:30:19","slug":"2022-salute-to-state-senators","status":"publish","type":"page","link":"https:\/\/nebraskademocrats.org\/su\/2022-salute-to-state-senators\/","title":{"rendered":"2022 Salam ka S\u00e9nator Nagara"},"content":{"rendered":"<p><img fetchpriority=\"high\" decoding=\"async\" class=\"wp-image-36267 aligncenter\" src=\"https:\/\/nebraskadem.wpenginepowered.com\/wp-content\/uploads\/2022\/02\/NEBDEMS_Salute-to-Senators-SQ-1024x1024.png\" alt=\"\" width=\"378\" height=\"378\" srcset=\"https:\/\/nebraskademocrats.org\/wp-content\/uploads\/2022\/02\/NEBDEMS_Salute-to-Senators-SQ-1024x1024.png 1024w, https:\/\/nebraskademocrats.org\/wp-content\/uploads\/2022\/02\/NEBDEMS_Salute-to-Senators-SQ-300x300.png 300w, https:\/\/nebraskademocrats.org\/wp-content\/uploads\/2022\/02\/NEBDEMS_Salute-to-Senators-SQ-150x150.png 150w, https:\/\/nebraskademocrats.org\/wp-content\/uploads\/2022\/02\/NEBDEMS_Salute-to-Senators-SQ-768x768.png 768w, https:\/\/nebraskademocrats.org\/wp-content\/uploads\/2022\/02\/NEBDEMS_Salute-to-Senators-SQ-12x12.png 12w, https:\/\/nebraskademocrats.org\/wp-content\/uploads\/2022\/02\/NEBDEMS_Salute-to-Senators-SQ.png 1080w\" sizes=\"(max-width: 378px) 100vw, 378px\" \/><\/p>\n<p>Miluan kami pikeun acara Salute to State S\u00e9nator taunan sareng Nebraska Democratic Party sareng S\u00e9nator Nagara D\u00e9mokratik urang.<\/p>\n<h3 style=\"text-align: center;\"><strong>25 Juni 2022<br \/>\n<\/strong><strong>5 ka 8 pm CT<br \/>\n<\/strong><strong>Kebon Binatang Lincoln<\/strong><\/h3>\n<h2 style=\"text-align: center;\"><a href=\"https:\/\/secure.actblue.com\/donate\/salute2022\">M\u00e9s\u00e9r m\u00e9ja atanapi tik\u00e9t ayeuna!<\/a><\/h2>\n<p><span style=\"font-weight: 400;\">Sajaba S\u00e9nator Propinsi ayeuna nu urang bakal ngahargaan dina acara on June 25, urang og\u00e9 bakal ngagungkeun jasa S\u00e9nator Bolz, Crawford, Howard, Kolowski sarta Gancang. Kami henteu ngagaduhan kasempetan pikeun ngalakukeunana sabab kami henteu ngayakeun kagiatan dina taun 2020 sareng 2021 kusabab COVID. <\/span><span style=\"font-weight: 400;\">\u00a0<strong><a href=\"https:\/\/secure.actblue.com\/donate\/salute2022\">K\u00e9ngingkeun tik\u00e9t anjeun ayeuna!<\/a><\/strong><\/span><\/p>\n<p><span style=\"font-weight: 400;\"><strong>Sponsor m\u00e9ja:<\/strong> Sponsor m\u00e9ja kanggo 10 urang dina unggal m\u00e9ja\u2013sapertos taun-taun sam\u00e9m\u00e9hna, 2 tina korsi \u00e9ta disisihkeun pikeun S\u00e9nator sareng tamu S\u00e9nator. <\/span><span style=\"font-weight: 400;\">Upami anjeun ngagaleuh sponsor sateuacan tanggal 31 Desember 2021, anjeun og\u00e9 bakal nampi tilas S\u00e9nator Propinsi linggih dina m\u00e9ja anjeun og\u00e9.\u00a0<\/span><span style=\"font-weight: 400;\">Sakali anjeun masihan sumbangan anjeun, tim NDP bakal ngahubungi ngeunaan daptar tamu anjeun sareng kahoyong S\u00e9nator anjeun (upami dina $2,500 tingkat anu langkung luhur).<\/span><\/p>\n<ul>\n<li style=\"list-style-type: none;\">\n<ul>\n<li style=\"font-weight: 400;\" aria-level=\"1\"><span style=\"font-weight: 400;\"><span style=\"font-weight: 400;\"><span style=\"font-weight: 400;\">Tik\u00e9t individu nya\u00e9ta $50 Young Dems, $100 Anggota SCC sareng $200 Tamu VIP<\/span><\/span><\/span><\/li>\n<\/ul>\n<\/li>\n<\/ul>\n<ul>\n<li style=\"list-style-type: none;\">\n<ul>\n<li style=\"font-weight: 400;\" aria-level=\"1\"><strong>Sponsor Resolusi, $1,500<\/strong>\n<ul>\n<li style=\"font-weight: 400;\" aria-level=\"2\"><span style=\"font-weight: 400;\">Hiji m\u00e9ja pikeun 10 jalma (<\/span><b><i>euweuh S\u00e9nator ditugaskeun<\/i><\/b><span style=\"font-weight: 400;\"> kana m\u00e9ja anjeun dina tingkat ieu).<\/span><\/li>\n<li style=\"font-weight: 400;\" aria-level=\"2\"><span style=\"font-weight: 400;\"><span style=\"font-weight: 400;\"><span style=\"font-weight: 400;\">Pangakuan dina program anu dicitak sareng online.<\/span><\/span><\/span><\/li>\n<\/ul>\n<\/li>\n<\/ul>\n<\/li>\n<\/ul>\n<ul>\n<li style=\"list-style-type: none;\">\n<ul>\n<li style=\"font-weight: 400;\" aria-level=\"1\"><strong>Bill Sponsor, $2,500<\/strong>\n<ul>\n<li style=\"font-weight: 400;\" aria-level=\"2\"><span style=\"font-weight: 400;\">Hiji m\u00e9ja pikeun 10 jalma (2 korsi kanggo S\u00e9nator sareng tamu na).<\/span><\/li>\n<li style=\"font-weight: 400;\" aria-level=\"2\"><span style=\"font-weight: 400;\">Pangakuan dina program anu dicitak sareng online.<\/span><\/li>\n<li style=\"font-weight: 400;\" aria-level=\"2\"><span style=\"font-weight: 400;\">Botol anggur sareng kendi inuman khusus anu dicampur dina m\u00e9ja anjeun.<\/span><\/li>\n<li aria-level=\"2\">Pilih S\u00e9nator pikeun linggih dina m\u00e9ja anjeun.<\/li>\n<\/ul>\n<\/li>\n<\/ul>\n<\/li>\n<\/ul>\n<ul>\n<li style=\"list-style-type: none;\">\n<ul>\n<li style=\"font-weight: 400;\" aria-level=\"1\"><strong>Sponsor Hukum, $5,000<\/strong>\n<ul>\n<li style=\"font-weight: 400;\" aria-level=\"2\"><span style=\"font-weight: 400;\">Dua tabel pikeun 10 jalma dina unggal m\u00e9ja (2 korsi kanggo S\u00e9nator sareng tamu na).<\/span><\/li>\n<li style=\"font-weight: 400;\" aria-level=\"2\"><span style=\"font-weight: 400;\">Pangakuan dina program anu dicitak sareng online.<\/span><\/li>\n<li style=\"font-weight: 400;\" aria-level=\"2\"><span style=\"font-weight: 400;\">Botol anggur sareng kendi inuman khusus anu dicampur dina unggal m\u00e9ja anjeun.<\/span><\/li>\n<li style=\"font-weight: 400;\" aria-level=\"2\"><span style=\"font-weight: 400;\">Logo anjeun dina sakab\u00e9h centerpieces m\u00e9ja (lamun kitu milih).<\/span><\/li>\n<li aria-level=\"2\">Pilih 2 S\u00e9nator pikeun linggih dina m\u00e9ja anjeun.<\/li>\n<\/ul>\n<\/li>\n<\/ul>\n<\/li>\n<\/ul>\n<ul>\n<li style=\"list-style-type: none;\">\n<ul>\n<li aria-level=\"2\"><strong>Pimpinan sponsor Pek, $10,000<\/strong>\n<ul>\n<li style=\"font-weight: 400;\" aria-level=\"2\"><span style=\"font-weight: 400;\">NDP bakal nyayogikeun paket sponsor sareng tim anjeun kalebet, upami anjeun milih, kamampuan nyarios sababaraha kecap nalika program.<\/span><\/li>\n<\/ul>\n<\/li>\n<\/ul>\n<\/li>\n<\/ul>\n<p><b>Sumbangan: <\/b><span style=\"font-weight: 400;\">Anjeun tiasa m\u00e9s\u00e9r Anjeun <a href=\"https:\/\/secure.actblue.com\/donate\/salute2022\">tiket atawa m\u00e9ja<\/a> online atanapi via cek.<\/span><\/p>\n<ul>\n<li style=\"font-weight: 400;\" aria-level=\"1\"><b>Sumbangan Online: <\/b><a href=\"https:\/\/secure.actblue.com\/donate\/salute2022\">https:\/\/secure.actblue.com\/donate\/salute2022<\/a><\/li>\n<li style=\"font-weight: 400;\" aria-level=\"1\"><b>Sumbangan Surat:<\/b><span style=\"font-weight: 400;\"> NDP, 3701 O Street #200, Lincoln, NE 68510 (<\/span><span style=\"font-weight: 400;\">ngajadikeun cek dibayar ka NDP)<\/span><\/li>\n<\/ul>\n<p><b>Patarosan: <\/b><span style=\"font-weight: 400;\">Upami anjeun hoyong ngabahas pilihan ieu atanapi gaduh patarosan, punten email <a href=\"mailto:info@nebraskademocrats.org\">info@nebraskademocrats.org<\/a>.\u00a0<\/span><\/p>","protected":false},"excerpt":{"rendered":"<p>Join us for our annual Salute to State Senators event with the Nebraska Democratic Party and our Democratic State Senators. June 25, 2022 5 to 8 p.m. CT Lincoln Zoo Purchase a table or ticket today! In addition to the current State Senators that we will honor at the event on June 25, we will &#8230; <a title=\"2022 Salam ka S\u00e9nator Nagara\" class=\"read-more\" href=\"https:\/\/nebraskademocrats.org\/su\/2022-salute-to-state-senators\/\" aria-label=\"More on 2022 Salute to State Senators\">Maca deui<\/a><\/p>","protected":false},"author":19,"featured_media":0,"parent":0,"menu_order":0,"comment_status":"closed","ping_status":"closed","template":"","meta":{"_acf_changed":false,"_exactmetrics_skip_tracking":false,"_exactmetrics_sitenote_active":false,"_exactmetrics_sitenote_note":"","_exactmetrics_sitenote_category":0,"footnotes":""},"class_list":["post-34883","page","type-page","status-publish"],"acf":[],"yoast_head":"<!-- This site is optimized with the Yoast SEO plugin v27.1.1 - https:\/\/yoast.com\/product\/yoast-seo-wordpress\/ -->\n<title>2022 Salute to State Senators &#8211; Nebraska Democratic Party<\/title>\n<meta name=\"robots\" content=\"index, follow, max-snippet:-1, max-image-preview:large, max-video-preview:-1\" \/>\n<link rel=\"canonical\" href=\"https:\/\/nebraskademocrats.org\/su\/2022-salute-to-state-senators\/\" \/>\n<meta property=\"og:locale\" content=\"en_US\" \/>\n<meta property=\"og:type\" content=\"article\" \/>\n<meta property=\"og:title\" content=\"2022 Salute to State Senators &#8211; Nebraska Democratic Party\" \/>\n<meta property=\"og:description\" content=\"Join us for our annual Salute to State Senators event with the Nebraska Democratic Party and our Democratic State Senators. June 25, 2022 5 to 8 p.m. CT Lincoln Zoo Purchase a table or ticket today! In addition to the current State Senators that we will honor at the event on June 25, we will ... Read more\" \/>\n<meta property=\"og:url\" content=\"https:\/\/nebraskademocrats.org\/su\/2022-salute-to-state-senators\/\" \/>\n<meta property=\"og:site_name\" content=\"Nebraska Democratic Party\" \/>\n<meta property=\"article:publisher\" content=\"https:\/\/www.facebook.com\/NebraskaDemocraticParty\/\" \/>\n<meta property=\"article:modified_time\" content=\"2022-02-25T20:30:19+00:00\" \/>\n<meta property=\"og:image\" content=\"https:\/\/nebraskadem.wpenginepowered.com\/wp-content\/uploads\/2022\/02\/NEBDEMS_Salute-to-Senators-SQ-1024x1024.png\" \/>\n<meta name=\"twitter:card\" content=\"summary_large_image\" \/>\n<meta name=\"twitter:site\" content=\"@nebraskadems\" \/>\n<meta name=\"twitter:label1\" content=\"Est. reading time\" \/>\n\t<meta name=\"twitter:data1\" content=\"3 minutes\" \/>\n<script type=\"application\/ld+json\" class=\"yoast-schema-graph\">{\"@context\":\"https:\/\/schema.org\",\"@graph\":[{\"@type\":\"WebPage\",\"@id\":\"https:\/\/nebraskademocrats.org\/su\/2022-salute-to-state-senators\/\",\"url\":\"https:\/\/nebraskademocrats.org\/su\/2022-salute-to-state-senators\/\",\"name\":\"2022 Salute to State Senators &#8211; Nebraska Democratic Party\",\"isPartOf\":{\"@id\":\"https:\/\/nebraskademocrats.org\/#website\"},\"primaryImageOfPage\":{\"@id\":\"https:\/\/nebraskademocrats.org\/su\/2022-salute-to-state-senators\/#primaryimage\"},\"image\":{\"@id\":\"https:\/\/nebraskademocrats.org\/su\/2022-salute-to-state-senators\/#primaryimage\"},\"thumbnailUrl\":\"https:\/\/nebraskadem.wpenginepowered.com\/wp-content\/uploads\/2022\/02\/NEBDEMS_Salute-to-Senators-SQ-1024x1024.png\",\"datePublished\":\"2021-10-15T18:06:58+00:00\",\"dateModified\":\"2022-02-25T20:30:19+00:00\",\"breadcrumb\":{\"@id\":\"https:\/\/nebraskademocrats.org\/su\/2022-salute-to-state-senators\/#breadcrumb\"},\"inLanguage\":\"su\",\"potentialAction\":[{\"@type\":\"ReadAction\",\"target\":[\"https:\/\/nebraskademocrats.org\/su\/2022-salute-to-state-senators\/\"]}]},{\"@type\":\"ImageObject\",\"inLanguage\":\"su\",\"@id\":\"https:\/\/nebraskademocrats.org\/su\/2022-salute-to-state-senators\/#primaryimage\",\"url\":\"https:\/\/nebraskadem.wpenginepowered.com\/wp-content\/uploads\/2022\/02\/NEBDEMS_Salute-to-Senators-SQ-1024x1024.png\",\"contentUrl\":\"https:\/\/nebraskadem.wpenginepowered.com\/wp-content\/uploads\/2022\/02\/NEBDEMS_Salute-to-Senators-SQ-1024x1024.png\"},{\"@type\":\"BreadcrumbList\",\"@id\":\"https:\/\/nebraskademocrats.org\/su\/2022-salute-to-state-senators\/#breadcrumb\",\"itemListElement\":[{\"@type\":\"ListItem\",\"position\":1,\"name\":\"Home\",\"item\":\"https:\/\/nebraskademocrats.org\/\"},{\"@type\":\"ListItem\",\"position\":2,\"name\":\"2022 Salute to State Senators\"}]},{\"@type\":\"WebSite\",\"@id\":\"https:\/\/nebraskademocrats.org\/#website\",\"url\":\"https:\/\/nebraskademocrats.org\/\",\"name\":\"Nebraska Democratic Party\",\"description\":\"Growing the Good Life for All Nebraskans\",\"publisher\":{\"@id\":\"https:\/\/nebraskademocrats.org\/#organization\"},\"potentialAction\":[{\"@type\":\"SearchAction\",\"target\":{\"@type\":\"EntryPoint\",\"urlTemplate\":\"https:\/\/nebraskademocrats.org\/?s={search_term_string}\"},\"query-input\":{\"@type\":\"PropertyValueSpecification\",\"valueRequired\":true,\"valueName\":\"search_term_string\"}}],\"inLanguage\":\"su\"},{\"@type\":\"Organization\",\"@id\":\"https:\/\/nebraskademocrats.org\/#organization\",\"name\":\"Nebraska Democratic Party\",\"url\":\"https:\/\/nebraskademocrats.org\/\",\"logo\":{\"@type\":\"ImageObject\",\"inLanguage\":\"su\",\"@id\":\"https:\/\/nebraskademocrats.org\/#\/schema\/logo\/image\/\",\"url\":\"https:\/\/nebraskadem.wpenginepowered.com\/wp-content\/uploads\/2016\/05\/NDP2.jpg\",\"contentUrl\":\"https:\/\/nebraskadem.wpenginepowered.com\/wp-content\/uploads\/2016\/05\/NDP2.jpg\",\"width\":1000,\"height\":396,\"caption\":\"Nebraska Democratic Party\"},\"image\":{\"@id\":\"https:\/\/nebraskademocrats.org\/#\/schema\/logo\/image\/\"},\"sameAs\":[\"https:\/\/www.facebook.com\/NebraskaDemocraticParty\/\",\"https:\/\/x.com\/nebraskadems\"]}]}<\/script>\n<!-- \/ Yoast SEO plugin. -->","yoast_head_json":{"title":"2022 Salute to State Senators &#8211; Nebraska Democratic Party","robots":{"index":"index","follow":"follow","max-snippet":"max-snippet:-1","max-image-preview":"max-image-preview:large","max-video-preview":"max-video-preview:-1"},"canonical":"https:\/\/nebraskademocrats.org\/su\/2022-salute-to-state-senators\/","og_locale":"en_US","og_type":"article","og_title":"2022 Salute to State Senators &#8211; Nebraska Democratic Party","og_description":"Join us for our annual Salute to State Senators event with the Nebraska Democratic Party and our Democratic State Senators. June 25, 2022 5 to 8 p.m. CT Lincoln Zoo Purchase a table or ticket today! In addition to the current State Senators that we will honor at the event on June 25, we will ... Read more","og_url":"https:\/\/nebraskademocrats.org\/su\/2022-salute-to-state-senators\/","og_site_name":"Nebraska Democratic Party","article_publisher":"https:\/\/www.facebook.com\/NebraskaDemocraticParty\/","article_modified_time":"2022-02-25T20:30:19+00:00","og_image":[{"url":"https:\/\/nebraskadem.wpenginepowered.com\/wp-content\/uploads\/2022\/02\/NEBDEMS_Salute-to-Senators-SQ-1024x1024.png","type":"","width":"","height":""}],"twitter_card":"summary_large_image","twitter_site":"@nebraskadems","twitter_misc":{"Est. reading time":"3 minutes"},"schema":{"@context":"https:\/\/schema.org","@graph":[{"@type":"WebPage","@id":"https:\/\/nebraskademocrats.org\/su\/2022-salute-to-state-senators\/","url":"https:\/\/nebraskademocrats.org\/su\/2022-salute-to-state-senators\/","name":"2022 Salute to State Senators &#8211; Nebraska Democratic Party","isPartOf":{"@id":"https:\/\/nebraskademocrats.org\/#website"},"primaryImageOfPage":{"@id":"https:\/\/nebraskademocrats.org\/su\/2022-salute-to-state-senators\/#primaryimage"},"image":{"@id":"https:\/\/nebraskademocrats.org\/su\/2022-salute-to-state-senators\/#primaryimage"},"thumbnailUrl":"https:\/\/nebraskadem.wpenginepowered.com\/wp-content\/uploads\/2022\/02\/NEBDEMS_Salute-to-Senators-SQ-1024x1024.png","datePublished":"2021-10-15T18:06:58+00:00","dateModified":"2022-02-25T20:30:19+00:00","breadcrumb":{"@id":"https:\/\/nebraskademocrats.org\/su\/2022-salute-to-state-senators\/#breadcrumb"},"inLanguage":"su","potentialAction":[{"@type":"ReadAction","target":["https:\/\/nebraskademocrats.org\/su\/2022-salute-to-state-senators\/"]}]},{"@type":"ImageObject","inLanguage":"su","@id":"https:\/\/nebraskademocrats.org\/su\/2022-salute-to-state-senators\/#primaryimage","url":"https:\/\/nebraskadem.wpenginepowered.com\/wp-content\/uploads\/2022\/02\/NEBDEMS_Salute-to-Senators-SQ-1024x1024.png","contentUrl":"https:\/\/nebraskadem.wpenginepowered.com\/wp-content\/uploads\/2022\/02\/NEBDEMS_Salute-to-Senators-SQ-1024x1024.png"},{"@type":"BreadcrumbList","@id":"https:\/\/nebraskademocrats.org\/su\/2022-salute-to-state-senators\/#breadcrumb","itemListElement":[{"@type":"ListItem","position":1,"name":"Home","item":"https:\/\/nebraskademocrats.org\/"},{"@type":"ListItem","position":2,"name":"2022 Salute to State Senators"}]},{"@type":"WebSite","@id":"https:\/\/nebraskademocrats.org\/#website","url":"https:\/\/nebraskademocrats.org\/","name":"Nebraska Democratic Party","description":"Tumuwuh Kahirupan Anu Sa\u00e9 pikeun Sadayana Nebraskan","publisher":{"@id":"https:\/\/nebraskademocrats.org\/#organization"},"potentialAction":[{"@type":"SearchAction","target":{"@type":"EntryPoint","urlTemplate":"https:\/\/nebraskademocrats.org\/?s={search_term_string}"},"query-input":{"@type":"PropertyValueSpecification","valueRequired":true,"valueName":"search_term_string"}}],"inLanguage":"su"},{"@type":"Organization","@id":"https:\/\/nebraskademocrats.org\/#organization","name":"Nebraska Democratic Party","url":"https:\/\/nebraskademocrats.org\/","logo":{"@type":"ImageObject","inLanguage":"su","@id":"https:\/\/nebraskademocrats.org\/#\/schema\/logo\/image\/","url":"https:\/\/nebraskadem.wpenginepowered.com\/wp-content\/uploads\/2016\/05\/NDP2.jpg","contentUrl":"https:\/\/nebraskadem.wpenginepowered.com\/wp-content\/uploads\/2016\/05\/NDP2.jpg","width":1000,"height":396,"caption":"Nebraska Democratic Party"},"image":{"@id":"https:\/\/nebraskademocrats.org\/#\/schema\/logo\/image\/"},"sameAs":["https:\/\/www.facebook.com\/NebraskaDemocraticParty\/","https:\/\/x.com\/nebraskadems"]}]}},"_links":{"self":[{"href":"https:\/\/nebraskademocrats.org\/su\/wp-json\/wp\/v2\/pages\/34883","targetHints":{"allow":["GET"]}}],"collection":[{"href":"https:\/\/nebraskademocrats.org\/su\/wp-json\/wp\/v2\/pages"}],"about":[{"href":"https:\/\/nebraskademocrats.org\/su\/wp-json\/wp\/v2\/types\/page"}],"author":[{"embeddable":true,"href":"https:\/\/nebraskademocrats.org\/su\/wp-json\/wp\/v2\/users\/19"}],"replies":[{"embeddable":true,"href":"https:\/\/nebraskademocrats.org\/su\/wp-json\/wp\/v2\/comments?post=34883"}],"version-history":[{"count":0,"href":"https:\/\/nebraskademocrats.org\/su\/wp-json\/wp\/v2\/pages\/34883\/revisions"}],"wp:attachment":[{"href":"https:\/\/nebraskademocrats.org\/su\/wp-json\/wp\/v2\/media?parent=34883"}],"curies":[{"name":"wp","href":"https:\/\/api.w.org\/{rel}","templated":true}]}}