{"id":35447,"date":"2021-12-03T12:10:40","date_gmt":"2021-12-03T18:10:40","guid":{"rendered":"https:\/\/nebraskadem.wpenginepowered.com\/?page_id=35447"},"modified":"2022-04-06T16:25:34","modified_gmt":"2022-04-06T21:25:34","slug":"gop-lies","status":"publish","type":"page","link":"https:\/\/nebraskademocrats.org\/su\/gop-lies\/","title":{"rendered":"GOP ngabohong"},"content":{"rendered":"<p><span style=\"font-weight: 400;\"><img fetchpriority=\"high\" decoding=\"async\" class=\"alignnone size-large wp-image-35448\" src=\"https:\/\/nebraskadem.wpenginepowered.com\/wp-content\/uploads\/2021\/12\/ezgif-2-7e99f8328975-1024x289.jpg\" alt=\"\" width=\"1024\" height=\"289\" srcset=\"https:\/\/nebraskademocrats.org\/wp-content\/uploads\/2021\/12\/ezgif-2-7e99f8328975-1024x289.jpg 1024w, https:\/\/nebraskademocrats.org\/wp-content\/uploads\/2021\/12\/ezgif-2-7e99f8328975-300x85.jpg 300w, https:\/\/nebraskademocrats.org\/wp-content\/uploads\/2021\/12\/ezgif-2-7e99f8328975-768x217.jpg 768w, https:\/\/nebraskademocrats.org\/wp-content\/uploads\/2021\/12\/ezgif-2-7e99f8328975-18x5.jpg 18w, https:\/\/nebraskademocrats.org\/wp-content\/uploads\/2021\/12\/ezgif-2-7e99f8328975.jpg 1052w\" sizes=\"(max-width: 1024px) 100vw, 1024px\" \/><\/span><\/p>\n<p><span style=\"font-weight: 400;\">Dina tradisi opat Pinocchios anu dipasihkeun ku pameriksa fakta Washington Post, kami hoyong terang upami anjeun mendakan fibs, bohong atanapi kabohongan ti politikus GOP Nebraska dina m\u00e9dia atanapi dina iklan kampanye.<\/span><span style=\"font-weight: 400;\"><br \/>\n<\/span><span style=\"font-weight: 400;\"><br \/>\n<\/span><span style=\"font-weight: 400;\">Upami anjeun terang ngeunaan bohong GOP di Nebraska, <\/span><a href=\"https:\/\/docs.google.com\/forms\/d\/e\/1FAIpQLScGqoAnjdbFxlllLV5HmuECkmQ34rgi59xT2_f3tb0Eywuh5A\/viewform?usp=sf_link\"><b>eusian formulir ieu<\/b><\/a><span style=\"font-weight: 400;\"> sarta kami bakal nambahan kana daptar tumuwuh.<\/span><b><br \/>\n<\/b><b><br \/>\n<\/b><b>NTV:<\/b> <a href=\"https:\/\/nebraska.tv\/news\/local\/jane-kleeb-calls-out-governor-reaction-to-pipeline-news\"><b>\u00a0Jane Kleeb NDP nyauran gubernur, r\u00e9aksi kana warta pipa<\/b><span style=\"font-weight: 400;\"><br \/>\n<\/span><\/a><span style=\"font-weight: 400;\">Kleeb nyandak sikap ngalawan Gubernur Ricketts, nyarios: &quot;Kuring bakal debat anjeun dimana wa\u00e9, iraha wa\u00e9 ngeunaan hak milik. Anjeun nuju bade sabudeureun nagara bohong ka Nebraskans ngeunaan 30 \u00d7 30 program konservasi sukarela, mun anjeun kungsi grab tanah nyata ti Corporation asing di backyard Anjeun. Janten hapunten sareng siaran pers buaya-cimata anjeun, waktosna anjeun leres-leres nangtung pikeun hak milik sareng ngarobih undang-undang domain anu kasohor di nagara urang.<\/span><span style=\"font-weight: 400;\"><br \/>\n<\/span><span style=\"font-weight: 400;\"><br \/>\n<\/span><b>Pulitik: <\/b><a href=\"https:\/\/www.politico.com\/news\/2021\/10\/19\/nebraska-gop-rep-fortenberry-indicted-516259\"><b>Nebraska GOP Rep Fortenberry didakwa<\/b><span style=\"font-weight: 400;\"><br \/>\n<\/span><\/a><span style=\"font-weight: 400;\">A grand juri f\u00e9deral indicted Rep Jeff Fortenberry on Salasa, alleging y\u00e9n Nebraska GOP congressman concealed informasi sarta nyieun pernyataan palsu ka otoritas. Departemen Kaadilan ngomong y\u00e9n Fortenberry sababaraha kali ngabohong jeung misled otoritas salila hiji panalungtikan kana kontribusi ilegal pikeun kampanye pamilihan ulang na nu dijieun ku billionaire Nigerian-dilahirkeun, Gilbert Chagoury.<\/span><\/p>\n<p><b>KMTV:<\/b> <a href=\"https:\/\/www.3newsnow.com\/news\/investigations\/most-crossing-border-want-to-destroy-the-country-says-herbster-with-trump-adviser-stephen-miller\"><b>Kaseueuran wates nyebrang &#039;hayang ngancurkeun nagara,&#039; saur Herbster, sareng panas\u00e9hat Trump Stephen Miller<\/b><span style=\"font-weight: 400;\"><br \/>\n<\/span><\/a><span style=\"font-weight: 400;\">... Saur Herbster: &quot;Jalma-jalma ieu anu datang meuntas wates, aranjeunna henteu paduli ngeunaan Am\u00e9rika. Kuring ngan bakal langsung. \u00c9ta cara patani nyarios. Tapi kuring tiasa nyarioskeun ka anjeun, hiji-hijina alesan aranjeunna sumping ka nagara ieu nya\u00e9ta kalolobaanana hoyong ngancurkeun nagara.<\/span><\/p>\n<p><strong>KLKN:<\/strong> <a href=\"https:\/\/www.klkntv.com\/gov-ricketts-issues-statement-on-omicron-variant\/?fbclid=IwAR3Czcgee2vUGbgDDqtEuXEquRriga6hziGUhQ_HF5zhmDFnWQfKsIngLgw\">Gubernur Ricketts ngaluarkeun pernyataan ngeunaan varian omicron<\/a><br \/>\n... Nebraska parantos ngajaga salah sahiji tingkat maotna koronavirus anu panghandapna sareng ngajagi kapasitas rumah sakit urang sadayana tanpa lockdowns, tanpa mandat top\u00e9ng, sareng tanpa mandat vaksin. Kami henteu bakal nuturkeun Administrasi Biden atanapi kabijakan draconian Dr. Fauci.<\/p>\n<p style=\"text-align: center;\">Tapi:<br \/>\n<img decoding=\"async\" class=\"wp-image-35469 aligncenter\" src=\"https:\/\/nebraskadem.wpenginepowered.com\/wp-content\/uploads\/2021\/12\/Map-1024x576.jpg\" alt=\"\" width=\"350\" height=\"197\" srcset=\"https:\/\/nebraskademocrats.org\/wp-content\/uploads\/2021\/12\/Map-1024x576.jpg 1024w, https:\/\/nebraskademocrats.org\/wp-content\/uploads\/2021\/12\/Map-300x169.jpg 300w, https:\/\/nebraskademocrats.org\/wp-content\/uploads\/2021\/12\/Map-768x432.jpg 768w, https:\/\/nebraskademocrats.org\/wp-content\/uploads\/2021\/12\/Map-18x10.jpg 18w, https:\/\/nebraskademocrats.org\/wp-content\/uploads\/2021\/12\/Map.jpg 1200w\" sizes=\"(max-width: 350px) 100vw, 350px\" \/><\/p>\n<p><strong>Saluran Warta Nebraska:<\/strong> <a href=\"https:\/\/www.newschannelnebraska.com\/story\/45374880\/pillen-nebraska-roads-not-that-bad\"><strong>Pillen: Jalan Nebraska &#039;Teu gor\u00e9ng&#039;<\/strong><span style=\"font-weight: 400;\"><br \/>\n<\/span><\/a><span style=\"font-weight: 400;\">Sanajan kitu, a <\/span><a href=\"https:\/\/www.usatoday.com\/story\/money\/2020\/07\/16\/infrastructure-states-bridges-roads-falling-apart\/112127156\/\"><span style=\"font-weight: 400;\">ulikan USA Today <\/span><\/a><span style=\"font-weight: 400;\">ngagunakeun data f\u00e9deral n\u00e9mbongkeun y\u00e9n ampir 22 persen tina <\/span><span style=\"font-weight: 400;\">Jalan Nebraska dina kaayaan gor\u00e9ng: (24 pangluhurna)<\/span><\/p>\n<p><strong>Omaha World-Herald: <\/strong><a href=\"https:\/\/journalstar.com\/news\/state-and-regional\/govt-and-politics\/records-show-state-employees-knew-nebraska-wouldnt-be-reimbursed-for-border-deployment\/article_69067d10-b478-59e2-bc6a-17f8785521aa.html\">R\u00e9kaman nunjukkeun Ricketts, pagaw\u00e9 nagara terang y\u00e9n Nebraska moal dibayar deui pikeun panyebaran wates.<\/a><br \/>\nNalika Nebraska ngirim pasukan nagara ka wates Texas-Mexico dina usum panas, juru carios nyarios y\u00e9n nagara \u00e9ta tiasa dibales biaya. Tapi di balik layar, aya pamahaman diantara pagaw\u00e9 nagara y\u00e9n Nebraska bakal mayar panyebaran \u00e9ta, numutkeun email sareng pesen t\u00e9ks anu diala ku The World-Herald.<\/p>\n<p><strong>Washington Post:<\/strong> <a href=\"https:\/\/www.washingtonpost.com\/nation\/2022\/03\/29\/furries-litter-box-nebraska-bostelman\/\"><span data-qa=\"headline-text\">Anggota DPRD GOP mundur kana klaim mahasiswa meong, babakan, nganggo kotak sampah<\/span><\/a><br \/>\nSalila perdebatan televisi ngeunaan tagihan dana sakola Nebraska dina Sen\u00e9n, S\u00e9nator nagara Republik Bruce Bostelman nyarioskeun masalah anu anjeunna mendakan pikasieuneun: furries. &quot;Murangkalih sakola dangdanan sapertos sato - ucing atanapi anjing - salami dinten sakola; aranjeunna meong, sareng aranjeunna babakan,&quot; cenah. &quot;Sareng ayeuna sakola hoyong nempatkeun kotak sampah di sakola pikeun dianggo ku murangkalih ieu. Kumaha sanitasi ieu?&quot; Tapi dina sababaraha jam perdebatan, Bostelman mundur sareng ngaku y\u00e9n tuduhan \u00e9ta henteu akurat.<\/p>","protected":false},"excerpt":{"rendered":"<p>In the tradition of the four Pinocchios given out by the Washington Post&#8217;s fact-checker, we want to know if you have spotted any fibs, lies or untruths from Nebraska\u2019s GOP politicians in the media or in campaign ads. If you know of a GOP lie in Nebraska, fill out this form and we\u2019ll add it &#8230; <a title=\"GOP ngabohong\" class=\"read-more\" href=\"https:\/\/nebraskademocrats.org\/su\/gop-lies\/\" aria-label=\"More on GOP LIES\">Maca deui<\/a><\/p>","protected":false},"author":19,"featured_media":0,"parent":0,"menu_order":0,"comment_status":"closed","ping_status":"closed","template":"","meta":{"_acf_changed":false,"_exactmetrics_skip_tracking":false,"_exactmetrics_sitenote_active":false,"_exactmetrics_sitenote_note":"","_exactmetrics_sitenote_category":0,"footnotes":""},"class_list":["post-35447","page","type-page","status-publish"],"acf":[],"yoast_head":"<!-- This site is optimized with the Yoast SEO plugin v27.3 - https:\/\/yoast.com\/product\/yoast-seo-wordpress\/ -->\n<title>GOP LIES &#8211; Nebraska Democratic Party<\/title>\n<meta name=\"robots\" content=\"index, follow, max-snippet:-1, max-image-preview:large, max-video-preview:-1\" \/>\n<link rel=\"canonical\" href=\"https:\/\/nebraskademocrats.org\/su\/gop-lies\/\" \/>\n<meta property=\"og:locale\" content=\"en_US\" \/>\n<meta property=\"og:type\" content=\"article\" \/>\n<meta property=\"og:title\" content=\"GOP LIES &#8211; Nebraska Democratic Party\" \/>\n<meta property=\"og:description\" content=\"In the tradition of the four Pinocchios given out by the Washington Post&#8217;s fact-checker, we want to know if you have spotted any fibs, lies or untruths from Nebraska\u2019s GOP politicians in the media or in campaign ads. If you know of a GOP lie in Nebraska, fill out this form and we\u2019ll add it ... Read more\" \/>\n<meta property=\"og:url\" content=\"https:\/\/nebraskademocrats.org\/su\/gop-lies\/\" \/>\n<meta property=\"og:site_name\" content=\"Nebraska Democratic Party\" \/>\n<meta property=\"article:publisher\" content=\"https:\/\/www.facebook.com\/NebraskaDemocraticParty\/\" \/>\n<meta property=\"article:modified_time\" content=\"2022-04-06T21:25:34+00:00\" \/>\n<meta property=\"og:image\" content=\"https:\/\/nebraskadem.wpenginepowered.com\/wp-content\/uploads\/2021\/12\/ezgif-2-7e99f8328975-1024x289.jpg\" \/>\n<meta name=\"twitter:card\" content=\"summary_large_image\" \/>\n<meta name=\"twitter:site\" content=\"@nebraskadems\" \/>\n<meta name=\"twitter:label1\" content=\"Est. reading time\" \/>\n\t<meta name=\"twitter:data1\" content=\"3 minutes\" \/>\n<script type=\"application\/ld+json\" class=\"yoast-schema-graph\">{\"@context\":\"https:\\\/\\\/schema.org\",\"@graph\":[{\"@type\":\"WebPage\",\"@id\":\"https:\\\/\\\/nebraskademocrats.org\\\/gop-lies\\\/\",\"url\":\"https:\\\/\\\/nebraskademocrats.org\\\/gop-lies\\\/\",\"name\":\"GOP LIES &#8211; Nebraska Democratic Party\",\"isPartOf\":{\"@id\":\"https:\\\/\\\/nebraskademocrats.org\\\/#website\"},\"primaryImageOfPage\":{\"@id\":\"https:\\\/\\\/nebraskademocrats.org\\\/gop-lies\\\/#primaryimage\"},\"image\":{\"@id\":\"https:\\\/\\\/nebraskademocrats.org\\\/gop-lies\\\/#primaryimage\"},\"thumbnailUrl\":\"https:\\\/\\\/nebraskadem.wpenginepowered.com\\\/wp-content\\\/uploads\\\/2021\\\/12\\\/ezgif-2-7e99f8328975-1024x289.jpg\",\"datePublished\":\"2021-12-03T18:10:40+00:00\",\"dateModified\":\"2022-04-06T21:25:34+00:00\",\"breadcrumb\":{\"@id\":\"https:\\\/\\\/nebraskademocrats.org\\\/gop-lies\\\/#breadcrumb\"},\"inLanguage\":\"su\",\"potentialAction\":[{\"@type\":\"ReadAction\",\"target\":[\"https:\\\/\\\/nebraskademocrats.org\\\/gop-lies\\\/\"]}]},{\"@type\":\"ImageObject\",\"inLanguage\":\"su\",\"@id\":\"https:\\\/\\\/nebraskademocrats.org\\\/gop-lies\\\/#primaryimage\",\"url\":\"https:\\\/\\\/nebraskadem.wpenginepowered.com\\\/wp-content\\\/uploads\\\/2021\\\/12\\\/ezgif-2-7e99f8328975-1024x289.jpg\",\"contentUrl\":\"https:\\\/\\\/nebraskadem.wpenginepowered.com\\\/wp-content\\\/uploads\\\/2021\\\/12\\\/ezgif-2-7e99f8328975-1024x289.jpg\"},{\"@type\":\"BreadcrumbList\",\"@id\":\"https:\\\/\\\/nebraskademocrats.org\\\/gop-lies\\\/#breadcrumb\",\"itemListElement\":[{\"@type\":\"ListItem\",\"position\":1,\"name\":\"Home\",\"item\":\"https:\\\/\\\/nebraskademocrats.org\\\/\"},{\"@type\":\"ListItem\",\"position\":2,\"name\":\"GOP LIES\"}]},{\"@type\":\"WebSite\",\"@id\":\"https:\\\/\\\/nebraskademocrats.org\\\/#website\",\"url\":\"https:\\\/\\\/nebraskademocrats.org\\\/\",\"name\":\"Nebraska Democratic Party\",\"description\":\"Growing the Good Life for All Nebraskans\",\"publisher\":{\"@id\":\"https:\\\/\\\/nebraskademocrats.org\\\/#organization\"},\"potentialAction\":[{\"@type\":\"SearchAction\",\"target\":{\"@type\":\"EntryPoint\",\"urlTemplate\":\"https:\\\/\\\/nebraskademocrats.org\\\/?s={search_term_string}\"},\"query-input\":{\"@type\":\"PropertyValueSpecification\",\"valueRequired\":true,\"valueName\":\"search_term_string\"}}],\"inLanguage\":\"su\"},{\"@type\":\"Organization\",\"@id\":\"https:\\\/\\\/nebraskademocrats.org\\\/#organization\",\"name\":\"Nebraska Democratic Party\",\"url\":\"https:\\\/\\\/nebraskademocrats.org\\\/\",\"logo\":{\"@type\":\"ImageObject\",\"inLanguage\":\"su\",\"@id\":\"https:\\\/\\\/nebraskademocrats.org\\\/#\\\/schema\\\/logo\\\/image\\\/\",\"url\":\"https:\\\/\\\/nebraskadem.wpenginepowered.com\\\/wp-content\\\/uploads\\\/2016\\\/05\\\/NDP2.jpg\",\"contentUrl\":\"https:\\\/\\\/nebraskadem.wpenginepowered.com\\\/wp-content\\\/uploads\\\/2016\\\/05\\\/NDP2.jpg\",\"width\":1000,\"height\":396,\"caption\":\"Nebraska Democratic Party\"},\"image\":{\"@id\":\"https:\\\/\\\/nebraskademocrats.org\\\/#\\\/schema\\\/logo\\\/image\\\/\"},\"sameAs\":[\"https:\\\/\\\/www.facebook.com\\\/NebraskaDemocraticParty\\\/\",\"https:\\\/\\\/x.com\\\/nebraskadems\"]}]}<\/script>\n<!-- \/ Yoast SEO plugin. -->","yoast_head_json":{"title":"GOP LIES &#8211; Nebraska Democratic Party","robots":{"index":"index","follow":"follow","max-snippet":"max-snippet:-1","max-image-preview":"max-image-preview:large","max-video-preview":"max-video-preview:-1"},"canonical":"https:\/\/nebraskademocrats.org\/su\/gop-lies\/","og_locale":"en_US","og_type":"article","og_title":"GOP LIES &#8211; Nebraska Democratic Party","og_description":"In the tradition of the four Pinocchios given out by the Washington Post&#8217;s fact-checker, we want to know if you have spotted any fibs, lies or untruths from Nebraska\u2019s GOP politicians in the media or in campaign ads. If you know of a GOP lie in Nebraska, fill out this form and we\u2019ll add it ... Read more","og_url":"https:\/\/nebraskademocrats.org\/su\/gop-lies\/","og_site_name":"Nebraska Democratic Party","article_publisher":"https:\/\/www.facebook.com\/NebraskaDemocraticParty\/","article_modified_time":"2022-04-06T21:25:34+00:00","og_image":[{"url":"https:\/\/nebraskadem.wpenginepowered.com\/wp-content\/uploads\/2021\/12\/ezgif-2-7e99f8328975-1024x289.jpg","type":"","width":"","height":""}],"twitter_card":"summary_large_image","twitter_site":"@nebraskadems","twitter_misc":{"Est. reading time":"3 minutes"},"schema":{"@context":"https:\/\/schema.org","@graph":[{"@type":"WebPage","@id":"https:\/\/nebraskademocrats.org\/gop-lies\/","url":"https:\/\/nebraskademocrats.org\/gop-lies\/","name":"GOP LIES &#8211; Nebraska Democratic Party","isPartOf":{"@id":"https:\/\/nebraskademocrats.org\/#website"},"primaryImageOfPage":{"@id":"https:\/\/nebraskademocrats.org\/gop-lies\/#primaryimage"},"image":{"@id":"https:\/\/nebraskademocrats.org\/gop-lies\/#primaryimage"},"thumbnailUrl":"https:\/\/nebraskadem.wpenginepowered.com\/wp-content\/uploads\/2021\/12\/ezgif-2-7e99f8328975-1024x289.jpg","datePublished":"2021-12-03T18:10:40+00:00","dateModified":"2022-04-06T21:25:34+00:00","breadcrumb":{"@id":"https:\/\/nebraskademocrats.org\/gop-lies\/#breadcrumb"},"inLanguage":"su","potentialAction":[{"@type":"ReadAction","target":["https:\/\/nebraskademocrats.org\/gop-lies\/"]}]},{"@type":"ImageObject","inLanguage":"su","@id":"https:\/\/nebraskademocrats.org\/gop-lies\/#primaryimage","url":"https:\/\/nebraskadem.wpenginepowered.com\/wp-content\/uploads\/2021\/12\/ezgif-2-7e99f8328975-1024x289.jpg","contentUrl":"https:\/\/nebraskadem.wpenginepowered.com\/wp-content\/uploads\/2021\/12\/ezgif-2-7e99f8328975-1024x289.jpg"},{"@type":"BreadcrumbList","@id":"https:\/\/nebraskademocrats.org\/gop-lies\/#breadcrumb","itemListElement":[{"@type":"ListItem","position":1,"name":"Home","item":"https:\/\/nebraskademocrats.org\/"},{"@type":"ListItem","position":2,"name":"GOP LIES"}]},{"@type":"WebSite","@id":"https:\/\/nebraskademocrats.org\/#website","url":"https:\/\/nebraskademocrats.org\/","name":"Nebraska Democratic Party","description":"Tumuwuh Kahirupan Anu Sa\u00e9 pikeun Sadayana Nebraskan","publisher":{"@id":"https:\/\/nebraskademocrats.org\/#organization"},"potentialAction":[{"@type":"SearchAction","target":{"@type":"EntryPoint","urlTemplate":"https:\/\/nebraskademocrats.org\/?s={search_term_string}"},"query-input":{"@type":"PropertyValueSpecification","valueRequired":true,"valueName":"search_term_string"}}],"inLanguage":"su"},{"@type":"Organization","@id":"https:\/\/nebraskademocrats.org\/#organization","name":"Nebraska Democratic Party","url":"https:\/\/nebraskademocrats.org\/","logo":{"@type":"ImageObject","inLanguage":"su","@id":"https:\/\/nebraskademocrats.org\/#\/schema\/logo\/image\/","url":"https:\/\/nebraskadem.wpenginepowered.com\/wp-content\/uploads\/2016\/05\/NDP2.jpg","contentUrl":"https:\/\/nebraskadem.wpenginepowered.com\/wp-content\/uploads\/2016\/05\/NDP2.jpg","width":1000,"height":396,"caption":"Nebraska Democratic Party"},"image":{"@id":"https:\/\/nebraskademocrats.org\/#\/schema\/logo\/image\/"},"sameAs":["https:\/\/www.facebook.com\/NebraskaDemocraticParty\/","https:\/\/x.com\/nebraskadems"]}]}},"_links":{"self":[{"href":"https:\/\/nebraskademocrats.org\/su\/wp-json\/wp\/v2\/pages\/35447","targetHints":{"allow":["GET"]}}],"collection":[{"href":"https:\/\/nebraskademocrats.org\/su\/wp-json\/wp\/v2\/pages"}],"about":[{"href":"https:\/\/nebraskademocrats.org\/su\/wp-json\/wp\/v2\/types\/page"}],"author":[{"embeddable":true,"href":"https:\/\/nebraskademocrats.org\/su\/wp-json\/wp\/v2\/users\/19"}],"replies":[{"embeddable":true,"href":"https:\/\/nebraskademocrats.org\/su\/wp-json\/wp\/v2\/comments?post=35447"}],"version-history":[{"count":0,"href":"https:\/\/nebraskademocrats.org\/su\/wp-json\/wp\/v2\/pages\/35447\/revisions"}],"wp:attachment":[{"href":"https:\/\/nebraskademocrats.org\/su\/wp-json\/wp\/v2\/media?parent=35447"}],"curies":[{"name":"wp","href":"https:\/\/api.w.org\/{rel}","templated":true}]}}