{"id":36,"date":"2016-05-20T19:05:28","date_gmt":"2016-05-20T19:05:28","guid":{"rendered":"http:\/\/nebraska.precisionnewmedia.com\/?page_id=36"},"modified":"2021-02-01T13:41:08","modified_gmt":"2021-02-01T19:41:08","slug":"take-action","status":"publish","type":"page","link":"https:\/\/nebraskademocrats.org\/su\/take-action\/","title":{"rendered":"Laksanakeun"},"content":{"rendered":"<p class=\"p1\"><span class=\"s1\">Gabung sareng Demokrat anu reueus damel pikeun ngawangun Part\u00e9i urang. Babarengan, urang bakal ngetok panto, nelepon, rally di jalan jeung nyebarkeun kecap alus ngeunaan naon Nebraska Demokrat ngalakonan pikeun tumuwuh kahirupan alus pikeun ALL Nebraskans, teu ngan sababaraha di luhur.<\/span><\/p>\n<p class=\"p3\"><span class=\"s1\" style=\"font-size: 14pt;\"><b>Sumbangan<\/b><\/span><\/p>\n<p class=\"p1\"><span class=\"s1\">Nebraska Democratic Party terus nangtung, sareng berjuang pikeun calon D\u00e9mokratik sareng pejabat anu kapilih. Tapi urang teu bisa ngalakukeun tanpa anjeun. <a href=\"https:\/\/nebraskadem.wpenginepowered.com\/contribute\"><span class=\"s2\"><b>Ngarojong usaha akar umbi urang terus ku nyumbangkeun kiwari!<\/b><\/span><\/a><\/span><\/p>\n<p class=\"p3\"><span style=\"font-size: 14pt;\"><b>Ngadaptar Pikeun Sur\u00e9l\u00e9k<\/b><\/span><\/p>\n<p class=\"p3\">Janten anu pangheulana nampi beja sareng apdet panganyarna tina Nebraska Democratic Party ku <a href=\"https:\/\/actionnetwork.org\/forms\/stay-in-contact-with-nebraska-democrats?source=direct_link&amp;\"><strong>ngadaptar pikeun daptar email urang.<\/strong><\/a><\/p>\n<p><strong><span style=\"font-size: 14pt;\">Janten Kapt\u00e9n Blok<\/span><\/strong><\/p>\n<p>Nebraska Democratic Party ngaluncurkeun program Kapt\u00e9n Blok anyar dimana anjeun ngadaptarkeun pikeun nyambung sareng pamilih di komunitas anjeun pikeun milih Demokrat luhur sareng ka handap surat suara. <strong><a href=\"https:\/\/nebraskadem.wpenginepowered.com\/blog\/angry-about-gop-tax-handout-to-the-rich-become-a-block-captain\/\">Ngadaptar sarta baca sadayana ngeunaan proy\u00e9k Blok Kapt\u00e9n.<\/a><\/strong><\/p>\n<p>Unduh pamflet Blok Kapt\u00e9n kalayan jadwal pelatihan sareng kanvas:\u00a0<strong><a href=\"https:\/\/nebraskadem.wpenginepowered.com\/wp-content\/uploads\/2018\/01\/NEDEMS_Block-Captain-1.pdf\">Meunang Blok Kapt\u00e9n Flyer!<\/a><\/strong><\/p>\n<p class=\"p3\"><span class=\"s1\" style=\"font-size: 14pt;\"><b>Ngadaptar pikeun Milih sareng Milih Ku Surat<\/b><\/span><\/p>\n<p class=\"p1\"><span class=\"s1\">Tanggal Pilkada 2018 nya\u00e9ta\u00a0<strong>6 Nov\u00a0<\/strong>(Simpen tanggal ieu dina kal\u00e9nder anjeun ayeuna).<\/span><\/p>\n<p class=\"p1\"><span class=\"s1\">Milarian sadaya wates waktu, formulir pendaptaran, bentuk sora ku mail, lokasi voting, sareng inpormasi ngeunaan voting awal.\u00a0<\/span><a href=\"https:\/\/nebraskadem.wpenginepowered.com\/voting-center\/\"><span class=\"s1\"><span class=\"s2\"><b>Parios \u00e9ta!<\/b><\/span><\/span><\/a><\/p>\n<p style=\"padding-left: 30px;\">Anjeun tiasa ngalebetkeun aplikasi pikeun Vote By Mail, ieu formulirna\u2013&gt; <a href=\"http:\/\/www.sos.ne.gov\/elec\/pdf\/earlyvote_app_2016.pdf\" target=\"_blank\" rel=\"nofollow noopener noreferrer\" data-ft=\"{&quot;tn&quot;:&quot;-U&quot;}\" data-lynx-mode=\"origin\" data-lynx-uri=\"https:\/\/l.facebook.com\/l.php?u=http%3A%2F%2Fwww.sos.ne.gov%2Felec%2Fpdf%2Fearlyvote_app_2016.pdf&amp;h=ATPXu9s46CpDpSZY0ybEK8J7lAk4lHHNkgDeZcjLt7Q3k2SZccAtH-vsjHmJfz6l5y5I7pue5wxLvdjk3C0Ci9z8kCKNrFASYUb9tlmSwx2YEXUDUiK4QQte8KQ5zHj2PbqmCG6uiq7HEX7p-B7JhvFK7NS4XjF61sILKwaENvTQbg-bNU_p5jLjw9nvlgGZssKxZIRuS2tXdeu9LMXBn2Uhmek7a3h1ofc_AtS2fOm5NraoXwWLFGgLYuDuUmkR8xyylMb3QhN5uLWmC3Pxvan9hTJdybbf_7tqH9ehp5T__g\">http:\/\/www.sos.ne.gov\/elec\/pdf\/earlyvote_app_2016.pdf<\/a><\/p>\n<p style=\"padding-left: 30px;\">Kantun ngalengkepan formulir Vote By Mail sareng kirimkeun ka kantor pamilihan kabupaten anjeun: <a href=\"http:\/\/www.sos.ne.gov\/elec\/clerks.html\" target=\"_blank\" rel=\"nofollow noopener noreferrer\" data-ft=\"{&quot;tn&quot;:&quot;-U&quot;}\" data-lynx-mode=\"origin\" data-lynx-uri=\"https:\/\/l.facebook.com\/l.php?u=http%3A%2F%2Fwww.sos.ne.gov%2Felec%2Fclerks.html&amp;h=ATOOJRGZroscmMnCodsY_6F1Dtyu0i_KLr1iyZDFYG3MVQnb1XpVc834brS0afVmuG-eZRCBdk7ccAc9OzJ5EVqiHcp2GSFoYkgZR6ZS6f1vViNn9S-LgKb84ffooChbzsL728GeGTiGVyF_cl04wGdMWSSHiR-9PQTPFEMfITzktKs7Z97oJryh6KPEFgD_al5R7NsRJGPrCvJ85PWD5jpkmZeUIAz1SPcXIWhA5_BERjGaIV2YN7mSLIj5l7xZ7CIrUpz47Yy27d49ZHWmZHC_yT-280sHrvZiFm3-VuO0SQ\">http:\/\/www.sos.ne.gov\/elec\/clerks.html<\/a><\/p>\n<p>Dina kalolobaan county, iwal Lancaster County, anjeun kudu menta hiji kartu keur mere sora pikeun Pilihan prim\u00e9r sarta umum pikeun milih ku mail.<\/p>\n<p class=\"p3\"><span class=\"s1\" style=\"font-size: 14pt;\"><b>Sukarelawan<\/b><\/span><\/p>\n<p class=\"p1\"><span class=\"s1\">Nebraska Democratic Party nangtung pikeun h\u00e9bat urang <strong><a href=\"https:\/\/nebraskadem.wpenginepowered.com\/candidates\/\">Calon D\u00e9mokratik<\/a><\/strong> tumuwuh kahirupan alus pikeun sakab\u00e9h Nebraskans teu ngan sababaraha di luhur. Ngadaptar pikeun gabung tim akar rumput kami anu berjuang pikeun milih Demokrat lokal. <a href=\"https:\/\/actionnetwork.org\/forms\/stay-in-contact-with-nebraska-democrats?source=website\"><span class=\"s2\"><b>Sukarelawan ayeuna pikeun Part\u00e9i!<\/b><\/span><\/a><\/span><\/p>\n<p><span style=\"font-size: 14pt;\"><strong>Ngawula salaku Pamimpin Part\u00e9y<\/strong><\/span><\/p>\n<p>Upami anjeun hoyong nyandak jam sukarelawan anjeun ka tingkat salajengna, panggihan kumaha anjeun tiasa <strong><a href=\"https:\/\/nebraskadem.wpenginepowered.com\/be-a-party-leader\/\">ngawula salaku Pamimpin Part\u00e9i<\/a><\/strong>. Kami ngagaduhan posisi dina Komite Pusat Propinsi kami, Kursi County sareng seueur deui. Posisi ieu mangrupikeun tulang tonggong Part\u00e9y urang.<\/p>\n<p><span style=\"font-size: 14pt;\"><strong>Meunang Dilatih\u2013Proy\u00e9k Bangku Biru<\/strong><\/span><\/p>\n<p>Kami nawiskeun pelatihan sapanjang taun pikeun calon sareng pamimpin partai akar rumput. <strong><a href=\"https:\/\/nebraskadem.wpenginepowered.com\/take-action\/blue-bench-project\/\">K\u00e9ngingkeun sadaya inpormasi sareng ngadaptarkeun akun latihan online gratis<\/a>.<\/strong><\/p>\n<p class=\"p3\"><span class=\"s1\" style=\"font-size: 14pt;\"><b>Surat pikeun \u00c9ditor<\/b><\/span><\/p>\n<p class=\"p1\"><span class=\"s1\">Ngabantosan nyebarkeun pesen Nebraska Democratic Party ku cara ngahubungi koran lokal anjeun sareng nyerat surat ka redaktur. <a href=\"http:\/\/nebraska.precisionnewmedia.com\/blog\/write-a-letter-to-the-editor\/\"><strong><span class=\"s2\">Tulis surat ayeuna!<\/span><\/strong><\/a><\/span><\/p>\n<p class=\"p3\"><span class=\"s1\" style=\"font-size: 14pt;\"><b>Kajadian<\/b><\/span><\/p>\n<p class=\"p1\"><span class=\"s1\">Laksanakeun tindakan sacara lokal ku ngahadiran acara Part\u00e9y D\u00e9mokratik caket dieu anjeun di a <strong><a href=\"https:\/\/nebraskadem.wpenginepowered.com\/get-local\/\">Rapat Part\u00e9y Kab<\/a><\/strong> atanapi hadir salah sahiji urang <strong><a href=\"https:\/\/nebraskadem.wpenginepowered.com\/events\/\">rapat quarterly state-lega<\/a>.\u00a0<\/strong><\/span><\/p>\n<p><span style=\"font-size: 14pt;\"><strong>Bagikeun Kajadian sareng Retweet<\/strong><\/span><\/p>\n<p>M\u00e9dia sosial mangrupikeun cara anu sa\u00e9 anjeun tiasa ngabantosan nyebarkeun kecap ngeunaan Part\u00e9i kami.<\/p>\n<p class=\"p1\" style=\"padding-left: 30px;\"><strong>Facebook:<\/strong>\u00a0<a href=\"https:\/\/www.facebook.com\/NebraskaDemocraticParty\/\">https:\/\/www.facebook.com\/NebraskaDemocraticParty\/<\/a><\/p>\n<p class=\"p1\" style=\"padding-left: 30px;\"><strong>Twitter:<\/strong>\u00a0<a href=\"https:\/\/twitter.com\/NebraskaDems\">https:\/\/twitter.com\/NebraskaDems\u00a0<\/a><\/p>\n<p>&nbsp;<\/p>","protected":false},"excerpt":{"rendered":"<p>Join the proud Democrats working to build our Party. Together, we\u2019ll knock on doors, make calls, rally in the streets and spread the good word about what Nebraska Democrats are doing to grow the good life for ALL Nebraskans, not just\u00a0a few at the top. Donate The Nebraska Democratic Party continues to stand up, and &#8230; <a title=\"Laksanakeun\" class=\"read-more\" href=\"https:\/\/nebraskademocrats.org\/su\/take-action\/\" aria-label=\"More on Take Action\">Maca deui<\/a><\/p>","protected":false},"author":19,"featured_media":0,"parent":0,"menu_order":0,"comment_status":"closed","ping_status":"closed","template":"","meta":{"_acf_changed":false,"_exactmetrics_skip_tracking":false,"_exactmetrics_sitenote_active":false,"_exactmetrics_sitenote_note":"","_exactmetrics_sitenote_category":0,"footnotes":""},"class_list":["post-36","page","type-page","status-publish"],"acf":[],"yoast_head":"<!-- This site is optimized with the Yoast SEO plugin v27.4 - https:\/\/yoast.com\/product\/yoast-seo-wordpress\/ -->\n<title>Take Action &#8211; Nebraska Democratic Party<\/title>\n<meta name=\"robots\" content=\"index, follow, max-snippet:-1, max-image-preview:large, max-video-preview:-1\" \/>\n<link rel=\"canonical\" href=\"https:\/\/nebraskademocrats.org\/su\/take-action\/\" \/>\n<meta property=\"og:locale\" content=\"en_US\" \/>\n<meta property=\"og:type\" content=\"article\" \/>\n<meta property=\"og:title\" content=\"Take Action &#8211; Nebraska Democratic Party\" \/>\n<meta property=\"og:description\" content=\"Join the proud Democrats working to build our Party. Together, we\u2019ll knock on doors, make calls, rally in the streets and spread the good word about what Nebraska Democrats are doing to grow the good life for ALL Nebraskans, not just\u00a0a few at the top. Donate The Nebraska Democratic Party continues to stand up, and ... Read more\" \/>\n<meta property=\"og:url\" content=\"https:\/\/nebraskademocrats.org\/su\/take-action\/\" \/>\n<meta property=\"og:site_name\" content=\"Nebraska Democratic Party\" \/>\n<meta property=\"article:publisher\" content=\"https:\/\/www.facebook.com\/NebraskaDemocraticParty\/\" \/>\n<meta property=\"article:modified_time\" content=\"2021-02-01T19:41:08+00:00\" \/>\n<meta property=\"og:image\" content=\"https:\/\/nebraskademocrats.org\/wp-content\/uploads\/2018\/09\/ne-dems-fb.jpg\" \/>\n\t<meta property=\"og:image:width\" content=\"1200\" \/>\n\t<meta property=\"og:image:height\" content=\"630\" \/>\n\t<meta property=\"og:image:type\" content=\"image\/jpeg\" \/>\n<meta name=\"twitter:card\" content=\"summary_large_image\" \/>\n<meta name=\"twitter:site\" content=\"@nebraskadems\" \/>\n<meta name=\"twitter:label1\" content=\"Est. reading time\" \/>\n\t<meta name=\"twitter:data1\" content=\"2 minutes\" \/>\n<script type=\"application\/ld+json\" class=\"yoast-schema-graph\">{\"@context\":\"https:\\\/\\\/schema.org\",\"@graph\":[{\"@type\":\"WebPage\",\"@id\":\"https:\\\/\\\/nebraskademocrats.org\\\/take-action\\\/\",\"url\":\"https:\\\/\\\/nebraskademocrats.org\\\/take-action\\\/\",\"name\":\"Take Action &#8211; Nebraska Democratic Party\",\"isPartOf\":{\"@id\":\"https:\\\/\\\/nebraskademocrats.org\\\/#website\"},\"datePublished\":\"2016-05-20T19:05:28+00:00\",\"dateModified\":\"2021-02-01T19:41:08+00:00\",\"breadcrumb\":{\"@id\":\"https:\\\/\\\/nebraskademocrats.org\\\/take-action\\\/#breadcrumb\"},\"inLanguage\":\"su\",\"potentialAction\":[{\"@type\":\"ReadAction\",\"target\":[\"https:\\\/\\\/nebraskademocrats.org\\\/take-action\\\/\"]}]},{\"@type\":\"BreadcrumbList\",\"@id\":\"https:\\\/\\\/nebraskademocrats.org\\\/take-action\\\/#breadcrumb\",\"itemListElement\":[{\"@type\":\"ListItem\",\"position\":1,\"name\":\"Home\",\"item\":\"https:\\\/\\\/nebraskademocrats.org\\\/\"},{\"@type\":\"ListItem\",\"position\":2,\"name\":\"Take Action\"}]},{\"@type\":\"WebSite\",\"@id\":\"https:\\\/\\\/nebraskademocrats.org\\\/#website\",\"url\":\"https:\\\/\\\/nebraskademocrats.org\\\/\",\"name\":\"Nebraska Democratic Party\",\"description\":\"Growing the Good Life for All Nebraskans\",\"publisher\":{\"@id\":\"https:\\\/\\\/nebraskademocrats.org\\\/#organization\"},\"potentialAction\":[{\"@type\":\"SearchAction\",\"target\":{\"@type\":\"EntryPoint\",\"urlTemplate\":\"https:\\\/\\\/nebraskademocrats.org\\\/?s={search_term_string}\"},\"query-input\":{\"@type\":\"PropertyValueSpecification\",\"valueRequired\":true,\"valueName\":\"search_term_string\"}}],\"inLanguage\":\"su\"},{\"@type\":\"Organization\",\"@id\":\"https:\\\/\\\/nebraskademocrats.org\\\/#organization\",\"name\":\"Nebraska Democratic Party\",\"url\":\"https:\\\/\\\/nebraskademocrats.org\\\/\",\"logo\":{\"@type\":\"ImageObject\",\"inLanguage\":\"su\",\"@id\":\"https:\\\/\\\/nebraskademocrats.org\\\/#\\\/schema\\\/logo\\\/image\\\/\",\"url\":\"https:\\\/\\\/nebraskadem.wpenginepowered.com\\\/wp-content\\\/uploads\\\/2016\\\/05\\\/NDP2.jpg\",\"contentUrl\":\"https:\\\/\\\/nebraskadem.wpenginepowered.com\\\/wp-content\\\/uploads\\\/2016\\\/05\\\/NDP2.jpg\",\"width\":1000,\"height\":396,\"caption\":\"Nebraska Democratic Party\"},\"image\":{\"@id\":\"https:\\\/\\\/nebraskademocrats.org\\\/#\\\/schema\\\/logo\\\/image\\\/\"},\"sameAs\":[\"https:\\\/\\\/www.facebook.com\\\/NebraskaDemocraticParty\\\/\",\"https:\\\/\\\/x.com\\\/nebraskadems\"]}]}<\/script>\n<!-- \/ Yoast SEO plugin. -->","yoast_head_json":{"title":"Take Action &#8211; Nebraska Democratic Party","robots":{"index":"index","follow":"follow","max-snippet":"max-snippet:-1","max-image-preview":"max-image-preview:large","max-video-preview":"max-video-preview:-1"},"canonical":"https:\/\/nebraskademocrats.org\/su\/take-action\/","og_locale":"en_US","og_type":"article","og_title":"Take Action &#8211; Nebraska Democratic Party","og_description":"Join the proud Democrats working to build our Party. Together, we\u2019ll knock on doors, make calls, rally in the streets and spread the good word about what Nebraska Democrats are doing to grow the good life for ALL Nebraskans, not just\u00a0a few at the top. Donate The Nebraska Democratic Party continues to stand up, and ... Read more","og_url":"https:\/\/nebraskademocrats.org\/su\/take-action\/","og_site_name":"Nebraska Democratic Party","article_publisher":"https:\/\/www.facebook.com\/NebraskaDemocraticParty\/","article_modified_time":"2021-02-01T19:41:08+00:00","og_image":[{"width":1200,"height":630,"url":"https:\/\/nebraskademocrats.org\/wp-content\/uploads\/2018\/09\/ne-dems-fb.jpg","type":"image\/jpeg"}],"twitter_card":"summary_large_image","twitter_site":"@nebraskadems","twitter_misc":{"Est. reading time":"2 minutes"},"schema":{"@context":"https:\/\/schema.org","@graph":[{"@type":"WebPage","@id":"https:\/\/nebraskademocrats.org\/take-action\/","url":"https:\/\/nebraskademocrats.org\/take-action\/","name":"Take Action &#8211; Nebraska Democratic Party","isPartOf":{"@id":"https:\/\/nebraskademocrats.org\/#website"},"datePublished":"2016-05-20T19:05:28+00:00","dateModified":"2021-02-01T19:41:08+00:00","breadcrumb":{"@id":"https:\/\/nebraskademocrats.org\/take-action\/#breadcrumb"},"inLanguage":"su","potentialAction":[{"@type":"ReadAction","target":["https:\/\/nebraskademocrats.org\/take-action\/"]}]},{"@type":"BreadcrumbList","@id":"https:\/\/nebraskademocrats.org\/take-action\/#breadcrumb","itemListElement":[{"@type":"ListItem","position":1,"name":"Home","item":"https:\/\/nebraskademocrats.org\/"},{"@type":"ListItem","position":2,"name":"Take Action"}]},{"@type":"WebSite","@id":"https:\/\/nebraskademocrats.org\/#website","url":"https:\/\/nebraskademocrats.org\/","name":"Nebraska Democratic Party","description":"Tumuwuh Kahirupan Anu Sa\u00e9 pikeun Sadayana Nebraskan","publisher":{"@id":"https:\/\/nebraskademocrats.org\/#organization"},"potentialAction":[{"@type":"SearchAction","target":{"@type":"EntryPoint","urlTemplate":"https:\/\/nebraskademocrats.org\/?s={search_term_string}"},"query-input":{"@type":"PropertyValueSpecification","valueRequired":true,"valueName":"search_term_string"}}],"inLanguage":"su"},{"@type":"Organization","@id":"https:\/\/nebraskademocrats.org\/#organization","name":"Nebraska Democratic Party","url":"https:\/\/nebraskademocrats.org\/","logo":{"@type":"ImageObject","inLanguage":"su","@id":"https:\/\/nebraskademocrats.org\/#\/schema\/logo\/image\/","url":"https:\/\/nebraskadem.wpenginepowered.com\/wp-content\/uploads\/2016\/05\/NDP2.jpg","contentUrl":"https:\/\/nebraskadem.wpenginepowered.com\/wp-content\/uploads\/2016\/05\/NDP2.jpg","width":1000,"height":396,"caption":"Nebraska Democratic Party"},"image":{"@id":"https:\/\/nebraskademocrats.org\/#\/schema\/logo\/image\/"},"sameAs":["https:\/\/www.facebook.com\/NebraskaDemocraticParty\/","https:\/\/x.com\/nebraskadems"]}]}},"_links":{"self":[{"href":"https:\/\/nebraskademocrats.org\/su\/wp-json\/wp\/v2\/pages\/36","targetHints":{"allow":["GET"]}}],"collection":[{"href":"https:\/\/nebraskademocrats.org\/su\/wp-json\/wp\/v2\/pages"}],"about":[{"href":"https:\/\/nebraskademocrats.org\/su\/wp-json\/wp\/v2\/types\/page"}],"author":[{"embeddable":true,"href":"https:\/\/nebraskademocrats.org\/su\/wp-json\/wp\/v2\/users\/19"}],"replies":[{"embeddable":true,"href":"https:\/\/nebraskademocrats.org\/su\/wp-json\/wp\/v2\/comments?post=36"}],"version-history":[{"count":0,"href":"https:\/\/nebraskademocrats.org\/su\/wp-json\/wp\/v2\/pages\/36\/revisions"}],"wp:attachment":[{"href":"https:\/\/nebraskademocrats.org\/su\/wp-json\/wp\/v2\/media?parent=36"}],"curies":[{"name":"wp","href":"https:\/\/api.w.org\/{rel}","templated":true}]}}