{"id":37739,"date":"2022-04-21T12:58:28","date_gmt":"2022-04-21T17:58:28","guid":{"rendered":"https:\/\/nebraskadem.wpenginepowered.com\/?page_id=37739"},"modified":"2022-04-21T12:58:28","modified_gmt":"2022-04-21T17:58:28","slug":"get-involved","status":"publish","type":"page","link":"https:\/\/nebraskademocrats.org\/su\/get-involved\/","title":{"rendered":"Aub!"},"content":{"rendered":"<p>Aya seueur cara anjeun tiasa ngiringan ngabantosan Demokrat meunang!<\/p>\n<ul>\n<li><a href=\"https:\/\/www.mobilize.us\/nebdems\/event\/379336\/\"><b>Sukarelawan\u00a0<\/b><\/a><\/li>\n<li><a href=\"https:\/\/nebraskadem.wpenginepowered.com\/2022-democratic-candidates\/\"><b>Milih calon pikeun ngarojong ku canvassing jeung putting up tanda pakarangan<\/b><\/a><\/li>\n<li><a href=\"https:\/\/secure.actblue.com\/donate\/nebdem?refcode=website\"><b>Janten Donor Bulanan<\/b><\/a><\/li>\n<li><a href=\"https:\/\/actionnetwork.org\/forms\/stay-in-contact-with-nebraska-democrats?source=website\"><b>Ngadaptarkeun surelek kami sareng buletin mingguan<\/b><\/a><\/li>\n<li><a href=\"https:\/\/nebraskadem.wpenginepowered.com\/officers\/\"><b>Aub sareng anjeun pihak county<\/b><\/a><\/li>\n<li><a href=\"https:\/\/iwillvote.com\/?state=NE\"><b>Ngabantosan kulawarga sareng r\u00e9r\u00e9ncangan anjeun ngadaptar pikeun milih<\/b><\/a><\/li>\n<li><b>Ngadaptar pikeun milih ku mail<br \/>\n<\/b><\/li>\n<li><a href=\"https:\/\/nebraskadem.wpenginepowered.com\/become-a-block-captain\/\"><b>Janten Kapt\u00e9n Blok<\/b><\/a><\/li>\n<li><a href=\"https:\/\/nebraskadem.wpenginepowered.com\/sccminutes\/\"><b>Datangna ka Panitia Pusat Propinsi kami sabtu minggu pikeun palatihan<\/b><\/a><\/li>\n<\/ul>","protected":false},"excerpt":{"rendered":"<p>Aya seueur cara anjeun tiasa ngiringan ngabantosan Demokrat meunang! Sukarelawan Pilih calon pikeun ngadukung ku cara nganyahokeun sareng masang tanda-tanda halaman janten Donor Bulanan Ngadaptarkeun email kami sareng buletin mingguan Aub sareng anjeun p\u00e9sta kabupaten Bantosan kulawarga sareng r\u00e9r\u00e9ncangan anjeun ngadaptar pikeun milih Asupkeun pikeun milih\u2026 <a title=\"Aub!\" class=\"read-more\" href=\"https:\/\/nebraskademocrats.org\/su\/get-involved\/\" aria-label=\"Langkung lengkep ihwal Meunang Aub!\">Maca deui<\/a><\/p>","protected":false},"author":19,"featured_media":0,"parent":0,"menu_order":0,"comment_status":"closed","ping_status":"closed","template":"","meta":{"_acf_changed":false,"_exactmetrics_skip_tracking":false,"_exactmetrics_sitenote_active":false,"_exactmetrics_sitenote_note":"","_exactmetrics_sitenote_category":0,"footnotes":""},"class_list":["post-37739","page","type-page","status-publish"],"acf":[],"yoast_head":"<!-- This site is optimized with the Yoast SEO plugin v27.5 - https:\/\/yoast.com\/product\/yoast-seo-wordpress\/ -->\n<title>Get Involved! &#8211; Nebraska Democratic Party<\/title>\n<meta name=\"robots\" content=\"index, follow, max-snippet:-1, max-image-preview:large, max-video-preview:-1\" \/>\n<link rel=\"canonical\" href=\"https:\/\/nebraskademocrats.org\/su\/get-involved\/\" \/>\n<meta property=\"og:locale\" content=\"en_US\" \/>\n<meta property=\"og:type\" content=\"article\" \/>\n<meta property=\"og:title\" content=\"Get Involved! &#8211; Nebraska Democratic Party\" \/>\n<meta property=\"og:description\" content=\"There are many ways you can get involved to help Democrats win! Volunteer\u00a0 Choose a candidate to support by canvassing and putting up yard signs Become a Monthly Donor Sign up for our emails and weekly newsletter Get involved with you county party Help your family and friends register to vote Sign up to vote ... Read more\" \/>\n<meta property=\"og:url\" content=\"https:\/\/nebraskademocrats.org\/su\/get-involved\/\" \/>\n<meta property=\"og:site_name\" content=\"Nebraska Democratic Party\" \/>\n<meta property=\"article:publisher\" content=\"https:\/\/www.facebook.com\/NebraskaDemocraticParty\/\" \/>\n<meta property=\"og:image\" content=\"https:\/\/nebraskademocrats.org\/wp-content\/uploads\/2018\/09\/ne-dems-fb.jpg\" \/>\n\t<meta property=\"og:image:width\" content=\"1200\" \/>\n\t<meta property=\"og:image:height\" content=\"630\" \/>\n\t<meta property=\"og:image:type\" content=\"image\/jpeg\" \/>\n<meta name=\"twitter:card\" content=\"summary_large_image\" \/>\n<meta name=\"twitter:site\" content=\"@nebraskadems\" \/>\n<meta name=\"twitter:label1\" content=\"Est. reading time\" \/>\n\t<meta name=\"twitter:data1\" content=\"1 minute\" \/>\n<script type=\"application\/ld+json\" class=\"yoast-schema-graph\">{\"@context\":\"https:\\\/\\\/schema.org\",\"@graph\":[{\"@type\":\"WebPage\",\"@id\":\"https:\\\/\\\/nebraskademocrats.org\\\/get-involved\\\/\",\"url\":\"https:\\\/\\\/nebraskademocrats.org\\\/get-involved\\\/\",\"name\":\"Get Involved! &#8211; Nebraska Democratic Party\",\"isPartOf\":{\"@id\":\"https:\\\/\\\/nebraskademocrats.org\\\/#website\"},\"datePublished\":\"2022-04-21T17:58:28+00:00\",\"breadcrumb\":{\"@id\":\"https:\\\/\\\/nebraskademocrats.org\\\/get-involved\\\/#breadcrumb\"},\"inLanguage\":\"su\",\"potentialAction\":[{\"@type\":\"ReadAction\",\"target\":[\"https:\\\/\\\/nebraskademocrats.org\\\/get-involved\\\/\"]}]},{\"@type\":\"BreadcrumbList\",\"@id\":\"https:\\\/\\\/nebraskademocrats.org\\\/get-involved\\\/#breadcrumb\",\"itemListElement\":[{\"@type\":\"ListItem\",\"position\":1,\"name\":\"Home\",\"item\":\"https:\\\/\\\/nebraskademocrats.org\\\/\"},{\"@type\":\"ListItem\",\"position\":2,\"name\":\"Get Involved!\"}]},{\"@type\":\"WebSite\",\"@id\":\"https:\\\/\\\/nebraskademocrats.org\\\/#website\",\"url\":\"https:\\\/\\\/nebraskademocrats.org\\\/\",\"name\":\"Nebraska Democratic Party\",\"description\":\"Growing the Good Life for All Nebraskans\",\"publisher\":{\"@id\":\"https:\\\/\\\/nebraskademocrats.org\\\/#organization\"},\"potentialAction\":[{\"@type\":\"SearchAction\",\"target\":{\"@type\":\"EntryPoint\",\"urlTemplate\":\"https:\\\/\\\/nebraskademocrats.org\\\/?s={search_term_string}\"},\"query-input\":{\"@type\":\"PropertyValueSpecification\",\"valueRequired\":true,\"valueName\":\"search_term_string\"}}],\"inLanguage\":\"su\"},{\"@type\":\"Organization\",\"@id\":\"https:\\\/\\\/nebraskademocrats.org\\\/#organization\",\"name\":\"Nebraska Democratic Party\",\"url\":\"https:\\\/\\\/nebraskademocrats.org\\\/\",\"logo\":{\"@type\":\"ImageObject\",\"inLanguage\":\"su\",\"@id\":\"https:\\\/\\\/nebraskademocrats.org\\\/#\\\/schema\\\/logo\\\/image\\\/\",\"url\":\"https:\\\/\\\/nebraskadem.wpenginepowered.com\\\/wp-content\\\/uploads\\\/2016\\\/05\\\/NDP2.jpg\",\"contentUrl\":\"https:\\\/\\\/nebraskadem.wpenginepowered.com\\\/wp-content\\\/uploads\\\/2016\\\/05\\\/NDP2.jpg\",\"width\":1000,\"height\":396,\"caption\":\"Nebraska Democratic Party\"},\"image\":{\"@id\":\"https:\\\/\\\/nebraskademocrats.org\\\/#\\\/schema\\\/logo\\\/image\\\/\"},\"sameAs\":[\"https:\\\/\\\/www.facebook.com\\\/NebraskaDemocraticParty\\\/\",\"https:\\\/\\\/x.com\\\/nebraskadems\"]}]}<\/script>\n<!-- \/ Yoast SEO plugin. -->","yoast_head_json":{"title":"Get Involved! &#8211; Nebraska Democratic Party","robots":{"index":"index","follow":"follow","max-snippet":"max-snippet:-1","max-image-preview":"max-image-preview:large","max-video-preview":"max-video-preview:-1"},"canonical":"https:\/\/nebraskademocrats.org\/su\/get-involved\/","og_locale":"en_US","og_type":"article","og_title":"Get Involved! &#8211; Nebraska Democratic Party","og_description":"There are many ways you can get involved to help Democrats win! Volunteer\u00a0 Choose a candidate to support by canvassing and putting up yard signs Become a Monthly Donor Sign up for our emails and weekly newsletter Get involved with you county party Help your family and friends register to vote Sign up to vote ... Read more","og_url":"https:\/\/nebraskademocrats.org\/su\/get-involved\/","og_site_name":"Nebraska Democratic Party","article_publisher":"https:\/\/www.facebook.com\/NebraskaDemocraticParty\/","og_image":[{"width":1200,"height":630,"url":"https:\/\/nebraskademocrats.org\/wp-content\/uploads\/2018\/09\/ne-dems-fb.jpg","type":"image\/jpeg"}],"twitter_card":"summary_large_image","twitter_site":"@nebraskadems","twitter_misc":{"Est. reading time":"1 minute"},"schema":{"@context":"https:\/\/schema.org","@graph":[{"@type":"WebPage","@id":"https:\/\/nebraskademocrats.org\/get-involved\/","url":"https:\/\/nebraskademocrats.org\/get-involved\/","name":"Get Involved! &#8211; Nebraska Democratic Party","isPartOf":{"@id":"https:\/\/nebraskademocrats.org\/#website"},"datePublished":"2022-04-21T17:58:28+00:00","breadcrumb":{"@id":"https:\/\/nebraskademocrats.org\/get-involved\/#breadcrumb"},"inLanguage":"su","potentialAction":[{"@type":"ReadAction","target":["https:\/\/nebraskademocrats.org\/get-involved\/"]}]},{"@type":"BreadcrumbList","@id":"https:\/\/nebraskademocrats.org\/get-involved\/#breadcrumb","itemListElement":[{"@type":"ListItem","position":1,"name":"Home","item":"https:\/\/nebraskademocrats.org\/"},{"@type":"ListItem","position":2,"name":"Get Involved!"}]},{"@type":"WebSite","@id":"https:\/\/nebraskademocrats.org\/#website","url":"https:\/\/nebraskademocrats.org\/","name":"Nebraska Democratic Party","description":"Tumuwuh Kahirupan Anu Sa\u00e9 pikeun Sadayana Nebraskan","publisher":{"@id":"https:\/\/nebraskademocrats.org\/#organization"},"potentialAction":[{"@type":"SearchAction","target":{"@type":"EntryPoint","urlTemplate":"https:\/\/nebraskademocrats.org\/?s={search_term_string}"},"query-input":{"@type":"PropertyValueSpecification","valueRequired":true,"valueName":"search_term_string"}}],"inLanguage":"su"},{"@type":"Organization","@id":"https:\/\/nebraskademocrats.org\/#organization","name":"Nebraska Democratic Party","url":"https:\/\/nebraskademocrats.org\/","logo":{"@type":"ImageObject","inLanguage":"su","@id":"https:\/\/nebraskademocrats.org\/#\/schema\/logo\/image\/","url":"https:\/\/nebraskadem.wpenginepowered.com\/wp-content\/uploads\/2016\/05\/NDP2.jpg","contentUrl":"https:\/\/nebraskadem.wpenginepowered.com\/wp-content\/uploads\/2016\/05\/NDP2.jpg","width":1000,"height":396,"caption":"Nebraska Democratic Party"},"image":{"@id":"https:\/\/nebraskademocrats.org\/#\/schema\/logo\/image\/"},"sameAs":["https:\/\/www.facebook.com\/NebraskaDemocraticParty\/","https:\/\/x.com\/nebraskadems"]}]}},"_links":{"self":[{"href":"https:\/\/nebraskademocrats.org\/su\/wp-json\/wp\/v2\/pages\/37739","targetHints":{"allow":["GET"]}}],"collection":[{"href":"https:\/\/nebraskademocrats.org\/su\/wp-json\/wp\/v2\/pages"}],"about":[{"href":"https:\/\/nebraskademocrats.org\/su\/wp-json\/wp\/v2\/types\/page"}],"author":[{"embeddable":true,"href":"https:\/\/nebraskademocrats.org\/su\/wp-json\/wp\/v2\/users\/19"}],"replies":[{"embeddable":true,"href":"https:\/\/nebraskademocrats.org\/su\/wp-json\/wp\/v2\/comments?post=37739"}],"version-history":[{"count":0,"href":"https:\/\/nebraskademocrats.org\/su\/wp-json\/wp\/v2\/pages\/37739\/revisions"}],"wp:attachment":[{"href":"https:\/\/nebraskademocrats.org\/su\/wp-json\/wp\/v2\/media?parent=37739"}],"curies":[{"name":"wp","href":"https:\/\/api.w.org\/{rel}","templated":true}]}}