{"id":38,"date":"2016-05-20T19:05:42","date_gmt":"2016-05-20T19:05:42","guid":{"rendered":"http:\/\/nebraska.precisionnewmedia.com\/?page_id=38"},"modified":"2023-02-25T14:54:21","modified_gmt":"2023-02-25T20:54:21","slug":"letter-to-the-editor","status":"publish","type":"page","link":"https:\/\/nebraskademocrats.org\/su\/letter-to-the-editor\/","title":{"rendered":"Surat ka Redaksi"},"content":{"rendered":"<div data-elementor-type=\"wp-page\" data-elementor-id=\"38\" class=\"elementor elementor-38\" data-elementor-post-type=\"page\">\n\t\t\t\t\t\t<section class=\"elementor-section elementor-top-section elementor-element elementor-element-21f8bcd8 elementor-section-boxed elementor-section-height-default elementor-section-height-default\" data-id=\"21f8bcd8\" data-element_type=\"section\" data-e-type=\"section\">\n\t\t\t\t\t\t<div class=\"elementor-container elementor-column-gap-default\">\n\t\t\t\t\t<div class=\"elementor-column elementor-col-100 elementor-top-column elementor-element elementor-element-3e7bc72d\" data-id=\"3e7bc72d\" data-element_type=\"column\" data-e-type=\"column\">\n\t\t\t<div class=\"elementor-widget-wrap elementor-element-populated\">\n\t\t\t\t\t\t<div class=\"elementor-element elementor-element-2144bc6a elementor-widget elementor-widget-text-editor\" data-id=\"2144bc6a\" data-element_type=\"widget\" data-e-type=\"widget\" data-widget_type=\"text-editor.default\">\n\t\t\t\t<div class=\"elementor-widget-container\">\n\t\t\t\t\t\t\t\t\t<p>Nulis surat ka redaktur mangrupikeun cara anu sa\u00e9 pikeun nyoarakeun pendapat sareng dukungan anjeun pikeun calon, masalah, sareng Partai D\u00e9mokratik di sakuliah Nebraska.<\/p>\n<p>Ngirim serat ka Editor gampang.<\/p>\n<p>Ku ngaklik tautan di handap ieu anjeun tiasa ngalebetkeun serat ka \u00e9ditor kana sababaraha publikasi anu paling lega di Nebraska.<\/p>\n<p><a href=\"https:\/\/beatricedailysun.com\/forms\/contact\/letter_to_the_editor\/\"><strong>B<\/strong><strong>dahar<\/strong><\/a><\/p>\n<p><strong><a href=\"https:\/\/www.hastingstribune.com\/site\/forms\/online_services\/letter_editor\/\">Hastings<\/a><\/strong><\/p>\n<p><strong><a href=\"https:\/\/www.theindependent.com\/site\/forms\/online_services\/letter\/\">Grand Island<\/a><\/strong><\/p>\n<p><strong><a href=\"https:\/\/www.yorknewstimes.com\/site\/forms\/online_services\/letter\/letter_editor\/\">York<\/a><\/strong><\/p>\n<p><strong><a href=\"https:\/\/www.kearneyhub.com\/submission_forms\/letter_to_editor\/\">Kearney<\/a><\/strong><\/p>\n<p><strong><a href=\"https:\/\/www.nptelegraph.com\/site\/forms\/online_services\/letter_editor\">Platte Kal\u00e9r<\/a><\/strong><\/p>\n<p><strong><a href=\"https:\/\/www.mccookgazette.com\/story\/1671987.html\">McCook<\/a><\/strong><\/p>\n<p><strong><a href=\"https:\/\/www.starherald.com\/site\/forms\/online_services\/letter_editor\/\">Scottsbluff<\/a><\/strong><\/p>\n<p><strong><a href=\"https:\/\/norfolkdailynews.com\/site\/forms\/online_services\/letter\/letter_editor\/\">Norfolk<\/a><\/strong><\/p>\n<p><strong><a href=\"https:\/\/www.omaha.com\/site\/forms\/public_pulse\/\">Omaha<\/a><\/strong><\/p>\n<p><strong><a href=\"http:\/\/www.suntelegraph.com\/contact\">Sidney<\/a><\/strong><\/p>\n<p><strong><a href=\"https:\/\/www.alliancetimes.com\/site\/forms\/online_services\/letter_editor\/\">Aliansi<\/a><\/strong><\/p>\n<p><strong><a href=\"https:\/\/journalstar.com\/forms\/online_services\/letter\/\">Lincoln<\/a><\/strong><\/p>\n<p>Teu mendakan koran anu dipilari?<\/p>\n<p>Kanggo daptar lengkep inpo kontak ka anu san\u00e9s <a href=\"http:\/\/www.usnpl.com\/nenews.php\">publikasi poean jeung mingguan di Nebraska didatangan link ieu.<\/a><\/p>\n<p><strong>Tips Dasar pikeun LTEs<\/strong><\/p>\n<p>Mimitian ku bubuka anu pikaresepeun, sareng jelaskeun poin anjeun dina paragraf kahiji.<\/p>\n<p>Makalah gaduh pedoman anu b\u00e9da, anu dipasang dina situs w\u00e9bna. Paling merlukeun anjeun tetep<strong><em> surat anjeun ka 200-300 kecap<\/em><\/strong><strong><strong><em>.<\/em><\/strong><\/strong><\/p>\n<p>Nyatakeun fakta, tapi ulah overuse angka. Surat-surat anu ngajelaskeun naha anjeun sacara pribadi nentang tagihan atanapi ngabela hiji masalah ngabantosan pamaca pikeun nyambung sareng anjeun langkung seueur tibatan upami anjeun ngan ukur nyebut nomer.<\/p>\n<p><a href=\"http:\/\/www.nea.org\/home\/19683.htm\">Tips langkung ti grup sekutu NEA.<\/a><\/p><p>Tips ieu ti&nbsp;<a href=\"https:\/\/www.aclu.org\/other\/tips-writing-letter-editor\">ACLU<\/a>&nbsp;mangrupikeun pitunjuk anu had\u00e9 pikeun nyerat serat ka editor.<\/p><ul><li>Tetep pondok tur dina hiji subjek. Seueur koran gaduh wates anu ketat dina panjang surat sareng gaduh rohangan terbatas pikeun nyebarkeunana. Ngajaga surat anjeun singget bakal ngabantosan y\u00e9n poin penting anjeun henteu dipotong ku koran. Ngagunakeun \u00e9ta&nbsp;<a href=\"https:\/\/www.aclu.org\/other\/tips-writing-your-elected-officials\">&quot;Tips dina Nulis ka Pajabat Anjeun Kapilih&quot;<\/a>&nbsp;salaku pituduh.<\/li><li>Jieun kabaca. Surat anjeun henteu kedah mewah, tapi anjeun kedah nganggo komputer upami tulisan anjeun sesah dibaca.<\/li><li>Kirim surat ka koran komunitas mingguan og\u00e9. Nu leuwih leutik sirkulasi koran urang, nu leuwih gampang pikeun meunangkeun surat anjeun dicitak.<\/li><li style=\"text-align: left;\">Pastikeun kalebet inpormasi kontak anjeun. Seueur koran bakal nyetak serat ka \u00e9ditor saatos nelepon panulis pikeun mastikeun id\u00e9ntitas sareng alamatna. Koran moal masihan inpormasi \u00e9ta, sareng biasana ngan ukur nyetak nami sareng kota anjeun upami surat anjeun diterbitkeun.<\/li><\/ul><h3 style=\"font-style: normal;\"><span style=\"font-weight: 700;\">Contoh Surat No 1<\/span><\/h3><p>Dear Editor:<\/p><p>Kuring kaganggu - sareng anjeun kedah teuing - y\u00e9n GOP deui ngusulkeun y\u00e9n bakal uih deui Nebraska kana metode anu meunang-meunang-sadayana pikeun ngalokasikeun undian Electoral College.<\/p><p>Ngan Nebraska sareng Maine ngabagi sora pamilihanna - sareng juara lomba pikeun pr\u00e9sid\u00e9n anu nampi sora dina unggal atanapi tilu distrik kongres urang, sareng dua anu san\u00e9s janten juara statewide.&nbsp;<\/p><div class=\"lee-article-text\">Mod\u00e9l Nebraska masihan sora pamilihan umum ngaj\u00e9nan prinsip-prinsip bapak pendiri.<\/div><div id=\"tncms-region-article_instory_middle\" class=\"tncms-region hidden-print\"><div id=\"tncms-block-1727966\" class=\"tncms-block\"><p>Part\u00e9i Republik Nebraska parantos nyobian ngarobih sistem ieu dalapan taun ka pengker sareng gagal kusabab usaha anggota parlem\u00e9n tingkat tingkat sareng kelompok masarakat sapertos ACLU sareng Civic Nebraska.<\/p><p>Usaha ayeuna ku GOP sareng S\u00e9n Julie Slama kedah gagal deui.<\/p><p>Tulus,<\/p><\/div><\/div><div>Nami Anjeun<\/div><div>Alamat<br>Nomer telepon<\/div><div><\/div><div><h3><span style=\"font-weight: 700;\">Contoh Surat No 2<\/span><\/h3><\/div><p>Dear Editor:<\/p><p>Nya, muhun, muhun. Sami sapertos jam tangan, Nebraska GOP sakali deui nyobian nyorong ID Voter ngukur tikoro urang.<\/p><p>S\u00e9nator nagara Julie Slama parantos ngenalkeun amandemen konstitusional anu diusulkeun dina Legislatif anu, upami diliwatan ku pamilih, peryogi id\u00e9ntifikasi poto pikeun milih.<\/p><p>usaha ieu teu ngan lumangsung. Ukuran ID Pemilih ieu mangrupikeun bagian tina usaha anu teu lir\u00e9n ku GOP di sakumna nagara pikeun ngarusak kamajuan puluhan taun ngeunaan hak milih.<\/p><p>Hukum ID Pamilih nyabut hak pamilih pikeun milih, ngirangan partisipasi, sareng nangtung nentang langsung kana trend nagara urang kalebet langkung seueur urang Am\u00e9rika dina pros\u00e9s d\u00e9mokrasi.<\/p><div id=\"tncms-region-article_instory_middle\" class=\"tncms-region hidden-print\"><div id=\"tncms-block-1727966\" class=\"tncms-block\">\u00c9ta wa\u00e9 anu dipikahoyong ku GOP.<\/div><\/div><div>Tulus,<\/div><div><p>Nami Anjeun<br>Alamat<br>Nomer telepon<\/p><\/div>\n<p><img fetchpriority=\"high\" decoding=\"async\" class=\"aligncenter wp-image-2570 size-large\" src=\"https:\/\/nebraskademocrats.org\/wp-content\/uploads\/2016\/05\/NEDEMS_TownhallPosters-13x19-701x1024.png\" alt=\"\" width=\"701\" height=\"1024\" srcset=\"https:\/\/nebraskademocrats.org\/wp-content\/uploads\/2016\/05\/NEDEMS_TownhallPosters-13x19-701x1024.png 701w, https:\/\/nebraskademocrats.org\/wp-content\/uploads\/2016\/05\/NEDEMS_TownhallPosters-13x19-205x300.png 205w, https:\/\/nebraskademocrats.org\/wp-content\/uploads\/2016\/05\/NEDEMS_TownhallPosters-13x19-768x1122.png 768w, https:\/\/nebraskademocrats.org\/wp-content\/uploads\/2016\/05\/NEDEMS_TownhallPosters-13x19.png 1872w\" sizes=\"(max-width: 701px) 100vw, 701px\" \/><\/p>\n<p><\/p>\t\t\t\t\t\t\t\t<\/div>\n\t\t\t\t<\/div>\n\t\t\t\t\t<\/div>\n\t\t<\/div>\n\t\t\t\t\t<\/div>\n\t\t<\/section>\n\t\t\t\t<\/div>","protected":false},"excerpt":{"rendered":"<p>Writing a letter to the editor is a great way to voice your opinion and support for our candidates, issues, and the Democratic Party throughout Nebraska. Submitting a Letter to the Editor is easy. By clicking the links below you can submit a letter to the editor to some of the most widely circulated publications &#8230; <a title=\"Surat ka Redaksi\" class=\"read-more\" href=\"https:\/\/nebraskademocrats.org\/su\/letter-to-the-editor\/\" aria-label=\"More on Letter to the Editor\">Maca deui<\/a><\/p>","protected":false},"author":19,"featured_media":0,"parent":0,"menu_order":0,"comment_status":"closed","ping_status":"closed","template":"","meta":{"_acf_changed":false,"_exactmetrics_skip_tracking":false,"_exactmetrics_sitenote_active":false,"_exactmetrics_sitenote_note":"","_exactmetrics_sitenote_category":0,"footnotes":""},"class_list":["post-38","page","type-page","status-publish"],"acf":[],"yoast_head":"<!-- This site is optimized with the Yoast SEO plugin v27.3 - https:\/\/yoast.com\/product\/yoast-seo-wordpress\/ -->\n<title>Letter to the Editor &#8211; Nebraska Democratic Party<\/title>\n<meta name=\"robots\" content=\"index, follow, max-snippet:-1, max-image-preview:large, max-video-preview:-1\" \/>\n<link rel=\"canonical\" href=\"https:\/\/nebraskademocrats.org\/su\/letter-to-the-editor\/\" \/>\n<meta property=\"og:locale\" content=\"en_US\" \/>\n<meta property=\"og:type\" content=\"article\" \/>\n<meta property=\"og:title\" content=\"Letter to the Editor &#8211; Nebraska Democratic Party\" \/>\n<meta property=\"og:description\" content=\"Writing a letter to the editor is a great way to voice your opinion and support for our candidates, issues, and the Democratic Party throughout Nebraska. Submitting a Letter to the Editor is easy. By clicking the links below you can submit a letter to the editor to some of the most widely circulated publications ... Read more\" \/>\n<meta property=\"og:url\" content=\"https:\/\/nebraskademocrats.org\/su\/letter-to-the-editor\/\" \/>\n<meta property=\"og:site_name\" content=\"Nebraska Democratic Party\" \/>\n<meta property=\"article:publisher\" content=\"https:\/\/www.facebook.com\/NebraskaDemocraticParty\/\" \/>\n<meta property=\"article:modified_time\" content=\"2023-02-25T20:54:21+00:00\" \/>\n<meta property=\"og:image\" content=\"https:\/\/nebraskadem.wpenginepowered.com\/wp-content\/uploads\/2016\/05\/NEDEMS_TownhallPosters-13x19-701x1024.png\" \/>\n<meta name=\"twitter:card\" content=\"summary_large_image\" \/>\n<meta name=\"twitter:site\" content=\"@nebraskadems\" \/>\n<meta name=\"twitter:label1\" content=\"Est. reading time\" \/>\n\t<meta name=\"twitter:data1\" content=\"3 minutes\" \/>\n<script type=\"application\/ld+json\" class=\"yoast-schema-graph\">{\"@context\":\"https:\\\/\\\/schema.org\",\"@graph\":[{\"@type\":\"WebPage\",\"@id\":\"https:\\\/\\\/nebraskademocrats.org\\\/letter-to-the-editor\\\/\",\"url\":\"https:\\\/\\\/nebraskademocrats.org\\\/letter-to-the-editor\\\/\",\"name\":\"Letter to the Editor &#8211; Nebraska Democratic Party\",\"isPartOf\":{\"@id\":\"https:\\\/\\\/nebraskademocrats.org\\\/#website\"},\"primaryImageOfPage\":{\"@id\":\"https:\\\/\\\/nebraskademocrats.org\\\/letter-to-the-editor\\\/#primaryimage\"},\"image\":{\"@id\":\"https:\\\/\\\/nebraskademocrats.org\\\/letter-to-the-editor\\\/#primaryimage\"},\"thumbnailUrl\":\"https:\\\/\\\/nebraskadem.wpenginepowered.com\\\/wp-content\\\/uploads\\\/2016\\\/05\\\/NEDEMS_TownhallPosters-13x19-701x1024.png\",\"datePublished\":\"2016-05-20T19:05:42+00:00\",\"dateModified\":\"2023-02-25T20:54:21+00:00\",\"breadcrumb\":{\"@id\":\"https:\\\/\\\/nebraskademocrats.org\\\/letter-to-the-editor\\\/#breadcrumb\"},\"inLanguage\":\"su\",\"potentialAction\":[{\"@type\":\"ReadAction\",\"target\":[\"https:\\\/\\\/nebraskademocrats.org\\\/letter-to-the-editor\\\/\"]}]},{\"@type\":\"ImageObject\",\"inLanguage\":\"su\",\"@id\":\"https:\\\/\\\/nebraskademocrats.org\\\/letter-to-the-editor\\\/#primaryimage\",\"url\":\"https:\\\/\\\/nebraskadem.wpenginepowered.com\\\/wp-content\\\/uploads\\\/2016\\\/05\\\/NEDEMS_TownhallPosters-13x19-701x1024.png\",\"contentUrl\":\"https:\\\/\\\/nebraskadem.wpenginepowered.com\\\/wp-content\\\/uploads\\\/2016\\\/05\\\/NEDEMS_TownhallPosters-13x19-701x1024.png\"},{\"@type\":\"BreadcrumbList\",\"@id\":\"https:\\\/\\\/nebraskademocrats.org\\\/letter-to-the-editor\\\/#breadcrumb\",\"itemListElement\":[{\"@type\":\"ListItem\",\"position\":1,\"name\":\"Home\",\"item\":\"https:\\\/\\\/nebraskademocrats.org\\\/\"},{\"@type\":\"ListItem\",\"position\":2,\"name\":\"Letter to the Editor\"}]},{\"@type\":\"WebSite\",\"@id\":\"https:\\\/\\\/nebraskademocrats.org\\\/#website\",\"url\":\"https:\\\/\\\/nebraskademocrats.org\\\/\",\"name\":\"Nebraska Democratic Party\",\"description\":\"Growing the Good Life for All Nebraskans\",\"publisher\":{\"@id\":\"https:\\\/\\\/nebraskademocrats.org\\\/#organization\"},\"potentialAction\":[{\"@type\":\"SearchAction\",\"target\":{\"@type\":\"EntryPoint\",\"urlTemplate\":\"https:\\\/\\\/nebraskademocrats.org\\\/?s={search_term_string}\"},\"query-input\":{\"@type\":\"PropertyValueSpecification\",\"valueRequired\":true,\"valueName\":\"search_term_string\"}}],\"inLanguage\":\"su\"},{\"@type\":\"Organization\",\"@id\":\"https:\\\/\\\/nebraskademocrats.org\\\/#organization\",\"name\":\"Nebraska Democratic Party\",\"url\":\"https:\\\/\\\/nebraskademocrats.org\\\/\",\"logo\":{\"@type\":\"ImageObject\",\"inLanguage\":\"su\",\"@id\":\"https:\\\/\\\/nebraskademocrats.org\\\/#\\\/schema\\\/logo\\\/image\\\/\",\"url\":\"https:\\\/\\\/nebraskadem.wpenginepowered.com\\\/wp-content\\\/uploads\\\/2016\\\/05\\\/NDP2.jpg\",\"contentUrl\":\"https:\\\/\\\/nebraskadem.wpenginepowered.com\\\/wp-content\\\/uploads\\\/2016\\\/05\\\/NDP2.jpg\",\"width\":1000,\"height\":396,\"caption\":\"Nebraska Democratic Party\"},\"image\":{\"@id\":\"https:\\\/\\\/nebraskademocrats.org\\\/#\\\/schema\\\/logo\\\/image\\\/\"},\"sameAs\":[\"https:\\\/\\\/www.facebook.com\\\/NebraskaDemocraticParty\\\/\",\"https:\\\/\\\/x.com\\\/nebraskadems\"]}]}<\/script>\n<!-- \/ Yoast SEO plugin. -->","yoast_head_json":{"title":"Letter to the Editor &#8211; Nebraska Democratic Party","robots":{"index":"index","follow":"follow","max-snippet":"max-snippet:-1","max-image-preview":"max-image-preview:large","max-video-preview":"max-video-preview:-1"},"canonical":"https:\/\/nebraskademocrats.org\/su\/letter-to-the-editor\/","og_locale":"en_US","og_type":"article","og_title":"Letter to the Editor &#8211; Nebraska Democratic Party","og_description":"Writing a letter to the editor is a great way to voice your opinion and support for our candidates, issues, and the Democratic Party throughout Nebraska. Submitting a Letter to the Editor is easy. By clicking the links below you can submit a letter to the editor to some of the most widely circulated publications ... Read more","og_url":"https:\/\/nebraskademocrats.org\/su\/letter-to-the-editor\/","og_site_name":"Nebraska Democratic Party","article_publisher":"https:\/\/www.facebook.com\/NebraskaDemocraticParty\/","article_modified_time":"2023-02-25T20:54:21+00:00","og_image":[{"url":"https:\/\/nebraskadem.wpenginepowered.com\/wp-content\/uploads\/2016\/05\/NEDEMS_TownhallPosters-13x19-701x1024.png","type":"","width":"","height":""}],"twitter_card":"summary_large_image","twitter_site":"@nebraskadems","twitter_misc":{"Est. reading time":"3 minutes"},"schema":{"@context":"https:\/\/schema.org","@graph":[{"@type":"WebPage","@id":"https:\/\/nebraskademocrats.org\/letter-to-the-editor\/","url":"https:\/\/nebraskademocrats.org\/letter-to-the-editor\/","name":"Letter to the Editor &#8211; Nebraska Democratic Party","isPartOf":{"@id":"https:\/\/nebraskademocrats.org\/#website"},"primaryImageOfPage":{"@id":"https:\/\/nebraskademocrats.org\/letter-to-the-editor\/#primaryimage"},"image":{"@id":"https:\/\/nebraskademocrats.org\/letter-to-the-editor\/#primaryimage"},"thumbnailUrl":"https:\/\/nebraskadem.wpenginepowered.com\/wp-content\/uploads\/2016\/05\/NEDEMS_TownhallPosters-13x19-701x1024.png","datePublished":"2016-05-20T19:05:42+00:00","dateModified":"2023-02-25T20:54:21+00:00","breadcrumb":{"@id":"https:\/\/nebraskademocrats.org\/letter-to-the-editor\/#breadcrumb"},"inLanguage":"su","potentialAction":[{"@type":"ReadAction","target":["https:\/\/nebraskademocrats.org\/letter-to-the-editor\/"]}]},{"@type":"ImageObject","inLanguage":"su","@id":"https:\/\/nebraskademocrats.org\/letter-to-the-editor\/#primaryimage","url":"https:\/\/nebraskadem.wpenginepowered.com\/wp-content\/uploads\/2016\/05\/NEDEMS_TownhallPosters-13x19-701x1024.png","contentUrl":"https:\/\/nebraskadem.wpenginepowered.com\/wp-content\/uploads\/2016\/05\/NEDEMS_TownhallPosters-13x19-701x1024.png"},{"@type":"BreadcrumbList","@id":"https:\/\/nebraskademocrats.org\/letter-to-the-editor\/#breadcrumb","itemListElement":[{"@type":"ListItem","position":1,"name":"Home","item":"https:\/\/nebraskademocrats.org\/"},{"@type":"ListItem","position":2,"name":"Letter to the Editor"}]},{"@type":"WebSite","@id":"https:\/\/nebraskademocrats.org\/#website","url":"https:\/\/nebraskademocrats.org\/","name":"Nebraska Democratic Party","description":"Tumuwuh Kahirupan Anu Sa\u00e9 pikeun Sadayana Nebraskan","publisher":{"@id":"https:\/\/nebraskademocrats.org\/#organization"},"potentialAction":[{"@type":"SearchAction","target":{"@type":"EntryPoint","urlTemplate":"https:\/\/nebraskademocrats.org\/?s={search_term_string}"},"query-input":{"@type":"PropertyValueSpecification","valueRequired":true,"valueName":"search_term_string"}}],"inLanguage":"su"},{"@type":"Organization","@id":"https:\/\/nebraskademocrats.org\/#organization","name":"Nebraska Democratic Party","url":"https:\/\/nebraskademocrats.org\/","logo":{"@type":"ImageObject","inLanguage":"su","@id":"https:\/\/nebraskademocrats.org\/#\/schema\/logo\/image\/","url":"https:\/\/nebraskadem.wpenginepowered.com\/wp-content\/uploads\/2016\/05\/NDP2.jpg","contentUrl":"https:\/\/nebraskadem.wpenginepowered.com\/wp-content\/uploads\/2016\/05\/NDP2.jpg","width":1000,"height":396,"caption":"Nebraska Democratic Party"},"image":{"@id":"https:\/\/nebraskademocrats.org\/#\/schema\/logo\/image\/"},"sameAs":["https:\/\/www.facebook.com\/NebraskaDemocraticParty\/","https:\/\/x.com\/nebraskadems"]}]}},"_links":{"self":[{"href":"https:\/\/nebraskademocrats.org\/su\/wp-json\/wp\/v2\/pages\/38","targetHints":{"allow":["GET"]}}],"collection":[{"href":"https:\/\/nebraskademocrats.org\/su\/wp-json\/wp\/v2\/pages"}],"about":[{"href":"https:\/\/nebraskademocrats.org\/su\/wp-json\/wp\/v2\/types\/page"}],"author":[{"embeddable":true,"href":"https:\/\/nebraskademocrats.org\/su\/wp-json\/wp\/v2\/users\/19"}],"replies":[{"embeddable":true,"href":"https:\/\/nebraskademocrats.org\/su\/wp-json\/wp\/v2\/comments?post=38"}],"version-history":[{"count":0,"href":"https:\/\/nebraskademocrats.org\/su\/wp-json\/wp\/v2\/pages\/38\/revisions"}],"wp:attachment":[{"href":"https:\/\/nebraskademocrats.org\/su\/wp-json\/wp\/v2\/media?parent=38"}],"curies":[{"name":"wp","href":"https:\/\/api.w.org\/{rel}","templated":true}]}}