{"id":38569,"date":"2022-11-18T12:14:56","date_gmt":"2022-11-18T18:14:56","guid":{"rendered":"https:\/\/nebraskadem.wpenginepowered.com\/?page_id=38569"},"modified":"2022-11-19T08:56:00","modified_gmt":"2022-11-19T14:56:00","slug":"2022-legislature-winners","status":"publish","type":"page","link":"https:\/\/nebraskademocrats.org\/su\/2022-legislature-winners\/","title":{"rendered":"2022 Juara Legislatif"},"content":{"rendered":"<h3 style=\"text-align: center;\">Gening ka calon D\u00e9mokratik suks\u00e9s urang, anu bakal nulungan urang ngajaga firewall 17-korsi urang ngalawan extremism Republik di Legislatif Nebraska.<\/h3>\n<p><span style=\"font-weight: 400;\">NDP ngucapkeun salamet ka grup Demokrat anu kuat ieu anu meunang balapan taun 2022 sareng ngabantosan kami nahan firewall 17 korsi ngalawan ekstremisme Republik di Legislatif Nebraska.<\/span><\/p>\n<p style=\"text-align: left;\"><img fetchpriority=\"high\" decoding=\"async\" class=\"aligncenter wp-image-40925\" src=\"https:\/\/nebraskadem.wpenginepowered.com\/wp-content\/uploads\/2022\/11\/2.png\" alt=\"\" width=\"500\" height=\"500\" srcset=\"https:\/\/nebraskademocrats.org\/wp-content\/uploads\/2022\/11\/2.png 1080w, https:\/\/nebraskademocrats.org\/wp-content\/uploads\/2022\/11\/2-300x300.png 300w, https:\/\/nebraskademocrats.org\/wp-content\/uploads\/2022\/11\/2-1024x1024.png 1024w, https:\/\/nebraskademocrats.org\/wp-content\/uploads\/2022\/11\/2-150x150.png 150w, https:\/\/nebraskademocrats.org\/wp-content\/uploads\/2022\/11\/2-768x768.png 768w, https:\/\/nebraskademocrats.org\/wp-content\/uploads\/2022\/11\/2-12x12.png 12w\" sizes=\"(max-width: 500px) 100vw, 500px\" \/><\/p>\n<p><span style=\"font-weight: 400;\">&quot;Kami nemb\u00e9 ng\u00e9l\u00e9hkeun larangan aborsi di nagara ieu, sareng urang bakal ngalakukeun deui. Kuring parantos sareng bakal tetep difokuskeun kana masalah anu nyata anu disanghareupan ku konstitu\u00e9n kuring, sareng bakal teras-terasan ngagunakeun kakawasaan kuring salaku s\u00e9nator pikeun ngangkat aranjeunna tinimbang ngaleungitkeun hak-hakna.<\/span><\/p>\n<p><span style=\"font-weight: 400;\">Sen Machaela Cavanaugh, LD6, munggaran kapilih jadi Legislatif Nebraska di 2018. Man\u00e9hna ngajabat di Komite Kas\u00e9hatan jeung Asasi Manusa Jasa og\u00e9 Komite Transportasi jeung T\u00e9l\u00e9komunikasi og\u00e9 Interstate Compact pikeun Pengawasan Pelaku Dewasa. Anjeunna mangrupikeun Konf\u00e9r\u00e9nsi Nasional 2020 Badan Legislatif Propinsi Maternal sareng Kas\u00e9hatan Anak sareng Konferensi Nasional 2019 Legislatif Propinsi Anggota Awal Pembelajaran. Anjeunna ngagaduhan gelar sarjana ti Universitas St. Thomas sareng gelar master ti Universitas Nebraska di Omaha.<\/span><\/p>\n<p><img decoding=\"async\" class=\"aligncenter wp-image-40924\" src=\"https:\/\/nebraskadem.wpenginepowered.com\/wp-content\/uploads\/2022\/11\/4.png\" alt=\"\" width=\"500\" height=\"500\" srcset=\"https:\/\/nebraskademocrats.org\/wp-content\/uploads\/2022\/11\/4.png 1080w, https:\/\/nebraskademocrats.org\/wp-content\/uploads\/2022\/11\/4-300x300.png 300w, https:\/\/nebraskademocrats.org\/wp-content\/uploads\/2022\/11\/4-1024x1024.png 1024w, https:\/\/nebraskademocrats.org\/wp-content\/uploads\/2022\/11\/4-150x150.png 150w, https:\/\/nebraskademocrats.org\/wp-content\/uploads\/2022\/11\/4-768x768.png 768w, https:\/\/nebraskademocrats.org\/wp-content\/uploads\/2022\/11\/4-12x12.png 12w\" sizes=\"(max-width: 500px) 100vw, 500px\" \/><\/p>\n<p><span style=\"font-weight: 400;\">&quot;Kuring di dieu hatur nuhun kana sora Demokrat, Republik, Independen, sareng sadayana anu aya di antawisna. Di legislatif nonpartisan kami, kuring damel sareng sadayana pikeun ningkatkeun kualitas kahirupan di dieu di Nebraska, sareng kuring ngahormatan tiasa dipercanten kasempetan pikeun ngalakukeun \u00e9ta salami opat taun deui.<\/span><\/p>\n<p><span style=\"font-weight: 400;\">Sen Megan Hunt, LD8, munggaran kapilih jadi Legislatif Nebraska di 2018. Manehna boga gelar sarjana muda ti Dana College. Manehna teh pangadeg Hello Libur; pangadeg jeung wakil presiden, Safe Spasi Nebraska; jeung ko-pangadeg Majorette. Anjeunna mangrupikeun anggota Friends of Planned Parenthood sareng wali tina Business Ethics Alliance. Manehna teh urut anggota dewan Omaha Area Pemuda Orchestras, 2013-17. Dina 2016, anjeunna meunang pangaj\u00e9n Omaha Jaycees Ten Outstanding Young Omahans sareng dingaranan dina 2011 ku Midlands Business Journal 40 Under 40 sareng dina 2010 ka Shout Magazine&#039;s 30 Under 30.<\/span><\/p>\n<p><img decoding=\"async\" class=\"aligncenter wp-image-40923\" src=\"https:\/\/nebraskadem.wpenginepowered.com\/wp-content\/uploads\/2022\/11\/6.png\" alt=\"\" width=\"500\" height=\"500\" srcset=\"https:\/\/nebraskademocrats.org\/wp-content\/uploads\/2022\/11\/6.png 1080w, https:\/\/nebraskademocrats.org\/wp-content\/uploads\/2022\/11\/6-300x300.png 300w, https:\/\/nebraskademocrats.org\/wp-content\/uploads\/2022\/11\/6-1024x1024.png 1024w, https:\/\/nebraskademocrats.org\/wp-content\/uploads\/2022\/11\/6-150x150.png 150w, https:\/\/nebraskademocrats.org\/wp-content\/uploads\/2022\/11\/6-768x768.png 768w, https:\/\/nebraskademocrats.org\/wp-content\/uploads\/2022\/11\/6-12x12.png 12w\" sizes=\"(max-width: 500px) 100vw, 500px\" \/><\/p>\n<p><span style=\"font-weight: 400;\">\u201cAbdi \u2026 hoyong nganyatakeun panghormatan sareng sukur kuring y\u00e9n warga Kacamatan 10 parantos percanten deui ka kuring. Kuring bakal terus masihan sadayana hat\u00e9 kuring sareng sadayana anu kuring kedah nyobian janten s\u00e9nator pangsa\u00e9na anu kuring tiasa janten pikeun sadayana di distrik urang sareng di sakuliah Nebraska.<\/span><\/p>\n<p><span style=\"font-weight: 400;\">Sen Wendy DeBoer, LD10, munggaran kapilih jadi Legislatif di 2018. Man\u00e9hna ngajabat dina <\/span><span style=\"font-weight: 400;\">Komite Yudikatif, Transportasi sareng T\u00e9l\u00e9komunikasi sareng Aturan og\u00e9 Komite Perencanaan Legislatif. Anjeunna ngagaduhan gelar sarjana ti Hastings College sareng gelar hukum ti Universitas Nebraska College of Law, sareng gelar master ti Universitas Nebraska di Omaha, Lutheran School of Theology di Chicago sareng Syracuse University.<\/span><\/p>\n<p style=\"text-align: left;\"><img loading=\"lazy\" decoding=\"async\" class=\"aligncenter wp-image-40930\" src=\"https:\/\/nebraskadem.wpenginepowered.com\/wp-content\/uploads\/2022\/11\/8.png\" alt=\"\" width=\"500\" height=\"500\" srcset=\"https:\/\/nebraskademocrats.org\/wp-content\/uploads\/2022\/11\/8.png 1080w, https:\/\/nebraskademocrats.org\/wp-content\/uploads\/2022\/11\/8-300x300.png 300w, https:\/\/nebraskademocrats.org\/wp-content\/uploads\/2022\/11\/8-1024x1024.png 1024w, https:\/\/nebraskademocrats.org\/wp-content\/uploads\/2022\/11\/8-150x150.png 150w, https:\/\/nebraskademocrats.org\/wp-content\/uploads\/2022\/11\/8-768x768.png 768w, https:\/\/nebraskademocrats.org\/wp-content\/uploads\/2022\/11\/8-12x12.png 12w\" sizes=\"(max-width: 500px) 100vw, 500px\" \/><\/p>\n<p><span style=\"font-weight: 400;\">\u201cKuring ngahormatan dipercaya ku pamilih Kacamatan 20 pikeun ngawakilan aranjeunna di Legislatif. Simkuring gaduh tantangan signifikan a tackle salaku kaayaan hiji, sarta kuring kasampak maju ka ngawula ka Nebraskans salila opat taun ka hareup. Mastikeun sumber daya kas\u00e9hatan m\u00e9ntal anu terjangkau sareng tiasa diaks\u00e9s, pendidikan umum anu kuat, sareng mastikeun Kahirupan Alus mangrupikeun tempat pikeun sadayana bakal teras janten prioritas utama kuring.<\/span><\/p>\n<p><span style=\"font-weight: 400;\">Sen.-milih John Fredrickson, LD20, mangrupakeun prof\u00e9sional kas\u00e9hatan m\u00e9ntal sarta pendidik.<\/span><span style=\"font-weight: 400;\">\u00a0Anjeunna parantos ny\u00e9\u00e9pkeun 10 taun ka pengker ngabantosan jalma pikeun ngatasi tantangan ngalangkungan padamelanna salaku panyadia kas\u00e9hatan m\u00e9ntal sareng ngajar generasi salajengna pagaw\u00e9 sosial salaku dosen adjunct di Columbia University. Anjeunna ngamimitian karirna di Callen-Lorde, Pusat Kas\u00e9hatan Kualifikasi Federal anu ngalayanan komunitas LGBTQ. Anjeunna engk\u00e9 dilayanan di Center Kas\u00e9hatan Mahasiswa NYU urang salaku clinician senior, lajeng muka praktek swasta sorangan, dimana anjeunna ayeuna gaw\u00e9 bareng jalma ti sagala backgrounds Anjeunna earned gelar sarjana muda di karya sosial ti New York University sarta gelar master ti Columbia University.\u00a0<\/span><\/p>\n<p style=\"text-align: left;\"><img loading=\"lazy\" decoding=\"async\" class=\"aligncenter wp-image-40929\" src=\"https:\/\/nebraskadem.wpenginepowered.com\/wp-content\/uploads\/2022\/11\/9-1.png\" alt=\"\" width=\"500\" height=\"500\" srcset=\"https:\/\/nebraskademocrats.org\/wp-content\/uploads\/2022\/11\/9-1.png 1080w, https:\/\/nebraskademocrats.org\/wp-content\/uploads\/2022\/11\/9-1-300x300.png 300w, https:\/\/nebraskademocrats.org\/wp-content\/uploads\/2022\/11\/9-1-1024x1024.png 1024w, https:\/\/nebraskademocrats.org\/wp-content\/uploads\/2022\/11\/9-1-150x150.png 150w, https:\/\/nebraskademocrats.org\/wp-content\/uploads\/2022\/11\/9-1-768x768.png 768w, https:\/\/nebraskademocrats.org\/wp-content\/uploads\/2022\/11\/9-1-12x12.png 12w\" sizes=\"(max-width: 500px) 100vw, 500px\" \/><\/p>\n<p><span style=\"font-weight: 400;\">&quot;Kuring kapilih pikeun ngawakilan sadayana di kacamatan, san\u00e9s ngan ukur anu milih kuring sareng kuring siap ngamimitian damel sareng kolega kuring pikeun ningkatkeun kahirupan pikeun Nebraskan di mana wa\u00e9.&quot;<\/span><\/p>\n<p><span style=\"font-weight: 400;\">Sen.-milih George Dungan, LD26, ayeuna boga fungsi minangka bek Lancaster County. George nyepeng gelar hukum ti Universitas Am\u00e9rika, dimana anjeunna dilayanan di Klinik Hukum Kekerasan Dom\u00e9stik ngagambarkeun kapentingan jalma escaping kekerasan, utamana aw\u00e9w\u00e9 jeung barudak. Anjeunna og\u00e9 gaduh pangalaman sareng pamar\u00e9ntahan lokal, ngalayanan Komite Panas\u00e9hat Sap\u00e9dah Pedestrian Lincoln, sareng Dewan Pembina Lincoln Bar Association. Anjeunna inducted kana Teammates Hall of Fame pikeun karyana mentoring nonoman.\u00a0<\/span><\/p>\n<p><img loading=\"lazy\" decoding=\"async\" class=\"aligncenter wp-image-40928\" src=\"https:\/\/nebraskadem.wpenginepowered.com\/wp-content\/uploads\/2022\/11\/10.png\" sizes=\"(max-width: 500px) 100vw, 500px\" srcset=\"https:\/\/nebraskadem.wpenginepowered.com\/wp-content\/uploads\/2022\/11\/10.png 1080w, https:\/\/nebraskadem.wpenginepowered.com\/wp-content\/uploads\/2022\/11\/10-300x300.png 300w, https:\/\/nebraskadem.wpenginepowered.com\/wp-content\/uploads\/2022\/11\/10-1024x1024.png 1024w, https:\/\/nebraskadem.wpenginepowered.com\/wp-content\/uploads\/2022\/11\/10-150x150.png 150w, https:\/\/nebraskadem.wpenginepowered.com\/wp-content\/uploads\/2022\/11\/10-768x768.png 768w, https:\/\/nebraskadem.wpenginepowered.com\/wp-content\/uploads\/2022\/11\/10-12x12.png 12w\" alt=\"\" width=\"500\" height=\"500\" \/><\/p>\n<p>&quot;Kuring nganuhunkeun pisan sareng ngarendahkeun ku dukungan anu teguh para pamilih di kacamatan kuring. Kuring ngahormatan pikeun neraskeun palayanan umum pikeun komunitas urang, kabupaten sareng ayeuna nagara urang.<\/p>\n<p>Sen.-milih Jane Raybould, LD28, ayeuna dilayanan dina D\u00e9wan Kota Lincoln, dimana manehna munggaran kapilih dina 2015. Anjeunna sam\u00e9m\u00e9hna dilayanan salaku Komisaris Lancaster County. Nebraskan generasi kaopat, Raybould ngabantosan ngajalankeun bisnis grosir sepuhna dimimitian langkung ti 58 taun ka pengker. B&amp;R Stores Inc. sareng 22 lokasi Super Saver sareng Pasar Russ di sakuliah nagara. Manehna boga sajarah panjang layanan masarakat sarta geus dilayanan di loba kapasitas volunteer pikeun nonprofits lokal og\u00e9 anggota D\u00e9wan Direksi tina Lincoln Chamber of Commerce.<\/p>\n<p style=\"text-align: left;\"><img loading=\"lazy\" decoding=\"async\" class=\"aligncenter wp-image-40927\" src=\"https:\/\/nebraskadem.wpenginepowered.com\/wp-content\/uploads\/2022\/11\/12.png\" alt=\"\" width=\"500\" height=\"500\" srcset=\"https:\/\/nebraskademocrats.org\/wp-content\/uploads\/2022\/11\/12.png 1080w, https:\/\/nebraskademocrats.org\/wp-content\/uploads\/2022\/11\/12-300x300.png 300w, https:\/\/nebraskademocrats.org\/wp-content\/uploads\/2022\/11\/12-1024x1024.png 1024w, https:\/\/nebraskademocrats.org\/wp-content\/uploads\/2022\/11\/12-150x150.png 150w, https:\/\/nebraskademocrats.org\/wp-content\/uploads\/2022\/11\/12-768x768.png 768w, https:\/\/nebraskademocrats.org\/wp-content\/uploads\/2022\/11\/12-12x12.png 12w\" sizes=\"(max-width: 500px) 100vw, 500px\" \/><\/p>\n<p><span style=\"font-weight: 400;\">&quot;Nalika urang damel babarengan, urang tiasa ngadamel parobihan anu positif. Abdi janji bakal tetep kerja keras unggal dintenna pikeun nganteurkeun kulawarga Lincoln Kal\u00e9r sareng ngawangun masa depan anu langkung sa\u00e9 pikeun nagara urang. Babarengan, urang bakal damel pikeun mastikeun y\u00e9n Nebraska mangrupikeun tempat dimana sadayana ngagaduhan kasempetan pikeun suks\u00e9s sareng sadayana terang y\u00e9n aranjeunna milik.<b>\u201d<\/b><\/span><\/p>\n<p><span style=\"font-weight: 400;\">Sen.-Elect Danielle Conrad, LD46, \u00e9ta hiji anggota Legislatif ti 2007 ka 2015. nalika manehna ninggalkeun alatan watesan istilah. Anjeunna parantos dir\u00e9ktur eksekutif ACLU Nebraska sareng pengacara pikeun Nebraska Appleseed Center for Law in the Public Interest. Conrad k\u00e9ngingkeun gelar sarjana sareng JD na ti Universitas Nebraska-Lincoln di 2000 sareng 2003, masing-masing.\u00a0<\/span><\/p>\n<p><strong>Anggota parlem\u00e9n D\u00e9mokratik anu henteu tanding pikeun pamilihan taun 2022 sareng anu bagian tina firewall anu kuat, 17-anggota:<\/strong><\/p>\n<ul>\n<li><span style=\"font-weight: 400;\">Carol <\/span><span style=\"font-weight: 400;\">Getih, LD3<\/span><\/li>\n<li><span style=\"font-weight: 400;\">Mike <\/span>McDonnell, LD 5<\/li>\n<li>Tony Vargas, LD7<\/li>\n<li>John Cavanaugh, LD9<\/li>\n<li>Terrell McKinney, LD11<\/li>\n<li>Justin Wayne, LD13<\/li>\n<li>Lynne Walz, LD15<\/li>\n<li>Anna Wishart, LD27<\/li>\n<li>Eliot Bostar, LD29<\/li>\n<li>Jen Po\u00e9 LD49<\/li>\n<\/ul>","protected":false},"excerpt":{"rendered":"<p>Congratulations to our successful Democratic candidates, who will help us maintain our 17-seat firewall against Republican extremism in the Nebraska Legislature. The NDP congratulates this strong group of Democrats who won their 2022 races and helped us hold our 17-seat firewall against Republican extremism in the Nebraska Legislature. \u201cWe just defeated a ban on abortion &#8230; <a title=\"2022 Juara Legislatif\" class=\"read-more\" href=\"https:\/\/nebraskademocrats.org\/su\/2022-legislature-winners\/\" aria-label=\"More on 2022 Legislature Winners\">Maca deui<\/a><\/p>","protected":false},"author":19,"featured_media":0,"parent":0,"menu_order":0,"comment_status":"closed","ping_status":"closed","template":"","meta":{"_acf_changed":false,"_exactmetrics_skip_tracking":false,"_exactmetrics_sitenote_active":false,"_exactmetrics_sitenote_note":"","_exactmetrics_sitenote_category":0,"footnotes":""},"class_list":["post-38569","page","type-page","status-publish"],"acf":[],"yoast_head":"<!-- This site is optimized with the Yoast SEO plugin v27.1.1 - https:\/\/yoast.com\/product\/yoast-seo-wordpress\/ -->\n<title>2022 Legislature Winners &#8211; Nebraska Democratic Party<\/title>\n<meta name=\"robots\" content=\"index, follow, max-snippet:-1, max-image-preview:large, max-video-preview:-1\" \/>\n<link rel=\"canonical\" href=\"https:\/\/nebraskademocrats.org\/su\/2022-legislature-winners\/\" \/>\n<meta property=\"og:locale\" content=\"en_US\" \/>\n<meta property=\"og:type\" content=\"article\" \/>\n<meta property=\"og:title\" content=\"2022 Legislature Winners &#8211; Nebraska Democratic Party\" \/>\n<meta property=\"og:description\" content=\"Congratulations to our successful Democratic candidates, who will help us maintain our 17-seat firewall against Republican extremism in the Nebraska Legislature. The NDP congratulates this strong group of Democrats who won their 2022 races and helped us hold our 17-seat firewall against Republican extremism in the Nebraska Legislature. \u201cWe just defeated a ban on abortion ... Read more\" \/>\n<meta property=\"og:url\" content=\"https:\/\/nebraskademocrats.org\/su\/2022-legislature-winners\/\" \/>\n<meta property=\"og:site_name\" content=\"Nebraska Democratic Party\" \/>\n<meta property=\"article:publisher\" content=\"https:\/\/www.facebook.com\/NebraskaDemocraticParty\/\" \/>\n<meta property=\"article:modified_time\" content=\"2022-11-19T14:56:00+00:00\" \/>\n<meta property=\"og:image\" content=\"https:\/\/nebraskadem.wpenginepowered.com\/wp-content\/uploads\/2022\/11\/2.png\" \/>\n<meta name=\"twitter:card\" content=\"summary_large_image\" \/>\n<meta name=\"twitter:site\" content=\"@nebraskadems\" \/>\n<meta name=\"twitter:label1\" content=\"Est. reading time\" \/>\n\t<meta name=\"twitter:data1\" content=\"6 minutes\" \/>\n<script type=\"application\/ld+json\" class=\"yoast-schema-graph\">{\"@context\":\"https:\/\/schema.org\",\"@graph\":[{\"@type\":\"WebPage\",\"@id\":\"https:\/\/nebraskademocrats.org\/2022-legislature-winners\/\",\"url\":\"https:\/\/nebraskademocrats.org\/2022-legislature-winners\/\",\"name\":\"2022 Legislature Winners &#8211; Nebraska Democratic Party\",\"isPartOf\":{\"@id\":\"https:\/\/nebraskademocrats.org\/#website\"},\"primaryImageOfPage\":{\"@id\":\"https:\/\/nebraskademocrats.org\/2022-legislature-winners\/#primaryimage\"},\"image\":{\"@id\":\"https:\/\/nebraskademocrats.org\/2022-legislature-winners\/#primaryimage\"},\"thumbnailUrl\":\"https:\/\/nebraskadem.wpenginepowered.com\/wp-content\/uploads\/2022\/11\/2.png\",\"datePublished\":\"2022-11-18T18:14:56+00:00\",\"dateModified\":\"2022-11-19T14:56:00+00:00\",\"breadcrumb\":{\"@id\":\"https:\/\/nebraskademocrats.org\/2022-legislature-winners\/#breadcrumb\"},\"inLanguage\":\"su\",\"potentialAction\":[{\"@type\":\"ReadAction\",\"target\":[\"https:\/\/nebraskademocrats.org\/2022-legislature-winners\/\"]}]},{\"@type\":\"ImageObject\",\"inLanguage\":\"su\",\"@id\":\"https:\/\/nebraskademocrats.org\/2022-legislature-winners\/#primaryimage\",\"url\":\"https:\/\/nebraskadem.wpenginepowered.com\/wp-content\/uploads\/2022\/11\/2.png\",\"contentUrl\":\"https:\/\/nebraskadem.wpenginepowered.com\/wp-content\/uploads\/2022\/11\/2.png\"},{\"@type\":\"BreadcrumbList\",\"@id\":\"https:\/\/nebraskademocrats.org\/2022-legislature-winners\/#breadcrumb\",\"itemListElement\":[{\"@type\":\"ListItem\",\"position\":1,\"name\":\"Home\",\"item\":\"https:\/\/nebraskademocrats.org\/\"},{\"@type\":\"ListItem\",\"position\":2,\"name\":\"2022 Legislature Winners\"}]},{\"@type\":\"WebSite\",\"@id\":\"https:\/\/nebraskademocrats.org\/#website\",\"url\":\"https:\/\/nebraskademocrats.org\/\",\"name\":\"Nebraska Democratic Party\",\"description\":\"Growing the Good Life for All Nebraskans\",\"publisher\":{\"@id\":\"https:\/\/nebraskademocrats.org\/#organization\"},\"potentialAction\":[{\"@type\":\"SearchAction\",\"target\":{\"@type\":\"EntryPoint\",\"urlTemplate\":\"https:\/\/nebraskademocrats.org\/?s={search_term_string}\"},\"query-input\":{\"@type\":\"PropertyValueSpecification\",\"valueRequired\":true,\"valueName\":\"search_term_string\"}}],\"inLanguage\":\"su\"},{\"@type\":\"Organization\",\"@id\":\"https:\/\/nebraskademocrats.org\/#organization\",\"name\":\"Nebraska Democratic Party\",\"url\":\"https:\/\/nebraskademocrats.org\/\",\"logo\":{\"@type\":\"ImageObject\",\"inLanguage\":\"su\",\"@id\":\"https:\/\/nebraskademocrats.org\/#\/schema\/logo\/image\/\",\"url\":\"https:\/\/nebraskadem.wpenginepowered.com\/wp-content\/uploads\/2016\/05\/NDP2.jpg\",\"contentUrl\":\"https:\/\/nebraskadem.wpenginepowered.com\/wp-content\/uploads\/2016\/05\/NDP2.jpg\",\"width\":1000,\"height\":396,\"caption\":\"Nebraska Democratic Party\"},\"image\":{\"@id\":\"https:\/\/nebraskademocrats.org\/#\/schema\/logo\/image\/\"},\"sameAs\":[\"https:\/\/www.facebook.com\/NebraskaDemocraticParty\/\",\"https:\/\/x.com\/nebraskadems\"]}]}<\/script>\n<!-- \/ Yoast SEO plugin. -->","yoast_head_json":{"title":"2022 Legislature Winners &#8211; Nebraska Democratic Party","robots":{"index":"index","follow":"follow","max-snippet":"max-snippet:-1","max-image-preview":"max-image-preview:large","max-video-preview":"max-video-preview:-1"},"canonical":"https:\/\/nebraskademocrats.org\/su\/2022-legislature-winners\/","og_locale":"en_US","og_type":"article","og_title":"2022 Legislature Winners &#8211; Nebraska Democratic Party","og_description":"Congratulations to our successful Democratic candidates, who will help us maintain our 17-seat firewall against Republican extremism in the Nebraska Legislature. The NDP congratulates this strong group of Democrats who won their 2022 races and helped us hold our 17-seat firewall against Republican extremism in the Nebraska Legislature. \u201cWe just defeated a ban on abortion ... Read more","og_url":"https:\/\/nebraskademocrats.org\/su\/2022-legislature-winners\/","og_site_name":"Nebraska Democratic Party","article_publisher":"https:\/\/www.facebook.com\/NebraskaDemocraticParty\/","article_modified_time":"2022-11-19T14:56:00+00:00","og_image":[{"url":"https:\/\/nebraskadem.wpenginepowered.com\/wp-content\/uploads\/2022\/11\/2.png","type":"","width":"","height":""}],"twitter_card":"summary_large_image","twitter_site":"@nebraskadems","twitter_misc":{"Est. reading time":"6 minutes"},"schema":{"@context":"https:\/\/schema.org","@graph":[{"@type":"WebPage","@id":"https:\/\/nebraskademocrats.org\/2022-legislature-winners\/","url":"https:\/\/nebraskademocrats.org\/2022-legislature-winners\/","name":"2022 Legislature Winners &#8211; Nebraska Democratic Party","isPartOf":{"@id":"https:\/\/nebraskademocrats.org\/#website"},"primaryImageOfPage":{"@id":"https:\/\/nebraskademocrats.org\/2022-legislature-winners\/#primaryimage"},"image":{"@id":"https:\/\/nebraskademocrats.org\/2022-legislature-winners\/#primaryimage"},"thumbnailUrl":"https:\/\/nebraskadem.wpenginepowered.com\/wp-content\/uploads\/2022\/11\/2.png","datePublished":"2022-11-18T18:14:56+00:00","dateModified":"2022-11-19T14:56:00+00:00","breadcrumb":{"@id":"https:\/\/nebraskademocrats.org\/2022-legislature-winners\/#breadcrumb"},"inLanguage":"su","potentialAction":[{"@type":"ReadAction","target":["https:\/\/nebraskademocrats.org\/2022-legislature-winners\/"]}]},{"@type":"ImageObject","inLanguage":"su","@id":"https:\/\/nebraskademocrats.org\/2022-legislature-winners\/#primaryimage","url":"https:\/\/nebraskadem.wpenginepowered.com\/wp-content\/uploads\/2022\/11\/2.png","contentUrl":"https:\/\/nebraskadem.wpenginepowered.com\/wp-content\/uploads\/2022\/11\/2.png"},{"@type":"BreadcrumbList","@id":"https:\/\/nebraskademocrats.org\/2022-legislature-winners\/#breadcrumb","itemListElement":[{"@type":"ListItem","position":1,"name":"Home","item":"https:\/\/nebraskademocrats.org\/"},{"@type":"ListItem","position":2,"name":"2022 Legislature Winners"}]},{"@type":"WebSite","@id":"https:\/\/nebraskademocrats.org\/#website","url":"https:\/\/nebraskademocrats.org\/","name":"Nebraska Democratic Party","description":"Tumuwuh Kahirupan Anu Sa\u00e9 pikeun Sadayana Nebraskan","publisher":{"@id":"https:\/\/nebraskademocrats.org\/#organization"},"potentialAction":[{"@type":"SearchAction","target":{"@type":"EntryPoint","urlTemplate":"https:\/\/nebraskademocrats.org\/?s={search_term_string}"},"query-input":{"@type":"PropertyValueSpecification","valueRequired":true,"valueName":"search_term_string"}}],"inLanguage":"su"},{"@type":"Organization","@id":"https:\/\/nebraskademocrats.org\/#organization","name":"Nebraska Democratic Party","url":"https:\/\/nebraskademocrats.org\/","logo":{"@type":"ImageObject","inLanguage":"su","@id":"https:\/\/nebraskademocrats.org\/#\/schema\/logo\/image\/","url":"https:\/\/nebraskadem.wpenginepowered.com\/wp-content\/uploads\/2016\/05\/NDP2.jpg","contentUrl":"https:\/\/nebraskadem.wpenginepowered.com\/wp-content\/uploads\/2016\/05\/NDP2.jpg","width":1000,"height":396,"caption":"Nebraska Democratic Party"},"image":{"@id":"https:\/\/nebraskademocrats.org\/#\/schema\/logo\/image\/"},"sameAs":["https:\/\/www.facebook.com\/NebraskaDemocraticParty\/","https:\/\/x.com\/nebraskadems"]}]}},"_links":{"self":[{"href":"https:\/\/nebraskademocrats.org\/su\/wp-json\/wp\/v2\/pages\/38569","targetHints":{"allow":["GET"]}}],"collection":[{"href":"https:\/\/nebraskademocrats.org\/su\/wp-json\/wp\/v2\/pages"}],"about":[{"href":"https:\/\/nebraskademocrats.org\/su\/wp-json\/wp\/v2\/types\/page"}],"author":[{"embeddable":true,"href":"https:\/\/nebraskademocrats.org\/su\/wp-json\/wp\/v2\/users\/19"}],"replies":[{"embeddable":true,"href":"https:\/\/nebraskademocrats.org\/su\/wp-json\/wp\/v2\/comments?post=38569"}],"version-history":[{"count":0,"href":"https:\/\/nebraskademocrats.org\/su\/wp-json\/wp\/v2\/pages\/38569\/revisions"}],"wp:attachment":[{"href":"https:\/\/nebraskademocrats.org\/su\/wp-json\/wp\/v2\/media?parent=38569"}],"curies":[{"name":"wp","href":"https:\/\/api.w.org\/{rel}","templated":true}]}}