{"id":41931,"date":"2024-01-31T13:59:33","date_gmt":"2024-01-31T19:59:33","guid":{"rendered":"https:\/\/nebraskadem.wpenginepowered.com\/?page_id=41931"},"modified":"2025-02-12T13:25:42","modified_gmt":"2025-02-12T19:25:42","slug":"2025-salute-to-state-senators","status":"publish","type":"page","link":"https:\/\/nebraskademocrats.org\/su\/2025-salute-to-state-senators\/","title":{"rendered":"2025 Salute to State Senators"},"content":{"rendered":"<div data-elementor-type=\"wp-page\" data-elementor-id=\"41931\" class=\"elementor elementor-41931\" data-elementor-post-type=\"page\">\n\t\t\t\t\t\t<section class=\"elementor-section elementor-top-section elementor-element elementor-element-535fdc9f elementor-section-boxed elementor-section-height-default elementor-section-height-default\" data-id=\"535fdc9f\" data-element_type=\"section\" data-e-type=\"section\">\n\t\t\t\t\t\t<div class=\"elementor-container elementor-column-gap-default\">\n\t\t\t\t\t<div class=\"elementor-column elementor-col-100 elementor-top-column elementor-element elementor-element-36ddbf0e\" data-id=\"36ddbf0e\" data-element_type=\"column\" data-e-type=\"column\">\n\t\t\t<div class=\"elementor-widget-wrap elementor-element-populated\">\n\t\t\t\t\t\t<div class=\"elementor-element elementor-element-e66bb53 elementor-widget elementor-widget-image\" data-id=\"e66bb53\" data-element_type=\"widget\" data-e-type=\"widget\" data-widget_type=\"image.default\">\n\t\t\t\t<div class=\"elementor-widget-container\">\n\t\t\t\t\t\t\t\t\t\t\t\t\t\t\t<img fetchpriority=\"high\" decoding=\"async\" width=\"768\" height=\"403\" src=\"https:\/\/nebraskademocrats.org\/wp-content\/uploads\/2025\/02\/SaluteToSenators-Social-FB-Event-Mobilize-768x403.png\" class=\"attachment-medium_large size-medium_large wp-image-48272\" alt=\"\" srcset=\"https:\/\/nebraskademocrats.org\/wp-content\/uploads\/2025\/02\/SaluteToSenators-Social-FB-Event-Mobilize-768x403.png 768w, https:\/\/nebraskademocrats.org\/wp-content\/uploads\/2025\/02\/SaluteToSenators-Social-FB-Event-Mobilize-300x158.png 300w, https:\/\/nebraskademocrats.org\/wp-content\/uploads\/2025\/02\/SaluteToSenators-Social-FB-Event-Mobilize-1024x538.png 1024w, https:\/\/nebraskademocrats.org\/wp-content\/uploads\/2025\/02\/SaluteToSenators-Social-FB-Event-Mobilize-18x9.png 18w, https:\/\/nebraskademocrats.org\/wp-content\/uploads\/2025\/02\/SaluteToSenators-Social-FB-Event-Mobilize.png 1200w\" sizes=\"(max-width: 768px) 100vw, 768px\" \/>\t\t\t\t\t\t\t\t\t\t\t\t\t\t\t<\/div>\n\t\t\t\t<\/div>\n\t\t\t\t<div class=\"elementor-element elementor-element-4e7566d4 elementor-widget elementor-widget-text-editor\" data-id=\"4e7566d4\" data-element_type=\"widget\" data-e-type=\"widget\" data-widget_type=\"text-editor.default\">\n\t\t\t\t<div class=\"elementor-widget-container\">\n\t\t\t\t\t\t\t\t\t<p>Miluan kami pikeun acara Salute to State S\u00e9nator taunan sareng Nebraska Democratic Party sareng S\u00e9nator Nagara D\u00e9mokratik urang.<\/p><h3 style=\"text-align: center;\"><strong>April 22, 2025<br \/><\/strong><strong>5 to 7 p.m. CT<br \/><\/strong><b>Cornhusker Lincoln\u00a0<\/b><span style=\"font-weight: bold;\">Marriott<\/span><\/h3><h2 style=\"text-align: center;\"><a href=\"https:\/\/secure.actblue.com\/donate\/salute25\">M\u00e9s\u00e9r m\u00e9ja atanapi tik\u00e9t ayeuna!<\/a><\/h2><p>Our annual event mixes plenty of one-on-one time with State Senators, Democratic Party leaders and sponsors. The event this year includes specialty cocktails, plenty of appetizers and a program of us saluting the hard work of our Senators.<\/p><p>Please note, a Senator is seated at your table at levels $2,500 and higher.<span style=\"font-weight: 400;\">\u00a0<\/span><span style=\"font-weight: 400;\">\u00a0<\/span><\/p><p style=\"text-align: center;\"><span style=\"font-weight: 400;\"><strong><a href=\"https:\/\/secure.actblue.com\/donate\/salute25\">K\u00e9ngingkeun tik\u00e9t anjeun ayeuna!<\/a><\/strong><\/span><\/p><p><span style=\"font-weight: 400;\"><strong>Sponsor m\u00e9ja:<\/strong>\u00a0<\/span><\/p><p>The table sponsorships are for 10 people at each table \u2014 as in previous years, 2 of those seats are set aside for a Senator and the Senator&#8217;s guest. For sponsors $2,500 and above, you get to choose the Senator for your table(s). Once you make your donation, Precious McKesson will be in touch about your guest list and your Senator preference (if at the $2,500 of higher level).<\/p><p>You can purchase your table and tickets online: <a href=\"https:\/\/secure.actblue.com\/donate\/salute25\">https:\/\/secure.actblue.com\/donate\/salute25<\/a><\/p><ul><li><strong>Tik\u00e9t Individu, $200<\/strong><\/li><li><strong>Sponsor Table, $1,500<\/strong><ul><li>One table for 10 people (no Senator assigned to your table at this level).<\/li><li>Pangakuan dina program anu dicitak sareng online.<\/li><\/ul><\/li><li><strong>Senators Table, $2,500<\/strong><ul><li>Hiji m\u00e9ja pikeun 10 jalma (2 korsi kanggo S\u00e9nator sareng tamu na).<\/li><li>Anjeun tiasa milih S\u00e9nator anu ditugaskeun dina m\u00e9ja anjeun.<\/li><li>Pangakuan dina program anu dicitak sareng online.<\/li><li>Signature event gift.<\/li><\/ul><\/li><li><strong>Signature Sponsor, $10,000<\/strong><ul><li>NDP bakal nyayogikeun paket sponsor sareng tim anjeun kalebet, upami anjeun milih, kamampuan nyarios sababaraha kecap nalika program.<\/li><\/ul><\/li><li><b>Sumbangan Online: <\/b><a href=\"https:\/\/secure.actblue.com\/donate\/salute24\">https:\/\/secure.actblue.com\/donate\/salute25<\/a><\/li><\/ul><ul><li style=\"font-weight: 400;\" aria-level=\"1\"><b>Sumbangan Surat:<\/b><span style=\"font-weight: 400;\"> NDP, 3701 O Street #200, Lincoln, NE 68510 (<\/span><span style=\"font-weight: 400;\">ngajadikeun cek dibayar ka NDP)<\/span><\/li><\/ul><p><b>Patarosan: <\/b><span style=\"font-weight: 400;\">Upami anjeun hoyong ngabahas pilihan ieu atanapi gaduh patarosan, punten email <a href=\"mailto:info@nebraskademocrats.org\">info@nebraskademocrats.org<\/a>.\u00a0<\/span><\/p>\t\t\t\t\t\t\t\t<\/div>\n\t\t\t\t<\/div>\n\t\t\t\t\t<\/div>\n\t\t<\/div>\n\t\t\t\t\t<\/div>\n\t\t<\/section>\n\t\t\t\t<\/div>","protected":false},"excerpt":{"rendered":"<p>Join us for our annual Salute to State Senators event with the Nebraska Democratic Party and our Democratic State Senators. April 22, 20255 to 7 p.m. CTCornhusker Lincoln\u00a0Marriott Purchase a table or ticket today! Our annual event mixes plenty of one-on-one time with State Senators, Democratic Party leaders and sponsors. The event this year includes &#8230; <a title=\"2025 Salute to State Senators\" class=\"read-more\" href=\"https:\/\/nebraskademocrats.org\/su\/2025-salute-to-state-senators\/\" aria-label=\"More on 2025 Salute to State Senators\">Maca deui<\/a><\/p>","protected":false},"author":25,"featured_media":0,"parent":0,"menu_order":0,"comment_status":"closed","ping_status":"closed","template":"","meta":{"_acf_changed":false,"_exactmetrics_skip_tracking":false,"_exactmetrics_sitenote_active":false,"_exactmetrics_sitenote_note":"","_exactmetrics_sitenote_category":0,"footnotes":""},"class_list":["post-41931","page","type-page","status-publish"],"acf":[],"yoast_head":"<!-- This site is optimized with the Yoast SEO plugin v27.3 - https:\/\/yoast.com\/product\/yoast-seo-wordpress\/ -->\n<title>2025 Salute to State Senators &#8211; Nebraska Democratic Party<\/title>\n<meta name=\"robots\" content=\"index, follow, max-snippet:-1, max-image-preview:large, max-video-preview:-1\" \/>\n<link rel=\"canonical\" href=\"https:\/\/nebraskademocrats.org\/su\/2025-salute-to-state-senators\/\" \/>\n<meta property=\"og:locale\" content=\"en_US\" \/>\n<meta property=\"og:type\" content=\"article\" \/>\n<meta property=\"og:title\" content=\"2025 Salute to State Senators &#8211; Nebraska Democratic Party\" \/>\n<meta property=\"og:description\" content=\"Join us for our annual Salute to State Senators event with the Nebraska Democratic Party and our Democratic State Senators. April 22, 20255 to 7 p.m. CTCornhusker Lincoln\u00a0Marriott Purchase a table or ticket today! Our annual event mixes plenty of one-on-one time with State Senators, Democratic Party leaders and sponsors. The event this year includes ... Read more\" \/>\n<meta property=\"og:url\" content=\"https:\/\/nebraskademocrats.org\/su\/2025-salute-to-state-senators\/\" \/>\n<meta property=\"og:site_name\" content=\"Nebraska Democratic Party\" \/>\n<meta property=\"article:publisher\" content=\"https:\/\/www.facebook.com\/NebraskaDemocraticParty\/\" \/>\n<meta property=\"article:modified_time\" content=\"2025-02-12T19:25:42+00:00\" \/>\n<meta property=\"og:image\" content=\"https:\/\/nebraskademocrats.org\/wp-content\/uploads\/2025\/02\/SaluteToSenators-Social-FB-Event-Mobilize.png\" \/>\n\t<meta property=\"og:image:width\" content=\"1200\" \/>\n\t<meta property=\"og:image:height\" content=\"630\" \/>\n\t<meta property=\"og:image:type\" content=\"image\/png\" \/>\n<meta name=\"twitter:card\" content=\"summary_large_image\" \/>\n<meta name=\"twitter:site\" content=\"@nebraskadems\" \/>\n<meta name=\"twitter:label1\" content=\"Est. reading time\" \/>\n\t<meta name=\"twitter:data1\" content=\"2 minutes\" \/>\n<script type=\"application\/ld+json\" class=\"yoast-schema-graph\">{\"@context\":\"https:\\\/\\\/schema.org\",\"@graph\":[{\"@type\":\"WebPage\",\"@id\":\"https:\\\/\\\/nebraskademocrats.org\\\/2025-salute-to-state-senators\\\/\",\"url\":\"https:\\\/\\\/nebraskademocrats.org\\\/2025-salute-to-state-senators\\\/\",\"name\":\"2025 Salute to State Senators &#8211; Nebraska Democratic Party\",\"isPartOf\":{\"@id\":\"https:\\\/\\\/nebraskademocrats.org\\\/#website\"},\"primaryImageOfPage\":{\"@id\":\"https:\\\/\\\/nebraskademocrats.org\\\/2025-salute-to-state-senators\\\/#primaryimage\"},\"image\":{\"@id\":\"https:\\\/\\\/nebraskademocrats.org\\\/2025-salute-to-state-senators\\\/#primaryimage\"},\"thumbnailUrl\":\"https:\\\/\\\/nebraskademocrats.org\\\/wp-content\\\/uploads\\\/2025\\\/02\\\/SaluteToSenators-Social-FB-Event-Mobilize-768x403.png\",\"datePublished\":\"2024-01-31T19:59:33+00:00\",\"dateModified\":\"2025-02-12T19:25:42+00:00\",\"breadcrumb\":{\"@id\":\"https:\\\/\\\/nebraskademocrats.org\\\/2025-salute-to-state-senators\\\/#breadcrumb\"},\"inLanguage\":\"su\",\"potentialAction\":[{\"@type\":\"ReadAction\",\"target\":[\"https:\\\/\\\/nebraskademocrats.org\\\/2025-salute-to-state-senators\\\/\"]}]},{\"@type\":\"ImageObject\",\"inLanguage\":\"su\",\"@id\":\"https:\\\/\\\/nebraskademocrats.org\\\/2025-salute-to-state-senators\\\/#primaryimage\",\"url\":\"https:\\\/\\\/nebraskademocrats.org\\\/wp-content\\\/uploads\\\/2025\\\/02\\\/SaluteToSenators-Social-FB-Event-Mobilize-768x403.png\",\"contentUrl\":\"https:\\\/\\\/nebraskademocrats.org\\\/wp-content\\\/uploads\\\/2025\\\/02\\\/SaluteToSenators-Social-FB-Event-Mobilize-768x403.png\"},{\"@type\":\"BreadcrumbList\",\"@id\":\"https:\\\/\\\/nebraskademocrats.org\\\/2025-salute-to-state-senators\\\/#breadcrumb\",\"itemListElement\":[{\"@type\":\"ListItem\",\"position\":1,\"name\":\"Home\",\"item\":\"https:\\\/\\\/nebraskademocrats.org\\\/\"},{\"@type\":\"ListItem\",\"position\":2,\"name\":\"2025 Salute to State Senators\"}]},{\"@type\":\"WebSite\",\"@id\":\"https:\\\/\\\/nebraskademocrats.org\\\/#website\",\"url\":\"https:\\\/\\\/nebraskademocrats.org\\\/\",\"name\":\"Nebraska Democratic Party\",\"description\":\"Growing the Good Life for All Nebraskans\",\"publisher\":{\"@id\":\"https:\\\/\\\/nebraskademocrats.org\\\/#organization\"},\"potentialAction\":[{\"@type\":\"SearchAction\",\"target\":{\"@type\":\"EntryPoint\",\"urlTemplate\":\"https:\\\/\\\/nebraskademocrats.org\\\/?s={search_term_string}\"},\"query-input\":{\"@type\":\"PropertyValueSpecification\",\"valueRequired\":true,\"valueName\":\"search_term_string\"}}],\"inLanguage\":\"su\"},{\"@type\":\"Organization\",\"@id\":\"https:\\\/\\\/nebraskademocrats.org\\\/#organization\",\"name\":\"Nebraska Democratic Party\",\"url\":\"https:\\\/\\\/nebraskademocrats.org\\\/\",\"logo\":{\"@type\":\"ImageObject\",\"inLanguage\":\"su\",\"@id\":\"https:\\\/\\\/nebraskademocrats.org\\\/#\\\/schema\\\/logo\\\/image\\\/\",\"url\":\"https:\\\/\\\/nebraskadem.wpenginepowered.com\\\/wp-content\\\/uploads\\\/2016\\\/05\\\/NDP2.jpg\",\"contentUrl\":\"https:\\\/\\\/nebraskadem.wpenginepowered.com\\\/wp-content\\\/uploads\\\/2016\\\/05\\\/NDP2.jpg\",\"width\":1000,\"height\":396,\"caption\":\"Nebraska Democratic Party\"},\"image\":{\"@id\":\"https:\\\/\\\/nebraskademocrats.org\\\/#\\\/schema\\\/logo\\\/image\\\/\"},\"sameAs\":[\"https:\\\/\\\/www.facebook.com\\\/NebraskaDemocraticParty\\\/\",\"https:\\\/\\\/x.com\\\/nebraskadems\"]}]}<\/script>\n<!-- \/ Yoast SEO plugin. -->","yoast_head_json":{"title":"2025 Salute to State Senators &#8211; Nebraska Democratic Party","robots":{"index":"index","follow":"follow","max-snippet":"max-snippet:-1","max-image-preview":"max-image-preview:large","max-video-preview":"max-video-preview:-1"},"canonical":"https:\/\/nebraskademocrats.org\/su\/2025-salute-to-state-senators\/","og_locale":"en_US","og_type":"article","og_title":"2025 Salute to State Senators &#8211; Nebraska Democratic Party","og_description":"Join us for our annual Salute to State Senators event with the Nebraska Democratic Party and our Democratic State Senators. April 22, 20255 to 7 p.m. CTCornhusker Lincoln\u00a0Marriott Purchase a table or ticket today! Our annual event mixes plenty of one-on-one time with State Senators, Democratic Party leaders and sponsors. The event this year includes ... Read more","og_url":"https:\/\/nebraskademocrats.org\/su\/2025-salute-to-state-senators\/","og_site_name":"Nebraska Democratic Party","article_publisher":"https:\/\/www.facebook.com\/NebraskaDemocraticParty\/","article_modified_time":"2025-02-12T19:25:42+00:00","og_image":[{"width":1200,"height":630,"url":"https:\/\/nebraskademocrats.org\/wp-content\/uploads\/2025\/02\/SaluteToSenators-Social-FB-Event-Mobilize.png","type":"image\/png"}],"twitter_card":"summary_large_image","twitter_site":"@nebraskadems","twitter_misc":{"Est. reading time":"2 minutes"},"schema":{"@context":"https:\/\/schema.org","@graph":[{"@type":"WebPage","@id":"https:\/\/nebraskademocrats.org\/2025-salute-to-state-senators\/","url":"https:\/\/nebraskademocrats.org\/2025-salute-to-state-senators\/","name":"2025 Salute to State Senators &#8211; Nebraska Democratic Party","isPartOf":{"@id":"https:\/\/nebraskademocrats.org\/#website"},"primaryImageOfPage":{"@id":"https:\/\/nebraskademocrats.org\/2025-salute-to-state-senators\/#primaryimage"},"image":{"@id":"https:\/\/nebraskademocrats.org\/2025-salute-to-state-senators\/#primaryimage"},"thumbnailUrl":"https:\/\/nebraskademocrats.org\/wp-content\/uploads\/2025\/02\/SaluteToSenators-Social-FB-Event-Mobilize-768x403.png","datePublished":"2024-01-31T19:59:33+00:00","dateModified":"2025-02-12T19:25:42+00:00","breadcrumb":{"@id":"https:\/\/nebraskademocrats.org\/2025-salute-to-state-senators\/#breadcrumb"},"inLanguage":"su","potentialAction":[{"@type":"ReadAction","target":["https:\/\/nebraskademocrats.org\/2025-salute-to-state-senators\/"]}]},{"@type":"ImageObject","inLanguage":"su","@id":"https:\/\/nebraskademocrats.org\/2025-salute-to-state-senators\/#primaryimage","url":"https:\/\/nebraskademocrats.org\/wp-content\/uploads\/2025\/02\/SaluteToSenators-Social-FB-Event-Mobilize-768x403.png","contentUrl":"https:\/\/nebraskademocrats.org\/wp-content\/uploads\/2025\/02\/SaluteToSenators-Social-FB-Event-Mobilize-768x403.png"},{"@type":"BreadcrumbList","@id":"https:\/\/nebraskademocrats.org\/2025-salute-to-state-senators\/#breadcrumb","itemListElement":[{"@type":"ListItem","position":1,"name":"Home","item":"https:\/\/nebraskademocrats.org\/"},{"@type":"ListItem","position":2,"name":"2025 Salute to State Senators"}]},{"@type":"WebSite","@id":"https:\/\/nebraskademocrats.org\/#website","url":"https:\/\/nebraskademocrats.org\/","name":"Nebraska Democratic Party","description":"Tumuwuh Kahirupan Anu Sa\u00e9 pikeun Sadayana Nebraskan","publisher":{"@id":"https:\/\/nebraskademocrats.org\/#organization"},"potentialAction":[{"@type":"SearchAction","target":{"@type":"EntryPoint","urlTemplate":"https:\/\/nebraskademocrats.org\/?s={search_term_string}"},"query-input":{"@type":"PropertyValueSpecification","valueRequired":true,"valueName":"search_term_string"}}],"inLanguage":"su"},{"@type":"Organization","@id":"https:\/\/nebraskademocrats.org\/#organization","name":"Nebraska Democratic Party","url":"https:\/\/nebraskademocrats.org\/","logo":{"@type":"ImageObject","inLanguage":"su","@id":"https:\/\/nebraskademocrats.org\/#\/schema\/logo\/image\/","url":"https:\/\/nebraskadem.wpenginepowered.com\/wp-content\/uploads\/2016\/05\/NDP2.jpg","contentUrl":"https:\/\/nebraskadem.wpenginepowered.com\/wp-content\/uploads\/2016\/05\/NDP2.jpg","width":1000,"height":396,"caption":"Nebraska Democratic Party"},"image":{"@id":"https:\/\/nebraskademocrats.org\/#\/schema\/logo\/image\/"},"sameAs":["https:\/\/www.facebook.com\/NebraskaDemocraticParty\/","https:\/\/x.com\/nebraskadems"]}]}},"_links":{"self":[{"href":"https:\/\/nebraskademocrats.org\/su\/wp-json\/wp\/v2\/pages\/41931","targetHints":{"allow":["GET"]}}],"collection":[{"href":"https:\/\/nebraskademocrats.org\/su\/wp-json\/wp\/v2\/pages"}],"about":[{"href":"https:\/\/nebraskademocrats.org\/su\/wp-json\/wp\/v2\/types\/page"}],"author":[{"embeddable":true,"href":"https:\/\/nebraskademocrats.org\/su\/wp-json\/wp\/v2\/users\/25"}],"replies":[{"embeddable":true,"href":"https:\/\/nebraskademocrats.org\/su\/wp-json\/wp\/v2\/comments?post=41931"}],"version-history":[{"count":0,"href":"https:\/\/nebraskademocrats.org\/su\/wp-json\/wp\/v2\/pages\/41931\/revisions"}],"wp:attachment":[{"href":"https:\/\/nebraskademocrats.org\/su\/wp-json\/wp\/v2\/media?parent=41931"}],"curies":[{"name":"wp","href":"https:\/\/api.w.org\/{rel}","templated":true}]}}