{"id":1924,"date":"2017-02-01T14:58:11","date_gmt":"2017-02-01T20:58:11","guid":{"rendered":"http:\/\/nebraskadem.wpenginepowered.com\/?page_id=1924"},"modified":"2023-06-08T14:02:14","modified_gmt":"2023-06-08T19:02:14","slug":"jobs-and-internships","status":"publish","type":"page","link":"https:\/\/nebraskademocrats.org\/vi\/jobs-and-internships\/","title":{"rendered":"Vi\u1ec7c l\u00e0m v\u00e0 th\u1ef1c t\u1eadp"},"content":{"rendered":"<div data-elementor-type=\"wp-page\" data-elementor-id=\"1924\" class=\"elementor elementor-1924\" data-elementor-post-type=\"page\">\n\t\t\t\t\t\t<section class=\"elementor-section elementor-top-section elementor-element elementor-element-1ad23a3a elementor-section-boxed elementor-section-height-default elementor-section-height-default\" data-id=\"1ad23a3a\" data-element_type=\"section\" data-e-type=\"section\">\n\t\t\t\t\t\t<div class=\"elementor-container elementor-column-gap-default\">\n\t\t\t\t\t<div class=\"elementor-column elementor-col-100 elementor-top-column elementor-element elementor-element-2be201bb\" data-id=\"2be201bb\" data-element_type=\"column\" data-e-type=\"column\">\n\t\t\t<div class=\"elementor-widget-wrap elementor-element-populated\">\n\t\t\t\t\t\t<div class=\"elementor-element elementor-element-3b92f6e6 elementor-widget elementor-widget-text-editor\" data-id=\"3b92f6e6\" data-element_type=\"widget\" data-e-type=\"widget\" data-widget_type=\"text-editor.default\">\n\t\t\t\t<div class=\"elementor-widget-container\">\n\t\t\t\t\t\t\t\t\t<p><span class=\"s1\"><b><span style=\"font-weight: 400;\">C\u00e1c nh\u00e2n vi\u00ean Nebraska Democratic Party v\u00e0 c\u00e1c sinh vi\u00ean th\u1ef1c t\u1eadp x\u00e2y d\u1ef1ng \u0111\u1ea3ng, n\u00e2ng cao ngu\u1ed3n l\u1ef1c, \u0111\u00e0o t\u1ea1o c\u01a1 s\u1edf, l\u00e3nh \u0111\u1ea1o c\u00e1c v\u1ea5n \u0111\u1ec1 quan tr\u1ecdng \u0111\u1ed1i v\u1edbi c\u1eed tri v\u00e0 b\u1ea7u c\u1eed c\u00e1c \u1ee9ng c\u1eed vi\u00ean tr\u00ean to\u00e0n ti\u1ec3u bang c\u1ee7a ch\u00fang t\u00f4i. <\/span><\/b><\/span>C\u00e1c \u1ee9ng vi\u00ean quan t\u00e2m n\u00ean g\u1eedi email m\u1ed9t l\u00e1 th\u01b0 xin vi\u1ec7c, s\u01a1 y\u1ebfu l\u00fd l\u1ecbch v\u00e0 danh s\u00e1ch ba t\u00e0i li\u1ec7u tham kh\u1ea3o v\u1ec1 chuy\u00ean m\u00f4n ho\u1eb7c gi\u00e1o d\u1ee5c v\u1ec1&nbsp;<span class=\"m_1707067622122850743s3\"><span style=\"font-weight: 400;\">Gi\u00e1m \u0111\u1ed1c Truy\u1ec1n th\u00f4ng NDP Jose Flores Jr.: jose<\/span><span style=\"font-weight: 400;\">@ nebraskademocrats.org<\/span><\/span><span class=\"m_1707067622122850743s3\">.&nbsp;<\/span><\/p>\n<h3><span style=\"font-size: 18.6667px;\"><b>Ch\u00fang t\u00f4i lu\u00f4n t\u00ecm ki\u1ebfm sinh vi\u00ean th\u1ef1c t\u1eadp, h\u1ecdc h\u1ecfi th\u00eam <a href=\"\/vi\/internship\/\">\u0111\u00e2y<\/a>.<\/b><\/span><\/h3>\n<p>&nbsp;<\/p>\t\t\t\t\t\t\t\t<\/div>\n\t\t\t\t<\/div>\n\t\t\t\t\t<\/div>\n\t\t<\/div>\n\t\t\t\t\t<\/div>\n\t\t<\/section>\n\t\t\t\t<\/div>","protected":false},"excerpt":{"rendered":"<p>The Nebraska Democratic Party staff and interns build the party, raise resources, train the grassroots, lead on issues important to voters and elect candidates across our state. Interested applicants should email a cover letter, resume, and a list of three professional or educational references to the&nbsp;NDP Communications Director Jose Flores Jr.: jose@nebraskademocrats.org.&nbsp; We are always &#8230; <a title=\"Vi\u1ec7c l\u00e0m v\u00e0 th\u1ef1c t\u1eadp\" class=\"read-more\" href=\"https:\/\/nebraskademocrats.org\/vi\/jobs-and-internships\/\" aria-label=\"More on Jobs and Internships\">\u0110\u1ecdc th\u00eam<\/a><\/p>","protected":false},"author":19,"featured_media":0,"parent":0,"menu_order":0,"comment_status":"closed","ping_status":"closed","template":"","meta":{"_acf_changed":false,"_exactmetrics_skip_tracking":false,"_exactmetrics_sitenote_active":false,"_exactmetrics_sitenote_note":"","_exactmetrics_sitenote_category":0,"footnotes":""},"class_list":["post-1924","page","type-page","status-publish"],"acf":[],"yoast_head":"<!-- This site is optimized with the Yoast SEO plugin v27.1.1 - https:\/\/yoast.com\/product\/yoast-seo-wordpress\/ -->\n<title>Jobs and Internships &#8211; Nebraska Democratic Party<\/title>\n<meta name=\"robots\" content=\"index, follow, max-snippet:-1, max-image-preview:large, max-video-preview:-1\" \/>\n<link rel=\"canonical\" href=\"https:\/\/nebraskademocrats.org\/vi\/jobs-and-internships\/\" \/>\n<meta property=\"og:locale\" content=\"vi_VN\" \/>\n<meta property=\"og:type\" content=\"article\" \/>\n<meta property=\"og:title\" content=\"Jobs and Internships &#8211; Nebraska Democratic Party\" \/>\n<meta property=\"og:description\" content=\"The Nebraska Democratic Party staff and interns build the party, raise resources, train the grassroots, lead on issues important to voters and elect candidates across our state. Interested applicants should email a cover letter, resume, and a list of three professional or educational references to the&nbsp;NDP Communications Director Jose Flores Jr.: jose@nebraskademocrats.org.&nbsp; We are always ... Read more\" \/>\n<meta property=\"og:url\" content=\"https:\/\/nebraskademocrats.org\/vi\/jobs-and-internships\/\" \/>\n<meta property=\"og:site_name\" content=\"Nebraska Democratic Party\" \/>\n<meta property=\"article:publisher\" content=\"https:\/\/www.facebook.com\/NebraskaDemocraticParty\/\" \/>\n<meta property=\"article:modified_time\" content=\"2023-06-08T19:02:14+00:00\" \/>\n<meta property=\"og:image\" content=\"https:\/\/nebraskademocrats.org\/wp-content\/uploads\/2018\/09\/ne-dems-fb.jpg\" \/>\n\t<meta property=\"og:image:width\" content=\"1200\" \/>\n\t<meta property=\"og:image:height\" content=\"630\" \/>\n\t<meta property=\"og:image:type\" content=\"image\/jpeg\" \/>\n<meta name=\"twitter:card\" content=\"summary_large_image\" \/>\n<meta name=\"twitter:site\" content=\"@nebraskadems\" \/>\n<meta name=\"twitter:label1\" content=\"\u01af\u1edbc t\u00ednh th\u1eddi gian \u0111\u1ecdc\" \/>\n\t<meta name=\"twitter:data1\" content=\"1 ph\u00fat\" \/>\n<script type=\"application\/ld+json\" class=\"yoast-schema-graph\">{\"@context\":\"https:\/\/schema.org\",\"@graph\":[{\"@type\":\"WebPage\",\"@id\":\"https:\/\/nebraskademocrats.org\/jobs-and-internships\/\",\"url\":\"https:\/\/nebraskademocrats.org\/jobs-and-internships\/\",\"name\":\"Jobs and Internships &#8211; Nebraska Democratic Party\",\"isPartOf\":{\"@id\":\"https:\/\/nebraskademocrats.org\/#website\"},\"datePublished\":\"2017-02-01T20:58:11+00:00\",\"dateModified\":\"2023-06-08T19:02:14+00:00\",\"breadcrumb\":{\"@id\":\"https:\/\/nebraskademocrats.org\/jobs-and-internships\/#breadcrumb\"},\"inLanguage\":\"vi\",\"potentialAction\":[{\"@type\":\"ReadAction\",\"target\":[\"https:\/\/nebraskademocrats.org\/jobs-and-internships\/\"]}]},{\"@type\":\"BreadcrumbList\",\"@id\":\"https:\/\/nebraskademocrats.org\/jobs-and-internships\/#breadcrumb\",\"itemListElement\":[{\"@type\":\"ListItem\",\"position\":1,\"name\":\"Home\",\"item\":\"https:\/\/nebraskademocrats.org\/\"},{\"@type\":\"ListItem\",\"position\":2,\"name\":\"Jobs and Internships\"}]},{\"@type\":\"WebSite\",\"@id\":\"https:\/\/nebraskademocrats.org\/#website\",\"url\":\"https:\/\/nebraskademocrats.org\/\",\"name\":\"Nebraska Democratic Party\",\"description\":\"Growing the Good Life for All Nebraskans\",\"publisher\":{\"@id\":\"https:\/\/nebraskademocrats.org\/#organization\"},\"potentialAction\":[{\"@type\":\"SearchAction\",\"target\":{\"@type\":\"EntryPoint\",\"urlTemplate\":\"https:\/\/nebraskademocrats.org\/?s={search_term_string}\"},\"query-input\":{\"@type\":\"PropertyValueSpecification\",\"valueRequired\":true,\"valueName\":\"search_term_string\"}}],\"inLanguage\":\"vi\"},{\"@type\":\"Organization\",\"@id\":\"https:\/\/nebraskademocrats.org\/#organization\",\"name\":\"Nebraska Democratic Party\",\"url\":\"https:\/\/nebraskademocrats.org\/\",\"logo\":{\"@type\":\"ImageObject\",\"inLanguage\":\"vi\",\"@id\":\"https:\/\/nebraskademocrats.org\/#\/schema\/logo\/image\/\",\"url\":\"https:\/\/nebraskadem.wpenginepowered.com\/wp-content\/uploads\/2016\/05\/NDP2.jpg\",\"contentUrl\":\"https:\/\/nebraskadem.wpenginepowered.com\/wp-content\/uploads\/2016\/05\/NDP2.jpg\",\"width\":1000,\"height\":396,\"caption\":\"Nebraska Democratic Party\"},\"image\":{\"@id\":\"https:\/\/nebraskademocrats.org\/#\/schema\/logo\/image\/\"},\"sameAs\":[\"https:\/\/www.facebook.com\/NebraskaDemocraticParty\/\",\"https:\/\/x.com\/nebraskadems\"]}]}<\/script>\n<!-- \/ Yoast SEO plugin. -->","yoast_head_json":{"title":"Jobs and Internships &#8211; Nebraska Democratic Party","robots":{"index":"index","follow":"follow","max-snippet":"max-snippet:-1","max-image-preview":"max-image-preview:large","max-video-preview":"max-video-preview:-1"},"canonical":"https:\/\/nebraskademocrats.org\/vi\/jobs-and-internships\/","og_locale":"vi_VN","og_type":"article","og_title":"Jobs and Internships &#8211; Nebraska Democratic Party","og_description":"The Nebraska Democratic Party staff and interns build the party, raise resources, train the grassroots, lead on issues important to voters and elect candidates across our state. Interested applicants should email a cover letter, resume, and a list of three professional or educational references to the&nbsp;NDP Communications Director Jose Flores Jr.: jose@nebraskademocrats.org.&nbsp; We are always ... Read more","og_url":"https:\/\/nebraskademocrats.org\/vi\/jobs-and-internships\/","og_site_name":"Nebraska Democratic Party","article_publisher":"https:\/\/www.facebook.com\/NebraskaDemocraticParty\/","article_modified_time":"2023-06-08T19:02:14+00:00","og_image":[{"width":1200,"height":630,"url":"https:\/\/nebraskademocrats.org\/wp-content\/uploads\/2018\/09\/ne-dems-fb.jpg","type":"image\/jpeg"}],"twitter_card":"summary_large_image","twitter_site":"@nebraskadems","twitter_misc":{"\u01af\u1edbc t\u00ednh th\u1eddi gian \u0111\u1ecdc":"1 ph\u00fat"},"schema":{"@context":"https:\/\/schema.org","@graph":[{"@type":"WebPage","@id":"https:\/\/nebraskademocrats.org\/jobs-and-internships\/","url":"https:\/\/nebraskademocrats.org\/jobs-and-internships\/","name":"Jobs and Internships &#8211; Nebraska Democratic Party","isPartOf":{"@id":"https:\/\/nebraskademocrats.org\/#website"},"datePublished":"2017-02-01T20:58:11+00:00","dateModified":"2023-06-08T19:02:14+00:00","breadcrumb":{"@id":"https:\/\/nebraskademocrats.org\/jobs-and-internships\/#breadcrumb"},"inLanguage":"vi","potentialAction":[{"@type":"ReadAction","target":["https:\/\/nebraskademocrats.org\/jobs-and-internships\/"]}]},{"@type":"BreadcrumbList","@id":"https:\/\/nebraskademocrats.org\/jobs-and-internships\/#breadcrumb","itemListElement":[{"@type":"ListItem","position":1,"name":"Home","item":"https:\/\/nebraskademocrats.org\/"},{"@type":"ListItem","position":2,"name":"Jobs and Internships"}]},{"@type":"WebSite","@id":"https:\/\/nebraskademocrats.org\/#website","url":"https:\/\/nebraskademocrats.org\/","name":"Nebraska Democratic Party","description":"Ph\u00e1t tri\u1ec3n cu\u1ed9c s\u1ed1ng t\u1ed1t \u0111\u1eb9p cho t\u1ea5t c\u1ea3 Nebraskans","publisher":{"@id":"https:\/\/nebraskademocrats.org\/#organization"},"potentialAction":[{"@type":"SearchAction","target":{"@type":"EntryPoint","urlTemplate":"https:\/\/nebraskademocrats.org\/?s={search_term_string}"},"query-input":{"@type":"PropertyValueSpecification","valueRequired":true,"valueName":"search_term_string"}}],"inLanguage":"vi"},{"@type":"Organization","@id":"https:\/\/nebraskademocrats.org\/#organization","name":"Nebraska Democratic Party","url":"https:\/\/nebraskademocrats.org\/","logo":{"@type":"ImageObject","inLanguage":"vi","@id":"https:\/\/nebraskademocrats.org\/#\/schema\/logo\/image\/","url":"https:\/\/nebraskadem.wpenginepowered.com\/wp-content\/uploads\/2016\/05\/NDP2.jpg","contentUrl":"https:\/\/nebraskadem.wpenginepowered.com\/wp-content\/uploads\/2016\/05\/NDP2.jpg","width":1000,"height":396,"caption":"Nebraska Democratic Party"},"image":{"@id":"https:\/\/nebraskademocrats.org\/#\/schema\/logo\/image\/"},"sameAs":["https:\/\/www.facebook.com\/NebraskaDemocraticParty\/","https:\/\/x.com\/nebraskadems"]}]}},"_links":{"self":[{"href":"https:\/\/nebraskademocrats.org\/vi\/wp-json\/wp\/v2\/pages\/1924","targetHints":{"allow":["GET"]}}],"collection":[{"href":"https:\/\/nebraskademocrats.org\/vi\/wp-json\/wp\/v2\/pages"}],"about":[{"href":"https:\/\/nebraskademocrats.org\/vi\/wp-json\/wp\/v2\/types\/page"}],"author":[{"embeddable":true,"href":"https:\/\/nebraskademocrats.org\/vi\/wp-json\/wp\/v2\/users\/19"}],"replies":[{"embeddable":true,"href":"https:\/\/nebraskademocrats.org\/vi\/wp-json\/wp\/v2\/comments?post=1924"}],"version-history":[{"count":0,"href":"https:\/\/nebraskademocrats.org\/vi\/wp-json\/wp\/v2\/pages\/1924\/revisions"}],"wp:attachment":[{"href":"https:\/\/nebraskademocrats.org\/vi\/wp-json\/wp\/v2\/media?parent=1924"}],"curies":[{"name":"wp","href":"https:\/\/api.w.org\/{rel}","templated":true}]}}