{"id":30842,"date":"2021-01-26T13:31:07","date_gmt":"2021-01-26T19:31:07","guid":{"rendered":"https:\/\/nebraskadem.wpenginepowered.com\/?page_id=30842"},"modified":"2021-01-26T18:42:31","modified_gmt":"2021-01-27T00:42:31","slug":"tips-for-writing-a-letter-to-the-editor","status":"publish","type":"page","link":"https:\/\/nebraskademocrats.org\/vi\/tips-for-writing-a-letter-to-the-editor\/","title":{"rendered":"M\u1eb9o vi\u1ebft th\u01b0 cho ng\u01b0\u1eddi bi\u00ean t\u1eadp"},"content":{"rendered":"<div class=\"panel-display panel-two-col-triptych-mix\">\n<div class=\"center-wrapper clearfix full-page-width\">\n<div class=\"inner\">\n<div class=\"panel-panel panel-main-2 content-column\">\n<div class=\"panel-pane pane-aclu-components-description description\">\n<p>Nh\u1eefng l\u1eddi khuy\u00ean n\u00e0y t\u1eeb <a href=\"https:\/\/www.aclu.org\/other\/tips-writing-letter-editor\">ACLU<\/a> l\u00e0 h\u01b0\u1edbng d\u1eabn tuy\u1ec7t v\u1eddi \u0111\u1ec3 vi\u1ebft th\u01b0 cho ng\u01b0\u1eddi bi\u00ean t\u1eadp.<\/p>\n<ul>\n<li>Gi\u1eef cho n\u00f3 ng\u1eafn g\u1ecdn v\u00e0 v\u1ec1 m\u1ed9t ch\u1ee7 \u0111\u1ec1. Nhi\u1ec1u t\u1edd b\u00e1o c\u00f3 gi\u1edbi h\u1ea1n nghi\u00eam ng\u1eb7t v\u1ec1 \u0111\u1ed9 d\u00e0i c\u1ee7a c\u00e1c ch\u1eef c\u00e1i v\u00e0 c\u00f3 kh\u00f4ng gian h\u1ea1n ch\u1ebf \u0111\u1ec3 xu\u1ea5t b\u1ea3n ch\u00fang. Gi\u1eef cho b\u1ee9c th\u01b0 c\u1ee7a b\u1ea1n ng\u1eafn g\u1ecdn s\u1ebd gi\u00fap \u0111\u1ea3m b\u1ea3o r\u1eb1ng nh\u1eefng \u0111i\u1ec3m quan tr\u1ecdng c\u1ee7a b\u1ea1n kh\u00f4ng b\u1ecb t\u1edd b\u00e1o c\u1eaft b\u1ecf. S\u1eed d\u1ee5ng\u00a0<a href=\"https:\/\/www.aclu.org\/other\/tips-writing-your-elected-officials\">\u201cM\u1eb9o vi\u1ebft th\u01b0 cho c\u00e1c quan ch\u1ee9c \u0111\u01b0\u1ee3c b\u1ea7u c\u1ee7a b\u1ea1n\u201d<\/a>\u00a0nh\u01b0 m\u1ed9t h\u01b0\u1edbng d\u1eabn.<\/li>\n<li>L\u00e0m cho n\u00f3 d\u1ec5 \u0111\u1ecdc. Th\u01b0 c\u1ee7a b\u1ea1n kh\u00f4ng c\u1ea7n ph\u1ea3i qu\u00e1 c\u1ea7u k\u1ef3, nh\u01b0ng b\u1ea1n n\u00ean s\u1eed d\u1ee5ng m\u00e1y t\u00ednh n\u1ebfu ch\u1eef vi\u1ebft tay c\u1ee7a b\u1ea1n kh\u00f3 \u0111\u1ecdc.<\/li>\n<li>G\u1eedi th\u01b0 cho c\u00e1c t\u1edd b\u00e1o c\u1ed9ng \u0111\u1ed3ng h\u00e0ng tu\u1ea7n. S\u1ed1 l\u01b0\u1ee3ng ph\u00e1t h\u00e0nh c\u1ee7a t\u1edd b\u00e1o c\u00e0ng nh\u1ecf th\u00ec vi\u1ec7c in th\u01b0 c\u1ee7a b\u1ea1n c\u00e0ng d\u1ec5 d\u00e0ng.<\/li>\n<li style=\"text-align: left;\">H\u00e3y ch\u1eafc ch\u1eafn bao g\u1ed3m th\u00f4ng tin li\u00ean h\u1ec7 c\u1ee7a b\u1ea1n. Nhi\u1ec1u t\u1edd b\u00e1o s\u1ebd ch\u1ec9 in m\u1ed9t l\u00e1 th\u01b0 cho t\u00f2a so\u1ea1n sau khi g\u1ecdi \u0111i\u1ec7n cho t\u00e1c gi\u1ea3 \u0111\u1ec3 x\u00e1c minh danh t\u00ednh v\u00e0 \u0111\u1ecba ch\u1ec9 c\u1ee7a h\u1ecd. B\u00e1o ch\u00ed s\u1ebd kh\u00f4ng \u0111\u01b0a ra th\u00f4ng tin \u0111\u00f3, v\u00e0 th\u01b0\u1eddng s\u1ebd ch\u1ec9 in t\u00ean v\u00e0 th\u00e0nh ph\u1ed1 c\u1ee7a b\u1ea1n n\u1ebfu l\u00e1 th\u01b0 c\u1ee7a b\u1ea1n \u0111\u01b0\u1ee3c xu\u1ea5t b\u1ea3n.<\/li>\n<\/ul>\n<h3><b>M\u1eabu th\u01b0 s\u1ed1 1<\/b><\/h3>\n<p>K\u00ednh g\u1eedi Ban bi\u00ean t\u1eadp:<\/p>\n<p>T\u00f4i r\u1ea5t b\u0103n kho\u0103n - v\u00e0 b\u1ea1n c\u0169ng v\u1eady - r\u1eb1ng GOP m\u1ed9t l\u1ea7n n\u1eefa \u0111\u1ec1 xu\u1ea5t s\u1ebd quay tr\u1edf l\u1ea1i <span style=\"font-weight: 400;\">Nebraska \u00e1p d\u1ee5ng ph\u01b0\u01a1ng ph\u00e1p ph\u00e2n b\u1ed5 phi\u1ebfu b\u1ea7u c\u1ee7a C\u1eed tri \u0111o\u00e0n.<\/span><\/p>\n<p><span style=\"font-weight: 400;\">Ch\u1ec9 Nebraska v\u00e0 Maine chia phi\u1ebfu \u0111\u1ea1i c\u1eed tri c\u1ee7a h\u1ecd - v\u1edbi ng\u01b0\u1eddi chi\u1ebfn th\u1eafng trong cu\u1ed9c \u0111ua gi\u00e0nh t\u1ed5ng th\u1ed1ng nh\u1eadn \u0111\u01b0\u1ee3c phi\u1ebfu b\u1ea7u \u1edf m\u1ed7i ho\u1eb7c ba khu v\u1ef1c qu\u1ed1c h\u1ed9i c\u1ee7a ch\u00fang t\u00f4i, v\u00e0 hai ng\u01b0\u1eddi c\u00f2n l\u1ea1i s\u1ebd gi\u00e0nh chi\u1ebfn th\u1eafng tr\u00ean to\u00e0n ti\u1ec3u bang.\u00a0<\/span><\/p>\n<div class=\"lee-article-text\">M\u00f4 h\u00ecnh Nebraska trao phi\u1ebfu \u0111\u1ea1i c\u1eed tri t\u00f4n vinh c\u00e1c nguy\u00ean t\u1eafc c\u1ee7a nh\u1eefng ng\u01b0\u1eddi cha s\u00e1ng l\u1eadp.<\/div>\n<div id=\"tncms-region-article_instory_middle\" class=\"tncms-region hidden-print\">\n<div id=\"tncms-block-1727966\" class=\"tncms-block\">\n<p>\u0110\u1ea3ng C\u1ed9ng h\u00f2a Nebraska \u0111\u00e3 c\u1ed1 g\u1eafng thay \u0111\u1ed5i h\u1ec7 th\u1ed1ng n\u00e0y trong t\u00e1m n\u0103m qua v\u00e0 \u0111\u00e3 th\u1ea5t b\u1ea1i v\u00ec n\u1ed7 l\u1ef1c c\u1ee7a c\u00e1c nh\u00e0 l\u1eadp ph\u00e1p v\u00e0 nh\u00f3m c\u00f4ng d\u00e2n \u0111\u1ee9ng \u0111\u1ea7u nh\u01b0 ACLU v\u00e0 Civic Nebraska.<\/p>\n<p>N\u1ed7 l\u1ef1c hi\u1ec7n t\u1ea1i c\u1ee7a GOP v\u00e0 Th\u01b0\u1ee3ng ngh\u1ecb s\u0129 Julie Slama c\u1ea7n ph\u1ea3i th\u1ea5t b\u1ea1i m\u1ed9t l\u1ea7n n\u1eefa.<\/p>\n<p>Tr\u00e2n tr\u1ecdng,<\/p>\n<\/div>\n<\/div>\n<div>T\u00ean c\u1ee7a b\u1ea1n<\/div>\n<div>\u0110\u1ecba ch\u1ec9<br \/>\nS\u1ed1 \u0111i\u1ec7n tho\u1ea1i<\/div>\n<div><\/div>\n<div>\n<h3><b><strong>M\u1eabu th\u01b0 s\u1ed1 2<\/strong><\/b><\/h3>\n<\/div>\n<p><span style=\"font-weight: 400;\">K\u00ednh g\u1eedi Ban bi\u00ean t\u1eadp:<\/span><\/p>\n<p><span style=\"font-weight: 400;\">T\u1ed1t t\u1ed1t t\u1ed1t. C\u0169ng gi\u1ed1ng nh\u01b0 kim \u0111\u1ed3ng h\u1ed3, Nebraska GOP m\u1ed9t l\u1ea7n n\u1eefa c\u1ed1 g\u1eafng \u0111\u1ea9y s\u1ed1 \u0111o ID c\u1eed tri xu\u1ed1ng c\u1ed5 h\u1ecdng c\u1ee7a ch\u00fang t\u00f4i.<\/span><\/p>\n<p><span style=\"font-weight: 400;\">Th\u01b0\u1ee3ng ngh\u1ecb s\u0129 bang Julie Slama \u0111\u00e3 \u0111\u01b0a ra \u0111\u1ec1 xu\u1ea5t s\u1eeda \u0111\u1ed5i hi\u1ebfn ph\u00e1p trong <\/span>C\u01a1 quan l\u1eadp ph\u00e1p<span style=\"font-weight: 400;\"> r\u1eb1ng, n\u1ebfu \u0111\u01b0\u1ee3c c\u1eed tri th\u00f4ng qua, s\u1ebd y\u00eau c\u1ea7u gi\u1ea5y t\u1edd t\u00f9y th\u00e2n c\u00f3 \u1ea3nh \u0111\u1ec3 b\u1ecf phi\u1ebfu.<\/span><\/p>\n<p>N\u1ed7 l\u1ef1c n\u00e0y kh\u00f4ng ch\u1ec9 x\u1ea3y ra. C\u00e1c bi\u1ec7n ph\u00e1p ID c\u1eed tri n\u00e0y l\u00e0 m\u1ed9t ph\u1ea7n trong n\u1ed7 l\u1ef1c kh\u00f4ng ng\u1eebng c\u1ee7a GOP tr\u00ean to\u00e0n qu\u1ed1c nh\u1eb1m l\u00e0m suy y\u1ebfu ti\u1ebfn b\u1ed9 h\u00e0ng th\u1eadp k\u1ef7 v\u1ec1 quy\u1ec1n b\u1ecf phi\u1ebfu.<\/p>\n<p>Lu\u1eadt ID c\u1eed tri t\u01b0\u1edbc quy\u1ec1n b\u1ea7u c\u1eed c\u1ee7a nhi\u1ec1u c\u1eed tri, gi\u1ea3m b\u1edbt s\u1ef1 tham gia v\u00e0 \u0111\u1ed1i l\u1eadp tr\u1ef1c ti\u1ebfp v\u1edbi xu h\u01b0\u1edbng thu h\u00fat nhi\u1ec1u ng\u01b0\u1eddi M\u1ef9 h\u01a1n trong ti\u1ebfn tr\u00ecnh d\u00e2n ch\u1ee7 c\u1ee7a \u0111\u1ea5t n\u01b0\u1edbc ch\u00fang ta.<\/p>\n<div id=\"tncms-region-article_instory_middle\" class=\"tncms-region hidden-print\">\n<div id=\"tncms-block-1727966\" class=\"tncms-block\">\u0110\u00f3 ch\u1ec9 l\u00e0 nh\u1eefng g\u00ec GOP mu\u1ed1n.<\/div>\n<\/div>\n<div>Tr\u00e2n tr\u1ecdng,<\/div>\n<div>\n<p>T\u00ean c\u1ee7a b\u1ea1n<br \/>\n\u0110\u1ecba ch\u1ec9<br \/>\nS\u1ed1 \u0111i\u1ec7n tho\u1ea1i<\/p>\n<\/div>\n<\/div>\n<\/div>\n<\/div>\n<\/div>\n<\/div>","protected":false},"excerpt":{"rendered":"<p>These tips from the ACLU are great guidance for writing letters to the editor. Keep it short and on one subject.\u00a0Many newspapers have strict limits on the length of letters and have limited space to publish them. Keeping your letter brief will help assure that your important points are not cut out by the newspaper.\u00a0Use &#8230; <a title=\"M\u1eb9o vi\u1ebft th\u01b0 cho ng\u01b0\u1eddi bi\u00ean t\u1eadp\" class=\"read-more\" href=\"https:\/\/nebraskademocrats.org\/vi\/tips-for-writing-a-letter-to-the-editor\/\" aria-label=\"More on Tips for writing a letter to the editor\">\u0110\u1ecdc th\u00eam<\/a><\/p>","protected":false},"author":19,"featured_media":0,"parent":0,"menu_order":0,"comment_status":"closed","ping_status":"closed","template":"","meta":{"_acf_changed":false,"_exactmetrics_skip_tracking":false,"_exactmetrics_sitenote_active":false,"_exactmetrics_sitenote_note":"","_exactmetrics_sitenote_category":0,"footnotes":""},"class_list":["post-30842","page","type-page","status-publish"],"acf":[],"yoast_head":"<!-- This site is optimized with the Yoast SEO plugin v27.1.1 - https:\/\/yoast.com\/product\/yoast-seo-wordpress\/ -->\n<title>Tips for writing a letter to the editor &#8211; Nebraska Democratic Party<\/title>\n<meta name=\"robots\" content=\"index, follow, max-snippet:-1, max-image-preview:large, max-video-preview:-1\" \/>\n<link rel=\"canonical\" href=\"https:\/\/nebraskademocrats.org\/vi\/tips-for-writing-a-letter-to-the-editor\/\" \/>\n<meta property=\"og:locale\" content=\"vi_VN\" \/>\n<meta property=\"og:type\" content=\"article\" \/>\n<meta property=\"og:title\" content=\"Tips for writing a letter to the editor &#8211; Nebraska Democratic Party\" \/>\n<meta property=\"og:description\" content=\"These tips from the ACLU are great guidance for writing letters to the editor. Keep it short and on one subject.\u00a0Many newspapers have strict limits on the length of letters and have limited space to publish them. Keeping your letter brief will help assure that your important points are not cut out by the newspaper.\u00a0Use ... Read more\" \/>\n<meta property=\"og:url\" content=\"https:\/\/nebraskademocrats.org\/vi\/tips-for-writing-a-letter-to-the-editor\/\" \/>\n<meta property=\"og:site_name\" content=\"Nebraska Democratic Party\" \/>\n<meta property=\"article:publisher\" content=\"https:\/\/www.facebook.com\/NebraskaDemocraticParty\/\" \/>\n<meta property=\"article:modified_time\" content=\"2021-01-27T00:42:31+00:00\" \/>\n<meta property=\"og:image\" content=\"https:\/\/nebraskademocrats.org\/wp-content\/uploads\/2018\/09\/ne-dems-fb.jpg\" \/>\n\t<meta property=\"og:image:width\" content=\"1200\" \/>\n\t<meta property=\"og:image:height\" content=\"630\" \/>\n\t<meta property=\"og:image:type\" content=\"image\/jpeg\" \/>\n<meta name=\"twitter:card\" content=\"summary_large_image\" \/>\n<meta name=\"twitter:site\" content=\"@nebraskadems\" \/>\n<meta name=\"twitter:label1\" content=\"\u01af\u1edbc t\u00ednh th\u1eddi gian \u0111\u1ecdc\" \/>\n\t<meta name=\"twitter:data1\" content=\"2 ph\u00fat\" \/>\n<script type=\"application\/ld+json\" class=\"yoast-schema-graph\">{\"@context\":\"https:\/\/schema.org\",\"@graph\":[{\"@type\":\"WebPage\",\"@id\":\"https:\/\/nebraskademocrats.org\/vi\/tips-for-writing-a-letter-to-the-editor\/\",\"url\":\"https:\/\/nebraskademocrats.org\/vi\/tips-for-writing-a-letter-to-the-editor\/\",\"name\":\"Tips for writing a letter to the editor &#8211; Nebraska Democratic Party\",\"isPartOf\":{\"@id\":\"https:\/\/nebraskademocrats.org\/#website\"},\"datePublished\":\"2021-01-26T19:31:07+00:00\",\"dateModified\":\"2021-01-27T00:42:31+00:00\",\"breadcrumb\":{\"@id\":\"https:\/\/nebraskademocrats.org\/vi\/tips-for-writing-a-letter-to-the-editor\/#breadcrumb\"},\"inLanguage\":\"vi\",\"potentialAction\":[{\"@type\":\"ReadAction\",\"target\":[\"https:\/\/nebraskademocrats.org\/vi\/tips-for-writing-a-letter-to-the-editor\/\"]}]},{\"@type\":\"BreadcrumbList\",\"@id\":\"https:\/\/nebraskademocrats.org\/vi\/tips-for-writing-a-letter-to-the-editor\/#breadcrumb\",\"itemListElement\":[{\"@type\":\"ListItem\",\"position\":1,\"name\":\"Home\",\"item\":\"https:\/\/nebraskademocrats.org\/\"},{\"@type\":\"ListItem\",\"position\":2,\"name\":\"Tips for writing a letter to the editor\"}]},{\"@type\":\"WebSite\",\"@id\":\"https:\/\/nebraskademocrats.org\/#website\",\"url\":\"https:\/\/nebraskademocrats.org\/\",\"name\":\"Nebraska Democratic Party\",\"description\":\"Growing the Good Life for All Nebraskans\",\"publisher\":{\"@id\":\"https:\/\/nebraskademocrats.org\/#organization\"},\"potentialAction\":[{\"@type\":\"SearchAction\",\"target\":{\"@type\":\"EntryPoint\",\"urlTemplate\":\"https:\/\/nebraskademocrats.org\/?s={search_term_string}\"},\"query-input\":{\"@type\":\"PropertyValueSpecification\",\"valueRequired\":true,\"valueName\":\"search_term_string\"}}],\"inLanguage\":\"vi\"},{\"@type\":\"Organization\",\"@id\":\"https:\/\/nebraskademocrats.org\/#organization\",\"name\":\"Nebraska Democratic Party\",\"url\":\"https:\/\/nebraskademocrats.org\/\",\"logo\":{\"@type\":\"ImageObject\",\"inLanguage\":\"vi\",\"@id\":\"https:\/\/nebraskademocrats.org\/#\/schema\/logo\/image\/\",\"url\":\"https:\/\/nebraskadem.wpenginepowered.com\/wp-content\/uploads\/2016\/05\/NDP2.jpg\",\"contentUrl\":\"https:\/\/nebraskadem.wpenginepowered.com\/wp-content\/uploads\/2016\/05\/NDP2.jpg\",\"width\":1000,\"height\":396,\"caption\":\"Nebraska Democratic Party\"},\"image\":{\"@id\":\"https:\/\/nebraskademocrats.org\/#\/schema\/logo\/image\/\"},\"sameAs\":[\"https:\/\/www.facebook.com\/NebraskaDemocraticParty\/\",\"https:\/\/x.com\/nebraskadems\"]}]}<\/script>\n<!-- \/ Yoast SEO plugin. -->","yoast_head_json":{"title":"Tips for writing a letter to the editor &#8211; Nebraska Democratic Party","robots":{"index":"index","follow":"follow","max-snippet":"max-snippet:-1","max-image-preview":"max-image-preview:large","max-video-preview":"max-video-preview:-1"},"canonical":"https:\/\/nebraskademocrats.org\/vi\/tips-for-writing-a-letter-to-the-editor\/","og_locale":"vi_VN","og_type":"article","og_title":"Tips for writing a letter to the editor &#8211; Nebraska Democratic Party","og_description":"These tips from the ACLU are great guidance for writing letters to the editor. Keep it short and on one subject.\u00a0Many newspapers have strict limits on the length of letters and have limited space to publish them. Keeping your letter brief will help assure that your important points are not cut out by the newspaper.\u00a0Use ... Read more","og_url":"https:\/\/nebraskademocrats.org\/vi\/tips-for-writing-a-letter-to-the-editor\/","og_site_name":"Nebraska Democratic Party","article_publisher":"https:\/\/www.facebook.com\/NebraskaDemocraticParty\/","article_modified_time":"2021-01-27T00:42:31+00:00","og_image":[{"width":1200,"height":630,"url":"https:\/\/nebraskademocrats.org\/wp-content\/uploads\/2018\/09\/ne-dems-fb.jpg","type":"image\/jpeg"}],"twitter_card":"summary_large_image","twitter_site":"@nebraskadems","twitter_misc":{"\u01af\u1edbc t\u00ednh th\u1eddi gian \u0111\u1ecdc":"2 ph\u00fat"},"schema":{"@context":"https:\/\/schema.org","@graph":[{"@type":"WebPage","@id":"https:\/\/nebraskademocrats.org\/vi\/tips-for-writing-a-letter-to-the-editor\/","url":"https:\/\/nebraskademocrats.org\/vi\/tips-for-writing-a-letter-to-the-editor\/","name":"Tips for writing a letter to the editor &#8211; Nebraska Democratic Party","isPartOf":{"@id":"https:\/\/nebraskademocrats.org\/#website"},"datePublished":"2021-01-26T19:31:07+00:00","dateModified":"2021-01-27T00:42:31+00:00","breadcrumb":{"@id":"https:\/\/nebraskademocrats.org\/vi\/tips-for-writing-a-letter-to-the-editor\/#breadcrumb"},"inLanguage":"vi","potentialAction":[{"@type":"ReadAction","target":["https:\/\/nebraskademocrats.org\/vi\/tips-for-writing-a-letter-to-the-editor\/"]}]},{"@type":"BreadcrumbList","@id":"https:\/\/nebraskademocrats.org\/vi\/tips-for-writing-a-letter-to-the-editor\/#breadcrumb","itemListElement":[{"@type":"ListItem","position":1,"name":"Home","item":"https:\/\/nebraskademocrats.org\/"},{"@type":"ListItem","position":2,"name":"Tips for writing a letter to the editor"}]},{"@type":"WebSite","@id":"https:\/\/nebraskademocrats.org\/#website","url":"https:\/\/nebraskademocrats.org\/","name":"Nebraska Democratic Party","description":"Ph\u00e1t tri\u1ec3n cu\u1ed9c s\u1ed1ng t\u1ed1t \u0111\u1eb9p cho t\u1ea5t c\u1ea3 Nebraskans","publisher":{"@id":"https:\/\/nebraskademocrats.org\/#organization"},"potentialAction":[{"@type":"SearchAction","target":{"@type":"EntryPoint","urlTemplate":"https:\/\/nebraskademocrats.org\/?s={search_term_string}"},"query-input":{"@type":"PropertyValueSpecification","valueRequired":true,"valueName":"search_term_string"}}],"inLanguage":"vi"},{"@type":"Organization","@id":"https:\/\/nebraskademocrats.org\/#organization","name":"Nebraska Democratic Party","url":"https:\/\/nebraskademocrats.org\/","logo":{"@type":"ImageObject","inLanguage":"vi","@id":"https:\/\/nebraskademocrats.org\/#\/schema\/logo\/image\/","url":"https:\/\/nebraskadem.wpenginepowered.com\/wp-content\/uploads\/2016\/05\/NDP2.jpg","contentUrl":"https:\/\/nebraskadem.wpenginepowered.com\/wp-content\/uploads\/2016\/05\/NDP2.jpg","width":1000,"height":396,"caption":"Nebraska Democratic Party"},"image":{"@id":"https:\/\/nebraskademocrats.org\/#\/schema\/logo\/image\/"},"sameAs":["https:\/\/www.facebook.com\/NebraskaDemocraticParty\/","https:\/\/x.com\/nebraskadems"]}]}},"_links":{"self":[{"href":"https:\/\/nebraskademocrats.org\/vi\/wp-json\/wp\/v2\/pages\/30842","targetHints":{"allow":["GET"]}}],"collection":[{"href":"https:\/\/nebraskademocrats.org\/vi\/wp-json\/wp\/v2\/pages"}],"about":[{"href":"https:\/\/nebraskademocrats.org\/vi\/wp-json\/wp\/v2\/types\/page"}],"author":[{"embeddable":true,"href":"https:\/\/nebraskademocrats.org\/vi\/wp-json\/wp\/v2\/users\/19"}],"replies":[{"embeddable":true,"href":"https:\/\/nebraskademocrats.org\/vi\/wp-json\/wp\/v2\/comments?post=30842"}],"version-history":[{"count":0,"href":"https:\/\/nebraskademocrats.org\/vi\/wp-json\/wp\/v2\/pages\/30842\/revisions"}],"wp:attachment":[{"href":"https:\/\/nebraskademocrats.org\/vi\/wp-json\/wp\/v2\/media?parent=30842"}],"curies":[{"name":"wp","href":"https:\/\/api.w.org\/{rel}","templated":true}]}}