{"id":33563,"date":"2021-06-22T10:36:07","date_gmt":"2021-06-22T15:36:07","guid":{"rendered":"https:\/\/nebraskadem.wpenginepowered.com\/?page_id=33563"},"modified":"2022-08-19T16:15:29","modified_gmt":"2022-08-19T21:15:29","slug":"ndp-rural-outreach","status":"publish","type":"page","link":"https:\/\/nebraskademocrats.org\/vi\/ndp-rural-outreach\/","title":{"rendered":"NDP Ti\u1ebfp c\u1eadn N\u00f4ng th\u00f4n"},"content":{"rendered":"<p><img fetchpriority=\"high\" decoding=\"async\" class=\"size-full wp-image-33581 aligncenter\" src=\"https:\/\/nebraskadem.wpenginepowered.com\/wp-content\/uploads\/2021\/06\/farm.jpg\" alt=\"\" width=\"318\" height=\"159\" srcset=\"https:\/\/nebraskademocrats.org\/wp-content\/uploads\/2021\/06\/farm.jpg 318w, https:\/\/nebraskademocrats.org\/wp-content\/uploads\/2021\/06\/farm-300x150.jpg 300w, https:\/\/nebraskademocrats.org\/wp-content\/uploads\/2021\/06\/farm-16x8.jpg 16w\" sizes=\"(max-width: 318px) 100vw, 318px\" \/><\/p>\n<p><span style=\"font-weight: 400;\">Nebraska Democratic Party cam k\u1ebft \u0111\u1ea1i di\u1ec7n v\u00e0 ph\u1ee5c v\u1ee5 l\u1ee3i \u00edch t\u1ed1t nh\u1ea5t c\u1ee7a c\u1ed9ng \u0111\u1ed3ng n\u00f4ng th\u00f4n c\u1ee7a ch\u00fang t\u00f4i tr\u00ean to\u00e0n ti\u1ec3u bang. Ti\u1ebfp c\u1eadn N\u00f4ng th\u00f4n c\u00f3 ngh\u0129a l\u00e0 gi\u00fap \u0111\u1ee1 nh\u1eefng ng\u01b0\u1eddi Nebraskans s\u1ed1ng trong c\u00e1c c\u1ed9ng \u0111\u1ed3ng n\u00f4ng th\u00f4n b\u1eb1ng c\u00e1ch tham gia v\u00e0 h\u1ed7 tr\u1ee3 c\u1ed9ng \u0111\u1ed3ng th\u00f4ng qua c\u00e1c \u0111\u1ea3ng c\u1ee7a bang v\u00e0 h\u1ea1t c\u1ee7a ch\u00fang t\u00f4i. M\u1ed9t ph\u1ea7n trong s\u1ee9 m\u1ec7nh c\u1ee7a ch\u00fang t\u00f4i l\u00e0 cung c\u1ea5p th\u00f4ng tin v\u00e0 c\u00f4ng c\u1ee5 c\u1ea7n thi\u1ebft \u0111\u1ec3 gi\u1eef cho c\u00e1c th\u1ecb tr\u1ea5n v\u00e0 l\u00e0ng m\u1ea1c c\u1ee7a ch\u00fang t\u00f4i ph\u00e1t tri\u1ec3n, b\u1ec1n v\u1eefng, t\u1ef1 cung t\u1ef1 c\u1ea5p v\u00e0 s\u00f4i \u0111\u1ed9ng.<\/span><\/p>\n<h3><strong>Blog c\u1ee7a Ch\u1ee7 t\u1ecbch Kleeb:<\/strong><\/h3>\n<p><strong><a href=\"https:\/\/nebraskadem.wpenginepowered.com\/blog\/democrats-can-and-are-winning-in-rural-communities\/\">\u0110\u1ea3ng D\u00e2n ch\u1ee7 C\u00f3 th\u1ec3 v\u00e0 \u0110ang Chi\u1ebfn th\u1eafng trong c\u00e1c C\u1ed9ng \u0111\u1ed3ng N\u00f4ng th\u00f4n<\/a><\/strong><\/p>\n<h3><strong>\u0110\u1ea1o lu\u1eadt Gi\u1ea3m l\u1ea1m ph\u00e1t:<\/strong><\/h3>\n<p><strong><a href=\"https:\/\/nebraskadem.wpenginepowered.com\/blog\/fact-sheet-how-the-inflation-reduction-act-helps-rural-communities\/\">T\u1edc TH\u1ef0C T\u1ebe: \u0110\u1ea1o lu\u1eadt Gi\u1ea3m l\u1ea1m ph\u00e1t gi\u00fap \u00edch cho c\u00e1c c\u1ed9ng \u0111\u1ed3ng n\u00f4ng th\u00f4n nh\u01b0 th\u1ebf n\u00e0o<\/a><\/strong><\/p>\n<h3><strong>V\u0103n ph\u00f2ng Di \u0111\u1ed9ng:<\/strong><\/h3>\n<p><span style=\"font-weight: 400;\">D\u1ef1 \u00e1n V\u0103n ph\u00f2ng Di \u0111\u1ed9ng NDP \u0111\u01b0\u1ee3c thi\u1ebft k\u1ebf \u0111\u1ec3 gi\u00fap b\u00ean c\u1ee7a ch\u00fang t\u00f4i giao ti\u1ebfp v\u00e0 ph\u1ee5c v\u1ee5 c\u1ed9ng \u0111\u1ed3ng c\u1ee7a ch\u00fang t\u00f4i t\u1ed1t h\u01a1n. C\u00e1c v\u0103n ph\u00f2ng s\u1ebd cho ph\u00e9p ch\u00fang t\u00f4i cung c\u1ea5p cho c\u00e1c b\u00ean \u0111\u1ecba ph\u01b0\u01a1ng c\u1ee7a ch\u00fang t\u00f4i m\u1ed9t b\u1ed9 t\u00e0i li\u1ec7u chuy\u00ean nghi\u1ec7p v\u00e0 to\u00e0n di\u1ec7n c\u00f3 th\u1ec3 \u0111\u01b0\u1ee3c s\u1eed d\u1ee5ng \u0111\u1ec3 ti\u1ebfp c\u1eadn th\u00f4ng qua c\u00e1c h\u1ed9i ch\u1ee3, c\u00e1c cu\u1ed9c di\u1ec5u h\u00e0nh, c\u00e1c \u0111\u1ee3t \u0111\u0103ng k\u00fd c\u1eed tri v\u00e0 h\u01a1n th\u1ebf n\u1eefa.<\/span><\/p>\n<p><strong><a href=\"https:\/\/nebraskadem.wpenginepowered.com\/blog\/ndp-mobile-office\/\">\u0110\u1ecdc th\u00eam v\u1ec1 c\u00e1ch c\u00f3 v\u0103n ph\u00f2ng di \u0111\u1ed9ng cho s\u1ef1 ki\u1ec7n c\u1ee7a b\u1ea1n.<\/a><\/strong><\/p>\n<h3><strong>K\u1ebf ho\u1ea1ch t\u01b0\u01a1i \u0111\u1eb9p c\u1ee7a n\u01b0\u1edbc M\u1ef9:<\/strong><\/h3>\n<p><span style=\"font-weight: 400;\">K\u1ebf ho\u1ea1ch America the Beautiful c\u1ee7a ch\u00ednh quy\u1ec1n Biden h\u1ed7 tr\u1ee3 c\u00e1c n\u1ed7 l\u1ef1c b\u1ea3o t\u1ed3n t\u1ef1 nguy\u1ec7n do \u0111\u1ecba ph\u01b0\u01a1ng l\u00e3nh \u0111\u1ea1o b\u1eb1ng c\u00e1ch cung c\u1ea5p h\u1ed7 tr\u1ee3 v\u00e0 khuy\u1ebfn kh\u00edch cho c\u00e1c n\u1ed7 l\u1ef1c b\u1ea3o t\u1ed3n c\u1ee7a n\u00f4ng d\u00e2n, ch\u1ee7 trang tr\u1ea1i, c\u1ed9ng \u0111\u1ed3ng v\u00e0 c\u00e1c t\u1ed5 ch\u1ee9c phi l\u1ee3i nhu\u1eadn. Ch\u1ee7 t\u1ecda Jane Kleeb \u0111\u01b0a ra l\u1eddi gi\u1ea3i th\u00edch v\u1ec1 k\u1ebf ho\u1ea1ch 30 \u00d7 30 b\u00ean d\u01b0\u1edbi.<\/span><\/p>\n<p><strong><a href=\"https:\/\/nebraskadem.wpenginepowered.com\/blog\/ndps-kleeb-take-time-to-learn-about-president-bidens-ambitious-america-the-beautiful-30x30-plan\/\">\u0110\u1ecdc th\u00eam v\u1ec1 K\u1ebf ho\u1ea1ch 30 \u00d7 30.<\/a><\/strong><\/p>\n<h3><strong>Tuy\u00ean ng\u00f4n v\u1ec1 quy\u1ec1n \u1edf n\u00f4ng th\u00f4n:<\/strong><\/h3>\n<p><span style=\"font-weight: 400;\">Tuy\u00ean ng\u00f4n Nh\u00e2n quy\u1ec1n c\u1ee7a N\u00f4ng th\u00f4n Nebraska v\u1ea1ch ra c\u00e1c m\u1ee5c ti\u00eau v\u00e0 n\u1ed7 l\u1ef1c c\u1ee7a \u0111\u1ea3ng ch\u00fang t\u00f4i \u0111\u1ec3 gi\u00fap c\u00e1c nh\u00e0 s\u1ea3n xu\u1ea5t n\u00f4ng nghi\u1ec7p v\u00e0 c\u00e1c th\u1ecb tr\u1ea5n nh\u1ecf c\u1ee7a ch\u00fang t\u00f4i thu l\u1ee3i nhu\u1eadn v\u00e0 ph\u00e1t tri\u1ec3n. Nebraska l\u00e0 m\u1ed9t trong nh\u1eefng ti\u1ec3u bang ng\u00e0y c\u00e0ng c\u00f3 nhi\u1ec1u ng\u01b0\u1eddi t\u1ea1o ra Tuy\u00ean ng\u00f4n Nh\u00e2n quy\u1ec1n N\u00f4ng th\u00f4n trong c\u01a1 c\u1ea5u \u0111\u1ea3ng c\u1ee7a ch\u00fang t\u00f4i. C\u00e1c th\u00e0nh vi\u00ean kh\u00e1c c\u1ee7a ti\u1ec3u bang \u0111\u00e3 t\u1ea1o ra Tuy\u00ean ng\u00f4n v\u1ec1 Quy\u1ec1n \u1edf N\u00f4ng th\u00f4n bao g\u1ed3m <a href=\"https:\/\/missouridemocrats.org\/farmers-bill-of-rights\/\">Missouri<\/a> v\u00e0 <a href=\"https:\/\/kansasdems.org\/farmersbillofrights\">Kansas.<\/a><\/span><\/p>\n<p><strong><a href=\"https:\/\/nebraskadem.wpenginepowered.com\/wp-content\/uploads\/2021\/06\/NEBDEMS-RuralBillOfRights2021_HalfSheet.pdf\">\u0110\u1ecdc th\u00eam v\u1ec1 Tuy\u00ean ng\u00f4n Nh\u00e2n quy\u1ec1n N\u00f4ng th\u00f4n c\u1ee7a Nebraska.<\/a><\/strong><\/p>\n<h3><strong>H\u1ed9i ngh\u1ecb N\u00f4ng th\u00f4n Trung T\u00e2y:<\/strong><\/h3>\n<p>NDP&#039;s <span style=\"font-weight: 400;\">H\u1ed9i \u0111\u1ed3ng N\u00f4ng nghi\u1ec7p v\u00e0 N\u00f4ng th\u00f4n \u0111\u0103ng cai t\u1ed5 ch\u1ee9c n\u0103m 2021 <\/span>H\u1ed9i ngh\u1ecb N\u00f4ng th\u00f4n Trung T\u00e2y. C\u00f3 ba di\u1ec5n gi\u1ea3 tuy\u1ec7t v\u1eddi:<\/p>\n<ul>\n<li style=\"font-weight: 400;\" aria-level=\"1\"><span style=\"font-weight: 400;\">Ch\u00ednh tr\u1ecb, huy\u1ec1n tho\u1ea1i v\u00e0 th\u1ef1c t\u1ebf c\u1ee7a vi\u1ec7c c\u1ee7ng c\u1ed1 tr\u01b0\u1eddng h\u1ecdc \u1edf n\u00f4ng th\u00f4n: Paul Theobald<\/span><span style=\"font-weight: 400;\"><br \/>\n<\/span><\/li>\n<li style=\"font-weight: 400;\" aria-level=\"1\"><span style=\"font-weight: 400;\">\u0110\u1ed9t ph\u00e1: Ch\u0103m s\u00f3c s\u1ee9c kh\u1ecfe n\u00f4ng th\u00f4n v\u00e0 ACA: Cynthia Nunlaey<\/span><span style=\"font-weight: 400;\"><br \/>\n<\/span><\/li>\n<li style=\"font-weight: 400;\" aria-level=\"1\"><span style=\"font-weight: 400;\">30 x 30, K\u1ebf ho\u1ea1ch th\u1ef1c t\u1ebf so v\u1edbi C\u1ed7 m\u00e1y th\u00f4ng tin c\u1ee7a \u0110\u1ea3ng C\u1ed9ng h\u00f2a: John Hansen<\/span><\/li>\n<\/ul>\n<p><a href=\"https:\/\/nebraskadem.wpenginepowered.com\/midwest-rural-conference-followup\/\">Xem th\u00eam th\u00f4ng tin chi ti\u1ebft t\u1ea1i \u0111\u00e2y.<\/a><\/p>\n<h3><strong>Ch\u1eb7n \u0111\u1ed9i tr\u01b0\u1edfng:<\/strong><\/h3>\n<p>L\u00e0m \u0110\u1ed9i tr\u01b0\u1edfng Kh\u1ed1i c\u00f3 ngh\u0129a l\u00e0 b\u1ea1n c\u00f3 tr\u00e1ch nhi\u1ec7m k\u1ebft n\u1ed1i v\u1edbi 50 c\u1eed tri trong c\u1ed9ng \u0111\u1ed3ng c\u1ee7a m\u00ecnh \u0111\u1ec3 b\u1ea7u c\u00e1c \u0111\u1ea3ng vi\u00ean D\u00e2n ch\u1ee7 l\u00ean v\u00e0 xu\u1ed1ng l\u00e1 phi\u1ebfu. Ch\u00fang t\u00f4i \u0111i\u1ec1u ch\u1ec9nh m\u00f4 h\u00ecnh cho c\u00e1c \u0110\u1ed9i tr\u01b0\u1edfng N\u00f4ng th\u00f4n, \u0110\u1ed9i tr\u01b0\u1edfng C\u0103n h\u1ed9 v\u00e0 \u0110\u1ed9i tr\u01b0\u1edfng K\u00fd t\u00fac x\u00e1. Ch\u00fang t\u00f4i cung c\u1ea5p t\u00e0i li\u1ec7u v\u00e0 \u0111\u00e0o t\u1ea1o cho c\u00e1c \u0110\u1ed9i tr\u01b0\u1edfng Kh\u1ed1i c\u1ee7a ch\u00fang t\u00f4i.<\/p>\n<p><a href=\"https:\/\/nebraskadem.wpenginepowered.com\/become-a-block-captain\/\"><strong>\u0110\u0103ng k\u00fd \u0111\u1ec3 tr\u1edf th\u00e0nh \u0110\u1ed9i tr\u01b0\u1edfng Kh\u1ed1i.<\/strong><\/a><\/p>\n<h3><strong>H\u1ecdc b\u1ed5ng c\u1ea5p c\u01a1 s\u1edf c\u1ee7a Frank LaMere:<\/strong><\/h3>\n<p><span style=\"font-weight: 400;\">Ch\u01b0\u01a1ng tr\u00ecnh H\u1ecdc b\u1ed5ng c\u1ea5p c\u01a1 s\u1edf Frank LaMere \u0111\u01b0\u1ee3c ph\u00e1t tri\u1ec3n \u0111\u1ec3 ti\u1ebfp t\u1ee5c c\u00f4ng vi\u1ec7c c\u1ee7a Ti\u1ebfn s\u0129 Frank LaMere, m\u1ed9t th\u00e0nh vi\u00ean c\u1ee7a qu\u1ed1c gia Winnebago v\u00e0 l\u00e0 ph\u00f3 ch\u1ee7 t\u1ecbch \u0111\u1ea7u ti\u00ean c\u1ee7a NDP. Ch\u01b0\u01a1ng tr\u00ecnh \u0111\u00e0o t\u1ea1o v\u00e0 thu\u00ea c\u00e1c nh\u00e0 t\u1ed5 ch\u1ee9c c\u1ea5p c\u01a1 s\u1edf, t\u1eadp trung v\u00e0o c\u00e1c c\u1ed9ng \u0111\u1ed3ng n\u00f4ng th\u00f4n, nh\u1eefng ng\u01b0\u1eddi chia s\u1ebb c\u00e1c gi\u00e1 tr\u1ecb c\u1ee7a Frank v\u1ec1 hy v\u1ecdng, l\u00e0m vi\u1ec7c ch\u0103m ch\u1ec9 v\u00e0 b\u1ec1n b\u1ec9.<\/span><\/p>\n<p><strong><a href=\"https:\/\/nebraskadem.wpenginepowered.com\/blog\/the-frank-lamere-grassroots-fellows-program\/\">\u0110\u1ecdc th\u00eam v\u1ec1 Frank LaMere.<\/a><\/strong><\/p>\n<h3><strong>C\u00e2u h\u1ecfi v\u00e0 \u00dd t\u01b0\u1edfng:<\/strong><\/h3>\n<p>Ngo\u00e0i vi\u1ec7c ti\u1ebfp c\u1eadn v\u00f9ng n\u00f4ng th\u00f4n \u1edf tr\u00ean, ch\u00fang t\u00f4i c\u00f3 m\u1ed9t ch\u01b0\u01a1ng tr\u00ecnh \u0111\u00e0o t\u1ea1o \u1ee9ng c\u1eed vi\u00ean, m\u1ea1ng l\u01b0\u1edbi nh\u00e2n vi\u00ean v\u1eadn \u0111\u1ed9ng v\u00e0 h\u1ed7 tr\u1ee3 s\u1ef1 tham gia c\u1ee7a c\u1eed tri cho c\u00e1c \u0111\u1ea3ng b\u1ed9 trong qu\u1eadn c\u1ee7a ch\u00fang t\u00f4i v\u1edbi c\u00e1c ch\u01b0\u01a1ng tr\u00ecnh nh\u01b0 Vote-by-Mail. G\u1eedi email \u0111\u1ebfn <a href=\"mailto:info@nebraskademocrats.org\">info@nebraskademocrats.org<\/a> v\u1edbi b\u1ea5t k\u1ef3 c\u00e2u h\u1ecfi ho\u1eb7c \u00fd t\u01b0\u1edfng.<\/p>","protected":false},"excerpt":{"rendered":"<p>The Nebraska Democratic Party is committed to representing and serving the best interests of our rural communities across the state. Rural Outreach means helping Nebraskans living in rural communities by engaging and supporting the community through our state and county parties. Part of our mission is to provide the information and tools necessary to keep &#8230; <a title=\"NDP Ti\u1ebfp c\u1eadn N\u00f4ng th\u00f4n\" class=\"read-more\" href=\"https:\/\/nebraskademocrats.org\/vi\/ndp-rural-outreach\/\" aria-label=\"More on NDP Rural Outreach\">\u0110\u1ecdc th\u00eam<\/a><\/p>","protected":false},"author":19,"featured_media":0,"parent":0,"menu_order":0,"comment_status":"closed","ping_status":"closed","template":"","meta":{"_acf_changed":false,"_exactmetrics_skip_tracking":false,"_exactmetrics_sitenote_active":false,"_exactmetrics_sitenote_note":"","_exactmetrics_sitenote_category":0,"footnotes":""},"class_list":["post-33563","page","type-page","status-publish"],"acf":[],"yoast_head":"<!-- This site is optimized with the Yoast SEO plugin v27.3 - https:\/\/yoast.com\/product\/yoast-seo-wordpress\/ -->\n<title>NDP Rural Outreach &#8211; Nebraska Democratic Party<\/title>\n<meta name=\"robots\" content=\"index, follow, max-snippet:-1, max-image-preview:large, max-video-preview:-1\" \/>\n<link rel=\"canonical\" href=\"https:\/\/nebraskademocrats.org\/vi\/ndp-rural-outreach\/\" \/>\n<meta property=\"og:locale\" content=\"vi_VN\" \/>\n<meta property=\"og:type\" content=\"article\" \/>\n<meta property=\"og:title\" content=\"NDP Rural Outreach &#8211; Nebraska Democratic Party\" \/>\n<meta property=\"og:description\" content=\"The Nebraska Democratic Party is committed to representing and serving the best interests of our rural communities across the state. Rural Outreach means helping Nebraskans living in rural communities by engaging and supporting the community through our state and county parties. Part of our mission is to provide the information and tools necessary to keep ... Read more\" \/>\n<meta property=\"og:url\" content=\"https:\/\/nebraskademocrats.org\/vi\/ndp-rural-outreach\/\" \/>\n<meta property=\"og:site_name\" content=\"Nebraska Democratic Party\" \/>\n<meta property=\"article:publisher\" content=\"https:\/\/www.facebook.com\/NebraskaDemocraticParty\/\" \/>\n<meta property=\"article:modified_time\" content=\"2022-08-19T21:15:29+00:00\" \/>\n<meta property=\"og:image\" content=\"https:\/\/nebraskadem.wpenginepowered.com\/wp-content\/uploads\/2021\/06\/farm.jpg\" \/>\n<meta name=\"twitter:card\" content=\"summary_large_image\" \/>\n<meta name=\"twitter:site\" content=\"@nebraskadems\" \/>\n<meta name=\"twitter:label1\" content=\"\u01af\u1edbc t\u00ednh th\u1eddi gian \u0111\u1ecdc\" \/>\n\t<meta name=\"twitter:data1\" content=\"3 ph\u00fat\" \/>\n<script type=\"application\/ld+json\" class=\"yoast-schema-graph\">{\"@context\":\"https:\\\/\\\/schema.org\",\"@graph\":[{\"@type\":\"WebPage\",\"@id\":\"https:\\\/\\\/nebraskademocrats.org\\\/ndp-rural-outreach\\\/\",\"url\":\"https:\\\/\\\/nebraskademocrats.org\\\/ndp-rural-outreach\\\/\",\"name\":\"NDP Rural Outreach &#8211; Nebraska Democratic Party\",\"isPartOf\":{\"@id\":\"https:\\\/\\\/nebraskademocrats.org\\\/#website\"},\"primaryImageOfPage\":{\"@id\":\"https:\\\/\\\/nebraskademocrats.org\\\/ndp-rural-outreach\\\/#primaryimage\"},\"image\":{\"@id\":\"https:\\\/\\\/nebraskademocrats.org\\\/ndp-rural-outreach\\\/#primaryimage\"},\"thumbnailUrl\":\"https:\\\/\\\/nebraskadem.wpenginepowered.com\\\/wp-content\\\/uploads\\\/2021\\\/06\\\/farm.jpg\",\"datePublished\":\"2021-06-22T15:36:07+00:00\",\"dateModified\":\"2022-08-19T21:15:29+00:00\",\"breadcrumb\":{\"@id\":\"https:\\\/\\\/nebraskademocrats.org\\\/ndp-rural-outreach\\\/#breadcrumb\"},\"inLanguage\":\"vi\",\"potentialAction\":[{\"@type\":\"ReadAction\",\"target\":[\"https:\\\/\\\/nebraskademocrats.org\\\/ndp-rural-outreach\\\/\"]}]},{\"@type\":\"ImageObject\",\"inLanguage\":\"vi\",\"@id\":\"https:\\\/\\\/nebraskademocrats.org\\\/ndp-rural-outreach\\\/#primaryimage\",\"url\":\"https:\\\/\\\/nebraskadem.wpenginepowered.com\\\/wp-content\\\/uploads\\\/2021\\\/06\\\/farm.jpg\",\"contentUrl\":\"https:\\\/\\\/nebraskadem.wpenginepowered.com\\\/wp-content\\\/uploads\\\/2021\\\/06\\\/farm.jpg\"},{\"@type\":\"BreadcrumbList\",\"@id\":\"https:\\\/\\\/nebraskademocrats.org\\\/ndp-rural-outreach\\\/#breadcrumb\",\"itemListElement\":[{\"@type\":\"ListItem\",\"position\":1,\"name\":\"Home\",\"item\":\"https:\\\/\\\/nebraskademocrats.org\\\/\"},{\"@type\":\"ListItem\",\"position\":2,\"name\":\"NDP Rural Outreach\"}]},{\"@type\":\"WebSite\",\"@id\":\"https:\\\/\\\/nebraskademocrats.org\\\/#website\",\"url\":\"https:\\\/\\\/nebraskademocrats.org\\\/\",\"name\":\"Nebraska Democratic Party\",\"description\":\"Growing the Good Life for All Nebraskans\",\"publisher\":{\"@id\":\"https:\\\/\\\/nebraskademocrats.org\\\/#organization\"},\"potentialAction\":[{\"@type\":\"SearchAction\",\"target\":{\"@type\":\"EntryPoint\",\"urlTemplate\":\"https:\\\/\\\/nebraskademocrats.org\\\/?s={search_term_string}\"},\"query-input\":{\"@type\":\"PropertyValueSpecification\",\"valueRequired\":true,\"valueName\":\"search_term_string\"}}],\"inLanguage\":\"vi\"},{\"@type\":\"Organization\",\"@id\":\"https:\\\/\\\/nebraskademocrats.org\\\/#organization\",\"name\":\"Nebraska Democratic Party\",\"url\":\"https:\\\/\\\/nebraskademocrats.org\\\/\",\"logo\":{\"@type\":\"ImageObject\",\"inLanguage\":\"vi\",\"@id\":\"https:\\\/\\\/nebraskademocrats.org\\\/#\\\/schema\\\/logo\\\/image\\\/\",\"url\":\"https:\\\/\\\/nebraskadem.wpenginepowered.com\\\/wp-content\\\/uploads\\\/2016\\\/05\\\/NDP2.jpg\",\"contentUrl\":\"https:\\\/\\\/nebraskadem.wpenginepowered.com\\\/wp-content\\\/uploads\\\/2016\\\/05\\\/NDP2.jpg\",\"width\":1000,\"height\":396,\"caption\":\"Nebraska Democratic Party\"},\"image\":{\"@id\":\"https:\\\/\\\/nebraskademocrats.org\\\/#\\\/schema\\\/logo\\\/image\\\/\"},\"sameAs\":[\"https:\\\/\\\/www.facebook.com\\\/NebraskaDemocraticParty\\\/\",\"https:\\\/\\\/x.com\\\/nebraskadems\"]}]}<\/script>\n<!-- \/ Yoast SEO plugin. -->","yoast_head_json":{"title":"NDP Rural Outreach &#8211; Nebraska Democratic Party","robots":{"index":"index","follow":"follow","max-snippet":"max-snippet:-1","max-image-preview":"max-image-preview:large","max-video-preview":"max-video-preview:-1"},"canonical":"https:\/\/nebraskademocrats.org\/vi\/ndp-rural-outreach\/","og_locale":"vi_VN","og_type":"article","og_title":"NDP Rural Outreach &#8211; Nebraska Democratic Party","og_description":"The Nebraska Democratic Party is committed to representing and serving the best interests of our rural communities across the state. Rural Outreach means helping Nebraskans living in rural communities by engaging and supporting the community through our state and county parties. Part of our mission is to provide the information and tools necessary to keep ... Read more","og_url":"https:\/\/nebraskademocrats.org\/vi\/ndp-rural-outreach\/","og_site_name":"Nebraska Democratic Party","article_publisher":"https:\/\/www.facebook.com\/NebraskaDemocraticParty\/","article_modified_time":"2022-08-19T21:15:29+00:00","og_image":[{"url":"https:\/\/nebraskadem.wpenginepowered.com\/wp-content\/uploads\/2021\/06\/farm.jpg","type":"","width":"","height":""}],"twitter_card":"summary_large_image","twitter_site":"@nebraskadems","twitter_misc":{"\u01af\u1edbc t\u00ednh th\u1eddi gian \u0111\u1ecdc":"3 ph\u00fat"},"schema":{"@context":"https:\/\/schema.org","@graph":[{"@type":"WebPage","@id":"https:\/\/nebraskademocrats.org\/ndp-rural-outreach\/","url":"https:\/\/nebraskademocrats.org\/ndp-rural-outreach\/","name":"NDP Rural Outreach &#8211; Nebraska Democratic Party","isPartOf":{"@id":"https:\/\/nebraskademocrats.org\/#website"},"primaryImageOfPage":{"@id":"https:\/\/nebraskademocrats.org\/ndp-rural-outreach\/#primaryimage"},"image":{"@id":"https:\/\/nebraskademocrats.org\/ndp-rural-outreach\/#primaryimage"},"thumbnailUrl":"https:\/\/nebraskadem.wpenginepowered.com\/wp-content\/uploads\/2021\/06\/farm.jpg","datePublished":"2021-06-22T15:36:07+00:00","dateModified":"2022-08-19T21:15:29+00:00","breadcrumb":{"@id":"https:\/\/nebraskademocrats.org\/ndp-rural-outreach\/#breadcrumb"},"inLanguage":"vi","potentialAction":[{"@type":"ReadAction","target":["https:\/\/nebraskademocrats.org\/ndp-rural-outreach\/"]}]},{"@type":"ImageObject","inLanguage":"vi","@id":"https:\/\/nebraskademocrats.org\/ndp-rural-outreach\/#primaryimage","url":"https:\/\/nebraskadem.wpenginepowered.com\/wp-content\/uploads\/2021\/06\/farm.jpg","contentUrl":"https:\/\/nebraskadem.wpenginepowered.com\/wp-content\/uploads\/2021\/06\/farm.jpg"},{"@type":"BreadcrumbList","@id":"https:\/\/nebraskademocrats.org\/ndp-rural-outreach\/#breadcrumb","itemListElement":[{"@type":"ListItem","position":1,"name":"Home","item":"https:\/\/nebraskademocrats.org\/"},{"@type":"ListItem","position":2,"name":"NDP Rural Outreach"}]},{"@type":"WebSite","@id":"https:\/\/nebraskademocrats.org\/#website","url":"https:\/\/nebraskademocrats.org\/","name":"Nebraska Democratic Party","description":"Ph\u00e1t tri\u1ec3n cu\u1ed9c s\u1ed1ng t\u1ed1t \u0111\u1eb9p cho t\u1ea5t c\u1ea3 Nebraskans","publisher":{"@id":"https:\/\/nebraskademocrats.org\/#organization"},"potentialAction":[{"@type":"SearchAction","target":{"@type":"EntryPoint","urlTemplate":"https:\/\/nebraskademocrats.org\/?s={search_term_string}"},"query-input":{"@type":"PropertyValueSpecification","valueRequired":true,"valueName":"search_term_string"}}],"inLanguage":"vi"},{"@type":"Organization","@id":"https:\/\/nebraskademocrats.org\/#organization","name":"Nebraska Democratic Party","url":"https:\/\/nebraskademocrats.org\/","logo":{"@type":"ImageObject","inLanguage":"vi","@id":"https:\/\/nebraskademocrats.org\/#\/schema\/logo\/image\/","url":"https:\/\/nebraskadem.wpenginepowered.com\/wp-content\/uploads\/2016\/05\/NDP2.jpg","contentUrl":"https:\/\/nebraskadem.wpenginepowered.com\/wp-content\/uploads\/2016\/05\/NDP2.jpg","width":1000,"height":396,"caption":"Nebraska Democratic Party"},"image":{"@id":"https:\/\/nebraskademocrats.org\/#\/schema\/logo\/image\/"},"sameAs":["https:\/\/www.facebook.com\/NebraskaDemocraticParty\/","https:\/\/x.com\/nebraskadems"]}]}},"_links":{"self":[{"href":"https:\/\/nebraskademocrats.org\/vi\/wp-json\/wp\/v2\/pages\/33563","targetHints":{"allow":["GET"]}}],"collection":[{"href":"https:\/\/nebraskademocrats.org\/vi\/wp-json\/wp\/v2\/pages"}],"about":[{"href":"https:\/\/nebraskademocrats.org\/vi\/wp-json\/wp\/v2\/types\/page"}],"author":[{"embeddable":true,"href":"https:\/\/nebraskademocrats.org\/vi\/wp-json\/wp\/v2\/users\/19"}],"replies":[{"embeddable":true,"href":"https:\/\/nebraskademocrats.org\/vi\/wp-json\/wp\/v2\/comments?post=33563"}],"version-history":[{"count":0,"href":"https:\/\/nebraskademocrats.org\/vi\/wp-json\/wp\/v2\/pages\/33563\/revisions"}],"wp:attachment":[{"href":"https:\/\/nebraskademocrats.org\/vi\/wp-json\/wp\/v2\/media?parent=33563"}],"curies":[{"name":"wp","href":"https:\/\/api.w.org\/{rel}","templated":true}]}}