{"id":34334,"date":"2021-09-02T22:11:07","date_gmt":"2021-09-03T03:11:07","guid":{"rendered":"https:\/\/nebraskadem.wpenginepowered.com\/?page_id=34334"},"modified":"2021-09-03T11:15:42","modified_gmt":"2021-09-03T16:15:42","slug":"2021-midwest-rural-conference","status":"publish","type":"page","link":"https:\/\/nebraskademocrats.org\/vi\/2021-midwest-rural-conference\/","title":{"rendered":"H\u1ed9i ngh\u1ecb N\u00f4ng th\u00f4n Trung T\u00e2y n\u0103m 2021"},"content":{"rendered":"<h2><img fetchpriority=\"high\" decoding=\"async\" class=\"wp-image-34342 aligncenter\" src=\"https:\/\/nebraskadem.wpenginepowered.com\/wp-content\/uploads\/2021\/09\/REGIONAL-Mobilize-Headers-81_20210902180923419085.png\" alt=\"\" width=\"417\" height=\"218\" srcset=\"https:\/\/nebraskademocrats.org\/wp-content\/uploads\/2021\/09\/REGIONAL-Mobilize-Headers-81_20210902180923419085.png 944w, https:\/\/nebraskademocrats.org\/wp-content\/uploads\/2021\/09\/REGIONAL-Mobilize-Headers-81_20210902180923419085-300x157.png 300w, https:\/\/nebraskademocrats.org\/wp-content\/uploads\/2021\/09\/REGIONAL-Mobilize-Headers-81_20210902180923419085-768x402.png 768w, https:\/\/nebraskademocrats.org\/wp-content\/uploads\/2021\/09\/REGIONAL-Mobilize-Headers-81_20210902180923419085-18x9.png 18w\" sizes=\"(max-width: 417px) 100vw, 417px\" \/><\/h2>\n<h2 style=\"text-align: center;\">Ng\u00e0y 2 th\u00e1ng 10 n\u0103m 2021<br \/>\n9 gi\u1edd s\u00e1ng \u0111\u1ebfn tr\u01b0a CT<br \/>\n\u1ea2o (th\u00f4ng qua thu ph\u00f3ng)<br \/>\n<strong><a href=\"https:\/\/www.mobilize.us\/nebdems\/event\/411698\/\">\u0110\u0103ng k\u00fd t\u1ea1i \u0111\u00e2y!<\/a><\/strong><\/h2>\n<p>Ch\u1ee7 l\u1ec5: H\u1ed9i \u0111\u1ed3ng N\u00f4ng nghi\u1ec7p v\u00e0 N\u00f4ng th\u00f4n NDP <strong>Ch\u1ee7 t\u1ecbch Roger<\/strong> Morgan v\u1edbi Ch\u1ee7 t\u1ecbch NDP <strong>Jane Kleeb<\/strong><\/p>\n<h2 style=\"text-align: center;\">Ba phi\u00ean h\u1ed9i ngh\u1ecb<\/h2>\n<ul>\n<li>Ch\u00ednh tr\u1ecb, huy\u1ec1n tho\u1ea1i v\u00e0 th\u1ef1c t\u1ebf c\u1ee7a vi\u1ec7c c\u1ee7ng c\u1ed1 tr\u01b0\u1eddng h\u1ecdc \u1edf n\u00f4ng th\u00f4n: Paul Theoabald<\/li>\n<li>\u0110\u1ed9t ph\u00e1: Ch\u0103m s\u00f3c s\u1ee9c kh\u1ecfe n\u00f4ng th\u00f4n v\u00e0 ACA: Cynthia Nunley<\/li>\n<li>30 x 30, K\u1ebf ho\u1ea1ch th\u1ef1c t\u1ebf so v\u1edbi C\u1ed7 m\u00e1y th\u00f4ng tin c\u1ee7a \u0110\u1ea3ng C\u1ed9ng h\u00f2a: John Hansen<\/li>\n<\/ul>\n<h2 style=\"text-align: center;\">Gi\u1edbi thi\u1ec7u v\u1ec1 di\u1ec5n gi\u1ea3 c\u1ee7a ch\u00fang t\u00f4i<\/h2>\n<p style=\"text-align: left;\"><strong>Paul Theobald<\/strong> g\u1ea7n \u0111\u00e2y \u0111\u00e3 ngh\u1ec9 h\u01b0u t\u1eeb s\u1ef1 nghi\u1ec7p 42 n\u0103m v\u1edbi t\u01b0 c\u00e1ch l\u00e0 m\u1ed9t nh\u00e0 gi\u00e1o d\u1ee5c, 35 n\u0103m trong s\u1ed1 \u0111\u00f3 l\u00e0 gi\u00e1o d\u1ee5c \u0111\u1ea1i h\u1ecdc.<\/p>\n<p style=\"text-align: left;\">Trong t\u00e1m n\u0103m, \u00f4ng gi\u1eef ch\u1ee9c Ch\u1ee7 t\u1ecbch Woods-Beals d\u00e0nh cho Gi\u00e1o d\u1ee5c Th\u00e0nh th\u1ecb v\u00e0 N\u00f4ng th\u00f4n t\u1ea1i Buffalo State-SUNY. \u00d4ng \u0111\u00e3 xu\u1ea5t b\u1ea3n h\u01a1n 50 b\u00e0i b\u00e1o v\u00e0 ch\u01b0\u01a1ng t\u1ea1p ch\u00ed, c\u1ed9ng v\u1edbi ba cu\u1ed1n s\u00e1ch.<\/p>\n<p style=\"text-align: left;\">Theobald \u0111\u00e3 t\u1eebng l\u00e0 nh\u00e2n ch\u1ee9ng chuy\u00ean m\u00f4n trong c\u00e1c tr\u01b0\u1eddng h\u1ee3p h\u1ee3p nh\u1ea5t tr\u01b0\u1eddng h\u1ecdc v\u00e0 trong c\u00e1c tr\u01b0\u1eddng h\u1ee3p x\u1eed l\u00fd \u00fd \u0111\u1ecbnh c\u1ee7a c\u00e1c t\u00e1c gi\u1ea3 hi\u1ebfn ph\u00e1p ti\u1ec3u bang v\u1ec1 vi\u1ec7c cung c\u1ea5p h\u1ec7 th\u1ed1ng gi\u00e1o d\u1ee5c c\u00f4ng mi\u1ec5n ph\u00ed.<\/p>\n<p style=\"text-align: left;\">N\u0103m 2018, \u00f4ng tranh c\u1eed kh\u00f4ng th\u00e0nh c\u00f4ng cho gh\u1ebf Qu\u1ed1c h\u1ed9i Qu\u1eadn Ba c\u1ee7a Nebraska. \u00d4ng hi\u1ec7n l\u00e0 Ch\u1ee7 t\u1ecbch Qu\u1eadn 7 c\u1ee7a H\u1ed9i N\u00f4ng d\u00e2n Nebraska.<\/p>\n<p style=\"text-align: left;\"><strong>Cynthia Nunley<\/strong> l\u00e0 m\u1ed9t \u0111\u1ea3ng vi\u00ean \u0110\u1ea3ng D\u00e2n ch\u1ee7 su\u1ed1t \u0111\u1eddi, hi\u1ec7n \u0111ang \u1edf Casper, WY, v\u00e0 l\u00e0 m\u1ed9t Hoa ti\u00eau v\u1edbi \u0110\u0103ng k\u00fd Wyoming.<\/p>\n<p style=\"text-align: left;\">V\u1ecb tr\u00ed c\u1ee7a c\u00f4 \u1ea5y \u0111\u01b0a c\u00f4 \u1ea5y \u0111i kh\u1eafp ti\u1ec3u bang trong vi\u1ec7c gi\u00e1o d\u1ee5c, v\u1eadn \u0111\u1ed9ng v\u00e0 h\u1ed7 tr\u1ee3 nh\u1eefng ng\u01b0\u1eddi ti\u00eau d\u00f9ng \u0111ang t\u00ecm ki\u1ebfm b\u1ea3o hi\u1ec3m s\u1ee9c kh\u1ecfe gi\u00e1 c\u1ea3 ph\u1ea3i ch\u0103ng.<\/p>\n<p style=\"text-align: left;\">Cynthia c\u0169ng l\u00e0 m\u1ed9t c\u1ef1u Cam k\u1ebft Qu\u1ed1c gia c\u1ee7a \u0110\u1ea3ng D\u00e2n ch\u1ee7 cho Wyoming, m\u1ed9t Cam k\u1ebft Ti\u1ec3u bang cho \u0110\u1ea3ng D\u00e2n ch\u1ee7 Qu\u1eadn Fremont v\u00e0 hai l\u1ea7n tranh c\u1eed<br \/>\nv\u0103n ph\u00f2ng t\u1ea1i C\u01a1 quan L\u1eadp ph\u00e1p Wyoming.<\/p>\n<p style=\"text-align: left;\">Tr\u01b0\u1edbc khi chuy\u1ec3n sang l\u0129nh v\u1ef1c ch\u0103m s\u00f3c s\u1ee9c kh\u1ecfe, c\u00f4 \u1ea5y l\u00e0 m\u1ed9t nh\u00e0 gi\u00e1o d\u1ee5c \u1edf Fremont<br \/>\nQu\u1eadn trong h\u01a1n 30 n\u0103m. C\u00f4 \u1ea5y l\u00e0 Wyomingite th\u1ebf h\u1ec7 th\u1ee9 t\u01b0, v\u1edbi nhi\u1ec1u b\u1eb1ng c\u1ea5p c\u1ee7a \u0110\u1ea1i h\u1ecdc Wyoming.<\/p>\n<p style=\"text-align: left;\"><strong>John Hansen<\/strong> l\u00e0 Ch\u1ee7 t\u1ecbch \u0111\u01b0\u1ee3c b\u1ea7u c\u1ee7a Hi\u1ec7p h\u1ed9i N\u00f4ng d\u00e2n Nebraska (NFU) v\u00e0 \u0111\u00e3 gi\u1eef ch\u1ee9c v\u1ee5 \u0111\u00f3 t\u1eeb n\u0103m 1990.<\/p>\n<p>\u00d4ng c\u0169ng l\u00e0 Th\u01b0 k\u00fd cho Qu\u1ef9 NFU v\u00e0 Trang tr\u1ea1i Nebraska<br \/>\nPAC.<\/p>\n<p style=\"text-align: left;\">\u1ede c\u1ea5p qu\u1ed1c gia, Hansen ph\u1ee5c v\u1ee5 trong \u1ee6y ban Ng\u00e2n s\u00e1ch v\u00e0 Ki\u1ec3m to\u00e1n; Ph\u00f3 Ch\u1ee7 t\u1ecbch \u1ee6y ban L\u1eadp ph\u00e1p NFU; v\u00e0 \u1ee6y ban N\u00f4ng nghi\u1ec7p t\u00e1i sinh \/ Th\u1ef1c ph\u1ea9m \u0111\u1ecba ph\u01b0\u01a1ng NeFU; v\u00e0 ch\u1ee7 tr\u00ec \u1ee6y ban D\u1ecbch v\u1ee5 \u01afu t\u00fa c\u1ee7a NFU.<\/p>\n<p style=\"text-align: left;\">\u00d4ng l\u00e0 ch\u1ee7 t\u1ecbch l\u00e2u nh\u1ea5t c\u1ee7a Li\u00ean minh N\u00f4ng d\u00e2n Nebraska v\u00e0<br \/>\nth\u00e0nh vi\u00ean l\u00e2u n\u0103m nh\u1ea5t c\u1ee7a H\u1ed9i \u0111\u1ed3ng qu\u1ea3n tr\u1ecb NFU.<\/p>\n<p style=\"text-align: left;\">Hansen c\u0169ng l\u00e0 ng\u01b0\u1eddi \u1ee7ng h\u1ed9 kh\u00f4ng m\u1ec7t m\u1ecfi cho n\u0103ng l\u01b0\u1ee3ng thay th\u1ebf, t\u1eebng l\u00e0 ch\u1ee7 t\u1ecbch c\u1ee7a Nh\u00f3m c\u00f4ng t\u00e1c v\u1ec1 gi\u00f3 Nebraska \u0111\u00e3 t\u1ed5 ch\u1ee9c v\u00e0 t\u00e0i tr\u1ee3 cho H\u1ed9i ngh\u1ecb n\u0103ng l\u01b0\u1ee3ng m\u1eb7t tr\u1eddi v\u00e0 gi\u00f3 h\u00e0ng n\u0103m k\u1ec3 t\u1eeb n\u0103m 2008.<\/p>","protected":false},"excerpt":{"rendered":"<p>October 2, 2021 9 a.m. to noon CT Virtual (via zoom) Sign up here! Master of Ceremonies: NDP Agricultural and Rural Council Chair Roger Morgan with NDP Chair Jane Kleeb Three Conference Sessions The Politics, Myths, and Realities of Rural School Consolidation: Paul Theoabald Breaking Through: Rural Healthcare and the ACA: Cynthia Nunley 30 x &#8230; <a title=\"H\u1ed9i ngh\u1ecb N\u00f4ng th\u00f4n Trung T\u00e2y n\u0103m 2021\" class=\"read-more\" href=\"https:\/\/nebraskademocrats.org\/vi\/2021-midwest-rural-conference\/\" aria-label=\"More on 2021 Midwest Rural Conference\">\u0110\u1ecdc th\u00eam<\/a><\/p>","protected":false},"author":19,"featured_media":0,"parent":0,"menu_order":0,"comment_status":"closed","ping_status":"closed","template":"","meta":{"_acf_changed":false,"_exactmetrics_skip_tracking":false,"_exactmetrics_sitenote_active":false,"_exactmetrics_sitenote_note":"","_exactmetrics_sitenote_category":0,"footnotes":""},"class_list":["post-34334","page","type-page","status-publish"],"acf":[],"yoast_head":"<!-- This site is optimized with the Yoast SEO plugin v27.1.1 - https:\/\/yoast.com\/product\/yoast-seo-wordpress\/ -->\n<title>2021 Midwest Rural Conference &#8211; Nebraska Democratic Party<\/title>\n<meta name=\"robots\" content=\"index, follow, max-snippet:-1, max-image-preview:large, max-video-preview:-1\" \/>\n<link rel=\"canonical\" href=\"https:\/\/nebraskademocrats.org\/vi\/2021-midwest-rural-conference\/\" \/>\n<meta property=\"og:locale\" content=\"vi_VN\" \/>\n<meta property=\"og:type\" content=\"article\" \/>\n<meta property=\"og:title\" content=\"2021 Midwest Rural Conference &#8211; Nebraska Democratic Party\" \/>\n<meta property=\"og:description\" content=\"October 2, 2021 9 a.m. to noon CT Virtual (via zoom) Sign up here! Master of Ceremonies: NDP Agricultural and Rural Council Chair Roger Morgan with NDP Chair Jane Kleeb Three Conference Sessions The Politics, Myths, and Realities of Rural School Consolidation: Paul Theoabald Breaking Through: Rural Healthcare and the ACA: Cynthia Nunley 30 x ... Read more\" \/>\n<meta property=\"og:url\" content=\"https:\/\/nebraskademocrats.org\/vi\/2021-midwest-rural-conference\/\" \/>\n<meta property=\"og:site_name\" content=\"Nebraska Democratic Party\" \/>\n<meta property=\"article:publisher\" content=\"https:\/\/www.facebook.com\/NebraskaDemocraticParty\/\" \/>\n<meta property=\"article:modified_time\" content=\"2021-09-03T16:15:42+00:00\" \/>\n<meta property=\"og:image\" content=\"https:\/\/nebraskadem.wpenginepowered.com\/wp-content\/uploads\/2021\/09\/REGIONAL-Mobilize-Headers-81_20210902180923419085.png\" \/>\n<meta name=\"twitter:card\" content=\"summary_large_image\" \/>\n<meta name=\"twitter:site\" content=\"@nebraskadems\" \/>\n<meta name=\"twitter:label1\" content=\"\u01af\u1edbc t\u00ednh th\u1eddi gian \u0111\u1ecdc\" \/>\n\t<meta name=\"twitter:data1\" content=\"2 ph\u00fat\" \/>\n<script type=\"application\/ld+json\" class=\"yoast-schema-graph\">{\"@context\":\"https:\/\/schema.org\",\"@graph\":[{\"@type\":\"WebPage\",\"@id\":\"https:\/\/nebraskademocrats.org\/2021-midwest-rural-conference\/\",\"url\":\"https:\/\/nebraskademocrats.org\/2021-midwest-rural-conference\/\",\"name\":\"2021 Midwest Rural Conference &#8211; Nebraska Democratic Party\",\"isPartOf\":{\"@id\":\"https:\/\/nebraskademocrats.org\/#website\"},\"primaryImageOfPage\":{\"@id\":\"https:\/\/nebraskademocrats.org\/2021-midwest-rural-conference\/#primaryimage\"},\"image\":{\"@id\":\"https:\/\/nebraskademocrats.org\/2021-midwest-rural-conference\/#primaryimage\"},\"thumbnailUrl\":\"https:\/\/nebraskadem.wpenginepowered.com\/wp-content\/uploads\/2021\/09\/REGIONAL-Mobilize-Headers-81_20210902180923419085.png\",\"datePublished\":\"2021-09-03T03:11:07+00:00\",\"dateModified\":\"2021-09-03T16:15:42+00:00\",\"breadcrumb\":{\"@id\":\"https:\/\/nebraskademocrats.org\/2021-midwest-rural-conference\/#breadcrumb\"},\"inLanguage\":\"vi\",\"potentialAction\":[{\"@type\":\"ReadAction\",\"target\":[\"https:\/\/nebraskademocrats.org\/2021-midwest-rural-conference\/\"]}]},{\"@type\":\"ImageObject\",\"inLanguage\":\"vi\",\"@id\":\"https:\/\/nebraskademocrats.org\/2021-midwest-rural-conference\/#primaryimage\",\"url\":\"https:\/\/nebraskadem.wpenginepowered.com\/wp-content\/uploads\/2021\/09\/REGIONAL-Mobilize-Headers-81_20210902180923419085.png\",\"contentUrl\":\"https:\/\/nebraskadem.wpenginepowered.com\/wp-content\/uploads\/2021\/09\/REGIONAL-Mobilize-Headers-81_20210902180923419085.png\"},{\"@type\":\"BreadcrumbList\",\"@id\":\"https:\/\/nebraskademocrats.org\/2021-midwest-rural-conference\/#breadcrumb\",\"itemListElement\":[{\"@type\":\"ListItem\",\"position\":1,\"name\":\"Home\",\"item\":\"https:\/\/nebraskademocrats.org\/\"},{\"@type\":\"ListItem\",\"position\":2,\"name\":\"2021 Midwest Rural Conference\"}]},{\"@type\":\"WebSite\",\"@id\":\"https:\/\/nebraskademocrats.org\/#website\",\"url\":\"https:\/\/nebraskademocrats.org\/\",\"name\":\"Nebraska Democratic Party\",\"description\":\"Growing the Good Life for All Nebraskans\",\"publisher\":{\"@id\":\"https:\/\/nebraskademocrats.org\/#organization\"},\"potentialAction\":[{\"@type\":\"SearchAction\",\"target\":{\"@type\":\"EntryPoint\",\"urlTemplate\":\"https:\/\/nebraskademocrats.org\/?s={search_term_string}\"},\"query-input\":{\"@type\":\"PropertyValueSpecification\",\"valueRequired\":true,\"valueName\":\"search_term_string\"}}],\"inLanguage\":\"vi\"},{\"@type\":\"Organization\",\"@id\":\"https:\/\/nebraskademocrats.org\/#organization\",\"name\":\"Nebraska Democratic Party\",\"url\":\"https:\/\/nebraskademocrats.org\/\",\"logo\":{\"@type\":\"ImageObject\",\"inLanguage\":\"vi\",\"@id\":\"https:\/\/nebraskademocrats.org\/#\/schema\/logo\/image\/\",\"url\":\"https:\/\/nebraskadem.wpenginepowered.com\/wp-content\/uploads\/2016\/05\/NDP2.jpg\",\"contentUrl\":\"https:\/\/nebraskadem.wpenginepowered.com\/wp-content\/uploads\/2016\/05\/NDP2.jpg\",\"width\":1000,\"height\":396,\"caption\":\"Nebraska Democratic Party\"},\"image\":{\"@id\":\"https:\/\/nebraskademocrats.org\/#\/schema\/logo\/image\/\"},\"sameAs\":[\"https:\/\/www.facebook.com\/NebraskaDemocraticParty\/\",\"https:\/\/x.com\/nebraskadems\"]}]}<\/script>\n<!-- \/ Yoast SEO plugin. -->","yoast_head_json":{"title":"2021 Midwest Rural Conference &#8211; Nebraska Democratic Party","robots":{"index":"index","follow":"follow","max-snippet":"max-snippet:-1","max-image-preview":"max-image-preview:large","max-video-preview":"max-video-preview:-1"},"canonical":"https:\/\/nebraskademocrats.org\/vi\/2021-midwest-rural-conference\/","og_locale":"vi_VN","og_type":"article","og_title":"2021 Midwest Rural Conference &#8211; Nebraska Democratic Party","og_description":"October 2, 2021 9 a.m. to noon CT Virtual (via zoom) Sign up here! Master of Ceremonies: NDP Agricultural and Rural Council Chair Roger Morgan with NDP Chair Jane Kleeb Three Conference Sessions The Politics, Myths, and Realities of Rural School Consolidation: Paul Theoabald Breaking Through: Rural Healthcare and the ACA: Cynthia Nunley 30 x ... Read more","og_url":"https:\/\/nebraskademocrats.org\/vi\/2021-midwest-rural-conference\/","og_site_name":"Nebraska Democratic Party","article_publisher":"https:\/\/www.facebook.com\/NebraskaDemocraticParty\/","article_modified_time":"2021-09-03T16:15:42+00:00","og_image":[{"url":"https:\/\/nebraskadem.wpenginepowered.com\/wp-content\/uploads\/2021\/09\/REGIONAL-Mobilize-Headers-81_20210902180923419085.png","type":"","width":"","height":""}],"twitter_card":"summary_large_image","twitter_site":"@nebraskadems","twitter_misc":{"\u01af\u1edbc t\u00ednh th\u1eddi gian \u0111\u1ecdc":"2 ph\u00fat"},"schema":{"@context":"https:\/\/schema.org","@graph":[{"@type":"WebPage","@id":"https:\/\/nebraskademocrats.org\/2021-midwest-rural-conference\/","url":"https:\/\/nebraskademocrats.org\/2021-midwest-rural-conference\/","name":"2021 Midwest Rural Conference &#8211; Nebraska Democratic Party","isPartOf":{"@id":"https:\/\/nebraskademocrats.org\/#website"},"primaryImageOfPage":{"@id":"https:\/\/nebraskademocrats.org\/2021-midwest-rural-conference\/#primaryimage"},"image":{"@id":"https:\/\/nebraskademocrats.org\/2021-midwest-rural-conference\/#primaryimage"},"thumbnailUrl":"https:\/\/nebraskadem.wpenginepowered.com\/wp-content\/uploads\/2021\/09\/REGIONAL-Mobilize-Headers-81_20210902180923419085.png","datePublished":"2021-09-03T03:11:07+00:00","dateModified":"2021-09-03T16:15:42+00:00","breadcrumb":{"@id":"https:\/\/nebraskademocrats.org\/2021-midwest-rural-conference\/#breadcrumb"},"inLanguage":"vi","potentialAction":[{"@type":"ReadAction","target":["https:\/\/nebraskademocrats.org\/2021-midwest-rural-conference\/"]}]},{"@type":"ImageObject","inLanguage":"vi","@id":"https:\/\/nebraskademocrats.org\/2021-midwest-rural-conference\/#primaryimage","url":"https:\/\/nebraskadem.wpenginepowered.com\/wp-content\/uploads\/2021\/09\/REGIONAL-Mobilize-Headers-81_20210902180923419085.png","contentUrl":"https:\/\/nebraskadem.wpenginepowered.com\/wp-content\/uploads\/2021\/09\/REGIONAL-Mobilize-Headers-81_20210902180923419085.png"},{"@type":"BreadcrumbList","@id":"https:\/\/nebraskademocrats.org\/2021-midwest-rural-conference\/#breadcrumb","itemListElement":[{"@type":"ListItem","position":1,"name":"Home","item":"https:\/\/nebraskademocrats.org\/"},{"@type":"ListItem","position":2,"name":"2021 Midwest Rural Conference"}]},{"@type":"WebSite","@id":"https:\/\/nebraskademocrats.org\/#website","url":"https:\/\/nebraskademocrats.org\/","name":"Nebraska Democratic Party","description":"Ph\u00e1t tri\u1ec3n cu\u1ed9c s\u1ed1ng t\u1ed1t \u0111\u1eb9p cho t\u1ea5t c\u1ea3 Nebraskans","publisher":{"@id":"https:\/\/nebraskademocrats.org\/#organization"},"potentialAction":[{"@type":"SearchAction","target":{"@type":"EntryPoint","urlTemplate":"https:\/\/nebraskademocrats.org\/?s={search_term_string}"},"query-input":{"@type":"PropertyValueSpecification","valueRequired":true,"valueName":"search_term_string"}}],"inLanguage":"vi"},{"@type":"Organization","@id":"https:\/\/nebraskademocrats.org\/#organization","name":"Nebraska Democratic Party","url":"https:\/\/nebraskademocrats.org\/","logo":{"@type":"ImageObject","inLanguage":"vi","@id":"https:\/\/nebraskademocrats.org\/#\/schema\/logo\/image\/","url":"https:\/\/nebraskadem.wpenginepowered.com\/wp-content\/uploads\/2016\/05\/NDP2.jpg","contentUrl":"https:\/\/nebraskadem.wpenginepowered.com\/wp-content\/uploads\/2016\/05\/NDP2.jpg","width":1000,"height":396,"caption":"Nebraska Democratic Party"},"image":{"@id":"https:\/\/nebraskademocrats.org\/#\/schema\/logo\/image\/"},"sameAs":["https:\/\/www.facebook.com\/NebraskaDemocraticParty\/","https:\/\/x.com\/nebraskadems"]}]}},"_links":{"self":[{"href":"https:\/\/nebraskademocrats.org\/vi\/wp-json\/wp\/v2\/pages\/34334","targetHints":{"allow":["GET"]}}],"collection":[{"href":"https:\/\/nebraskademocrats.org\/vi\/wp-json\/wp\/v2\/pages"}],"about":[{"href":"https:\/\/nebraskademocrats.org\/vi\/wp-json\/wp\/v2\/types\/page"}],"author":[{"embeddable":true,"href":"https:\/\/nebraskademocrats.org\/vi\/wp-json\/wp\/v2\/users\/19"}],"replies":[{"embeddable":true,"href":"https:\/\/nebraskademocrats.org\/vi\/wp-json\/wp\/v2\/comments?post=34334"}],"version-history":[{"count":0,"href":"https:\/\/nebraskademocrats.org\/vi\/wp-json\/wp\/v2\/pages\/34334\/revisions"}],"wp:attachment":[{"href":"https:\/\/nebraskademocrats.org\/vi\/wp-json\/wp\/v2\/media?parent=34334"}],"curies":[{"name":"wp","href":"https:\/\/api.w.org\/{rel}","templated":true}]}}