{"id":34391,"date":"2021-09-08T12:25:19","date_gmt":"2021-09-08T17:25:19","guid":{"rendered":"https:\/\/nebraskadem.wpenginepowered.com\/?page_id=34391"},"modified":"2021-09-10T11:21:46","modified_gmt":"2021-09-10T16:21:46","slug":"ricketts-steak-fry","status":"publish","type":"page","link":"https:\/\/nebraskademocrats.org\/vi\/ricketts-steak-fry\/","title":{"rendered":"Ricketts steak-Fried"},"content":{"rendered":"<p><strong><a href=\"https:\/\/nebraskadem.wpenginepowered.com\/wp-content\/uploads\/2021\/09\/InkedRicketts-Steak-Fry-Protest-area_entry_re-1.jpg\">Xem b\u1ea3n \u0111\u1ed3 <\/a><\/strong>c\u1ee7a khu v\u1ef1c bi\u1ec3u t\u00ecnh \u0111ang \u0111\u01b0\u1ee3c cung c\u1ea5p.<\/p>\n<p>Khu v\u1ef1c \u0111\u01b0\u1ee3c \u0111\u00e1nh d\u1ea5u m\u00e0u \u0110\u1ecf s\u1ebd \u0111\u01b0\u1ee3c b\u1ed1 tr\u00ed b\u00ean trong h\u00e0ng r\u00e0o g\u1ed7 ph\u00eda tr\u01b0\u1edbc nh\u1eefng b\u1ee5i hoa t\u1eed \u0111inh h\u01b0\u01a1ng. Khu v\u1ef1c \u0111\u01b0\u1ee3c \u0111\u00e1nh d\u1ea5u m\u00e0u V\u00e0ng \u0111\u01b0\u1ee3c ch\u1ec9 \u0111\u1ecbnh cho b\u1ea5t k\u1ef3 \u0111\u00e1m \u0111\u00f4ng tr\u00e0n n\u00e0o.<\/p>\n<p>Nh\u1eadp khu v\u1ef1c t\u1ea1i X m\u00e0u xanh l\u1ee5c tr\u00ean b\u1ea3n \u0111\u1ed3.<\/p>\n<p>Vui l\u00f2ng \u0111\u1ed7 xe \u1edf b\u00e3i \u0111\u1ed7 xe c\u1ee7a Tr\u01b0\u1eddng Trung h\u1ecdc \u0111\u01b0\u1ee3c hi\u1ec3n th\u1ecb trong c\u00e1c \u00f4 M\u00e0u xanh l\u00e1 c\u00e2y tr\u00ean b\u1ea3n \u0111\u1ed3 v\u00e0 \u0111i b\u1ed9 \u0111\u1ebfn khu v\u1ef1c c\u1ee7a b\u1ea1n. Ch\u1ec9 nh\u1eefng chi\u1ebfc xe c\u00f3 v\u00e9 tham d\u1ef1 s\u1ef1 ki\u1ec7n m\u1edbi \u0111\u01b0\u1ee3c ph\u00e9p v\u00e0o c\u00f4ng vi\u00ean, v\u00ec v\u1eady b\u1ea1n s\u1ebd ch\u1ec9 c\u1ea7n \u0111i b\u1ed9 m\u1ed9t \u0111o\u1ea1n ng\u1eafn l\u00e0 \u0111\u1ebfn \u0111\u1ecba \u0111i\u1ec3m.<\/p>\n<p><strong>XIN L\u01afU \u00dd:<\/strong> Quy \u0111\u1ecbnh c\u1ee7a C\u00f4ng vi\u00ean Ti\u1ec3u bang 001.03A Vi\u1ec7c v\u1eadn h\u00e0nh ho\u1eb7c s\u1eed d\u1ee5ng b\u1ea5t k\u1ef3 thi\u1ebft b\u1ecb \u00e2m thanh n\u00e0o bao g\u1ed3m \u0111\u00e0i ph\u00e1t thanh, m\u00e1y truy\u1ec1n h\u00ecnh, nh\u1ea1c c\u1ee5 ho\u1eb7c thi\u1ebft b\u1ecb t\u1ea1o ra ti\u1ebfng \u1ed3n nh\u01b0 nh\u00e0 m\u00e1y ph\u00e1t \u0111i\u1ec7n, xe c\u00f3 \u0111\u1ed9ng c\u01a1, \u0111\u1ed3 ch\u01a1i c\u00f3 \u0111\u1ed9ng c\u01a1 ho\u1eb7c c\u00e1c thi\u1ebft b\u1ecb kh\u00e1c \u0111\u01b0\u1ee3c \u0111i\u1ec1u khi\u1ec3n b\u1edfi \u0111\u1ed9ng c\u01a1 ho\u1eb7c \u0111\u1ed9ng c\u01a1 theo c\u00e1ch th\u1ee9c nh\u01b0 v\u1eady ho\u1eb7c v\u00e0o th\u1eddi \u0111i\u1ec3m nh\u01b0 v\u1eady \u0111\u1ec3 l\u00e0m phi\u1ec1n ho\u1eb7c g\u00e2y nguy hi\u1ec3m m\u1ed9t c\u00e1ch v\u00f4 l\u00fd cho nh\u1eefng ng\u01b0\u1eddi trong khu c\u1eafm tr\u1ea1i, khu d\u00e3 ngo\u1ea1i ho\u1eb7c t\u1ea1i c\u00e1c \u0111\u1ecba \u0111i\u1ec3m ho\u1eb7c n\u01a1i t\u1ee5 t\u1eadp kh\u00e1c \u0111\u1ec1u b\u1ecb c\u1ea5m.<\/p>","protected":false},"excerpt":{"rendered":"<p>See the map of the protest area being provided. The Red highlighted area will be roped off inside the wooden fence in front of the lilac bushes. The Yellow highlighted area is designated for any overflow crowd. Enter the area at the Green X on the map. Please park in the High School parking lot &#8230; <a title=\"Ricketts steak-Fried\" class=\"read-more\" href=\"https:\/\/nebraskademocrats.org\/vi\/ricketts-steak-fry\/\" aria-label=\"More on Ricketts steak-fry\">\u0110\u1ecdc th\u00eam<\/a><\/p>","protected":false},"author":19,"featured_media":0,"parent":0,"menu_order":0,"comment_status":"closed","ping_status":"closed","template":"","meta":{"_acf_changed":false,"_exactmetrics_skip_tracking":false,"_exactmetrics_sitenote_active":false,"_exactmetrics_sitenote_note":"","_exactmetrics_sitenote_category":0,"footnotes":""},"class_list":["post-34391","page","type-page","status-publish"],"acf":[],"yoast_head":"<!-- This site is optimized with the Yoast SEO plugin v27.4 - https:\/\/yoast.com\/product\/yoast-seo-wordpress\/ -->\n<title>Ricketts steak-fry &#8211; Nebraska Democratic Party<\/title>\n<meta name=\"robots\" content=\"index, follow, max-snippet:-1, max-image-preview:large, max-video-preview:-1\" \/>\n<link rel=\"canonical\" href=\"https:\/\/nebraskademocrats.org\/vi\/ricketts-steak-fry\/\" \/>\n<meta property=\"og:locale\" content=\"vi_VN\" \/>\n<meta property=\"og:type\" content=\"article\" \/>\n<meta property=\"og:title\" content=\"Ricketts steak-fry &#8211; Nebraska Democratic Party\" \/>\n<meta property=\"og:description\" content=\"See the map of the protest area being provided. The Red highlighted area will be roped off inside the wooden fence in front of the lilac bushes. The Yellow highlighted area is designated for any overflow crowd. Enter the area at the Green X on the map. Please park in the High School parking lot ... Read more\" \/>\n<meta property=\"og:url\" content=\"https:\/\/nebraskademocrats.org\/vi\/ricketts-steak-fry\/\" \/>\n<meta property=\"og:site_name\" content=\"Nebraska Democratic Party\" \/>\n<meta property=\"article:publisher\" content=\"https:\/\/www.facebook.com\/NebraskaDemocraticParty\/\" \/>\n<meta property=\"article:modified_time\" content=\"2021-09-10T16:21:46+00:00\" \/>\n<meta property=\"og:image\" content=\"https:\/\/nebraskademocrats.org\/wp-content\/uploads\/2018\/09\/ne-dems-fb.jpg\" \/>\n\t<meta property=\"og:image:width\" content=\"1200\" \/>\n\t<meta property=\"og:image:height\" content=\"630\" \/>\n\t<meta property=\"og:image:type\" content=\"image\/jpeg\" \/>\n<meta name=\"twitter:card\" content=\"summary_large_image\" \/>\n<meta name=\"twitter:site\" content=\"@nebraskadems\" \/>\n<meta name=\"twitter:label1\" content=\"\u01af\u1edbc t\u00ednh th\u1eddi gian \u0111\u1ecdc\" \/>\n\t<meta name=\"twitter:data1\" content=\"1 ph\u00fat\" \/>\n<script type=\"application\/ld+json\" class=\"yoast-schema-graph\">{\"@context\":\"https:\\\/\\\/schema.org\",\"@graph\":[{\"@type\":\"WebPage\",\"@id\":\"https:\\\/\\\/nebraskademocrats.org\\\/ricketts-steak-fry\\\/\",\"url\":\"https:\\\/\\\/nebraskademocrats.org\\\/ricketts-steak-fry\\\/\",\"name\":\"Ricketts steak-fry &#8211; Nebraska Democratic Party\",\"isPartOf\":{\"@id\":\"https:\\\/\\\/nebraskademocrats.org\\\/#website\"},\"datePublished\":\"2021-09-08T17:25:19+00:00\",\"dateModified\":\"2021-09-10T16:21:46+00:00\",\"breadcrumb\":{\"@id\":\"https:\\\/\\\/nebraskademocrats.org\\\/ricketts-steak-fry\\\/#breadcrumb\"},\"inLanguage\":\"vi\",\"potentialAction\":[{\"@type\":\"ReadAction\",\"target\":[\"https:\\\/\\\/nebraskademocrats.org\\\/ricketts-steak-fry\\\/\"]}]},{\"@type\":\"BreadcrumbList\",\"@id\":\"https:\\\/\\\/nebraskademocrats.org\\\/ricketts-steak-fry\\\/#breadcrumb\",\"itemListElement\":[{\"@type\":\"ListItem\",\"position\":1,\"name\":\"Home\",\"item\":\"https:\\\/\\\/nebraskademocrats.org\\\/\"},{\"@type\":\"ListItem\",\"position\":2,\"name\":\"Ricketts steak-fry\"}]},{\"@type\":\"WebSite\",\"@id\":\"https:\\\/\\\/nebraskademocrats.org\\\/#website\",\"url\":\"https:\\\/\\\/nebraskademocrats.org\\\/\",\"name\":\"Nebraska Democratic Party\",\"description\":\"Growing the Good Life for All Nebraskans\",\"publisher\":{\"@id\":\"https:\\\/\\\/nebraskademocrats.org\\\/#organization\"},\"potentialAction\":[{\"@type\":\"SearchAction\",\"target\":{\"@type\":\"EntryPoint\",\"urlTemplate\":\"https:\\\/\\\/nebraskademocrats.org\\\/?s={search_term_string}\"},\"query-input\":{\"@type\":\"PropertyValueSpecification\",\"valueRequired\":true,\"valueName\":\"search_term_string\"}}],\"inLanguage\":\"vi\"},{\"@type\":\"Organization\",\"@id\":\"https:\\\/\\\/nebraskademocrats.org\\\/#organization\",\"name\":\"Nebraska Democratic Party\",\"url\":\"https:\\\/\\\/nebraskademocrats.org\\\/\",\"logo\":{\"@type\":\"ImageObject\",\"inLanguage\":\"vi\",\"@id\":\"https:\\\/\\\/nebraskademocrats.org\\\/#\\\/schema\\\/logo\\\/image\\\/\",\"url\":\"https:\\\/\\\/nebraskadem.wpenginepowered.com\\\/wp-content\\\/uploads\\\/2016\\\/05\\\/NDP2.jpg\",\"contentUrl\":\"https:\\\/\\\/nebraskadem.wpenginepowered.com\\\/wp-content\\\/uploads\\\/2016\\\/05\\\/NDP2.jpg\",\"width\":1000,\"height\":396,\"caption\":\"Nebraska Democratic Party\"},\"image\":{\"@id\":\"https:\\\/\\\/nebraskademocrats.org\\\/#\\\/schema\\\/logo\\\/image\\\/\"},\"sameAs\":[\"https:\\\/\\\/www.facebook.com\\\/NebraskaDemocraticParty\\\/\",\"https:\\\/\\\/x.com\\\/nebraskadems\"]}]}<\/script>\n<!-- \/ Yoast SEO plugin. -->","yoast_head_json":{"title":"Ricketts steak-fry &#8211; Nebraska Democratic Party","robots":{"index":"index","follow":"follow","max-snippet":"max-snippet:-1","max-image-preview":"max-image-preview:large","max-video-preview":"max-video-preview:-1"},"canonical":"https:\/\/nebraskademocrats.org\/vi\/ricketts-steak-fry\/","og_locale":"vi_VN","og_type":"article","og_title":"Ricketts steak-fry &#8211; Nebraska Democratic Party","og_description":"See the map of the protest area being provided. The Red highlighted area will be roped off inside the wooden fence in front of the lilac bushes. The Yellow highlighted area is designated for any overflow crowd. Enter the area at the Green X on the map. Please park in the High School parking lot ... Read more","og_url":"https:\/\/nebraskademocrats.org\/vi\/ricketts-steak-fry\/","og_site_name":"Nebraska Democratic Party","article_publisher":"https:\/\/www.facebook.com\/NebraskaDemocraticParty\/","article_modified_time":"2021-09-10T16:21:46+00:00","og_image":[{"width":1200,"height":630,"url":"https:\/\/nebraskademocrats.org\/wp-content\/uploads\/2018\/09\/ne-dems-fb.jpg","type":"image\/jpeg"}],"twitter_card":"summary_large_image","twitter_site":"@nebraskadems","twitter_misc":{"\u01af\u1edbc t\u00ednh th\u1eddi gian \u0111\u1ecdc":"1 ph\u00fat"},"schema":{"@context":"https:\/\/schema.org","@graph":[{"@type":"WebPage","@id":"https:\/\/nebraskademocrats.org\/ricketts-steak-fry\/","url":"https:\/\/nebraskademocrats.org\/ricketts-steak-fry\/","name":"Ricketts steak-fry &#8211; Nebraska Democratic Party","isPartOf":{"@id":"https:\/\/nebraskademocrats.org\/#website"},"datePublished":"2021-09-08T17:25:19+00:00","dateModified":"2021-09-10T16:21:46+00:00","breadcrumb":{"@id":"https:\/\/nebraskademocrats.org\/ricketts-steak-fry\/#breadcrumb"},"inLanguage":"vi","potentialAction":[{"@type":"ReadAction","target":["https:\/\/nebraskademocrats.org\/ricketts-steak-fry\/"]}]},{"@type":"BreadcrumbList","@id":"https:\/\/nebraskademocrats.org\/ricketts-steak-fry\/#breadcrumb","itemListElement":[{"@type":"ListItem","position":1,"name":"Home","item":"https:\/\/nebraskademocrats.org\/"},{"@type":"ListItem","position":2,"name":"Ricketts steak-fry"}]},{"@type":"WebSite","@id":"https:\/\/nebraskademocrats.org\/#website","url":"https:\/\/nebraskademocrats.org\/","name":"Nebraska Democratic Party","description":"Ph\u00e1t tri\u1ec3n cu\u1ed9c s\u1ed1ng t\u1ed1t \u0111\u1eb9p cho t\u1ea5t c\u1ea3 Nebraskans","publisher":{"@id":"https:\/\/nebraskademocrats.org\/#organization"},"potentialAction":[{"@type":"SearchAction","target":{"@type":"EntryPoint","urlTemplate":"https:\/\/nebraskademocrats.org\/?s={search_term_string}"},"query-input":{"@type":"PropertyValueSpecification","valueRequired":true,"valueName":"search_term_string"}}],"inLanguage":"vi"},{"@type":"Organization","@id":"https:\/\/nebraskademocrats.org\/#organization","name":"Nebraska Democratic Party","url":"https:\/\/nebraskademocrats.org\/","logo":{"@type":"ImageObject","inLanguage":"vi","@id":"https:\/\/nebraskademocrats.org\/#\/schema\/logo\/image\/","url":"https:\/\/nebraskadem.wpenginepowered.com\/wp-content\/uploads\/2016\/05\/NDP2.jpg","contentUrl":"https:\/\/nebraskadem.wpenginepowered.com\/wp-content\/uploads\/2016\/05\/NDP2.jpg","width":1000,"height":396,"caption":"Nebraska Democratic Party"},"image":{"@id":"https:\/\/nebraskademocrats.org\/#\/schema\/logo\/image\/"},"sameAs":["https:\/\/www.facebook.com\/NebraskaDemocraticParty\/","https:\/\/x.com\/nebraskadems"]}]}},"_links":{"self":[{"href":"https:\/\/nebraskademocrats.org\/vi\/wp-json\/wp\/v2\/pages\/34391","targetHints":{"allow":["GET"]}}],"collection":[{"href":"https:\/\/nebraskademocrats.org\/vi\/wp-json\/wp\/v2\/pages"}],"about":[{"href":"https:\/\/nebraskademocrats.org\/vi\/wp-json\/wp\/v2\/types\/page"}],"author":[{"embeddable":true,"href":"https:\/\/nebraskademocrats.org\/vi\/wp-json\/wp\/v2\/users\/19"}],"replies":[{"embeddable":true,"href":"https:\/\/nebraskademocrats.org\/vi\/wp-json\/wp\/v2\/comments?post=34391"}],"version-history":[{"count":0,"href":"https:\/\/nebraskademocrats.org\/vi\/wp-json\/wp\/v2\/pages\/34391\/revisions"}],"wp:attachment":[{"href":"https:\/\/nebraskademocrats.org\/vi\/wp-json\/wp\/v2\/media?parent=34391"}],"curies":[{"name":"wp","href":"https:\/\/api.w.org\/{rel}","templated":true}]}}