{"id":34468,"date":"2021-09-12T18:31:41","date_gmt":"2021-09-12T23:31:41","guid":{"rendered":"https:\/\/nebraskadem.wpenginepowered.com\/?page_id=34468"},"modified":"2021-10-21T11:58:41","modified_gmt":"2021-10-21T16:58:41","slug":"blood-for-governor-action-center","status":"publish","type":"page","link":"https:\/\/nebraskademocrats.org\/vi\/blood-for-governor-action-center\/","title":{"rendered":"M\u00e1u cho Trung t\u00e2m H\u00e0nh \u0111\u1ed9ng Th\u1ed1ng \u0111\u1ed1c"},"content":{"rendered":"<div data-elementor-type=\"wp-post\" data-elementor-id=\"34468\" class=\"elementor elementor-34468\" data-elementor-post-type=\"page\">\n\t\t\t\t\t\t<section class=\"elementor-section elementor-top-section elementor-element elementor-element-6b901f82 elementor-section-boxed elementor-section-height-default elementor-section-height-default\" data-id=\"6b901f82\" data-element_type=\"section\" data-e-type=\"section\">\n\t\t\t\t\t\t<div class=\"elementor-container elementor-column-gap-default\">\n\t\t\t\t\t<div class=\"elementor-column elementor-col-100 elementor-top-column elementor-element elementor-element-35ded79b\" data-id=\"35ded79b\" data-element_type=\"column\" data-e-type=\"column\">\n\t\t\t<div class=\"elementor-widget-wrap elementor-element-populated\">\n\t\t\t\t\t\t<div class=\"elementor-element elementor-element-287ca4e5 elementor-widget elementor-widget-text-editor\" data-id=\"287ca4e5\" data-element_type=\"widget\" data-e-type=\"widget\" data-widget_type=\"text-editor.default\">\n\t\t\t\t<div class=\"elementor-widget-container\">\n\t\t\t\t\t\t\t\t\t<h1 style=\"text-align: center;\"><span style=\"color: #c32032;\">SENATOR CAROL BLOOD \u0110ANG CH\u1ea0Y CHO QU\u1ea2N L\u00dd!<\/span><\/h1><p>Carol Blood th\u00f4ng b\u00e1o c\u00f4 \u1ea5y s\u1ebd tr\u1edf th\u00e0nh Th\u1ed1ng \u0111\u1ed1c ti\u1ebfp theo c\u1ee7a Nebraska. C\u00f4 \u1ea5y s\u1ebd c\u1ea7n s\u1ef1 gi\u00fap \u0111\u1ee1 c\u1ee7a b\u1ea1n \u0111\u1ec3 th\u00fac \u0111\u1ea9y chi\u1ebfn d\u1ecbch c\u1ee7a c\u00f4 \u1ea5y!<\/p><p><a href=\"https:\/\/secure.actblue.com\/donate\/negov&amp;refcode=em_launch\"><strong>Ch\u00fang ta c\u1ea7n ph\u1ea3i b\u1eaft \u0111\u1ea7u m\u1ea1nh m\u1ebd - H\u00e3y l\u00e0m nh\u1eefng g\u00ec b\u1ea1n c\u00f3 th\u1ec3 l\u00e0m \u0111\u01b0\u1ee3c ngay h\u00f4m nay! Kho\u1ea3n \u0111\u00f3ng g\u00f3p c\u1ee7a b\u1ea1n s\u1ebd \u0111\u01b0\u1ee3c chia th\u00e0nh Nebraska Democratic Party v\u00e0 Carol Blood cho Th\u1ed1ng \u0111\u1ed1c!<\/strong><\/a><\/p><h2>Blood Drives\u2026 xuy\u00ean Nebraska<\/h2><p><a href=\"https:\/\/nebraskademocrats.org\/vi\/blood-drives-across-nebraska\/\"><span style=\"font-size: 12pt;\">Chi ti\u1ebft v\u1ec1 c\u00e1c \u0111i\u1ec3m d\u1eebng ng\u00e0y 3-5 th\u00e1ng 11<\/span><\/a><\/p><h2><b>Theo d\u00f5i Chi\u1ebfn d\u1ecbch c\u1ee7a Th\u01b0\u1ee3ng ngh\u1ecb s\u0129 Blood<\/b><\/h2><p><span style=\"font-weight: 400;\">Theo d\u00f5i chi\u1ebfn d\u1ecbch c\u1ee7a Senator Blood tr\u00ean:\u00a0<\/span><\/p><ul><li><a href=\"https:\/\/www.facebook.com\/Blood4Governor\">Facebook<\/a><\/li><li><a href=\"https:\/\/www.instagram.com\/blood4governor\">Instagram<\/a><\/li><li><a style=\"background-color: #ffffff; font-family: -apple-system, system-ui, BlinkMacSystemFont,;\" href=\"https:\/\/twitter.com\/senatorblood\">Twitter<\/a><\/li><li><a href=\"http:\/\/electcarolblood.com\">Trang m\u1ea1ng<\/a><\/li><li><a href=\"https:\/\/www.youtube.com\/channel\/UCOzMH5UZA8oroKpTM0TFngw\">YouTube<\/a><\/li><\/ul><h2>H\u00ecnh \u1ea3nh c\u00f3 th\u1ec3 t\u1ea3i xu\u1ed1ng cho ph\u01b0\u01a1ng ti\u1ec7n truy\u1ec1n th\u00f4ng x\u00e3 h\u1ed9i<\/h2><p><em>(Nh\u1ea5p v\u00e0o h\u00ecnh \u1ea3nh \u0111\u1ec3 xem to\u00e0n m\u00e0n h\u00ecnh v\u00e0 t\u1ea3i xu\u1ed1ng)<\/em><\/p>\t\t\t\t\t\t\t\t<\/div>\n\t\t\t\t<\/div>\n\t\t\t\t\t<\/div>\n\t\t<\/div>\n\t\t\t\t\t<\/div>\n\t\t<\/section>\n\t\t\t\t<section class=\"elementor-section elementor-top-section elementor-element elementor-element-1e6d93b elementor-section-boxed elementor-section-height-default elementor-section-height-default\" data-id=\"1e6d93b\" data-element_type=\"section\" data-e-type=\"section\">\n\t\t\t\t\t\t<div class=\"elementor-container elementor-column-gap-default\">\n\t\t\t\t\t<div class=\"elementor-column elementor-col-100 elementor-top-column elementor-element elementor-element-1751f7e\" data-id=\"1751f7e\" data-element_type=\"column\" data-e-type=\"column\">\n\t\t\t<div class=\"elementor-widget-wrap elementor-element-populated\">\n\t\t\t\t\t\t<div class=\"elementor-element elementor-element-5669c8b elementor-widget elementor-widget-gallery\" data-id=\"5669c8b\" data-element_type=\"widget\" data-e-type=\"widget\" data-settings=\"{&quot;gallery_layout&quot;:&quot;justified&quot;,&quot;gap&quot;:{&quot;unit&quot;:&quot;px&quot;,&quot;size&quot;:16,&quot;sizes&quot;:[]},&quot;lazyload&quot;:&quot;yes&quot;,&quot;ideal_row_height&quot;:{&quot;unit&quot;:&quot;px&quot;,&quot;size&quot;:200,&quot;sizes&quot;:[]},&quot;ideal_row_height_tablet&quot;:{&quot;unit&quot;:&quot;px&quot;,&quot;size&quot;:150,&quot;sizes&quot;:[]},&quot;ideal_row_height_mobile&quot;:{&quot;unit&quot;:&quot;px&quot;,&quot;size&quot;:150,&quot;sizes&quot;:[]},&quot;gap_tablet&quot;:{&quot;unit&quot;:&quot;px&quot;,&quot;size&quot;:10,&quot;sizes&quot;:[]},&quot;gap_mobile&quot;:{&quot;unit&quot;:&quot;px&quot;,&quot;size&quot;:10,&quot;sizes&quot;:[]},&quot;link_to&quot;:&quot;file&quot;,&quot;overlay_background&quot;:&quot;yes&quot;,&quot;content_hover_animation&quot;:&quot;fade-in&quot;}\" data-widget_type=\"gallery.default\">\n\t\t\t\t<div class=\"elementor-widget-container\">\n\t\t\t\t\t\t\t<div class=\"elementor-gallery__container\">\n\t\t\t\t\t\t\t<a class=\"e-gallery-item elementor-gallery-item elementor-animated-content\" href=\"https:\/\/nebraskademocrats.org\/wp-content\/uploads\/2021\/09\/NDP_NewBlood_1200X630.jpeg\" data-elementor-open-lightbox=\"yes\" data-elementor-lightbox-slideshow=\"5669c8b\" data-e-action-hash=\"#elementor-action%3Aaction%3Dlightbox%26settings%3DeyJpZCI6MzQ0NzMsInVybCI6Imh0dHBzOlwvXC9uZWJyYXNrYWRlbW9jcmF0cy5vcmdcL3dwLWNvbnRlbnRcL3VwbG9hZHNcLzIwMjFcLzA5XC9ORFBfTmV3Qmxvb2RfMTIwMFg2MzAuanBlZyIsInNsaWRlc2hvdyI6IjU2NjljOGIifQ%3D%3D\">\n\t\t\t\t\t<div class=\"e-gallery-image elementor-gallery-item__image\" data-thumbnail=\"https:\/\/nebraskademocrats.org\/wp-content\/uploads\/2021\/09\/NDP_NewBlood_1200X630-1024x538.jpeg\" data-width=\"1024\" data-height=\"538\" aria-label=\"\" role=\"img\" ><\/div>\n\t\t\t\t\t\t\t\t\t\t\t<div class=\"elementor-gallery-item__overlay\"><\/div>\n\t\t\t\t\t\t\t\t\t\t\t\t\t\t<\/a>\n\t\t\t\t\t\t\t<a class=\"e-gallery-item elementor-gallery-item elementor-animated-content\" href=\"https:\/\/nebraskademocrats.org\/wp-content\/uploads\/2021\/09\/NDP_NewBlood_1080X1080.jpeg\" data-elementor-open-lightbox=\"yes\" data-elementor-lightbox-slideshow=\"5669c8b\" data-e-action-hash=\"#elementor-action%3Aaction%3Dlightbox%26settings%3DeyJpZCI6MzQ0NzQsInVybCI6Imh0dHBzOlwvXC9uZWJyYXNrYWRlbW9jcmF0cy5vcmdcL3dwLWNvbnRlbnRcL3VwbG9hZHNcLzIwMjFcLzA5XC9ORFBfTmV3Qmxvb2RfMTA4MFgxMDgwLmpwZWciLCJzbGlkZXNob3ciOiI1NjY5YzhiIn0%3D\">\n\t\t\t\t\t<div class=\"e-gallery-image elementor-gallery-item__image\" data-thumbnail=\"https:\/\/nebraskademocrats.org\/wp-content\/uploads\/2021\/09\/NDP_NewBlood_1080X1080-1024x1024.jpeg\" data-width=\"1024\" data-height=\"1024\" aria-label=\"\" role=\"img\" ><\/div>\n\t\t\t\t\t\t\t\t\t\t\t<div class=\"elementor-gallery-item__overlay\"><\/div>\n\t\t\t\t\t\t\t\t\t\t\t\t\t\t<\/a>\n\t\t\t\t\t\t\t<a class=\"e-gallery-item elementor-gallery-item elementor-animated-content\" href=\"https:\/\/nebraskademocrats.org\/wp-content\/uploads\/2021\/09\/Friends-All-3.jpeg\" data-elementor-open-lightbox=\"yes\" data-elementor-lightbox-slideshow=\"5669c8b\" data-e-action-hash=\"#elementor-action%3Aaction%3Dlightbox%26settings%3DeyJpZCI6MzQ0NzUsInVybCI6Imh0dHBzOlwvXC9uZWJyYXNrYWRlbW9jcmF0cy5vcmdcL3dwLWNvbnRlbnRcL3VwbG9hZHNcLzIwMjFcLzA5XC9GcmllbmRzLUFsbC0zLmpwZWciLCJzbGlkZXNob3ciOiI1NjY5YzhiIn0%3D\">\n\t\t\t\t\t<div class=\"e-gallery-image elementor-gallery-item__image\" data-thumbnail=\"https:\/\/nebraskademocrats.org\/wp-content\/uploads\/2021\/09\/Friends-All-3.jpeg\" data-width=\"640\" data-height=\"381\" aria-label=\"\" role=\"img\" ><\/div>\n\t\t\t\t\t\t\t\t\t\t\t<div class=\"elementor-gallery-item__overlay\"><\/div>\n\t\t\t\t\t\t\t\t\t\t\t\t\t\t<\/a>\n\t\t\t\t\t\t\t<a class=\"e-gallery-item elementor-gallery-item elementor-animated-content\" href=\"https:\/\/nebraskademocrats.org\/wp-content\/uploads\/2021\/09\/01_Carol-Blood-Governor-Logo_Color.png\" data-elementor-open-lightbox=\"yes\" data-elementor-lightbox-slideshow=\"5669c8b\" data-e-action-hash=\"#elementor-action%3Aaction%3Dlightbox%26settings%3DeyJpZCI6MzQ0NzYsInVybCI6Imh0dHBzOlwvXC9uZWJyYXNrYWRlbW9jcmF0cy5vcmdcL3dwLWNvbnRlbnRcL3VwbG9hZHNcLzIwMjFcLzA5XC8wMV9DYXJvbC1CbG9vZC1Hb3Zlcm5vci1Mb2dvX0NvbG9yLnBuZyIsInNsaWRlc2hvdyI6IjU2NjljOGIifQ%3D%3D\">\n\t\t\t\t\t<div class=\"e-gallery-image elementor-gallery-item__image\" data-thumbnail=\"https:\/\/nebraskademocrats.org\/wp-content\/uploads\/2021\/09\/01_Carol-Blood-Governor-Logo_Color.png\" data-width=\"883\" data-height=\"423\" aria-label=\"\" role=\"img\" ><\/div>\n\t\t\t\t\t\t\t\t\t\t\t<div class=\"elementor-gallery-item__overlay\"><\/div>\n\t\t\t\t\t\t\t\t\t\t\t\t\t\t<\/a>\n\t\t\t\t\t\t\t<a class=\"e-gallery-item elementor-gallery-item elementor-animated-content\" href=\"https:\/\/nebraskademocrats.org\/wp-content\/uploads\/2021\/09\/NewBlood_GIF.gif\" data-elementor-open-lightbox=\"yes\" data-elementor-lightbox-slideshow=\"5669c8b\" data-e-action-hash=\"#elementor-action%3Aaction%3Dlightbox%26settings%3DeyJpZCI6MzQ0ODYsInVybCI6Imh0dHBzOlwvXC9uZWJyYXNrYWRlbW9jcmF0cy5vcmdcL3dwLWNvbnRlbnRcL3VwbG9hZHNcLzIwMjFcLzA5XC9OZXdCbG9vZF9HSUYuZ2lmIiwic2xpZGVzaG93IjoiNTY2OWM4YiJ9\">\n\t\t\t\t\t<div class=\"e-gallery-image elementor-gallery-item__image\" data-thumbnail=\"https:\/\/nebraskademocrats.org\/wp-content\/uploads\/2021\/09\/NewBlood_GIF-1024x1024.gif\" data-width=\"1024\" data-height=\"1024\" aria-label=\"\" role=\"img\" ><\/div>\n\t\t\t\t\t\t\t\t\t\t\t<div class=\"elementor-gallery-item__overlay\"><\/div>\n\t\t\t\t\t\t\t\t\t\t\t\t\t\t<\/a>\n\t\t\t\t\t<\/div>\n\t\t\t\t\t<\/div>\n\t\t\t\t<\/div>\n\t\t\t\t\t<\/div>\n\t\t<\/div>\n\t\t\t\t\t<\/div>\n\t\t<\/section>\n\t\t\t\t<\/div>","protected":false},"excerpt":{"rendered":"<p>SENATOR CAROL BLOOD IS RUNNING FOR GOVERNOR! Carol Blood announced she&#8217;s running to be Nebraska&#8217;s next Governor. She&#8217;s going to need your help to power her campaign! We need to start strong \u2014 Chip in what you can today! Your contribution will be split between the Nebraska Democratic Party and Carol Blood for Governor! Blood &#8230; <a title=\"M\u00e1u cho Trung t\u00e2m H\u00e0nh \u0111\u1ed9ng Th\u1ed1ng \u0111\u1ed1c\" class=\"read-more\" href=\"https:\/\/nebraskademocrats.org\/vi\/blood-for-governor-action-center\/\" aria-label=\"More on Blood for Governor Action Center\">\u0110\u1ecdc th\u00eam<\/a><\/p>","protected":false},"author":17,"featured_media":10481,"parent":0,"menu_order":0,"comment_status":"closed","ping_status":"closed","template":"","meta":{"_acf_changed":false,"_exactmetrics_skip_tracking":false,"_exactmetrics_sitenote_active":false,"_exactmetrics_sitenote_note":"","_exactmetrics_sitenote_category":0,"footnotes":""},"class_list":["post-34468","page","type-page","status-publish","has-post-thumbnail"],"acf":[],"yoast_head":"<!-- This site is optimized with the Yoast SEO plugin v27.4 - https:\/\/yoast.com\/product\/yoast-seo-wordpress\/ -->\n<title>Blood for Governor Action Center &#8211; Nebraska Democratic Party<\/title>\n<meta name=\"robots\" content=\"index, follow, max-snippet:-1, max-image-preview:large, max-video-preview:-1\" \/>\n<link rel=\"canonical\" href=\"https:\/\/nebraskademocrats.org\/vi\/blood-for-governor-action-center\/\" \/>\n<meta property=\"og:locale\" content=\"vi_VN\" \/>\n<meta property=\"og:type\" content=\"article\" \/>\n<meta property=\"og:title\" content=\"Blood for Governor Action Center &#8211; Nebraska Democratic Party\" \/>\n<meta property=\"og:description\" content=\"SENATOR CAROL BLOOD IS RUNNING FOR GOVERNOR! Carol Blood announced she&#8217;s running to be Nebraska&#8217;s next Governor. She&#8217;s going to need your help to power her campaign! We need to start strong \u2014 Chip in what you can today! Your contribution will be split between the Nebraska Democratic Party and Carol Blood for Governor! Blood ... Read more\" \/>\n<meta property=\"og:url\" content=\"https:\/\/nebraskademocrats.org\/vi\/blood-for-governor-action-center\/\" \/>\n<meta property=\"og:site_name\" content=\"Nebraska Democratic Party\" \/>\n<meta property=\"article:publisher\" content=\"https:\/\/www.facebook.com\/NebraskaDemocraticParty\/\" \/>\n<meta property=\"article:modified_time\" content=\"2021-10-21T16:58:41+00:00\" \/>\n<meta property=\"og:image\" content=\"https:\/\/nebraskademocrats.org\/wp-content\/uploads\/2019\/11\/NEBDEMS_VOTE_SQ-Share.png\" \/>\n\t<meta property=\"og:image:width\" content=\"1081\" \/>\n\t<meta property=\"og:image:height\" content=\"1080\" \/>\n\t<meta property=\"og:image:type\" content=\"image\/png\" \/>\n<meta name=\"twitter:card\" content=\"summary_large_image\" \/>\n<meta name=\"twitter:site\" content=\"@nebraskadems\" \/>\n<meta name=\"twitter:label1\" content=\"\u01af\u1edbc t\u00ednh th\u1eddi gian \u0111\u1ecdc\" \/>\n\t<meta name=\"twitter:data1\" content=\"1 ph\u00fat\" \/>\n<script type=\"application\/ld+json\" class=\"yoast-schema-graph\">{\"@context\":\"https:\\\/\\\/schema.org\",\"@graph\":[{\"@type\":\"WebPage\",\"@id\":\"https:\\\/\\\/nebraskademocrats.org\\\/blood-for-governor-action-center\\\/\",\"url\":\"https:\\\/\\\/nebraskademocrats.org\\\/blood-for-governor-action-center\\\/\",\"name\":\"Blood for Governor Action Center &#8211; Nebraska Democratic Party\",\"isPartOf\":{\"@id\":\"https:\\\/\\\/nebraskademocrats.org\\\/#website\"},\"primaryImageOfPage\":{\"@id\":\"https:\\\/\\\/nebraskademocrats.org\\\/blood-for-governor-action-center\\\/#primaryimage\"},\"image\":{\"@id\":\"https:\\\/\\\/nebraskademocrats.org\\\/blood-for-governor-action-center\\\/#primaryimage\"},\"thumbnailUrl\":\"https:\\\/\\\/nebraskademocrats.org\\\/wp-content\\\/uploads\\\/2019\\\/11\\\/NEBDEMS_VOTE_SQ-Share.png\",\"datePublished\":\"2021-09-12T23:31:41+00:00\",\"dateModified\":\"2021-10-21T16:58:41+00:00\",\"breadcrumb\":{\"@id\":\"https:\\\/\\\/nebraskademocrats.org\\\/blood-for-governor-action-center\\\/#breadcrumb\"},\"inLanguage\":\"vi\",\"potentialAction\":[{\"@type\":\"ReadAction\",\"target\":[\"https:\\\/\\\/nebraskademocrats.org\\\/blood-for-governor-action-center\\\/\"]}]},{\"@type\":\"ImageObject\",\"inLanguage\":\"vi\",\"@id\":\"https:\\\/\\\/nebraskademocrats.org\\\/blood-for-governor-action-center\\\/#primaryimage\",\"url\":\"https:\\\/\\\/nebraskademocrats.org\\\/wp-content\\\/uploads\\\/2019\\\/11\\\/NEBDEMS_VOTE_SQ-Share.png\",\"contentUrl\":\"https:\\\/\\\/nebraskademocrats.org\\\/wp-content\\\/uploads\\\/2019\\\/11\\\/NEBDEMS_VOTE_SQ-Share.png\",\"width\":1081,\"height\":1080},{\"@type\":\"BreadcrumbList\",\"@id\":\"https:\\\/\\\/nebraskademocrats.org\\\/blood-for-governor-action-center\\\/#breadcrumb\",\"itemListElement\":[{\"@type\":\"ListItem\",\"position\":1,\"name\":\"Home\",\"item\":\"https:\\\/\\\/nebraskademocrats.org\\\/\"},{\"@type\":\"ListItem\",\"position\":2,\"name\":\"Blood for Governor Action Center\"}]},{\"@type\":\"WebSite\",\"@id\":\"https:\\\/\\\/nebraskademocrats.org\\\/#website\",\"url\":\"https:\\\/\\\/nebraskademocrats.org\\\/\",\"name\":\"Nebraska Democratic Party\",\"description\":\"Growing the Good Life for All Nebraskans\",\"publisher\":{\"@id\":\"https:\\\/\\\/nebraskademocrats.org\\\/#organization\"},\"potentialAction\":[{\"@type\":\"SearchAction\",\"target\":{\"@type\":\"EntryPoint\",\"urlTemplate\":\"https:\\\/\\\/nebraskademocrats.org\\\/?s={search_term_string}\"},\"query-input\":{\"@type\":\"PropertyValueSpecification\",\"valueRequired\":true,\"valueName\":\"search_term_string\"}}],\"inLanguage\":\"vi\"},{\"@type\":\"Organization\",\"@id\":\"https:\\\/\\\/nebraskademocrats.org\\\/#organization\",\"name\":\"Nebraska Democratic Party\",\"url\":\"https:\\\/\\\/nebraskademocrats.org\\\/\",\"logo\":{\"@type\":\"ImageObject\",\"inLanguage\":\"vi\",\"@id\":\"https:\\\/\\\/nebraskademocrats.org\\\/#\\\/schema\\\/logo\\\/image\\\/\",\"url\":\"https:\\\/\\\/nebraskadem.wpenginepowered.com\\\/wp-content\\\/uploads\\\/2016\\\/05\\\/NDP2.jpg\",\"contentUrl\":\"https:\\\/\\\/nebraskadem.wpenginepowered.com\\\/wp-content\\\/uploads\\\/2016\\\/05\\\/NDP2.jpg\",\"width\":1000,\"height\":396,\"caption\":\"Nebraska Democratic Party\"},\"image\":{\"@id\":\"https:\\\/\\\/nebraskademocrats.org\\\/#\\\/schema\\\/logo\\\/image\\\/\"},\"sameAs\":[\"https:\\\/\\\/www.facebook.com\\\/NebraskaDemocraticParty\\\/\",\"https:\\\/\\\/x.com\\\/nebraskadems\"]}]}<\/script>\n<!-- \/ Yoast SEO plugin. -->","yoast_head_json":{"title":"Blood for Governor Action Center &#8211; Nebraska Democratic Party","robots":{"index":"index","follow":"follow","max-snippet":"max-snippet:-1","max-image-preview":"max-image-preview:large","max-video-preview":"max-video-preview:-1"},"canonical":"https:\/\/nebraskademocrats.org\/vi\/blood-for-governor-action-center\/","og_locale":"vi_VN","og_type":"article","og_title":"Blood for Governor Action Center &#8211; Nebraska Democratic Party","og_description":"SENATOR CAROL BLOOD IS RUNNING FOR GOVERNOR! Carol Blood announced she&#8217;s running to be Nebraska&#8217;s next Governor. She&#8217;s going to need your help to power her campaign! We need to start strong \u2014 Chip in what you can today! Your contribution will be split between the Nebraska Democratic Party and Carol Blood for Governor! Blood ... Read more","og_url":"https:\/\/nebraskademocrats.org\/vi\/blood-for-governor-action-center\/","og_site_name":"Nebraska Democratic Party","article_publisher":"https:\/\/www.facebook.com\/NebraskaDemocraticParty\/","article_modified_time":"2021-10-21T16:58:41+00:00","og_image":[{"width":1081,"height":1080,"url":"https:\/\/nebraskademocrats.org\/wp-content\/uploads\/2019\/11\/NEBDEMS_VOTE_SQ-Share.png","type":"image\/png"}],"twitter_card":"summary_large_image","twitter_site":"@nebraskadems","twitter_misc":{"\u01af\u1edbc t\u00ednh th\u1eddi gian \u0111\u1ecdc":"1 ph\u00fat"},"schema":{"@context":"https:\/\/schema.org","@graph":[{"@type":"WebPage","@id":"https:\/\/nebraskademocrats.org\/blood-for-governor-action-center\/","url":"https:\/\/nebraskademocrats.org\/blood-for-governor-action-center\/","name":"Blood for Governor Action Center &#8211; Nebraska Democratic Party","isPartOf":{"@id":"https:\/\/nebraskademocrats.org\/#website"},"primaryImageOfPage":{"@id":"https:\/\/nebraskademocrats.org\/blood-for-governor-action-center\/#primaryimage"},"image":{"@id":"https:\/\/nebraskademocrats.org\/blood-for-governor-action-center\/#primaryimage"},"thumbnailUrl":"https:\/\/nebraskademocrats.org\/wp-content\/uploads\/2019\/11\/NEBDEMS_VOTE_SQ-Share.png","datePublished":"2021-09-12T23:31:41+00:00","dateModified":"2021-10-21T16:58:41+00:00","breadcrumb":{"@id":"https:\/\/nebraskademocrats.org\/blood-for-governor-action-center\/#breadcrumb"},"inLanguage":"vi","potentialAction":[{"@type":"ReadAction","target":["https:\/\/nebraskademocrats.org\/blood-for-governor-action-center\/"]}]},{"@type":"ImageObject","inLanguage":"vi","@id":"https:\/\/nebraskademocrats.org\/blood-for-governor-action-center\/#primaryimage","url":"https:\/\/nebraskademocrats.org\/wp-content\/uploads\/2019\/11\/NEBDEMS_VOTE_SQ-Share.png","contentUrl":"https:\/\/nebraskademocrats.org\/wp-content\/uploads\/2019\/11\/NEBDEMS_VOTE_SQ-Share.png","width":1081,"height":1080},{"@type":"BreadcrumbList","@id":"https:\/\/nebraskademocrats.org\/blood-for-governor-action-center\/#breadcrumb","itemListElement":[{"@type":"ListItem","position":1,"name":"Home","item":"https:\/\/nebraskademocrats.org\/"},{"@type":"ListItem","position":2,"name":"Blood for Governor Action Center"}]},{"@type":"WebSite","@id":"https:\/\/nebraskademocrats.org\/#website","url":"https:\/\/nebraskademocrats.org\/","name":"Nebraska Democratic Party","description":"Ph\u00e1t tri\u1ec3n cu\u1ed9c s\u1ed1ng t\u1ed1t \u0111\u1eb9p cho t\u1ea5t c\u1ea3 Nebraskans","publisher":{"@id":"https:\/\/nebraskademocrats.org\/#organization"},"potentialAction":[{"@type":"SearchAction","target":{"@type":"EntryPoint","urlTemplate":"https:\/\/nebraskademocrats.org\/?s={search_term_string}"},"query-input":{"@type":"PropertyValueSpecification","valueRequired":true,"valueName":"search_term_string"}}],"inLanguage":"vi"},{"@type":"Organization","@id":"https:\/\/nebraskademocrats.org\/#organization","name":"Nebraska Democratic Party","url":"https:\/\/nebraskademocrats.org\/","logo":{"@type":"ImageObject","inLanguage":"vi","@id":"https:\/\/nebraskademocrats.org\/#\/schema\/logo\/image\/","url":"https:\/\/nebraskadem.wpenginepowered.com\/wp-content\/uploads\/2016\/05\/NDP2.jpg","contentUrl":"https:\/\/nebraskadem.wpenginepowered.com\/wp-content\/uploads\/2016\/05\/NDP2.jpg","width":1000,"height":396,"caption":"Nebraska Democratic Party"},"image":{"@id":"https:\/\/nebraskademocrats.org\/#\/schema\/logo\/image\/"},"sameAs":["https:\/\/www.facebook.com\/NebraskaDemocraticParty\/","https:\/\/x.com\/nebraskadems"]}]}},"_links":{"self":[{"href":"https:\/\/nebraskademocrats.org\/vi\/wp-json\/wp\/v2\/pages\/34468","targetHints":{"allow":["GET"]}}],"collection":[{"href":"https:\/\/nebraskademocrats.org\/vi\/wp-json\/wp\/v2\/pages"}],"about":[{"href":"https:\/\/nebraskademocrats.org\/vi\/wp-json\/wp\/v2\/types\/page"}],"author":[{"embeddable":true,"href":"https:\/\/nebraskademocrats.org\/vi\/wp-json\/wp\/v2\/users\/17"}],"replies":[{"embeddable":true,"href":"https:\/\/nebraskademocrats.org\/vi\/wp-json\/wp\/v2\/comments?post=34468"}],"version-history":[{"count":0,"href":"https:\/\/nebraskademocrats.org\/vi\/wp-json\/wp\/v2\/pages\/34468\/revisions"}],"wp:featuredmedia":[{"embeddable":true,"href":"https:\/\/nebraskademocrats.org\/vi\/wp-json\/wp\/v2\/media\/10481"}],"wp:attachment":[{"href":"https:\/\/nebraskademocrats.org\/vi\/wp-json\/wp\/v2\/media?parent=34468"}],"curies":[{"name":"wp","href":"https:\/\/api.w.org\/{rel}","templated":true}]}}