{"id":34883,"date":"2021-10-15T13:06:58","date_gmt":"2021-10-15T18:06:58","guid":{"rendered":"https:\/\/nebraskadem.wpenginepowered.com\/?page_id=34883"},"modified":"2022-02-25T14:30:19","modified_gmt":"2022-02-25T20:30:19","slug":"2022-salute-to-state-senators","status":"publish","type":"page","link":"https:\/\/nebraskademocrats.org\/vi\/2022-salute-to-state-senators\/","title":{"rendered":"2022 Ch\u00e0o c\u00e1c Th\u01b0\u1ee3ng ngh\u1ecb s\u0129 Ti\u1ec3u bang"},"content":{"rendered":"<p><img fetchpriority=\"high\" decoding=\"async\" class=\"wp-image-36267 aligncenter\" src=\"https:\/\/nebraskadem.wpenginepowered.com\/wp-content\/uploads\/2022\/02\/NEBDEMS_Salute-to-Senators-SQ-1024x1024.png\" alt=\"\" width=\"378\" height=\"378\" srcset=\"https:\/\/nebraskademocrats.org\/wp-content\/uploads\/2022\/02\/NEBDEMS_Salute-to-Senators-SQ-1024x1024.png 1024w, https:\/\/nebraskademocrats.org\/wp-content\/uploads\/2022\/02\/NEBDEMS_Salute-to-Senators-SQ-300x300.png 300w, https:\/\/nebraskademocrats.org\/wp-content\/uploads\/2022\/02\/NEBDEMS_Salute-to-Senators-SQ-150x150.png 150w, https:\/\/nebraskademocrats.org\/wp-content\/uploads\/2022\/02\/NEBDEMS_Salute-to-Senators-SQ-768x768.png 768w, https:\/\/nebraskademocrats.org\/wp-content\/uploads\/2022\/02\/NEBDEMS_Salute-to-Senators-SQ-12x12.png 12w, https:\/\/nebraskademocrats.org\/wp-content\/uploads\/2022\/02\/NEBDEMS_Salute-to-Senators-SQ.png 1080w\" sizes=\"(max-width: 378px) 100vw, 378px\" \/><\/p>\n<p>H\u00e3y tham gia s\u1ef1 ki\u1ec7n Ch\u00e0o c\u00e1c Th\u01b0\u1ee3ng ngh\u1ecb s\u0129 Ti\u1ec3u bang h\u00e0ng n\u0103m c\u1ee7a ch\u00fang t\u00f4i v\u1edbi Nebraska Democratic Party v\u00e0 c\u00e1c Th\u01b0\u1ee3ng ngh\u1ecb s\u0129 Ti\u1ec3u bang D\u00e2n ch\u1ee7 c\u1ee7a ch\u00fang t\u00f4i.<\/p>\n<h3 style=\"text-align: center;\"><strong>Ng\u00e0y 25 th\u00e1ng 6 n\u0103m 2022<br \/>\n<\/strong><strong>5 \u0111\u1ebfn 8 gi\u1edd t\u1ed1i CT<br \/>\n<\/strong><strong>S\u1edf th\u00fa Lincoln<\/strong><\/h3>\n<h2 style=\"text-align: center;\"><a href=\"https:\/\/secure.actblue.com\/donate\/salute2022\">Mua b\u00e0n ho\u1eb7c v\u00e9 ngay h\u00f4m nay!<\/a><\/h2>\n<p><span style=\"font-weight: 400;\">Ngo\u00e0i c\u00e1c Th\u01b0\u1ee3ng ngh\u1ecb s\u0129 c\u1ee7a Ti\u1ec3u bang hi\u1ec7n t\u1ea1i m\u00e0 ch\u00fang t\u00f4i s\u1ebd vinh danh t\u1ea1i s\u1ef1 ki\u1ec7n v\u00e0o ng\u00e0y 25 th\u00e1ng 6, ch\u00fang t\u00f4i c\u0169ng s\u1ebd k\u1ef7 ni\u1ec7m s\u1ef1 ph\u1ee5c v\u1ee5 c\u1ee7a c\u00e1c Th\u01b0\u1ee3ng ngh\u1ecb s\u0129 Bolz, Crawford, Howard, Kolowski v\u00e0 Quick. Ch\u00fang t\u00f4i kh\u00f4ng c\u00f3 c\u01a1 h\u1ed9i \u0111\u1ec3 l\u00e0m nh\u01b0 v\u1eady v\u00ec ch\u00fang t\u00f4i \u0111\u00e3 kh\u00f4ng t\u1ed5 ch\u1ee9c s\u1ef1 ki\u1ec7n v\u00e0o n\u0103m 2020 v\u00e0 2021 do COVID. <\/span><span style=\"font-weight: 400;\">\u00a0<strong><a href=\"https:\/\/secure.actblue.com\/donate\/salute2022\">Nh\u1eadn v\u00e9 c\u1ee7a b\u1ea1n ngay h\u00f4m nay!<\/a><\/strong><\/span><\/p>\n<p><span style=\"font-weight: 400;\"><strong>T\u00e0i tr\u1ee3 b\u1ea3ng:<\/strong> T\u00e0i tr\u1ee3 b\u00e0n d\u00e0nh cho 10 ng\u01b0\u1eddi m\u1ed7i b\u00e0n - nh\u01b0 nh\u1eefng n\u0103m tr\u01b0\u1edbc, 2 trong s\u1ed1 nh\u1eefng gh\u1ebf \u0111\u00f3 \u0111\u01b0\u1ee3c d\u00e0nh cho m\u1ed9t Th\u01b0\u1ee3ng ngh\u1ecb s\u0129 v\u00e0 kh\u00e1ch c\u1ee7a Th\u01b0\u1ee3ng ngh\u1ecb s\u0129. <\/span><span style=\"font-weight: 400;\">N\u1ebfu b\u1ea1n mua m\u1ed9t kho\u1ea3n t\u00e0i tr\u1ee3 tr\u01b0\u1edbc ng\u00e0y 31 th\u00e1ng 12 n\u0103m 2021, b\u1ea1n c\u0169ng s\u1ebd c\u00f3 \u0111\u01b0\u1ee3c m\u1ed9t c\u1ef1u Th\u01b0\u1ee3ng ngh\u1ecb s\u0129 Ti\u1ec3u bang ng\u1ed3i c\u00f9ng b\u00e0n v\u1edbi b\u1ea1n.\u00a0<\/span><span style=\"font-weight: 400;\">Sau khi b\u1ea1n \u0111\u00f3ng g\u00f3p, nh\u00f3m NDP s\u1ebd li\u00ean h\u1ec7 v\u1edbi b\u1ea1n v\u1ec1 danh s\u00e1ch kh\u00e1ch m\u1eddi v\u00e0 s\u1edf th\u00edch Th\u01b0\u1ee3ng ngh\u1ecb s\u0129 c\u1ee7a b\u1ea1n (n\u1ebfu \u1edf m\u1ee9c $2.500 c\u1ea5p cao h\u01a1n).<\/span><\/p>\n<ul>\n<li style=\"list-style-type: none;\">\n<ul>\n<li style=\"font-weight: 400;\" aria-level=\"1\"><span style=\"font-weight: 400;\"><span style=\"font-weight: 400;\"><span style=\"font-weight: 400;\">V\u00e9 C\u00e1 nh\u00e2n l\u00e0 $50 Dems tr\u1ebb, $100 Th\u00e0nh vi\u00ean SCC v\u00e0 $200 Kh\u00e1ch VIP<\/span><\/span><\/span><\/li>\n<\/ul>\n<\/li>\n<\/ul>\n<ul>\n<li style=\"list-style-type: none;\">\n<ul>\n<li style=\"font-weight: 400;\" aria-level=\"1\"><strong>Nh\u00e0 t\u00e0i tr\u1ee3 ph\u00e2n gi\u1ea3i, $1,500<\/strong>\n<ul>\n<li style=\"font-weight: 400;\" aria-level=\"2\"><span style=\"font-weight: 400;\">M\u1ed9t b\u00e0n cho 10 ng\u01b0\u1eddi (<\/span><b><i>kh\u00f4ng c\u00f3 Th\u01b0\u1ee3ng ngh\u1ecb s\u0129 \u0111\u01b0\u1ee3c ch\u1ec9 \u0111\u1ecbnh<\/i><\/b><span style=\"font-weight: 400;\"> v\u00e0o b\u1ea3ng c\u1ee7a b\u1ea1n \u1edf c\u1ea5p \u0111\u1ed9 n\u00e0y).<\/span><\/li>\n<li style=\"font-weight: 400;\" aria-level=\"2\"><span style=\"font-weight: 400;\"><span style=\"font-weight: 400;\"><span style=\"font-weight: 400;\">Ghi nh\u1eadn trong ch\u01b0\u01a1ng tr\u00ecnh in v\u00e0 tr\u1ef1c tuy\u1ebfn.<\/span><\/span><\/span><\/li>\n<\/ul>\n<\/li>\n<\/ul>\n<\/li>\n<\/ul>\n<ul>\n<li style=\"list-style-type: none;\">\n<ul>\n<li style=\"font-weight: 400;\" aria-level=\"1\"><strong>Nh\u00e0 t\u00e0i tr\u1ee3 h\u00f3a \u0111\u01a1n, $2,500<\/strong>\n<ul>\n<li style=\"font-weight: 400;\" aria-level=\"2\"><span style=\"font-weight: 400;\">M\u1ed9t b\u00e0n cho 10 ng\u01b0\u1eddi (2 gh\u1ebf cho Th\u01b0\u1ee3ng ngh\u1ecb s\u0129 v\u00e0 kh\u00e1ch c\u1ee7a h\u1ecd).<\/span><\/li>\n<li style=\"font-weight: 400;\" aria-level=\"2\"><span style=\"font-weight: 400;\">Ghi nh\u1eadn trong ch\u01b0\u01a1ng tr\u00ecnh in v\u00e0 tr\u1ef1c tuy\u1ebfn.<\/span><\/li>\n<li style=\"font-weight: 400;\" aria-level=\"2\"><span style=\"font-weight: 400;\">M\u1ed9t chai r\u01b0\u1ee3u vang v\u00e0 m\u1ed9t b\u00ecnh pha \u0111\u1ed3 u\u1ed1ng \u0111\u1eb7c bi\u1ec7t tr\u00ean b\u00e0n c\u1ee7a b\u1ea1n.<\/span><\/li>\n<li aria-level=\"2\">Ch\u1ecdn m\u1ed9t Th\u01b0\u1ee3ng ngh\u1ecb s\u0129 \u0111\u1ec3 ng\u1ed3i v\u00e0o b\u00e0n c\u1ee7a b\u1ea1n.<\/li>\n<\/ul>\n<\/li>\n<\/ul>\n<\/li>\n<\/ul>\n<ul>\n<li style=\"list-style-type: none;\">\n<ul>\n<li style=\"font-weight: 400;\" aria-level=\"1\"><strong>Nh\u00e0 t\u00e0i tr\u1ee3 Lu\u1eadt, $5,000<\/strong>\n<ul>\n<li style=\"font-weight: 400;\" aria-level=\"2\"><span style=\"font-weight: 400;\">Hai b\u00e0n cho 10 ng\u01b0\u1eddi m\u1ed7i b\u00e0n (2 gh\u1ebf cho Th\u01b0\u1ee3ng ngh\u1ecb s\u0129 v\u00e0 kh\u00e1ch c\u1ee7a h\u1ecd).<\/span><\/li>\n<li style=\"font-weight: 400;\" aria-level=\"2\"><span style=\"font-weight: 400;\">Ghi nh\u1eadn trong ch\u01b0\u01a1ng tr\u00ecnh in v\u00e0 tr\u1ef1c tuy\u1ebfn.<\/span><\/li>\n<li style=\"font-weight: 400;\" aria-level=\"2\"><span style=\"font-weight: 400;\">M\u1ed9t chai r\u01b0\u1ee3u vang v\u00e0 m\u1ed9t b\u00ecnh pha \u0111\u1ed3 u\u1ed1ng \u0111\u1eb7c bi\u1ec7t \u1edf m\u1ed7i b\u00e0n c\u1ee7a b\u1ea1n.<\/span><\/li>\n<li style=\"font-weight: 400;\" aria-level=\"2\"><span style=\"font-weight: 400;\">Bi\u1ec3u t\u01b0\u1ee3ng c\u1ee7a b\u1ea1n tr\u00ean t\u1ea5t c\u1ea3 c\u00e1c ph\u1ea7n trung t\u00e2m c\u1ee7a b\u1ea3ng (n\u1ebfu b\u1ea1n ch\u1ecdn).<\/span><\/li>\n<li aria-level=\"2\">Ch\u1ecdn 2 Th\u01b0\u1ee3ng ngh\u1ecb s\u0129 \u0111\u1ec3 ng\u1ed3i v\u00e0o b\u00e0n c\u1ee7a b\u1ea1n.<\/li>\n<\/ul>\n<\/li>\n<\/ul>\n<\/li>\n<\/ul>\n<ul>\n<li style=\"list-style-type: none;\">\n<ul>\n<li aria-level=\"2\"><strong>L\u00e3nh \u0111\u1ea1o c\u1ee7a nh\u00e0 t\u00e0i tr\u1ee3 g\u00f3i, $10.000<\/strong>\n<ul>\n<li style=\"font-weight: 400;\" aria-level=\"2\"><span style=\"font-weight: 400;\">NDP s\u1ebd \u0111i\u1ec1u ch\u1ec9nh m\u1ed9t g\u00f3i t\u00e0i tr\u1ee3 v\u1edbi nh\u00f3m c\u1ee7a b\u1ea1n, bao g\u1ed3m, n\u1ebfu b\u1ea1n ch\u1ecdn, kh\u1ea3 n\u0103ng n\u00f3i m\u1ed9t v\u00e0i t\u1eeb trong su\u1ed1t ch\u01b0\u01a1ng tr\u00ecnh.<\/span><\/li>\n<\/ul>\n<\/li>\n<\/ul>\n<\/li>\n<\/ul>\n<p><b>Quy\u00ean g\u00f3p: <\/b><span style=\"font-weight: 400;\">B\u1ea1n c\u00f3 th\u1ec3 mua <a href=\"https:\/\/secure.actblue.com\/donate\/salute2022\">v\u00e9 ho\u1eb7c b\u00e0n<\/a> tr\u1ef1c tuy\u1ebfn ho\u1eb7c th\u00f4ng qua s\u00e9c.<\/span><\/p>\n<ul>\n<li style=\"font-weight: 400;\" aria-level=\"1\"><b>Quy\u00ean g\u00f3p Tr\u1ef1c tuy\u1ebfn: <\/b><a href=\"https:\/\/secure.actblue.com\/donate\/salute2022\">https:\/\/secure.actblue.com\/donate\/salute2022<\/a><\/li>\n<li style=\"font-weight: 400;\" aria-level=\"1\"><b>Quy\u00ean g\u00f3p qua th\u01b0:<\/b><span style=\"font-weight: 400;\"> NDP, 3701 O Street #200, Lincoln, NE 68510 (<\/span><span style=\"font-weight: 400;\">thanh to\u00e1n s\u00e9c cho NDP)<\/span><\/li>\n<\/ul>\n<p><b>C\u00e2u h\u1ecfi: <\/b><span style=\"font-weight: 400;\">N\u1ebfu b\u1ea1n mu\u1ed1n th\u1ea3o lu\u1eadn v\u1ec1 c\u00e1c t\u00f9y ch\u1ecdn n\u00e0y ho\u1eb7c c\u00f3 c\u00e2u h\u1ecfi, vui l\u00f2ng g\u1eedi email <a href=\"mailto:info@nebraskademocrats.org\">info@nebraskademocrats.org<\/a>.\u00a0<\/span><\/p>","protected":false},"excerpt":{"rendered":"<p>Join us for our annual Salute to State Senators event with the Nebraska Democratic Party and our Democratic State Senators. June 25, 2022 5 to 8 p.m. CT Lincoln Zoo Purchase a table or ticket today! In addition to the current State Senators that we will honor at the event on June 25, we will &#8230; <a title=\"2022 Ch\u00e0o c\u00e1c Th\u01b0\u1ee3ng ngh\u1ecb s\u0129 Ti\u1ec3u bang\" class=\"read-more\" href=\"https:\/\/nebraskademocrats.org\/vi\/2022-salute-to-state-senators\/\" aria-label=\"More on 2022 Salute to State Senators\">\u0110\u1ecdc th\u00eam<\/a><\/p>","protected":false},"author":19,"featured_media":0,"parent":0,"menu_order":0,"comment_status":"closed","ping_status":"closed","template":"","meta":{"_acf_changed":false,"_exactmetrics_skip_tracking":false,"_exactmetrics_sitenote_active":false,"_exactmetrics_sitenote_note":"","_exactmetrics_sitenote_category":0,"footnotes":""},"class_list":["post-34883","page","type-page","status-publish"],"acf":[],"yoast_head":"<!-- This site is optimized with the Yoast SEO plugin v27.1.1 - https:\/\/yoast.com\/product\/yoast-seo-wordpress\/ -->\n<title>2022 Salute to State Senators &#8211; Nebraska Democratic Party<\/title>\n<meta name=\"robots\" content=\"index, follow, max-snippet:-1, max-image-preview:large, max-video-preview:-1\" \/>\n<link rel=\"canonical\" href=\"https:\/\/nebraskademocrats.org\/vi\/2022-salute-to-state-senators\/\" \/>\n<meta property=\"og:locale\" content=\"vi_VN\" \/>\n<meta property=\"og:type\" content=\"article\" \/>\n<meta property=\"og:title\" content=\"2022 Salute to State Senators &#8211; Nebraska Democratic Party\" \/>\n<meta property=\"og:description\" content=\"Join us for our annual Salute to State Senators event with the Nebraska Democratic Party and our Democratic State Senators. June 25, 2022 5 to 8 p.m. CT Lincoln Zoo Purchase a table or ticket today! In addition to the current State Senators that we will honor at the event on June 25, we will ... Read more\" \/>\n<meta property=\"og:url\" content=\"https:\/\/nebraskademocrats.org\/vi\/2022-salute-to-state-senators\/\" \/>\n<meta property=\"og:site_name\" content=\"Nebraska Democratic Party\" \/>\n<meta property=\"article:publisher\" content=\"https:\/\/www.facebook.com\/NebraskaDemocraticParty\/\" \/>\n<meta property=\"article:modified_time\" content=\"2022-02-25T20:30:19+00:00\" \/>\n<meta property=\"og:image\" content=\"https:\/\/nebraskadem.wpenginepowered.com\/wp-content\/uploads\/2022\/02\/NEBDEMS_Salute-to-Senators-SQ-1024x1024.png\" \/>\n<meta name=\"twitter:card\" content=\"summary_large_image\" \/>\n<meta name=\"twitter:site\" content=\"@nebraskadems\" \/>\n<meta name=\"twitter:label1\" content=\"\u01af\u1edbc t\u00ednh th\u1eddi gian \u0111\u1ecdc\" \/>\n\t<meta name=\"twitter:data1\" content=\"3 ph\u00fat\" \/>\n<script type=\"application\/ld+json\" class=\"yoast-schema-graph\">{\"@context\":\"https:\/\/schema.org\",\"@graph\":[{\"@type\":\"WebPage\",\"@id\":\"https:\/\/nebraskademocrats.org\/su\/2022-salute-to-state-senators\/\",\"url\":\"https:\/\/nebraskademocrats.org\/su\/2022-salute-to-state-senators\/\",\"name\":\"2022 Salute to State Senators &#8211; Nebraska Democratic Party\",\"isPartOf\":{\"@id\":\"https:\/\/nebraskademocrats.org\/#website\"},\"primaryImageOfPage\":{\"@id\":\"https:\/\/nebraskademocrats.org\/su\/2022-salute-to-state-senators\/#primaryimage\"},\"image\":{\"@id\":\"https:\/\/nebraskademocrats.org\/su\/2022-salute-to-state-senators\/#primaryimage\"},\"thumbnailUrl\":\"https:\/\/nebraskadem.wpenginepowered.com\/wp-content\/uploads\/2022\/02\/NEBDEMS_Salute-to-Senators-SQ-1024x1024.png\",\"datePublished\":\"2021-10-15T18:06:58+00:00\",\"dateModified\":\"2022-02-25T20:30:19+00:00\",\"breadcrumb\":{\"@id\":\"https:\/\/nebraskademocrats.org\/su\/2022-salute-to-state-senators\/#breadcrumb\"},\"inLanguage\":\"vi\",\"potentialAction\":[{\"@type\":\"ReadAction\",\"target\":[\"https:\/\/nebraskademocrats.org\/su\/2022-salute-to-state-senators\/\"]}]},{\"@type\":\"ImageObject\",\"inLanguage\":\"vi\",\"@id\":\"https:\/\/nebraskademocrats.org\/su\/2022-salute-to-state-senators\/#primaryimage\",\"url\":\"https:\/\/nebraskadem.wpenginepowered.com\/wp-content\/uploads\/2022\/02\/NEBDEMS_Salute-to-Senators-SQ-1024x1024.png\",\"contentUrl\":\"https:\/\/nebraskadem.wpenginepowered.com\/wp-content\/uploads\/2022\/02\/NEBDEMS_Salute-to-Senators-SQ-1024x1024.png\"},{\"@type\":\"BreadcrumbList\",\"@id\":\"https:\/\/nebraskademocrats.org\/su\/2022-salute-to-state-senators\/#breadcrumb\",\"itemListElement\":[{\"@type\":\"ListItem\",\"position\":1,\"name\":\"Home\",\"item\":\"https:\/\/nebraskademocrats.org\/\"},{\"@type\":\"ListItem\",\"position\":2,\"name\":\"2022 Salute to State Senators\"}]},{\"@type\":\"WebSite\",\"@id\":\"https:\/\/nebraskademocrats.org\/#website\",\"url\":\"https:\/\/nebraskademocrats.org\/\",\"name\":\"Nebraska Democratic Party\",\"description\":\"Growing the Good Life for All Nebraskans\",\"publisher\":{\"@id\":\"https:\/\/nebraskademocrats.org\/#organization\"},\"potentialAction\":[{\"@type\":\"SearchAction\",\"target\":{\"@type\":\"EntryPoint\",\"urlTemplate\":\"https:\/\/nebraskademocrats.org\/?s={search_term_string}\"},\"query-input\":{\"@type\":\"PropertyValueSpecification\",\"valueRequired\":true,\"valueName\":\"search_term_string\"}}],\"inLanguage\":\"vi\"},{\"@type\":\"Organization\",\"@id\":\"https:\/\/nebraskademocrats.org\/#organization\",\"name\":\"Nebraska Democratic Party\",\"url\":\"https:\/\/nebraskademocrats.org\/\",\"logo\":{\"@type\":\"ImageObject\",\"inLanguage\":\"vi\",\"@id\":\"https:\/\/nebraskademocrats.org\/#\/schema\/logo\/image\/\",\"url\":\"https:\/\/nebraskadem.wpenginepowered.com\/wp-content\/uploads\/2016\/05\/NDP2.jpg\",\"contentUrl\":\"https:\/\/nebraskadem.wpenginepowered.com\/wp-content\/uploads\/2016\/05\/NDP2.jpg\",\"width\":1000,\"height\":396,\"caption\":\"Nebraska Democratic Party\"},\"image\":{\"@id\":\"https:\/\/nebraskademocrats.org\/#\/schema\/logo\/image\/\"},\"sameAs\":[\"https:\/\/www.facebook.com\/NebraskaDemocraticParty\/\",\"https:\/\/x.com\/nebraskadems\"]}]}<\/script>\n<!-- \/ Yoast SEO plugin. -->","yoast_head_json":{"title":"2022 Salute to State Senators &#8211; Nebraska Democratic Party","robots":{"index":"index","follow":"follow","max-snippet":"max-snippet:-1","max-image-preview":"max-image-preview:large","max-video-preview":"max-video-preview:-1"},"canonical":"https:\/\/nebraskademocrats.org\/vi\/2022-salute-to-state-senators\/","og_locale":"vi_VN","og_type":"article","og_title":"2022 Salute to State Senators &#8211; Nebraska Democratic Party","og_description":"Join us for our annual Salute to State Senators event with the Nebraska Democratic Party and our Democratic State Senators. June 25, 2022 5 to 8 p.m. CT Lincoln Zoo Purchase a table or ticket today! In addition to the current State Senators that we will honor at the event on June 25, we will ... Read more","og_url":"https:\/\/nebraskademocrats.org\/vi\/2022-salute-to-state-senators\/","og_site_name":"Nebraska Democratic Party","article_publisher":"https:\/\/www.facebook.com\/NebraskaDemocraticParty\/","article_modified_time":"2022-02-25T20:30:19+00:00","og_image":[{"url":"https:\/\/nebraskadem.wpenginepowered.com\/wp-content\/uploads\/2022\/02\/NEBDEMS_Salute-to-Senators-SQ-1024x1024.png","type":"","width":"","height":""}],"twitter_card":"summary_large_image","twitter_site":"@nebraskadems","twitter_misc":{"\u01af\u1edbc t\u00ednh th\u1eddi gian \u0111\u1ecdc":"3 ph\u00fat"},"schema":{"@context":"https:\/\/schema.org","@graph":[{"@type":"WebPage","@id":"https:\/\/nebraskademocrats.org\/su\/2022-salute-to-state-senators\/","url":"https:\/\/nebraskademocrats.org\/su\/2022-salute-to-state-senators\/","name":"2022 Salute to State Senators &#8211; Nebraska Democratic Party","isPartOf":{"@id":"https:\/\/nebraskademocrats.org\/#website"},"primaryImageOfPage":{"@id":"https:\/\/nebraskademocrats.org\/su\/2022-salute-to-state-senators\/#primaryimage"},"image":{"@id":"https:\/\/nebraskademocrats.org\/su\/2022-salute-to-state-senators\/#primaryimage"},"thumbnailUrl":"https:\/\/nebraskadem.wpenginepowered.com\/wp-content\/uploads\/2022\/02\/NEBDEMS_Salute-to-Senators-SQ-1024x1024.png","datePublished":"2021-10-15T18:06:58+00:00","dateModified":"2022-02-25T20:30:19+00:00","breadcrumb":{"@id":"https:\/\/nebraskademocrats.org\/su\/2022-salute-to-state-senators\/#breadcrumb"},"inLanguage":"vi","potentialAction":[{"@type":"ReadAction","target":["https:\/\/nebraskademocrats.org\/su\/2022-salute-to-state-senators\/"]}]},{"@type":"ImageObject","inLanguage":"vi","@id":"https:\/\/nebraskademocrats.org\/su\/2022-salute-to-state-senators\/#primaryimage","url":"https:\/\/nebraskadem.wpenginepowered.com\/wp-content\/uploads\/2022\/02\/NEBDEMS_Salute-to-Senators-SQ-1024x1024.png","contentUrl":"https:\/\/nebraskadem.wpenginepowered.com\/wp-content\/uploads\/2022\/02\/NEBDEMS_Salute-to-Senators-SQ-1024x1024.png"},{"@type":"BreadcrumbList","@id":"https:\/\/nebraskademocrats.org\/su\/2022-salute-to-state-senators\/#breadcrumb","itemListElement":[{"@type":"ListItem","position":1,"name":"Home","item":"https:\/\/nebraskademocrats.org\/"},{"@type":"ListItem","position":2,"name":"2022 Salute to State Senators"}]},{"@type":"WebSite","@id":"https:\/\/nebraskademocrats.org\/#website","url":"https:\/\/nebraskademocrats.org\/","name":"Nebraska Democratic Party","description":"Ph\u00e1t tri\u1ec3n cu\u1ed9c s\u1ed1ng t\u1ed1t \u0111\u1eb9p cho t\u1ea5t c\u1ea3 Nebraskans","publisher":{"@id":"https:\/\/nebraskademocrats.org\/#organization"},"potentialAction":[{"@type":"SearchAction","target":{"@type":"EntryPoint","urlTemplate":"https:\/\/nebraskademocrats.org\/?s={search_term_string}"},"query-input":{"@type":"PropertyValueSpecification","valueRequired":true,"valueName":"search_term_string"}}],"inLanguage":"vi"},{"@type":"Organization","@id":"https:\/\/nebraskademocrats.org\/#organization","name":"Nebraska Democratic Party","url":"https:\/\/nebraskademocrats.org\/","logo":{"@type":"ImageObject","inLanguage":"vi","@id":"https:\/\/nebraskademocrats.org\/#\/schema\/logo\/image\/","url":"https:\/\/nebraskadem.wpenginepowered.com\/wp-content\/uploads\/2016\/05\/NDP2.jpg","contentUrl":"https:\/\/nebraskadem.wpenginepowered.com\/wp-content\/uploads\/2016\/05\/NDP2.jpg","width":1000,"height":396,"caption":"Nebraska Democratic Party"},"image":{"@id":"https:\/\/nebraskademocrats.org\/#\/schema\/logo\/image\/"},"sameAs":["https:\/\/www.facebook.com\/NebraskaDemocraticParty\/","https:\/\/x.com\/nebraskadems"]}]}},"_links":{"self":[{"href":"https:\/\/nebraskademocrats.org\/vi\/wp-json\/wp\/v2\/pages\/34883","targetHints":{"allow":["GET"]}}],"collection":[{"href":"https:\/\/nebraskademocrats.org\/vi\/wp-json\/wp\/v2\/pages"}],"about":[{"href":"https:\/\/nebraskademocrats.org\/vi\/wp-json\/wp\/v2\/types\/page"}],"author":[{"embeddable":true,"href":"https:\/\/nebraskademocrats.org\/vi\/wp-json\/wp\/v2\/users\/19"}],"replies":[{"embeddable":true,"href":"https:\/\/nebraskademocrats.org\/vi\/wp-json\/wp\/v2\/comments?post=34883"}],"version-history":[{"count":0,"href":"https:\/\/nebraskademocrats.org\/vi\/wp-json\/wp\/v2\/pages\/34883\/revisions"}],"wp:attachment":[{"href":"https:\/\/nebraskademocrats.org\/vi\/wp-json\/wp\/v2\/media?parent=34883"}],"curies":[{"name":"wp","href":"https:\/\/api.w.org\/{rel}","templated":true}]}}