{"id":34910,"date":"2021-10-19T12:32:50","date_gmt":"2021-10-19T17:32:50","guid":{"rendered":"https:\/\/nebraskadem.wpenginepowered.com\/?page_id=34910"},"modified":"2021-10-29T13:31:35","modified_gmt":"2021-10-29T18:31:35","slug":"blood-drives-across-nebraska","status":"publish","type":"page","link":"https:\/\/nebraskademocrats.org\/vi\/blood-drives-across-nebraska\/","title":{"rendered":"Blood Drives\u2026 xuy\u00ean Nebraska"},"content":{"rendered":"<p><img fetchpriority=\"high\" decoding=\"async\" class=\"wp-image-34944 aligncenter\" src=\"https:\/\/nebraskadem.wpenginepowered.com\/wp-content\/uploads\/2021\/10\/Blood-drive-even-1024x536.png\" alt=\"\" width=\"415\" height=\"217\" srcset=\"https:\/\/nebraskademocrats.org\/wp-content\/uploads\/2021\/10\/Blood-drive-even-1024x536.png 1024w, https:\/\/nebraskademocrats.org\/wp-content\/uploads\/2021\/10\/Blood-drive-even-300x157.png 300w, https:\/\/nebraskademocrats.org\/wp-content\/uploads\/2021\/10\/Blood-drive-even-768x402.png 768w, https:\/\/nebraskademocrats.org\/wp-content\/uploads\/2021\/10\/Blood-drive-even-1536x804.png 1536w, https:\/\/nebraskademocrats.org\/wp-content\/uploads\/2021\/10\/Blood-drive-even-18x9.png 18w, https:\/\/nebraskademocrats.org\/wp-content\/uploads\/2021\/10\/Blood-drive-even.png 1920w\" sizes=\"(max-width: 415px) 100vw, 415px\" \/><\/p>\n<p>Tham gia c\u00f9ng Th\u01b0\u1ee3ng ngh\u1ecb s\u0129 Carol Blood v\u00e0 Ch\u1ee7 t\u1ecbch NDP Jane Kleeb khi h\u1ecd l\u00e1i xe qua Nebraska cho <a href=\"https:\/\/www.electcarolblood.com\/\">Chi\u1ebfn d\u1ecbch gubernatorial c\u1ee7a Blood.<\/a><\/p>\n<p>Chuy\u1ebfn xe b\u1eaft \u0111\u1ea7u v\u00e0o ng\u00e0y 3 th\u00e1ng 11 v\u00e0 k\u1ebft th\u00fac v\u00e0o ng\u00e0y 5 th\u00e1ng 11, v\u1edbi c\u00e1c \u0111i\u1ec3m d\u1eebng d\u1ef1 ki\u1ebfn \u1edf Kearney, North Platte, Ogallala, Scottsbluff, Hastings v\u00e0 York.<\/p>\n<p><strong>Ng\u00e0y 3 th\u00e1ng 11:<\/strong> <a href=\"https:\/\/www.mobilize.us\/nebdems\/event\/422914\/\"><span class=\"mbz-typography-inner-wrapper css-12mhkid e1spt5vp1\">M\u00e1u truy\u1ec1n kh\u1eafp Nebraska - S\u1ef1 ki\u1ec7n Kearney<\/span><\/a><br \/>\n3:30 \u0111\u1ebfn 4:30 chi\u1ec1u gi\u1edd CT. <span data-sheets-value=\"{&quot;1&quot;:2,&quot;2&quot;:&quot;Kearney Public Library&quot;}\" data-sheets-userformat=\"{&quot;2&quot;:771,&quot;3&quot;:{&quot;1&quot;:0},&quot;4&quot;:{&quot;1&quot;:2,&quot;2&quot;:13689059},&quot;11&quot;:4,&quot;12&quot;:0}\">Th\u01b0 vi\u1ec7n C\u00f4ng c\u1ed9ng Kearney, 2020 1st Ave.<\/span><\/p>\n<p><strong>Ng\u00e0y 3 th\u00e1ng 11:<\/strong> <a href=\"https:\/\/www.mobilize.us\/nebdems\/event\/423134\/\">M\u00e1u truy\u1ec1n kh\u1eafp Nebraska - S\u1ef1 ki\u1ec7n North Platte<\/a><br \/>\n6:30 \u0111\u1ebfn 7:30 t\u1ed1i CT. <span data-sheets-value=\"{&quot;1&quot;:2,&quot;2&quot;:&quot;Wild Bill's Bowling Alley&quot;}\" data-sheets-userformat=\"{&quot;2&quot;:771,&quot;3&quot;:{&quot;1&quot;:0},&quot;4&quot;:{&quot;1&quot;:2,&quot;2&quot;:13689059},&quot;11&quot;:4,&quot;12&quot;:0}\">Ng\u00f5 ch\u01a1i bowling c\u1ee7a Wild Bill, 1100 S. Jeffers St.<\/span><\/p>\n<p><strong>Ng\u00e0y 4 th\u00e1ng 11:<\/strong> <a href=\"https:\/\/www.mobilize.us\/nebdems\/event\/423829\/\">M\u00e1u truy\u1ec1n kh\u1eafp Nebraska - S\u1ef1 ki\u1ec7n Ogallala<\/a><br \/>\n9 \u0111\u1ebfn 10 gi\u1edd s\u00e1ng gi\u1edd MT. 302 \u0110\u01b0\u1eddng m\u00f2n Oregon Drive<\/p>\n<p><strong>Ng\u00e0y 4 th\u00e1ng 11:\u00a0<\/strong> <a href=\"https:\/\/www.mobilize.us\/nebdems\/event\/411722\/\">Blood Drives kh\u1eafp Nebraska - S\u1ef1 ki\u1ec7n Scottsbluff<\/a><br \/>\n5 \u0111\u1ebfn 7 gi\u1edd t\u1ed1i MT. Nh\u00e0 h\u00e0ng \u00dd c\u1ee7a Sam &amp; Louie, 1522 Broadway<\/p>\n<p><strong>Ng\u00e0y 5 th\u00e1ng 11:<\/strong> <a href=\"https:\/\/www.mobilize.us\/nebdems\/event\/423354\/\">Truy\u1ec1n m\u00e1u kh\u1eafp Nebraska - S\u1ef1 ki\u1ec7n Hastings<\/a><br \/>\n1 \u0111\u1ebfn 2 gi\u1edd chi\u1ec1u CT. Blue Moon Coffee, 635 W 2nd St.<\/p>\n<p><strong>Ng\u00e0y 5 th\u00e1ng 11:<\/strong> <a href=\"https:\/\/www.mobilize.us\/nebdems\/event\/423359\/\">Blood Drives Across Nebraska - York Event<\/a><br \/>\n5 \u0111\u1ebfn 7 gi\u1edd t\u1ed1i CT. <span data-sheets-value=\"{&quot;1&quot;:2,&quot;2&quot;:&quot;Holiday Inn Express&quot;}\" data-sheets-userformat=\"{&quot;2&quot;:771,&quot;3&quot;:{&quot;1&quot;:0},&quot;4&quot;:{&quot;1&quot;:2,&quot;2&quot;:13689059},&quot;11&quot;:4,&quot;12&quot;:0}\">Holiday Inn Express, 4020 S. Grand Ave.<\/span><\/p>","protected":false},"excerpt":{"rendered":"<p>Join Sen. Carol Blood and NDP\u00a0Chair Jane Kleeb\u00a0as they drive across Nebraska for Blood&#8217;s gubernatorial campaign. The drive starts Nov. 3 and ends Nov. 5, with stops scheduled in Kearney, North Platte, Ogallala, Scottsbluff, Hastings and York. Nov. 3: Blood Drives Across Nebraska &#8212; Kearney Event 3:30 to 4:30 p.m. CT. Kearney Public Library, 2020 &#8230; <a title=\"Blood Drives &#8230; across Nebraska\" class=\"read-more\" href=\"https:\/\/nebraskademocrats.org\/vi\/blood-drives-across-nebraska\/\" aria-label=\"More on Blood Drives &#8230; across Nebraska\">\u0110\u1ecdc th\u00eam<\/a><\/p>","protected":false},"author":19,"featured_media":0,"parent":0,"menu_order":0,"comment_status":"closed","ping_status":"closed","template":"","meta":{"_acf_changed":false,"_exactmetrics_skip_tracking":false,"_exactmetrics_sitenote_active":false,"_exactmetrics_sitenote_note":"","_exactmetrics_sitenote_category":0,"footnotes":""},"class_list":["post-34910","page","type-page","status-publish"],"acf":[],"yoast_head":"<!-- This site is optimized with the Yoast SEO plugin v27.4 - https:\/\/yoast.com\/product\/yoast-seo-wordpress\/ -->\n<title>Blood Drives ... across Nebraska &#8211; Nebraska Democratic Party<\/title>\n<meta name=\"robots\" content=\"index, follow, max-snippet:-1, max-image-preview:large, max-video-preview:-1\" \/>\n<link rel=\"canonical\" href=\"https:\/\/nebraskademocrats.org\/vi\/blood-drives-across-nebraska\/\" \/>\n<meta property=\"og:locale\" content=\"vi_VN\" \/>\n<meta property=\"og:type\" content=\"article\" \/>\n<meta property=\"og:title\" content=\"Blood Drives ... across Nebraska &#8211; Nebraska Democratic Party\" \/>\n<meta property=\"og:description\" content=\"Join Sen. Carol Blood and NDP\u00a0Chair Jane Kleeb\u00a0as they drive across Nebraska for Blood&#8217;s gubernatorial campaign. The drive starts Nov. 3 and ends Nov. 5, with stops scheduled in Kearney, North Platte, Ogallala, Scottsbluff, Hastings and York. Nov. 3: Blood Drives Across Nebraska &#8212; Kearney Event 3:30 to 4:30 p.m. CT. Kearney Public Library, 2020 ... Read more\" \/>\n<meta property=\"og:url\" content=\"https:\/\/nebraskademocrats.org\/vi\/blood-drives-across-nebraska\/\" \/>\n<meta property=\"og:site_name\" content=\"Nebraska Democratic Party\" \/>\n<meta property=\"article:publisher\" content=\"https:\/\/www.facebook.com\/NebraskaDemocraticParty\/\" \/>\n<meta property=\"article:modified_time\" content=\"2021-10-29T18:31:35+00:00\" \/>\n<meta property=\"og:image\" content=\"https:\/\/nebraskadem.wpenginepowered.com\/wp-content\/uploads\/2021\/10\/Blood-drive-even-1024x536.png\" \/>\n<meta name=\"twitter:card\" content=\"summary_large_image\" \/>\n<meta name=\"twitter:site\" content=\"@nebraskadems\" \/>\n<meta name=\"twitter:label1\" content=\"\u01af\u1edbc t\u00ednh th\u1eddi gian \u0111\u1ecdc\" \/>\n\t<meta name=\"twitter:data1\" content=\"1 ph\u00fat\" \/>\n<script type=\"application\/ld+json\" class=\"yoast-schema-graph\">{\"@context\":\"https:\\\/\\\/schema.org\",\"@graph\":[{\"@type\":\"WebPage\",\"@id\":\"https:\\\/\\\/nebraskademocrats.org\\\/blood-drives-across-nebraska\\\/\",\"url\":\"https:\\\/\\\/nebraskademocrats.org\\\/blood-drives-across-nebraska\\\/\",\"name\":\"Blood Drives ... across Nebraska &#8211; Nebraska Democratic Party\",\"isPartOf\":{\"@id\":\"https:\\\/\\\/nebraskademocrats.org\\\/#website\"},\"primaryImageOfPage\":{\"@id\":\"https:\\\/\\\/nebraskademocrats.org\\\/blood-drives-across-nebraska\\\/#primaryimage\"},\"image\":{\"@id\":\"https:\\\/\\\/nebraskademocrats.org\\\/blood-drives-across-nebraska\\\/#primaryimage\"},\"thumbnailUrl\":\"https:\\\/\\\/nebraskadem.wpenginepowered.com\\\/wp-content\\\/uploads\\\/2021\\\/10\\\/Blood-drive-even-1024x536.png\",\"datePublished\":\"2021-10-19T17:32:50+00:00\",\"dateModified\":\"2021-10-29T18:31:35+00:00\",\"breadcrumb\":{\"@id\":\"https:\\\/\\\/nebraskademocrats.org\\\/blood-drives-across-nebraska\\\/#breadcrumb\"},\"inLanguage\":\"vi\",\"potentialAction\":[{\"@type\":\"ReadAction\",\"target\":[\"https:\\\/\\\/nebraskademocrats.org\\\/blood-drives-across-nebraska\\\/\"]}]},{\"@type\":\"ImageObject\",\"inLanguage\":\"vi\",\"@id\":\"https:\\\/\\\/nebraskademocrats.org\\\/blood-drives-across-nebraska\\\/#primaryimage\",\"url\":\"https:\\\/\\\/nebraskadem.wpenginepowered.com\\\/wp-content\\\/uploads\\\/2021\\\/10\\\/Blood-drive-even-1024x536.png\",\"contentUrl\":\"https:\\\/\\\/nebraskadem.wpenginepowered.com\\\/wp-content\\\/uploads\\\/2021\\\/10\\\/Blood-drive-even-1024x536.png\"},{\"@type\":\"BreadcrumbList\",\"@id\":\"https:\\\/\\\/nebraskademocrats.org\\\/blood-drives-across-nebraska\\\/#breadcrumb\",\"itemListElement\":[{\"@type\":\"ListItem\",\"position\":1,\"name\":\"Home\",\"item\":\"https:\\\/\\\/nebraskademocrats.org\\\/\"},{\"@type\":\"ListItem\",\"position\":2,\"name\":\"Blood Drives &#8230; across Nebraska\"}]},{\"@type\":\"WebSite\",\"@id\":\"https:\\\/\\\/nebraskademocrats.org\\\/#website\",\"url\":\"https:\\\/\\\/nebraskademocrats.org\\\/\",\"name\":\"Nebraska Democratic Party\",\"description\":\"Growing the Good Life for All Nebraskans\",\"publisher\":{\"@id\":\"https:\\\/\\\/nebraskademocrats.org\\\/#organization\"},\"potentialAction\":[{\"@type\":\"SearchAction\",\"target\":{\"@type\":\"EntryPoint\",\"urlTemplate\":\"https:\\\/\\\/nebraskademocrats.org\\\/?s={search_term_string}\"},\"query-input\":{\"@type\":\"PropertyValueSpecification\",\"valueRequired\":true,\"valueName\":\"search_term_string\"}}],\"inLanguage\":\"vi\"},{\"@type\":\"Organization\",\"@id\":\"https:\\\/\\\/nebraskademocrats.org\\\/#organization\",\"name\":\"Nebraska Democratic Party\",\"url\":\"https:\\\/\\\/nebraskademocrats.org\\\/\",\"logo\":{\"@type\":\"ImageObject\",\"inLanguage\":\"vi\",\"@id\":\"https:\\\/\\\/nebraskademocrats.org\\\/#\\\/schema\\\/logo\\\/image\\\/\",\"url\":\"https:\\\/\\\/nebraskadem.wpenginepowered.com\\\/wp-content\\\/uploads\\\/2016\\\/05\\\/NDP2.jpg\",\"contentUrl\":\"https:\\\/\\\/nebraskadem.wpenginepowered.com\\\/wp-content\\\/uploads\\\/2016\\\/05\\\/NDP2.jpg\",\"width\":1000,\"height\":396,\"caption\":\"Nebraska Democratic Party\"},\"image\":{\"@id\":\"https:\\\/\\\/nebraskademocrats.org\\\/#\\\/schema\\\/logo\\\/image\\\/\"},\"sameAs\":[\"https:\\\/\\\/www.facebook.com\\\/NebraskaDemocraticParty\\\/\",\"https:\\\/\\\/x.com\\\/nebraskadems\"]}]}<\/script>\n<!-- \/ Yoast SEO plugin. -->","yoast_head_json":{"title":"Blood Drives ... across Nebraska &#8211; Nebraska Democratic Party","robots":{"index":"index","follow":"follow","max-snippet":"max-snippet:-1","max-image-preview":"max-image-preview:large","max-video-preview":"max-video-preview:-1"},"canonical":"https:\/\/nebraskademocrats.org\/vi\/blood-drives-across-nebraska\/","og_locale":"vi_VN","og_type":"article","og_title":"Blood Drives ... across Nebraska &#8211; Nebraska Democratic Party","og_description":"Join Sen. Carol Blood and NDP\u00a0Chair Jane Kleeb\u00a0as they drive across Nebraska for Blood&#8217;s gubernatorial campaign. The drive starts Nov. 3 and ends Nov. 5, with stops scheduled in Kearney, North Platte, Ogallala, Scottsbluff, Hastings and York. Nov. 3: Blood Drives Across Nebraska &#8212; Kearney Event 3:30 to 4:30 p.m. CT. Kearney Public Library, 2020 ... Read more","og_url":"https:\/\/nebraskademocrats.org\/vi\/blood-drives-across-nebraska\/","og_site_name":"Nebraska Democratic Party","article_publisher":"https:\/\/www.facebook.com\/NebraskaDemocraticParty\/","article_modified_time":"2021-10-29T18:31:35+00:00","og_image":[{"url":"https:\/\/nebraskadem.wpenginepowered.com\/wp-content\/uploads\/2021\/10\/Blood-drive-even-1024x536.png","type":"","width":"","height":""}],"twitter_card":"summary_large_image","twitter_site":"@nebraskadems","twitter_misc":{"\u01af\u1edbc t\u00ednh th\u1eddi gian \u0111\u1ecdc":"1 ph\u00fat"},"schema":{"@context":"https:\/\/schema.org","@graph":[{"@type":"WebPage","@id":"https:\/\/nebraskademocrats.org\/blood-drives-across-nebraska\/","url":"https:\/\/nebraskademocrats.org\/blood-drives-across-nebraska\/","name":"Blood Drives ... across Nebraska &#8211; Nebraska Democratic Party","isPartOf":{"@id":"https:\/\/nebraskademocrats.org\/#website"},"primaryImageOfPage":{"@id":"https:\/\/nebraskademocrats.org\/blood-drives-across-nebraska\/#primaryimage"},"image":{"@id":"https:\/\/nebraskademocrats.org\/blood-drives-across-nebraska\/#primaryimage"},"thumbnailUrl":"https:\/\/nebraskadem.wpenginepowered.com\/wp-content\/uploads\/2021\/10\/Blood-drive-even-1024x536.png","datePublished":"2021-10-19T17:32:50+00:00","dateModified":"2021-10-29T18:31:35+00:00","breadcrumb":{"@id":"https:\/\/nebraskademocrats.org\/blood-drives-across-nebraska\/#breadcrumb"},"inLanguage":"vi","potentialAction":[{"@type":"ReadAction","target":["https:\/\/nebraskademocrats.org\/blood-drives-across-nebraska\/"]}]},{"@type":"ImageObject","inLanguage":"vi","@id":"https:\/\/nebraskademocrats.org\/blood-drives-across-nebraska\/#primaryimage","url":"https:\/\/nebraskadem.wpenginepowered.com\/wp-content\/uploads\/2021\/10\/Blood-drive-even-1024x536.png","contentUrl":"https:\/\/nebraskadem.wpenginepowered.com\/wp-content\/uploads\/2021\/10\/Blood-drive-even-1024x536.png"},{"@type":"BreadcrumbList","@id":"https:\/\/nebraskademocrats.org\/blood-drives-across-nebraska\/#breadcrumb","itemListElement":[{"@type":"ListItem","position":1,"name":"Home","item":"https:\/\/nebraskademocrats.org\/"},{"@type":"ListItem","position":2,"name":"Blood Drives &#8230; across Nebraska"}]},{"@type":"WebSite","@id":"https:\/\/nebraskademocrats.org\/#website","url":"https:\/\/nebraskademocrats.org\/","name":"Nebraska Democratic Party","description":"Ph\u00e1t tri\u1ec3n cu\u1ed9c s\u1ed1ng t\u1ed1t \u0111\u1eb9p cho t\u1ea5t c\u1ea3 Nebraskans","publisher":{"@id":"https:\/\/nebraskademocrats.org\/#organization"},"potentialAction":[{"@type":"SearchAction","target":{"@type":"EntryPoint","urlTemplate":"https:\/\/nebraskademocrats.org\/?s={search_term_string}"},"query-input":{"@type":"PropertyValueSpecification","valueRequired":true,"valueName":"search_term_string"}}],"inLanguage":"vi"},{"@type":"Organization","@id":"https:\/\/nebraskademocrats.org\/#organization","name":"Nebraska Democratic Party","url":"https:\/\/nebraskademocrats.org\/","logo":{"@type":"ImageObject","inLanguage":"vi","@id":"https:\/\/nebraskademocrats.org\/#\/schema\/logo\/image\/","url":"https:\/\/nebraskadem.wpenginepowered.com\/wp-content\/uploads\/2016\/05\/NDP2.jpg","contentUrl":"https:\/\/nebraskadem.wpenginepowered.com\/wp-content\/uploads\/2016\/05\/NDP2.jpg","width":1000,"height":396,"caption":"Nebraska Democratic Party"},"image":{"@id":"https:\/\/nebraskademocrats.org\/#\/schema\/logo\/image\/"},"sameAs":["https:\/\/www.facebook.com\/NebraskaDemocraticParty\/","https:\/\/x.com\/nebraskadems"]}]}},"_links":{"self":[{"href":"https:\/\/nebraskademocrats.org\/vi\/wp-json\/wp\/v2\/pages\/34910","targetHints":{"allow":["GET"]}}],"collection":[{"href":"https:\/\/nebraskademocrats.org\/vi\/wp-json\/wp\/v2\/pages"}],"about":[{"href":"https:\/\/nebraskademocrats.org\/vi\/wp-json\/wp\/v2\/types\/page"}],"author":[{"embeddable":true,"href":"https:\/\/nebraskademocrats.org\/vi\/wp-json\/wp\/v2\/users\/19"}],"replies":[{"embeddable":true,"href":"https:\/\/nebraskademocrats.org\/vi\/wp-json\/wp\/v2\/comments?post=34910"}],"version-history":[{"count":0,"href":"https:\/\/nebraskademocrats.org\/vi\/wp-json\/wp\/v2\/pages\/34910\/revisions"}],"wp:attachment":[{"href":"https:\/\/nebraskademocrats.org\/vi\/wp-json\/wp\/v2\/media?parent=34910"}],"curies":[{"name":"wp","href":"https:\/\/api.w.org\/{rel}","templated":true}]}}