{"id":35447,"date":"2021-12-03T12:10:40","date_gmt":"2021-12-03T18:10:40","guid":{"rendered":"https:\/\/nebraskadem.wpenginepowered.com\/?page_id=35447"},"modified":"2022-04-06T16:25:34","modified_gmt":"2022-04-06T21:25:34","slug":"gop-lies","status":"publish","type":"page","link":"https:\/\/nebraskademocrats.org\/vi\/gop-lies\/","title":{"rendered":"GOP DANH S\u00c1CH"},"content":{"rendered":"<p><span style=\"font-weight: 400;\"><img fetchpriority=\"high\" decoding=\"async\" class=\"alignnone size-large wp-image-35448\" src=\"https:\/\/nebraskadem.wpenginepowered.com\/wp-content\/uploads\/2021\/12\/ezgif-2-7e99f8328975-1024x289.jpg\" alt=\"\" width=\"1024\" height=\"289\" srcset=\"https:\/\/nebraskademocrats.org\/wp-content\/uploads\/2021\/12\/ezgif-2-7e99f8328975-1024x289.jpg 1024w, https:\/\/nebraskademocrats.org\/wp-content\/uploads\/2021\/12\/ezgif-2-7e99f8328975-300x85.jpg 300w, https:\/\/nebraskademocrats.org\/wp-content\/uploads\/2021\/12\/ezgif-2-7e99f8328975-768x217.jpg 768w, https:\/\/nebraskademocrats.org\/wp-content\/uploads\/2021\/12\/ezgif-2-7e99f8328975-18x5.jpg 18w, https:\/\/nebraskademocrats.org\/wp-content\/uploads\/2021\/12\/ezgif-2-7e99f8328975.jpg 1052w\" sizes=\"(max-width: 1024px) 100vw, 1024px\" \/><\/span><\/p>\n<p><span style=\"font-weight: 400;\">Theo truy\u1ec1n th\u1ed1ng c\u1ee7a b\u1ed1n Pinocchios do ng\u01b0\u1eddi ki\u1ec3m tra s\u1ef1 th\u1eadt c\u1ee7a Washington Post \u0111\u01b0a ra, ch\u00fang t\u00f4i mu\u1ed1n bi\u1ebft li\u1ec7u b\u1ea1n c\u00f3 ph\u00e1t hi\u1ec7n ra b\u1ea5t k\u1ef3 l\u1eddi n\u00f3i d\u1ed1i, d\u1ed1i tr\u00e1 ho\u1eb7c kh\u00f4ng trung th\u1ef1c n\u00e0o t\u1eeb c\u00e1c ch\u00ednh tr\u1ecb gia GOP c\u1ee7a Nebraska tr\u00ean c\u00e1c ph\u01b0\u01a1ng ti\u1ec7n truy\u1ec1n th\u00f4ng ho\u1eb7c trong c\u00e1c qu\u1ea3ng c\u00e1o chi\u1ebfn d\u1ecbch hay kh\u00f4ng.<\/span><span style=\"font-weight: 400;\"><br \/>\n<\/span><span style=\"font-weight: 400;\"><br \/>\n<\/span><span style=\"font-weight: 400;\">N\u1ebfu b\u1ea1n bi\u1ebft v\u1ec1 m\u1ed9t l\u1eddi n\u00f3i d\u1ed1i GOP \u1edf Nebraska, <\/span><a href=\"https:\/\/docs.google.com\/forms\/d\/e\/1FAIpQLScGqoAnjdbFxlllLV5HmuECkmQ34rgi59xT2_f3tb0Eywuh5A\/viewform?usp=sf_link\"><b>\u0111i\u1ec1n v\u00e0o m\u1eabu \u0111\u01a1n n\u00e0y<\/b><\/a><span style=\"font-weight: 400;\"> v\u00e0 ch\u00fang t\u00f4i s\u1ebd th\u00eam n\u00f3 v\u00e0o danh s\u00e1ch ng\u00e0y c\u00e0ng t\u0103ng.<\/span><b><br \/>\n<\/b><b><br \/>\n<\/b><b>NTV:<\/b> <a href=\"https:\/\/nebraska.tv\/news\/local\/jane-kleeb-calls-out-governor-reaction-to-pipeline-news\"><b>\u00a0Jane Kleeb c\u1ee7a NDP k\u00eau g\u1ecdi th\u1ed1ng \u0111\u1ed1c, ph\u1ea3n \u1ee9ng v\u1edbi tin t\u1ee9c \u0111\u01b0\u1eddng \u1ed1ng<\/b><span style=\"font-weight: 400;\"><br \/>\n<\/span><\/a><span style=\"font-weight: 400;\">Kleeb c\u00f3 l\u1eadp tr\u01b0\u1eddng ch\u1ed1ng l\u1ea1i Th\u1ed1ng \u0111\u1ed1c Ricketts, n\u00f3i: \u201cT\u00f4i s\u1ebd tranh lu\u1eadn v\u1edbi b\u1ea1n m\u1ecdi l\u00fac, m\u1ecdi n\u01a1i v\u1ec1 quy\u1ec1n t\u00e0i s\u1ea3n. B\u1ea1n \u0111ang \u0111i kh\u1eafp ti\u1ec3u bang n\u00f3i d\u1ed1i v\u1edbi Nebraskans v\u1ec1 ch\u01b0\u01a1ng tr\u00ecnh b\u1ea3o t\u1ed3n t\u1ef1 nguy\u1ec7n 30 \u00d7 30, khi b\u1ea1n c\u00f3 \u0111\u1ea5t th\u1ef1c s\u1ef1 t\u1eeb m\u1ed9t t\u1eadp \u0111o\u00e0n n\u01b0\u1edbc ngo\u00e0i \u1edf s\u00e2n sau c\u1ee7a b\u1ea1n. V\u00ec v\u1eady, xin l\u1ed7i t\u00f4i v\u1edbi th\u00f4ng c\u00e1o b\u00e1o ch\u00ed \u0111\u1eabm n\u01b0\u1edbc m\u1eaft c\u00e1 s\u1ea5u c\u1ee7a b\u1ea1n, \u0111\u00e3 \u0111\u1ebfn l\u00fac b\u1ea1n th\u1ef1c s\u1ef1 \u0111\u1ee9ng l\u00ean b\u1ea3o v\u1ec7 quy\u1ec1n t\u00e0i s\u1ea3n v\u00e0 s\u1eeda \u0111\u1ed5i c\u00e1c lu\u1eadt mi\u1ec1n n\u1ed5i ti\u1ebfng \u1edf ti\u1ec3u bang c\u1ee7a ch\u00fang t\u00f4i. &quot;<\/span><span style=\"font-weight: 400;\"><br \/>\n<\/span><span style=\"font-weight: 400;\"><br \/>\n<\/span><b>Politico: <\/b><a href=\"https:\/\/www.politico.com\/news\/2021\/10\/19\/nebraska-gop-rep-fortenberry-indicted-516259\"><b>\u0110\u1ea1i di\u1ec7n Nebraska GOP Fortenberry b\u1ecb truy t\u1ed1<\/b><span style=\"font-weight: 400;\"><br \/>\n<\/span><\/a><span style=\"font-weight: 400;\">M\u1ed9t \u0111\u1ea1i b\u1ed3i th\u1ea9m \u0111o\u00e0n li\u00ean bang \u0111\u00e3 truy t\u1ed1 H\u1ea1 ngh\u1ecb s\u0129 Jeff Fortenberry h\u00f4m th\u1ee9 Ba, c\u00e1o bu\u1ed9c r\u1eb1ng d\u00e2n bi\u1ec3u Nebraska GOP \u0111\u00e3 che gi\u1ea5u th\u00f4ng tin v\u00e0 \u0111\u01b0a ra nh\u1eefng tuy\u00ean b\u1ed1 sai s\u1ef1 th\u1eadt v\u1edbi nh\u00e0 ch\u1ee9c tr\u00e1ch. B\u1ed9 T\u01b0 ph\u00e1p n\u00f3i r\u1eb1ng Fortenberry \u0111\u00e3 nhi\u1ec1u l\u1ea7n n\u00f3i d\u1ed1i v\u00e0 \u0111\u00e1nh l\u1eeba c\u00e1c nh\u00e0 ch\u1ee9c tr\u00e1ch trong cu\u1ed9c \u0111i\u1ec1u tra v\u1ec1 nh\u1eefng \u0111\u00f3ng g\u00f3p b\u1ea5t h\u1ee3p ph\u00e1p cho chi\u1ebfn d\u1ecbch t\u00e1i tranh c\u1eed c\u1ee7a \u00f4ng \u0111\u01b0\u1ee3c th\u1ef1c hi\u1ec7n b\u1edfi m\u1ed9t t\u1ef7 ph\u00fa g\u1ed1c Nigeria, Gilbert Chagoury.<\/span><\/p>\n<p><b>KMTV:<\/b> <a href=\"https:\/\/www.3newsnow.com\/news\/investigations\/most-crossing-border-want-to-destroy-the-country-says-herbster-with-trump-adviser-stephen-miller\"><b>Herbster n\u00f3i v\u1edbi c\u1ed1 v\u1ea5n c\u1ee7a Trump l\u00e0 Stephen Miller<\/b><span style=\"font-weight: 400;\"><br \/>\n<\/span><\/a><span style=\"font-weight: 400;\">\u2026 Herbster n\u00f3i: \u201cNh\u1eefng ng\u01b0\u1eddi \u0111ang \u0111\u1ebfn qua bi\u00ean gi\u1edbi, h\u1ecd kh\u00f4ng quan t\u00e2m \u0111\u1ebfn n\u01b0\u1edbc M\u1ef9. T\u00f4i s\u1ebd tr\u1ef1c ti\u1ebfp. \u0110\u00f3 l\u00e0 c\u00e1ch n\u00f3i c\u1ee7a ng\u01b0\u1eddi n\u00f4ng d\u00e2n. Nh\u01b0ng t\u00f4i c\u00f3 th\u1ec3 n\u00f3i v\u1edbi b\u1ea1n r\u1eb1ng, l\u00fd do duy nh\u1ea5t h\u1ecd \u0111\u1ebfn \u0111\u1ea5t n\u01b0\u1edbc n\u00e0y l\u00e0 h\u1ea7u h\u1ebft h\u1ecd \u0111\u1ec1u mu\u1ed1n ph\u00e1 h\u1ee7y \u0111\u1ea5t n\u01b0\u1edbc. &quot;<\/span><\/p>\n<p><strong>KLKN:<\/strong> <a href=\"https:\/\/www.klkntv.com\/gov-ricketts-issues-statement-on-omicron-variant\/?fbclid=IwAR3Czcgee2vUGbgDDqtEuXEquRriga6hziGUhQ_HF5zhmDFnWQfKsIngLgw\">Th\u1ed1ng \u0111\u1ed1c Ricketts \u0111\u01b0a ra tuy\u00ean b\u1ed1 v\u1ec1 bi\u1ebfn th\u1ec3 omicron<\/a><br \/>\n\u2026 Nebraska \u0111\u00e3 duy tr\u00ec m\u1ed9t trong nh\u1eefng t\u1ef7 l\u1ec7 t\u1eed vong do coronavirus th\u1ea5p nh\u1ea5t v\u00e0 b\u1ea3o v\u1ec7 n\u0103ng l\u1ef1c b\u1ec7nh vi\u1ec7n c\u1ee7a ch\u00fang t\u00f4i m\u00e0 kh\u00f4ng c\u1ea7n kh\u00f3a c\u1eeda, kh\u00f4ng c\u1ea7n m\u1eb7t n\u1ea1 v\u00e0 kh\u00f4ng c\u1ea7n v\u1eafc xin. Ch\u00fang t\u00f4i s\u1ebd kh\u00f4ng tu\u00e2n theo c\u00e1c ch\u00ednh s\u00e1ch h\u00e0 kh\u1eafc c\u1ee7a Ch\u00ednh quy\u1ec1n Biden ho\u1eb7c Ti\u1ebfn s\u0129 Fauci. &quot;<\/p>\n<p style=\"text-align: center;\">TUY V\u1eacY:<br \/>\n<img decoding=\"async\" class=\"wp-image-35469 aligncenter\" src=\"https:\/\/nebraskadem.wpenginepowered.com\/wp-content\/uploads\/2021\/12\/Map-1024x576.jpg\" alt=\"\" width=\"350\" height=\"197\" srcset=\"https:\/\/nebraskademocrats.org\/wp-content\/uploads\/2021\/12\/Map-1024x576.jpg 1024w, https:\/\/nebraskademocrats.org\/wp-content\/uploads\/2021\/12\/Map-300x169.jpg 300w, https:\/\/nebraskademocrats.org\/wp-content\/uploads\/2021\/12\/Map-768x432.jpg 768w, https:\/\/nebraskademocrats.org\/wp-content\/uploads\/2021\/12\/Map-18x10.jpg 18w, https:\/\/nebraskademocrats.org\/wp-content\/uploads\/2021\/12\/Map.jpg 1200w\" sizes=\"(max-width: 350px) 100vw, 350px\" \/><\/p>\n<p><strong>K\u00eanh tin t\u1ee9c Nebraska:<\/strong> <a href=\"https:\/\/www.newschannelnebraska.com\/story\/45374880\/pillen-nebraska-roads-not-that-bad\"><strong>Pillen: \u0110\u01b0\u1eddng Nebraska &#039;Kh\u00f4ng t\u1ec7 l\u1eafm&#039;<\/strong><span style=\"font-weight: 400;\"><br \/>\n<\/span><\/a><span style=\"font-weight: 400;\">Tuy nhi\u00ean, m\u1ed9t <\/span><a href=\"https:\/\/www.usatoday.com\/story\/money\/2020\/07\/16\/infrastructure-states-bridges-roads-falling-apart\/112127156\/\"><span style=\"font-weight: 400;\">Nghi\u00ean c\u1ee9u c\u1ee7a USA Today <\/span><\/a><span style=\"font-weight: 400;\">s\u1eed d\u1ee5ng d\u1eef li\u1ec7u li\u00ean bang cho th\u1ea5y r\u1eb1ng g\u1ea7n 22 ph\u1ea7n tr\u0103m <\/span><span style=\"font-weight: 400;\">\u0110\u01b0\u1eddng c\u1ee7a Nebraska trong t\u00ecnh tr\u1ea1ng t\u1ed3i t\u1ec7: (cao th\u1ee9 24)<\/span><\/p>\n<p><strong>Omaha World-Herald: <\/strong><a href=\"https:\/\/journalstar.com\/news\/state-and-regional\/govt-and-politics\/records-show-state-employees-knew-nebraska-wouldnt-be-reimbursed-for-border-deployment\/article_69067d10-b478-59e2-bc6a-17f8785521aa.html\">H\u1ed3 s\u01a1 cho th\u1ea5y Ricketts, nh\u00e2n vi\u00ean nh\u00e0 n\u01b0\u1edbc bi\u1ebft Nebraska s\u1ebd kh\u00f4ng \u0111\u01b0\u1ee3c ho\u00e0n tr\u1ea3 cho vi\u1ec7c tri\u1ec3n khai \u1edf bi\u00ean gi\u1edbi<\/a><br \/>\nKhi Nebraska c\u1eed binh l\u00ednh c\u1ee7a ti\u1ec3u bang \u0111\u1ebfn bi\u00ean gi\u1edbi Texas-Mexico v\u00e0o m\u00f9a h\u00e8, ng\u01b0\u1eddi ph\u00e1t ng\u00f4n cho bi\u1ebft ti\u1ec3u bang c\u00f3 th\u1ec3 \u0111\u01b0\u1ee3c ho\u00e0n tr\u1ea3 chi ph\u00ed. Nh\u01b0ng \u0111\u1eb1ng sau h\u1eadu tr\u01b0\u1eddng, c\u00f3 s\u1ef1 hi\u1ec3u bi\u1ebft gi\u1eefa c\u00e1c nh\u00e2n vi\u00ean nh\u00e0 n\u01b0\u1edbc r\u1eb1ng Nebraska s\u1ebd tr\u1ea3 ti\u1ec1n cho vi\u1ec7c tri\u1ec3n khai, theo email v\u00e0 tin nh\u1eafn v\u0103n b\u1ea3n m\u00e0 The World-Herald thu \u0111\u01b0\u1ee3c.<\/p>\n<p><strong>B\u01b0u \u0111i\u1ec7n Washington:<\/strong> <a href=\"https:\/\/www.washingtonpost.com\/nation\/2022\/03\/29\/furries-litter-box-nebraska-bostelman\/\"><span data-qa=\"headline-text\">Nh\u00e0 l\u1eadp ph\u00e1p GOP \u1ee7ng h\u1ed9 c\u00e1c tuy\u00ean b\u1ed1 h\u1ecdc sinh k\u00eau meo meo, s\u1ee7a, s\u1eed d\u1ee5ng th\u00f9ng r\u00e1c<\/span><\/a><br \/>\nTrong m\u1ed9t cu\u1ed9c tranh lu\u1eadn tr\u00ean truy\u1ec1n h\u00ecnh v\u1ec1 d\u1ef1 lu\u1eadt t\u00e0i tr\u1ee3 cho tr\u01b0\u1eddng h\u1ecdc \u1edf Nebraska h\u00f4m th\u1ee9 Hai, Th\u01b0\u1ee3ng ngh\u1ecb s\u0129 Bruce Bostelman c\u1ee7a \u0111\u1ea3ng C\u1ed9ng h\u00f2a \u0111\u00e3 \u0111\u01b0a ra m\u1ed9t v\u1ea5n \u0111\u1ec1 m\u00e0 \u00f4ng th\u1ea5y \u0111\u1eb7c bi\u1ec7t kh\u00f3 kh\u0103n: l\u00f4ng th\u00fa. \u201cH\u1ecdc sinh h\u00f3a trang th\u00e0nh \u0111\u1ed9ng v\u1eadt - m\u00e8o ho\u1eb7c ch\u00f3 - trong ng\u00e0y h\u1ecdc; ch\u00fang k\u00eau meo meo, v\u00e0 ch\u00fang s\u1ee7a, \u201danh n\u00f3i. \u201cV\u00e0 b\u00e2y gi\u1edd c\u00e1c tr\u01b0\u1eddng \u0111ang mu\u1ed1n \u0111\u1eb7t th\u00f9ng r\u00e1c trong tr\u01b0\u1eddng \u0111\u1ec3 nh\u1eefng \u0111\u1ee9a tr\u1ebb n\u00e0y s\u1eed d\u1ee5ng. L\u00e0m th\u1ebf n\u00e0o l\u00e0 v\u1ec7 sinh n\u00e0y? \u201d Nh\u01b0ng trong v\u00f2ng v\u00e0i gi\u1edd sau cu\u1ed9c tranh lu\u1eadn, Bostelman \u0111\u00e3 l\u00f9i l\u1ea1i v\u00e0 th\u1eeba nh\u1eadn nh\u1eefng l\u1eddi bu\u1ed9c t\u1ed9i l\u00e0 kh\u00f4ng ch\u00ednh x\u00e1c.<\/p>","protected":false},"excerpt":{"rendered":"<p>In the tradition of the four Pinocchios given out by the Washington Post&#8217;s fact-checker, we want to know if you have spotted any fibs, lies or untruths from Nebraska\u2019s GOP politicians in the media or in campaign ads. If you know of a GOP lie in Nebraska, fill out this form and we\u2019ll add it &#8230; <a title=\"GOP DANH S\u00c1CH\" class=\"read-more\" href=\"https:\/\/nebraskademocrats.org\/vi\/gop-lies\/\" aria-label=\"More on GOP LIES\">\u0110\u1ecdc th\u00eam<\/a><\/p>","protected":false},"author":19,"featured_media":0,"parent":0,"menu_order":0,"comment_status":"closed","ping_status":"closed","template":"","meta":{"_acf_changed":false,"_exactmetrics_skip_tracking":false,"_exactmetrics_sitenote_active":false,"_exactmetrics_sitenote_note":"","_exactmetrics_sitenote_category":0,"footnotes":""},"class_list":["post-35447","page","type-page","status-publish"],"acf":[],"yoast_head":"<!-- This site is optimized with the Yoast SEO plugin v27.4 - https:\/\/yoast.com\/product\/yoast-seo-wordpress\/ -->\n<title>GOP LIES &#8211; Nebraska Democratic Party<\/title>\n<meta name=\"robots\" content=\"index, follow, max-snippet:-1, max-image-preview:large, max-video-preview:-1\" \/>\n<link rel=\"canonical\" href=\"https:\/\/nebraskademocrats.org\/vi\/gop-lies\/\" \/>\n<meta property=\"og:locale\" content=\"vi_VN\" \/>\n<meta property=\"og:type\" content=\"article\" \/>\n<meta property=\"og:title\" content=\"GOP LIES &#8211; Nebraska Democratic Party\" \/>\n<meta property=\"og:description\" content=\"In the tradition of the four Pinocchios given out by the Washington Post&#8217;s fact-checker, we want to know if you have spotted any fibs, lies or untruths from Nebraska\u2019s GOP politicians in the media or in campaign ads. If you know of a GOP lie in Nebraska, fill out this form and we\u2019ll add it ... Read more\" \/>\n<meta property=\"og:url\" content=\"https:\/\/nebraskademocrats.org\/vi\/gop-lies\/\" \/>\n<meta property=\"og:site_name\" content=\"Nebraska Democratic Party\" \/>\n<meta property=\"article:publisher\" content=\"https:\/\/www.facebook.com\/NebraskaDemocraticParty\/\" \/>\n<meta property=\"article:modified_time\" content=\"2022-04-06T21:25:34+00:00\" \/>\n<meta property=\"og:image\" content=\"https:\/\/nebraskadem.wpenginepowered.com\/wp-content\/uploads\/2021\/12\/ezgif-2-7e99f8328975-1024x289.jpg\" \/>\n<meta name=\"twitter:card\" content=\"summary_large_image\" \/>\n<meta name=\"twitter:site\" content=\"@nebraskadems\" \/>\n<meta name=\"twitter:label1\" content=\"\u01af\u1edbc t\u00ednh th\u1eddi gian \u0111\u1ecdc\" \/>\n\t<meta name=\"twitter:data1\" content=\"3 ph\u00fat\" \/>\n<script type=\"application\/ld+json\" class=\"yoast-schema-graph\">{\"@context\":\"https:\\\/\\\/schema.org\",\"@graph\":[{\"@type\":\"WebPage\",\"@id\":\"https:\\\/\\\/nebraskademocrats.org\\\/gop-lies\\\/\",\"url\":\"https:\\\/\\\/nebraskademocrats.org\\\/gop-lies\\\/\",\"name\":\"GOP LIES &#8211; Nebraska Democratic Party\",\"isPartOf\":{\"@id\":\"https:\\\/\\\/nebraskademocrats.org\\\/#website\"},\"primaryImageOfPage\":{\"@id\":\"https:\\\/\\\/nebraskademocrats.org\\\/gop-lies\\\/#primaryimage\"},\"image\":{\"@id\":\"https:\\\/\\\/nebraskademocrats.org\\\/gop-lies\\\/#primaryimage\"},\"thumbnailUrl\":\"https:\\\/\\\/nebraskadem.wpenginepowered.com\\\/wp-content\\\/uploads\\\/2021\\\/12\\\/ezgif-2-7e99f8328975-1024x289.jpg\",\"datePublished\":\"2021-12-03T18:10:40+00:00\",\"dateModified\":\"2022-04-06T21:25:34+00:00\",\"breadcrumb\":{\"@id\":\"https:\\\/\\\/nebraskademocrats.org\\\/gop-lies\\\/#breadcrumb\"},\"inLanguage\":\"vi\",\"potentialAction\":[{\"@type\":\"ReadAction\",\"target\":[\"https:\\\/\\\/nebraskademocrats.org\\\/gop-lies\\\/\"]}]},{\"@type\":\"ImageObject\",\"inLanguage\":\"vi\",\"@id\":\"https:\\\/\\\/nebraskademocrats.org\\\/gop-lies\\\/#primaryimage\",\"url\":\"https:\\\/\\\/nebraskadem.wpenginepowered.com\\\/wp-content\\\/uploads\\\/2021\\\/12\\\/ezgif-2-7e99f8328975-1024x289.jpg\",\"contentUrl\":\"https:\\\/\\\/nebraskadem.wpenginepowered.com\\\/wp-content\\\/uploads\\\/2021\\\/12\\\/ezgif-2-7e99f8328975-1024x289.jpg\"},{\"@type\":\"BreadcrumbList\",\"@id\":\"https:\\\/\\\/nebraskademocrats.org\\\/gop-lies\\\/#breadcrumb\",\"itemListElement\":[{\"@type\":\"ListItem\",\"position\":1,\"name\":\"Home\",\"item\":\"https:\\\/\\\/nebraskademocrats.org\\\/\"},{\"@type\":\"ListItem\",\"position\":2,\"name\":\"GOP LIES\"}]},{\"@type\":\"WebSite\",\"@id\":\"https:\\\/\\\/nebraskademocrats.org\\\/#website\",\"url\":\"https:\\\/\\\/nebraskademocrats.org\\\/\",\"name\":\"Nebraska Democratic Party\",\"description\":\"Growing the Good Life for All Nebraskans\",\"publisher\":{\"@id\":\"https:\\\/\\\/nebraskademocrats.org\\\/#organization\"},\"potentialAction\":[{\"@type\":\"SearchAction\",\"target\":{\"@type\":\"EntryPoint\",\"urlTemplate\":\"https:\\\/\\\/nebraskademocrats.org\\\/?s={search_term_string}\"},\"query-input\":{\"@type\":\"PropertyValueSpecification\",\"valueRequired\":true,\"valueName\":\"search_term_string\"}}],\"inLanguage\":\"vi\"},{\"@type\":\"Organization\",\"@id\":\"https:\\\/\\\/nebraskademocrats.org\\\/#organization\",\"name\":\"Nebraska Democratic Party\",\"url\":\"https:\\\/\\\/nebraskademocrats.org\\\/\",\"logo\":{\"@type\":\"ImageObject\",\"inLanguage\":\"vi\",\"@id\":\"https:\\\/\\\/nebraskademocrats.org\\\/#\\\/schema\\\/logo\\\/image\\\/\",\"url\":\"https:\\\/\\\/nebraskadem.wpenginepowered.com\\\/wp-content\\\/uploads\\\/2016\\\/05\\\/NDP2.jpg\",\"contentUrl\":\"https:\\\/\\\/nebraskadem.wpenginepowered.com\\\/wp-content\\\/uploads\\\/2016\\\/05\\\/NDP2.jpg\",\"width\":1000,\"height\":396,\"caption\":\"Nebraska Democratic Party\"},\"image\":{\"@id\":\"https:\\\/\\\/nebraskademocrats.org\\\/#\\\/schema\\\/logo\\\/image\\\/\"},\"sameAs\":[\"https:\\\/\\\/www.facebook.com\\\/NebraskaDemocraticParty\\\/\",\"https:\\\/\\\/x.com\\\/nebraskadems\"]}]}<\/script>\n<!-- \/ Yoast SEO plugin. -->","yoast_head_json":{"title":"GOP LIES &#8211; Nebraska Democratic Party","robots":{"index":"index","follow":"follow","max-snippet":"max-snippet:-1","max-image-preview":"max-image-preview:large","max-video-preview":"max-video-preview:-1"},"canonical":"https:\/\/nebraskademocrats.org\/vi\/gop-lies\/","og_locale":"vi_VN","og_type":"article","og_title":"GOP LIES &#8211; Nebraska Democratic Party","og_description":"In the tradition of the four Pinocchios given out by the Washington Post&#8217;s fact-checker, we want to know if you have spotted any fibs, lies or untruths from Nebraska\u2019s GOP politicians in the media or in campaign ads. If you know of a GOP lie in Nebraska, fill out this form and we\u2019ll add it ... Read more","og_url":"https:\/\/nebraskademocrats.org\/vi\/gop-lies\/","og_site_name":"Nebraska Democratic Party","article_publisher":"https:\/\/www.facebook.com\/NebraskaDemocraticParty\/","article_modified_time":"2022-04-06T21:25:34+00:00","og_image":[{"url":"https:\/\/nebraskadem.wpenginepowered.com\/wp-content\/uploads\/2021\/12\/ezgif-2-7e99f8328975-1024x289.jpg","type":"","width":"","height":""}],"twitter_card":"summary_large_image","twitter_site":"@nebraskadems","twitter_misc":{"\u01af\u1edbc t\u00ednh th\u1eddi gian \u0111\u1ecdc":"3 ph\u00fat"},"schema":{"@context":"https:\/\/schema.org","@graph":[{"@type":"WebPage","@id":"https:\/\/nebraskademocrats.org\/gop-lies\/","url":"https:\/\/nebraskademocrats.org\/gop-lies\/","name":"GOP LIES &#8211; Nebraska Democratic Party","isPartOf":{"@id":"https:\/\/nebraskademocrats.org\/#website"},"primaryImageOfPage":{"@id":"https:\/\/nebraskademocrats.org\/gop-lies\/#primaryimage"},"image":{"@id":"https:\/\/nebraskademocrats.org\/gop-lies\/#primaryimage"},"thumbnailUrl":"https:\/\/nebraskadem.wpenginepowered.com\/wp-content\/uploads\/2021\/12\/ezgif-2-7e99f8328975-1024x289.jpg","datePublished":"2021-12-03T18:10:40+00:00","dateModified":"2022-04-06T21:25:34+00:00","breadcrumb":{"@id":"https:\/\/nebraskademocrats.org\/gop-lies\/#breadcrumb"},"inLanguage":"vi","potentialAction":[{"@type":"ReadAction","target":["https:\/\/nebraskademocrats.org\/gop-lies\/"]}]},{"@type":"ImageObject","inLanguage":"vi","@id":"https:\/\/nebraskademocrats.org\/gop-lies\/#primaryimage","url":"https:\/\/nebraskadem.wpenginepowered.com\/wp-content\/uploads\/2021\/12\/ezgif-2-7e99f8328975-1024x289.jpg","contentUrl":"https:\/\/nebraskadem.wpenginepowered.com\/wp-content\/uploads\/2021\/12\/ezgif-2-7e99f8328975-1024x289.jpg"},{"@type":"BreadcrumbList","@id":"https:\/\/nebraskademocrats.org\/gop-lies\/#breadcrumb","itemListElement":[{"@type":"ListItem","position":1,"name":"Home","item":"https:\/\/nebraskademocrats.org\/"},{"@type":"ListItem","position":2,"name":"GOP LIES"}]},{"@type":"WebSite","@id":"https:\/\/nebraskademocrats.org\/#website","url":"https:\/\/nebraskademocrats.org\/","name":"Nebraska Democratic Party","description":"Ph\u00e1t tri\u1ec3n cu\u1ed9c s\u1ed1ng t\u1ed1t \u0111\u1eb9p cho t\u1ea5t c\u1ea3 Nebraskans","publisher":{"@id":"https:\/\/nebraskademocrats.org\/#organization"},"potentialAction":[{"@type":"SearchAction","target":{"@type":"EntryPoint","urlTemplate":"https:\/\/nebraskademocrats.org\/?s={search_term_string}"},"query-input":{"@type":"PropertyValueSpecification","valueRequired":true,"valueName":"search_term_string"}}],"inLanguage":"vi"},{"@type":"Organization","@id":"https:\/\/nebraskademocrats.org\/#organization","name":"Nebraska Democratic Party","url":"https:\/\/nebraskademocrats.org\/","logo":{"@type":"ImageObject","inLanguage":"vi","@id":"https:\/\/nebraskademocrats.org\/#\/schema\/logo\/image\/","url":"https:\/\/nebraskadem.wpenginepowered.com\/wp-content\/uploads\/2016\/05\/NDP2.jpg","contentUrl":"https:\/\/nebraskadem.wpenginepowered.com\/wp-content\/uploads\/2016\/05\/NDP2.jpg","width":1000,"height":396,"caption":"Nebraska Democratic Party"},"image":{"@id":"https:\/\/nebraskademocrats.org\/#\/schema\/logo\/image\/"},"sameAs":["https:\/\/www.facebook.com\/NebraskaDemocraticParty\/","https:\/\/x.com\/nebraskadems"]}]}},"_links":{"self":[{"href":"https:\/\/nebraskademocrats.org\/vi\/wp-json\/wp\/v2\/pages\/35447","targetHints":{"allow":["GET"]}}],"collection":[{"href":"https:\/\/nebraskademocrats.org\/vi\/wp-json\/wp\/v2\/pages"}],"about":[{"href":"https:\/\/nebraskademocrats.org\/vi\/wp-json\/wp\/v2\/types\/page"}],"author":[{"embeddable":true,"href":"https:\/\/nebraskademocrats.org\/vi\/wp-json\/wp\/v2\/users\/19"}],"replies":[{"embeddable":true,"href":"https:\/\/nebraskademocrats.org\/vi\/wp-json\/wp\/v2\/comments?post=35447"}],"version-history":[{"count":0,"href":"https:\/\/nebraskademocrats.org\/vi\/wp-json\/wp\/v2\/pages\/35447\/revisions"}],"wp:attachment":[{"href":"https:\/\/nebraskademocrats.org\/vi\/wp-json\/wp\/v2\/media?parent=35447"}],"curies":[{"name":"wp","href":"https:\/\/api.w.org\/{rel}","templated":true}]}}