{"id":36398,"date":"2022-02-23T10:21:56","date_gmt":"2022-02-23T16:21:56","guid":{"rendered":"https:\/\/nebraskadem.wpenginepowered.com\/?page_id=36398"},"modified":"2022-02-23T10:21:56","modified_gmt":"2022-02-23T16:21:56","slug":"2022-democratic-senators-priority-bills","status":"publish","type":"page","link":"https:\/\/nebraskademocrats.org\/vi\/2022-democratic-senators-priority-bills\/","title":{"rendered":"C\u00e1c h\u00f3a \u0111\u01a1n \u01b0u ti\u00ean c\u1ee7a c\u00e1c th\u01b0\u1ee3ng ngh\u1ecb s\u0129 \u0111\u1ea3ng D\u00e2n ch\u1ee7 n\u0103m 2022"},"content":{"rendered":"<p><strong>Senator Blood<\/strong><br \/>\n<a href=\"https:\/\/nebraskalegislature.gov\/bills\/view_bill.php?DocumentID=47007\">LR263CA<\/a><br \/>\nS\u1eeda \u0111\u1ed5i hi\u1ebfn ph\u00e1p \u0111\u1ec3 y\u00eau c\u1ea7u C\u01a1 quan l\u1eadp ph\u00e1p b\u1ed3i ho\u00e0n cho c\u00e1c ph\u00e2n khu ch\u00ednh tr\u1ecb theo quy \u0111\u1ecbnh<\/p>\n<p><strong>Th\u01b0\u1ee3ng ngh\u1ecb s\u0129 Bostar<\/strong><br \/>\n<a href=\"https:\/\/nebraskalegislature.gov\/bills\/view_bill.php?DocumentID=47295\">LB964<\/a><br \/>\nCung c\u1ea5p c\u00f4ng t\u00e1c ph\u00ed v\u00e0 chi ph\u00ed \u0103n u\u1ed1ng th\u1ef1c t\u1ebf cho \u0110\u1ed9i tu\u1ea7n tra bang Nebraska<\/p>\n<p><strong>Th\u01b0\u1ee3ng ngh\u1ecb s\u0129 Cavanaugh, J<\/strong>.<br \/>\n<a href=\"https:\/\/nebraskalegislature.gov\/bills\/view_bill.php?DocumentID=47375\">LB921<\/a><br \/>\nThay \u0111\u1ed5i n\u01a1i ch\u1ea5p h\u00e0nh \u00e1n ph\u1ea1t t\u00f9<\/p>\n<p><strong>Th\u01b0\u1ee3ng ngh\u1ecb s\u0129 Cavanaugh, M.<\/strong><br \/>\n<a href=\"https:\/\/nebraskalegislature.gov\/bills\/view_bill.php?DocumentID=44293\">LB376<\/a><br \/>\nY\u00eau c\u1ea7u \u0111\u0103ng k\u00fd v\u00e0 th\u1ef1c hi\u1ec7n s\u1ef1 ch\u1ea5p thu\u1eadn c\u1ee7a li\u00ean bang \u0111\u1ed1i v\u1edbi c\u00e1c d\u1ecbch v\u1ee5 v\u00e0 h\u1ed7 tr\u1ee3 cho tr\u1ebb em khuy\u1ebft t\u1eadt ph\u00e1t tri\u1ec3n v\u00e0 gia \u0111\u00ecnh c\u1ee7a ch\u00fang, \u0111\u1ed3ng th\u1eddi y\u00eau c\u1ea7u \u0111\u00e1nh gi\u00e1 v\u00e0 b\u00e1o c\u00e1o<\/p>\n<p><strong>Ng\u00e0y th\u01b0\u1ee3ng ngh\u1ecb s\u0129<\/strong><br \/>\n<a href=\"https:\/\/nebraskalegislature.gov\/bills\/view_bill.php?DocumentID=46652\">LB853<\/a><br \/>\nCung c\u1ea5p mi\u1ec5n tr\u1eeb \u1edf nh\u00e0 cho m\u1ed9t s\u1ed1 c\u1ef1u chi\u1ebfn binh khuy\u1ebft t\u1eadt<\/p>\n<p><strong>Th\u01b0\u1ee3ng ngh\u1ecb s\u0129 DeBoer<\/strong><br \/>\n<a href=\"https:\/\/nebraskalegislature.gov\/bills\/view_bill.php?DocumentID=47710\">LB1241<\/a><br \/>\nThay \u0111\u1ed5i c\u00e1c \u0111i\u1ec1u kho\u1ea3n li\u00ean quan \u0111\u1ebfn \u0111\u00e0o t\u1ea1o v\u00e0 ch\u1ee9ng nh\u1eadn nh\u00e2n vi\u00ean th\u1ef1c thi ph\u00e1p lu\u1eadt<\/p>\n<p><strong>Th\u01b0\u1ee3ng ngh\u1ecb s\u0129 Hansen, M.<\/strong><br \/>\n<a href=\"https:\/\/nebraskalegislature.gov\/bills\/view_bill.php?DocumentID=47331\">LB1073<\/a><br \/>\nTh\u00e0nh l\u1eadp S\u1edf Nh\u00e0 \u1edf v\u00e0 Ph\u00e1t tri\u1ec3n \u0110\u00f4 th\u1ecb<\/p>\n<p><strong>Senator Hunt<\/strong><br \/>\n<a href=\"https:\/\/nebraskalegislature.gov\/bills\/view_bill.php?DocumentID=43483\">LB121<\/a><br \/>\nThay \u0111\u1ed5i c\u00e1c \u0111i\u1ec1u kho\u1ea3n li\u00ean quan \u0111\u1ebfn t\u00ednh \u0111\u1ee7 \u0111i\u1ec1u ki\u1ec7n nh\u1eadn c\u00e1c quy\u1ec1n l\u1ee3i c\u1ee7a Ch\u01b0\u01a1ng tr\u00ecnh H\u1ed7 tr\u1ee3 Dinh d\u01b0\u1ee1ng B\u1ed5 sung<\/p>\n<p><strong>Th\u01b0\u1ee3ng ngh\u1ecb s\u0129 Lathrop<\/strong><br \/>\n<a href=\"https:\/\/nebraskalegislature.gov\/bills\/view_bill.php?DocumentID=44146\">LB353<\/a><br \/>\nC\u00e1c kho\u1ea3n ti\u1ec1n th\u00edch h\u1ee3p cho B\u1ed9 D\u1ecbch v\u1ee5 C\u1ea3i hu\u1ea5n \u0111\u1ec3 c\u00f3 m\u1ed9t c\u01a1 s\u1edf s\u1eeda sai c\u1ed9ng \u0111\u1ed3ng<\/p>\n<p><strong>Th\u01b0\u1ee3ng ngh\u1ecb s\u0129 McDonnell<\/strong><br \/>\n<a href=\"https:\/\/nebraskalegislature.gov\/bills\/view_bill.php?DocumentID=47244\">LB1023<\/a><br \/>\nTh\u00f4ng qua \u0110\u1ea1o lu\u1eadt Ph\u00e1t tri\u1ec3n H\u1ed3 v\u00e0 \u0110\u1ea1o lu\u1eadt T\u0103ng c\u01b0\u1eddng Gi\u1ea3i tr\u00ed N\u01b0\u1edbc<\/p>\n<p><strong>Th\u01b0\u1ee3ng ngh\u1ecb s\u0129 McKinney<\/strong><br \/>\n<a href=\"https:\/\/nebraskalegislature.gov\/bills\/view_bill.php?DocumentID=44236\">LB450<\/a><br \/>\nTh\u00f4ng qua \u0110\u1ea1o lu\u1eadt v\u1ec1 trung t\u00e2m \u0111\u1ed5i m\u1edbi Nebraska<\/p>\n<p><strong>Th\u01b0\u1ee3ng ngh\u1ecb s\u0129 Morfeld<\/strong><br \/>\n<a href=\"https:\/\/nebraskalegislature.gov\/bills\/view_bill.php?DocumentID=44401\">LB519<\/a><br \/>\nCung c\u1ea5p quy\u1ec1n mi\u1ec5n tr\u1eeb vi\u1ec7c b\u1eaft gi\u1eef v\u00e0 truy t\u1ed1 \u0111\u1ed1i v\u1edbi m\u1ed9t s\u1ed1 t\u1ed9i danh v\u1ec1 ma t\u00fay v\u00e0 r\u01b0\u1ee3u cho nh\u00e2n ch\u1ee9ng v\u00e0 n\u1ea1n nh\u00e2n c\u1ee7a c\u00e1c cu\u1ed9c t\u1ea5n c\u00f4ng t\u00ecnh d\u1ee5c<\/p>\n<p><strong>Th\u01b0\u1ee3ng ngh\u1ecb s\u0129 Pansing Brooks<\/strong><br \/>\n<a href=\"https:\/\/nebraskalegislature.gov\/bills\/view_bill.php?DocumentID=47312\">LB717<\/a><br \/>\nThay \u0111\u1ed5i s\u1ed1 ti\u1ec1n b\u1ed3i th\u01b0\u1eddng theo \u0110\u1ea1o lu\u1eadt v\u1ec1 b\u1ed3i th\u01b0\u1eddng ngh\u0129a v\u1ee5<\/p>\n<p><strong>Th\u01b0\u1ee3ng ngh\u1ecb s\u0129 Vargas<\/strong><br \/>\n<a href=\"https:\/\/nebraskalegislature.gov\/bills\/view_bill.php?DocumentID=46765\">LB741<\/a><br \/>\nCung c\u1ea5p cho vi\u1ec7c xem x\u00e9t thai ch\u1ebft l\u01b0u theo \u0110\u1ea1o lu\u1eadt xem x\u00e9t t\u1eed vong \u1edf tr\u1ebb em v\u00e0 b\u00e0 m\u1eb9<\/p>\n<p><strong>Th\u01b0\u1ee3ng ngh\u1ecb s\u0129 Walz<\/strong><br \/>\n<a href=\"https:\/\/nebraskalegislature.gov\/bills\/view_bill.php?DocumentID=47171\">LB852<\/a><br \/>\nY\u00eau c\u1ea7u c\u00e1c \u0111i\u1ec3m li\u00ean h\u1ec7 v\u1ec1 s\u1ee9c kh\u1ecfe h\u00e0nh vi cho c\u00e1c khu h\u1ecdc ch\u00e1nh<\/p>\n<p><strong>Th\u01b0\u1ee3ng ngh\u1ecb s\u0129 Wayne<\/strong><br \/>\n<a href=\"https:\/\/nebraskalegislature.gov\/bills\/view_bill.php?DocumentID=47150\">LB917<\/a><br \/>\nCung c\u1ea5p m\u1ed9t kho\u1ea3n kh\u1ea5u tr\u1eeb thu\u1ebf thu nh\u1eadp cho m\u1ed9t s\u1ed1 ti\u1ec1n l\u01b0\u01a1ng tr\u1ea3 cho nh\u1eefng c\u00e1 nh\u00e2n b\u1ecb k\u1ebft \u00e1n tr\u1ecdng t\u1ed9i<\/p>\n<p><strong>Th\u01b0\u1ee3ng ngh\u1ecb s\u0129 Wishart<\/strong><br \/>\n<a href=\"https:\/\/nebraskalegislature.gov\/bills\/view_bill.php?DocumentID=44411\">LB598<\/a><br \/>\nTh\u00f4ng qua \u0110\u1ea1o lu\u1eadt Ch\u01b0\u01a1ng tr\u00ecnh T\u00e0i tr\u1ee3 \u1ed4n \u0111\u1ecbnh Doanh nghi\u1ec7p Nh\u1ecf<\/p>\n<p>&nbsp;<\/p>","protected":false},"excerpt":{"rendered":"<p>Senator Blood LR263CA Constitutional amendment to require the Legislature to reimburse political subdivisions as prescribed Senator Bostar LB964 Provide for per diems and actual meal expenses for the Nebraska State Patrol Senator Cavanaugh, J. LB921 Change where sentences of imprisonment are served Senator Cavanaugh, M. LB376 Require application for and implementation of federal approval for &#8230; <a title=\"C\u00e1c h\u00f3a \u0111\u01a1n \u01b0u ti\u00ean c\u1ee7a c\u00e1c th\u01b0\u1ee3ng ngh\u1ecb s\u0129 \u0111\u1ea3ng D\u00e2n ch\u1ee7 n\u0103m 2022\" class=\"read-more\" href=\"https:\/\/nebraskademocrats.org\/vi\/2022-democratic-senators-priority-bills\/\" aria-label=\"More on 2022 Democratic Senators Priority Bills\">\u0110\u1ecdc th\u00eam<\/a><\/p>","protected":false},"author":19,"featured_media":0,"parent":0,"menu_order":0,"comment_status":"closed","ping_status":"closed","template":"","meta":{"_acf_changed":false,"_exactmetrics_skip_tracking":false,"_exactmetrics_sitenote_active":false,"_exactmetrics_sitenote_note":"","_exactmetrics_sitenote_category":0,"footnotes":""},"class_list":["post-36398","page","type-page","status-publish"],"acf":[],"yoast_head":"<!-- This site is optimized with the Yoast SEO plugin v27.3 - https:\/\/yoast.com\/product\/yoast-seo-wordpress\/ -->\n<title>2022 Democratic Senators Priority Bills &#8211; Nebraska Democratic Party<\/title>\n<meta name=\"robots\" content=\"index, follow, max-snippet:-1, max-image-preview:large, max-video-preview:-1\" \/>\n<link rel=\"canonical\" href=\"https:\/\/nebraskademocrats.org\/vi\/2022-democratic-senators-priority-bills\/\" \/>\n<meta property=\"og:locale\" content=\"vi_VN\" \/>\n<meta property=\"og:type\" content=\"article\" \/>\n<meta property=\"og:title\" content=\"2022 Democratic Senators Priority Bills &#8211; Nebraska Democratic Party\" \/>\n<meta property=\"og:description\" content=\"Senator Blood LR263CA Constitutional amendment to require the Legislature to reimburse political subdivisions as prescribed Senator Bostar LB964 Provide for per diems and actual meal expenses for the Nebraska State Patrol Senator Cavanaugh, J. LB921 Change where sentences of imprisonment are served Senator Cavanaugh, M. LB376 Require application for and implementation of federal approval for ... Read more\" \/>\n<meta property=\"og:url\" content=\"https:\/\/nebraskademocrats.org\/vi\/2022-democratic-senators-priority-bills\/\" \/>\n<meta property=\"og:site_name\" content=\"Nebraska Democratic Party\" \/>\n<meta property=\"article:publisher\" content=\"https:\/\/www.facebook.com\/NebraskaDemocraticParty\/\" \/>\n<meta property=\"og:image\" content=\"https:\/\/nebraskademocrats.org\/wp-content\/uploads\/2018\/09\/ne-dems-fb.jpg\" \/>\n\t<meta property=\"og:image:width\" content=\"1200\" \/>\n\t<meta property=\"og:image:height\" content=\"630\" \/>\n\t<meta property=\"og:image:type\" content=\"image\/jpeg\" \/>\n<meta name=\"twitter:card\" content=\"summary_large_image\" \/>\n<meta name=\"twitter:site\" content=\"@nebraskadems\" \/>\n<meta name=\"twitter:label1\" content=\"\u01af\u1edbc t\u00ednh th\u1eddi gian \u0111\u1ecdc\" \/>\n\t<meta name=\"twitter:data1\" content=\"2 ph\u00fat\" \/>\n<script type=\"application\/ld+json\" class=\"yoast-schema-graph\">{\"@context\":\"https:\\\/\\\/schema.org\",\"@graph\":[{\"@type\":\"WebPage\",\"@id\":\"https:\\\/\\\/nebraskademocrats.org\\\/2022-democratic-senators-priority-bills\\\/\",\"url\":\"https:\\\/\\\/nebraskademocrats.org\\\/2022-democratic-senators-priority-bills\\\/\",\"name\":\"2022 Democratic Senators Priority Bills &#8211; Nebraska Democratic Party\",\"isPartOf\":{\"@id\":\"https:\\\/\\\/nebraskademocrats.org\\\/#website\"},\"datePublished\":\"2022-02-23T16:21:56+00:00\",\"breadcrumb\":{\"@id\":\"https:\\\/\\\/nebraskademocrats.org\\\/2022-democratic-senators-priority-bills\\\/#breadcrumb\"},\"inLanguage\":\"vi\",\"potentialAction\":[{\"@type\":\"ReadAction\",\"target\":[\"https:\\\/\\\/nebraskademocrats.org\\\/2022-democratic-senators-priority-bills\\\/\"]}]},{\"@type\":\"BreadcrumbList\",\"@id\":\"https:\\\/\\\/nebraskademocrats.org\\\/2022-democratic-senators-priority-bills\\\/#breadcrumb\",\"itemListElement\":[{\"@type\":\"ListItem\",\"position\":1,\"name\":\"Home\",\"item\":\"https:\\\/\\\/nebraskademocrats.org\\\/\"},{\"@type\":\"ListItem\",\"position\":2,\"name\":\"2022 Democratic Senators Priority Bills\"}]},{\"@type\":\"WebSite\",\"@id\":\"https:\\\/\\\/nebraskademocrats.org\\\/#website\",\"url\":\"https:\\\/\\\/nebraskademocrats.org\\\/\",\"name\":\"Nebraska Democratic Party\",\"description\":\"Growing the Good Life for All Nebraskans\",\"publisher\":{\"@id\":\"https:\\\/\\\/nebraskademocrats.org\\\/#organization\"},\"potentialAction\":[{\"@type\":\"SearchAction\",\"target\":{\"@type\":\"EntryPoint\",\"urlTemplate\":\"https:\\\/\\\/nebraskademocrats.org\\\/?s={search_term_string}\"},\"query-input\":{\"@type\":\"PropertyValueSpecification\",\"valueRequired\":true,\"valueName\":\"search_term_string\"}}],\"inLanguage\":\"vi\"},{\"@type\":\"Organization\",\"@id\":\"https:\\\/\\\/nebraskademocrats.org\\\/#organization\",\"name\":\"Nebraska Democratic Party\",\"url\":\"https:\\\/\\\/nebraskademocrats.org\\\/\",\"logo\":{\"@type\":\"ImageObject\",\"inLanguage\":\"vi\",\"@id\":\"https:\\\/\\\/nebraskademocrats.org\\\/#\\\/schema\\\/logo\\\/image\\\/\",\"url\":\"https:\\\/\\\/nebraskadem.wpenginepowered.com\\\/wp-content\\\/uploads\\\/2016\\\/05\\\/NDP2.jpg\",\"contentUrl\":\"https:\\\/\\\/nebraskadem.wpenginepowered.com\\\/wp-content\\\/uploads\\\/2016\\\/05\\\/NDP2.jpg\",\"width\":1000,\"height\":396,\"caption\":\"Nebraska Democratic Party\"},\"image\":{\"@id\":\"https:\\\/\\\/nebraskademocrats.org\\\/#\\\/schema\\\/logo\\\/image\\\/\"},\"sameAs\":[\"https:\\\/\\\/www.facebook.com\\\/NebraskaDemocraticParty\\\/\",\"https:\\\/\\\/x.com\\\/nebraskadems\"]}]}<\/script>\n<!-- \/ Yoast SEO plugin. -->","yoast_head_json":{"title":"2022 Democratic Senators Priority Bills &#8211; Nebraska Democratic Party","robots":{"index":"index","follow":"follow","max-snippet":"max-snippet:-1","max-image-preview":"max-image-preview:large","max-video-preview":"max-video-preview:-1"},"canonical":"https:\/\/nebraskademocrats.org\/vi\/2022-democratic-senators-priority-bills\/","og_locale":"vi_VN","og_type":"article","og_title":"2022 Democratic Senators Priority Bills &#8211; Nebraska Democratic Party","og_description":"Senator Blood LR263CA Constitutional amendment to require the Legislature to reimburse political subdivisions as prescribed Senator Bostar LB964 Provide for per diems and actual meal expenses for the Nebraska State Patrol Senator Cavanaugh, J. LB921 Change where sentences of imprisonment are served Senator Cavanaugh, M. LB376 Require application for and implementation of federal approval for ... Read more","og_url":"https:\/\/nebraskademocrats.org\/vi\/2022-democratic-senators-priority-bills\/","og_site_name":"Nebraska Democratic Party","article_publisher":"https:\/\/www.facebook.com\/NebraskaDemocraticParty\/","og_image":[{"width":1200,"height":630,"url":"https:\/\/nebraskademocrats.org\/wp-content\/uploads\/2018\/09\/ne-dems-fb.jpg","type":"image\/jpeg"}],"twitter_card":"summary_large_image","twitter_site":"@nebraskadems","twitter_misc":{"\u01af\u1edbc t\u00ednh th\u1eddi gian \u0111\u1ecdc":"2 ph\u00fat"},"schema":{"@context":"https:\/\/schema.org","@graph":[{"@type":"WebPage","@id":"https:\/\/nebraskademocrats.org\/2022-democratic-senators-priority-bills\/","url":"https:\/\/nebraskademocrats.org\/2022-democratic-senators-priority-bills\/","name":"2022 Democratic Senators Priority Bills &#8211; Nebraska Democratic Party","isPartOf":{"@id":"https:\/\/nebraskademocrats.org\/#website"},"datePublished":"2022-02-23T16:21:56+00:00","breadcrumb":{"@id":"https:\/\/nebraskademocrats.org\/2022-democratic-senators-priority-bills\/#breadcrumb"},"inLanguage":"vi","potentialAction":[{"@type":"ReadAction","target":["https:\/\/nebraskademocrats.org\/2022-democratic-senators-priority-bills\/"]}]},{"@type":"BreadcrumbList","@id":"https:\/\/nebraskademocrats.org\/2022-democratic-senators-priority-bills\/#breadcrumb","itemListElement":[{"@type":"ListItem","position":1,"name":"Home","item":"https:\/\/nebraskademocrats.org\/"},{"@type":"ListItem","position":2,"name":"2022 Democratic Senators Priority Bills"}]},{"@type":"WebSite","@id":"https:\/\/nebraskademocrats.org\/#website","url":"https:\/\/nebraskademocrats.org\/","name":"Nebraska Democratic Party","description":"Ph\u00e1t tri\u1ec3n cu\u1ed9c s\u1ed1ng t\u1ed1t \u0111\u1eb9p cho t\u1ea5t c\u1ea3 Nebraskans","publisher":{"@id":"https:\/\/nebraskademocrats.org\/#organization"},"potentialAction":[{"@type":"SearchAction","target":{"@type":"EntryPoint","urlTemplate":"https:\/\/nebraskademocrats.org\/?s={search_term_string}"},"query-input":{"@type":"PropertyValueSpecification","valueRequired":true,"valueName":"search_term_string"}}],"inLanguage":"vi"},{"@type":"Organization","@id":"https:\/\/nebraskademocrats.org\/#organization","name":"Nebraska Democratic Party","url":"https:\/\/nebraskademocrats.org\/","logo":{"@type":"ImageObject","inLanguage":"vi","@id":"https:\/\/nebraskademocrats.org\/#\/schema\/logo\/image\/","url":"https:\/\/nebraskadem.wpenginepowered.com\/wp-content\/uploads\/2016\/05\/NDP2.jpg","contentUrl":"https:\/\/nebraskadem.wpenginepowered.com\/wp-content\/uploads\/2016\/05\/NDP2.jpg","width":1000,"height":396,"caption":"Nebraska Democratic Party"},"image":{"@id":"https:\/\/nebraskademocrats.org\/#\/schema\/logo\/image\/"},"sameAs":["https:\/\/www.facebook.com\/NebraskaDemocraticParty\/","https:\/\/x.com\/nebraskadems"]}]}},"_links":{"self":[{"href":"https:\/\/nebraskademocrats.org\/vi\/wp-json\/wp\/v2\/pages\/36398","targetHints":{"allow":["GET"]}}],"collection":[{"href":"https:\/\/nebraskademocrats.org\/vi\/wp-json\/wp\/v2\/pages"}],"about":[{"href":"https:\/\/nebraskademocrats.org\/vi\/wp-json\/wp\/v2\/types\/page"}],"author":[{"embeddable":true,"href":"https:\/\/nebraskademocrats.org\/vi\/wp-json\/wp\/v2\/users\/19"}],"replies":[{"embeddable":true,"href":"https:\/\/nebraskademocrats.org\/vi\/wp-json\/wp\/v2\/comments?post=36398"}],"version-history":[{"count":0,"href":"https:\/\/nebraskademocrats.org\/vi\/wp-json\/wp\/v2\/pages\/36398\/revisions"}],"wp:attachment":[{"href":"https:\/\/nebraskademocrats.org\/vi\/wp-json\/wp\/v2\/media?parent=36398"}],"curies":[{"name":"wp","href":"https:\/\/api.w.org\/{rel}","templated":true}]}}