{"id":37739,"date":"2022-04-21T12:58:28","date_gmt":"2022-04-21T17:58:28","guid":{"rendered":"https:\/\/nebraskadem.wpenginepowered.com\/?page_id=37739"},"modified":"2022-04-21T12:58:28","modified_gmt":"2022-04-21T17:58:28","slug":"get-involved","status":"publish","type":"page","link":"https:\/\/nebraskademocrats.org\/vi\/get-involved\/","title":{"rendered":"Tham gia v\u00e0o!"},"content":{"rendered":"<p>C\u00f3 nhi\u1ec1u c\u00e1ch b\u1ea1n c\u00f3 th\u1ec3 tham gia \u0111\u1ec3 gi\u00fap \u0111\u1ea3ng D\u00e2n ch\u1ee7 gi\u00e0nh chi\u1ebfn th\u1eafng!<\/p>\n<ul>\n<li><a href=\"https:\/\/www.mobilize.us\/nebdems\/event\/379336\/\"><b>T\u00ecnh nguy\u1ec7n vi\u00ean\u00a0<\/b><\/a><\/li>\n<li><a href=\"https:\/\/nebraskadem.wpenginepowered.com\/2022-democratic-candidates\/\"><b>Ch\u1ecdn m\u1ed9t \u1ee9ng c\u1eed vi\u00ean \u0111\u1ec3 h\u1ed7 tr\u1ee3 b\u1eb1ng c\u00e1ch \u0111i qua v\u00e0 \u0111\u1eb7t c\u00e1c bi\u1ec3n b\u00e1o s\u00e2n<\/b><\/a><\/li>\n<li><a href=\"https:\/\/secure.actblue.com\/donate\/nebdem?refcode=website\"><b>Tr\u1edf th\u00e0nh nh\u00e0 t\u00e0i tr\u1ee3 h\u00e0ng th\u00e1ng<\/b><\/a><\/li>\n<li><a href=\"https:\/\/actionnetwork.org\/forms\/stay-in-contact-with-nebraska-democrats?source=website\"><b>\u0110\u0103ng k\u00fd nh\u1eadn email v\u00e0 b\u1ea3n tin h\u00e0ng tu\u1ea7n c\u1ee7a ch\u00fang t\u00f4i<\/b><\/a><\/li>\n<li><a href=\"https:\/\/nebraskadem.wpenginepowered.com\/officers\/\"><b>Tham gia v\u1edbi \u0111\u1ea3ng h\u1ea1t c\u1ee7a b\u1ea1n<\/b><\/a><\/li>\n<li><a href=\"https:\/\/iwillvote.com\/?state=NE\"><b>Gi\u00fap gia \u0111\u00ecnh v\u00e0 b\u1ea1n b\u00e8 c\u1ee7a b\u1ea1n \u0111\u0103ng k\u00fd b\u1ecf phi\u1ebfu<\/b><\/a><\/li>\n<li><b>\u0110\u0103ng k\u00fd b\u00ecnh ch\u1ecdn qua th\u01b0<br \/>\n<\/b><\/li>\n<li><a href=\"https:\/\/nebraskadem.wpenginepowered.com\/become-a-block-captain\/\"><b>Tr\u1edf th\u00e0nh \u0110\u1ed9i tr\u01b0\u1edfng Kh\u1ed1i<\/b><\/a><\/li>\n<li><a href=\"https:\/\/nebraskadem.wpenginepowered.com\/sccminutes\/\"><b>H\u00e3y \u0111\u1ebfn \u1ee6y ban Trung \u01b0\u01a1ng Nh\u00e0 n\u01b0\u1edbc c\u1ee7a ch\u00fang t\u00f4i v\u00e0o cu\u1ed1i tu\u1ea7n \u0111\u1ec3 \u0111\u01b0\u1ee3c \u0111\u00e0o t\u1ea1o<\/b><\/a><\/li>\n<\/ul>","protected":false},"excerpt":{"rendered":"<p>C\u00f3 nhi\u1ec1u c\u00e1ch b\u1ea1n c\u00f3 th\u1ec3 tham gia \u0111\u1ec3 gi\u00fap \u0111\u1ea3ng D\u00e2n ch\u1ee7 gi\u00e0nh chi\u1ebfn th\u1eafng! T\u00ecnh nguy\u1ec7n vi\u00ean Ch\u1ecdn m\u1ed9t \u1ee9ng c\u1eed vi\u00ean \u0111\u1ec3 h\u1ed7 tr\u1ee3 b\u1eb1ng c\u00e1ch \u0111\u00f3ng th\u00f9ng v\u00e0 \u0111\u1eb7t bi\u1ec3n b\u00e1o tr\u00ean s\u00e2n Tr\u1edf th\u00e0nh Nh\u00e0 t\u00e0i tr\u1ee3 h\u00e0ng th\u00e1ng \u0110\u0103ng k\u00fd nh\u1eadn email v\u00e0 b\u1ea3n tin h\u00e0ng tu\u1ea7n c\u1ee7a ch\u00fang t\u00f4i Tham gia v\u1edbi \u0111\u1ea3ng h\u1ea1t c\u1ee7a b\u1ea1n Gi\u00fap gia \u0111\u00ecnh v\u00e0 b\u1ea1n b\u00e8 c\u1ee7a b\u1ea1n \u0111\u0103ng k\u00fd b\u1ecf phi\u1ebfu \u0110\u0103ng k\u00fd \u0111\u1ec3 b\u1ecf phi\u1ebfu\u2026 <a title=\"Tham gia v\u00e0o!\" class=\"read-more\" href=\"https:\/\/nebraskademocrats.org\/vi\/get-involved\/\" aria-label=\"Th\u00f4ng tin th\u00eam v\u1ec1 Tham gia!\">\u0110\u1ecdc th\u00eam<\/a><\/p>","protected":false},"author":19,"featured_media":0,"parent":0,"menu_order":0,"comment_status":"closed","ping_status":"closed","template":"","meta":{"_acf_changed":false,"_exactmetrics_skip_tracking":false,"_exactmetrics_sitenote_active":false,"_exactmetrics_sitenote_note":"","_exactmetrics_sitenote_category":0,"footnotes":""},"class_list":["post-37739","page","type-page","status-publish"],"acf":[],"yoast_head":"<!-- This site is optimized with the Yoast SEO plugin v27.3 - https:\/\/yoast.com\/product\/yoast-seo-wordpress\/ -->\n<title>Get Involved! &#8211; Nebraska Democratic Party<\/title>\n<meta name=\"robots\" content=\"index, follow, max-snippet:-1, max-image-preview:large, max-video-preview:-1\" \/>\n<link rel=\"canonical\" href=\"https:\/\/nebraskademocrats.org\/vi\/get-involved\/\" \/>\n<meta property=\"og:locale\" content=\"vi_VN\" \/>\n<meta property=\"og:type\" content=\"article\" \/>\n<meta property=\"og:title\" content=\"Get Involved! &#8211; Nebraska Democratic Party\" \/>\n<meta property=\"og:description\" content=\"There are many ways you can get involved to help Democrats win! Volunteer\u00a0 Choose a candidate to support by canvassing and putting up yard signs Become a Monthly Donor Sign up for our emails and weekly newsletter Get involved with you county party Help your family and friends register to vote Sign up to vote ... Read more\" \/>\n<meta property=\"og:url\" content=\"https:\/\/nebraskademocrats.org\/vi\/get-involved\/\" \/>\n<meta property=\"og:site_name\" content=\"Nebraska Democratic Party\" \/>\n<meta property=\"article:publisher\" content=\"https:\/\/www.facebook.com\/NebraskaDemocraticParty\/\" \/>\n<meta property=\"og:image\" content=\"https:\/\/nebraskademocrats.org\/wp-content\/uploads\/2018\/09\/ne-dems-fb.jpg\" \/>\n\t<meta property=\"og:image:width\" content=\"1200\" \/>\n\t<meta property=\"og:image:height\" content=\"630\" \/>\n\t<meta property=\"og:image:type\" content=\"image\/jpeg\" \/>\n<meta name=\"twitter:card\" content=\"summary_large_image\" \/>\n<meta name=\"twitter:site\" content=\"@nebraskadems\" \/>\n<meta name=\"twitter:label1\" content=\"\u01af\u1edbc t\u00ednh th\u1eddi gian \u0111\u1ecdc\" \/>\n\t<meta name=\"twitter:data1\" content=\"1 ph\u00fat\" \/>\n<script type=\"application\/ld+json\" class=\"yoast-schema-graph\">{\"@context\":\"https:\\\/\\\/schema.org\",\"@graph\":[{\"@type\":\"WebPage\",\"@id\":\"https:\\\/\\\/nebraskademocrats.org\\\/get-involved\\\/\",\"url\":\"https:\\\/\\\/nebraskademocrats.org\\\/get-involved\\\/\",\"name\":\"Get Involved! &#8211; Nebraska Democratic Party\",\"isPartOf\":{\"@id\":\"https:\\\/\\\/nebraskademocrats.org\\\/#website\"},\"datePublished\":\"2022-04-21T17:58:28+00:00\",\"breadcrumb\":{\"@id\":\"https:\\\/\\\/nebraskademocrats.org\\\/get-involved\\\/#breadcrumb\"},\"inLanguage\":\"vi\",\"potentialAction\":[{\"@type\":\"ReadAction\",\"target\":[\"https:\\\/\\\/nebraskademocrats.org\\\/get-involved\\\/\"]}]},{\"@type\":\"BreadcrumbList\",\"@id\":\"https:\\\/\\\/nebraskademocrats.org\\\/get-involved\\\/#breadcrumb\",\"itemListElement\":[{\"@type\":\"ListItem\",\"position\":1,\"name\":\"Home\",\"item\":\"https:\\\/\\\/nebraskademocrats.org\\\/\"},{\"@type\":\"ListItem\",\"position\":2,\"name\":\"Get Involved!\"}]},{\"@type\":\"WebSite\",\"@id\":\"https:\\\/\\\/nebraskademocrats.org\\\/#website\",\"url\":\"https:\\\/\\\/nebraskademocrats.org\\\/\",\"name\":\"Nebraska Democratic Party\",\"description\":\"Growing the Good Life for All Nebraskans\",\"publisher\":{\"@id\":\"https:\\\/\\\/nebraskademocrats.org\\\/#organization\"},\"potentialAction\":[{\"@type\":\"SearchAction\",\"target\":{\"@type\":\"EntryPoint\",\"urlTemplate\":\"https:\\\/\\\/nebraskademocrats.org\\\/?s={search_term_string}\"},\"query-input\":{\"@type\":\"PropertyValueSpecification\",\"valueRequired\":true,\"valueName\":\"search_term_string\"}}],\"inLanguage\":\"vi\"},{\"@type\":\"Organization\",\"@id\":\"https:\\\/\\\/nebraskademocrats.org\\\/#organization\",\"name\":\"Nebraska Democratic Party\",\"url\":\"https:\\\/\\\/nebraskademocrats.org\\\/\",\"logo\":{\"@type\":\"ImageObject\",\"inLanguage\":\"vi\",\"@id\":\"https:\\\/\\\/nebraskademocrats.org\\\/#\\\/schema\\\/logo\\\/image\\\/\",\"url\":\"https:\\\/\\\/nebraskadem.wpenginepowered.com\\\/wp-content\\\/uploads\\\/2016\\\/05\\\/NDP2.jpg\",\"contentUrl\":\"https:\\\/\\\/nebraskadem.wpenginepowered.com\\\/wp-content\\\/uploads\\\/2016\\\/05\\\/NDP2.jpg\",\"width\":1000,\"height\":396,\"caption\":\"Nebraska Democratic Party\"},\"image\":{\"@id\":\"https:\\\/\\\/nebraskademocrats.org\\\/#\\\/schema\\\/logo\\\/image\\\/\"},\"sameAs\":[\"https:\\\/\\\/www.facebook.com\\\/NebraskaDemocraticParty\\\/\",\"https:\\\/\\\/x.com\\\/nebraskadems\"]}]}<\/script>\n<!-- \/ Yoast SEO plugin. -->","yoast_head_json":{"title":"Get Involved! &#8211; Nebraska Democratic Party","robots":{"index":"index","follow":"follow","max-snippet":"max-snippet:-1","max-image-preview":"max-image-preview:large","max-video-preview":"max-video-preview:-1"},"canonical":"https:\/\/nebraskademocrats.org\/vi\/get-involved\/","og_locale":"vi_VN","og_type":"article","og_title":"Get Involved! &#8211; Nebraska Democratic Party","og_description":"There are many ways you can get involved to help Democrats win! Volunteer\u00a0 Choose a candidate to support by canvassing and putting up yard signs Become a Monthly Donor Sign up for our emails and weekly newsletter Get involved with you county party Help your family and friends register to vote Sign up to vote ... Read more","og_url":"https:\/\/nebraskademocrats.org\/vi\/get-involved\/","og_site_name":"Nebraska Democratic Party","article_publisher":"https:\/\/www.facebook.com\/NebraskaDemocraticParty\/","og_image":[{"width":1200,"height":630,"url":"https:\/\/nebraskademocrats.org\/wp-content\/uploads\/2018\/09\/ne-dems-fb.jpg","type":"image\/jpeg"}],"twitter_card":"summary_large_image","twitter_site":"@nebraskadems","twitter_misc":{"\u01af\u1edbc t\u00ednh th\u1eddi gian \u0111\u1ecdc":"1 ph\u00fat"},"schema":{"@context":"https:\/\/schema.org","@graph":[{"@type":"WebPage","@id":"https:\/\/nebraskademocrats.org\/get-involved\/","url":"https:\/\/nebraskademocrats.org\/get-involved\/","name":"Get Involved! &#8211; Nebraska Democratic Party","isPartOf":{"@id":"https:\/\/nebraskademocrats.org\/#website"},"datePublished":"2022-04-21T17:58:28+00:00","breadcrumb":{"@id":"https:\/\/nebraskademocrats.org\/get-involved\/#breadcrumb"},"inLanguage":"vi","potentialAction":[{"@type":"ReadAction","target":["https:\/\/nebraskademocrats.org\/get-involved\/"]}]},{"@type":"BreadcrumbList","@id":"https:\/\/nebraskademocrats.org\/get-involved\/#breadcrumb","itemListElement":[{"@type":"ListItem","position":1,"name":"Home","item":"https:\/\/nebraskademocrats.org\/"},{"@type":"ListItem","position":2,"name":"Get Involved!"}]},{"@type":"WebSite","@id":"https:\/\/nebraskademocrats.org\/#website","url":"https:\/\/nebraskademocrats.org\/","name":"Nebraska Democratic Party","description":"Ph\u00e1t tri\u1ec3n cu\u1ed9c s\u1ed1ng t\u1ed1t \u0111\u1eb9p cho t\u1ea5t c\u1ea3 Nebraskans","publisher":{"@id":"https:\/\/nebraskademocrats.org\/#organization"},"potentialAction":[{"@type":"SearchAction","target":{"@type":"EntryPoint","urlTemplate":"https:\/\/nebraskademocrats.org\/?s={search_term_string}"},"query-input":{"@type":"PropertyValueSpecification","valueRequired":true,"valueName":"search_term_string"}}],"inLanguage":"vi"},{"@type":"Organization","@id":"https:\/\/nebraskademocrats.org\/#organization","name":"Nebraska Democratic Party","url":"https:\/\/nebraskademocrats.org\/","logo":{"@type":"ImageObject","inLanguage":"vi","@id":"https:\/\/nebraskademocrats.org\/#\/schema\/logo\/image\/","url":"https:\/\/nebraskadem.wpenginepowered.com\/wp-content\/uploads\/2016\/05\/NDP2.jpg","contentUrl":"https:\/\/nebraskadem.wpenginepowered.com\/wp-content\/uploads\/2016\/05\/NDP2.jpg","width":1000,"height":396,"caption":"Nebraska Democratic Party"},"image":{"@id":"https:\/\/nebraskademocrats.org\/#\/schema\/logo\/image\/"},"sameAs":["https:\/\/www.facebook.com\/NebraskaDemocraticParty\/","https:\/\/x.com\/nebraskadems"]}]}},"_links":{"self":[{"href":"https:\/\/nebraskademocrats.org\/vi\/wp-json\/wp\/v2\/pages\/37739","targetHints":{"allow":["GET"]}}],"collection":[{"href":"https:\/\/nebraskademocrats.org\/vi\/wp-json\/wp\/v2\/pages"}],"about":[{"href":"https:\/\/nebraskademocrats.org\/vi\/wp-json\/wp\/v2\/types\/page"}],"author":[{"embeddable":true,"href":"https:\/\/nebraskademocrats.org\/vi\/wp-json\/wp\/v2\/users\/19"}],"replies":[{"embeddable":true,"href":"https:\/\/nebraskademocrats.org\/vi\/wp-json\/wp\/v2\/comments?post=37739"}],"version-history":[{"count":0,"href":"https:\/\/nebraskademocrats.org\/vi\/wp-json\/wp\/v2\/pages\/37739\/revisions"}],"wp:attachment":[{"href":"https:\/\/nebraskademocrats.org\/vi\/wp-json\/wp\/v2\/media?parent=37739"}],"curies":[{"name":"wp","href":"https:\/\/api.w.org\/{rel}","templated":true}]}}