{"id":38220,"date":"2022-06-01T11:08:08","date_gmt":"2022-06-01T16:08:08","guid":{"rendered":"https:\/\/nebraskadem.wpenginepowered.com\/?page_id=38220"},"modified":"2022-06-01T11:12:10","modified_gmt":"2022-06-01T16:12:10","slug":"vote-early-in-person-in-the-cd1-special-election","status":"publish","type":"page","link":"https:\/\/nebraskademocrats.org\/vi\/vote-early-in-person-in-the-cd1-special-election\/","title":{"rendered":"B\u1ecf phi\u1ebfu s\u1edbm trong Cu\u1ed9c B\u1ea7u c\u1eed \u0110\u1eb7c bi\u1ec7t c\u1ee7a CD1"},"content":{"rendered":"<h2><b>C\u00e1c h\u1ea1t CD1:<\/b><\/h2>\n<p>B\u1ea1n c\u00f3 ph\u1ea3i l\u00e0 c\u1eed tri trong CD1 kh\u00f4ng? D\u01b0\u1edbi \u0111\u00e2y l\u00e0 c\u00e1c qu\u1eadn t\u1ea1o n\u00ean Qu\u1eadn Qu\u1ed1c h\u1ed9i th\u1ee9 nh\u1ea5t.<\/p>\n<p>Qu\u1ea3n gia<br \/>\nCass<br \/>\nColfax<br \/>\nCuming<br \/>\nN\u00e9 tr\u00e1nh<br \/>\nLancaster<br \/>\nMadison<br \/>\nPlatte<br \/>\nPolk *<br \/>\nSarpy *<br \/>\nSeward<br \/>\nStanton<\/p>\n<p>* Ch\u1ec9 m\u1ed9t ph\u1ea7n c\u1ee7a qu\u1eadn n\u1eb1m trong Qu\u1eadn 1 c\u1ee7a Qu\u1ed1c h\u1ed9i.\u00a0<a href=\"https:\/\/sos.nebraska.gov\/sites\/sos.nebraska.gov\/files\/doc\/elections\/2022\/Special-Election\/Congressional-District-1-Maps.pdf\"><b>Xem b\u1ea3n \u0111\u1ed3 m\u1edbi c\u1ee7a CD1.\u00a0<\/b><\/a><\/p>\n<h2><b>V\u0103n ph\u00f2ng B\u1ea7u c\u1eed Qu\u1eadn CD1:<\/b><\/h2>\n<p><b>K\u1ec3 t\u1eeb ng\u00e0y 31 th\u00e1ng 5, b\u1ea1n c\u00f3 th\u1ec3 \u0111i b\u1ed9 \u0111\u1ebfn v\u0103n ph\u00f2ng b\u1ea7u c\u1eed qu\u1eadn c\u1ee7a b\u1ea1n v\u00e0 b\u1ecf phi\u1ebfu s\u1edbm.\u00a0<\/b><\/p>\n<p>N\u1ebfu b\u1ea1n ch\u01b0a \u0111\u0103ng k\u00fd b\u1ecf phi\u1ebfu ho\u1eb7c c\u1ea7n c\u1eadp nh\u1eadt \u0111\u1ecba ch\u1ec9 ho\u1eb7c chi nh\u00e1nh c\u1ee7a \u0111\u1ea3ng, b\u1ea1n c\u0169ng c\u00f3 th\u1ec3 l\u00e0m \u0111i\u1ec1u \u0111\u00f3 t\u1ea1i v\u0103n ph\u00f2ng b\u1ea7u c\u1eed qu\u1eadn c\u1ee7a b\u1ea1n.<\/p>\n<p><b>Qu\u1ea3n gia<br \/>\n<\/b>451 N. 5th Ave., Suite 10, David City<br \/>\n8:30 s\u00e1ng - 5 gi\u1edd chi\u1ec1u, Th\u1ee9 Hai - Th\u1ee9 S\u00e1u<\/p>\n<p><b>Cass<\/b><b><br \/>\n<\/b>201 Main St., Plattsmouth<br \/>\n8 gi\u1edd s\u00e1ng - 5 gi\u1edd chi\u1ec1u, Th\u1ee9 Hai - Th\u1ee9 S\u00e1u<\/p>\n<p><b>Colfax<br \/>\n<\/b>411 E. Th\u1ee9 11 S., Schuyler<br \/>\n8:30 s\u00e1ng - 4:30 chi\u1ec1u, Th\u1ee9 Hai - Th\u1ee9 S\u00e1u<\/p>\n<p><b>Cuming<br \/>\n<\/b>200 S. Lincoln St., Ph\u00f2ng 100, West Point<br \/>\n8:30 s\u00e1ng - 4:30 chi\u1ec1u, Th\u1ee9 Hai - Th\u1ee9 S\u00e1u<\/p>\n<p><b>N\u00e9 tr\u00e1nh<br \/>\n<\/b>435 N. Park, 102 Rm, Fremont<br \/>\n8:30 s\u00e1ng - 4:30 chi\u1ec1u, Th\u1ee9 Hai - Th\u1ee9 S\u00e1u<\/p>\n<p><b>Lancaster<br \/>\n<\/b>601 N 46th St., Lincoln<br \/>\n8 gi\u1edd s\u00e1ng - 4 gi\u1edd 30 chi\u1ec1u, Th\u1ee9 Hai-Th\u1ee9 S\u00e1u<\/p>\n<p><b>Madison<br \/>\n<\/b>1313 N. Main St., Madison<br \/>\n8:30 s\u00e1ng - 5 gi\u1edd chi\u1ec1u, Th\u1ee9 Hai-Th\u1ee9 S\u00e1u<\/p>\n<p><b>Platte<br \/>\n<\/b>T\u00f2a \u00e1n h\u1ea1t Platte, \u0110\u1ea1i l\u1ed9 26 v\u00e0 \u0110\u01b0\u1eddng 14, Columbus<br \/>\n8 gi\u1edd s\u00e1ng - 5 gi\u1edd chi\u1ec1u, Th\u1ee9 Hai - Th\u1ee9 S\u00e1u<\/p>\n<p><b>Polk<br \/>\n<\/b>400 Hawkeye St.<br \/>\n8 gi\u1edd s\u00e1ng - 5 gi\u1edd chi\u1ec1u, Th\u1ee9 Hai - Th\u1ee9 S\u00e1u<\/p>\n<p><b>Sarpy<br \/>\n<\/b>1102 E. 1st St., Suit #1, Papillion<br \/>\n8 gi\u1edd s\u00e1ng - 4:45 chi\u1ec1u, Th\u1ee9 Hai - Th\u1ee9 S\u00e1u<\/p>\n<p><b>Seward<br \/>\n<\/b>529 Seward St., Ph\u00f2ng 205, Seward<br \/>\n8 gi\u1edd s\u00e1ng - 5 gi\u1edd chi\u1ec1u, Th\u1ee9 Hai - Th\u1ee9 S\u00e1u<\/p>\n<p><b>Stanton<\/b><b><br \/>\n<\/b>804 Ivy St., Stanton<br \/>\n8:30 s\u00e1ng - 4:30 chi\u1ec1u, Th\u1ee9 Hai - Th\u1ee9 S\u00e1u<\/p>","protected":false},"excerpt":{"rendered":"<p>C\u00e1c h\u1ea1t CD1: B\u1ea1n c\u00f3 ph\u1ea3i l\u00e0 c\u1eed tri trong CD1 kh\u00f4ng? D\u01b0\u1edbi \u0111\u00e2y l\u00e0 c\u00e1c qu\u1eadn t\u1ea1o n\u00ean Qu\u1eadn Qu\u1ed1c h\u1ed9i th\u1ee9 nh\u1ea5t. Butler Cass Colfax Cuming Dodge Lancaster Madison Platte Polk * Sarpy * Seward Stanton * Ch\u1ec9 m\u1ed9t ph\u1ea7n c\u1ee7a qu\u1eadn n\u1eb1m trong Qu\u1eadn 1. Xem b\u1ea3n \u0111\u1ed3 m\u1edbi c\u1ee7a CD1. V\u0103n ph\u00f2ng B\u1ea7u c\u1eed Qu\u1eadn CD1: K\u1ec3 t\u1eeb\u2026 <a title=\"B\u1ecf phi\u1ebfu s\u1edbm trong Cu\u1ed9c B\u1ea7u c\u1eed \u0110\u1eb7c bi\u1ec7t c\u1ee7a CD1\" class=\"read-more\" href=\"https:\/\/nebraskademocrats.org\/vi\/vote-early-in-person-in-the-cd1-special-election\/\" aria-label=\"Th\u00f4ng tin th\u00eam v\u1ec1 B\u1ecf phi\u1ebfu s\u1edbm trong Cu\u1ed9c B\u1ea7u c\u1eed \u0110\u1eb7c bi\u1ec7t c\u1ee7a CD1\">\u0110\u1ecdc th\u00eam<\/a><\/p>","protected":false},"author":19,"featured_media":0,"parent":0,"menu_order":0,"comment_status":"closed","ping_status":"closed","template":"","meta":{"_acf_changed":false,"_exactmetrics_skip_tracking":false,"_exactmetrics_sitenote_active":false,"_exactmetrics_sitenote_note":"","_exactmetrics_sitenote_category":0,"footnotes":""},"class_list":["post-38220","page","type-page","status-publish"],"acf":[],"yoast_head":"<!-- This site is optimized with the Yoast SEO plugin v27.3 - https:\/\/yoast.com\/product\/yoast-seo-wordpress\/ -->\n<title>Vote early in person in the CD1 Special Election &#8211; Nebraska Democratic Party<\/title>\n<meta name=\"robots\" content=\"index, follow, max-snippet:-1, max-image-preview:large, max-video-preview:-1\" \/>\n<link rel=\"canonical\" href=\"https:\/\/nebraskademocrats.org\/vi\/vote-early-in-person-in-the-cd1-special-election\/\" \/>\n<meta property=\"og:locale\" content=\"vi_VN\" \/>\n<meta property=\"og:type\" content=\"article\" \/>\n<meta property=\"og:title\" content=\"Vote early in person in the CD1 Special Election &#8211; Nebraska Democratic Party\" \/>\n<meta property=\"og:description\" content=\"CD1 Counties: Are you a voter in CD1? Here are the counties that make up the First Congressional District. Butler Cass Colfax Cuming Dodge Lancaster Madison Platte Polk* Sarpy* Seward Stanton * Only a partial part of the county is within Congressional District 1.\u00a0View the new map of CD1.\u00a0 CD1 County Election Offices: As of ... Read more\" \/>\n<meta property=\"og:url\" content=\"https:\/\/nebraskademocrats.org\/vi\/vote-early-in-person-in-the-cd1-special-election\/\" \/>\n<meta property=\"og:site_name\" content=\"Nebraska Democratic Party\" \/>\n<meta property=\"article:publisher\" content=\"https:\/\/www.facebook.com\/NebraskaDemocraticParty\/\" \/>\n<meta property=\"article:modified_time\" content=\"2022-06-01T16:12:10+00:00\" \/>\n<meta property=\"og:image\" content=\"https:\/\/nebraskademocrats.org\/wp-content\/uploads\/2018\/09\/ne-dems-fb.jpg\" \/>\n\t<meta property=\"og:image:width\" content=\"1200\" \/>\n\t<meta property=\"og:image:height\" content=\"630\" \/>\n\t<meta property=\"og:image:type\" content=\"image\/jpeg\" \/>\n<meta name=\"twitter:card\" content=\"summary_large_image\" \/>\n<meta name=\"twitter:site\" content=\"@nebraskadems\" \/>\n<meta name=\"twitter:label1\" content=\"\u01af\u1edbc t\u00ednh th\u1eddi gian \u0111\u1ecdc\" \/>\n\t<meta name=\"twitter:data1\" content=\"2 ph\u00fat\" \/>\n<script type=\"application\/ld+json\" class=\"yoast-schema-graph\">{\"@context\":\"https:\\\/\\\/schema.org\",\"@graph\":[{\"@type\":\"WebPage\",\"@id\":\"https:\\\/\\\/nebraskademocrats.org\\\/vote-early-in-person-in-the-cd1-special-election\\\/\",\"url\":\"https:\\\/\\\/nebraskademocrats.org\\\/vote-early-in-person-in-the-cd1-special-election\\\/\",\"name\":\"Vote early in person in the CD1 Special Election &#8211; Nebraska Democratic Party\",\"isPartOf\":{\"@id\":\"https:\\\/\\\/nebraskademocrats.org\\\/#website\"},\"datePublished\":\"2022-06-01T16:08:08+00:00\",\"dateModified\":\"2022-06-01T16:12:10+00:00\",\"breadcrumb\":{\"@id\":\"https:\\\/\\\/nebraskademocrats.org\\\/vote-early-in-person-in-the-cd1-special-election\\\/#breadcrumb\"},\"inLanguage\":\"vi\",\"potentialAction\":[{\"@type\":\"ReadAction\",\"target\":[\"https:\\\/\\\/nebraskademocrats.org\\\/vote-early-in-person-in-the-cd1-special-election\\\/\"]}]},{\"@type\":\"BreadcrumbList\",\"@id\":\"https:\\\/\\\/nebraskademocrats.org\\\/vote-early-in-person-in-the-cd1-special-election\\\/#breadcrumb\",\"itemListElement\":[{\"@type\":\"ListItem\",\"position\":1,\"name\":\"Home\",\"item\":\"https:\\\/\\\/nebraskademocrats.org\\\/\"},{\"@type\":\"ListItem\",\"position\":2,\"name\":\"Vote early in person in the CD1 Special Election\"}]},{\"@type\":\"WebSite\",\"@id\":\"https:\\\/\\\/nebraskademocrats.org\\\/#website\",\"url\":\"https:\\\/\\\/nebraskademocrats.org\\\/\",\"name\":\"Nebraska Democratic Party\",\"description\":\"Growing the Good Life for All Nebraskans\",\"publisher\":{\"@id\":\"https:\\\/\\\/nebraskademocrats.org\\\/#organization\"},\"potentialAction\":[{\"@type\":\"SearchAction\",\"target\":{\"@type\":\"EntryPoint\",\"urlTemplate\":\"https:\\\/\\\/nebraskademocrats.org\\\/?s={search_term_string}\"},\"query-input\":{\"@type\":\"PropertyValueSpecification\",\"valueRequired\":true,\"valueName\":\"search_term_string\"}}],\"inLanguage\":\"vi\"},{\"@type\":\"Organization\",\"@id\":\"https:\\\/\\\/nebraskademocrats.org\\\/#organization\",\"name\":\"Nebraska Democratic Party\",\"url\":\"https:\\\/\\\/nebraskademocrats.org\\\/\",\"logo\":{\"@type\":\"ImageObject\",\"inLanguage\":\"vi\",\"@id\":\"https:\\\/\\\/nebraskademocrats.org\\\/#\\\/schema\\\/logo\\\/image\\\/\",\"url\":\"https:\\\/\\\/nebraskadem.wpenginepowered.com\\\/wp-content\\\/uploads\\\/2016\\\/05\\\/NDP2.jpg\",\"contentUrl\":\"https:\\\/\\\/nebraskadem.wpenginepowered.com\\\/wp-content\\\/uploads\\\/2016\\\/05\\\/NDP2.jpg\",\"width\":1000,\"height\":396,\"caption\":\"Nebraska Democratic Party\"},\"image\":{\"@id\":\"https:\\\/\\\/nebraskademocrats.org\\\/#\\\/schema\\\/logo\\\/image\\\/\"},\"sameAs\":[\"https:\\\/\\\/www.facebook.com\\\/NebraskaDemocraticParty\\\/\",\"https:\\\/\\\/x.com\\\/nebraskadems\"]}]}<\/script>\n<!-- \/ Yoast SEO plugin. -->","yoast_head_json":{"title":"Vote early in person in the CD1 Special Election &#8211; Nebraska Democratic Party","robots":{"index":"index","follow":"follow","max-snippet":"max-snippet:-1","max-image-preview":"max-image-preview:large","max-video-preview":"max-video-preview:-1"},"canonical":"https:\/\/nebraskademocrats.org\/vi\/vote-early-in-person-in-the-cd1-special-election\/","og_locale":"vi_VN","og_type":"article","og_title":"Vote early in person in the CD1 Special Election &#8211; Nebraska Democratic Party","og_description":"CD1 Counties: Are you a voter in CD1? Here are the counties that make up the First Congressional District. Butler Cass Colfax Cuming Dodge Lancaster Madison Platte Polk* Sarpy* Seward Stanton * Only a partial part of the county is within Congressional District 1.\u00a0View the new map of CD1.\u00a0 CD1 County Election Offices: As of ... Read more","og_url":"https:\/\/nebraskademocrats.org\/vi\/vote-early-in-person-in-the-cd1-special-election\/","og_site_name":"Nebraska Democratic Party","article_publisher":"https:\/\/www.facebook.com\/NebraskaDemocraticParty\/","article_modified_time":"2022-06-01T16:12:10+00:00","og_image":[{"width":1200,"height":630,"url":"https:\/\/nebraskademocrats.org\/wp-content\/uploads\/2018\/09\/ne-dems-fb.jpg","type":"image\/jpeg"}],"twitter_card":"summary_large_image","twitter_site":"@nebraskadems","twitter_misc":{"\u01af\u1edbc t\u00ednh th\u1eddi gian \u0111\u1ecdc":"2 ph\u00fat"},"schema":{"@context":"https:\/\/schema.org","@graph":[{"@type":"WebPage","@id":"https:\/\/nebraskademocrats.org\/vote-early-in-person-in-the-cd1-special-election\/","url":"https:\/\/nebraskademocrats.org\/vote-early-in-person-in-the-cd1-special-election\/","name":"Vote early in person in the CD1 Special Election &#8211; Nebraska Democratic Party","isPartOf":{"@id":"https:\/\/nebraskademocrats.org\/#website"},"datePublished":"2022-06-01T16:08:08+00:00","dateModified":"2022-06-01T16:12:10+00:00","breadcrumb":{"@id":"https:\/\/nebraskademocrats.org\/vote-early-in-person-in-the-cd1-special-election\/#breadcrumb"},"inLanguage":"vi","potentialAction":[{"@type":"ReadAction","target":["https:\/\/nebraskademocrats.org\/vote-early-in-person-in-the-cd1-special-election\/"]}]},{"@type":"BreadcrumbList","@id":"https:\/\/nebraskademocrats.org\/vote-early-in-person-in-the-cd1-special-election\/#breadcrumb","itemListElement":[{"@type":"ListItem","position":1,"name":"Home","item":"https:\/\/nebraskademocrats.org\/"},{"@type":"ListItem","position":2,"name":"Vote early in person in the CD1 Special Election"}]},{"@type":"WebSite","@id":"https:\/\/nebraskademocrats.org\/#website","url":"https:\/\/nebraskademocrats.org\/","name":"Nebraska Democratic Party","description":"Ph\u00e1t tri\u1ec3n cu\u1ed9c s\u1ed1ng t\u1ed1t \u0111\u1eb9p cho t\u1ea5t c\u1ea3 Nebraskans","publisher":{"@id":"https:\/\/nebraskademocrats.org\/#organization"},"potentialAction":[{"@type":"SearchAction","target":{"@type":"EntryPoint","urlTemplate":"https:\/\/nebraskademocrats.org\/?s={search_term_string}"},"query-input":{"@type":"PropertyValueSpecification","valueRequired":true,"valueName":"search_term_string"}}],"inLanguage":"vi"},{"@type":"Organization","@id":"https:\/\/nebraskademocrats.org\/#organization","name":"Nebraska Democratic Party","url":"https:\/\/nebraskademocrats.org\/","logo":{"@type":"ImageObject","inLanguage":"vi","@id":"https:\/\/nebraskademocrats.org\/#\/schema\/logo\/image\/","url":"https:\/\/nebraskadem.wpenginepowered.com\/wp-content\/uploads\/2016\/05\/NDP2.jpg","contentUrl":"https:\/\/nebraskadem.wpenginepowered.com\/wp-content\/uploads\/2016\/05\/NDP2.jpg","width":1000,"height":396,"caption":"Nebraska Democratic Party"},"image":{"@id":"https:\/\/nebraskademocrats.org\/#\/schema\/logo\/image\/"},"sameAs":["https:\/\/www.facebook.com\/NebraskaDemocraticParty\/","https:\/\/x.com\/nebraskadems"]}]}},"_links":{"self":[{"href":"https:\/\/nebraskademocrats.org\/vi\/wp-json\/wp\/v2\/pages\/38220","targetHints":{"allow":["GET"]}}],"collection":[{"href":"https:\/\/nebraskademocrats.org\/vi\/wp-json\/wp\/v2\/pages"}],"about":[{"href":"https:\/\/nebraskademocrats.org\/vi\/wp-json\/wp\/v2\/types\/page"}],"author":[{"embeddable":true,"href":"https:\/\/nebraskademocrats.org\/vi\/wp-json\/wp\/v2\/users\/19"}],"replies":[{"embeddable":true,"href":"https:\/\/nebraskademocrats.org\/vi\/wp-json\/wp\/v2\/comments?post=38220"}],"version-history":[{"count":0,"href":"https:\/\/nebraskademocrats.org\/vi\/wp-json\/wp\/v2\/pages\/38220\/revisions"}],"wp:attachment":[{"href":"https:\/\/nebraskademocrats.org\/vi\/wp-json\/wp\/v2\/media?parent=38220"}],"curies":[{"name":"wp","href":"https:\/\/api.w.org\/{rel}","templated":true}]}}