{"id":39253,"date":"2022-08-31T13:21:23","date_gmt":"2022-08-31T18:21:23","guid":{"rendered":"https:\/\/nebraskadem.wpenginepowered.com\/?page_id=39253"},"modified":"2022-08-31T17:50:57","modified_gmt":"2022-08-31T22:50:57","slug":"vargas-bacon-to-debate","status":"publish","type":"page","link":"https:\/\/nebraskademocrats.org\/vi\/vargas-bacon-to-debate\/","title":{"rendered":"Vargas-Bacon \u0111\u1ec3 tranh lu\u1eadn"},"content":{"rendered":"<p>C\u00e1c \u1ee9ng c\u1eed vi\u00ean Qu\u1ed1c h\u1ed9i th\u1ee9 2 - Th\u01b0\u1ee3ng ngh\u1ecb s\u0129 \u0111\u1ea3ng D\u00e2n ch\u1ee7 Tony Vargas v\u00e0 H\u1ea1 ngh\u1ecb s\u0129 Don Bacon - \u0111\u00e3 \u0111\u1ed3ng \u00fd cho hai cu\u1ed9c tranh lu\u1eadn v\u00e0o th\u00e1ng 10.<\/p>\n<p>C\u00e1c cu\u1ed9c tranh lu\u1eadn nh\u01b0 sau:<\/p>\n<p><strong>Ng\u00e0y 13 th\u00e1ng 10<br \/>\n<\/strong>CT bu\u1ed5i tr\u01b0a<br \/>\n\u0110\u01b0\u1ee3c \u0111\u0103ng cai t\u1ed5 ch\u1ee9c b\u1edfi Li\u00ean \u0111o\u00e0n c\u1eed tri ph\u1ee5 n\u1eef v\u00e0 C\u00e2u l\u1ea1c b\u1ed9 b\u00e1o ch\u00ed Omaha<br \/>\nCu\u1ed9c tranh lu\u1eadn di\u1ec5n ra t\u1ea1i c\u00e2u l\u1ea1c b\u1ed9 b\u00e1o ch\u00ed, First National Centre 1620 Dodge St #2200.<br \/>\nPh\u00e1t tr\u00ean <a href=\"https:\/\/www.wowt.com\/\">WOWT<\/a><\/p>\n<p><strong>16 th\u00e1ng 10<br \/>\n<\/strong>6 gi\u1edd chi\u1ec1u CT<br \/>\n\u0110\u01b0\u1ee3c t\u1ed5 ch\u1ee9c v\u00e0 ph\u00e1t s\u00f3ng b\u1edfi <a href=\"https:\/\/www.ketv.com\/\">KETV<\/a><br \/>\nTranh lu\u1eadn di\u1ec5n ra trong ph\u00f2ng thu kh\u00f4ng c\u00f3 kh\u00e1n gi\u1ea3 tr\u1ef1c ti\u1ebfp.<\/p>\n<p>C\u00e1c chi ti\u1ebft kh\u00e1c s\u1ebd \u0111\u01b0\u1ee3c th\u00eam v\u00e0o khi ch\u00fang c\u00f3 s\u1eb5n.<\/p>","protected":false},"excerpt":{"rendered":"<p>C\u00e1c \u1ee9ng c\u1eed vi\u00ean Qu\u1ed1c h\u1ed9i th\u1ee9 2 - Th\u01b0\u1ee3ng ngh\u1ecb s\u0129 \u0111\u1ea3ng D\u00e2n ch\u1ee7 Tony Vargas v\u00e0 H\u1ea1 ngh\u1ecb s\u0129 Don Bacon - \u0111\u00e3 \u0111\u1ed3ng \u00fd cho hai cu\u1ed9c tranh lu\u1eadn v\u00e0o th\u00e1ng 10. C\u00e1c cu\u1ed9c tranh lu\u1eadn nh\u01b0 sau: Bu\u1ed5i tr\u01b0a ng\u00e0y 13 th\u00e1ng 10 CT do Li\u00ean \u0111o\u00e0n Ph\u1ee5 n\u1eef c\u1eed tri t\u1ed5 ch\u1ee9c v\u00e0 C\u00e2u l\u1ea1c b\u1ed9 B\u00e1o ch\u00ed Omaha Cu\u1ed9c tranh lu\u1eadn di\u1ec5n ra t\u1ea1i c\u00e2u l\u1ea1c b\u1ed9 b\u00e1o ch\u00ed, First National Centre 1620 Dodge St\u2026 <a title=\"Vargas-Bacon \u0111\u1ec3 tranh lu\u1eadn\" class=\"read-more\" href=\"https:\/\/nebraskademocrats.org\/vi\/vargas-bacon-to-debate\/\" aria-label=\"Th\u00eam v\u1ec1 Vargas-Bacon \u0111\u1ec3 tranh lu\u1eadn\">\u0110\u1ecdc th\u00eam<\/a><\/p>","protected":false},"author":19,"featured_media":0,"parent":0,"menu_order":0,"comment_status":"closed","ping_status":"closed","template":"","meta":{"_acf_changed":false,"_exactmetrics_skip_tracking":false,"_exactmetrics_sitenote_active":false,"_exactmetrics_sitenote_note":"","_exactmetrics_sitenote_category":0,"footnotes":""},"class_list":["post-39253","page","type-page","status-publish"],"acf":[],"yoast_head":"<!-- This site is optimized with the Yoast SEO plugin v27.5 - https:\/\/yoast.com\/product\/yoast-seo-wordpress\/ -->\n<title>Vargas-Bacon to debate &#8211; Nebraska Democratic Party<\/title>\n<meta name=\"robots\" content=\"index, follow, max-snippet:-1, max-image-preview:large, max-video-preview:-1\" \/>\n<link rel=\"canonical\" href=\"https:\/\/nebraskademocrats.org\/vi\/vargas-bacon-to-debate\/\" \/>\n<meta property=\"og:locale\" content=\"vi_VN\" \/>\n<meta property=\"og:type\" content=\"article\" \/>\n<meta property=\"og:title\" content=\"Vargas-Bacon to debate &#8211; Nebraska Democratic Party\" \/>\n<meta property=\"og:description\" content=\"2nd Congressional District candidates &#8212; Democratic state Sen. Tony Vargas and Repubican Rep. Don Bacon &#8212; have agreed to two debates in October. The debates are as follows: October 13th Noon CT Hosted by League of Women Voters and the Omaha Press Club Debate is at the press club, First National Center 1620 Dodge St ... Read more\" \/>\n<meta property=\"og:url\" content=\"https:\/\/nebraskademocrats.org\/vi\/vargas-bacon-to-debate\/\" \/>\n<meta property=\"og:site_name\" content=\"Nebraska Democratic Party\" \/>\n<meta property=\"article:publisher\" content=\"https:\/\/www.facebook.com\/NebraskaDemocraticParty\/\" \/>\n<meta property=\"article:modified_time\" content=\"2022-08-31T22:50:57+00:00\" \/>\n<meta property=\"og:image\" content=\"https:\/\/nebraskademocrats.org\/wp-content\/uploads\/2018\/09\/ne-dems-fb.jpg\" \/>\n\t<meta property=\"og:image:width\" content=\"1200\" \/>\n\t<meta property=\"og:image:height\" content=\"630\" \/>\n\t<meta property=\"og:image:type\" content=\"image\/jpeg\" \/>\n<meta name=\"twitter:card\" content=\"summary_large_image\" \/>\n<meta name=\"twitter:site\" content=\"@nebraskadems\" \/>\n<meta name=\"twitter:label1\" content=\"\u01af\u1edbc t\u00ednh th\u1eddi gian \u0111\u1ecdc\" \/>\n\t<meta name=\"twitter:data1\" content=\"1 ph\u00fat\" \/>\n<script type=\"application\/ld+json\" class=\"yoast-schema-graph\">{\"@context\":\"https:\\\/\\\/schema.org\",\"@graph\":[{\"@type\":\"WebPage\",\"@id\":\"https:\\\/\\\/nebraskademocrats.org\\\/vargas-bacon-to-debate\\\/\",\"url\":\"https:\\\/\\\/nebraskademocrats.org\\\/vargas-bacon-to-debate\\\/\",\"name\":\"Vargas-Bacon to debate &#8211; Nebraska Democratic Party\",\"isPartOf\":{\"@id\":\"https:\\\/\\\/nebraskademocrats.org\\\/#website\"},\"datePublished\":\"2022-08-31T18:21:23+00:00\",\"dateModified\":\"2022-08-31T22:50:57+00:00\",\"breadcrumb\":{\"@id\":\"https:\\\/\\\/nebraskademocrats.org\\\/vargas-bacon-to-debate\\\/#breadcrumb\"},\"inLanguage\":\"vi\",\"potentialAction\":[{\"@type\":\"ReadAction\",\"target\":[\"https:\\\/\\\/nebraskademocrats.org\\\/vargas-bacon-to-debate\\\/\"]}]},{\"@type\":\"BreadcrumbList\",\"@id\":\"https:\\\/\\\/nebraskademocrats.org\\\/vargas-bacon-to-debate\\\/#breadcrumb\",\"itemListElement\":[{\"@type\":\"ListItem\",\"position\":1,\"name\":\"Home\",\"item\":\"https:\\\/\\\/nebraskademocrats.org\\\/\"},{\"@type\":\"ListItem\",\"position\":2,\"name\":\"Vargas-Bacon to debate\"}]},{\"@type\":\"WebSite\",\"@id\":\"https:\\\/\\\/nebraskademocrats.org\\\/#website\",\"url\":\"https:\\\/\\\/nebraskademocrats.org\\\/\",\"name\":\"Nebraska Democratic Party\",\"description\":\"Growing the Good Life for All Nebraskans\",\"publisher\":{\"@id\":\"https:\\\/\\\/nebraskademocrats.org\\\/#organization\"},\"potentialAction\":[{\"@type\":\"SearchAction\",\"target\":{\"@type\":\"EntryPoint\",\"urlTemplate\":\"https:\\\/\\\/nebraskademocrats.org\\\/?s={search_term_string}\"},\"query-input\":{\"@type\":\"PropertyValueSpecification\",\"valueRequired\":true,\"valueName\":\"search_term_string\"}}],\"inLanguage\":\"vi\"},{\"@type\":\"Organization\",\"@id\":\"https:\\\/\\\/nebraskademocrats.org\\\/#organization\",\"name\":\"Nebraska Democratic Party\",\"url\":\"https:\\\/\\\/nebraskademocrats.org\\\/\",\"logo\":{\"@type\":\"ImageObject\",\"inLanguage\":\"vi\",\"@id\":\"https:\\\/\\\/nebraskademocrats.org\\\/#\\\/schema\\\/logo\\\/image\\\/\",\"url\":\"https:\\\/\\\/nebraskadem.wpenginepowered.com\\\/wp-content\\\/uploads\\\/2016\\\/05\\\/NDP2.jpg\",\"contentUrl\":\"https:\\\/\\\/nebraskadem.wpenginepowered.com\\\/wp-content\\\/uploads\\\/2016\\\/05\\\/NDP2.jpg\",\"width\":1000,\"height\":396,\"caption\":\"Nebraska Democratic Party\"},\"image\":{\"@id\":\"https:\\\/\\\/nebraskademocrats.org\\\/#\\\/schema\\\/logo\\\/image\\\/\"},\"sameAs\":[\"https:\\\/\\\/www.facebook.com\\\/NebraskaDemocraticParty\\\/\",\"https:\\\/\\\/x.com\\\/nebraskadems\"]}]}<\/script>\n<!-- \/ Yoast SEO plugin. -->","yoast_head_json":{"title":"Vargas-Bacon to debate &#8211; Nebraska Democratic Party","robots":{"index":"index","follow":"follow","max-snippet":"max-snippet:-1","max-image-preview":"max-image-preview:large","max-video-preview":"max-video-preview:-1"},"canonical":"https:\/\/nebraskademocrats.org\/vi\/vargas-bacon-to-debate\/","og_locale":"vi_VN","og_type":"article","og_title":"Vargas-Bacon to debate &#8211; Nebraska Democratic Party","og_description":"2nd Congressional District candidates &#8212; Democratic state Sen. Tony Vargas and Repubican Rep. Don Bacon &#8212; have agreed to two debates in October. The debates are as follows: October 13th Noon CT Hosted by League of Women Voters and the Omaha Press Club Debate is at the press club, First National Center 1620 Dodge St ... Read more","og_url":"https:\/\/nebraskademocrats.org\/vi\/vargas-bacon-to-debate\/","og_site_name":"Nebraska Democratic Party","article_publisher":"https:\/\/www.facebook.com\/NebraskaDemocraticParty\/","article_modified_time":"2022-08-31T22:50:57+00:00","og_image":[{"width":1200,"height":630,"url":"https:\/\/nebraskademocrats.org\/wp-content\/uploads\/2018\/09\/ne-dems-fb.jpg","type":"image\/jpeg"}],"twitter_card":"summary_large_image","twitter_site":"@nebraskadems","twitter_misc":{"\u01af\u1edbc t\u00ednh th\u1eddi gian \u0111\u1ecdc":"1 ph\u00fat"},"schema":{"@context":"https:\/\/schema.org","@graph":[{"@type":"WebPage","@id":"https:\/\/nebraskademocrats.org\/vargas-bacon-to-debate\/","url":"https:\/\/nebraskademocrats.org\/vargas-bacon-to-debate\/","name":"Vargas-Bacon to debate &#8211; Nebraska Democratic Party","isPartOf":{"@id":"https:\/\/nebraskademocrats.org\/#website"},"datePublished":"2022-08-31T18:21:23+00:00","dateModified":"2022-08-31T22:50:57+00:00","breadcrumb":{"@id":"https:\/\/nebraskademocrats.org\/vargas-bacon-to-debate\/#breadcrumb"},"inLanguage":"vi","potentialAction":[{"@type":"ReadAction","target":["https:\/\/nebraskademocrats.org\/vargas-bacon-to-debate\/"]}]},{"@type":"BreadcrumbList","@id":"https:\/\/nebraskademocrats.org\/vargas-bacon-to-debate\/#breadcrumb","itemListElement":[{"@type":"ListItem","position":1,"name":"Home","item":"https:\/\/nebraskademocrats.org\/"},{"@type":"ListItem","position":2,"name":"Vargas-Bacon to debate"}]},{"@type":"WebSite","@id":"https:\/\/nebraskademocrats.org\/#website","url":"https:\/\/nebraskademocrats.org\/","name":"Nebraska Democratic Party","description":"Ph\u00e1t tri\u1ec3n cu\u1ed9c s\u1ed1ng t\u1ed1t \u0111\u1eb9p cho t\u1ea5t c\u1ea3 Nebraskans","publisher":{"@id":"https:\/\/nebraskademocrats.org\/#organization"},"potentialAction":[{"@type":"SearchAction","target":{"@type":"EntryPoint","urlTemplate":"https:\/\/nebraskademocrats.org\/?s={search_term_string}"},"query-input":{"@type":"PropertyValueSpecification","valueRequired":true,"valueName":"search_term_string"}}],"inLanguage":"vi"},{"@type":"Organization","@id":"https:\/\/nebraskademocrats.org\/#organization","name":"Nebraska Democratic Party","url":"https:\/\/nebraskademocrats.org\/","logo":{"@type":"ImageObject","inLanguage":"vi","@id":"https:\/\/nebraskademocrats.org\/#\/schema\/logo\/image\/","url":"https:\/\/nebraskadem.wpenginepowered.com\/wp-content\/uploads\/2016\/05\/NDP2.jpg","contentUrl":"https:\/\/nebraskadem.wpenginepowered.com\/wp-content\/uploads\/2016\/05\/NDP2.jpg","width":1000,"height":396,"caption":"Nebraska Democratic Party"},"image":{"@id":"https:\/\/nebraskademocrats.org\/#\/schema\/logo\/image\/"},"sameAs":["https:\/\/www.facebook.com\/NebraskaDemocraticParty\/","https:\/\/x.com\/nebraskadems"]}]}},"_links":{"self":[{"href":"https:\/\/nebraskademocrats.org\/vi\/wp-json\/wp\/v2\/pages\/39253","targetHints":{"allow":["GET"]}}],"collection":[{"href":"https:\/\/nebraskademocrats.org\/vi\/wp-json\/wp\/v2\/pages"}],"about":[{"href":"https:\/\/nebraskademocrats.org\/vi\/wp-json\/wp\/v2\/types\/page"}],"author":[{"embeddable":true,"href":"https:\/\/nebraskademocrats.org\/vi\/wp-json\/wp\/v2\/users\/19"}],"replies":[{"embeddable":true,"href":"https:\/\/nebraskademocrats.org\/vi\/wp-json\/wp\/v2\/comments?post=39253"}],"version-history":[{"count":0,"href":"https:\/\/nebraskademocrats.org\/vi\/wp-json\/wp\/v2\/pages\/39253\/revisions"}],"wp:attachment":[{"href":"https:\/\/nebraskademocrats.org\/vi\/wp-json\/wp\/v2\/media?parent=39253"}],"curies":[{"name":"wp","href":"https:\/\/api.w.org\/{rel}","templated":true}]}}