{"id":39856,"date":"2022-10-19T08:31:16","date_gmt":"2022-10-19T13:31:16","guid":{"rendered":"https:\/\/nebraskadem.wpenginepowered.com\/?page_id=39856"},"modified":"2022-10-26T09:32:47","modified_gmt":"2022-10-26T14:32:47","slug":"faces","status":"publish","type":"page","link":"https:\/\/nebraskademocrats.org\/vi\/faces\/","title":{"rendered":"H\u00e3y ghi nh\u1edb nh\u1eefng khu\u00f4n m\u1eb7t n\u00e0y v\u00e0 VOTE"},"content":{"rendered":"<p><span style=\"font-weight: 400;\">Cu\u1ed9c b\u1ea7u c\u1eed v\u00e0o ng\u00e0y 8 th\u00e1ng 11 l\u00e0 m\u1ed9t cu\u1ed9c chi\u1ebfn gi\u00e0nh quy\u1ec1n ki\u1ec3m so\u00e1t C\u01a1 quan l\u1eadp ph\u00e1p Nebraska c\u1ee7a ch\u00fang t\u00f4i. C\u00e1c \u1ee9ng c\u1eed vi\u00ean \u0110\u1ea3ng C\u1ed9ng h\u00f2a \u0111\u00e3 tuy\u00ean th\u1ec7 v\u1edbi Charles Herbster \u0111\u1ec3 l\u00e0m cho c\u01a1 th\u1ec3 tr\u1edf n\u00ean \u0111\u1ea3ng ph\u00e1i h\u01a1n. T\u1ea5t c\u1ea3 \u0111\u1ec1u \u0111\u01b0\u1ee3c t\u00e0i tr\u1ee3 b\u1edfi c\u00e1c si\u00eau nh\u00e2n c\u1ee7a Ricketts. Kh\u00f4ng c\u00f3 \u0111\u1ed9c l\u1eadp.<\/span><\/p>\n<p><span style=\"font-weight: 400;\">Ch\u00fang ta c\u1ea7n n\u1eafm gi\u1eef v\u00e0 t\u0103ng th\u00eam 17 gh\u1ebf do \u0111\u1ea3ng D\u00e2n ch\u1ee7 n\u1eafm gi\u1eef \u0111\u1ec3 ch\u1ed1ng l\u1ea1i c\u00e1c ph\u1ea7n t\u1eed c\u1ef1c \u0111oan MAGA c\u1ee7a \u0110\u1ea3ng C\u1ed9ng h\u00f2a \u0111ang t\u00ecm c\u00e1ch ki\u1ec3m so\u00e1t m\u1ecdi th\u1ee9 t\u1eeb c\u00e1c tr\u01b0\u1eddng c\u00f4ng l\u1eadp \u0111\u1ebfn quy\u1ec1n sinh s\u1ea3n c\u1ee7a ch\u00fang ta.<\/span><\/p>\n<h2><span style=\"color: #0000ff;\"><b>C\u00e1c \u1ee9ng c\u1eed vi\u00ean D\u00e2n ch\u1ee7 cho L\u1eadp ph\u00e1p s\u1ebd \u0111\u1ee9ng l\u00ean b\u1ea3o v\u1ec7 ng\u01b0\u1eddi d\u00e2n v\u00e0 quy\u1ec1n l\u1ee3i c\u1ee7a b\u1ea1n. #NebDems<\/b><\/span><\/h2>\n<ul>\n<li style=\"font-weight: 400;\" aria-level=\"1\"><span style=\"font-weight: 400;\">Dems h\u1ed7 tr\u1ee3 ho\u00e0n to\u00e0n t\u00e0i tr\u1ee3 cho c\u00e1c tr\u01b0\u1eddng c\u00f4ng l\u1eadp c\u1ee7a ch\u00fang t\u00f4i v\u00e0 h\u1ed7 tr\u1ee3 c\u00e1c gi\u00e1o vi\u00ean ch\u0103m ch\u1ec9 c\u1ee7a ch\u00fang t\u00f4i.<\/span><\/li>\n<li style=\"font-weight: 400;\" aria-level=\"1\"><span style=\"font-weight: 400;\">Dems \u1ee7ng h\u1ed9 c\u1ea7n sa y t\u1ebf v\u00e0 t\u0103ng m\u1ee9c l\u01b0\u01a1ng t\u1ed1i thi\u1ec3u.<\/span><\/li>\n<li style=\"font-weight: 400;\" aria-level=\"1\"><span style=\"font-weight: 400;\">Dems b\u1ea3o v\u1ec7 quy\u1ec1n t\u00e0i s\u1ea3n t\u1eeb mi\u1ec1n n\u1ed5i ti\u1ebfng \u0111\u1ec3 thu l\u1ee3i ri\u00eang.<\/span><\/li>\n<li style=\"font-weight: 400;\" aria-level=\"1\"><span style=\"font-weight: 400;\">Dems \u1ee7ng h\u1ed9 vi\u1ec7c m\u1edf r\u1ed9ng quy\u1ec1n b\u1ecf phi\u1ebfu v\u00e0 ti\u1ebfp c\u1eadn c\u00f4ng b\u1eb1ng v\u1edbi c\u00e1c cu\u1ed9c b\u1ea7u c\u1eed.<\/span><\/li>\n<\/ul>\n<p><span style=\"font-weight: 400;\">\u0110\u00e2y l\u00e0 nh\u1eefng g\u01b0\u01a1ng m\u1eb7t s\u00e1t c\u00e1nh c\u00f9ng b\u1ea1n \u2013 h\u00e3y b\u1ecf phi\u1ebfu s\u1edbm ho\u1eb7c v\u00e0o ng\u00e0y 8 th\u00e1ng 11:<\/span><\/p>\n<div>\n<div><img fetchpriority=\"high\" decoding=\"async\" class=\"wp-image-39935 aligncenter\" src=\"https:\/\/nebraskadem.wpenginepowered.com\/wp-content\/uploads\/2022\/10\/NEBDEMS-LEG-Candidates-Updated-1024x1024.png\" alt=\"\" width=\"526\" height=\"526\" srcset=\"https:\/\/nebraskademocrats.org\/wp-content\/uploads\/2022\/10\/NEBDEMS-LEG-Candidates-Updated-1024x1024.png 1024w, https:\/\/nebraskademocrats.org\/wp-content\/uploads\/2022\/10\/NEBDEMS-LEG-Candidates-Updated-300x300.png 300w, https:\/\/nebraskademocrats.org\/wp-content\/uploads\/2022\/10\/NEBDEMS-LEG-Candidates-Updated-150x150.png 150w, https:\/\/nebraskademocrats.org\/wp-content\/uploads\/2022\/10\/NEBDEMS-LEG-Candidates-Updated-768x768.png 768w, https:\/\/nebraskademocrats.org\/wp-content\/uploads\/2022\/10\/NEBDEMS-LEG-Candidates-Updated-12x12.png 12w, https:\/\/nebraskademocrats.org\/wp-content\/uploads\/2022\/10\/NEBDEMS-LEG-Candidates-Updated.png 1080w\" sizes=\"(max-width: 526px) 100vw, 526px\" \/><\/div>\n<div style=\"text-align: center;\"><\/div>\n<\/div>\n<div>\n<div>\n<p style=\"text-align: left;\"><b><a href=\"https:\/\/www.slatteryforlegislature.com\/\">Sarah Slattery,<\/a> LD 2<\/b><\/p>\n<p style=\"text-align: left;\"><b><a href=\"https:\/\/cavanaughforlegislature.org\/\">Machaela Cavanaugh<\/a>, LD 6<\/b><\/p>\n<p style=\"text-align: left;\"><b><a href=\"https:\/\/meganfornebraska.com\/\">Megan Hunt<\/a>, LD 8<\/b><\/p>\n<p style=\"text-align: left;\"><b><a href=\"https:\/\/deboerforlegislature.com\/\">Wendy DeBoer<\/a>, LD 10<\/b><\/p>\n<p style=\"text-align: left;\"><b><a href=\"https:\/\/www.richards4ne.com\/\">Robin Richards<\/a>, LD 12<\/b><\/p>\n<p style=\"text-align: left;\"><b><a href=\"https:\/\/votecorivillegas.com\/\">Cori Villegas<\/a>, LD 14<\/b><\/p>\n<p style=\"text-align: left;\"><b><a href=\"http:\/\/www.youngforne.com\/\">Michael Young<\/a>, LD 18<\/b><\/p>\n<p><a href=\"http:\/\/www.johnfornebraska.com\/\"><strong>John Fredrickson<\/strong><\/a>, <strong>LD 20<\/strong><\/p>\n<p><span style=\"color: #000000;\"><b><a href=\"http:\/\/www.georgefornebraska.com\/\">George Dungan<\/a>, LD 26<\/b><\/span><\/p>\n<p><b><a href=\"http:\/\/raybouldforlegislature.com\/\">Jane Raybould<\/a>, LD 28<\/b><\/p>\n<p><b><a href=\"https:\/\/royersfornebraska.com\/\">Tim Royers<\/a>, LD 31<\/b><\/p>\n<p><b><a href=\"https:\/\/angielauritsenforlegislature.com\/\">Angie Lauritsen<\/a>, LD 36<\/b><\/p>\n<p><b><a href=\"http:\/\/www.bowersfornebraska.com\/\">James Michael Bowers<\/a>, LD 46<\/b><\/p>\n<p><b><a href=\"https:\/\/www.conradforlegislature.net\/\">Danielle Conrad<\/a>, LD 46<\/b><\/p>\n<p><b>(<\/b><span style=\"font-weight: 400;\">H\u00ecnh \u1ea3nh t\u1eeb tr\u00e1i sang ph\u1ea3i)<\/span><\/p>\n<\/div>\n<h2><span style=\"color: #ff0000;\"><b>C\u00e1c \u1ee9ng c\u1eed vi\u00ean \u0110\u1ea3ng C\u1ed9ng h\u00f2a cho L\u1eadp ph\u00e1p s\u1ebd l\u1ea5y \u0111i c\u00e1c quy\u1ec1n c\u01a1 b\u1ea3n c\u1ee7a b\u1ea1n n\u1ebfu c\u00f3 c\u01a1 h\u1ed9i. #ExtremeGOP<\/b><\/span><\/h2>\n<ul>\n<li style=\"font-weight: 400;\" aria-level=\"1\"><span style=\"font-weight: 400;\">\u0110\u1ea3ng C\u1ed9ng h\u00f2a s\u1ebd c\u1ea5m ph\u00e1 thai v\u00e0 b\u1ea3o v\u1ec7 nh\u1eefng k\u1ebb hi\u1ebfp d\u00e2m.<\/span><\/li>\n<li style=\"font-weight: 400;\" aria-level=\"1\"><span style=\"font-weight: 400;\">\u0110\u1ea3ng C\u1ed9ng h\u00f2a s\u1ebd ph\u00e1 ho\u1ea1i c\u00e1c tr\u01b0\u1eddng c\u00f4ng l\u1eadp v\u00e0 ti\u1ebfp t\u1ee5c ph\u00e1 b\u1ecf gi\u00e1o vi\u00ean.<\/span><\/li>\n<li style=\"font-weight: 400;\" aria-level=\"1\"><span style=\"font-weight: 400;\">\u0110\u1ea3ng C\u1ed9ng h\u00f2a ph\u1ea3n \u0111\u1ed1i c\u1ea7n sa y t\u1ebf v\u00e0 t\u0103ng l\u01b0\u01a1ng t\u1ed1i thi\u1ec3u.<\/span><\/li>\n<li style=\"font-weight: 400;\" aria-level=\"1\"><span style=\"font-weight: 400;\">\u0110\u1ea3ng C\u1ed9ng h\u00f2a \u1ee7ng h\u1ed9 vi\u1ec7c chi\u1ebfm \u0111\u1ea5t v\u00e0 c\u00e1c t\u1eadp \u0111o\u00e0n s\u1eed d\u1ee5ng mi\u1ec1n n\u1ed5i ti\u1ebfng.<\/span><\/li>\n<li style=\"font-weight: 400;\" aria-level=\"1\"><span style=\"font-weight: 400;\">\u0110\u1ea3ng C\u1ed9ng h\u00f2a \u1ee7ng h\u1ed9 vi\u1ec7c \u0111\u00e0n \u00e1p c\u1eed tri.<\/span><\/li>\n<\/ul>\n<p><span style=\"font-weight: 400;\">\u0110\u00e2y l\u00e0 nh\u1eefng g\u01b0\u01a1ng m\u1eb7t quan t\u00e2m \u0111\u1ebfn c\u00f4ng ty h\u01a1n b\u1ea1n:<\/span><\/p>\n<\/div>\n<div>\n<div><img decoding=\"async\" class=\"wp-image-39958 aligncenter\" src=\"https:\/\/nebraskadem.wpenginepowered.com\/wp-content\/uploads\/2022\/10\/NEBDEMS-LEG-CandidatesGOP-Foreboding3-1-1024x1024.png\" alt=\"\" width=\"581\" height=\"581\" srcset=\"https:\/\/nebraskademocrats.org\/wp-content\/uploads\/2022\/10\/NEBDEMS-LEG-CandidatesGOP-Foreboding3-1-1024x1024.png 1024w, https:\/\/nebraskademocrats.org\/wp-content\/uploads\/2022\/10\/NEBDEMS-LEG-CandidatesGOP-Foreboding3-1-300x300.png 300w, https:\/\/nebraskademocrats.org\/wp-content\/uploads\/2022\/10\/NEBDEMS-LEG-CandidatesGOP-Foreboding3-1-150x150.png 150w, https:\/\/nebraskademocrats.org\/wp-content\/uploads\/2022\/10\/NEBDEMS-LEG-CandidatesGOP-Foreboding3-1-768x768.png 768w, https:\/\/nebraskademocrats.org\/wp-content\/uploads\/2022\/10\/NEBDEMS-LEG-CandidatesGOP-Foreboding3-1-12x12.png 12w, https:\/\/nebraskademocrats.org\/wp-content\/uploads\/2022\/10\/NEBDEMS-LEG-CandidatesGOP-Foreboding3-1.png 1080w\" sizes=\"(max-width: 581px) 100vw, 581px\" \/><\/div>\n<\/div>","protected":false},"excerpt":{"rendered":"<p>Cu\u1ed9c b\u1ea7u c\u1eed v\u00e0o ng\u00e0y 8 th\u00e1ng 11 l\u00e0 m\u1ed9t cu\u1ed9c chi\u1ebfn gi\u00e0nh quy\u1ec1n ki\u1ec3m so\u00e1t C\u01a1 quan l\u1eadp ph\u00e1p Nebraska c\u1ee7a ch\u00fang t\u00f4i. C\u00e1c \u1ee9ng c\u1eed vi\u00ean \u0110\u1ea3ng C\u1ed9ng h\u00f2a \u0111\u00e3 tuy\u00ean th\u1ec7 v\u1edbi Charles Herbster \u0111\u1ec3 l\u00e0m cho c\u01a1 th\u1ec3 tr\u1edf n\u00ean \u0111\u1ea3ng ph\u00e1i h\u01a1n. T\u1ea5t c\u1ea3 \u0111\u1ec1u \u0111\u01b0\u1ee3c t\u00e0i tr\u1ee3 b\u1edfi c\u00e1c si\u00eau nh\u00e2n c\u1ee7a Ricketts. Kh\u00f4ng c\u00f3 \u0111\u1ed9c l\u1eadp. Ch\u00fang t\u00f4i c\u1ea7n gi\u1eef v\u00e0 t\u0103ng 17 gh\u1ebf do \u0111\u1ea3ng D\u00e2n ch\u1ee7 n\u1eafm gi\u1eef \u0111\u1ec3\u2026 <a title=\"H\u00e3y ghi nh\u1edb nh\u1eefng khu\u00f4n m\u1eb7t n\u00e0y v\u00e0 VOTE\" class=\"read-more\" href=\"https:\/\/nebraskademocrats.org\/vi\/faces\/\" aria-label=\"Th\u00f4ng tin th\u00eam v\u1ec1 Ghi nh\u1edb nh\u1eefng khu\u00f4n m\u1eb7t n\u00e0y v\u00e0 VOTE\">\u0110\u1ecdc th\u00eam<\/a><\/p>","protected":false},"author":19,"featured_media":0,"parent":0,"menu_order":0,"comment_status":"closed","ping_status":"closed","template":"","meta":{"_acf_changed":false,"_exactmetrics_skip_tracking":false,"_exactmetrics_sitenote_active":false,"_exactmetrics_sitenote_note":"","_exactmetrics_sitenote_category":0,"footnotes":""},"class_list":["post-39856","page","type-page","status-publish"],"acf":[],"yoast_head":"<!-- This site is optimized with the Yoast SEO plugin v27.3 - https:\/\/yoast.com\/product\/yoast-seo-wordpress\/ -->\n<title>Remember these faces and VOTE &#8211; Nebraska Democratic Party<\/title>\n<meta name=\"description\" content=\"Nebraska Democrats protect legal access to abortion, fund our public schools, work to legalize medical marijuana and stand up for property rights.\" \/>\n<meta name=\"robots\" content=\"index, follow, max-snippet:-1, max-image-preview:large, max-video-preview:-1\" \/>\n<link rel=\"canonical\" href=\"https:\/\/nebraskademocrats.org\/vi\/faces\/\" \/>\n<meta property=\"og:locale\" content=\"vi_VN\" \/>\n<meta property=\"og:type\" content=\"article\" \/>\n<meta property=\"og:title\" content=\"Remember these faces and VOTE &#8211; Nebraska Democratic Party\" \/>\n<meta property=\"og:description\" content=\"Nebraska Democrats protect legal access to abortion, fund our public schools, work to legalize medical marijuana and stand up for property rights.\" \/>\n<meta property=\"og:url\" content=\"https:\/\/nebraskademocrats.org\/vi\/faces\/\" \/>\n<meta property=\"og:site_name\" content=\"Nebraska Democratic Party\" \/>\n<meta property=\"article:publisher\" content=\"https:\/\/www.facebook.com\/NebraskaDemocraticParty\/\" \/>\n<meta property=\"article:modified_time\" content=\"2022-10-26T14:32:47+00:00\" \/>\n<meta property=\"og:image\" content=\"https:\/\/nebraskadem.wpenginepowered.com\/wp-content\/uploads\/2022\/10\/NEBDEMS-LEG-Candidates-Updated-1024x1024.png\" \/>\n<meta name=\"twitter:card\" content=\"summary_large_image\" \/>\n<meta name=\"twitter:site\" content=\"@nebraskadems\" \/>\n<meta name=\"twitter:label1\" content=\"\u01af\u1edbc t\u00ednh th\u1eddi gian \u0111\u1ecdc\" \/>\n\t<meta name=\"twitter:data1\" content=\"2 ph\u00fat\" \/>\n<script type=\"application\/ld+json\" class=\"yoast-schema-graph\">{\"@context\":\"https:\\\/\\\/schema.org\",\"@graph\":[{\"@type\":\"WebPage\",\"@id\":\"https:\\\/\\\/nebraskademocrats.org\\\/faces\\\/\",\"url\":\"https:\\\/\\\/nebraskademocrats.org\\\/faces\\\/\",\"name\":\"Remember these faces and VOTE &#8211; Nebraska Democratic Party\",\"isPartOf\":{\"@id\":\"https:\\\/\\\/nebraskademocrats.org\\\/#website\"},\"primaryImageOfPage\":{\"@id\":\"https:\\\/\\\/nebraskademocrats.org\\\/faces\\\/#primaryimage\"},\"image\":{\"@id\":\"https:\\\/\\\/nebraskademocrats.org\\\/faces\\\/#primaryimage\"},\"thumbnailUrl\":\"https:\\\/\\\/nebraskadem.wpenginepowered.com\\\/wp-content\\\/uploads\\\/2022\\\/10\\\/NEBDEMS-LEG-Candidates-Updated-1024x1024.png\",\"datePublished\":\"2022-10-19T13:31:16+00:00\",\"dateModified\":\"2022-10-26T14:32:47+00:00\",\"description\":\"Nebraska Democrats protect legal access to abortion, fund our public schools, work to legalize medical marijuana and stand up for property rights.\",\"breadcrumb\":{\"@id\":\"https:\\\/\\\/nebraskademocrats.org\\\/faces\\\/#breadcrumb\"},\"inLanguage\":\"vi\",\"potentialAction\":[{\"@type\":\"ReadAction\",\"target\":[\"https:\\\/\\\/nebraskademocrats.org\\\/faces\\\/\"]}]},{\"@type\":\"ImageObject\",\"inLanguage\":\"vi\",\"@id\":\"https:\\\/\\\/nebraskademocrats.org\\\/faces\\\/#primaryimage\",\"url\":\"https:\\\/\\\/nebraskadem.wpenginepowered.com\\\/wp-content\\\/uploads\\\/2022\\\/10\\\/NEBDEMS-LEG-Candidates-Updated-1024x1024.png\",\"contentUrl\":\"https:\\\/\\\/nebraskadem.wpenginepowered.com\\\/wp-content\\\/uploads\\\/2022\\\/10\\\/NEBDEMS-LEG-Candidates-Updated-1024x1024.png\"},{\"@type\":\"BreadcrumbList\",\"@id\":\"https:\\\/\\\/nebraskademocrats.org\\\/faces\\\/#breadcrumb\",\"itemListElement\":[{\"@type\":\"ListItem\",\"position\":1,\"name\":\"Home\",\"item\":\"https:\\\/\\\/nebraskademocrats.org\\\/\"},{\"@type\":\"ListItem\",\"position\":2,\"name\":\"Remember these faces and VOTE\"}]},{\"@type\":\"WebSite\",\"@id\":\"https:\\\/\\\/nebraskademocrats.org\\\/#website\",\"url\":\"https:\\\/\\\/nebraskademocrats.org\\\/\",\"name\":\"Nebraska Democratic Party\",\"description\":\"Growing the Good Life for All Nebraskans\",\"publisher\":{\"@id\":\"https:\\\/\\\/nebraskademocrats.org\\\/#organization\"},\"potentialAction\":[{\"@type\":\"SearchAction\",\"target\":{\"@type\":\"EntryPoint\",\"urlTemplate\":\"https:\\\/\\\/nebraskademocrats.org\\\/?s={search_term_string}\"},\"query-input\":{\"@type\":\"PropertyValueSpecification\",\"valueRequired\":true,\"valueName\":\"search_term_string\"}}],\"inLanguage\":\"vi\"},{\"@type\":\"Organization\",\"@id\":\"https:\\\/\\\/nebraskademocrats.org\\\/#organization\",\"name\":\"Nebraska Democratic Party\",\"url\":\"https:\\\/\\\/nebraskademocrats.org\\\/\",\"logo\":{\"@type\":\"ImageObject\",\"inLanguage\":\"vi\",\"@id\":\"https:\\\/\\\/nebraskademocrats.org\\\/#\\\/schema\\\/logo\\\/image\\\/\",\"url\":\"https:\\\/\\\/nebraskadem.wpenginepowered.com\\\/wp-content\\\/uploads\\\/2016\\\/05\\\/NDP2.jpg\",\"contentUrl\":\"https:\\\/\\\/nebraskadem.wpenginepowered.com\\\/wp-content\\\/uploads\\\/2016\\\/05\\\/NDP2.jpg\",\"width\":1000,\"height\":396,\"caption\":\"Nebraska Democratic Party\"},\"image\":{\"@id\":\"https:\\\/\\\/nebraskademocrats.org\\\/#\\\/schema\\\/logo\\\/image\\\/\"},\"sameAs\":[\"https:\\\/\\\/www.facebook.com\\\/NebraskaDemocraticParty\\\/\",\"https:\\\/\\\/x.com\\\/nebraskadems\"]}]}<\/script>\n<!-- \/ Yoast SEO plugin. -->","yoast_head_json":{"title":"Remember these faces and VOTE &#8211; Nebraska Democratic Party","description":"Nebraska Democrats protect legal access to abortion, fund our public schools, work to legalize medical marijuana and stand up for property rights.","robots":{"index":"index","follow":"follow","max-snippet":"max-snippet:-1","max-image-preview":"max-image-preview:large","max-video-preview":"max-video-preview:-1"},"canonical":"https:\/\/nebraskademocrats.org\/vi\/faces\/","og_locale":"vi_VN","og_type":"article","og_title":"Remember these faces and VOTE &#8211; Nebraska Democratic Party","og_description":"Nebraska Democrats protect legal access to abortion, fund our public schools, work to legalize medical marijuana and stand up for property rights.","og_url":"https:\/\/nebraskademocrats.org\/vi\/faces\/","og_site_name":"Nebraska Democratic Party","article_publisher":"https:\/\/www.facebook.com\/NebraskaDemocraticParty\/","article_modified_time":"2022-10-26T14:32:47+00:00","og_image":[{"url":"https:\/\/nebraskadem.wpenginepowered.com\/wp-content\/uploads\/2022\/10\/NEBDEMS-LEG-Candidates-Updated-1024x1024.png","type":"","width":"","height":""}],"twitter_card":"summary_large_image","twitter_site":"@nebraskadems","twitter_misc":{"\u01af\u1edbc t\u00ednh th\u1eddi gian \u0111\u1ecdc":"2 ph\u00fat"},"schema":{"@context":"https:\/\/schema.org","@graph":[{"@type":"WebPage","@id":"https:\/\/nebraskademocrats.org\/faces\/","url":"https:\/\/nebraskademocrats.org\/faces\/","name":"Remember these faces and VOTE &#8211; Nebraska Democratic Party","isPartOf":{"@id":"https:\/\/nebraskademocrats.org\/#website"},"primaryImageOfPage":{"@id":"https:\/\/nebraskademocrats.org\/faces\/#primaryimage"},"image":{"@id":"https:\/\/nebraskademocrats.org\/faces\/#primaryimage"},"thumbnailUrl":"https:\/\/nebraskadem.wpenginepowered.com\/wp-content\/uploads\/2022\/10\/NEBDEMS-LEG-Candidates-Updated-1024x1024.png","datePublished":"2022-10-19T13:31:16+00:00","dateModified":"2022-10-26T14:32:47+00:00","description":"Nebraska Democrats protect legal access to abortion, fund our public schools, work to legalize medical marijuana and stand up for property rights.","breadcrumb":{"@id":"https:\/\/nebraskademocrats.org\/faces\/#breadcrumb"},"inLanguage":"vi","potentialAction":[{"@type":"ReadAction","target":["https:\/\/nebraskademocrats.org\/faces\/"]}]},{"@type":"ImageObject","inLanguage":"vi","@id":"https:\/\/nebraskademocrats.org\/faces\/#primaryimage","url":"https:\/\/nebraskadem.wpenginepowered.com\/wp-content\/uploads\/2022\/10\/NEBDEMS-LEG-Candidates-Updated-1024x1024.png","contentUrl":"https:\/\/nebraskadem.wpenginepowered.com\/wp-content\/uploads\/2022\/10\/NEBDEMS-LEG-Candidates-Updated-1024x1024.png"},{"@type":"BreadcrumbList","@id":"https:\/\/nebraskademocrats.org\/faces\/#breadcrumb","itemListElement":[{"@type":"ListItem","position":1,"name":"Home","item":"https:\/\/nebraskademocrats.org\/"},{"@type":"ListItem","position":2,"name":"Remember these faces and VOTE"}]},{"@type":"WebSite","@id":"https:\/\/nebraskademocrats.org\/#website","url":"https:\/\/nebraskademocrats.org\/","name":"Nebraska Democratic Party","description":"Ph\u00e1t tri\u1ec3n cu\u1ed9c s\u1ed1ng t\u1ed1t \u0111\u1eb9p cho t\u1ea5t c\u1ea3 Nebraskans","publisher":{"@id":"https:\/\/nebraskademocrats.org\/#organization"},"potentialAction":[{"@type":"SearchAction","target":{"@type":"EntryPoint","urlTemplate":"https:\/\/nebraskademocrats.org\/?s={search_term_string}"},"query-input":{"@type":"PropertyValueSpecification","valueRequired":true,"valueName":"search_term_string"}}],"inLanguage":"vi"},{"@type":"Organization","@id":"https:\/\/nebraskademocrats.org\/#organization","name":"Nebraska Democratic Party","url":"https:\/\/nebraskademocrats.org\/","logo":{"@type":"ImageObject","inLanguage":"vi","@id":"https:\/\/nebraskademocrats.org\/#\/schema\/logo\/image\/","url":"https:\/\/nebraskadem.wpenginepowered.com\/wp-content\/uploads\/2016\/05\/NDP2.jpg","contentUrl":"https:\/\/nebraskadem.wpenginepowered.com\/wp-content\/uploads\/2016\/05\/NDP2.jpg","width":1000,"height":396,"caption":"Nebraska Democratic Party"},"image":{"@id":"https:\/\/nebraskademocrats.org\/#\/schema\/logo\/image\/"},"sameAs":["https:\/\/www.facebook.com\/NebraskaDemocraticParty\/","https:\/\/x.com\/nebraskadems"]}]}},"_links":{"self":[{"href":"https:\/\/nebraskademocrats.org\/vi\/wp-json\/wp\/v2\/pages\/39856","targetHints":{"allow":["GET"]}}],"collection":[{"href":"https:\/\/nebraskademocrats.org\/vi\/wp-json\/wp\/v2\/pages"}],"about":[{"href":"https:\/\/nebraskademocrats.org\/vi\/wp-json\/wp\/v2\/types\/page"}],"author":[{"embeddable":true,"href":"https:\/\/nebraskademocrats.org\/vi\/wp-json\/wp\/v2\/users\/19"}],"replies":[{"embeddable":true,"href":"https:\/\/nebraskademocrats.org\/vi\/wp-json\/wp\/v2\/comments?post=39856"}],"version-history":[{"count":0,"href":"https:\/\/nebraskademocrats.org\/vi\/wp-json\/wp\/v2\/pages\/39856\/revisions"}],"wp:attachment":[{"href":"https:\/\/nebraskademocrats.org\/vi\/wp-json\/wp\/v2\/media?parent=39856"}],"curies":[{"name":"wp","href":"https:\/\/api.w.org\/{rel}","templated":true}]}}