{"id":40,"date":"2016-05-20T19:05:49","date_gmt":"2016-05-20T19:05:49","guid":{"rendered":"http:\/\/nebraska.precisionnewmedia.com\/?page_id=40"},"modified":"2022-07-19T11:57:14","modified_gmt":"2022-07-19T16:57:14","slug":"events-meetings","status":"publish","type":"page","link":"https:\/\/nebraskademocrats.org\/vi\/events-meetings\/","title":{"rendered":"S\u1ef1 ki\u1ec7n, Cu\u1ed9c h\u1ecdp v\u00e0 \u0110\u00e0o t\u1ea1o"},"content":{"rendered":"<div data-elementor-type=\"wp-post\" data-elementor-id=\"40\" class=\"elementor elementor-40\" data-elementor-post-type=\"page\">\n\t\t\t\t\t\t<section class=\"elementor-section elementor-top-section elementor-element elementor-element-37aae2c0 elementor-section-boxed elementor-section-height-default elementor-section-height-default\" data-id=\"37aae2c0\" data-element_type=\"section\" data-e-type=\"section\">\n\t\t\t\t\t\t<div class=\"elementor-container elementor-column-gap-default\">\n\t\t\t\t\t<div class=\"elementor-column elementor-col-100 elementor-top-column elementor-element elementor-element-4b53901a\" data-id=\"4b53901a\" data-element_type=\"column\" data-e-type=\"column\">\n\t\t\t<div class=\"elementor-widget-wrap elementor-element-populated\">\n\t\t\t\t\t\t<div class=\"elementor-element elementor-element-33bda647 elementor-widget elementor-widget-text-editor\" data-id=\"33bda647\" data-element_type=\"widget\" data-e-type=\"widget\" data-widget_type=\"text-editor.default\">\n\t\t\t\t<div class=\"elementor-widget-container\">\n\t\t\t\t\t\t\t\t\t<p>NDP t\u1ed5 ch\u1ee9c c\u00e1c kh\u00f3a \u0111\u00e0o t\u1ea1o, s\u1ef1 ki\u1ec7n v\u00e0 cu\u1ed9c h\u1ecdp k\u00e9o d\u00e0i c\u1ea3 n\u0103m. Ch\u00fang t\u00f4i khuy\u1ebfn kh\u00edch b\u1ea1n tham d\u1ef1 m\u1ed9t s\u1ef1 ki\u1ec7n v\u00e0 t\u00ecm hi\u1ec3u v\u1ec1 b\u1eefa ti\u1ec7c nhi\u1ec1u h\u01a1n m\u1ed9t ch\u00fat.<\/p><p>\u0110\u1ec3 bi\u1ebft ng\u00e0y bi\u1ec3u quy\u1ebft v\u00e0 th\u1eddi h\u1ea1n \u0111\u0103ng k\u00fd, h\u00e3y xem <a href=\"https:\/\/nebraskademocrats.org\/vi\/voting-center\/\">Trung t\u00e2m b\u1ecf phi\u1ebfu<\/a>.<\/p><p>Ki\u1ec3m tra\u00a0<a href=\"https:\/\/www.facebook.com\/pg\/NebraskaDemocraticParty\/events\/\">Facebook c\u1ee7a Nebraska Democratic Party<\/a> trang \u0111\u1ec3 chia s\u1ebb c\u00e1c s\u1ef1 ki\u1ec7n tr\u00ean trang Facebook c\u1ee7a ri\u00eang b\u1ea1n.<\/p><p>N\u1ebfu b\u1ea1n kh\u00f4ng th\u1ec3 tham d\u1ef1 c\u00e1c s\u1ef1 ki\u1ec7n, <a href=\"https:\/\/secure.actblue.com\/donate\/nebdem?refcode=website\">xin vui l\u00f2ng \u0111\u00f3ng g\u00f3p cho \u0110\u1ea3ng<\/a> \u0111\u1ec3 gi\u00fap t\u1ea5t c\u1ea3 c\u00e1c \u0111\u1ea3ng vi\u00ean \u0110\u1ea3ng D\u00e2n ch\u1ee7 gi\u00e0nh chi\u1ebfn th\u1eafng!<\/p><p>N\u1ebfu b\u1ea1n c\u00f3 th\u1eafc m\u1eafc v\u1ec1 b\u1ea5t k\u1ef3 s\u1ef1 ki\u1ec7n n\u00e0o, vui l\u00f2ng g\u1eedi email <a href=\"mailto:info@nebraskademocrats.org\">info@nebraskademocrats.org<\/a>.<\/p>\t\t\t\t\t\t\t\t<\/div>\n\t\t\t\t<\/div>\n\t\t\t\t<div class=\"elementor-element elementor-element-6845ee0 elementor-align-left elementor-widget elementor-widget-button\" data-id=\"6845ee0\" data-element_type=\"widget\" data-e-type=\"widget\" data-widget_type=\"button.default\">\n\t\t\t\t<div class=\"elementor-widget-container\">\n\t\t\t\t\t\t\t\t\t<div class=\"elementor-button-wrapper\">\n\t\t\t\t\t<a class=\"elementor-button elementor-button-link elementor-size-lg elementor-animation-grow\" href=\"https:\/\/www.mobilize.us\/nebdems\/\">\n\t\t\t\t\t\t<span class=\"elementor-button-content-wrapper\">\n\t\t\t\t\t\t\t\t\t<span class=\"elementor-button-text\">Xem c\u00e1c s\u1ef1 ki\u1ec7n s\u1eafp t\u1edbi<\/span>\n\t\t\t\t\t<\/span>\n\t\t\t\t\t<\/a>\n\t\t\t\t<\/div>\n\t\t\t\t\t\t\t\t<\/div>\n\t\t\t\t<\/div>\n\t\t\t\t<div class=\"elementor-element elementor-element-4ac40cc elementor-widget elementor-widget-image\" data-id=\"4ac40cc\" data-element_type=\"widget\" data-e-type=\"widget\" data-widget_type=\"image.default\">\n\t\t\t\t<div class=\"elementor-widget-container\">\n\t\t\t\t\t\t\t\t\t\t\t\t\t\t\t<img fetchpriority=\"high\" decoding=\"async\" width=\"1024\" height=\"1024\" src=\"https:\/\/nebraskademocrats.org\/wp-content\/uploads\/2018\/02\/Vote-Demo-2-1024x1024.png\" class=\"attachment-large size-large wp-image-5319\" alt=\"\" srcset=\"https:\/\/nebraskademocrats.org\/wp-content\/uploads\/2018\/02\/Vote-Demo-2-1024x1024.png 1024w, https:\/\/nebraskademocrats.org\/wp-content\/uploads\/2018\/02\/Vote-Demo-2-150x150.png 150w, https:\/\/nebraskademocrats.org\/wp-content\/uploads\/2018\/02\/Vote-Demo-2-300x300.png 300w, https:\/\/nebraskademocrats.org\/wp-content\/uploads\/2018\/02\/Vote-Demo-2-768x767.png 768w, https:\/\/nebraskademocrats.org\/wp-content\/uploads\/2018\/02\/Vote-Demo-2.png 1081w\" sizes=\"(max-width: 1024px) 100vw, 1024px\" \/>\t\t\t\t\t\t\t\t\t\t\t\t\t\t\t<\/div>\n\t\t\t\t<\/div>\n\t\t\t\t\t<\/div>\n\t\t<\/div>\n\t\t\t\t\t<\/div>\n\t\t<\/section>\n\t\t\t\t<\/div>","protected":false},"excerpt":{"rendered":"<p>The NDP hosts trainings, events and meetings all year long. We encourage you to attend an event and get to know the party a little bit more. For voting dates and registration deadlines, check out our Voting Center. Check out the\u00a0Nebraska Democratic Party&#8217;s Facebook page to share events on your own Facebook page. If you &#8230; <a title=\"S\u1ef1 ki\u1ec7n, Cu\u1ed9c h\u1ecdp v\u00e0 \u0110\u00e0o t\u1ea1o\" class=\"read-more\" href=\"https:\/\/nebraskademocrats.org\/vi\/events-meetings\/\" aria-label=\"More on Events, Meetings and Trainings\">\u0110\u1ecdc th\u00eam<\/a><\/p>","protected":false},"author":19,"featured_media":2074,"parent":0,"menu_order":0,"comment_status":"closed","ping_status":"closed","template":"","meta":{"_acf_changed":false,"_exactmetrics_skip_tracking":false,"_exactmetrics_sitenote_active":false,"_exactmetrics_sitenote_note":"","_exactmetrics_sitenote_category":0,"footnotes":""},"class_list":["post-40","page","type-page","status-publish","has-post-thumbnail"],"acf":[],"yoast_head":"<!-- This site is optimized with the Yoast SEO plugin v27.1.1 - https:\/\/yoast.com\/product\/yoast-seo-wordpress\/ -->\n<title>Events, Meetings and Trainings &#8211; Nebraska Democratic Party<\/title>\n<meta name=\"robots\" content=\"index, follow, max-snippet:-1, max-image-preview:large, max-video-preview:-1\" \/>\n<link rel=\"canonical\" href=\"https:\/\/nebraskademocrats.org\/vi\/events-meetings\/\" \/>\n<meta property=\"og:locale\" content=\"vi_VN\" \/>\n<meta property=\"og:type\" content=\"article\" \/>\n<meta property=\"og:title\" content=\"Events, Meetings and Trainings &#8211; Nebraska Democratic Party\" \/>\n<meta property=\"og:description\" content=\"The NDP hosts trainings, events and meetings all year long. We encourage you to attend an event and get to know the party a little bit more. For voting dates and registration deadlines, check out our Voting Center. Check out the\u00a0Nebraska Democratic Party&#8217;s Facebook page to share events on your own Facebook page. If you ... Read more\" \/>\n<meta property=\"og:url\" content=\"https:\/\/nebraskademocrats.org\/vi\/events-meetings\/\" \/>\n<meta property=\"og:site_name\" content=\"Nebraska Democratic Party\" \/>\n<meta property=\"article:publisher\" content=\"https:\/\/www.facebook.com\/NebraskaDemocraticParty\/\" \/>\n<meta property=\"article:modified_time\" content=\"2022-07-19T16:57:14+00:00\" \/>\n<meta property=\"og:image\" content=\"https:\/\/nebraskademocrats.org\/wp-content\/uploads\/2017\/03\/NEDEMS_YardSign26x16-1.png\" \/>\n\t<meta property=\"og:image:width\" content=\"2048\" \/>\n\t<meta property=\"og:image:height\" content=\"1260\" \/>\n\t<meta property=\"og:image:type\" content=\"image\/png\" \/>\n<meta name=\"twitter:card\" content=\"summary_large_image\" \/>\n<meta name=\"twitter:site\" content=\"@nebraskadems\" \/>\n<meta name=\"twitter:label1\" content=\"\u01af\u1edbc t\u00ednh th\u1eddi gian \u0111\u1ecdc\" \/>\n\t<meta name=\"twitter:data1\" content=\"1 ph\u00fat\" \/>\n<script type=\"application\/ld+json\" class=\"yoast-schema-graph\">{\"@context\":\"https:\/\/schema.org\",\"@graph\":[{\"@type\":\"WebPage\",\"@id\":\"https:\/\/nebraskademocrats.org\/events-meetings\/\",\"url\":\"https:\/\/nebraskademocrats.org\/events-meetings\/\",\"name\":\"Events, Meetings and Trainings &#8211; Nebraska Democratic Party\",\"isPartOf\":{\"@id\":\"https:\/\/nebraskademocrats.org\/#website\"},\"primaryImageOfPage\":{\"@id\":\"https:\/\/nebraskademocrats.org\/events-meetings\/#primaryimage\"},\"image\":{\"@id\":\"https:\/\/nebraskademocrats.org\/events-meetings\/#primaryimage\"},\"thumbnailUrl\":\"https:\/\/nebraskademocrats.org\/wp-content\/uploads\/2017\/03\/NEDEMS_YardSign26x16-1.png\",\"datePublished\":\"2016-05-20T19:05:49+00:00\",\"dateModified\":\"2022-07-19T16:57:14+00:00\",\"breadcrumb\":{\"@id\":\"https:\/\/nebraskademocrats.org\/events-meetings\/#breadcrumb\"},\"inLanguage\":\"vi\",\"potentialAction\":[{\"@type\":\"ReadAction\",\"target\":[\"https:\/\/nebraskademocrats.org\/events-meetings\/\"]}]},{\"@type\":\"ImageObject\",\"inLanguage\":\"vi\",\"@id\":\"https:\/\/nebraskademocrats.org\/events-meetings\/#primaryimage\",\"url\":\"https:\/\/nebraskademocrats.org\/wp-content\/uploads\/2017\/03\/NEDEMS_YardSign26x16-1.png\",\"contentUrl\":\"https:\/\/nebraskademocrats.org\/wp-content\/uploads\/2017\/03\/NEDEMS_YardSign26x16-1.png\",\"width\":2048,\"height\":1260},{\"@type\":\"BreadcrumbList\",\"@id\":\"https:\/\/nebraskademocrats.org\/events-meetings\/#breadcrumb\",\"itemListElement\":[{\"@type\":\"ListItem\",\"position\":1,\"name\":\"Home\",\"item\":\"https:\/\/nebraskademocrats.org\/\"},{\"@type\":\"ListItem\",\"position\":2,\"name\":\"Events, Meetings and Trainings\"}]},{\"@type\":\"WebSite\",\"@id\":\"https:\/\/nebraskademocrats.org\/#website\",\"url\":\"https:\/\/nebraskademocrats.org\/\",\"name\":\"Nebraska Democratic Party\",\"description\":\"Growing the Good Life for All Nebraskans\",\"publisher\":{\"@id\":\"https:\/\/nebraskademocrats.org\/#organization\"},\"potentialAction\":[{\"@type\":\"SearchAction\",\"target\":{\"@type\":\"EntryPoint\",\"urlTemplate\":\"https:\/\/nebraskademocrats.org\/?s={search_term_string}\"},\"query-input\":{\"@type\":\"PropertyValueSpecification\",\"valueRequired\":true,\"valueName\":\"search_term_string\"}}],\"inLanguage\":\"vi\"},{\"@type\":\"Organization\",\"@id\":\"https:\/\/nebraskademocrats.org\/#organization\",\"name\":\"Nebraska Democratic Party\",\"url\":\"https:\/\/nebraskademocrats.org\/\",\"logo\":{\"@type\":\"ImageObject\",\"inLanguage\":\"vi\",\"@id\":\"https:\/\/nebraskademocrats.org\/#\/schema\/logo\/image\/\",\"url\":\"https:\/\/nebraskadem.wpenginepowered.com\/wp-content\/uploads\/2016\/05\/NDP2.jpg\",\"contentUrl\":\"https:\/\/nebraskadem.wpenginepowered.com\/wp-content\/uploads\/2016\/05\/NDP2.jpg\",\"width\":1000,\"height\":396,\"caption\":\"Nebraska Democratic Party\"},\"image\":{\"@id\":\"https:\/\/nebraskademocrats.org\/#\/schema\/logo\/image\/\"},\"sameAs\":[\"https:\/\/www.facebook.com\/NebraskaDemocraticParty\/\",\"https:\/\/x.com\/nebraskadems\"]}]}<\/script>\n<!-- \/ Yoast SEO plugin. -->","yoast_head_json":{"title":"Events, Meetings and Trainings &#8211; Nebraska Democratic Party","robots":{"index":"index","follow":"follow","max-snippet":"max-snippet:-1","max-image-preview":"max-image-preview:large","max-video-preview":"max-video-preview:-1"},"canonical":"https:\/\/nebraskademocrats.org\/vi\/events-meetings\/","og_locale":"vi_VN","og_type":"article","og_title":"Events, Meetings and Trainings &#8211; Nebraska Democratic Party","og_description":"The NDP hosts trainings, events and meetings all year long. We encourage you to attend an event and get to know the party a little bit more. For voting dates and registration deadlines, check out our Voting Center. Check out the\u00a0Nebraska Democratic Party&#8217;s Facebook page to share events on your own Facebook page. If you ... Read more","og_url":"https:\/\/nebraskademocrats.org\/vi\/events-meetings\/","og_site_name":"Nebraska Democratic Party","article_publisher":"https:\/\/www.facebook.com\/NebraskaDemocraticParty\/","article_modified_time":"2022-07-19T16:57:14+00:00","og_image":[{"width":2048,"height":1260,"url":"https:\/\/nebraskademocrats.org\/wp-content\/uploads\/2017\/03\/NEDEMS_YardSign26x16-1.png","type":"image\/png"}],"twitter_card":"summary_large_image","twitter_site":"@nebraskadems","twitter_misc":{"\u01af\u1edbc t\u00ednh th\u1eddi gian \u0111\u1ecdc":"1 ph\u00fat"},"schema":{"@context":"https:\/\/schema.org","@graph":[{"@type":"WebPage","@id":"https:\/\/nebraskademocrats.org\/events-meetings\/","url":"https:\/\/nebraskademocrats.org\/events-meetings\/","name":"Events, Meetings and Trainings &#8211; Nebraska Democratic Party","isPartOf":{"@id":"https:\/\/nebraskademocrats.org\/#website"},"primaryImageOfPage":{"@id":"https:\/\/nebraskademocrats.org\/events-meetings\/#primaryimage"},"image":{"@id":"https:\/\/nebraskademocrats.org\/events-meetings\/#primaryimage"},"thumbnailUrl":"https:\/\/nebraskademocrats.org\/wp-content\/uploads\/2017\/03\/NEDEMS_YardSign26x16-1.png","datePublished":"2016-05-20T19:05:49+00:00","dateModified":"2022-07-19T16:57:14+00:00","breadcrumb":{"@id":"https:\/\/nebraskademocrats.org\/events-meetings\/#breadcrumb"},"inLanguage":"vi","potentialAction":[{"@type":"ReadAction","target":["https:\/\/nebraskademocrats.org\/events-meetings\/"]}]},{"@type":"ImageObject","inLanguage":"vi","@id":"https:\/\/nebraskademocrats.org\/events-meetings\/#primaryimage","url":"https:\/\/nebraskademocrats.org\/wp-content\/uploads\/2017\/03\/NEDEMS_YardSign26x16-1.png","contentUrl":"https:\/\/nebraskademocrats.org\/wp-content\/uploads\/2017\/03\/NEDEMS_YardSign26x16-1.png","width":2048,"height":1260},{"@type":"BreadcrumbList","@id":"https:\/\/nebraskademocrats.org\/events-meetings\/#breadcrumb","itemListElement":[{"@type":"ListItem","position":1,"name":"Home","item":"https:\/\/nebraskademocrats.org\/"},{"@type":"ListItem","position":2,"name":"Events, Meetings and Trainings"}]},{"@type":"WebSite","@id":"https:\/\/nebraskademocrats.org\/#website","url":"https:\/\/nebraskademocrats.org\/","name":"Nebraska Democratic Party","description":"Ph\u00e1t tri\u1ec3n cu\u1ed9c s\u1ed1ng t\u1ed1t \u0111\u1eb9p cho t\u1ea5t c\u1ea3 Nebraskans","publisher":{"@id":"https:\/\/nebraskademocrats.org\/#organization"},"potentialAction":[{"@type":"SearchAction","target":{"@type":"EntryPoint","urlTemplate":"https:\/\/nebraskademocrats.org\/?s={search_term_string}"},"query-input":{"@type":"PropertyValueSpecification","valueRequired":true,"valueName":"search_term_string"}}],"inLanguage":"vi"},{"@type":"Organization","@id":"https:\/\/nebraskademocrats.org\/#organization","name":"Nebraska Democratic Party","url":"https:\/\/nebraskademocrats.org\/","logo":{"@type":"ImageObject","inLanguage":"vi","@id":"https:\/\/nebraskademocrats.org\/#\/schema\/logo\/image\/","url":"https:\/\/nebraskadem.wpenginepowered.com\/wp-content\/uploads\/2016\/05\/NDP2.jpg","contentUrl":"https:\/\/nebraskadem.wpenginepowered.com\/wp-content\/uploads\/2016\/05\/NDP2.jpg","width":1000,"height":396,"caption":"Nebraska Democratic Party"},"image":{"@id":"https:\/\/nebraskademocrats.org\/#\/schema\/logo\/image\/"},"sameAs":["https:\/\/www.facebook.com\/NebraskaDemocraticParty\/","https:\/\/x.com\/nebraskadems"]}]}},"_links":{"self":[{"href":"https:\/\/nebraskademocrats.org\/vi\/wp-json\/wp\/v2\/pages\/40","targetHints":{"allow":["GET"]}}],"collection":[{"href":"https:\/\/nebraskademocrats.org\/vi\/wp-json\/wp\/v2\/pages"}],"about":[{"href":"https:\/\/nebraskademocrats.org\/vi\/wp-json\/wp\/v2\/types\/page"}],"author":[{"embeddable":true,"href":"https:\/\/nebraskademocrats.org\/vi\/wp-json\/wp\/v2\/users\/19"}],"replies":[{"embeddable":true,"href":"https:\/\/nebraskademocrats.org\/vi\/wp-json\/wp\/v2\/comments?post=40"}],"version-history":[{"count":0,"href":"https:\/\/nebraskademocrats.org\/vi\/wp-json\/wp\/v2\/pages\/40\/revisions"}],"wp:featuredmedia":[{"embeddable":true,"href":"https:\/\/nebraskademocrats.org\/vi\/wp-json\/wp\/v2\/media\/2074"}],"wp:attachment":[{"href":"https:\/\/nebraskademocrats.org\/vi\/wp-json\/wp\/v2\/media?parent=40"}],"curies":[{"name":"wp","href":"https:\/\/api.w.org\/{rel}","templated":true}]}}