{"id":40013,"date":"2022-10-26T10:28:11","date_gmt":"2022-10-26T15:28:11","guid":{"rendered":"https:\/\/nebraskadem.wpenginepowered.com\/?page_id=40013"},"modified":"2022-10-27T06:50:41","modified_gmt":"2022-10-27T11:50:41","slug":"our-votes","status":"publish","type":"page","link":"https:\/\/nebraskademocrats.org\/vi\/our-votes\/","title":{"rendered":"Phi\u1ebfu b\u1ea7u c\u1ee7a ch\u00fang t\u00f4i quy\u1ebft \u0111\u1ecbnh cu\u1ed9c b\u1ea7u c\u1eed!"},"content":{"rendered":"<p><img fetchpriority=\"high\" decoding=\"async\" class=\"alignnone wp-image-40029 size-full\" src=\"https:\/\/nebraskadem.wpenginepowered.com\/wp-content\/uploads\/2022\/10\/North-1-resize.png\" alt=\"\" width=\"1920\" height=\"920\" srcset=\"https:\/\/nebraskademocrats.org\/wp-content\/uploads\/2022\/10\/North-1-resize.png 1920w, https:\/\/nebraskademocrats.org\/wp-content\/uploads\/2022\/10\/North-1-resize-300x144.png 300w, https:\/\/nebraskademocrats.org\/wp-content\/uploads\/2022\/10\/North-1-resize-1024x491.png 1024w, https:\/\/nebraskademocrats.org\/wp-content\/uploads\/2022\/10\/North-1-resize-768x368.png 768w, https:\/\/nebraskademocrats.org\/wp-content\/uploads\/2022\/10\/North-1-resize-1536x736.png 1536w, https:\/\/nebraskademocrats.org\/wp-content\/uploads\/2022\/10\/North-1-resize-18x9.png 18w\" sizes=\"(max-width: 1920px) 100vw, 1920px\" \/><\/p>\n<p>&nbsp;<\/p>\n<p><b>H\u1ecd ch\u1ed1ng l\u01b0ng cho ch\u00fang t\u00f4i. Ch\u00fang t\u00f4i c\u00f3 c\u1ee7a h\u1ecd. B\u1ecf phi\u1ebfu. Ng\u00e0y 8 th\u00e1ng 11 n\u0103m 2022.<\/b><\/p>\n<p><span style=\"font-weight: 400;\">Nebraska Democratic Party \u0111ang h\u1ee3p t\u00e1c v\u1edbi c\u00e1c nh\u00e0 l\u00e3nh \u0111\u1ea1o c\u1ed9ng \u0111\u1ed3ng \u0111\u1ec3 gi\u00fap b\u1ecf phi\u1ebfu \u0111en v\u00e0 n\u00e2u cho cu\u1ed9c b\u1ea7u c\u1eed th\u00e1ng 11. Ngo\u00e0i v\u1eadn chuy\u1ec3n, ng\u00e2n h\u00e0ng \u0111i\u1ec7n tho\u1ea1i, qu\u1ea3ng c\u00e1o tr\u00ean b\u00e1o v\u00e0 nh\u1eafn tin, ch\u00fang t\u00f4i \u0111\u00e3 g\u1eedi b\u01b0u ph\u1ea9m n\u00e0y t\u1edbi c\u00e1c c\u1eed tri khuy\u1ebfn kh\u00edch h\u1ecd th\u1ef1c hi\u1ec7n l\u00e1 phi\u1ebfu m\u1ea1nh m\u1ebd s\u1ebd quy\u1ebft \u0111\u1ecbnh cu\u1ed9c b\u1ea7u c\u1eed n\u0103m nay.<\/span><\/p>\n<p><span style=\"font-weight: 400;\">C\u1ea3m \u01a1n c\u00e1c nh\u00e0 l\u00e3nh \u0111\u1ea1o c\u1ed9ng \u0111\u1ed3ng xu\u1ea5t hi\u1ec7n tr\u00ean b\u01b0u ph\u1ea9m: Th\u01b0\u1ee3ng ngh\u1ecb s\u0129 Terrell McKinney, Preston Love, Th\u01b0\u1ee3ng ngh\u1ecb s\u0129 Justin Wayne, \u1ee6y vi\u00ean H\u1ed9i \u0111\u1ed3ng Omaha Juanita Johnson, Ron Rivera, Dulce Sherman, Melissa Polendo, Precious McKesson, John Fox, Kimara Snipes v\u00e0 Lilia Franciscony.\u00a0<\/span><\/p>\n<p><strong>T\u00ecm v\u1ecb tr\u00ed b\u1ecf phi\u1ebfu ho\u1eb7c h\u1ed9p th\u1ea3 c\u1ee7a b\u1ea1n: <\/strong><a href=\"https:\/\/iwillvote.com\/\"><span style=\"font-weight: 400;\">https:\/\/iwillvote.com<\/span><\/a><\/p>\n<p><strong>Nh\u1eadn danh s\u00e1ch \u0111\u1ea7y \u0111\u1ee7 c\u00e1c \u1ee9ng c\u1eed vi\u00ean \u0110\u1ea3ng D\u00e2n ch\u1ee7 \u0111ang tranh c\u1eed tr\u00ean to\u00e0n ti\u1ec3u bang:<\/strong> <a href=\"https:\/\/nebraskadem.wpenginepowered.com\/voterguide\">https:\/\/nebraskadem.wpenginepowered.com\/voterguide<\/a><\/p>\n<p><b>Ho\u1ea1t \u0111\u1ed9ng: <\/b>Gi\u00fap ch\u00fang t\u00f4i truy\u1ec1n b\u00e1, \u0111\u0103ng th\u00f4ng \u0111i\u1ec7p n\u00e0y l\u00ean m\u1ea1ng x\u00e3 h\u1ed9i <span style=\"font-weight: 400;\">\u201cNg\u00e0y b\u1ea7u c\u1eed l\u00e0 ng\u00e0y 8 th\u00e1ng 11. L\u00e1 phi\u1ebfu c\u1ee7a ch\u00fang t\u00f4i quy\u1ebft \u0111\u1ecbnh cu\u1ed9c b\u1ea7u c\u1eed. T\u00ecm v\u1ecb tr\u00ed b\u1ecf phi\u1ebfu c\u1ee7a b\u1ea1n v\u00e0 h\u1ed9p th\u1ea3 <\/span><a href=\"https:\/\/iwillvote.com\/\"><span style=\"font-weight: 400;\">https:\/\/iwillvote.com\/<\/span><\/a><span style=\"font-weight: 400;\"> v\u00e0 nh\u1eadn danh s\u00e1ch \u0111\u1ea7y \u0111\u1ee7 c\u00e1c #NebDems m\u1ea1nh m\u1ebd tr\u00ean l\u00e1 phi\u1ebfu c\u1ee7a b\u1ea1n <\/span><a href=\"https:\/\/nebraskadem.wpenginepowered.com\/voterguide\/\"><span style=\"font-weight: 400;\">https:\/\/nebraskadem.wpenginepowered.com\/voterguide\/<\/span><\/a><span style=\"font-weight: 400;\">\u201d\u00a0<\/span><\/p>\n<p><img decoding=\"async\" class=\"alignnone wp-image-40030 size-full\" src=\"https:\/\/nebraskadem.wpenginepowered.com\/wp-content\/uploads\/2022\/10\/North-2-resize.png\" alt=\"\" width=\"1920\" height=\"920\" srcset=\"https:\/\/nebraskademocrats.org\/wp-content\/uploads\/2022\/10\/North-2-resize.png 1920w, https:\/\/nebraskademocrats.org\/wp-content\/uploads\/2022\/10\/North-2-resize-300x144.png 300w, https:\/\/nebraskademocrats.org\/wp-content\/uploads\/2022\/10\/North-2-resize-1024x491.png 1024w, https:\/\/nebraskademocrats.org\/wp-content\/uploads\/2022\/10\/North-2-resize-768x368.png 768w, https:\/\/nebraskademocrats.org\/wp-content\/uploads\/2022\/10\/North-2-resize-1536x736.png 1536w, https:\/\/nebraskademocrats.org\/wp-content\/uploads\/2022\/10\/North-2-resize-18x9.png 18w\" sizes=\"(max-width: 1920px) 100vw, 1920px\" \/><\/p>\n<p><span style=\"font-weight: 400;\">Ngo\u00e0i b\u01b0u ph\u1ea9m, NDP \u0111\u00e3 g\u1eedi h\u01a1n 200.000 <a href=\"https:\/\/nebraskadem.wpenginepowered.com\/voterguide\/\">H\u01b0\u1edbng d\u1eabn cho c\u1eed tri<\/a> tr\u00ean to\u00e0n ti\u1ec3u bang \u0111\u01b0\u1ee3c c\u00e1 nh\u00e2n h\u00f3a cho t\u1eebng trong s\u1ed1 93 qu\u1eadn.<\/span><\/p>\n<p><img decoding=\"async\" class=\"alignnone wp-image-40031 size-full\" src=\"https:\/\/nebraskadem.wpenginepowered.com\/wp-content\/uploads\/2022\/10\/North-3-resize.jpg\" alt=\"\" width=\"1600\" height=\"1035\" srcset=\"https:\/\/nebraskademocrats.org\/wp-content\/uploads\/2022\/10\/North-3-resize.jpg 1600w, https:\/\/nebraskademocrats.org\/wp-content\/uploads\/2022\/10\/North-3-resize-300x194.jpg 300w, https:\/\/nebraskademocrats.org\/wp-content\/uploads\/2022\/10\/North-3-resize-1024x662.jpg 1024w, https:\/\/nebraskademocrats.org\/wp-content\/uploads\/2022\/10\/North-3-resize-768x497.jpg 768w, https:\/\/nebraskademocrats.org\/wp-content\/uploads\/2022\/10\/North-3-resize-1536x994.jpg 1536w, https:\/\/nebraskademocrats.org\/wp-content\/uploads\/2022\/10\/North-3-resize-18x12.jpg 18w\" sizes=\"(max-width: 1600px) 100vw, 1600px\" \/><\/p>","protected":false},"excerpt":{"rendered":"<p>&nbsp; H\u1ecd ch\u1ed1ng l\u01b0ng cho ch\u00fang t\u00f4i. Ch\u00fang t\u00f4i c\u00f3 c\u1ee7a h\u1ecd. B\u1ecf phi\u1ebfu. Ng\u00e0y 8 th\u00e1ng 11 n\u0103m 2022. Nebraska Democratic Party \u0111ang h\u1ee3p t\u00e1c v\u1edbi c\u00e1c nh\u00e0 l\u00e3nh \u0111\u1ea1o c\u1ed9ng \u0111\u1ed3ng \u0111\u1ec3 gi\u00fap \u0111\u01b0a ra l\u00e1 phi\u1ebfu \u0111en v\u00e0 n\u00e2u cho cu\u1ed9c b\u1ea7u c\u1eed th\u00e1ng 11. Ngo\u00e0i v\u1eadn chuy\u1ec3n, ng\u00e2n h\u00e0ng \u0111i\u1ec7n tho\u1ea1i, qu\u1ea3ng c\u00e1o tr\u00ean b\u00e1o v\u00e0 nh\u1eafn tin, ch\u00fang t\u00f4i \u0111\u00e3 g\u1eedi b\u01b0u ph\u1ea9m n\u00e0y t\u1edbi c\u00e1c c\u1eed tri khuy\u1ebfn kh\u00edch h\u1ecd t\u1eadp th\u1ec3 d\u1ee5c\u2026 <a title=\"Phi\u1ebfu b\u1ea7u c\u1ee7a ch\u00fang t\u00f4i quy\u1ebft \u0111\u1ecbnh cu\u1ed9c b\u1ea7u c\u1eed!\" class=\"read-more\" href=\"https:\/\/nebraskademocrats.org\/vi\/our-votes\/\" aria-label=\"Th\u00f4ng tin th\u00eam v\u1ec1 Phi\u1ebfu b\u1ea7u c\u1ee7a ch\u00fang t\u00f4i Quy\u1ebft \u0111\u1ecbnh cu\u1ed9c b\u1ea7u c\u1eed!\">\u0110\u1ecdc th\u00eam<\/a><\/p>","protected":false},"author":19,"featured_media":0,"parent":0,"menu_order":0,"comment_status":"closed","ping_status":"closed","template":"","meta":{"_acf_changed":false,"_exactmetrics_skip_tracking":false,"_exactmetrics_sitenote_active":false,"_exactmetrics_sitenote_note":"","_exactmetrics_sitenote_category":0,"footnotes":""},"class_list":["post-40013","page","type-page","status-publish"],"acf":[],"yoast_head":"<!-- This site is optimized with the Yoast SEO plugin v27.5 - https:\/\/yoast.com\/product\/yoast-seo-wordpress\/ -->\n<title>Our Votes Decide the Elections! &#8211; Nebraska Democratic Party<\/title>\n<meta name=\"description\" content=\"The Nebraska Democratic Party teamed up with community leaders to help turn out the black and brown vote for the November elections. In addition to canvassing, phone banks, newspaper ads and texting, we sent this mailer to voters encouraging them to exercise their powerful vote that will decide this year\u2019s elections.\" \/>\n<meta name=\"robots\" content=\"index, follow, max-snippet:-1, max-image-preview:large, max-video-preview:-1\" \/>\n<link rel=\"canonical\" href=\"https:\/\/nebraskademocrats.org\/vi\/our-votes\/\" \/>\n<meta property=\"og:locale\" content=\"vi_VN\" \/>\n<meta property=\"og:type\" content=\"article\" \/>\n<meta property=\"og:title\" content=\"Our Votes Decide the Elections! &#8211; Nebraska Democratic Party\" \/>\n<meta property=\"og:description\" content=\"The Nebraska Democratic Party teamed up with community leaders to help turn out the black and brown vote for the November elections. In addition to canvassing, phone banks, newspaper ads and texting, we sent this mailer to voters encouraging them to exercise their powerful vote that will decide this year\u2019s elections.\" \/>\n<meta property=\"og:url\" content=\"https:\/\/nebraskademocrats.org\/vi\/our-votes\/\" \/>\n<meta property=\"og:site_name\" content=\"Nebraska Democratic Party\" \/>\n<meta property=\"article:publisher\" content=\"https:\/\/www.facebook.com\/NebraskaDemocraticParty\/\" \/>\n<meta property=\"article:modified_time\" content=\"2022-10-27T11:50:41+00:00\" \/>\n<meta property=\"og:image\" content=\"https:\/\/nebraskadem.wpenginepowered.com\/wp-content\/uploads\/2022\/10\/North-1-resize.png\" \/>\n<meta name=\"twitter:card\" content=\"summary_large_image\" \/>\n<meta name=\"twitter:site\" content=\"@nebraskadems\" \/>\n<meta name=\"twitter:label1\" content=\"\u01af\u1edbc t\u00ednh th\u1eddi gian \u0111\u1ecdc\" \/>\n\t<meta name=\"twitter:data1\" content=\"2 ph\u00fat\" \/>\n<script type=\"application\/ld+json\" class=\"yoast-schema-graph\">{\"@context\":\"https:\\\/\\\/schema.org\",\"@graph\":[{\"@type\":\"WebPage\",\"@id\":\"https:\\\/\\\/nebraskademocrats.org\\\/our-votes\\\/\",\"url\":\"https:\\\/\\\/nebraskademocrats.org\\\/our-votes\\\/\",\"name\":\"Our Votes Decide the Elections! &#8211; Nebraska Democratic Party\",\"isPartOf\":{\"@id\":\"https:\\\/\\\/nebraskademocrats.org\\\/#website\"},\"primaryImageOfPage\":{\"@id\":\"https:\\\/\\\/nebraskademocrats.org\\\/our-votes\\\/#primaryimage\"},\"image\":{\"@id\":\"https:\\\/\\\/nebraskademocrats.org\\\/our-votes\\\/#primaryimage\"},\"thumbnailUrl\":\"https:\\\/\\\/nebraskadem.wpenginepowered.com\\\/wp-content\\\/uploads\\\/2022\\\/10\\\/North-1-resize.png\",\"datePublished\":\"2022-10-26T15:28:11+00:00\",\"dateModified\":\"2022-10-27T11:50:41+00:00\",\"description\":\"The Nebraska Democratic Party teamed up with community leaders to help turn out the black and brown vote for the November elections. In addition to canvassing, phone banks, newspaper ads and texting, we sent this mailer to voters encouraging them to exercise their powerful vote that will decide this year\u2019s elections.\",\"breadcrumb\":{\"@id\":\"https:\\\/\\\/nebraskademocrats.org\\\/our-votes\\\/#breadcrumb\"},\"inLanguage\":\"vi\",\"potentialAction\":[{\"@type\":\"ReadAction\",\"target\":[\"https:\\\/\\\/nebraskademocrats.org\\\/our-votes\\\/\"]}]},{\"@type\":\"ImageObject\",\"inLanguage\":\"vi\",\"@id\":\"https:\\\/\\\/nebraskademocrats.org\\\/our-votes\\\/#primaryimage\",\"url\":\"https:\\\/\\\/nebraskadem.wpenginepowered.com\\\/wp-content\\\/uploads\\\/2022\\\/10\\\/North-1-resize.png\",\"contentUrl\":\"https:\\\/\\\/nebraskadem.wpenginepowered.com\\\/wp-content\\\/uploads\\\/2022\\\/10\\\/North-1-resize.png\"},{\"@type\":\"BreadcrumbList\",\"@id\":\"https:\\\/\\\/nebraskademocrats.org\\\/our-votes\\\/#breadcrumb\",\"itemListElement\":[{\"@type\":\"ListItem\",\"position\":1,\"name\":\"Home\",\"item\":\"https:\\\/\\\/nebraskademocrats.org\\\/\"},{\"@type\":\"ListItem\",\"position\":2,\"name\":\"Our Votes Decide the Elections!\"}]},{\"@type\":\"WebSite\",\"@id\":\"https:\\\/\\\/nebraskademocrats.org\\\/#website\",\"url\":\"https:\\\/\\\/nebraskademocrats.org\\\/\",\"name\":\"Nebraska Democratic Party\",\"description\":\"Growing the Good Life for All Nebraskans\",\"publisher\":{\"@id\":\"https:\\\/\\\/nebraskademocrats.org\\\/#organization\"},\"potentialAction\":[{\"@type\":\"SearchAction\",\"target\":{\"@type\":\"EntryPoint\",\"urlTemplate\":\"https:\\\/\\\/nebraskademocrats.org\\\/?s={search_term_string}\"},\"query-input\":{\"@type\":\"PropertyValueSpecification\",\"valueRequired\":true,\"valueName\":\"search_term_string\"}}],\"inLanguage\":\"vi\"},{\"@type\":\"Organization\",\"@id\":\"https:\\\/\\\/nebraskademocrats.org\\\/#organization\",\"name\":\"Nebraska Democratic Party\",\"url\":\"https:\\\/\\\/nebraskademocrats.org\\\/\",\"logo\":{\"@type\":\"ImageObject\",\"inLanguage\":\"vi\",\"@id\":\"https:\\\/\\\/nebraskademocrats.org\\\/#\\\/schema\\\/logo\\\/image\\\/\",\"url\":\"https:\\\/\\\/nebraskadem.wpenginepowered.com\\\/wp-content\\\/uploads\\\/2016\\\/05\\\/NDP2.jpg\",\"contentUrl\":\"https:\\\/\\\/nebraskadem.wpenginepowered.com\\\/wp-content\\\/uploads\\\/2016\\\/05\\\/NDP2.jpg\",\"width\":1000,\"height\":396,\"caption\":\"Nebraska Democratic Party\"},\"image\":{\"@id\":\"https:\\\/\\\/nebraskademocrats.org\\\/#\\\/schema\\\/logo\\\/image\\\/\"},\"sameAs\":[\"https:\\\/\\\/www.facebook.com\\\/NebraskaDemocraticParty\\\/\",\"https:\\\/\\\/x.com\\\/nebraskadems\"]}]}<\/script>\n<!-- \/ Yoast SEO plugin. -->","yoast_head_json":{"title":"Our Votes Decide the Elections! &#8211; Nebraska Democratic Party","description":"The Nebraska Democratic Party teamed up with community leaders to help turn out the black and brown vote for the November elections. In addition to canvassing, phone banks, newspaper ads and texting, we sent this mailer to voters encouraging them to exercise their powerful vote that will decide this year\u2019s elections.","robots":{"index":"index","follow":"follow","max-snippet":"max-snippet:-1","max-image-preview":"max-image-preview:large","max-video-preview":"max-video-preview:-1"},"canonical":"https:\/\/nebraskademocrats.org\/vi\/our-votes\/","og_locale":"vi_VN","og_type":"article","og_title":"Our Votes Decide the Elections! &#8211; Nebraska Democratic Party","og_description":"The Nebraska Democratic Party teamed up with community leaders to help turn out the black and brown vote for the November elections. In addition to canvassing, phone banks, newspaper ads and texting, we sent this mailer to voters encouraging them to exercise their powerful vote that will decide this year\u2019s elections.","og_url":"https:\/\/nebraskademocrats.org\/vi\/our-votes\/","og_site_name":"Nebraska Democratic Party","article_publisher":"https:\/\/www.facebook.com\/NebraskaDemocraticParty\/","article_modified_time":"2022-10-27T11:50:41+00:00","og_image":[{"url":"https:\/\/nebraskadem.wpenginepowered.com\/wp-content\/uploads\/2022\/10\/North-1-resize.png","type":"","width":"","height":""}],"twitter_card":"summary_large_image","twitter_site":"@nebraskadems","twitter_misc":{"\u01af\u1edbc t\u00ednh th\u1eddi gian \u0111\u1ecdc":"2 ph\u00fat"},"schema":{"@context":"https:\/\/schema.org","@graph":[{"@type":"WebPage","@id":"https:\/\/nebraskademocrats.org\/our-votes\/","url":"https:\/\/nebraskademocrats.org\/our-votes\/","name":"Our Votes Decide the Elections! &#8211; Nebraska Democratic Party","isPartOf":{"@id":"https:\/\/nebraskademocrats.org\/#website"},"primaryImageOfPage":{"@id":"https:\/\/nebraskademocrats.org\/our-votes\/#primaryimage"},"image":{"@id":"https:\/\/nebraskademocrats.org\/our-votes\/#primaryimage"},"thumbnailUrl":"https:\/\/nebraskadem.wpenginepowered.com\/wp-content\/uploads\/2022\/10\/North-1-resize.png","datePublished":"2022-10-26T15:28:11+00:00","dateModified":"2022-10-27T11:50:41+00:00","description":"The Nebraska Democratic Party teamed up with community leaders to help turn out the black and brown vote for the November elections. In addition to canvassing, phone banks, newspaper ads and texting, we sent this mailer to voters encouraging them to exercise their powerful vote that will decide this year\u2019s elections.","breadcrumb":{"@id":"https:\/\/nebraskademocrats.org\/our-votes\/#breadcrumb"},"inLanguage":"vi","potentialAction":[{"@type":"ReadAction","target":["https:\/\/nebraskademocrats.org\/our-votes\/"]}]},{"@type":"ImageObject","inLanguage":"vi","@id":"https:\/\/nebraskademocrats.org\/our-votes\/#primaryimage","url":"https:\/\/nebraskadem.wpenginepowered.com\/wp-content\/uploads\/2022\/10\/North-1-resize.png","contentUrl":"https:\/\/nebraskadem.wpenginepowered.com\/wp-content\/uploads\/2022\/10\/North-1-resize.png"},{"@type":"BreadcrumbList","@id":"https:\/\/nebraskademocrats.org\/our-votes\/#breadcrumb","itemListElement":[{"@type":"ListItem","position":1,"name":"Home","item":"https:\/\/nebraskademocrats.org\/"},{"@type":"ListItem","position":2,"name":"Our Votes Decide the Elections!"}]},{"@type":"WebSite","@id":"https:\/\/nebraskademocrats.org\/#website","url":"https:\/\/nebraskademocrats.org\/","name":"Nebraska Democratic Party","description":"Ph\u00e1t tri\u1ec3n cu\u1ed9c s\u1ed1ng t\u1ed1t \u0111\u1eb9p cho t\u1ea5t c\u1ea3 Nebraskans","publisher":{"@id":"https:\/\/nebraskademocrats.org\/#organization"},"potentialAction":[{"@type":"SearchAction","target":{"@type":"EntryPoint","urlTemplate":"https:\/\/nebraskademocrats.org\/?s={search_term_string}"},"query-input":{"@type":"PropertyValueSpecification","valueRequired":true,"valueName":"search_term_string"}}],"inLanguage":"vi"},{"@type":"Organization","@id":"https:\/\/nebraskademocrats.org\/#organization","name":"Nebraska Democratic Party","url":"https:\/\/nebraskademocrats.org\/","logo":{"@type":"ImageObject","inLanguage":"vi","@id":"https:\/\/nebraskademocrats.org\/#\/schema\/logo\/image\/","url":"https:\/\/nebraskadem.wpenginepowered.com\/wp-content\/uploads\/2016\/05\/NDP2.jpg","contentUrl":"https:\/\/nebraskadem.wpenginepowered.com\/wp-content\/uploads\/2016\/05\/NDP2.jpg","width":1000,"height":396,"caption":"Nebraska Democratic Party"},"image":{"@id":"https:\/\/nebraskademocrats.org\/#\/schema\/logo\/image\/"},"sameAs":["https:\/\/www.facebook.com\/NebraskaDemocraticParty\/","https:\/\/x.com\/nebraskadems"]}]}},"_links":{"self":[{"href":"https:\/\/nebraskademocrats.org\/vi\/wp-json\/wp\/v2\/pages\/40013","targetHints":{"allow":["GET"]}}],"collection":[{"href":"https:\/\/nebraskademocrats.org\/vi\/wp-json\/wp\/v2\/pages"}],"about":[{"href":"https:\/\/nebraskademocrats.org\/vi\/wp-json\/wp\/v2\/types\/page"}],"author":[{"embeddable":true,"href":"https:\/\/nebraskademocrats.org\/vi\/wp-json\/wp\/v2\/users\/19"}],"replies":[{"embeddable":true,"href":"https:\/\/nebraskademocrats.org\/vi\/wp-json\/wp\/v2\/comments?post=40013"}],"version-history":[{"count":0,"href":"https:\/\/nebraskademocrats.org\/vi\/wp-json\/wp\/v2\/pages\/40013\/revisions"}],"wp:attachment":[{"href":"https:\/\/nebraskademocrats.org\/vi\/wp-json\/wp\/v2\/media?parent=40013"}],"curies":[{"name":"wp","href":"https:\/\/api.w.org\/{rel}","templated":true}]}}