{"id":43480,"date":"2023-06-16T13:30:00","date_gmt":"2023-06-16T18:30:00","guid":{"rendered":"https:\/\/nebraskadem.wpenginepowered.com\/?page_id=43480"},"modified":"2025-06-05T14:04:55","modified_gmt":"2025-06-05T19:04:55","slug":"cumingcounty","status":"publish","type":"page","link":"https:\/\/nebraskademocrats.org\/vi\/cumingcounty\/","title":{"rendered":"\u0110\u1ea3ng Qu\u1eadn Cuming"},"content":{"rendered":"<div data-elementor-type=\"wp-page\" data-elementor-id=\"43480\" class=\"elementor elementor-43480\" data-elementor-post-type=\"page\">\n\t\t\t\t\t\t<section class=\"elementor-section elementor-top-section elementor-element elementor-element-f236363 elementor-section-boxed elementor-section-height-default elementor-section-height-default\" data-id=\"f236363\" data-element_type=\"section\" data-e-type=\"section\">\n\t\t\t\t\t\t<div class=\"elementor-container elementor-column-gap-default\">\n\t\t\t\t\t<div class=\"elementor-column elementor-col-100 elementor-top-column elementor-element elementor-element-0f322fe\" data-id=\"0f322fe\" data-element_type=\"column\" data-e-type=\"column\">\n\t\t\t<div class=\"elementor-widget-wrap elementor-element-populated\">\n\t\t\t\t\t\t<div class=\"elementor-element elementor-element-a02b1ab elementor-widget elementor-widget-heading\" data-id=\"a02b1ab\" data-element_type=\"widget\" data-e-type=\"widget\" data-widget_type=\"heading.default\">\n\t\t\t\t<div class=\"elementor-widget-container\">\n\t\t\t\t\t<h2 class=\"elementor-heading-title elementor-size-default\">\u0110\u1ea3ng Qu\u1eadn Cuming<\/h2>\t\t\t\t<\/div>\n\t\t\t\t<\/div>\n\t\t\t\t<section class=\"elementor-section elementor-inner-section elementor-element elementor-element-4b0109c elementor-section-boxed elementor-section-height-default elementor-section-height-default\" data-id=\"4b0109c\" data-element_type=\"section\" data-e-type=\"section\">\n\t\t\t\t\t\t<div class=\"elementor-container elementor-column-gap-default\">\n\t\t\t\t\t<div class=\"elementor-column elementor-col-50 elementor-inner-column elementor-element elementor-element-2df0fb8\" data-id=\"2df0fb8\" data-element_type=\"column\" data-e-type=\"column\">\n\t\t\t<div class=\"elementor-widget-wrap elementor-element-populated\">\n\t\t\t\t\t\t<div class=\"elementor-element elementor-element-4a44aee elementor-widget elementor-widget-image\" data-id=\"4a44aee\" data-element_type=\"widget\" data-e-type=\"widget\" data-widget_type=\"image.default\">\n\t\t\t\t<div class=\"elementor-widget-container\">\n\t\t\t\t\t\t\t\t\t\t\t\t<figure class=\"wp-caption\">\n\t\t\t\t\t\t\t\t\t\t<img fetchpriority=\"high\" decoding=\"async\" width=\"768\" height=\"394\" src=\"https:\/\/nebraskademocrats.org\/wp-content\/uploads\/2019\/02\/ndp_Cuming-768x394.png\" class=\"attachment-medium_large size-medium_large wp-image-7594\" alt=\"\" srcset=\"https:\/\/nebraskademocrats.org\/wp-content\/uploads\/2019\/02\/ndp_Cuming-768x394.png 768w, https:\/\/nebraskademocrats.org\/wp-content\/uploads\/2019\/02\/ndp_Cuming-300x154.png 300w, https:\/\/nebraskademocrats.org\/wp-content\/uploads\/2019\/02\/ndp_Cuming-1024x525.png 1024w, https:\/\/nebraskademocrats.org\/wp-content\/uploads\/2019\/02\/ndp_Cuming.png 1600w\" sizes=\"(max-width: 768px) 100vw, 768px\" \/>\t\t\t\t\t\t\t\t\t\t\t<figcaption class=\"widget-image-caption wp-caption-text\"><\/figcaption>\n\t\t\t\t\t\t\t\t\t\t<\/figure>\n\t\t\t\t\t\t\t\t\t<\/div>\n\t\t\t\t<\/div>\n\t\t\t\t\t<\/div>\n\t\t<\/div>\n\t\t\t\t<div class=\"elementor-column elementor-col-50 elementor-inner-column elementor-element elementor-element-8bf3f40\" data-id=\"8bf3f40\" data-element_type=\"column\" data-e-type=\"column\">\n\t\t\t<div class=\"elementor-widget-wrap elementor-element-populated\">\n\t\t\t\t\t\t<div class=\"elementor-element elementor-element-075e4ce elementor-widget elementor-widget-heading\" data-id=\"075e4ce\" data-element_type=\"widget\" data-e-type=\"widget\" data-widget_type=\"heading.default\">\n\t\t\t\t<div class=\"elementor-widget-container\">\n\t\t\t\t\t<h2 class=\"elementor-heading-title elementor-size-default\">Kh\u1ea3 n\u0103ng l\u00e3nh \u0111\u1ea1o<\/h2>\t\t\t\t<\/div>\n\t\t\t\t<\/div>\n\t\t\t\t<div class=\"elementor-element elementor-element-eeae6d8 elementor-widget elementor-widget-text-editor\" data-id=\"eeae6d8\" data-element_type=\"widget\" data-e-type=\"widget\" data-widget_type=\"text-editor.default\">\n\t\t\t\t<div class=\"elementor-widget-container\">\n\t\t\t\t\t\t\t\t\t<ul><li>Jon Bailey \u2013 Ch\u1ee7 t\u1ecbch<\/li><\/ul>\t\t\t\t\t\t\t\t<\/div>\n\t\t\t\t<\/div>\n\t\t\t\t<div class=\"elementor-element elementor-element-1fe9dda elementor-widget elementor-widget-heading\" data-id=\"1fe9dda\" data-element_type=\"widget\" data-e-type=\"widget\" data-widget_type=\"heading.default\">\n\t\t\t\t<div class=\"elementor-widget-container\">\n\t\t\t\t\t<h2 class=\"elementor-heading-title elementor-size-default\">Li\u00ean h\u1ec7 v\u1edbi \u0110\u1ea3ng vi\u00ean \u0110\u1ea3ng D\u00e2n ch\u1ee7 Qu\u1eadn Cuming<\/h2>\t\t\t\t<\/div>\n\t\t\t\t<\/div>\n\t\t\t\t<div class=\"elementor-element elementor-element-225b959 elementor-shape-circle elementor-grid-0 e-grid-align-center elementor-widget elementor-widget-social-icons\" data-id=\"225b959\" data-element_type=\"widget\" data-e-type=\"widget\" data-widget_type=\"social-icons.default\">\n\t\t\t\t<div class=\"elementor-widget-container\">\n\t\t\t\t\t\t\t<div class=\"elementor-social-icons-wrapper elementor-grid\">\n\t\t\t\t\t\t\t<span class=\"elementor-grid-item\">\n\t\t\t\t\t<a class=\"elementor-icon elementor-social-icon elementor-social-icon-envelope elementor-repeater-item-f7a5ac3\" href=\"mailto:cumingcounty@nebraskademocrats.org\" target=\"_blank\">\n\t\t\t\t\t\t<span class=\"elementor-screen-only\">Phong b\u00ec<\/span>\n\t\t\t\t\t\t<i aria-hidden=\"true\" class=\"fas fa-envelope\"><\/i>\t\t\t\t\t<\/a>\n\t\t\t\t<\/span>\n\t\t\t\t\t<\/div>\n\t\t\t\t\t\t<\/div>\n\t\t\t\t<\/div>\n\t\t\t\t\t<\/div>\n\t\t<\/div>\n\t\t\t\t\t<\/div>\n\t\t<\/section>\n\t\t\t\t<div class=\"elementor-element elementor-element-f39b8be elementor-widget-divider--view-line elementor-widget elementor-widget-divider\" data-id=\"f39b8be\" data-element_type=\"widget\" data-e-type=\"widget\" data-widget_type=\"divider.default\">\n\t\t\t\t<div class=\"elementor-widget-container\">\n\t\t\t\t\t\t\t<div class=\"elementor-divider\">\n\t\t\t<span class=\"elementor-divider-separator\">\n\t\t\t\t\t\t<\/span>\n\t\t<\/div>\n\t\t\t\t\t\t<\/div>\n\t\t\t\t<\/div>\n\t\t\t\t<div class=\"elementor-element elementor-element-0733a78 elementor-widget elementor-widget-heading\" data-id=\"0733a78\" data-element_type=\"widget\" data-e-type=\"widget\" data-widget_type=\"heading.default\">\n\t\t\t\t<div class=\"elementor-widget-container\">\n\t\t\t\t\t<h2 class=\"elementor-heading-title elementor-size-default\">C\u00e1c cu\u1ed9c h\u1ecdp<\/h2>\t\t\t\t<\/div>\n\t\t\t\t<\/div>\n\t\t\t\t<div class=\"elementor-element elementor-element-39e837c elementor-widget elementor-widget-text-editor\" data-id=\"39e837c\" data-element_type=\"widget\" data-e-type=\"widget\" data-widget_type=\"text-editor.default\">\n\t\t\t\t<div class=\"elementor-widget-container\">\n\t\t\t\t\t\t\t\t\t<p>C\u00e1c cu\u1ed9c h\u1ecdp \u0111\u01b0\u1ee3c t\u1ed5 ch\u1ee9c v\u00e0o c\u00e1c th\u1eddi \u0111i\u1ec3m kh\u00e1c nhau trong su\u1ed1t c\u1ea3 n\u0103m. Xin vui l\u00f2ng g\u1eedi email cho ch\u00fang t\u00f4i \u0111\u1ec3 c\u00f3 \u0111\u01b0\u1ee3c th\u00f4ng tin cho cu\u1ed9c h\u1ecdp ti\u1ebfp theo.\u00a0<\/p>\t\t\t\t\t\t\t\t<\/div>\n\t\t\t\t<\/div>\n\t\t\t\t<div class=\"elementor-element elementor-element-cd0f1ed elementor-widget-divider--view-line elementor-widget elementor-widget-divider\" data-id=\"cd0f1ed\" data-element_type=\"widget\" data-e-type=\"widget\" data-widget_type=\"divider.default\">\n\t\t\t\t<div class=\"elementor-widget-container\">\n\t\t\t\t\t\t\t<div class=\"elementor-divider\">\n\t\t\t<span class=\"elementor-divider-separator\">\n\t\t\t\t\t\t<\/span>\n\t\t<\/div>\n\t\t\t\t\t\t<\/div>\n\t\t\t\t<\/div>\n\t\t\t\t<section class=\"elementor-section elementor-inner-section elementor-element elementor-element-fd11ddf elementor-section-boxed elementor-section-height-default elementor-section-height-default\" data-id=\"fd11ddf\" data-element_type=\"section\" data-e-type=\"section\">\n\t\t\t\t\t\t<div class=\"elementor-container elementor-column-gap-default\">\n\t\t\t\t\t<div class=\"elementor-column elementor-col-50 elementor-inner-column elementor-element elementor-element-2471dbb\" data-id=\"2471dbb\" data-element_type=\"column\" data-e-type=\"column\">\n\t\t\t<div class=\"elementor-widget-wrap elementor-element-populated\">\n\t\t\t\t\t\t<div class=\"elementor-element elementor-element-83b30a3 elementor-widget elementor-widget-heading\" data-id=\"83b30a3\" data-element_type=\"widget\" data-e-type=\"widget\" data-widget_type=\"heading.default\">\n\t\t\t\t<div class=\"elementor-widget-container\">\n\t\t\t\t\t<h2 class=\"elementor-heading-title elementor-size-default\">Tr\u1edf th\u00e0nh Qu\u1eadn Cuming<br>\u0110\u1ed9i tr\u01b0\u1edfng kh\u1ed1i<\/h2>\t\t\t\t<\/div>\n\t\t\t\t<\/div>\n\t\t\t\t<div class=\"elementor-element elementor-element-b8b732f elementor-widget elementor-widget-text-editor\" data-id=\"b8b732f\" data-element_type=\"widget\" data-e-type=\"widget\" data-widget_type=\"text-editor.default\">\n\t\t\t\t<div class=\"elementor-widget-container\">\n\t\t\t\t\t\t\t\t\t<p>\u0110\u1ed9i tr\u01b0\u1edfng kh\u1ed1i l\u1ea5y danh s\u00e1ch nh\u1eefng ng\u01b0\u1eddi h\u00e0ng x\u00f3m (\u0111\u1ea3ng vi\u00ean \u0110\u1ea3ng D\u00e2n ch\u1ee7 v\u00e0 nh\u1eefng ng\u01b0\u1eddi kh\u00f4ng theo \u0111\u1ea3ng ph\u00e1i \u00f4n h\u00f2a \u0111\u1ebfn c\u00e1nh t\u1ea3) \u0111\u1ec3 li\u00ean h\u1ec7 ba l\u1ea7n m\u1ed7i n\u0103m. C\u1ea7n c\u00f3 nh\u1eefng cu\u1ed9c tr\u00f2 chuy\u1ec7n tr\u1ef1c ti\u1ebfp \u0111\u1ec3 thay \u0111\u1ed5i suy ngh\u0129 v\u00e0 \u0111\u00f3 l\u00e0 \u0111i\u1ec1u m\u00e0 \u0110\u1ed9i tr\u01b0\u1edfng Kh\u1ed1i l\u00e0m.\u00a0<\/p>\t\t\t\t\t\t\t\t<\/div>\n\t\t\t\t<\/div>\n\t\t\t\t<div class=\"elementor-element elementor-element-b21fe6d elementor-button-info elementor-align-center elementor-widget elementor-widget-button\" data-id=\"b21fe6d\" data-element_type=\"widget\" data-e-type=\"widget\" data-widget_type=\"button.default\">\n\t\t\t\t<div class=\"elementor-widget-container\">\n\t\t\t\t\t\t\t\t\t<div class=\"elementor-button-wrapper\">\n\t\t\t\t\t<a class=\"elementor-button elementor-button-link elementor-size-lg\" href=\"https:\/\/nebraskademocrats.org\/vi\/become-a-block-captain\/\">\n\t\t\t\t\t\t<span class=\"elementor-button-content-wrapper\">\n\t\t\t\t\t\t\t\t\t<span class=\"elementor-button-text\">T\u00ecm hi\u1ec3u th\u00eam v\u00e0 \u0110\u0103ng k\u00fd<\/span>\n\t\t\t\t\t<\/span>\n\t\t\t\t\t<\/a>\n\t\t\t\t<\/div>\n\t\t\t\t\t\t\t\t<\/div>\n\t\t\t\t<\/div>\n\t\t\t\t\t<\/div>\n\t\t<\/div>\n\t\t\t\t<div class=\"elementor-column elementor-col-50 elementor-inner-column elementor-element elementor-element-059dd84\" data-id=\"059dd84\" data-element_type=\"column\" data-e-type=\"column\">\n\t\t\t<div class=\"elementor-widget-wrap elementor-element-populated\">\n\t\t\t\t\t\t<div class=\"elementor-element elementor-element-71a4556 elementor-widget elementor-widget-image\" data-id=\"71a4556\" data-element_type=\"widget\" data-e-type=\"widget\" data-widget_type=\"image.default\">\n\t\t\t\t<div class=\"elementor-widget-container\">\n\t\t\t\t\t\t\t\t\t\t\t\t\t\t\t<img decoding=\"async\" width=\"1024\" height=\"1024\" src=\"https:\/\/nebraskademocrats.org\/wp-content\/uploads\/2021\/08\/NEBDEMS-SiteGraphics-Country-SQ-1024x1024.png\" class=\"attachment-large size-large wp-image-33994\" alt=\"\" srcset=\"https:\/\/nebraskademocrats.org\/wp-content\/uploads\/2021\/08\/NEBDEMS-SiteGraphics-Country-SQ-1024x1024.png 1024w, https:\/\/nebraskademocrats.org\/wp-content\/uploads\/2021\/08\/NEBDEMS-SiteGraphics-Country-SQ-300x300.png 300w, https:\/\/nebraskademocrats.org\/wp-content\/uploads\/2021\/08\/NEBDEMS-SiteGraphics-Country-SQ-150x150.png 150w, https:\/\/nebraskademocrats.org\/wp-content\/uploads\/2021\/08\/NEBDEMS-SiteGraphics-Country-SQ-768x768.png 768w, https:\/\/nebraskademocrats.org\/wp-content\/uploads\/2021\/08\/NEBDEMS-SiteGraphics-Country-SQ-12x12.png 12w, https:\/\/nebraskademocrats.org\/wp-content\/uploads\/2021\/08\/NEBDEMS-SiteGraphics-Country-SQ.png 1080w\" sizes=\"(max-width: 1024px) 100vw, 1024px\" \/>\t\t\t\t\t\t\t\t\t\t\t\t\t\t\t<\/div>\n\t\t\t\t<\/div>\n\t\t\t\t\t<\/div>\n\t\t<\/div>\n\t\t\t\t\t<\/div>\n\t\t<\/section>\n\t\t\t\t<div class=\"elementor-element elementor-element-d80b024 elementor-widget-divider--view-line elementor-widget elementor-widget-divider\" data-id=\"d80b024\" data-element_type=\"widget\" data-e-type=\"widget\" data-widget_type=\"divider.default\">\n\t\t\t\t<div class=\"elementor-widget-container\">\n\t\t\t\t\t\t\t<div class=\"elementor-divider\">\n\t\t\t<span class=\"elementor-divider-separator\">\n\t\t\t\t\t\t<\/span>\n\t\t<\/div>\n\t\t\t\t\t\t<\/div>\n\t\t\t\t<\/div>\n\t\t\t\t\t<\/div>\n\t\t<\/div>\n\t\t\t\t\t<\/div>\n\t\t<\/section>\n\t\t\t\t<section class=\"elementor-section elementor-top-section elementor-element elementor-element-34b6a4d elementor-section-boxed elementor-section-height-default elementor-section-height-default\" data-id=\"34b6a4d\" data-element_type=\"section\" data-e-type=\"section\">\n\t\t\t\t\t\t<div class=\"elementor-container elementor-column-gap-default\">\n\t\t\t\t\t<div class=\"elementor-column elementor-col-100 elementor-top-column elementor-element elementor-element-20da2c4\" data-id=\"20da2c4\" data-element_type=\"column\" data-e-type=\"column\">\n\t\t\t<div class=\"elementor-widget-wrap elementor-element-populated\">\n\t\t\t\t\t\t<div class=\"elementor-element elementor-element-a50d6fd elementor-button-info elementor-align-center elementor-widget elementor-widget-button\" data-id=\"a50d6fd\" data-element_type=\"widget\" data-e-type=\"widget\" data-widget_type=\"button.default\">\n\t\t\t\t<div class=\"elementor-widget-container\">\n\t\t\t\t\t\t\t\t\t<div class=\"elementor-button-wrapper\">\n\t\t\t\t\t<a class=\"elementor-button elementor-button-link elementor-size-xl\" href=\"https:\/\/nebraskademocrats.org\/vi\/democratic-officeholders\/\">\n\t\t\t\t\t\t<span class=\"elementor-button-content-wrapper\">\n\t\t\t\t\t\t\t\t\t<span class=\"elementor-button-text\">Xem t\u1ea5t c\u1ea3 c\u00e1c \u0110\u1ea3ng vi\u00ean \u0110\u1ea3ng D\u00e2n ch\u1ee7 \u0111\u01b0\u1ee3c B\u1ea7u ch\u1ecdn tr\u00ean To\u00e0n Bang<\/span>\n\t\t\t\t\t<\/span>\n\t\t\t\t\t<\/a>\n\t\t\t\t<\/div>\n\t\t\t\t\t\t\t\t<\/div>\n\t\t\t\t<\/div>\n\t\t\t\t\t<\/div>\n\t\t<\/div>\n\t\t\t\t\t<\/div>\n\t\t<\/section>\n\t\t\t\t<\/div>","protected":false},"excerpt":{"rendered":"<p>Cuming County Party Leadership Jon Bailey &#8211; Chair Contact Cuming County Democrats Envelope Meetings Meetings are held at various times throughout the year. Please email us to get information for the next meeting.\u00a0 Become a Cuming CountyBlock Captain Block Captains get a list of neighbors (Democrats and moderate to left-leaning nonpartisans) to contact three times &#8230; <a title=\"\u0110\u1ea3ng Qu\u1eadn Cuming\" class=\"read-more\" href=\"https:\/\/nebraskademocrats.org\/vi\/cumingcounty\/\" aria-label=\"More on Cuming County Party\">\u0110\u1ecdc th\u00eam<\/a><\/p>","protected":false},"author":25,"featured_media":0,"parent":0,"menu_order":0,"comment_status":"closed","ping_status":"closed","template":"","meta":{"_acf_changed":false,"_exactmetrics_skip_tracking":false,"_exactmetrics_sitenote_active":false,"_exactmetrics_sitenote_note":"","_exactmetrics_sitenote_category":0,"footnotes":""},"class_list":["post-43480","page","type-page","status-publish"],"acf":[],"yoast_head":"<!-- This site is optimized with the Yoast SEO plugin v27.3 - https:\/\/yoast.com\/product\/yoast-seo-wordpress\/ -->\n<title>Cuming County Party &#8211; Nebraska Democratic Party<\/title>\n<meta name=\"robots\" content=\"index, follow, max-snippet:-1, max-image-preview:large, max-video-preview:-1\" \/>\n<link rel=\"canonical\" href=\"https:\/\/nebraskademocrats.org\/vi\/cumingcounty\/\" \/>\n<meta property=\"og:locale\" content=\"vi_VN\" \/>\n<meta property=\"og:type\" content=\"article\" \/>\n<meta property=\"og:title\" content=\"Cuming County Party &#8211; Nebraska Democratic Party\" \/>\n<meta property=\"og:description\" content=\"Cuming County Party Leadership Jon Bailey &#8211; Chair Contact Cuming County Democrats Envelope Meetings Meetings are held at various times throughout the year. Please email us to get information for the next meeting.\u00a0 Become a Cuming CountyBlock Captain Block Captains get a list of neighbors (Democrats and moderate to left-leaning nonpartisans) to contact three times ... Read more\" \/>\n<meta property=\"og:url\" content=\"https:\/\/nebraskademocrats.org\/vi\/cumingcounty\/\" \/>\n<meta property=\"og:site_name\" content=\"Nebraska Democratic Party\" \/>\n<meta property=\"article:publisher\" content=\"https:\/\/www.facebook.com\/NebraskaDemocraticParty\/\" \/>\n<meta property=\"article:modified_time\" content=\"2025-06-05T19:04:55+00:00\" \/>\n<meta property=\"og:image\" content=\"https:\/\/nebraskademocrats.org\/wp-content\/uploads\/2019\/02\/ndp_Cuming.png\" \/>\n\t<meta property=\"og:image:width\" content=\"1600\" \/>\n\t<meta property=\"og:image:height\" content=\"820\" \/>\n\t<meta property=\"og:image:type\" content=\"image\/png\" \/>\n<meta name=\"twitter:card\" content=\"summary_large_image\" \/>\n<meta name=\"twitter:site\" content=\"@nebraskadems\" \/>\n<meta name=\"twitter:label1\" content=\"\u01af\u1edbc t\u00ednh th\u1eddi gian \u0111\u1ecdc\" \/>\n\t<meta name=\"twitter:data1\" content=\"1 ph\u00fat\" \/>\n<script type=\"application\/ld+json\" class=\"yoast-schema-graph\">{\"@context\":\"https:\\\/\\\/schema.org\",\"@graph\":[{\"@type\":\"WebPage\",\"@id\":\"https:\\\/\\\/nebraskademocrats.org\\\/cumingcounty\\\/\",\"url\":\"https:\\\/\\\/nebraskademocrats.org\\\/cumingcounty\\\/\",\"name\":\"Cuming County Party &#8211; Nebraska Democratic Party\",\"isPartOf\":{\"@id\":\"https:\\\/\\\/nebraskademocrats.org\\\/#website\"},\"primaryImageOfPage\":{\"@id\":\"https:\\\/\\\/nebraskademocrats.org\\\/cumingcounty\\\/#primaryimage\"},\"image\":{\"@id\":\"https:\\\/\\\/nebraskademocrats.org\\\/cumingcounty\\\/#primaryimage\"},\"thumbnailUrl\":\"https:\\\/\\\/nebraskademocrats.org\\\/wp-content\\\/uploads\\\/2019\\\/02\\\/ndp_Cuming-768x394.png\",\"datePublished\":\"2023-06-16T18:30:00+00:00\",\"dateModified\":\"2025-06-05T19:04:55+00:00\",\"breadcrumb\":{\"@id\":\"https:\\\/\\\/nebraskademocrats.org\\\/cumingcounty\\\/#breadcrumb\"},\"inLanguage\":\"vi\",\"potentialAction\":[{\"@type\":\"ReadAction\",\"target\":[\"https:\\\/\\\/nebraskademocrats.org\\\/cumingcounty\\\/\"]}]},{\"@type\":\"ImageObject\",\"inLanguage\":\"vi\",\"@id\":\"https:\\\/\\\/nebraskademocrats.org\\\/cumingcounty\\\/#primaryimage\",\"url\":\"https:\\\/\\\/nebraskademocrats.org\\\/wp-content\\\/uploads\\\/2019\\\/02\\\/ndp_Cuming-768x394.png\",\"contentUrl\":\"https:\\\/\\\/nebraskademocrats.org\\\/wp-content\\\/uploads\\\/2019\\\/02\\\/ndp_Cuming-768x394.png\"},{\"@type\":\"BreadcrumbList\",\"@id\":\"https:\\\/\\\/nebraskademocrats.org\\\/cumingcounty\\\/#breadcrumb\",\"itemListElement\":[{\"@type\":\"ListItem\",\"position\":1,\"name\":\"Home\",\"item\":\"https:\\\/\\\/nebraskademocrats.org\\\/\"},{\"@type\":\"ListItem\",\"position\":2,\"name\":\"Cuming County Party\"}]},{\"@type\":\"WebSite\",\"@id\":\"https:\\\/\\\/nebraskademocrats.org\\\/#website\",\"url\":\"https:\\\/\\\/nebraskademocrats.org\\\/\",\"name\":\"Nebraska Democratic Party\",\"description\":\"Growing the Good Life for All Nebraskans\",\"publisher\":{\"@id\":\"https:\\\/\\\/nebraskademocrats.org\\\/#organization\"},\"potentialAction\":[{\"@type\":\"SearchAction\",\"target\":{\"@type\":\"EntryPoint\",\"urlTemplate\":\"https:\\\/\\\/nebraskademocrats.org\\\/?s={search_term_string}\"},\"query-input\":{\"@type\":\"PropertyValueSpecification\",\"valueRequired\":true,\"valueName\":\"search_term_string\"}}],\"inLanguage\":\"vi\"},{\"@type\":\"Organization\",\"@id\":\"https:\\\/\\\/nebraskademocrats.org\\\/#organization\",\"name\":\"Nebraska Democratic Party\",\"url\":\"https:\\\/\\\/nebraskademocrats.org\\\/\",\"logo\":{\"@type\":\"ImageObject\",\"inLanguage\":\"vi\",\"@id\":\"https:\\\/\\\/nebraskademocrats.org\\\/#\\\/schema\\\/logo\\\/image\\\/\",\"url\":\"https:\\\/\\\/nebraskadem.wpenginepowered.com\\\/wp-content\\\/uploads\\\/2016\\\/05\\\/NDP2.jpg\",\"contentUrl\":\"https:\\\/\\\/nebraskadem.wpenginepowered.com\\\/wp-content\\\/uploads\\\/2016\\\/05\\\/NDP2.jpg\",\"width\":1000,\"height\":396,\"caption\":\"Nebraska Democratic Party\"},\"image\":{\"@id\":\"https:\\\/\\\/nebraskademocrats.org\\\/#\\\/schema\\\/logo\\\/image\\\/\"},\"sameAs\":[\"https:\\\/\\\/www.facebook.com\\\/NebraskaDemocraticParty\\\/\",\"https:\\\/\\\/x.com\\\/nebraskadems\"]}]}<\/script>\n<!-- \/ Yoast SEO plugin. -->","yoast_head_json":{"title":"Cuming County Party &#8211; Nebraska Democratic Party","robots":{"index":"index","follow":"follow","max-snippet":"max-snippet:-1","max-image-preview":"max-image-preview:large","max-video-preview":"max-video-preview:-1"},"canonical":"https:\/\/nebraskademocrats.org\/vi\/cumingcounty\/","og_locale":"vi_VN","og_type":"article","og_title":"Cuming County Party &#8211; Nebraska Democratic Party","og_description":"Cuming County Party Leadership Jon Bailey &#8211; Chair Contact Cuming County Democrats Envelope Meetings Meetings are held at various times throughout the year. Please email us to get information for the next meeting.\u00a0 Become a Cuming CountyBlock Captain Block Captains get a list of neighbors (Democrats and moderate to left-leaning nonpartisans) to contact three times ... Read more","og_url":"https:\/\/nebraskademocrats.org\/vi\/cumingcounty\/","og_site_name":"Nebraska Democratic Party","article_publisher":"https:\/\/www.facebook.com\/NebraskaDemocraticParty\/","article_modified_time":"2025-06-05T19:04:55+00:00","og_image":[{"width":1600,"height":820,"url":"https:\/\/nebraskademocrats.org\/wp-content\/uploads\/2019\/02\/ndp_Cuming.png","type":"image\/png"}],"twitter_card":"summary_large_image","twitter_site":"@nebraskadems","twitter_misc":{"\u01af\u1edbc t\u00ednh th\u1eddi gian \u0111\u1ecdc":"1 ph\u00fat"},"schema":{"@context":"https:\/\/schema.org","@graph":[{"@type":"WebPage","@id":"https:\/\/nebraskademocrats.org\/cumingcounty\/","url":"https:\/\/nebraskademocrats.org\/cumingcounty\/","name":"Cuming County Party &#8211; Nebraska Democratic Party","isPartOf":{"@id":"https:\/\/nebraskademocrats.org\/#website"},"primaryImageOfPage":{"@id":"https:\/\/nebraskademocrats.org\/cumingcounty\/#primaryimage"},"image":{"@id":"https:\/\/nebraskademocrats.org\/cumingcounty\/#primaryimage"},"thumbnailUrl":"https:\/\/nebraskademocrats.org\/wp-content\/uploads\/2019\/02\/ndp_Cuming-768x394.png","datePublished":"2023-06-16T18:30:00+00:00","dateModified":"2025-06-05T19:04:55+00:00","breadcrumb":{"@id":"https:\/\/nebraskademocrats.org\/cumingcounty\/#breadcrumb"},"inLanguage":"vi","potentialAction":[{"@type":"ReadAction","target":["https:\/\/nebraskademocrats.org\/cumingcounty\/"]}]},{"@type":"ImageObject","inLanguage":"vi","@id":"https:\/\/nebraskademocrats.org\/cumingcounty\/#primaryimage","url":"https:\/\/nebraskademocrats.org\/wp-content\/uploads\/2019\/02\/ndp_Cuming-768x394.png","contentUrl":"https:\/\/nebraskademocrats.org\/wp-content\/uploads\/2019\/02\/ndp_Cuming-768x394.png"},{"@type":"BreadcrumbList","@id":"https:\/\/nebraskademocrats.org\/cumingcounty\/#breadcrumb","itemListElement":[{"@type":"ListItem","position":1,"name":"Home","item":"https:\/\/nebraskademocrats.org\/"},{"@type":"ListItem","position":2,"name":"Cuming County Party"}]},{"@type":"WebSite","@id":"https:\/\/nebraskademocrats.org\/#website","url":"https:\/\/nebraskademocrats.org\/","name":"Nebraska Democratic Party","description":"Ph\u00e1t tri\u1ec3n cu\u1ed9c s\u1ed1ng t\u1ed1t \u0111\u1eb9p cho t\u1ea5t c\u1ea3 Nebraskans","publisher":{"@id":"https:\/\/nebraskademocrats.org\/#organization"},"potentialAction":[{"@type":"SearchAction","target":{"@type":"EntryPoint","urlTemplate":"https:\/\/nebraskademocrats.org\/?s={search_term_string}"},"query-input":{"@type":"PropertyValueSpecification","valueRequired":true,"valueName":"search_term_string"}}],"inLanguage":"vi"},{"@type":"Organization","@id":"https:\/\/nebraskademocrats.org\/#organization","name":"Nebraska Democratic Party","url":"https:\/\/nebraskademocrats.org\/","logo":{"@type":"ImageObject","inLanguage":"vi","@id":"https:\/\/nebraskademocrats.org\/#\/schema\/logo\/image\/","url":"https:\/\/nebraskadem.wpenginepowered.com\/wp-content\/uploads\/2016\/05\/NDP2.jpg","contentUrl":"https:\/\/nebraskadem.wpenginepowered.com\/wp-content\/uploads\/2016\/05\/NDP2.jpg","width":1000,"height":396,"caption":"Nebraska Democratic Party"},"image":{"@id":"https:\/\/nebraskademocrats.org\/#\/schema\/logo\/image\/"},"sameAs":["https:\/\/www.facebook.com\/NebraskaDemocraticParty\/","https:\/\/x.com\/nebraskadems"]}]}},"_links":{"self":[{"href":"https:\/\/nebraskademocrats.org\/vi\/wp-json\/wp\/v2\/pages\/43480","targetHints":{"allow":["GET"]}}],"collection":[{"href":"https:\/\/nebraskademocrats.org\/vi\/wp-json\/wp\/v2\/pages"}],"about":[{"href":"https:\/\/nebraskademocrats.org\/vi\/wp-json\/wp\/v2\/types\/page"}],"author":[{"embeddable":true,"href":"https:\/\/nebraskademocrats.org\/vi\/wp-json\/wp\/v2\/users\/25"}],"replies":[{"embeddable":true,"href":"https:\/\/nebraskademocrats.org\/vi\/wp-json\/wp\/v2\/comments?post=43480"}],"version-history":[{"count":0,"href":"https:\/\/nebraskademocrats.org\/vi\/wp-json\/wp\/v2\/pages\/43480\/revisions"}],"wp:attachment":[{"href":"https:\/\/nebraskademocrats.org\/vi\/wp-json\/wp\/v2\/media?parent=43480"}],"curies":[{"name":"wp","href":"https:\/\/api.w.org\/{rel}","templated":true}]}}